{"id":5297,"date":"2022-08-04T16:46:27","date_gmt":"2022-08-04T20:46:27","guid":{"rendered":"https:\/\/physiotherapy.ca\/?page_id=5297"},"modified":"2022-08-04T16:46:28","modified_gmt":"2022-08-04T20:46:28","slug":"equite","status":"publish","type":"page","link":"https:\/\/physiotherapy.ca\/fr\/equite\/","title":{"rendered":"\u00c9quit\u00e9"},"content":{"rendered":"\n<figure class=\"wp-block-image size-full is-resized\"><img loading=\"lazy\" decoding=\"async\" src=\"https:\/\/physiotherapy.ca\/app\/uploads\/2022\/08\/Equitable-Physiotherapy-Toolkit-FR.jpg\" alt=\"\" class=\"wp-image-5298\" width=\"618\" height=\"424\" srcset=\"https:\/\/physiotherapy.ca\/app\/uploads\/2022\/08\/Equitable-Physiotherapy-Toolkit-FR.jpg 618w, https:\/\/physiotherapy.ca\/app\/uploads\/2022\/08\/Equitable-Physiotherapy-Toolkit-FR-600x412.jpg 600w, https:\/\/physiotherapy.ca\/app\/uploads\/2022\/08\/Equitable-Physiotherapy-Toolkit-FR-300x206.jpg 300w, https:\/\/physiotherapy.ca\/app\/uploads\/2022\/08\/Equitable-Physiotherapy-Toolkit-FR-292x200.jpg 292w\" sizes=\"auto, (max-width: 618px) 100vw, 618px\" \/><\/figure>\n\n\n\n<h3 class=\"wp-block-heading\">La physioth\u00e9rapie \u00e9quitable: son importance et les obstacles \u00e0 sa concr\u00e9tisation<\/h3>\n\n\n\n<p><strong>Sarah Wojkowski<\/strong>, PT, membre de l&#8217;ACP depuis 2004<\/p>\n\n\n\n<p>&#8220;Le 4\u00a0novembre 2015, on a demand\u00e9 au premier ministre canadien Justin Trudeau pourquoi il \u00e9tait si important pour lui d\u2019avoir un cabinet paritaire. Sa r\u00e9ponse \u00e9tait simple\u00a0: \u00ab\u00a0Parce qu\u2019on est en 20151 .\u00a0\u00bb Cette r\u00e9ponse succincte m\u2019a amen\u00e9e \u00e0 r\u00e9fl\u00e9chir \u00e0 ma propre carri\u00e8re comme physioth\u00e9rapeute. Pourrais-je r\u00e9pondre aussi cat\u00e9goriquement si on me demandait si j\u2019ai eu une pratique \u00e9quitable?&#8230;&#8221; <a href=\"https:\/\/physiotherapy.ca\/app\/uploads\/2022\/08\/frenchweb-congress2016_1.pdf\" target=\"_blank\" rel=\"noreferrer noopener\">Lire plus.<\/a><\/p>\n\n\n\n<hr class=\"wp-block-separator is-style-wide\"\/>\n\n\n\n<h3 class=\"wp-block-heading\">Liens vid\u00e9o<\/h3>\n\n\n\n<ul class=\"wp-block-list\"><li><a href=\"https:\/\/www.youtube.com\/watch?v=QGUBBpwsBmM&amp;feature=youtu.be\">Take a Breath &#8211; Pierre\u2019s long and expensive road to a double-lung transplant (1:00 min.)<\/a><\/li><li><a href=\"https:\/\/www.youtube.com\/watch?v=kRKrwf7so2Q&amp;feature=youtu.be\">Health Quality Ontario Presents &#8211; Income and Health (2:50 min.)<\/a><\/li><\/ul>\n\n\n\n<hr class=\"wp-block-separator is-style-wide\"\/>\n\n\n\n<h3 class=\"wp-block-heading\">Articles de revue<\/h3>\n\n\n\n<ul class=\"wp-block-list\"><li><a href=\"https:\/\/www.ncbi.nlm.nih.gov\/pmc\/articles\/PMC1426185\/\">Mayberry RM, Nicewander DA, Qin H, Ballard DJ. Improving quality and reducing inequities: a challenge in achieving best care.&nbsp;<em>Proceedings (Baylor University Medical Center)<\/em>. 2006;19(2):103-118.<\/a><\/li><li><a href=\"https:\/\/www.longwoods.com\/content\/19924\/healthcare-policy\/does-equity-in-healthcare-use-vary-across-canadian-provinces-\">Allin, S. Does Equity in Healthcare Use Vary across Canadian Provinces? Healthcare Policy. 2008; 3(4): 83-99.<\/a><\/li><\/ul>\n\n\n\n<hr class=\"wp-block-separator is-style-wide\"\/>\n\n\n\n<h3 class=\"wp-block-heading\">Autres ressources<\/h3>\n\n\n\n<ul class=\"wp-block-list\"><li><a href=\"https:\/\/www.who.int\/health-topics\/health-equity#tab=tab_1\">World Health Organization: Health System Equity<\/a><\/li><li><a href=\"https:\/\/healthequity.sfsu.edu\/\">Health Equity Institute<\/a><\/li><li><a href=\"https:\/\/promotinghealthinwomen.ca\/online-course\/\">Gender Equity through Health Promotion online course<\/a><\/li><li><a href=\"https:\/\/www.wellesleyinstitute.com\/wp-content\/uploads\/2016\/07\/International-Review-of-Health-Equity-Strategies-Executive-Summary.pdf\">International Review of Health Equity Strategies: Executive Summary<\/a><\/li><\/ul>\n\n\n\n<p class=\"has-text-align-center\"><a href=\"https:\/\/physiotherapy.ca\/fr\/resource\/boite-a-outils-qualite-en-physiotherapie\/\">Retour \u00e0 la Bo\u00eete \u00e0 outils &#8216;Qualit\u00e9 en physioth\u00e9rapie&#8217;<\/a><\/p>\n","protected":false},"excerpt":{"rendered":"<p>La physioth\u00e9rapie \u00e9quitable: son importance et les obstacles \u00e0 sa concr\u00e9tisation Sarah Wojkowski, PT, membre de l&#8217;ACP depuis 2004 &#8220;Le 4\u00a0novembre 2015, on a demand\u00e9 au premier ministre canadien Justin Trudeau pourquoi il \u00e9tait si important pour lui d\u2019avoir un [&hellip;]<\/p>\n","protected":false},"author":1,"featured_media":0,"parent":0,"menu_order":0,"comment_status":"closed","ping_status":"closed","template":"","meta":{"inline_featured_image":false,"ep_exclude_from_search":false,"footnotes":""},"topic":[],"class_list":["post-5297","page","type-page","status-publish","hentry"],"acf":[],"yoast_head":"<!-- This site is optimized with the Yoast SEO plugin v24.7 - https:\/\/yoast.com\/wordpress\/plugins\/seo\/ -->\n<title>\u00c9quit\u00e9 - Canadian Physiotherapy Association<\/title>\n<meta name=\"robots\" content=\"index, follow, max-snippet:-1, max-image-preview:large, max-video-preview:-1\" \/>\n<link rel=\"canonical\" href=\"https:\/\/physiotherapy.ca\/fr\/equite\/\" \/>\n<meta property=\"og:locale\" content=\"fr_FR\" \/>\n<meta property=\"og:type\" content=\"article\" \/>\n<meta property=\"og:title\" content=\"\u00c9quit\u00e9 - Canadian Physiotherapy Association\" \/>\n<meta property=\"og:description\" content=\"La physioth\u00e9rapie \u00e9quitable: son importance et les obstacles \u00e0 sa concr\u00e9tisation Sarah Wojkowski, PT, membre de l&#8217;ACP depuis 2004 &#8220;Le 4\u00a0novembre 2015, on a demand\u00e9 au premier ministre canadien Justin Trudeau pourquoi il \u00e9tait si important pour lui d\u2019avoir un [&hellip;]\" \/>\n<meta property=\"og:url\" content=\"https:\/\/physiotherapy.ca\/fr\/equite\/\" \/>\n<meta property=\"og:site_name\" content=\"Canadian Physiotherapy Association\" \/>\n<meta property=\"article:modified_time\" content=\"2022-08-04T20:46:28+00:00\" \/>\n<meta property=\"og:image\" content=\"https:\/\/physiotherapy.ca\/app\/uploads\/2022\/08\/Equitable-Physiotherapy-Toolkit-FR.jpg\" \/>\n<meta name=\"twitter:card\" content=\"summary_large_image\" \/>\n<meta name=\"twitter:label1\" content=\"Est. reading time\" \/>\n\t<meta name=\"twitter:data1\" content=\"2 minutes\" \/>\n<script type=\"application\/ld+json\" class=\"yoast-schema-graph\">{\"@context\":\"https:\/\/schema.org\",\"@graph\":[{\"@type\":\"WebPage\",\"@id\":\"https:\/\/physiotherapy.ca\/fr\/equite\/\",\"url\":\"https:\/\/physiotherapy.ca\/fr\/equite\/\",\"name\":\"\u00c9quit\u00e9 - Canadian Physiotherapy Association\",\"isPartOf\":{\"@id\":\"https:\/\/physiotherapy.ca\/#website\"},\"primaryImageOfPage\":{\"@id\":\"https:\/\/physiotherapy.ca\/fr\/equite\/#primaryimage\"},\"image\":{\"@id\":\"https:\/\/physiotherapy.ca\/fr\/equite\/#primaryimage\"},\"thumbnailUrl\":\"https:\/\/physiotherapy.ca\/app\/uploads\/2022\/08\/Equitable-Physiotherapy-Toolkit-FR.jpg\",\"datePublished\":\"2022-08-04T20:46:27+00:00\",\"dateModified\":\"2022-08-04T20:46:28+00:00\",\"breadcrumb\":{\"@id\":\"https:\/\/physiotherapy.ca\/fr\/equite\/#breadcrumb\"},\"inLanguage\":\"fr-FR\",\"potentialAction\":[{\"@type\":\"ReadAction\",\"target\":[\"https:\/\/physiotherapy.ca\/fr\/equite\/\"]}]},{\"@type\":\"ImageObject\",\"inLanguage\":\"fr-FR\",\"@id\":\"https:\/\/physiotherapy.ca\/fr\/equite\/#primaryimage\",\"url\":\"https:\/\/physiotherapy.ca\/app\/uploads\/2022\/08\/Equitable-Physiotherapy-Toolkit-FR.jpg\",\"contentUrl\":\"https:\/\/physiotherapy.ca\/app\/uploads\/2022\/08\/Equitable-Physiotherapy-Toolkit-FR.jpg\"},{\"@type\":\"BreadcrumbList\",\"@id\":\"https:\/\/physiotherapy.ca\/fr\/equite\/#breadcrumb\",\"itemListElement\":[{\"@type\":\"ListItem\",\"position\":1,\"name\":\"Home\",\"item\":\"https:\/\/physiotherapy.ca\/fr\/\"},{\"@type\":\"ListItem\",\"position\":2,\"name\":\"\u00c9quit\u00e9\"}]},{\"@type\":\"WebSite\",\"@id\":\"https:\/\/physiotherapy.ca\/#website\",\"url\":\"https:\/\/physiotherapy.ca\/\",\"name\":\"Canadian Physiotherapy Association\",\"description\":\"The Canadian Physiotherapy Association (CPA) represents over 16,000 physiotherapy professionals and students across Canada.\",\"potentialAction\":[{\"@type\":\"SearchAction\",\"target\":{\"@type\":\"EntryPoint\",\"urlTemplate\":\"https:\/\/physiotherapy.ca\/?s={search_term_string}\"},\"query-input\":{\"@type\":\"PropertyValueSpecification\",\"valueRequired\":true,\"valueName\":\"search_term_string\"}}],\"inLanguage\":\"fr-FR\"}]}<\/script>\n<!-- \/ Yoast SEO plugin. -->","yoast_head_json":{"title":"\u00c9quit\u00e9 - Canadian Physiotherapy Association","robots":{"index":"index","follow":"follow","max-snippet":"max-snippet:-1","max-image-preview":"max-image-preview:large","max-video-preview":"max-video-preview:-1"},"canonical":"https:\/\/physiotherapy.ca\/fr\/equite\/","og_locale":"fr_FR","og_type":"article","og_title":"\u00c9quit\u00e9 - Canadian Physiotherapy Association","og_description":"La physioth\u00e9rapie \u00e9quitable: son importance et les obstacles \u00e0 sa concr\u00e9tisation Sarah Wojkowski, PT, membre de l&#8217;ACP depuis 2004 &#8220;Le 4\u00a0novembre 2015, on a demand\u00e9 au premier ministre canadien Justin Trudeau pourquoi il \u00e9tait si important pour lui d\u2019avoir un [&hellip;]","og_url":"https:\/\/physiotherapy.ca\/fr\/equite\/","og_site_name":"Canadian Physiotherapy Association","article_modified_time":"2022-08-04T20:46:28+00:00","og_image":[{"url":"https:\/\/physiotherapy.ca\/app\/uploads\/2022\/08\/Equitable-Physiotherapy-Toolkit-FR.jpg","type":"","width":"","height":""}],"twitter_card":"summary_large_image","twitter_misc":{"Est. reading time":"2 minutes"},"schema":{"@context":"https:\/\/schema.org","@graph":[{"@type":"WebPage","@id":"https:\/\/physiotherapy.ca\/fr\/equite\/","url":"https:\/\/physiotherapy.ca\/fr\/equite\/","name":"\u00c9quit\u00e9 - Canadian Physiotherapy Association","isPartOf":{"@id":"https:\/\/physiotherapy.ca\/#website"},"primaryImageOfPage":{"@id":"https:\/\/physiotherapy.ca\/fr\/equite\/#primaryimage"},"image":{"@id":"https:\/\/physiotherapy.ca\/fr\/equite\/#primaryimage"},"thumbnailUrl":"https:\/\/physiotherapy.ca\/app\/uploads\/2022\/08\/Equitable-Physiotherapy-Toolkit-FR.jpg","datePublished":"2022-08-04T20:46:27+00:00","dateModified":"2022-08-04T20:46:28+00:00","breadcrumb":{"@id":"https:\/\/physiotherapy.ca\/fr\/equite\/#breadcrumb"},"inLanguage":"fr-FR","potentialAction":[{"@type":"ReadAction","target":["https:\/\/physiotherapy.ca\/fr\/equite\/"]}]},{"@type":"ImageObject","inLanguage":"fr-FR","@id":"https:\/\/physiotherapy.ca\/fr\/equite\/#primaryimage","url":"https:\/\/physiotherapy.ca\/app\/uploads\/2022\/08\/Equitable-Physiotherapy-Toolkit-FR.jpg","contentUrl":"https:\/\/physiotherapy.ca\/app\/uploads\/2022\/08\/Equitable-Physiotherapy-Toolkit-FR.jpg"},{"@type":"BreadcrumbList","@id":"https:\/\/physiotherapy.ca\/fr\/equite\/#breadcrumb","itemListElement":[{"@type":"ListItem","position":1,"name":"Home","item":"https:\/\/physiotherapy.ca\/fr\/"},{"@type":"ListItem","position":2,"name":"\u00c9quit\u00e9"}]},{"@type":"WebSite","@id":"https:\/\/physiotherapy.ca\/#website","url":"https:\/\/physiotherapy.ca\/","name":"Canadian Physiotherapy Association","description":"The Canadian Physiotherapy Association (CPA) represents over 16,000 physiotherapy professionals and students across Canada.","potentialAction":[{"@type":"SearchAction","target":{"@type":"EntryPoint","urlTemplate":"https:\/\/physiotherapy.ca\/?s={search_term_string}"},"query-input":{"@type":"PropertyValueSpecification","valueRequired":true,"valueName":"search_term_string"}}],"inLanguage":"fr-FR"}]}},"_links":{"self":[{"href":"https:\/\/physiotherapy.ca\/fr\/wp-json\/wp\/v2\/pages\/5297","targetHints":{"allow":["GET"]}}],"collection":[{"href":"https:\/\/physiotherapy.ca\/fr\/wp-json\/wp\/v2\/pages"}],"about":[{"href":"https:\/\/physiotherapy.ca\/fr\/wp-json\/wp\/v2\/types\/page"}],"author":[{"embeddable":true,"href":"https:\/\/physiotherapy.ca\/fr\/wp-json\/wp\/v2\/users\/1"}],"replies":[{"embeddable":true,"href":"https:\/\/physiotherapy.ca\/fr\/wp-json\/wp\/v2\/comments?post=5297"}],"version-history":[{"count":4,"href":"https:\/\/physiotherapy.ca\/fr\/wp-json\/wp\/v2\/pages\/5297\/revisions"}],"predecessor-version":[{"id":5309,"href":"https:\/\/physiotherapy.ca\/fr\/wp-json\/wp\/v2\/pages\/5297\/revisions\/5309"}],"wp:attachment":[{"href":"https:\/\/physiotherapy.ca\/fr\/wp-json\/wp\/v2\/media?parent=5297"}],"wp:term":[{"taxonomy":"topic","embeddable":true,"href":"https:\/\/physiotherapy.ca\/fr\/wp-json\/wp\/v2\/topic?post=5297"}],"curies":[{"name":"wp","href":"https:\/\/api.w.org\/{rel}","templated":true}]}}