{"id":5541,"date":"2022-08-05T14:27:46","date_gmt":"2022-08-05T18:27:46","guid":{"rendered":"https:\/\/physiotherapy.ca\/?page_id=5541"},"modified":"2025-08-29T09:57:52","modified_gmt":"2025-08-29T13:57:52","slug":"fondation-de-physiotherapie-du-canada","status":"publish","type":"page","link":"https:\/\/physiotherapy.ca\/fr\/lassociation\/fondation-de-physiotherapie-du-canada\/","title":{"rendered":"Fondation de physioth\u00e9rapie du Canada"},"content":{"rendered":"\n<h2 class=\"wp-block-heading\"><strong>Notre Mission<\/strong><\/h2>\n\n\n\n<p>La Fondation de physioth\u00e9rapie du Canada est un organisme de bienfaisance national qui subventionne la recherche et l&#8217;\u00e9ducation en physioth\u00e9rapie au Canada afin d\u2019am\u00e9liorer la mobilit\u00e9, la sant\u00e9 et le mieux-\u00eatre.<\/p>\n\n\n\n<h2 class=\"wp-block-heading\"><strong>Objectifs<\/strong><\/h2>\n\n\n\n<ul class=\"wp-block-list\">\n<li>Subventionner des \u00e9tudes en physioth\u00e9rapie<\/li>\n\n\n\n<li>Renforcer les capacit\u00e9s de recherche par l\u2019octroi de&nbsp;bourses d\u2019\u00e9tudes<\/li>\n\n\n\n<li>Souligner les r\u00e9alisations en recherche en r\u00e9adaptation<\/li>\n\n\n\n<li>\u00c9tablir des partenariats strat\u00e9giques avec les acteurs de la profession&nbsp;: cliniques, entreprises, universit\u00e9s,&nbsp;individus<\/li>\n<\/ul>\n\n\n\n<h2 class=\"wp-block-heading\"><strong>Comment on le fait<\/strong><\/h2>\n\n\n\n<p>Depuis plus de 40 ans, la FPC a d\u00e9cern\u00e9 plus de 1,25 million de dollars en bourses et subventions \u00e0 d\u2019\u00e9minents chercheurs cliniques canadien. Notre \u0153uvre est financ\u00e9e par les g\u00e9n\u00e9reux dons d\u00e9ductibles d\u2019imp\u00f4t d\u2019individus, de fondations et d\u2019entreprises.<\/p>\n\n\n\n<h2 class=\"wp-block-heading\"><strong>Comment faire un don<\/strong><\/h2>\n\n\n\n<p>La Fondation de physioth\u00e9rapie du Canada accepte les dons sous diff\u00e9rentes formes, y compris les dons directs, les dons mensuels et les legs. Consultez <a href=\"https:\/\/physiotherapy.ca\/fr\/fondation-de-physiotherapie-du-canada\/donnez-a-la-fondation-de-physiotherapie-du-canada\/\">cette page<\/a>&nbsp;pour trouver celle qui vous convient le mieux.<\/p>\n\n\n\n<h2 class=\"wp-block-heading\"><strong>Pr\u00e9senter sa candidature pour un prix<\/strong><\/h2>\n\n\n\n<p>Visitez\u00a0<a href=\"https:\/\/physiotherapy.ca\/fr\/fondation-de-physiotherapie-du-canada\/programme-de-subventions-et-bourses-de-la-fondation-de-physiotherapie-du-canada\/\" target=\"_blank\" rel=\"noreferrer noopener\">cette page<\/a>\u00a0pour en savoir plus sur nos prix et sur le processus de candidature.<\/p>\n\n\n\n<p><\/p>\n","protected":false},"excerpt":{"rendered":"<p>Notre Mission La Fondation de physioth\u00e9rapie du Canada est un organisme de bienfaisance national qui subventionne la recherche et l&#8217;\u00e9ducation en physioth\u00e9rapie au Canada afin d\u2019am\u00e9liorer la mobilit\u00e9, la sant\u00e9 et le mieux-\u00eatre. Objectifs Comment on le fait Depuis plus [&hellip;]<\/p>\n","protected":false},"author":1,"featured_media":0,"parent":4210,"menu_order":5,"comment_status":"closed","ping_status":"closed","template":"","meta":{"inline_featured_image":false,"ep_exclude_from_search":false,"footnotes":""},"topic":[],"class_list":["post-5541","page","type-page","status-publish","hentry"],"acf":[],"yoast_head":"<!-- This site is optimized with the Yoast SEO plugin v24.7 - https:\/\/yoast.com\/wordpress\/plugins\/seo\/ -->\n<title>Fondation de physioth\u00e9rapie du Canada - Canadian Physiotherapy Association<\/title>\n<meta name=\"robots\" content=\"index, follow, max-snippet:-1, max-image-preview:large, max-video-preview:-1\" \/>\n<link rel=\"canonical\" href=\"https:\/\/physiotherapy.ca\/fr\/lassociation\/fondation-de-physiotherapie-du-canada\/\" \/>\n<meta property=\"og:locale\" content=\"fr_FR\" \/>\n<meta property=\"og:type\" content=\"article\" \/>\n<meta property=\"og:title\" content=\"Fondation de physioth\u00e9rapie du Canada - Canadian Physiotherapy Association\" \/>\n<meta property=\"og:description\" content=\"Notre Mission La Fondation de physioth\u00e9rapie du Canada est un organisme de bienfaisance national qui subventionne la recherche et l&#8217;\u00e9ducation en physioth\u00e9rapie au Canada afin d\u2019am\u00e9liorer la mobilit\u00e9, la sant\u00e9 et le mieux-\u00eatre. Objectifs Comment on le fait Depuis plus [&hellip;]\" \/>\n<meta property=\"og:url\" content=\"https:\/\/physiotherapy.ca\/fr\/lassociation\/fondation-de-physiotherapie-du-canada\/\" \/>\n<meta property=\"og:site_name\" content=\"Canadian Physiotherapy Association\" \/>\n<meta property=\"article:modified_time\" content=\"2025-08-29T13:57:52+00:00\" \/>\n<meta name=\"twitter:card\" content=\"summary_large_image\" \/>\n<meta name=\"twitter:label1\" content=\"Est. reading time\" \/>\n\t<meta name=\"twitter:data1\" content=\"1 minute\" \/>\n<script type=\"application\/ld+json\" class=\"yoast-schema-graph\">{\"@context\":\"https:\/\/schema.org\",\"@graph\":[{\"@type\":\"WebPage\",\"@id\":\"https:\/\/physiotherapy.ca\/fr\/lassociation\/fondation-de-physiotherapie-du-canada\/\",\"url\":\"https:\/\/physiotherapy.ca\/fr\/lassociation\/fondation-de-physiotherapie-du-canada\/\",\"name\":\"Fondation de physioth\u00e9rapie du Canada - Canadian Physiotherapy Association\",\"isPartOf\":{\"@id\":\"https:\/\/physiotherapy.ca\/#website\"},\"datePublished\":\"2022-08-05T18:27:46+00:00\",\"dateModified\":\"2025-08-29T13:57:52+00:00\",\"breadcrumb\":{\"@id\":\"https:\/\/physiotherapy.ca\/fr\/lassociation\/fondation-de-physiotherapie-du-canada\/#breadcrumb\"},\"inLanguage\":\"fr-FR\",\"potentialAction\":[{\"@type\":\"ReadAction\",\"target\":[\"https:\/\/physiotherapy.ca\/fr\/lassociation\/fondation-de-physiotherapie-du-canada\/\"]}]},{\"@type\":\"BreadcrumbList\",\"@id\":\"https:\/\/physiotherapy.ca\/fr\/lassociation\/fondation-de-physiotherapie-du-canada\/#breadcrumb\",\"itemListElement\":[{\"@type\":\"ListItem\",\"position\":1,\"name\":\"Home\",\"item\":\"https:\/\/physiotherapy.ca\/fr\/\"},{\"@type\":\"ListItem\",\"position\":2,\"name\":\"L&#8217;Association\",\"item\":\"https:\/\/physiotherapy.ca\/fr\/lassociation\/\"},{\"@type\":\"ListItem\",\"position\":3,\"name\":\"Fondation de physioth\u00e9rapie du Canada\"}]},{\"@type\":\"WebSite\",\"@id\":\"https:\/\/physiotherapy.ca\/#website\",\"url\":\"https:\/\/physiotherapy.ca\/\",\"name\":\"Canadian Physiotherapy Association\",\"description\":\"The Canadian Physiotherapy Association (CPA) represents over 16,000 physiotherapy professionals and students across Canada.\",\"potentialAction\":[{\"@type\":\"SearchAction\",\"target\":{\"@type\":\"EntryPoint\",\"urlTemplate\":\"https:\/\/physiotherapy.ca\/?s={search_term_string}\"},\"query-input\":{\"@type\":\"PropertyValueSpecification\",\"valueRequired\":true,\"valueName\":\"search_term_string\"}}],\"inLanguage\":\"fr-FR\"}]}<\/script>\n<!-- \/ Yoast SEO plugin. -->","yoast_head_json":{"title":"Fondation de physioth\u00e9rapie du Canada - Canadian Physiotherapy Association","robots":{"index":"index","follow":"follow","max-snippet":"max-snippet:-1","max-image-preview":"max-image-preview:large","max-video-preview":"max-video-preview:-1"},"canonical":"https:\/\/physiotherapy.ca\/fr\/lassociation\/fondation-de-physiotherapie-du-canada\/","og_locale":"fr_FR","og_type":"article","og_title":"Fondation de physioth\u00e9rapie du Canada - Canadian Physiotherapy Association","og_description":"Notre Mission La Fondation de physioth\u00e9rapie du Canada est un organisme de bienfaisance national qui subventionne la recherche et l&#8217;\u00e9ducation en physioth\u00e9rapie au Canada afin d\u2019am\u00e9liorer la mobilit\u00e9, la sant\u00e9 et le mieux-\u00eatre. Objectifs Comment on le fait Depuis plus [&hellip;]","og_url":"https:\/\/physiotherapy.ca\/fr\/lassociation\/fondation-de-physiotherapie-du-canada\/","og_site_name":"Canadian Physiotherapy Association","article_modified_time":"2025-08-29T13:57:52+00:00","twitter_card":"summary_large_image","twitter_misc":{"Est. reading time":"1 minute"},"schema":{"@context":"https:\/\/schema.org","@graph":[{"@type":"WebPage","@id":"https:\/\/physiotherapy.ca\/fr\/lassociation\/fondation-de-physiotherapie-du-canada\/","url":"https:\/\/physiotherapy.ca\/fr\/lassociation\/fondation-de-physiotherapie-du-canada\/","name":"Fondation de physioth\u00e9rapie du Canada - Canadian Physiotherapy Association","isPartOf":{"@id":"https:\/\/physiotherapy.ca\/#website"},"datePublished":"2022-08-05T18:27:46+00:00","dateModified":"2025-08-29T13:57:52+00:00","breadcrumb":{"@id":"https:\/\/physiotherapy.ca\/fr\/lassociation\/fondation-de-physiotherapie-du-canada\/#breadcrumb"},"inLanguage":"fr-FR","potentialAction":[{"@type":"ReadAction","target":["https:\/\/physiotherapy.ca\/fr\/lassociation\/fondation-de-physiotherapie-du-canada\/"]}]},{"@type":"BreadcrumbList","@id":"https:\/\/physiotherapy.ca\/fr\/lassociation\/fondation-de-physiotherapie-du-canada\/#breadcrumb","itemListElement":[{"@type":"ListItem","position":1,"name":"Home","item":"https:\/\/physiotherapy.ca\/fr\/"},{"@type":"ListItem","position":2,"name":"L&#8217;Association","item":"https:\/\/physiotherapy.ca\/fr\/lassociation\/"},{"@type":"ListItem","position":3,"name":"Fondation de physioth\u00e9rapie du Canada"}]},{"@type":"WebSite","@id":"https:\/\/physiotherapy.ca\/#website","url":"https:\/\/physiotherapy.ca\/","name":"Canadian Physiotherapy Association","description":"The Canadian Physiotherapy Association (CPA) represents over 16,000 physiotherapy professionals and students across Canada.","potentialAction":[{"@type":"SearchAction","target":{"@type":"EntryPoint","urlTemplate":"https:\/\/physiotherapy.ca\/?s={search_term_string}"},"query-input":{"@type":"PropertyValueSpecification","valueRequired":true,"valueName":"search_term_string"}}],"inLanguage":"fr-FR"}]}},"_links":{"self":[{"href":"https:\/\/physiotherapy.ca\/fr\/wp-json\/wp\/v2\/pages\/5541","targetHints":{"allow":["GET"]}}],"collection":[{"href":"https:\/\/physiotherapy.ca\/fr\/wp-json\/wp\/v2\/pages"}],"about":[{"href":"https:\/\/physiotherapy.ca\/fr\/wp-json\/wp\/v2\/types\/page"}],"author":[{"embeddable":true,"href":"https:\/\/physiotherapy.ca\/fr\/wp-json\/wp\/v2\/users\/1"}],"replies":[{"embeddable":true,"href":"https:\/\/physiotherapy.ca\/fr\/wp-json\/wp\/v2\/comments?post=5541"}],"version-history":[{"count":12,"href":"https:\/\/physiotherapy.ca\/fr\/wp-json\/wp\/v2\/pages\/5541\/revisions"}],"predecessor-version":[{"id":277120,"href":"https:\/\/physiotherapy.ca\/fr\/wp-json\/wp\/v2\/pages\/5541\/revisions\/277120"}],"up":[{"embeddable":true,"href":"https:\/\/physiotherapy.ca\/fr\/wp-json\/wp\/v2\/pages\/4210"}],"wp:attachment":[{"href":"https:\/\/physiotherapy.ca\/fr\/wp-json\/wp\/v2\/media?parent=5541"}],"wp:term":[{"taxonomy":"topic","embeddable":true,"href":"https:\/\/physiotherapy.ca\/fr\/wp-json\/wp\/v2\/topic?post=5541"}],"curies":[{"name":"wp","href":"https:\/\/api.w.org\/{rel}","templated":true}]}}