{"id":5693,"date":"2022-08-05T15:57:03","date_gmt":"2022-08-05T19:57:03","guid":{"rendered":"https:\/\/physiotherapy.ca\/?page_id=5693"},"modified":"2023-01-11T12:08:22","modified_gmt":"2023-01-11T17:08:22","slug":"programme-de-prix-fpc","status":"publish","type":"page","link":"https:\/\/physiotherapy.ca\/fr\/lassociation\/fondation-de-physiotherapie-du-canada\/programme-de-prix-fpc\/","title":{"rendered":"Programme de prix de la Fondation de physioth\u00e9rapie du Canada"},"content":{"rendered":"\n<figure class=\"wp-block-image size-full\"><img loading=\"lazy\" decoding=\"async\" width=\"1000\" height=\"202\" src=\"https:\/\/physiotherapy.ca\/app\/uploads\/2023\/01\/Untitled-design-10.png\" alt=\"\" class=\"wp-image-87987\" srcset=\"https:\/\/physiotherapy.ca\/app\/uploads\/2023\/01\/Untitled-design-10.png 1000w, https:\/\/physiotherapy.ca\/app\/uploads\/2023\/01\/Untitled-design-10-600x121.png 600w, https:\/\/physiotherapy.ca\/app\/uploads\/2023\/01\/Untitled-design-10-300x61.png 300w, https:\/\/physiotherapy.ca\/app\/uploads\/2023\/01\/Untitled-design-10-768x155.png 768w, https:\/\/physiotherapy.ca\/app\/uploads\/2023\/01\/Untitled-design-10-390x79.png 390w\" sizes=\"auto, (max-width: 1000px) 100vw, 1000px\" \/><\/figure>\n\n\n\n<div style=\"height:44px\" aria-hidden=\"true\" class=\"wp-block-spacer\"><\/div>\n\n\n\n<p>Apr\u00e8s une pause de deux ans due \u00e0 la pand\u00e9mie, nous avons le plaisir d\u2019annoncer que notre programme de prix reprend vie! La p\u00e9riode de candidature sera ouverte 2023, et les prix seront d\u00e9cern\u00e9s au printemps&nbsp;2023.<\/p>\n\n\n\n<p>Nous vous donnerons plus de d\u00e9tails sur le cycle&nbsp;2023 dans les mois qui viennent, notamment sur les prix et la fa\u00e7on de pr\u00e9senter sa candidature. Si vous avez des questions, n\u2019h\u00e9sitez pas \u00e0 nous les poser \u00e0&nbsp;<a href=\"mailto:foundation@physiotherapy.ca\" rel=\"noreferrer noopener\" target=\"_blank\">foundation@physiotherapy.ca<\/a>.<\/p>\n","protected":false},"excerpt":{"rendered":"<p>Apr\u00e8s une pause de deux ans due \u00e0 la pand\u00e9mie, nous avons le plaisir d\u2019annoncer que notre programme de prix reprend vie! La p\u00e9riode de candidature sera ouverte 2023, et les prix seront d\u00e9cern\u00e9s au printemps&nbsp;2023. Nous vous donnerons plus [&hellip;]<\/p>\n","protected":false},"author":1,"featured_media":0,"parent":5541,"menu_order":2,"comment_status":"closed","ping_status":"closed","template":"","meta":{"inline_featured_image":false,"ep_exclude_from_search":false,"footnotes":""},"topic":[],"class_list":["post-5693","page","type-page","status-publish","hentry"],"acf":[],"yoast_head":"<!-- This site is optimized with the Yoast SEO plugin v24.7 - https:\/\/yoast.com\/wordpress\/plugins\/seo\/ -->\n<title>Programme de prix de la Fondation de physioth\u00e9rapie du Canada - Canadian Physiotherapy Association<\/title>\n<meta name=\"robots\" content=\"index, follow, max-snippet:-1, max-image-preview:large, max-video-preview:-1\" \/>\n<link rel=\"canonical\" href=\"https:\/\/physiotherapy.ca\/fr\/lassociation\/fondation-de-physiotherapie-du-canada\/programme-de-prix-fpc\/\" \/>\n<meta property=\"og:locale\" content=\"fr_FR\" \/>\n<meta property=\"og:type\" content=\"article\" \/>\n<meta property=\"og:title\" content=\"Programme de prix de la Fondation de physioth\u00e9rapie du Canada - Canadian Physiotherapy Association\" \/>\n<meta property=\"og:description\" content=\"Apr\u00e8s une pause de deux ans due \u00e0 la pand\u00e9mie, nous avons le plaisir d\u2019annoncer que notre programme de prix reprend vie! La p\u00e9riode de candidature sera ouverte 2023, et les prix seront d\u00e9cern\u00e9s au printemps&nbsp;2023. Nous vous donnerons plus [&hellip;]\" \/>\n<meta property=\"og:url\" content=\"https:\/\/physiotherapy.ca\/fr\/lassociation\/fondation-de-physiotherapie-du-canada\/programme-de-prix-fpc\/\" \/>\n<meta property=\"og:site_name\" content=\"Canadian Physiotherapy Association\" \/>\n<meta property=\"article:modified_time\" content=\"2023-01-11T17:08:22+00:00\" \/>\n<meta property=\"og:image\" content=\"https:\/\/physiotherapy.ca\/app\/uploads\/2023\/01\/Untitled-design-10.png\" \/>\n<meta name=\"twitter:card\" content=\"summary_large_image\" \/>\n<meta name=\"twitter:label1\" content=\"Est. reading time\" \/>\n\t<meta name=\"twitter:data1\" content=\"1 minute\" \/>\n<script type=\"application\/ld+json\" class=\"yoast-schema-graph\">{\"@context\":\"https:\/\/schema.org\",\"@graph\":[{\"@type\":\"WebPage\",\"@id\":\"https:\/\/physiotherapy.ca\/fr\/lassociation\/fondation-de-physiotherapie-du-canada\/programme-de-prix-fpc\/\",\"url\":\"https:\/\/physiotherapy.ca\/fr\/lassociation\/fondation-de-physiotherapie-du-canada\/programme-de-prix-fpc\/\",\"name\":\"Programme de prix de la Fondation de physioth\u00e9rapie du Canada - Canadian Physiotherapy Association\",\"isPartOf\":{\"@id\":\"https:\/\/physiotherapy.ca\/#website\"},\"primaryImageOfPage\":{\"@id\":\"https:\/\/physiotherapy.ca\/fr\/lassociation\/fondation-de-physiotherapie-du-canada\/programme-de-prix-fpc\/#primaryimage\"},\"image\":{\"@id\":\"https:\/\/physiotherapy.ca\/fr\/lassociation\/fondation-de-physiotherapie-du-canada\/programme-de-prix-fpc\/#primaryimage\"},\"thumbnailUrl\":\"https:\/\/physiotherapy.ca\/app\/uploads\/2023\/01\/Untitled-design-10.png\",\"datePublished\":\"2022-08-05T19:57:03+00:00\",\"dateModified\":\"2023-01-11T17:08:22+00:00\",\"breadcrumb\":{\"@id\":\"https:\/\/physiotherapy.ca\/fr\/lassociation\/fondation-de-physiotherapie-du-canada\/programme-de-prix-fpc\/#breadcrumb\"},\"inLanguage\":\"fr-FR\",\"potentialAction\":[{\"@type\":\"ReadAction\",\"target\":[\"https:\/\/physiotherapy.ca\/fr\/lassociation\/fondation-de-physiotherapie-du-canada\/programme-de-prix-fpc\/\"]}]},{\"@type\":\"ImageObject\",\"inLanguage\":\"fr-FR\",\"@id\":\"https:\/\/physiotherapy.ca\/fr\/lassociation\/fondation-de-physiotherapie-du-canada\/programme-de-prix-fpc\/#primaryimage\",\"url\":\"https:\/\/physiotherapy.ca\/app\/uploads\/2023\/01\/Untitled-design-10.png\",\"contentUrl\":\"https:\/\/physiotherapy.ca\/app\/uploads\/2023\/01\/Untitled-design-10.png\"},{\"@type\":\"BreadcrumbList\",\"@id\":\"https:\/\/physiotherapy.ca\/fr\/lassociation\/fondation-de-physiotherapie-du-canada\/programme-de-prix-fpc\/#breadcrumb\",\"itemListElement\":[{\"@type\":\"ListItem\",\"position\":1,\"name\":\"Home\",\"item\":\"https:\/\/physiotherapy.ca\/fr\/\"},{\"@type\":\"ListItem\",\"position\":2,\"name\":\"L&#8217;Association\",\"item\":\"https:\/\/physiotherapy.ca\/fr\/lassociation\/\"},{\"@type\":\"ListItem\",\"position\":3,\"name\":\"Fondation de physioth\u00e9rapie du Canada\",\"item\":\"https:\/\/physiotherapy.ca\/fr\/lassociation\/fondation-de-physiotherapie-du-canada\/\"},{\"@type\":\"ListItem\",\"position\":4,\"name\":\"Programme de prix de la Fondation de physioth\u00e9rapie du Canada\"}]},{\"@type\":\"WebSite\",\"@id\":\"https:\/\/physiotherapy.ca\/#website\",\"url\":\"https:\/\/physiotherapy.ca\/\",\"name\":\"Canadian Physiotherapy Association\",\"description\":\"The Canadian Physiotherapy Association (CPA) represents over 16,000 physiotherapy professionals and students across Canada.\",\"potentialAction\":[{\"@type\":\"SearchAction\",\"target\":{\"@type\":\"EntryPoint\",\"urlTemplate\":\"https:\/\/physiotherapy.ca\/?s={search_term_string}\"},\"query-input\":{\"@type\":\"PropertyValueSpecification\",\"valueRequired\":true,\"valueName\":\"search_term_string\"}}],\"inLanguage\":\"fr-FR\"}]}<\/script>\n<!-- \/ Yoast SEO plugin. -->","yoast_head_json":{"title":"Programme de prix de la Fondation de physioth\u00e9rapie du Canada - Canadian Physiotherapy Association","robots":{"index":"index","follow":"follow","max-snippet":"max-snippet:-1","max-image-preview":"max-image-preview:large","max-video-preview":"max-video-preview:-1"},"canonical":"https:\/\/physiotherapy.ca\/fr\/lassociation\/fondation-de-physiotherapie-du-canada\/programme-de-prix-fpc\/","og_locale":"fr_FR","og_type":"article","og_title":"Programme de prix de la Fondation de physioth\u00e9rapie du Canada - Canadian Physiotherapy Association","og_description":"Apr\u00e8s une pause de deux ans due \u00e0 la pand\u00e9mie, nous avons le plaisir d\u2019annoncer que notre programme de prix reprend vie! La p\u00e9riode de candidature sera ouverte 2023, et les prix seront d\u00e9cern\u00e9s au printemps&nbsp;2023. Nous vous donnerons plus [&hellip;]","og_url":"https:\/\/physiotherapy.ca\/fr\/lassociation\/fondation-de-physiotherapie-du-canada\/programme-de-prix-fpc\/","og_site_name":"Canadian Physiotherapy Association","article_modified_time":"2023-01-11T17:08:22+00:00","og_image":[{"url":"https:\/\/physiotherapy.ca\/app\/uploads\/2023\/01\/Untitled-design-10.png","type":"","width":"","height":""}],"twitter_card":"summary_large_image","twitter_misc":{"Est. reading time":"1 minute"},"schema":{"@context":"https:\/\/schema.org","@graph":[{"@type":"WebPage","@id":"https:\/\/physiotherapy.ca\/fr\/lassociation\/fondation-de-physiotherapie-du-canada\/programme-de-prix-fpc\/","url":"https:\/\/physiotherapy.ca\/fr\/lassociation\/fondation-de-physiotherapie-du-canada\/programme-de-prix-fpc\/","name":"Programme de prix de la Fondation de physioth\u00e9rapie du Canada - Canadian Physiotherapy Association","isPartOf":{"@id":"https:\/\/physiotherapy.ca\/#website"},"primaryImageOfPage":{"@id":"https:\/\/physiotherapy.ca\/fr\/lassociation\/fondation-de-physiotherapie-du-canada\/programme-de-prix-fpc\/#primaryimage"},"image":{"@id":"https:\/\/physiotherapy.ca\/fr\/lassociation\/fondation-de-physiotherapie-du-canada\/programme-de-prix-fpc\/#primaryimage"},"thumbnailUrl":"https:\/\/physiotherapy.ca\/app\/uploads\/2023\/01\/Untitled-design-10.png","datePublished":"2022-08-05T19:57:03+00:00","dateModified":"2023-01-11T17:08:22+00:00","breadcrumb":{"@id":"https:\/\/physiotherapy.ca\/fr\/lassociation\/fondation-de-physiotherapie-du-canada\/programme-de-prix-fpc\/#breadcrumb"},"inLanguage":"fr-FR","potentialAction":[{"@type":"ReadAction","target":["https:\/\/physiotherapy.ca\/fr\/lassociation\/fondation-de-physiotherapie-du-canada\/programme-de-prix-fpc\/"]}]},{"@type":"ImageObject","inLanguage":"fr-FR","@id":"https:\/\/physiotherapy.ca\/fr\/lassociation\/fondation-de-physiotherapie-du-canada\/programme-de-prix-fpc\/#primaryimage","url":"https:\/\/physiotherapy.ca\/app\/uploads\/2023\/01\/Untitled-design-10.png","contentUrl":"https:\/\/physiotherapy.ca\/app\/uploads\/2023\/01\/Untitled-design-10.png"},{"@type":"BreadcrumbList","@id":"https:\/\/physiotherapy.ca\/fr\/lassociation\/fondation-de-physiotherapie-du-canada\/programme-de-prix-fpc\/#breadcrumb","itemListElement":[{"@type":"ListItem","position":1,"name":"Home","item":"https:\/\/physiotherapy.ca\/fr\/"},{"@type":"ListItem","position":2,"name":"L&#8217;Association","item":"https:\/\/physiotherapy.ca\/fr\/lassociation\/"},{"@type":"ListItem","position":3,"name":"Fondation de physioth\u00e9rapie du Canada","item":"https:\/\/physiotherapy.ca\/fr\/lassociation\/fondation-de-physiotherapie-du-canada\/"},{"@type":"ListItem","position":4,"name":"Programme de prix de la Fondation de physioth\u00e9rapie du Canada"}]},{"@type":"WebSite","@id":"https:\/\/physiotherapy.ca\/#website","url":"https:\/\/physiotherapy.ca\/","name":"Canadian Physiotherapy Association","description":"The Canadian Physiotherapy Association (CPA) represents over 16,000 physiotherapy professionals and students across Canada.","potentialAction":[{"@type":"SearchAction","target":{"@type":"EntryPoint","urlTemplate":"https:\/\/physiotherapy.ca\/?s={search_term_string}"},"query-input":{"@type":"PropertyValueSpecification","valueRequired":true,"valueName":"search_term_string"}}],"inLanguage":"fr-FR"}]}},"_links":{"self":[{"href":"https:\/\/physiotherapy.ca\/fr\/wp-json\/wp\/v2\/pages\/5693","targetHints":{"allow":["GET"]}}],"collection":[{"href":"https:\/\/physiotherapy.ca\/fr\/wp-json\/wp\/v2\/pages"}],"about":[{"href":"https:\/\/physiotherapy.ca\/fr\/wp-json\/wp\/v2\/types\/page"}],"author":[{"embeddable":true,"href":"https:\/\/physiotherapy.ca\/fr\/wp-json\/wp\/v2\/users\/1"}],"replies":[{"embeddable":true,"href":"https:\/\/physiotherapy.ca\/fr\/wp-json\/wp\/v2\/comments?post=5693"}],"version-history":[{"count":4,"href":"https:\/\/physiotherapy.ca\/fr\/wp-json\/wp\/v2\/pages\/5693\/revisions"}],"predecessor-version":[{"id":87990,"href":"https:\/\/physiotherapy.ca\/fr\/wp-json\/wp\/v2\/pages\/5693\/revisions\/87990"}],"up":[{"embeddable":true,"href":"https:\/\/physiotherapy.ca\/fr\/wp-json\/wp\/v2\/pages\/5541"}],"wp:attachment":[{"href":"https:\/\/physiotherapy.ca\/fr\/wp-json\/wp\/v2\/media?parent=5693"}],"wp:term":[{"taxonomy":"topic","embeddable":true,"href":"https:\/\/physiotherapy.ca\/fr\/wp-json\/wp\/v2\/topic?post=5693"}],"curies":[{"name":"wp","href":"https:\/\/api.w.org\/{rel}","templated":true}]}}