{"id":6085,"date":"2022-08-08T12:57:48","date_gmt":"2022-08-08T16:57:48","guid":{"rendered":"https:\/\/physiotherapy.ca\/?page_id=6085"},"modified":"2022-08-08T16:40:32","modified_gmt":"2022-08-08T20:40:32","slug":"description-du-programme","status":"publish","type":"page","link":"https:\/\/physiotherapy.ca\/fr\/education-et-evenements\/programme-de-specialite-clinique\/description-du-programme\/","title":{"rendered":"Description du programme"},"content":{"rendered":"\n<div class=\"wp-block-buttons is-layout-flex wp-block-buttons-is-layout-flex\">\n<div class=\"wp-block-button alignleft\"><a class=\"wp-block-button__link\" href=\"https:\/\/physiotherapy.ca\/fr\/education-et-evenements\/programme-de-specialite-clinique\/rencontrer-les-specialistes\/\">Rencontrer&nbsp;les sp\u00e9cialistes<\/a><\/div>\n<\/div>\n\n\n\n<div class=\"wp-block-columns is-layout-flex wp-container-core-columns-is-layout-1 wp-block-columns-is-layout-flex\">\n<div class=\"wp-block-column is-layout-flow wp-block-column-is-layout-flow\">\n<h4 class=\"wp-block-heading\">Suis-je admissible?<\/h4>\n\n\n\n<p>Le programme de sp\u00e9cialit\u00e9 clinique de l\u2019ACP est offert \u00e0 tous les physioth\u00e9rapeutes, sans \u00e9gard au lieu ou au milieu de pratique.<\/p>\n\n\n\n<p><strong>Pour poser votre candidature, vous devez r\u00e9pondre aux exigences suivantes :<\/strong><\/p>\n\n\n\n<ul class=\"wp-block-list\"><li>Au moins cinq&nbsp;ans d\u2019exp\u00e9rience clinique appliqu\u00e9e \u00e0 temps plein (un an \u00e0 temps plein correspond \u00e0 1800&nbsp;heures)<\/li><li>Au moins 300&nbsp;heures de contact avec les patients en milieu clinique dans votre domaine de sp\u00e9cialit\u00e9, chaque ann\u00e9e<\/li><li>\u00catre membre en r\u00e8gle d\u2019un ordre professionnel de&nbsp;physioth\u00e9rapeutes au Canada<\/li><li>Avoir rempli le formulaire de candidature et vers\u00e9 les droits<\/li><\/ul>\n\n\n\n<p>Il y a actuellement neuf&nbsp;secteurs de sp\u00e9cialisation o\u00f9 l\u2019on peut poser sa candidature&nbsp;:<\/p>\n\n\n\n<ul class=\"wp-block-list\"><li>Cardiorespiratoire<\/li><li>Musculosquelettique<\/li><li>Oncologie<\/li><li>Neurosciences<\/li><li>Science de la douleur<\/li><li>P\u00e9diatrie<\/li><li>Sant\u00e9 des a\u00een\u00e9s<\/li><li>Sport<\/li><li>Sant\u00e9 des femmes<\/li><\/ul>\n<\/div>\n\n\n\n<div class=\"wp-block-column is-layout-flow wp-block-column-is-layout-flow\">\n<h4 class=\"wp-block-heading\">\u00c9tapes du programme<\/h4>\n\n\n\n<p>A candidate has three years to complete Stage 1 anLe candidat a trois&nbsp;ans pour faire les \u00e9tapes&nbsp;1 et 2 du programme.<\/p>\n\n\n\n<h4 class=\"wp-block-heading\">Documents \u00e0 pr\u00e9senter avant la demande<\/h4>\n\n\n\n<ul class=\"wp-block-list\"><li>Formulaire de conflit d\u2019int\u00e9r\u00eats<\/li><li>Liste de participants pour les commentaires issus de multiples sources<\/li><\/ul>\n\n\n\n<h4 class=\"wp-block-heading\">\u00c9tape I&nbsp;: Pr\u00e9sentation de la candidature<\/h4>\n\n\n\n<ul class=\"wp-block-list\"><li>Preuves de comp\u00e9tence clinique avanc\u00e9e, leadership, d\u00e9veloppement professionnel continu et contribution \u00e0 la recherche<\/li><li>Questionnaire rempli sur les commentaires issus de multiples sources<\/li><li>Deux&nbsp;r\u00e9flexions cliniques<\/li><\/ul>\n\n\n\n<h4 class=\"wp-block-heading\">\u00c9tape&nbsp;II&nbsp;: \u00c9tudes de cas<\/h4>\n\n\n\n<ul class=\"wp-block-list\"><li>Pr\u00e9sentation de trois&nbsp;\u00e9tudes de cas<\/li><li>Discussion de 90&nbsp;minutes avec un comit\u00e9 d\u2019experts compos\u00e9 de trois&nbsp;personnes<\/li><\/ul>\n\n\n\n<p><\/p>\n<\/div>\n<\/div>\n\n\n\n<h4 class=\"wp-block-heading\">Comment serai-je \u00e9valu\u00e9?<\/h4>\n\n\n\n<p>Chaque candidat est attitr\u00e9 \u00e0 un&nbsp;comit\u00e9 d\u2019\u00e9valuation de trois&nbsp;personnes, dont deux viennent du m\u00eame domaine de pratique que lui. Le candidat a trois&nbsp;ans pour r\u00e9aliser le programme \u2013 entre le moment o\u00f9 il pose sa candidature et la derni\u00e8re \u00e9valuation de l\u2019\u00e9tape&nbsp;II. Les candidats qui r\u00e9ussissent l\u2019\u00e9tape&nbsp;I passent directement \u00e0 l\u2019\u00e9tape&nbsp;II.<\/p>\n\n\n\n<h4 class=\"wp-block-heading\">\u00c9valuation de l\u2019\u00e9tape&nbsp;I<\/h4>\n\n\n\n<p>Assessors independently review the candidate&#8217;s Stage I documents, providing scores and comments for Les \u00e9valuateurs revoient ind\u00e9pendamment les documents pr\u00e9sent\u00e9s par le candidat \u00e0 l\u2019\u00e9tape&nbsp;I, les notent et les commentent pour chaque volet du programme. Chaque \u00e9valuateur fait ses recommandations sur le passage \u00e0 l\u2019\u00e9tape&nbsp;II.<\/p>\n\n\n\n<h4 class=\"wp-block-heading\">\u00c9valuation de l\u2019\u00e9tape&nbsp;II<\/h4>\n\n\n\n<p>Assessors review the submission and determine what areas of the candidate submission require further Les \u00e9valuateurs \u00e9tudient la candidature et d\u00e9terminent quels secteurs devront \u00eatre approfondis lors de l\u2019analyse des \u00e9tudes de cas. Apr\u00e8s celle-ci, le comit\u00e9 d\u2019\u00e9valuateurs trouve un consensus et formule une recommandation finale quant \u00e0 la certification de sp\u00e9cialiste clinique.<\/p>\n\n\n\n<h4 class=\"wp-block-heading\">Examen par le Conseil<\/h4>\n\n\n\n<p>Toutes les recommandations et \u00e9valuations sont examin\u00e9es par deux&nbsp;membres du Conseil canadien de certification des sp\u00e9cialit\u00e9s en physioth\u00e9rapie (PSCBC). Les membres du Conseil d\u00e9terminent si les processus ont \u00e9t\u00e9 suivis conform\u00e9ment aux politiques et proc\u00e9dures du programme et d\u00e9livrent la certification.<\/p>\n","protected":false},"excerpt":{"rendered":"<p>Suis-je admissible? Le programme de sp\u00e9cialit\u00e9 clinique de l\u2019ACP est offert \u00e0 tous les physioth\u00e9rapeutes, sans \u00e9gard au lieu ou au milieu de pratique. Pour poser votre candidature, vous devez r\u00e9pondre aux exigences suivantes : Au moins cinq&nbsp;ans d\u2019exp\u00e9rience clinique [&hellip;]<\/p>\n","protected":false},"author":1,"featured_media":0,"parent":4243,"menu_order":1,"comment_status":"closed","ping_status":"closed","template":"","meta":{"inline_featured_image":false,"ep_exclude_from_search":false,"footnotes":""},"topic":[],"class_list":["post-6085","page","type-page","status-publish","hentry"],"acf":[],"yoast_head":"<!-- This site is optimized with the Yoast SEO plugin v24.7 - https:\/\/yoast.com\/wordpress\/plugins\/seo\/ -->\n<title>Description du programme - Canadian Physiotherapy Association<\/title>\n<meta name=\"robots\" content=\"index, follow, max-snippet:-1, max-image-preview:large, max-video-preview:-1\" \/>\n<link rel=\"canonical\" href=\"https:\/\/physiotherapy.ca\/fr\/education-et-evenements\/programme-de-specialite-clinique\/description-du-programme\/\" \/>\n<meta property=\"og:locale\" content=\"fr_FR\" \/>\n<meta property=\"og:type\" content=\"article\" \/>\n<meta property=\"og:title\" content=\"Description du programme - Canadian Physiotherapy Association\" \/>\n<meta property=\"og:description\" content=\"Suis-je admissible? Le programme de sp\u00e9cialit\u00e9 clinique de l\u2019ACP est offert \u00e0 tous les physioth\u00e9rapeutes, sans \u00e9gard au lieu ou au milieu de pratique. Pour poser votre candidature, vous devez r\u00e9pondre aux exigences suivantes : Au moins cinq&nbsp;ans d\u2019exp\u00e9rience clinique [&hellip;]\" \/>\n<meta property=\"og:url\" content=\"https:\/\/physiotherapy.ca\/fr\/education-et-evenements\/programme-de-specialite-clinique\/description-du-programme\/\" \/>\n<meta property=\"og:site_name\" content=\"Canadian Physiotherapy Association\" \/>\n<meta property=\"article:modified_time\" content=\"2022-08-08T20:40:32+00:00\" \/>\n<meta name=\"twitter:card\" content=\"summary_large_image\" \/>\n<meta name=\"twitter:label1\" content=\"Est. reading time\" \/>\n\t<meta name=\"twitter:data1\" content=\"2 minutes\" \/>\n<script type=\"application\/ld+json\" class=\"yoast-schema-graph\">{\"@context\":\"https:\/\/schema.org\",\"@graph\":[{\"@type\":\"WebPage\",\"@id\":\"https:\/\/physiotherapy.ca\/fr\/education-et-evenements\/programme-de-specialite-clinique\/description-du-programme\/\",\"url\":\"https:\/\/physiotherapy.ca\/fr\/education-et-evenements\/programme-de-specialite-clinique\/description-du-programme\/\",\"name\":\"Description du programme - Canadian Physiotherapy Association\",\"isPartOf\":{\"@id\":\"https:\/\/physiotherapy.ca\/#website\"},\"datePublished\":\"2022-08-08T16:57:48+00:00\",\"dateModified\":\"2022-08-08T20:40:32+00:00\",\"breadcrumb\":{\"@id\":\"https:\/\/physiotherapy.ca\/fr\/education-et-evenements\/programme-de-specialite-clinique\/description-du-programme\/#breadcrumb\"},\"inLanguage\":\"fr-FR\",\"potentialAction\":[{\"@type\":\"ReadAction\",\"target\":[\"https:\/\/physiotherapy.ca\/fr\/education-et-evenements\/programme-de-specialite-clinique\/description-du-programme\/\"]}]},{\"@type\":\"BreadcrumbList\",\"@id\":\"https:\/\/physiotherapy.ca\/fr\/education-et-evenements\/programme-de-specialite-clinique\/description-du-programme\/#breadcrumb\",\"itemListElement\":[{\"@type\":\"ListItem\",\"position\":1,\"name\":\"Home\",\"item\":\"https:\/\/physiotherapy.ca\/fr\/\"},{\"@type\":\"ListItem\",\"position\":2,\"name\":\"\u00c9ducation et \u00e9v\u00e9nements\",\"item\":\"https:\/\/physiotherapy.ca\/fr\/education-et-evenements\/\"},{\"@type\":\"ListItem\",\"position\":3,\"name\":\"Programme de sp\u00e9cialit\u00e9 clinique\",\"item\":\"https:\/\/physiotherapy.ca\/fr\/education-et-evenements\/programme-de-specialite-clinique\/\"},{\"@type\":\"ListItem\",\"position\":4,\"name\":\"Description du programme\"}]},{\"@type\":\"WebSite\",\"@id\":\"https:\/\/physiotherapy.ca\/#website\",\"url\":\"https:\/\/physiotherapy.ca\/\",\"name\":\"Canadian Physiotherapy Association\",\"description\":\"The Canadian Physiotherapy Association (CPA) represents over 16,000 physiotherapy professionals and students across Canada.\",\"potentialAction\":[{\"@type\":\"SearchAction\",\"target\":{\"@type\":\"EntryPoint\",\"urlTemplate\":\"https:\/\/physiotherapy.ca\/?s={search_term_string}\"},\"query-input\":{\"@type\":\"PropertyValueSpecification\",\"valueRequired\":true,\"valueName\":\"search_term_string\"}}],\"inLanguage\":\"fr-FR\"}]}<\/script>\n<!-- \/ Yoast SEO plugin. -->","yoast_head_json":{"title":"Description du programme - Canadian Physiotherapy Association","robots":{"index":"index","follow":"follow","max-snippet":"max-snippet:-1","max-image-preview":"max-image-preview:large","max-video-preview":"max-video-preview:-1"},"canonical":"https:\/\/physiotherapy.ca\/fr\/education-et-evenements\/programme-de-specialite-clinique\/description-du-programme\/","og_locale":"fr_FR","og_type":"article","og_title":"Description du programme - Canadian Physiotherapy Association","og_description":"Suis-je admissible? Le programme de sp\u00e9cialit\u00e9 clinique de l\u2019ACP est offert \u00e0 tous les physioth\u00e9rapeutes, sans \u00e9gard au lieu ou au milieu de pratique. Pour poser votre candidature, vous devez r\u00e9pondre aux exigences suivantes : Au moins cinq&nbsp;ans d\u2019exp\u00e9rience clinique [&hellip;]","og_url":"https:\/\/physiotherapy.ca\/fr\/education-et-evenements\/programme-de-specialite-clinique\/description-du-programme\/","og_site_name":"Canadian Physiotherapy Association","article_modified_time":"2022-08-08T20:40:32+00:00","twitter_card":"summary_large_image","twitter_misc":{"Est. reading time":"2 minutes"},"schema":{"@context":"https:\/\/schema.org","@graph":[{"@type":"WebPage","@id":"https:\/\/physiotherapy.ca\/fr\/education-et-evenements\/programme-de-specialite-clinique\/description-du-programme\/","url":"https:\/\/physiotherapy.ca\/fr\/education-et-evenements\/programme-de-specialite-clinique\/description-du-programme\/","name":"Description du programme - Canadian Physiotherapy Association","isPartOf":{"@id":"https:\/\/physiotherapy.ca\/#website"},"datePublished":"2022-08-08T16:57:48+00:00","dateModified":"2022-08-08T20:40:32+00:00","breadcrumb":{"@id":"https:\/\/physiotherapy.ca\/fr\/education-et-evenements\/programme-de-specialite-clinique\/description-du-programme\/#breadcrumb"},"inLanguage":"fr-FR","potentialAction":[{"@type":"ReadAction","target":["https:\/\/physiotherapy.ca\/fr\/education-et-evenements\/programme-de-specialite-clinique\/description-du-programme\/"]}]},{"@type":"BreadcrumbList","@id":"https:\/\/physiotherapy.ca\/fr\/education-et-evenements\/programme-de-specialite-clinique\/description-du-programme\/#breadcrumb","itemListElement":[{"@type":"ListItem","position":1,"name":"Home","item":"https:\/\/physiotherapy.ca\/fr\/"},{"@type":"ListItem","position":2,"name":"\u00c9ducation et \u00e9v\u00e9nements","item":"https:\/\/physiotherapy.ca\/fr\/education-et-evenements\/"},{"@type":"ListItem","position":3,"name":"Programme de sp\u00e9cialit\u00e9 clinique","item":"https:\/\/physiotherapy.ca\/fr\/education-et-evenements\/programme-de-specialite-clinique\/"},{"@type":"ListItem","position":4,"name":"Description du programme"}]},{"@type":"WebSite","@id":"https:\/\/physiotherapy.ca\/#website","url":"https:\/\/physiotherapy.ca\/","name":"Canadian Physiotherapy Association","description":"The Canadian Physiotherapy Association (CPA) represents over 16,000 physiotherapy professionals and students across Canada.","potentialAction":[{"@type":"SearchAction","target":{"@type":"EntryPoint","urlTemplate":"https:\/\/physiotherapy.ca\/?s={search_term_string}"},"query-input":{"@type":"PropertyValueSpecification","valueRequired":true,"valueName":"search_term_string"}}],"inLanguage":"fr-FR"}]}},"_links":{"self":[{"href":"https:\/\/physiotherapy.ca\/fr\/wp-json\/wp\/v2\/pages\/6085","targetHints":{"allow":["GET"]}}],"collection":[{"href":"https:\/\/physiotherapy.ca\/fr\/wp-json\/wp\/v2\/pages"}],"about":[{"href":"https:\/\/physiotherapy.ca\/fr\/wp-json\/wp\/v2\/types\/page"}],"author":[{"embeddable":true,"href":"https:\/\/physiotherapy.ca\/fr\/wp-json\/wp\/v2\/users\/1"}],"replies":[{"embeddable":true,"href":"https:\/\/physiotherapy.ca\/fr\/wp-json\/wp\/v2\/comments?post=6085"}],"version-history":[{"count":6,"href":"https:\/\/physiotherapy.ca\/fr\/wp-json\/wp\/v2\/pages\/6085\/revisions"}],"predecessor-version":[{"id":6519,"href":"https:\/\/physiotherapy.ca\/fr\/wp-json\/wp\/v2\/pages\/6085\/revisions\/6519"}],"up":[{"embeddable":true,"href":"https:\/\/physiotherapy.ca\/fr\/wp-json\/wp\/v2\/pages\/4243"}],"wp:attachment":[{"href":"https:\/\/physiotherapy.ca\/fr\/wp-json\/wp\/v2\/media?parent=6085"}],"wp:term":[{"taxonomy":"topic","embeddable":true,"href":"https:\/\/physiotherapy.ca\/fr\/wp-json\/wp\/v2\/topic?post=6085"}],"curies":[{"name":"wp","href":"https:\/\/api.w.org\/{rel}","templated":true}]}}