{"id":6095,"date":"2022-08-08T13:06:09","date_gmt":"2022-08-08T17:06:09","guid":{"rendered":"https:\/\/physiotherapy.ca\/?page_id=6095"},"modified":"2022-08-08T13:06:10","modified_gmt":"2022-08-08T17:06:10","slug":"poser-sa-candidature","status":"publish","type":"page","link":"https:\/\/physiotherapy.ca\/fr\/education-et-evenements\/programme-de-specialite-clinique\/poser-sa-candidature\/","title":{"rendered":"Poser sa candidature"},"content":{"rendered":"\n<p>Veuillez noter que le programme de sp\u00e9cialit\u00e9 clinique est suspend jusqu\u2019en 2021. Pour plus d\u2019information, veuillez \u00e9crire \u00e0\u00a0<a href=\"mailto:specialization@physiotherapy.ca\">specialization@physiotherapy.ca<\/a>.<\/p>\n\n\n\n<h4 class=\"wp-block-heading\">Frais du programme<\/h4>\n\n\n\n<p><em>Les taxes provinciales peuvent s\u2019appliquer.<\/em><\/p>\n\n\n\n<div class=\"wp-block-columns is-layout-flex wp-container-core-columns-is-layout-1 wp-block-columns-is-layout-flex\">\n<div class=\"wp-block-column is-layout-flow wp-block-column-is-layout-flow\">\n<p><strong>Membres de l\u2019ACP<\/strong><\/p>\n\n\n\n<p><strong>Frais de candidature : 500 $ (non-remboursable)<\/strong><\/p>\n\n\n\n<hr class=\"wp-block-separator aligncenter\"\/>\n\n\n\n<p><strong>Stage I :<\/strong>\u00a0$1,200<\/p>\n\n\n\n<p><strong>Stage II :\u00a0<\/strong>$950<\/p>\n\n\n\n<p><strong>Total:&nbsp;<\/strong>$2,650<\/p>\n<\/div>\n\n\n\n<div class=\"wp-block-column is-layout-flow wp-block-column-is-layout-flow\">\n<p><strong>Non-membres<\/strong><\/p>\n\n\n\n<p><strong><strong>Frais de candidature :<\/strong>\u00a0500 $\u00a0(non-remboursable)<\/strong><\/p>\n\n\n\n<hr class=\"wp-block-separator\"\/>\n\n\n\n<p><strong>Stage I :<\/strong>\u00a0$2,200<\/p>\n\n\n\n<p><strong>Stage II :\u00a0<\/strong>$1,300<\/p>\n\n\n\n<p><strong>Total:&nbsp;<\/strong>$4,000<\/p>\n<\/div>\n<\/div>\n\n\n\n<p><\/p>\n","protected":false},"excerpt":{"rendered":"<p>Veuillez noter que le programme de sp\u00e9cialit\u00e9 clinique est suspend jusqu\u2019en 2021. Pour plus d\u2019information, veuillez \u00e9crire \u00e0\u00a0specialization@physiotherapy.ca. Frais du programme Les taxes provinciales peuvent s\u2019appliquer. Membres de l\u2019ACP Frais de candidature : 500 $ (non-remboursable) Stage I :\u00a0$1,200 Stage [&hellip;]<\/p>\n","protected":false},"author":1,"featured_media":0,"parent":4243,"menu_order":2,"comment_status":"closed","ping_status":"closed","template":"","meta":{"inline_featured_image":false,"ep_exclude_from_search":false,"footnotes":""},"topic":[],"class_list":["post-6095","page","type-page","status-publish","hentry"],"acf":[],"yoast_head":"<!-- This site is optimized with the Yoast SEO plugin v24.7 - https:\/\/yoast.com\/wordpress\/plugins\/seo\/ -->\n<title>Poser sa candidature - Canadian Physiotherapy Association<\/title>\n<meta name=\"robots\" content=\"index, follow, max-snippet:-1, max-image-preview:large, max-video-preview:-1\" \/>\n<link rel=\"canonical\" href=\"https:\/\/physiotherapy.ca\/fr\/education-et-evenements\/programme-de-specialite-clinique\/poser-sa-candidature\/\" \/>\n<meta property=\"og:locale\" content=\"fr_FR\" \/>\n<meta property=\"og:type\" content=\"article\" \/>\n<meta property=\"og:title\" content=\"Poser sa candidature - Canadian Physiotherapy Association\" \/>\n<meta property=\"og:description\" content=\"Veuillez noter que le programme de sp\u00e9cialit\u00e9 clinique est suspend jusqu\u2019en 2021. Pour plus d\u2019information, veuillez \u00e9crire \u00e0\u00a0specialization@physiotherapy.ca. Frais du programme Les taxes provinciales peuvent s\u2019appliquer. Membres de l\u2019ACP Frais de candidature : 500 $ (non-remboursable) Stage I :\u00a0$1,200 Stage [&hellip;]\" \/>\n<meta property=\"og:url\" content=\"https:\/\/physiotherapy.ca\/fr\/education-et-evenements\/programme-de-specialite-clinique\/poser-sa-candidature\/\" \/>\n<meta property=\"og:site_name\" content=\"Canadian Physiotherapy Association\" \/>\n<meta property=\"article:modified_time\" content=\"2022-08-08T17:06:10+00:00\" \/>\n<meta name=\"twitter:card\" content=\"summary_large_image\" \/>\n<meta name=\"twitter:label1\" content=\"Est. reading time\" \/>\n\t<meta name=\"twitter:data1\" content=\"1 minute\" \/>\n<script type=\"application\/ld+json\" class=\"yoast-schema-graph\">{\"@context\":\"https:\/\/schema.org\",\"@graph\":[{\"@type\":\"WebPage\",\"@id\":\"https:\/\/physiotherapy.ca\/fr\/education-et-evenements\/programme-de-specialite-clinique\/poser-sa-candidature\/\",\"url\":\"https:\/\/physiotherapy.ca\/fr\/education-et-evenements\/programme-de-specialite-clinique\/poser-sa-candidature\/\",\"name\":\"Poser sa candidature - Canadian Physiotherapy Association\",\"isPartOf\":{\"@id\":\"https:\/\/physiotherapy.ca\/#website\"},\"datePublished\":\"2022-08-08T17:06:09+00:00\",\"dateModified\":\"2022-08-08T17:06:10+00:00\",\"breadcrumb\":{\"@id\":\"https:\/\/physiotherapy.ca\/fr\/education-et-evenements\/programme-de-specialite-clinique\/poser-sa-candidature\/#breadcrumb\"},\"inLanguage\":\"fr-FR\",\"potentialAction\":[{\"@type\":\"ReadAction\",\"target\":[\"https:\/\/physiotherapy.ca\/fr\/education-et-evenements\/programme-de-specialite-clinique\/poser-sa-candidature\/\"]}]},{\"@type\":\"BreadcrumbList\",\"@id\":\"https:\/\/physiotherapy.ca\/fr\/education-et-evenements\/programme-de-specialite-clinique\/poser-sa-candidature\/#breadcrumb\",\"itemListElement\":[{\"@type\":\"ListItem\",\"position\":1,\"name\":\"Home\",\"item\":\"https:\/\/physiotherapy.ca\/fr\/\"},{\"@type\":\"ListItem\",\"position\":2,\"name\":\"\u00c9ducation et \u00e9v\u00e9nements\",\"item\":\"https:\/\/physiotherapy.ca\/fr\/education-et-evenements\/\"},{\"@type\":\"ListItem\",\"position\":3,\"name\":\"Programme de sp\u00e9cialit\u00e9 clinique\",\"item\":\"https:\/\/physiotherapy.ca\/fr\/education-et-evenements\/programme-de-specialite-clinique\/\"},{\"@type\":\"ListItem\",\"position\":4,\"name\":\"Poser sa candidature\"}]},{\"@type\":\"WebSite\",\"@id\":\"https:\/\/physiotherapy.ca\/#website\",\"url\":\"https:\/\/physiotherapy.ca\/\",\"name\":\"Canadian Physiotherapy Association\",\"description\":\"The Canadian Physiotherapy Association (CPA) represents over 16,000 physiotherapy professionals and students across Canada.\",\"potentialAction\":[{\"@type\":\"SearchAction\",\"target\":{\"@type\":\"EntryPoint\",\"urlTemplate\":\"https:\/\/physiotherapy.ca\/?s={search_term_string}\"},\"query-input\":{\"@type\":\"PropertyValueSpecification\",\"valueRequired\":true,\"valueName\":\"search_term_string\"}}],\"inLanguage\":\"fr-FR\"}]}<\/script>\n<!-- \/ Yoast SEO plugin. -->","yoast_head_json":{"title":"Poser sa candidature - Canadian Physiotherapy Association","robots":{"index":"index","follow":"follow","max-snippet":"max-snippet:-1","max-image-preview":"max-image-preview:large","max-video-preview":"max-video-preview:-1"},"canonical":"https:\/\/physiotherapy.ca\/fr\/education-et-evenements\/programme-de-specialite-clinique\/poser-sa-candidature\/","og_locale":"fr_FR","og_type":"article","og_title":"Poser sa candidature - Canadian Physiotherapy Association","og_description":"Veuillez noter que le programme de sp\u00e9cialit\u00e9 clinique est suspend jusqu\u2019en 2021. Pour plus d\u2019information, veuillez \u00e9crire \u00e0\u00a0specialization@physiotherapy.ca. Frais du programme Les taxes provinciales peuvent s\u2019appliquer. Membres de l\u2019ACP Frais de candidature : 500 $ (non-remboursable) Stage I :\u00a0$1,200 Stage [&hellip;]","og_url":"https:\/\/physiotherapy.ca\/fr\/education-et-evenements\/programme-de-specialite-clinique\/poser-sa-candidature\/","og_site_name":"Canadian Physiotherapy Association","article_modified_time":"2022-08-08T17:06:10+00:00","twitter_card":"summary_large_image","twitter_misc":{"Est. reading time":"1 minute"},"schema":{"@context":"https:\/\/schema.org","@graph":[{"@type":"WebPage","@id":"https:\/\/physiotherapy.ca\/fr\/education-et-evenements\/programme-de-specialite-clinique\/poser-sa-candidature\/","url":"https:\/\/physiotherapy.ca\/fr\/education-et-evenements\/programme-de-specialite-clinique\/poser-sa-candidature\/","name":"Poser sa candidature - Canadian Physiotherapy Association","isPartOf":{"@id":"https:\/\/physiotherapy.ca\/#website"},"datePublished":"2022-08-08T17:06:09+00:00","dateModified":"2022-08-08T17:06:10+00:00","breadcrumb":{"@id":"https:\/\/physiotherapy.ca\/fr\/education-et-evenements\/programme-de-specialite-clinique\/poser-sa-candidature\/#breadcrumb"},"inLanguage":"fr-FR","potentialAction":[{"@type":"ReadAction","target":["https:\/\/physiotherapy.ca\/fr\/education-et-evenements\/programme-de-specialite-clinique\/poser-sa-candidature\/"]}]},{"@type":"BreadcrumbList","@id":"https:\/\/physiotherapy.ca\/fr\/education-et-evenements\/programme-de-specialite-clinique\/poser-sa-candidature\/#breadcrumb","itemListElement":[{"@type":"ListItem","position":1,"name":"Home","item":"https:\/\/physiotherapy.ca\/fr\/"},{"@type":"ListItem","position":2,"name":"\u00c9ducation et \u00e9v\u00e9nements","item":"https:\/\/physiotherapy.ca\/fr\/education-et-evenements\/"},{"@type":"ListItem","position":3,"name":"Programme de sp\u00e9cialit\u00e9 clinique","item":"https:\/\/physiotherapy.ca\/fr\/education-et-evenements\/programme-de-specialite-clinique\/"},{"@type":"ListItem","position":4,"name":"Poser sa candidature"}]},{"@type":"WebSite","@id":"https:\/\/physiotherapy.ca\/#website","url":"https:\/\/physiotherapy.ca\/","name":"Canadian Physiotherapy Association","description":"The Canadian Physiotherapy Association (CPA) represents over 16,000 physiotherapy professionals and students across Canada.","potentialAction":[{"@type":"SearchAction","target":{"@type":"EntryPoint","urlTemplate":"https:\/\/physiotherapy.ca\/?s={search_term_string}"},"query-input":{"@type":"PropertyValueSpecification","valueRequired":true,"valueName":"search_term_string"}}],"inLanguage":"fr-FR"}]}},"_links":{"self":[{"href":"https:\/\/physiotherapy.ca\/fr\/wp-json\/wp\/v2\/pages\/6095","targetHints":{"allow":["GET"]}}],"collection":[{"href":"https:\/\/physiotherapy.ca\/fr\/wp-json\/wp\/v2\/pages"}],"about":[{"href":"https:\/\/physiotherapy.ca\/fr\/wp-json\/wp\/v2\/types\/page"}],"author":[{"embeddable":true,"href":"https:\/\/physiotherapy.ca\/fr\/wp-json\/wp\/v2\/users\/1"}],"replies":[{"embeddable":true,"href":"https:\/\/physiotherapy.ca\/fr\/wp-json\/wp\/v2\/comments?post=6095"}],"version-history":[{"count":4,"href":"https:\/\/physiotherapy.ca\/fr\/wp-json\/wp\/v2\/pages\/6095\/revisions"}],"predecessor-version":[{"id":6099,"href":"https:\/\/physiotherapy.ca\/fr\/wp-json\/wp\/v2\/pages\/6095\/revisions\/6099"}],"up":[{"embeddable":true,"href":"https:\/\/physiotherapy.ca\/fr\/wp-json\/wp\/v2\/pages\/4243"}],"wp:attachment":[{"href":"https:\/\/physiotherapy.ca\/fr\/wp-json\/wp\/v2\/media?parent=6095"}],"wp:term":[{"taxonomy":"topic","embeddable":true,"href":"https:\/\/physiotherapy.ca\/fr\/wp-json\/wp\/v2\/topic?post=6095"}],"curies":[{"name":"wp","href":"https:\/\/api.w.org\/{rel}","templated":true}]}}