{"id":6100,"date":"2022-08-08T13:14:01","date_gmt":"2022-08-08T17:14:01","guid":{"rendered":"https:\/\/physiotherapy.ca\/?page_id=6100"},"modified":"2022-08-08T16:37:33","modified_gmt":"2022-08-08T20:37:33","slug":"rencontrer-les-specialistes","status":"publish","type":"page","link":"https:\/\/physiotherapy.ca\/fr\/education-et-evenements\/programme-de-specialite-clinique\/rencontrer-les-specialistes\/","title":{"rendered":"Rencontrer les sp\u00e9cialistes"},"content":{"rendered":"\n<div class=\"wp-block-columns is-layout-flex wp-container-core-columns-is-layout-1 wp-block-columns-is-layout-flex\">\n<div class=\"wp-block-column is-layout-flow wp-block-column-is-layout-flow\">\n<h4 class=\"wp-block-heading\">Cardiorespiratoire<\/h4>\n\n\n\n<p><a href=\"https:\/\/physiotherapy.ca\/fr\/diana-hopkins-rosseel\/\">Diana Hopkins-Rosseel<\/a><\/p>\n\n\n\n<p><a href=\"https:\/\/physiotherapy.ca\/fr\/judy-kay\/\">Judy Kay<\/a><\/p>\n\n\n\n<p><a href=\"https:\/\/physiotherapy.ca\/fr\/maggie-mcilwaine\/\">Maggie McIlwaine<\/a><\/p>\n\n\n\n<h4 class=\"wp-block-heading\">Oncologie<\/h4>\n\n\n\n<p><a href=\"https:\/\/physiotherapy.ca\/fr\/oren-cheifetz\/\">Oren Cheifetz<\/a><\/p>\n\n\n\n<p><a href=\"https:\/\/physiotherapy.ca\/fr\/anne-rankin\/\">Anne Rankin<\/a><\/p>\n\n\n\n<p><a href=\"https:\/\/physiotherapy.ca\/fr\/marize-ibrahim\/\">Marize Ibrahim<\/a><\/p>\n\n\n\n<h4 class=\"wp-block-heading\">P\u00e9diatrie<\/h4>\n\n\n\n<p><a href=\"https:\/\/physiotherapy.ca\/fr\/barbara-c-kelly\/\">Barbara C. Kelly<\/a><\/p>\n\n\n\n<p><a href=\"https:\/\/physiotherapy.ca\/fr\/gail-kirkwood\/\">Gail Kirkwood<\/a><\/p>\n\n\n\n<h4 class=\"wp-block-heading\">Sant\u00e9 des a\u00een\u00e9s<\/h4>\n\n\n\n<p><a href=\"https:\/\/physiotherapy.ca\/fr\/helen-johnson\/\">Helen Johnson<\/a><\/p>\n\n\n\n<p><a href=\"https:\/\/physiotherapy.ca\/fr\/todd-wolansky\/\">Todd Wolansky<\/a><\/p>\n\n\n\n<h4 class=\"wp-block-heading\">Sport<\/h4>\n\n\n\n<p><a href=\"https:\/\/physiotherapy.ca\/fr\/leigh-garvie\/\">Leigh Garvie<\/a><\/p>\n\n\n\n<p><a href=\"https:\/\/physiotherapy.ca\/fr\/randy-goodman\/\">Randy Goodman<\/a><\/p>\n\n\n\n<p><a href=\"https:\/\/physiotherapy.ca\/fr\/greg-redman\/\">Greg Redman<\/a><\/p>\n\n\n\n<p><a href=\"https:\/\/physiotherapy.ca\/fr\/christian-seguin\/\">Christian S\u00e9guin<\/a><\/p>\n<\/div>\n\n\n\n<div class=\"wp-block-column is-layout-flow wp-block-column-is-layout-flow\">\n<h4 class=\"wp-block-heading\">Musculosquelettique<\/h4>\n\n\n\n<p><a href=\"https:\/\/physiotherapy.ca\/fr\/jasdeep-dhir\/\">Jasdeep Dhir<\/a><\/p>\n\n\n\n<p><a href=\"https:\/\/physiotherapy.ca\/fr\/jeffrey-begg\/\">Jeffrey Begg<\/a><\/p>\n\n\n\n<p><a href=\"https:\/\/physiotherapy.ca\/fr\/maureen-dwight\/\">Maureen Dwight<\/a><\/p>\n\n\n\n<p><a href=\"https:\/\/physiotherapy.ca\/fr\/patricia-fonstad\/\">Patricia Fonstad<\/a><\/p>\n\n\n\n<p><a href=\"https:\/\/physiotherapy.ca\/fr\/teresa-gravelle\/\">Teresa A. Gravelle<\/a><\/p>\n\n\n\n<p><a href=\"https:\/\/physiotherapy.ca\/fr\/carol-kennedy\/\">Carol Kennedy<\/a><\/p>\n\n\n\n<p><a href=\"https:\/\/physiotherapy.ca\/fr\/audrey-long\/\">Audrey Long<\/a><\/p>\n\n\n\n<p><a href=\"https:\/\/physiotherapy.ca\/fr\/lorrie-maffey\/\">Lorrie Lynne Maffey<\/a><\/p>\n\n\n\n<p><a href=\"https:\/\/physiotherapy.ca\/fr\/susan-massitti\/\">Susan\u00a0Massitti<\/a><\/p>\n\n\n\n<p><a href=\"https:\/\/physiotherapy.ca\/fr\/jill-robertson\/\">Jill Robertson<\/a><\/p>\n\n\n\n<p>Paolo Sanzo<\/p>\n\n\n\n<p><a href=\"https:\/\/physiotherapy.ca\/fr\/geoff-schneider\/\">Geoff Schneider<\/a><\/p>\n\n\n\n<p><a href=\"https:\/\/physiotherapy.ca\/fr\/kathryn-schneider\/\">Kathryn Schneider<\/a><\/p>\n\n\n\n<p><a href=\"https:\/\/physiotherapy.ca\/fr\/jacqueline-sadi\/\">Jacqueline Sadi<\/a><\/p>\n\n\n\n<p><a href=\"https:\/\/physiotherapy.ca\/fr\/ashley-smith\/\">Ashley Smith<\/a><\/p>\n\n\n\n<p><a href=\"https:\/\/physiotherapy.ca\/fr\/greg-spadoni\/\">Greg Spadoni<\/a><\/p>\n\n\n\n<p><a href=\"https:\/\/physiotherapy.ca\/fr\/michael-westaway\/\">Michael Westaway<\/a><\/p>\n\n\n\n<p><a href=\"https:\/\/physiotherapy.ca\/fr\/jackie-whittaker\/\">Jackie\u00a0Whittaker<\/a><\/p>\n<\/div>\n\n\n\n<div class=\"wp-block-column is-layout-flow wp-block-column-is-layout-flow\">\n<h4 class=\"wp-block-heading\">Neurosciences<\/h4>\n\n\n\n<p><a href=\"https:\/\/physiotherapy.ca\/fr\/rebecca-gruber\/\">Rebecca Gruber<\/a><\/p>\n\n\n\n<p><a href=\"https:\/\/physiotherapy.ca\/fr\/joan-heard\/\">Joan Heard<\/a><\/p>\n\n\n\n<p><a href=\"https:\/\/physiotherapy.ca\/fr\/jacqueline-levy\/\">Jacqueline Levy<\/a><\/p>\n\n\n\n<p><a href=\"https:\/\/physiotherapy.ca\/fr\/alison-mcdonald\/\">Alison McDonald<\/a><\/p>\n\n\n\n<h4 class=\"wp-block-heading\">Science de la douleur<\/h4>\n\n\n\n<p><a href=\"https:\/\/physiotherapy.ca\/fr\/cory-choma\/\">Cory Choma<\/a><\/p>\n\n\n\n<p><a href=\"https:\/\/physiotherapy.ca\/fr\/dominique-gilbert\/\">Dominique Gilbert<\/a><\/p>\n\n\n\n<p><a href=\"https:\/\/physiotherapy.ca\/fr\/janet-holly\/\">Janet Holly<\/a><\/p>\n\n\n\n<p><a href=\"https:\/\/physiotherapy.ca\/fr\/michael-sangster\/\">Michael Sangster<\/a><\/p>\n\n\n\n<h4 class=\"wp-block-heading\">Sant\u00e9 des femmes<\/h4>\n\n\n\n<p><a href=\"https:\/\/physiotherapy.ca\/fr\/kelli-berzuk\/\">Kelli Berzuk<\/a><\/p>\n\n\n\n<p>Marcy Dayan<\/p>\n\n\n\n<p><a href=\"https:\/\/physiotherapy.ca\/fr\/christine-epp\/\">Christine Epp<\/a><\/p>\n\n\n\n<p><a href=\"https:\/\/physiotherapy.ca\/fr\/diane-lee\/\">Diane Lee<\/a><\/p>\n<\/div>\n<\/div>\n","protected":false},"excerpt":{"rendered":"<p>Cardiorespiratoire Diana Hopkins-Rosseel Judy Kay Maggie McIlwaine Oncologie Oren Cheifetz Anne Rankin Marize Ibrahim P\u00e9diatrie Barbara C. Kelly Gail Kirkwood Sant\u00e9 des a\u00een\u00e9s Helen Johnson Todd Wolansky Sport Leigh Garvie Randy Goodman Greg Redman Christian S\u00e9guin Musculosquelettique Jasdeep Dhir Jeffrey [&hellip;]<\/p>\n","protected":false},"author":1,"featured_media":0,"parent":4243,"menu_order":3,"comment_status":"closed","ping_status":"closed","template":"","meta":{"inline_featured_image":false,"ep_exclude_from_search":false,"footnotes":""},"topic":[],"class_list":["post-6100","page","type-page","status-publish","hentry"],"acf":[],"yoast_head":"<!-- This site is optimized with the Yoast SEO plugin v24.7 - https:\/\/yoast.com\/wordpress\/plugins\/seo\/ -->\n<title>Rencontrer les sp\u00e9cialistes - Canadian Physiotherapy Association<\/title>\n<meta name=\"robots\" content=\"index, follow, max-snippet:-1, max-image-preview:large, max-video-preview:-1\" \/>\n<link rel=\"canonical\" href=\"https:\/\/physiotherapy.ca\/fr\/education-et-evenements\/programme-de-specialite-clinique\/rencontrer-les-specialistes\/\" \/>\n<meta property=\"og:locale\" content=\"fr_FR\" \/>\n<meta property=\"og:type\" content=\"article\" \/>\n<meta property=\"og:title\" content=\"Rencontrer les sp\u00e9cialistes - Canadian Physiotherapy Association\" \/>\n<meta property=\"og:description\" content=\"Cardiorespiratoire Diana Hopkins-Rosseel Judy Kay Maggie McIlwaine Oncologie Oren Cheifetz Anne Rankin Marize Ibrahim P\u00e9diatrie Barbara C. Kelly Gail Kirkwood Sant\u00e9 des a\u00een\u00e9s Helen Johnson Todd Wolansky Sport Leigh Garvie Randy Goodman Greg Redman Christian S\u00e9guin Musculosquelettique Jasdeep Dhir Jeffrey [&hellip;]\" \/>\n<meta property=\"og:url\" content=\"https:\/\/physiotherapy.ca\/fr\/education-et-evenements\/programme-de-specialite-clinique\/rencontrer-les-specialistes\/\" \/>\n<meta property=\"og:site_name\" content=\"Canadian Physiotherapy Association\" \/>\n<meta property=\"article:modified_time\" content=\"2022-08-08T20:37:33+00:00\" \/>\n<meta name=\"twitter:card\" content=\"summary_large_image\" \/>\n<meta name=\"twitter:label1\" content=\"Est. reading time\" \/>\n\t<meta name=\"twitter:data1\" content=\"1 minute\" \/>\n<script type=\"application\/ld+json\" class=\"yoast-schema-graph\">{\"@context\":\"https:\/\/schema.org\",\"@graph\":[{\"@type\":\"WebPage\",\"@id\":\"https:\/\/physiotherapy.ca\/fr\/education-et-evenements\/programme-de-specialite-clinique\/rencontrer-les-specialistes\/\",\"url\":\"https:\/\/physiotherapy.ca\/fr\/education-et-evenements\/programme-de-specialite-clinique\/rencontrer-les-specialistes\/\",\"name\":\"Rencontrer les sp\u00e9cialistes - Canadian Physiotherapy Association\",\"isPartOf\":{\"@id\":\"https:\/\/physiotherapy.ca\/#website\"},\"datePublished\":\"2022-08-08T17:14:01+00:00\",\"dateModified\":\"2022-08-08T20:37:33+00:00\",\"breadcrumb\":{\"@id\":\"https:\/\/physiotherapy.ca\/fr\/education-et-evenements\/programme-de-specialite-clinique\/rencontrer-les-specialistes\/#breadcrumb\"},\"inLanguage\":\"fr-FR\",\"potentialAction\":[{\"@type\":\"ReadAction\",\"target\":[\"https:\/\/physiotherapy.ca\/fr\/education-et-evenements\/programme-de-specialite-clinique\/rencontrer-les-specialistes\/\"]}]},{\"@type\":\"BreadcrumbList\",\"@id\":\"https:\/\/physiotherapy.ca\/fr\/education-et-evenements\/programme-de-specialite-clinique\/rencontrer-les-specialistes\/#breadcrumb\",\"itemListElement\":[{\"@type\":\"ListItem\",\"position\":1,\"name\":\"Home\",\"item\":\"https:\/\/physiotherapy.ca\/fr\/\"},{\"@type\":\"ListItem\",\"position\":2,\"name\":\"\u00c9ducation et \u00e9v\u00e9nements\",\"item\":\"https:\/\/physiotherapy.ca\/fr\/education-et-evenements\/\"},{\"@type\":\"ListItem\",\"position\":3,\"name\":\"Programme de sp\u00e9cialit\u00e9 clinique\",\"item\":\"https:\/\/physiotherapy.ca\/fr\/education-et-evenements\/programme-de-specialite-clinique\/\"},{\"@type\":\"ListItem\",\"position\":4,\"name\":\"Rencontrer les sp\u00e9cialistes\"}]},{\"@type\":\"WebSite\",\"@id\":\"https:\/\/physiotherapy.ca\/#website\",\"url\":\"https:\/\/physiotherapy.ca\/\",\"name\":\"Canadian Physiotherapy Association\",\"description\":\"The Canadian Physiotherapy Association (CPA) represents over 16,000 physiotherapy professionals and students across Canada.\",\"potentialAction\":[{\"@type\":\"SearchAction\",\"target\":{\"@type\":\"EntryPoint\",\"urlTemplate\":\"https:\/\/physiotherapy.ca\/?s={search_term_string}\"},\"query-input\":{\"@type\":\"PropertyValueSpecification\",\"valueRequired\":true,\"valueName\":\"search_term_string\"}}],\"inLanguage\":\"fr-FR\"}]}<\/script>\n<!-- \/ Yoast SEO plugin. -->","yoast_head_json":{"title":"Rencontrer les sp\u00e9cialistes - Canadian Physiotherapy Association","robots":{"index":"index","follow":"follow","max-snippet":"max-snippet:-1","max-image-preview":"max-image-preview:large","max-video-preview":"max-video-preview:-1"},"canonical":"https:\/\/physiotherapy.ca\/fr\/education-et-evenements\/programme-de-specialite-clinique\/rencontrer-les-specialistes\/","og_locale":"fr_FR","og_type":"article","og_title":"Rencontrer les sp\u00e9cialistes - Canadian Physiotherapy Association","og_description":"Cardiorespiratoire Diana Hopkins-Rosseel Judy Kay Maggie McIlwaine Oncologie Oren Cheifetz Anne Rankin Marize Ibrahim P\u00e9diatrie Barbara C. Kelly Gail Kirkwood Sant\u00e9 des a\u00een\u00e9s Helen Johnson Todd Wolansky Sport Leigh Garvie Randy Goodman Greg Redman Christian S\u00e9guin Musculosquelettique Jasdeep Dhir Jeffrey [&hellip;]","og_url":"https:\/\/physiotherapy.ca\/fr\/education-et-evenements\/programme-de-specialite-clinique\/rencontrer-les-specialistes\/","og_site_name":"Canadian Physiotherapy Association","article_modified_time":"2022-08-08T20:37:33+00:00","twitter_card":"summary_large_image","twitter_misc":{"Est. reading time":"1 minute"},"schema":{"@context":"https:\/\/schema.org","@graph":[{"@type":"WebPage","@id":"https:\/\/physiotherapy.ca\/fr\/education-et-evenements\/programme-de-specialite-clinique\/rencontrer-les-specialistes\/","url":"https:\/\/physiotherapy.ca\/fr\/education-et-evenements\/programme-de-specialite-clinique\/rencontrer-les-specialistes\/","name":"Rencontrer les sp\u00e9cialistes - Canadian Physiotherapy Association","isPartOf":{"@id":"https:\/\/physiotherapy.ca\/#website"},"datePublished":"2022-08-08T17:14:01+00:00","dateModified":"2022-08-08T20:37:33+00:00","breadcrumb":{"@id":"https:\/\/physiotherapy.ca\/fr\/education-et-evenements\/programme-de-specialite-clinique\/rencontrer-les-specialistes\/#breadcrumb"},"inLanguage":"fr-FR","potentialAction":[{"@type":"ReadAction","target":["https:\/\/physiotherapy.ca\/fr\/education-et-evenements\/programme-de-specialite-clinique\/rencontrer-les-specialistes\/"]}]},{"@type":"BreadcrumbList","@id":"https:\/\/physiotherapy.ca\/fr\/education-et-evenements\/programme-de-specialite-clinique\/rencontrer-les-specialistes\/#breadcrumb","itemListElement":[{"@type":"ListItem","position":1,"name":"Home","item":"https:\/\/physiotherapy.ca\/fr\/"},{"@type":"ListItem","position":2,"name":"\u00c9ducation et \u00e9v\u00e9nements","item":"https:\/\/physiotherapy.ca\/fr\/education-et-evenements\/"},{"@type":"ListItem","position":3,"name":"Programme de sp\u00e9cialit\u00e9 clinique","item":"https:\/\/physiotherapy.ca\/fr\/education-et-evenements\/programme-de-specialite-clinique\/"},{"@type":"ListItem","position":4,"name":"Rencontrer les sp\u00e9cialistes"}]},{"@type":"WebSite","@id":"https:\/\/physiotherapy.ca\/#website","url":"https:\/\/physiotherapy.ca\/","name":"Canadian Physiotherapy Association","description":"The Canadian Physiotherapy Association (CPA) represents over 16,000 physiotherapy professionals and students across Canada.","potentialAction":[{"@type":"SearchAction","target":{"@type":"EntryPoint","urlTemplate":"https:\/\/physiotherapy.ca\/?s={search_term_string}"},"query-input":{"@type":"PropertyValueSpecification","valueRequired":true,"valueName":"search_term_string"}}],"inLanguage":"fr-FR"}]}},"_links":{"self":[{"href":"https:\/\/physiotherapy.ca\/fr\/wp-json\/wp\/v2\/pages\/6100","targetHints":{"allow":["GET"]}}],"collection":[{"href":"https:\/\/physiotherapy.ca\/fr\/wp-json\/wp\/v2\/pages"}],"about":[{"href":"https:\/\/physiotherapy.ca\/fr\/wp-json\/wp\/v2\/types\/page"}],"author":[{"embeddable":true,"href":"https:\/\/physiotherapy.ca\/fr\/wp-json\/wp\/v2\/users\/1"}],"replies":[{"embeddable":true,"href":"https:\/\/physiotherapy.ca\/fr\/wp-json\/wp\/v2\/comments?post=6100"}],"version-history":[{"count":43,"href":"https:\/\/physiotherapy.ca\/fr\/wp-json\/wp\/v2\/pages\/6100\/revisions"}],"predecessor-version":[{"id":6515,"href":"https:\/\/physiotherapy.ca\/fr\/wp-json\/wp\/v2\/pages\/6100\/revisions\/6515"}],"up":[{"embeddable":true,"href":"https:\/\/physiotherapy.ca\/fr\/wp-json\/wp\/v2\/pages\/4243"}],"wp:attachment":[{"href":"https:\/\/physiotherapy.ca\/fr\/wp-json\/wp\/v2\/media?parent=6100"}],"wp:term":[{"taxonomy":"topic","embeddable":true,"href":"https:\/\/physiotherapy.ca\/fr\/wp-json\/wp\/v2\/topic?post=6100"}],"curies":[{"name":"wp","href":"https:\/\/api.w.org\/{rel}","templated":true}]}}