{"id":6120,"date":"2022-08-08T13:21:34","date_gmt":"2022-08-08T17:21:34","guid":{"rendered":"https:\/\/physiotherapy.ca\/?page_id=6120"},"modified":"2022-08-08T13:21:35","modified_gmt":"2022-08-08T17:21:35","slug":"diana-hopkins-rosseel","status":"publish","type":"page","link":"https:\/\/physiotherapy.ca\/fr\/diana-hopkins-rosseel\/","title":{"rendered":"Diana Hopkins-Rosseel"},"content":{"rendered":"\n<div class=\"wp-block-media-text is-stacked-on-mobile is-vertically-aligned-top\" style=\"grid-template-columns:23% auto\"><figure class=\"wp-block-media-text__media\"><img loading=\"lazy\" decoding=\"async\" width=\"210\" height=\"259\" src=\"https:\/\/physiotherapy.ca\/app\/uploads\/2022\/08\/csp-diana-hopkins-rosseel.jpg\" alt=\"\" class=\"wp-image-5584 size-full\" srcset=\"https:\/\/physiotherapy.ca\/app\/uploads\/2022\/08\/csp-diana-hopkins-rosseel.jpg 210w, https:\/\/physiotherapy.ca\/app\/uploads\/2022\/08\/csp-diana-hopkins-rosseel-162x200.jpg 162w\" sizes=\"auto, (max-width: 210px) 100vw, 210px\" \/><\/figure><div class=\"wp-block-media-text__content\">\n<p><strong>Domaine de sp\u00e9cialit\u00e9 clinique :\u00a0<\/strong>Cardiorespiratoire<\/p>\n\n\n\n<p><strong>Nombre d\u2019ann\u00e9es de pratique dans ce domaine :\u00a0<\/strong>27\u00a0<\/p>\n\n\n\n<p><strong>Pourquoi avoir choisi d\u2019\u00eatre sp\u00e9cialiste clinique?<\/strong><\/p>\n\n\n\n<p>Plusieurs raisons m\u2019ont pouss\u00e9e \u00e0 devenir sp\u00e9cialiste clinique en physioth\u00e9rapie cardiorespiratoire. Je vous en citerai quelques-unes\u00a0: je souhaitais prendre part au programme inaugural; am\u00e9liorer les options de perfectionnement professionnel; lancer le mentorat dans ce domaine clinique; et relever un d\u00e9fi.<\/p>\n<\/div><\/div>\n\n\n\n<div style=\"height:22px\" aria-hidden=\"true\" class=\"wp-block-spacer\"><\/div>\n\n\n\n<p><strong>Qu\u2019est-ce la sp\u00e9cialisation clinique a chang\u00e9 dans votre pratique et quelles responsabilit\u00e9s assumerez-vous \u00e0 titre de sp\u00e9cialiste?<\/strong><\/p>\n\n\n\n<p>Elle m\u2019a fait remettre en question mes raisonnements cliniques, par rapport non seulement \u00e0 ma propre pratique, mais aux interactions et \u00e0 la pratique de tous les membres de l\u2019\u00e9quipe. Tous les jours, je me demande\u00a0\u00ab\u00a0Pourquoi?\u00a0\u00bb et je pose aussi la question \u00e0 l\u2019\u00e9quipe et aux patients, puis nous cherchons des r\u00e9ponses fond\u00e9es sur des donn\u00e9es probantes.<\/p>\n\n\n\n<p><strong>Quels facteurs importants faut-il prendre en compte lorsqu\u2019on souhaite faire une sp\u00e9cialit\u00e9 clinique?<\/strong><\/p>\n\n\n\n<p>En d\u00e9but de carri\u00e8re, on doit se renseigner sur le programme et s\u2019interroger sur ses motifs, mettre par \u00e9crit son plan pour devenir sp\u00e9cialiste, puis FONCER!<\/p>\n\n\n\n<hr class=\"wp-block-separator is-style-wide\"\/>\n\n\n\n<blockquote class=\"wp-block-quote is-layout-flow wp-block-quote-is-layout-flow\"><p><em>Tous les jours, je me demande\u00a0\u00ab\u00a0Pourquoi?\u00a0\u00bb et je pose aussi la question \u00e0 l\u2019\u00e9quipe et aux patients, puis nous cherchons des r\u00e9ponses fond\u00e9es sur des donn\u00e9es probantes.<\/em><\/p><\/blockquote>\n\n\n\n<hr class=\"wp-block-separator is-style-wide\"\/>\n\n\n\n<h3 class=\"wp-block-heading\">Biographie<\/h3>\n\n\n\n<p>Professor Hopkins-Rosseel graduated from the University of Toronto in 1982 with a B.Sc. in physiotherapy following two years in undergraduate Arts and Science at Queen&#8217;s University. She then practiced as a full-time physiotherapist at St. John\u2019s Rehabilitation in Toronto and the University of Massachusetts Medical Centre in Worcester, before settling into Kingston at the Hotel Dieu Hospital. In 1986, Diana took on the role of \u2018Senior\u2019 on inpatients at Hotel Dieu with an expertise in critical care and maintained a general practice in cardiorespiratory physiotherapy until 2008. She was first introduced to cardiac rehabilitation in Massachusetts and has dedicated a great deal of her clinical and research time to pursuing this clinical area of practice since returning to Kingston in 1985. It was in this rehabilitation setting that she began to investigate behavioural modification theories and their application to improving rehabilitation outcomes. Diana\u2019s current areas of research include behavioural modification in cardiac rehabilitation, high-fidelity simulation in interprofessional education and clinical outcomes in cardiac rehabilitation and chronic disease prevention and management. In 1987, Diana accepted a part-time faculty position in the School of Rehabilitation Therapy as a Lecturer, while continuing practice in critical care as the Senior Inpatient Physiotherapist at Hotel Dieu Hospital. After successfully completing her Masters of Science degree in Rehabilitation at Queen\u2019s in 1991, Diana became a full-time Assistant Professor in the School of Rehabilitation Therapy. She now holds the position of full Professor teaching cardiorespiratory physiotherapy, basic clinical skills, professional issues and business.<\/p>\n","protected":false},"excerpt":{"rendered":"<p>Domaine de sp\u00e9cialit\u00e9 clinique :\u00a0Cardiorespiratoire Nombre d\u2019ann\u00e9es de pratique dans ce domaine :\u00a027\u00a0 Pourquoi avoir choisi d\u2019\u00eatre sp\u00e9cialiste clinique? Plusieurs raisons m\u2019ont pouss\u00e9e \u00e0 devenir sp\u00e9cialiste clinique en physioth\u00e9rapie cardiorespiratoire. Je vous en citerai quelques-unes\u00a0: je souhaitais prendre part au [&hellip;]<\/p>\n","protected":false},"author":1,"featured_media":0,"parent":0,"menu_order":0,"comment_status":"closed","ping_status":"closed","template":"","meta":{"inline_featured_image":false,"ep_exclude_from_search":false,"footnotes":""},"topic":[],"class_list":["post-6120","page","type-page","status-publish","hentry"],"acf":[],"yoast_head":"<!-- This site is optimized with the Yoast SEO plugin v24.7 - https:\/\/yoast.com\/wordpress\/plugins\/seo\/ -->\n<title>Diana Hopkins-Rosseel - Canadian Physiotherapy Association<\/title>\n<meta name=\"robots\" content=\"index, follow, max-snippet:-1, max-image-preview:large, max-video-preview:-1\" \/>\n<link rel=\"canonical\" href=\"https:\/\/physiotherapy.ca\/fr\/diana-hopkins-rosseel\/\" \/>\n<meta property=\"og:locale\" content=\"fr_FR\" \/>\n<meta property=\"og:type\" content=\"article\" \/>\n<meta property=\"og:title\" content=\"Diana Hopkins-Rosseel - Canadian Physiotherapy Association\" \/>\n<meta property=\"og:description\" content=\"Domaine de sp\u00e9cialit\u00e9 clinique :\u00a0Cardiorespiratoire Nombre d\u2019ann\u00e9es de pratique dans ce domaine :\u00a027\u00a0 Pourquoi avoir choisi d\u2019\u00eatre sp\u00e9cialiste clinique? Plusieurs raisons m\u2019ont pouss\u00e9e \u00e0 devenir sp\u00e9cialiste clinique en physioth\u00e9rapie cardiorespiratoire. Je vous en citerai quelques-unes\u00a0: je souhaitais prendre part au [&hellip;]\" \/>\n<meta property=\"og:url\" content=\"https:\/\/physiotherapy.ca\/fr\/diana-hopkins-rosseel\/\" \/>\n<meta property=\"og:site_name\" content=\"Canadian Physiotherapy Association\" \/>\n<meta property=\"article:modified_time\" content=\"2022-08-08T17:21:35+00:00\" \/>\n<meta property=\"og:image\" content=\"https:\/\/physiotherapy.ca\/app\/uploads\/2022\/08\/csp-diana-hopkins-rosseel.jpg\" \/>\n<meta name=\"twitter:card\" content=\"summary_large_image\" \/>\n<meta name=\"twitter:label1\" content=\"Est. reading time\" \/>\n\t<meta name=\"twitter:data1\" content=\"3 minutes\" \/>\n<script type=\"application\/ld+json\" class=\"yoast-schema-graph\">{\"@context\":\"https:\/\/schema.org\",\"@graph\":[{\"@type\":\"WebPage\",\"@id\":\"https:\/\/physiotherapy.ca\/fr\/diana-hopkins-rosseel\/\",\"url\":\"https:\/\/physiotherapy.ca\/fr\/diana-hopkins-rosseel\/\",\"name\":\"Diana Hopkins-Rosseel - Canadian Physiotherapy Association\",\"isPartOf\":{\"@id\":\"https:\/\/physiotherapy.ca\/#website\"},\"primaryImageOfPage\":{\"@id\":\"https:\/\/physiotherapy.ca\/fr\/diana-hopkins-rosseel\/#primaryimage\"},\"image\":{\"@id\":\"https:\/\/physiotherapy.ca\/fr\/diana-hopkins-rosseel\/#primaryimage\"},\"thumbnailUrl\":\"https:\/\/physiotherapy.ca\/app\/uploads\/2022\/08\/csp-diana-hopkins-rosseel.jpg\",\"datePublished\":\"2022-08-08T17:21:34+00:00\",\"dateModified\":\"2022-08-08T17:21:35+00:00\",\"breadcrumb\":{\"@id\":\"https:\/\/physiotherapy.ca\/fr\/diana-hopkins-rosseel\/#breadcrumb\"},\"inLanguage\":\"fr-FR\",\"potentialAction\":[{\"@type\":\"ReadAction\",\"target\":[\"https:\/\/physiotherapy.ca\/fr\/diana-hopkins-rosseel\/\"]}]},{\"@type\":\"ImageObject\",\"inLanguage\":\"fr-FR\",\"@id\":\"https:\/\/physiotherapy.ca\/fr\/diana-hopkins-rosseel\/#primaryimage\",\"url\":\"https:\/\/physiotherapy.ca\/app\/uploads\/2022\/08\/csp-diana-hopkins-rosseel.jpg\",\"contentUrl\":\"https:\/\/physiotherapy.ca\/app\/uploads\/2022\/08\/csp-diana-hopkins-rosseel.jpg\"},{\"@type\":\"BreadcrumbList\",\"@id\":\"https:\/\/physiotherapy.ca\/fr\/diana-hopkins-rosseel\/#breadcrumb\",\"itemListElement\":[{\"@type\":\"ListItem\",\"position\":1,\"name\":\"Home\",\"item\":\"https:\/\/physiotherapy.ca\/fr\/\"},{\"@type\":\"ListItem\",\"position\":2,\"name\":\"Diana Hopkins-Rosseel\"}]},{\"@type\":\"WebSite\",\"@id\":\"https:\/\/physiotherapy.ca\/#website\",\"url\":\"https:\/\/physiotherapy.ca\/\",\"name\":\"Canadian Physiotherapy Association\",\"description\":\"The Canadian Physiotherapy Association (CPA) represents over 16,000 physiotherapy professionals and students across Canada.\",\"potentialAction\":[{\"@type\":\"SearchAction\",\"target\":{\"@type\":\"EntryPoint\",\"urlTemplate\":\"https:\/\/physiotherapy.ca\/?s={search_term_string}\"},\"query-input\":{\"@type\":\"PropertyValueSpecification\",\"valueRequired\":true,\"valueName\":\"search_term_string\"}}],\"inLanguage\":\"fr-FR\"}]}<\/script>\n<!-- \/ Yoast SEO plugin. -->","yoast_head_json":{"title":"Diana Hopkins-Rosseel - Canadian Physiotherapy Association","robots":{"index":"index","follow":"follow","max-snippet":"max-snippet:-1","max-image-preview":"max-image-preview:large","max-video-preview":"max-video-preview:-1"},"canonical":"https:\/\/physiotherapy.ca\/fr\/diana-hopkins-rosseel\/","og_locale":"fr_FR","og_type":"article","og_title":"Diana Hopkins-Rosseel - Canadian Physiotherapy Association","og_description":"Domaine de sp\u00e9cialit\u00e9 clinique :\u00a0Cardiorespiratoire Nombre d\u2019ann\u00e9es de pratique dans ce domaine :\u00a027\u00a0 Pourquoi avoir choisi d\u2019\u00eatre sp\u00e9cialiste clinique? Plusieurs raisons m\u2019ont pouss\u00e9e \u00e0 devenir sp\u00e9cialiste clinique en physioth\u00e9rapie cardiorespiratoire. Je vous en citerai quelques-unes\u00a0: je souhaitais prendre part au [&hellip;]","og_url":"https:\/\/physiotherapy.ca\/fr\/diana-hopkins-rosseel\/","og_site_name":"Canadian Physiotherapy Association","article_modified_time":"2022-08-08T17:21:35+00:00","og_image":[{"url":"https:\/\/physiotherapy.ca\/app\/uploads\/2022\/08\/csp-diana-hopkins-rosseel.jpg","type":"","width":"","height":""}],"twitter_card":"summary_large_image","twitter_misc":{"Est. reading time":"3 minutes"},"schema":{"@context":"https:\/\/schema.org","@graph":[{"@type":"WebPage","@id":"https:\/\/physiotherapy.ca\/fr\/diana-hopkins-rosseel\/","url":"https:\/\/physiotherapy.ca\/fr\/diana-hopkins-rosseel\/","name":"Diana Hopkins-Rosseel - Canadian Physiotherapy Association","isPartOf":{"@id":"https:\/\/physiotherapy.ca\/#website"},"primaryImageOfPage":{"@id":"https:\/\/physiotherapy.ca\/fr\/diana-hopkins-rosseel\/#primaryimage"},"image":{"@id":"https:\/\/physiotherapy.ca\/fr\/diana-hopkins-rosseel\/#primaryimage"},"thumbnailUrl":"https:\/\/physiotherapy.ca\/app\/uploads\/2022\/08\/csp-diana-hopkins-rosseel.jpg","datePublished":"2022-08-08T17:21:34+00:00","dateModified":"2022-08-08T17:21:35+00:00","breadcrumb":{"@id":"https:\/\/physiotherapy.ca\/fr\/diana-hopkins-rosseel\/#breadcrumb"},"inLanguage":"fr-FR","potentialAction":[{"@type":"ReadAction","target":["https:\/\/physiotherapy.ca\/fr\/diana-hopkins-rosseel\/"]}]},{"@type":"ImageObject","inLanguage":"fr-FR","@id":"https:\/\/physiotherapy.ca\/fr\/diana-hopkins-rosseel\/#primaryimage","url":"https:\/\/physiotherapy.ca\/app\/uploads\/2022\/08\/csp-diana-hopkins-rosseel.jpg","contentUrl":"https:\/\/physiotherapy.ca\/app\/uploads\/2022\/08\/csp-diana-hopkins-rosseel.jpg"},{"@type":"BreadcrumbList","@id":"https:\/\/physiotherapy.ca\/fr\/diana-hopkins-rosseel\/#breadcrumb","itemListElement":[{"@type":"ListItem","position":1,"name":"Home","item":"https:\/\/physiotherapy.ca\/fr\/"},{"@type":"ListItem","position":2,"name":"Diana Hopkins-Rosseel"}]},{"@type":"WebSite","@id":"https:\/\/physiotherapy.ca\/#website","url":"https:\/\/physiotherapy.ca\/","name":"Canadian Physiotherapy Association","description":"The Canadian Physiotherapy Association (CPA) represents over 16,000 physiotherapy professionals and students across Canada.","potentialAction":[{"@type":"SearchAction","target":{"@type":"EntryPoint","urlTemplate":"https:\/\/physiotherapy.ca\/?s={search_term_string}"},"query-input":{"@type":"PropertyValueSpecification","valueRequired":true,"valueName":"search_term_string"}}],"inLanguage":"fr-FR"}]}},"_links":{"self":[{"href":"https:\/\/physiotherapy.ca\/fr\/wp-json\/wp\/v2\/pages\/6120","targetHints":{"allow":["GET"]}}],"collection":[{"href":"https:\/\/physiotherapy.ca\/fr\/wp-json\/wp\/v2\/pages"}],"about":[{"href":"https:\/\/physiotherapy.ca\/fr\/wp-json\/wp\/v2\/types\/page"}],"author":[{"embeddable":true,"href":"https:\/\/physiotherapy.ca\/fr\/wp-json\/wp\/v2\/users\/1"}],"replies":[{"embeddable":true,"href":"https:\/\/physiotherapy.ca\/fr\/wp-json\/wp\/v2\/comments?post=6120"}],"version-history":[{"count":7,"href":"https:\/\/physiotherapy.ca\/fr\/wp-json\/wp\/v2\/pages\/6120\/revisions"}],"predecessor-version":[{"id":6137,"href":"https:\/\/physiotherapy.ca\/fr\/wp-json\/wp\/v2\/pages\/6120\/revisions\/6137"}],"wp:attachment":[{"href":"https:\/\/physiotherapy.ca\/fr\/wp-json\/wp\/v2\/media?parent=6120"}],"wp:term":[{"taxonomy":"topic","embeddable":true,"href":"https:\/\/physiotherapy.ca\/fr\/wp-json\/wp\/v2\/topic?post=6120"}],"curies":[{"name":"wp","href":"https:\/\/api.w.org\/{rel}","templated":true}]}}