{"id":6139,"date":"2022-08-08T13:24:28","date_gmt":"2022-08-08T17:24:28","guid":{"rendered":"https:\/\/physiotherapy.ca\/?page_id=6139"},"modified":"2022-08-08T13:24:30","modified_gmt":"2022-08-08T17:24:30","slug":"judy-kay","status":"publish","type":"page","link":"https:\/\/physiotherapy.ca\/fr\/judy-kay\/","title":{"rendered":"Judy Kay"},"content":{"rendered":"\n<div class=\"wp-block-media-text is-stacked-on-mobile is-vertically-aligned-top\" style=\"grid-template-columns:25% auto\"><figure class=\"wp-block-media-text__media\"><img loading=\"lazy\" decoding=\"async\" width=\"210\" height=\"248\" src=\"https:\/\/physiotherapy.ca\/app\/uploads\/2022\/08\/csp-judy-kay.jpg\" alt=\"\" class=\"wp-image-5633 size-full\" srcset=\"https:\/\/physiotherapy.ca\/app\/uploads\/2022\/08\/csp-judy-kay.jpg 210w, https:\/\/physiotherapy.ca\/app\/uploads\/2022\/08\/csp-judy-kay-169x200.jpg 169w\" sizes=\"auto, (max-width: 210px) 100vw, 210px\" \/><\/figure><div class=\"wp-block-media-text__content\">\n<p><strong>Domaine de sp\u00e9cialit\u00e9 clinique :\u00a0<\/strong>Cardiorespiratoire\u00a0<\/p>\n\n\n\n<p><strong>Nombre d\u2019ann\u00e9es de pratique dans ce domaine\u00a0:\u00a0<\/strong>32<\/p>\n\n\n\n<p><strong>Milieu de pratique :&nbsp;<\/strong>Soins actifs et consultation externe aupr\u00e8s de patients aux prises avec des probl\u00e8mes respiratoires complexes<\/p>\n\n\n\n<p><strong>Pourquoi avoir choisi d\u2019\u00eatre sp\u00e9cialiste clinique?<\/strong><\/p>\n\n\n\n<p>\u00c9tant donn\u00e9 que je vis \u00e0 Terre-Neuve-et-Labrador, o\u00f9 l\u2019Universit\u00e9 Memorial de Terre-Neuve n\u2019offre pas de programme en physioth\u00e9rapie, je cherche r\u00e9guli\u00e8rement des moyens de continuer d\u2019examiner mes options de pratique et de r\u00e9seauter. Le programme de sp\u00e9cialit\u00e9 m\u2019a permis d\u2019\u00e9tendre mon r\u00e9seau et de prendre contact avec des praticiens de tout le pays, un atout pour faire progresser ma pratique.<\/p>\n<\/div><\/div>\n\n\n\n<div style=\"height:35px\" aria-hidden=\"true\" class=\"wp-block-spacer\"><\/div>\n\n\n\n<p>En plus d\u2019\u00eatre directrice de pratique clinique, j\u2019ai pr\u00e9par\u00e9 et donn\u00e9 des cours sur l\u2019\u00e9valuation et la gestion cardiorespiratoires. Je trouvais important, sur le plan de la cr\u00e9dibilit\u00e9, d\u2019obtenir le titre de la sp\u00e9cialit\u00e9, ce qui place la barre haute pour se r\u00e9aliser professionnellement.<br>&nbsp;<\/p>\n\n\n\n<p><strong>Quelle influence croyez-vous que cette sp\u00e9cialit\u00e9 clinique aura sur l\u2019avenir de la physioth\u00e9rapie cardiorespiratoire?<\/strong><\/p>\n\n\n\n<p>Je souhaite que la physioth\u00e9rapie cardiorespiratoire, l\u2019une des toutes premi\u00e8res sp\u00e9cialisations, sensibilise l\u2019opinion publique et fasse une plus grande place \u00e0 cette sp\u00e9cialit\u00e9 dans l\u2019ensemble des soins de physioth\u00e9rapie donn\u00e9s aux patients. Ce programme de certification est un \u00e9l\u00e9ment de plus qui met en lumi\u00e8re les forces des physioth\u00e9rapeutes et leur apport possible aux \u00e9quipes de soins int\u00e9gr\u00e9s. Dans le cas d\u2019une unit\u00e9 de soins intensifs, par exemple, les avanc\u00e9es technologiques et le nombre de disciplines repr\u00e9sent\u00e9es sont ind\u00e9niables. Pouvoir justifier notre r\u00f4le, tant pour la prise en charge respiratoire que pour l\u2019orientation de la mobilisation progressive, nous permet non seulement de bien collaborer avec nos coll\u00e8gues d\u2019autres disciplines, mais aussi d\u2019assurer un leadership dans l\u2019\u00e9laboration des objectifs de soins. Il importe \u00e9galement de franchir les fronti\u00e8res disciplinaires et de trouver des moyens de rapprocher les praticiens de diverses sp\u00e9cialit\u00e9s, telles la physioth\u00e9rapie musculosquelettique ou la neuror\u00e9adaptation, afin qu\u2019ils apportent leur contribution de fa\u00e7ons nouvelles qui profiteront aux patients.<\/p>\n\n\n\n<hr class=\"wp-block-separator is-style-wide\"\/>\n\n\n\n<blockquote class=\"wp-block-quote is-layout-flow wp-block-quote-is-layout-flow\"><p><em>Le programme de sp\u00e9cialit\u00e9 m\u2019a permis d\u2019\u00e9tendre mon r\u00e9seau et de prendre contact avec des praticiens de tout le pays, un atout pour faire progresser ma pratique.<\/em><\/p><\/blockquote>\n\n\n\n<hr class=\"wp-block-separator is-style-wide\"\/>\n\n\n\n<p><strong>Quels facteurs importants faut-il prendre en compte lorsqu\u2019on souhaite faire une sp\u00e9cialit\u00e9 clinique?<\/strong><\/p>\n\n\n\n<p>L\u2019expression \u00ab\u00a0une cha\u00eene est aussi forte que son maillon le plus faible\u00a0\u00bb s\u2019applique \u00e0 nous. Pour que les r\u00e9sultats d\u2019une sp\u00e9cialit\u00e9 soient solides et cr\u00e9dibles, elle doit avoir de bonnes bases. Je sugg\u00e8re que tous les physioth\u00e9rapeutes visent initialement une pratique g\u00e9n\u00e9rale, afin de se doter des connaissances et des comp\u00e9tences requises avant de se sp\u00e9cialiser. Lorsque je me suis dirig\u00e9e en physioth\u00e9rapie cardiorespiratoire, mon exp\u00e9rience pr\u00e9alable de plusieurs domaines de pratique, dont les soins actifs en neurologie et la consultation externe, a enrichi mon bagage. Il faut axer sa pratique sur le patient, viser un \u00e9quilibre entre preuves et innovation, et adopter une lecture nouvelle de la science \u00e0 la base de notre travail. C\u2019est ensuite la passion qui sera le moteur de votre pratique! Le programme de sp\u00e9cialisation de l\u2019ACP est l\u2019un v\u00e9hicules pour r\u00e9aliser vos objectifs en la mati\u00e8re. Je recommande aux physioth\u00e9rapeutes de passer ce programme en revue\u00a0: ils pourraient satisfaire aux exigences plus rapidement qu\u2019ils le croient.<\/p>\n\n\n\n<h3 class=\"wp-block-heading\">Biographie<\/h3>\n\n\n\n<p>J\u2019ai obtenu mon baccalaur\u00e9at en physioth\u00e9rapie de l\u2019Universit\u00e9 Queen&#8217;s, puis je suis rentr\u00e9e \u00e0 St. John&#8217;s (Terre-Neuve-et-Labrador) travailler au Health Sciences Center pour remplir mon engagement li\u00e9 au programme de bourses. Au d\u00e9but de ma carri\u00e8re en physioth\u00e9rapie, comme mon premier poste au cycle sup\u00e9rieur avait \u00e9t\u00e9 en soins actifs en neurologie, j\u2019ai cru que ce serait mon domaine de pratique principal. Mais deux ans plus tard, j\u2019acceptais un poste cadre temporaire \u00e0 l\u2019unit\u00e9 de soins intensifs, o\u00f9 je coordonnais les services cardiorespiratoires pour le d\u00e9partement de physioth\u00e9rapie. J\u2019y avais consenti en tant que faveur \u00e0 ma premi\u00e8re patronne, jusqu\u2019\u00e0 ce qu\u2019elle recrute un chef clinique des services cardiorespiratoires. Ma seule condition \u00e9tait d\u2019obtenir du soutien pour la recherche de nouvelles preuves (c\u2019\u00e9tait avant la naissance de l\u2019expression \u00ab&nbsp;pratique fond\u00e9e sur des donn\u00e9es probantes&nbsp;\u00bb) et leur int\u00e9gration dans la pratique, car les traitements cardiorespiratoires me semblaient quelque peu routiniers. Ce qui s\u2019annon\u00e7ait une pause d\u2019un trimestre de la neurologie est devenu une passion de toute une vie pour la physioth\u00e9rapie cardiorespiratoire. En travaillant \u00e0 temps plein \u00e0 l\u2019unit\u00e9 de soins intensifs, j\u2019ai pu explorer la physiopathologie des patients et leur r\u00e9ponse instantan\u00e9e \u00e0 nos interventions. Les possibilit\u00e9s qu\u2019offrait une r\u00e9troaction constante m\u2019ont imm\u00e9diatement s\u00e9duite! Nous pouvions tenter un traitement, puis l\u2019adapter subtilement selon les r\u00e9troactions physique et technologique. Le cadre de l\u2019unit\u00e9 de soins intensifs permettait d\u2019exp\u00e9rimenter et d\u2019innover en toute s\u00e9curit\u00e9; nous pouvions donc extrapoler les progr\u00e8s en soins aux patients, et int\u00e9grer \u00e0 la pratique les r\u00e9sultats, la formation et les donn\u00e9es probantes.<\/p>\n\n\n\n<p>Je suis actuellement directrice de pratique clinique en physioth\u00e9rapie pour l\u2019organisme Eastern Health. Je partage mon temps entre, d\u2019une part, la pratique clinique \u00e0 l\u2019unit\u00e9 de soins intensifs et, d\u2019autre part, la coordination et l\u2019administration des ressources destin\u00e9es aux services externes de physioth\u00e9rapie \u00e0 l\u2019h\u00f4pital St. Clare&#8217;s Mercy. En 2012, ce fut un grand honneur de me voir d\u00e9cerner le prix de clinicienne de l\u2019ann\u00e9e (Allied Health Clinician of the Year award) pour mon travail au Eastern Health.<\/p>\n","protected":false},"excerpt":{"rendered":"<p>Domaine de sp\u00e9cialit\u00e9 clinique :\u00a0Cardiorespiratoire\u00a0 Nombre d\u2019ann\u00e9es de pratique dans ce domaine\u00a0:\u00a032 Milieu de pratique :&nbsp;Soins actifs et consultation externe aupr\u00e8s de patients aux prises avec des probl\u00e8mes respiratoires complexes Pourquoi avoir choisi d\u2019\u00eatre sp\u00e9cialiste clinique? \u00c9tant donn\u00e9 que je [&hellip;]<\/p>\n","protected":false},"author":1,"featured_media":0,"parent":0,"menu_order":0,"comment_status":"closed","ping_status":"closed","template":"","meta":{"inline_featured_image":false,"ep_exclude_from_search":false,"footnotes":""},"topic":[],"class_list":["post-6139","page","type-page","status-publish","hentry"],"acf":[],"yoast_head":"<!-- This site is optimized with the Yoast SEO plugin v24.7 - https:\/\/yoast.com\/wordpress\/plugins\/seo\/ -->\n<title>Judy Kay - Canadian Physiotherapy Association<\/title>\n<meta name=\"robots\" content=\"index, follow, max-snippet:-1, max-image-preview:large, max-video-preview:-1\" \/>\n<link rel=\"canonical\" href=\"https:\/\/physiotherapy.ca\/fr\/judy-kay\/\" \/>\n<meta property=\"og:locale\" content=\"fr_FR\" \/>\n<meta property=\"og:type\" content=\"article\" \/>\n<meta property=\"og:title\" content=\"Judy Kay - Canadian Physiotherapy Association\" \/>\n<meta property=\"og:description\" content=\"Domaine de sp\u00e9cialit\u00e9 clinique :\u00a0Cardiorespiratoire\u00a0 Nombre d\u2019ann\u00e9es de pratique dans ce domaine\u00a0:\u00a032 Milieu de pratique :&nbsp;Soins actifs et consultation externe aupr\u00e8s de patients aux prises avec des probl\u00e8mes respiratoires complexes Pourquoi avoir choisi d\u2019\u00eatre sp\u00e9cialiste clinique? \u00c9tant donn\u00e9 que je [&hellip;]\" \/>\n<meta property=\"og:url\" content=\"https:\/\/physiotherapy.ca\/fr\/judy-kay\/\" \/>\n<meta property=\"og:site_name\" content=\"Canadian Physiotherapy Association\" \/>\n<meta property=\"article:modified_time\" content=\"2022-08-08T17:24:30+00:00\" \/>\n<meta property=\"og:image\" content=\"https:\/\/physiotherapy.ca\/app\/uploads\/2022\/08\/csp-judy-kay.jpg\" \/>\n<meta name=\"twitter:card\" content=\"summary_large_image\" \/>\n<meta name=\"twitter:label1\" content=\"Est. reading time\" \/>\n\t<meta name=\"twitter:data1\" content=\"4 minutes\" \/>\n<script type=\"application\/ld+json\" class=\"yoast-schema-graph\">{\"@context\":\"https:\/\/schema.org\",\"@graph\":[{\"@type\":\"WebPage\",\"@id\":\"https:\/\/physiotherapy.ca\/fr\/judy-kay\/\",\"url\":\"https:\/\/physiotherapy.ca\/fr\/judy-kay\/\",\"name\":\"Judy Kay - Canadian Physiotherapy Association\",\"isPartOf\":{\"@id\":\"https:\/\/physiotherapy.ca\/#website\"},\"primaryImageOfPage\":{\"@id\":\"https:\/\/physiotherapy.ca\/fr\/judy-kay\/#primaryimage\"},\"image\":{\"@id\":\"https:\/\/physiotherapy.ca\/fr\/judy-kay\/#primaryimage\"},\"thumbnailUrl\":\"https:\/\/physiotherapy.ca\/app\/uploads\/2022\/08\/csp-judy-kay.jpg\",\"datePublished\":\"2022-08-08T17:24:28+00:00\",\"dateModified\":\"2022-08-08T17:24:30+00:00\",\"breadcrumb\":{\"@id\":\"https:\/\/physiotherapy.ca\/fr\/judy-kay\/#breadcrumb\"},\"inLanguage\":\"fr-FR\",\"potentialAction\":[{\"@type\":\"ReadAction\",\"target\":[\"https:\/\/physiotherapy.ca\/fr\/judy-kay\/\"]}]},{\"@type\":\"ImageObject\",\"inLanguage\":\"fr-FR\",\"@id\":\"https:\/\/physiotherapy.ca\/fr\/judy-kay\/#primaryimage\",\"url\":\"https:\/\/physiotherapy.ca\/app\/uploads\/2022\/08\/csp-judy-kay.jpg\",\"contentUrl\":\"https:\/\/physiotherapy.ca\/app\/uploads\/2022\/08\/csp-judy-kay.jpg\"},{\"@type\":\"BreadcrumbList\",\"@id\":\"https:\/\/physiotherapy.ca\/fr\/judy-kay\/#breadcrumb\",\"itemListElement\":[{\"@type\":\"ListItem\",\"position\":1,\"name\":\"Home\",\"item\":\"https:\/\/physiotherapy.ca\/fr\/\"},{\"@type\":\"ListItem\",\"position\":2,\"name\":\"Judy Kay\"}]},{\"@type\":\"WebSite\",\"@id\":\"https:\/\/physiotherapy.ca\/#website\",\"url\":\"https:\/\/physiotherapy.ca\/\",\"name\":\"Canadian Physiotherapy Association\",\"description\":\"The Canadian Physiotherapy Association (CPA) represents over 16,000 physiotherapy professionals and students across Canada.\",\"potentialAction\":[{\"@type\":\"SearchAction\",\"target\":{\"@type\":\"EntryPoint\",\"urlTemplate\":\"https:\/\/physiotherapy.ca\/?s={search_term_string}\"},\"query-input\":{\"@type\":\"PropertyValueSpecification\",\"valueRequired\":true,\"valueName\":\"search_term_string\"}}],\"inLanguage\":\"fr-FR\"}]}<\/script>\n<!-- \/ Yoast SEO plugin. -->","yoast_head_json":{"title":"Judy Kay - Canadian Physiotherapy Association","robots":{"index":"index","follow":"follow","max-snippet":"max-snippet:-1","max-image-preview":"max-image-preview:large","max-video-preview":"max-video-preview:-1"},"canonical":"https:\/\/physiotherapy.ca\/fr\/judy-kay\/","og_locale":"fr_FR","og_type":"article","og_title":"Judy Kay - Canadian Physiotherapy Association","og_description":"Domaine de sp\u00e9cialit\u00e9 clinique :\u00a0Cardiorespiratoire\u00a0 Nombre d\u2019ann\u00e9es de pratique dans ce domaine\u00a0:\u00a032 Milieu de pratique :&nbsp;Soins actifs et consultation externe aupr\u00e8s de patients aux prises avec des probl\u00e8mes respiratoires complexes Pourquoi avoir choisi d\u2019\u00eatre sp\u00e9cialiste clinique? \u00c9tant donn\u00e9 que je [&hellip;]","og_url":"https:\/\/physiotherapy.ca\/fr\/judy-kay\/","og_site_name":"Canadian Physiotherapy Association","article_modified_time":"2022-08-08T17:24:30+00:00","og_image":[{"url":"https:\/\/physiotherapy.ca\/app\/uploads\/2022\/08\/csp-judy-kay.jpg","type":"","width":"","height":""}],"twitter_card":"summary_large_image","twitter_misc":{"Est. reading time":"4 minutes"},"schema":{"@context":"https:\/\/schema.org","@graph":[{"@type":"WebPage","@id":"https:\/\/physiotherapy.ca\/fr\/judy-kay\/","url":"https:\/\/physiotherapy.ca\/fr\/judy-kay\/","name":"Judy Kay - Canadian Physiotherapy Association","isPartOf":{"@id":"https:\/\/physiotherapy.ca\/#website"},"primaryImageOfPage":{"@id":"https:\/\/physiotherapy.ca\/fr\/judy-kay\/#primaryimage"},"image":{"@id":"https:\/\/physiotherapy.ca\/fr\/judy-kay\/#primaryimage"},"thumbnailUrl":"https:\/\/physiotherapy.ca\/app\/uploads\/2022\/08\/csp-judy-kay.jpg","datePublished":"2022-08-08T17:24:28+00:00","dateModified":"2022-08-08T17:24:30+00:00","breadcrumb":{"@id":"https:\/\/physiotherapy.ca\/fr\/judy-kay\/#breadcrumb"},"inLanguage":"fr-FR","potentialAction":[{"@type":"ReadAction","target":["https:\/\/physiotherapy.ca\/fr\/judy-kay\/"]}]},{"@type":"ImageObject","inLanguage":"fr-FR","@id":"https:\/\/physiotherapy.ca\/fr\/judy-kay\/#primaryimage","url":"https:\/\/physiotherapy.ca\/app\/uploads\/2022\/08\/csp-judy-kay.jpg","contentUrl":"https:\/\/physiotherapy.ca\/app\/uploads\/2022\/08\/csp-judy-kay.jpg"},{"@type":"BreadcrumbList","@id":"https:\/\/physiotherapy.ca\/fr\/judy-kay\/#breadcrumb","itemListElement":[{"@type":"ListItem","position":1,"name":"Home","item":"https:\/\/physiotherapy.ca\/fr\/"},{"@type":"ListItem","position":2,"name":"Judy Kay"}]},{"@type":"WebSite","@id":"https:\/\/physiotherapy.ca\/#website","url":"https:\/\/physiotherapy.ca\/","name":"Canadian Physiotherapy Association","description":"The Canadian Physiotherapy Association (CPA) represents over 16,000 physiotherapy professionals and students across Canada.","potentialAction":[{"@type":"SearchAction","target":{"@type":"EntryPoint","urlTemplate":"https:\/\/physiotherapy.ca\/?s={search_term_string}"},"query-input":{"@type":"PropertyValueSpecification","valueRequired":true,"valueName":"search_term_string"}}],"inLanguage":"fr-FR"}]}},"_links":{"self":[{"href":"https:\/\/physiotherapy.ca\/fr\/wp-json\/wp\/v2\/pages\/6139","targetHints":{"allow":["GET"]}}],"collection":[{"href":"https:\/\/physiotherapy.ca\/fr\/wp-json\/wp\/v2\/pages"}],"about":[{"href":"https:\/\/physiotherapy.ca\/fr\/wp-json\/wp\/v2\/types\/page"}],"author":[{"embeddable":true,"href":"https:\/\/physiotherapy.ca\/fr\/wp-json\/wp\/v2\/users\/1"}],"replies":[{"embeddable":true,"href":"https:\/\/physiotherapy.ca\/fr\/wp-json\/wp\/v2\/comments?post=6139"}],"version-history":[{"count":2,"href":"https:\/\/physiotherapy.ca\/fr\/wp-json\/wp\/v2\/pages\/6139\/revisions"}],"predecessor-version":[{"id":6141,"href":"https:\/\/physiotherapy.ca\/fr\/wp-json\/wp\/v2\/pages\/6139\/revisions\/6141"}],"wp:attachment":[{"href":"https:\/\/physiotherapy.ca\/fr\/wp-json\/wp\/v2\/media?parent=6139"}],"wp:term":[{"taxonomy":"topic","embeddable":true,"href":"https:\/\/physiotherapy.ca\/fr\/wp-json\/wp\/v2\/topic?post=6139"}],"curies":[{"name":"wp","href":"https:\/\/api.w.org\/{rel}","templated":true}]}}