{"id":6159,"date":"2022-08-08T13:32:57","date_gmt":"2022-08-08T17:32:57","guid":{"rendered":"https:\/\/physiotherapy.ca\/?page_id=6159"},"modified":"2022-08-08T13:32:58","modified_gmt":"2022-08-08T17:32:58","slug":"oren-cheifetz","status":"publish","type":"page","link":"https:\/\/physiotherapy.ca\/fr\/oren-cheifetz\/","title":{"rendered":"Oren Cheifetz"},"content":{"rendered":"\n<div class=\"wp-block-media-text is-stacked-on-mobile is-vertically-aligned-top\" style=\"grid-template-columns:27% auto\"><figure class=\"wp-block-media-text__media\"><img loading=\"lazy\" decoding=\"async\" width=\"576\" height=\"1024\" src=\"https:\/\/physiotherapy.ca\/app\/uploads\/2022\/08\/oren-congress-photo-576x1024.jpg\" alt=\"\" class=\"wp-image-5649 size-full\" srcset=\"https:\/\/physiotherapy.ca\/app\/uploads\/2022\/08\/oren-congress-photo-576x1024.jpg 576w, https:\/\/physiotherapy.ca\/app\/uploads\/2022\/08\/oren-congress-photo-600x1067.jpg 600w, https:\/\/physiotherapy.ca\/app\/uploads\/2022\/08\/oren-congress-photo-169x300.jpg 169w, https:\/\/physiotherapy.ca\/app\/uploads\/2022\/08\/oren-congress-photo-768x1365.jpg 768w, https:\/\/physiotherapy.ca\/app\/uploads\/2022\/08\/oren-congress-photo-864x1536.jpg 864w, https:\/\/physiotherapy.ca\/app\/uploads\/2022\/08\/oren-congress-photo-1152x2048.jpg 1152w, https:\/\/physiotherapy.ca\/app\/uploads\/2022\/08\/oren-congress-photo-113x200.jpg 113w, https:\/\/physiotherapy.ca\/app\/uploads\/2022\/08\/oren-congress-photo-scaled.jpg 1440w\" sizes=\"auto, (max-width: 576px) 100vw, 576px\" \/><\/figure><div class=\"wp-block-media-text__content\">\n<p><strong>Domaine de sp\u00e9cialit\u00e9 clinique\u00a0:\u00a0<\/strong>Oncologie<\/p>\n\n\n\n<p><strong>Nombre d\u2019ann\u00e9es de pratique dans ce domaine\u00a0:<\/strong>\u00a010<\/p>\n\n\n\n<p><strong>Secteurs d\u2019int\u00e9r\u00eat\u00a0:\u00a0<\/strong>Ma charge de travail est \u00e0 60\u00a0% en h\u00e9matologie\/oncologie et \u00e0 40\u00a0% en enseignement, mentorat et travail au sein de comit\u00e9s, surtout en oncologie.<\/p>\n\n\n\n<p><strong>Loisirs&nbsp;:&nbsp;<\/strong>J\u2019aime jouer au volleyball et au basketball, mais j\u2019ai besoin d\u2019un bon physioth\u00e9rapeute pour mes douleurs au genou. En tant que physioth\u00e9rapeute sp\u00e9cialis\u00e9 en oncologie, je sais que le genou est quelque part entre la hanche et la cheville, mais je ne suis pas en mesure de me traiter!<\/p>\n<\/div><\/div>\n\n\n\n<div style=\"height:36px\" aria-hidden=\"true\" class=\"wp-block-spacer\"><\/div>\n\n\n\n<p><strong>Que trouvez-vous le plus satisfaisant dans le programme de sp\u00e9cialit\u00e9?<\/strong><\/p>\n\n\n\n<p>Le processus de sp\u00e9cialisation a am\u00e9lior\u00e9 ma capacit\u00e9 \u00e0 communiquer mes processus de r\u00e9flexion clinique. Selon moi, la plupart des physioth\u00e9rapeutes ne sont pas conscients de leurs r\u00e9alisations professionnelles tant qu\u2019ils ne les ont pas sous les yeux. Tout en constituant une le\u00e7on d\u2019humilit\u00e9, le programme a \u00e9t\u00e9 pour moi une occasion gratifiante de prendre conscience de mes r\u00e9alisations et de confirmer mes comp\u00e9tences \u2013 un processus que j\u2019ai trouv\u00e9 extraordinaire.<\/p>\n\n\n\n<p>De nombreux candidats potentiels au programme se demandent comment le titre de sp\u00e9cialiste changera leur pratique. Je leur explique que ce titre n\u2019a pas chang\u00e9 ma pratique quotidienne, mais plut\u00f4t mon engagement en dehors du contact direct avec le patient. Plus pr\u00e9cis\u00e9ment, j\u2019ai particip\u00e9 \u00e0 davantage de pr\u00e9sentations \u00e0 des fournisseurs de soins de sant\u00e9, \u00e0 des groupes de soutien aux patients et \u00e0 d\u2019autres groupes de sant\u00e9. Le programme de sp\u00e9cialit\u00e9 clinique est un processus rigoureux qui permet de reconna\u00eetre et de souligner ce qu\u2019accomplit d\u00e9j\u00e0 un physioth\u00e9rapeute sp\u00e9cialis\u00e9.<\/p>\n\n\n\n<p><strong>O\u00f9 esp\u00e9rez-vous voir la profession dans 25&nbsp;ans?<\/strong><\/p>\n\n\n\n<p>Je pense que nous avons besoin de plus de physioth\u00e9rapeutes qui travaillent en oncologie et qui rel\u00e8vent le d\u00e9fi de le faire \u00e0 long terme. Action Cancer Ontario publiera bient\u00f4t des lignes directrices sur le travail aupr\u00e8s des personnes atteintes d\u2019un cancer, et les physioth\u00e9rapeutes doivent bien conna\u00eetre la fa\u00e7on de travailler avec cette population et \u00eatre pr\u00eats \u00e0 le faire afin de devenir des chefs de file dans ce domaine.<\/p>\n\n\n\n<p><strong>Quelle est la valeur du programme de sp\u00e9cialit\u00e9 pour les candidats?<\/strong><\/p>\n\n\n\n<p>J\u2019a aim\u00e9 le processus et je suis content d\u2019avoir pu am\u00e9liorer mes capacit\u00e9s d\u2019introspection; en fait, j\u2019aide aujourd\u2019hui d\u2019autres physioth\u00e9rapeutes \u00e0 faire de m\u00eame. Le programme est r\u00e9put\u00e9 pour sa rigueur, et les candidats doivent r\u00e9pondre \u00e0 quatre\u00a0exigences pour recevoir le titre\u00a0: une comp\u00e9tence clinique avanc\u00e9e, un leadership professionnel, des activit\u00e9s de perfectionnement professionnel et la participation \u00e0 des activit\u00e9s de recherche. L\u2019un des d\u00e9fis soulign\u00e9s par certains participants au programme de sp\u00e9cialit\u00e9 clinique est le volume de documents \u00e0 pr\u00e9senter, notamment les documents du dossier du candidat \u00e0 l\u2019\u00e9tape I et les trois\u00a0\u00e9tudes de cas \u00e0 l\u2019\u00e9tape\u00a0II, mais voici ce que je leur dis\u00a0: \u00ab\u00a0Le processus de sp\u00e9cialit\u00e9 clinique permet une croissance personnelle et professionnelle qui vaut l\u2019effort investi.\u00a0\u00bb<\/p>\n\n\n\n<p><strong>Quel est l\u2019avenir du programme de sp\u00e9cialit\u00e9 clinique en oncologie?<\/strong><\/p>\n\n\n\n<p>J\u2019observe un int\u00e9r\u00eat croissant de la part des \u00e9tudiants en physioth\u00e9rapie qui s\u2019interrogent sur le processus de sp\u00e9cialit\u00e9 clinique en oncologie. Je pense que les \u00e9tudiants cherchent des m\u00e9thodes pour se distinguer parmi leurs pairs, et la sp\u00e9cialisation permet aux plus motiv\u00e9s d\u2019entre eux de remettre en question leur pratique.<\/p>\n","protected":false},"excerpt":{"rendered":"<p>Domaine de sp\u00e9cialit\u00e9 clinique\u00a0:\u00a0Oncologie Nombre d\u2019ann\u00e9es de pratique dans ce domaine\u00a0:\u00a010 Secteurs d\u2019int\u00e9r\u00eat\u00a0:\u00a0Ma charge de travail est \u00e0 60\u00a0% en h\u00e9matologie\/oncologie et \u00e0 40\u00a0% en enseignement, mentorat et travail au sein de comit\u00e9s, surtout en oncologie. Loisirs&nbsp;:&nbsp;J\u2019aime jouer au volleyball [&hellip;]<\/p>\n","protected":false},"author":1,"featured_media":0,"parent":0,"menu_order":0,"comment_status":"closed","ping_status":"closed","template":"","meta":{"inline_featured_image":false,"ep_exclude_from_search":false,"footnotes":""},"topic":[],"class_list":["post-6159","page","type-page","status-publish","hentry"],"acf":[],"yoast_head":"<!-- This site is optimized with the Yoast SEO plugin v24.7 - https:\/\/yoast.com\/wordpress\/plugins\/seo\/ -->\n<title>Oren Cheifetz - Canadian Physiotherapy Association<\/title>\n<meta name=\"robots\" content=\"index, follow, max-snippet:-1, max-image-preview:large, max-video-preview:-1\" \/>\n<link rel=\"canonical\" href=\"https:\/\/physiotherapy.ca\/fr\/oren-cheifetz\/\" \/>\n<meta property=\"og:locale\" content=\"fr_FR\" \/>\n<meta property=\"og:type\" content=\"article\" \/>\n<meta property=\"og:title\" content=\"Oren Cheifetz - Canadian Physiotherapy Association\" \/>\n<meta property=\"og:description\" content=\"Domaine de sp\u00e9cialit\u00e9 clinique\u00a0:\u00a0Oncologie Nombre d\u2019ann\u00e9es de pratique dans ce domaine\u00a0:\u00a010 Secteurs d\u2019int\u00e9r\u00eat\u00a0:\u00a0Ma charge de travail est \u00e0 60\u00a0% en h\u00e9matologie\/oncologie et \u00e0 40\u00a0% en enseignement, mentorat et travail au sein de comit\u00e9s, surtout en oncologie. Loisirs&nbsp;:&nbsp;J\u2019aime jouer au volleyball [&hellip;]\" \/>\n<meta property=\"og:url\" content=\"https:\/\/physiotherapy.ca\/fr\/oren-cheifetz\/\" \/>\n<meta property=\"og:site_name\" content=\"Canadian Physiotherapy Association\" \/>\n<meta property=\"article:modified_time\" content=\"2022-08-08T17:32:58+00:00\" \/>\n<meta property=\"og:image\" content=\"https:\/\/physiotherapy.ca\/app\/uploads\/2022\/08\/oren-congress-photo-576x1024.jpg\" \/>\n<meta name=\"twitter:card\" content=\"summary_large_image\" \/>\n<meta name=\"twitter:label1\" content=\"Est. reading time\" \/>\n\t<meta name=\"twitter:data1\" content=\"3 minutes\" \/>\n<script type=\"application\/ld+json\" class=\"yoast-schema-graph\">{\"@context\":\"https:\/\/schema.org\",\"@graph\":[{\"@type\":\"WebPage\",\"@id\":\"https:\/\/physiotherapy.ca\/fr\/oren-cheifetz\/\",\"url\":\"https:\/\/physiotherapy.ca\/fr\/oren-cheifetz\/\",\"name\":\"Oren Cheifetz - Canadian Physiotherapy Association\",\"isPartOf\":{\"@id\":\"https:\/\/physiotherapy.ca\/#website\"},\"primaryImageOfPage\":{\"@id\":\"https:\/\/physiotherapy.ca\/fr\/oren-cheifetz\/#primaryimage\"},\"image\":{\"@id\":\"https:\/\/physiotherapy.ca\/fr\/oren-cheifetz\/#primaryimage\"},\"thumbnailUrl\":\"https:\/\/physiotherapy.ca\/app\/uploads\/2022\/08\/oren-congress-photo-576x1024.jpg\",\"datePublished\":\"2022-08-08T17:32:57+00:00\",\"dateModified\":\"2022-08-08T17:32:58+00:00\",\"breadcrumb\":{\"@id\":\"https:\/\/physiotherapy.ca\/fr\/oren-cheifetz\/#breadcrumb\"},\"inLanguage\":\"fr-FR\",\"potentialAction\":[{\"@type\":\"ReadAction\",\"target\":[\"https:\/\/physiotherapy.ca\/fr\/oren-cheifetz\/\"]}]},{\"@type\":\"ImageObject\",\"inLanguage\":\"fr-FR\",\"@id\":\"https:\/\/physiotherapy.ca\/fr\/oren-cheifetz\/#primaryimage\",\"url\":\"https:\/\/physiotherapy.ca\/app\/uploads\/2022\/08\/oren-congress-photo-576x1024.jpg\",\"contentUrl\":\"https:\/\/physiotherapy.ca\/app\/uploads\/2022\/08\/oren-congress-photo-576x1024.jpg\"},{\"@type\":\"BreadcrumbList\",\"@id\":\"https:\/\/physiotherapy.ca\/fr\/oren-cheifetz\/#breadcrumb\",\"itemListElement\":[{\"@type\":\"ListItem\",\"position\":1,\"name\":\"Home\",\"item\":\"https:\/\/physiotherapy.ca\/fr\/\"},{\"@type\":\"ListItem\",\"position\":2,\"name\":\"Oren Cheifetz\"}]},{\"@type\":\"WebSite\",\"@id\":\"https:\/\/physiotherapy.ca\/#website\",\"url\":\"https:\/\/physiotherapy.ca\/\",\"name\":\"Canadian Physiotherapy Association\",\"description\":\"The Canadian Physiotherapy Association (CPA) represents over 16,000 physiotherapy professionals and students across Canada.\",\"potentialAction\":[{\"@type\":\"SearchAction\",\"target\":{\"@type\":\"EntryPoint\",\"urlTemplate\":\"https:\/\/physiotherapy.ca\/?s={search_term_string}\"},\"query-input\":{\"@type\":\"PropertyValueSpecification\",\"valueRequired\":true,\"valueName\":\"search_term_string\"}}],\"inLanguage\":\"fr-FR\"}]}<\/script>\n<!-- \/ Yoast SEO plugin. -->","yoast_head_json":{"title":"Oren Cheifetz - Canadian Physiotherapy Association","robots":{"index":"index","follow":"follow","max-snippet":"max-snippet:-1","max-image-preview":"max-image-preview:large","max-video-preview":"max-video-preview:-1"},"canonical":"https:\/\/physiotherapy.ca\/fr\/oren-cheifetz\/","og_locale":"fr_FR","og_type":"article","og_title":"Oren Cheifetz - Canadian Physiotherapy Association","og_description":"Domaine de sp\u00e9cialit\u00e9 clinique\u00a0:\u00a0Oncologie Nombre d\u2019ann\u00e9es de pratique dans ce domaine\u00a0:\u00a010 Secteurs d\u2019int\u00e9r\u00eat\u00a0:\u00a0Ma charge de travail est \u00e0 60\u00a0% en h\u00e9matologie\/oncologie et \u00e0 40\u00a0% en enseignement, mentorat et travail au sein de comit\u00e9s, surtout en oncologie. Loisirs&nbsp;:&nbsp;J\u2019aime jouer au volleyball [&hellip;]","og_url":"https:\/\/physiotherapy.ca\/fr\/oren-cheifetz\/","og_site_name":"Canadian Physiotherapy Association","article_modified_time":"2022-08-08T17:32:58+00:00","og_image":[{"url":"https:\/\/physiotherapy.ca\/app\/uploads\/2022\/08\/oren-congress-photo-576x1024.jpg","type":"","width":"","height":""}],"twitter_card":"summary_large_image","twitter_misc":{"Est. reading time":"3 minutes"},"schema":{"@context":"https:\/\/schema.org","@graph":[{"@type":"WebPage","@id":"https:\/\/physiotherapy.ca\/fr\/oren-cheifetz\/","url":"https:\/\/physiotherapy.ca\/fr\/oren-cheifetz\/","name":"Oren Cheifetz - Canadian Physiotherapy Association","isPartOf":{"@id":"https:\/\/physiotherapy.ca\/#website"},"primaryImageOfPage":{"@id":"https:\/\/physiotherapy.ca\/fr\/oren-cheifetz\/#primaryimage"},"image":{"@id":"https:\/\/physiotherapy.ca\/fr\/oren-cheifetz\/#primaryimage"},"thumbnailUrl":"https:\/\/physiotherapy.ca\/app\/uploads\/2022\/08\/oren-congress-photo-576x1024.jpg","datePublished":"2022-08-08T17:32:57+00:00","dateModified":"2022-08-08T17:32:58+00:00","breadcrumb":{"@id":"https:\/\/physiotherapy.ca\/fr\/oren-cheifetz\/#breadcrumb"},"inLanguage":"fr-FR","potentialAction":[{"@type":"ReadAction","target":["https:\/\/physiotherapy.ca\/fr\/oren-cheifetz\/"]}]},{"@type":"ImageObject","inLanguage":"fr-FR","@id":"https:\/\/physiotherapy.ca\/fr\/oren-cheifetz\/#primaryimage","url":"https:\/\/physiotherapy.ca\/app\/uploads\/2022\/08\/oren-congress-photo-576x1024.jpg","contentUrl":"https:\/\/physiotherapy.ca\/app\/uploads\/2022\/08\/oren-congress-photo-576x1024.jpg"},{"@type":"BreadcrumbList","@id":"https:\/\/physiotherapy.ca\/fr\/oren-cheifetz\/#breadcrumb","itemListElement":[{"@type":"ListItem","position":1,"name":"Home","item":"https:\/\/physiotherapy.ca\/fr\/"},{"@type":"ListItem","position":2,"name":"Oren Cheifetz"}]},{"@type":"WebSite","@id":"https:\/\/physiotherapy.ca\/#website","url":"https:\/\/physiotherapy.ca\/","name":"Canadian Physiotherapy Association","description":"The Canadian Physiotherapy Association (CPA) represents over 16,000 physiotherapy professionals and students across Canada.","potentialAction":[{"@type":"SearchAction","target":{"@type":"EntryPoint","urlTemplate":"https:\/\/physiotherapy.ca\/?s={search_term_string}"},"query-input":{"@type":"PropertyValueSpecification","valueRequired":true,"valueName":"search_term_string"}}],"inLanguage":"fr-FR"}]}},"_links":{"self":[{"href":"https:\/\/physiotherapy.ca\/fr\/wp-json\/wp\/v2\/pages\/6159","targetHints":{"allow":["GET"]}}],"collection":[{"href":"https:\/\/physiotherapy.ca\/fr\/wp-json\/wp\/v2\/pages"}],"about":[{"href":"https:\/\/physiotherapy.ca\/fr\/wp-json\/wp\/v2\/types\/page"}],"author":[{"embeddable":true,"href":"https:\/\/physiotherapy.ca\/fr\/wp-json\/wp\/v2\/users\/1"}],"replies":[{"embeddable":true,"href":"https:\/\/physiotherapy.ca\/fr\/wp-json\/wp\/v2\/comments?post=6159"}],"version-history":[{"count":5,"href":"https:\/\/physiotherapy.ca\/fr\/wp-json\/wp\/v2\/pages\/6159\/revisions"}],"predecessor-version":[{"id":6164,"href":"https:\/\/physiotherapy.ca\/fr\/wp-json\/wp\/v2\/pages\/6159\/revisions\/6164"}],"wp:attachment":[{"href":"https:\/\/physiotherapy.ca\/fr\/wp-json\/wp\/v2\/media?parent=6159"}],"wp:term":[{"taxonomy":"topic","embeddable":true,"href":"https:\/\/physiotherapy.ca\/fr\/wp-json\/wp\/v2\/topic?post=6159"}],"curies":[{"name":"wp","href":"https:\/\/api.w.org\/{rel}","templated":true}]}}