{"id":6188,"date":"2022-08-08T13:59:13","date_gmt":"2022-08-08T17:59:13","guid":{"rendered":"https:\/\/physiotherapy.ca\/?page_id=6188"},"modified":"2022-08-08T13:59:15","modified_gmt":"2022-08-08T17:59:15","slug":"anne-rankin","status":"publish","type":"page","link":"https:\/\/physiotherapy.ca\/fr\/anne-rankin\/","title":{"rendered":"Anne Rankin"},"content":{"rendered":"\n<div class=\"wp-block-media-text is-stacked-on-mobile is-vertically-aligned-top\" style=\"grid-template-columns:25% auto\"><figure class=\"wp-block-media-text__media\"><img loading=\"lazy\" decoding=\"async\" width=\"101\" height=\"170\" src=\"https:\/\/physiotherapy.ca\/app\/uploads\/2022\/08\/annerankin.jpg\" alt=\"\" class=\"wp-image-5656 size-full\"\/><\/figure><div class=\"wp-block-media-text__content\">\n<p><strong>Domaine de sp\u00e9cialit\u00e9 clinique<\/strong>&nbsp;: Oncologie<\/p>\n\n\n\n<p><strong>Nombre d\u2019ann\u00e9es de pratique dans ce domaine<\/strong>&nbsp;: 16<\/p>\n\n\n\n<p><strong>Secteurs d\u2019int\u00e9r\u00eat<\/strong>&nbsp;: R\u00e9adaptation en p\u00e9diatrie apr\u00e8s une rotation-plastie ou un autre type de reconstruction d\u2019articulation; effets \u00e0 court et \u00e0 long terme de la vincristine (m\u00e9dicament employ\u00e9 en chimioth\u00e9rapie).<\/p>\n\n\n\n<p><strong>Loisirs<\/strong>&nbsp;: Demi-marathon en marche rapide (j\u2019encadre un groupe); Pilates; jardinage<\/p>\n<\/div><\/div>\n\n\n\n<div style=\"height:36px\" aria-hidden=\"true\" class=\"wp-block-spacer\"><\/div>\n\n\n\n<p><strong>Que trouvez-vous le plus satisfaisant dans le programme de sp\u00e9cialit\u00e9?<\/strong><\/p>\n\n\n\n<p>J\u2019ai appr\u00e9ci\u00e9 l\u2019ensemble du processus. En mettant par \u00e9crit le raisonnement clinique qui sous-tendait les cas que je voulais pr\u00e9senter, j\u2019ai d\u00fb adopter une perspective diff\u00e9rente. Les expos\u00e9s oraux ont toujours repr\u00e9sent\u00e9 un d\u00e9fi pour moi; gr\u00e2ce aux \u00e9tudes de cas, j\u2019ai beaucoup am\u00e9lior\u00e9 mon organisation et ma confiance en moi. Le processus m\u2019a aussi permis de confirmer que j\u2019avais une solide base de connaissances dans mon domaine de pratique.<\/p>\n\n\n\n<p><strong>Pourquoi avez-vous particip\u00e9 au programme?<\/strong><\/p>\n\n\n\n<p>D\u00e8s le d\u00e9but du programme, on m\u2019a demand\u00e9 de poser ma candidature et de devenir \u00e9valuatrice. J\u2019ai \u00e9t\u00e9 tr\u00e8s honor\u00e9e qu\u2019on fasse appel \u00e0 moi (surtout lorsque j\u2019ai vu qui d\u2019autre \u00e9tait l\u00e0) et ravie de constater \u00e0 quel point le processus \u00e9tait inclusif.<br><strong>O\u00f9 esp\u00e9rez-vous voir la profession dans 25&nbsp;ans?<\/strong><\/p>\n\n\n\n<p>J\u2019esp\u00e8re que les physioth\u00e9rapeutes comprendront mieux \u00e0 quel point les soins n\u00e9cessaires aux patients ayant eu un cancer sont complexes; j\u2019esp\u00e8re aussi qu\u2019ils comprendront mieux la fa\u00e7on de donner ces soins pour optimiser la qualit\u00e9 de vie de ces personnes.<\/p>\n\n\n\n<p><strong>Selon vous, quel impact aura la sp\u00e9cialisation dans votre domaine?<\/strong><\/p>\n\n\n\n<p>Elle enrichira les connaissances gr\u00e2ce au mentorat, \u00e0 la mise en commun des ressources et \u00e0 l\u2019apprentissage collaboratif entre les divisions.<\/p>\n\n\n\n<p><strong>Quelle est la valeur du programme de sp\u00e9cialit\u00e9 pour les candidats?<\/strong><\/p>\n\n\n\n<p>Il est int\u00e9ressant, pour les clients qui sont \u00e0 la recherche de soins sp\u00e9cialis\u00e9s, de pouvoir trouver un physioth\u00e9rapeute reconnu par une organisation nationale. Cela permet \u00e9galement aux sp\u00e9cialistes de r\u00e9seauter \u00e0 plus grande \u00e9chelle, dans tout le pays.<\/p>\n\n\n\n<p><strong>Avez-vous fait appel \u00e0 votre r\u00e9seau de sp\u00e9cialistes, et comment?<\/strong><\/p>\n\n\n\n<p>J\u2019ai pu constituer un r\u00e9seau avec des physioth\u00e9rapeutes sp\u00e9cialis\u00e9s en oncologie de tout le Canada. R\u00e9cemment, j\u2019ai collabor\u00e9 avec la division orthop\u00e9die pour informer ses membres des particularit\u00e9s du cancer chez les enfants.<\/p>\n\n\n\n<p><strong>Quels facteurs importants faut-il prendre en compte lorsqu\u2019on souhaite faire une sp\u00e9cialit\u00e9 clinique?<\/strong><\/p>\n\n\n\n<p>Si vous avez obtenu votre dipl\u00f4me il y a un certain temps d\u00e9j\u00e0, je vous sugg\u00e8re de revoir quelques mod\u00e8les de raisonnement clinique (afin d\u2019en trouver un qui vous convient) et de mettre \u00e0 jour vos connaissances en consultant la CIF, car cela vous aidera pendant l\u2019\u00e9tude de cas. Choisissez soigneusement les cas de fa\u00e7on \u00e0 mettre en valeur les diff\u00e9rents aspects des soins et de vos connaissances (parfois, des cas trop semblables ne permettent pas de mettre en lumi\u00e8re certaines des comp\u00e9tences exig\u00e9es). Regroupez aussi toutes vos attestations de formation au m\u00eame endroit (une fois que vous les aurez retrouv\u00e9es!); cela acc\u00e9l\u00e9rera le processus de demande initial.<\/p>\n\n\n\n<p><strong>Quelles comp\u00e9tences avez-vous acquises ou am\u00e9lior\u00e9es pendant le processus de sp\u00e9cialisation?<\/strong><\/p>\n\n\n\n<p>Le processus oblige \u00e0 pr\u00e9senter des documents \u00e9crits de fa\u00e7on tr\u00e8s succincte. Gr\u00e2ce aux \u00e9tudes de cas, j\u2019ai vraiment am\u00e9lior\u00e9 mes comp\u00e9tences en pr\u00e9sentation et ma capacit\u00e9 de m\u2019adapter rapidement. J\u2019avais pass\u00e9 pas mal de temps \u00e0 me pr\u00e9parer et j\u2019ai \u00e9t\u00e9 surprise que \u00e7a se passe aussi bien.<br>Quel conseil donneriez-vous aux candidats qui s\u2019engagent dans le processus de sp\u00e9cialisation?<\/p>\n\n\n\n<p>Allez-y! C\u2019est exigeant, mais c\u2019est gratifiant<\/p>\n","protected":false},"excerpt":{"rendered":"<p>Domaine de sp\u00e9cialit\u00e9 clinique&nbsp;: Oncologie Nombre d\u2019ann\u00e9es de pratique dans ce domaine&nbsp;: 16 Secteurs d\u2019int\u00e9r\u00eat&nbsp;: R\u00e9adaptation en p\u00e9diatrie apr\u00e8s une rotation-plastie ou un autre type de reconstruction d\u2019articulation; effets \u00e0 court et \u00e0 long terme de la vincristine (m\u00e9dicament employ\u00e9 [&hellip;]<\/p>\n","protected":false},"author":1,"featured_media":0,"parent":0,"menu_order":0,"comment_status":"closed","ping_status":"closed","template":"","meta":{"inline_featured_image":false,"ep_exclude_from_search":false,"footnotes":""},"topic":[],"class_list":["post-6188","page","type-page","status-publish","hentry"],"acf":[],"yoast_head":"<!-- This site is optimized with the Yoast SEO plugin v24.7 - https:\/\/yoast.com\/wordpress\/plugins\/seo\/ -->\n<title>Anne Rankin - Canadian Physiotherapy Association<\/title>\n<meta name=\"robots\" content=\"index, follow, max-snippet:-1, max-image-preview:large, max-video-preview:-1\" \/>\n<link rel=\"canonical\" href=\"https:\/\/physiotherapy.ca\/fr\/anne-rankin\/\" \/>\n<meta property=\"og:locale\" content=\"fr_FR\" \/>\n<meta property=\"og:type\" content=\"article\" \/>\n<meta property=\"og:title\" content=\"Anne Rankin - Canadian Physiotherapy Association\" \/>\n<meta property=\"og:description\" content=\"Domaine de sp\u00e9cialit\u00e9 clinique&nbsp;: Oncologie Nombre d\u2019ann\u00e9es de pratique dans ce domaine&nbsp;: 16 Secteurs d\u2019int\u00e9r\u00eat&nbsp;: R\u00e9adaptation en p\u00e9diatrie apr\u00e8s une rotation-plastie ou un autre type de reconstruction d\u2019articulation; effets \u00e0 court et \u00e0 long terme de la vincristine (m\u00e9dicament employ\u00e9 [&hellip;]\" \/>\n<meta property=\"og:url\" content=\"https:\/\/physiotherapy.ca\/fr\/anne-rankin\/\" \/>\n<meta property=\"og:site_name\" content=\"Canadian Physiotherapy Association\" \/>\n<meta property=\"article:modified_time\" content=\"2022-08-08T17:59:15+00:00\" \/>\n<meta property=\"og:image\" content=\"https:\/\/physiotherapy.ca\/app\/uploads\/2022\/08\/annerankin.jpg\" \/>\n<meta name=\"twitter:card\" content=\"summary_large_image\" \/>\n<meta name=\"twitter:label1\" content=\"Est. reading time\" \/>\n\t<meta name=\"twitter:data1\" content=\"3 minutes\" \/>\n<script type=\"application\/ld+json\" class=\"yoast-schema-graph\">{\"@context\":\"https:\/\/schema.org\",\"@graph\":[{\"@type\":\"WebPage\",\"@id\":\"https:\/\/physiotherapy.ca\/fr\/anne-rankin\/\",\"url\":\"https:\/\/physiotherapy.ca\/fr\/anne-rankin\/\",\"name\":\"Anne Rankin - Canadian Physiotherapy Association\",\"isPartOf\":{\"@id\":\"https:\/\/physiotherapy.ca\/#website\"},\"primaryImageOfPage\":{\"@id\":\"https:\/\/physiotherapy.ca\/fr\/anne-rankin\/#primaryimage\"},\"image\":{\"@id\":\"https:\/\/physiotherapy.ca\/fr\/anne-rankin\/#primaryimage\"},\"thumbnailUrl\":\"https:\/\/physiotherapy.ca\/app\/uploads\/2022\/08\/annerankin.jpg\",\"datePublished\":\"2022-08-08T17:59:13+00:00\",\"dateModified\":\"2022-08-08T17:59:15+00:00\",\"breadcrumb\":{\"@id\":\"https:\/\/physiotherapy.ca\/fr\/anne-rankin\/#breadcrumb\"},\"inLanguage\":\"fr-FR\",\"potentialAction\":[{\"@type\":\"ReadAction\",\"target\":[\"https:\/\/physiotherapy.ca\/fr\/anne-rankin\/\"]}]},{\"@type\":\"ImageObject\",\"inLanguage\":\"fr-FR\",\"@id\":\"https:\/\/physiotherapy.ca\/fr\/anne-rankin\/#primaryimage\",\"url\":\"https:\/\/physiotherapy.ca\/app\/uploads\/2022\/08\/annerankin.jpg\",\"contentUrl\":\"https:\/\/physiotherapy.ca\/app\/uploads\/2022\/08\/annerankin.jpg\"},{\"@type\":\"BreadcrumbList\",\"@id\":\"https:\/\/physiotherapy.ca\/fr\/anne-rankin\/#breadcrumb\",\"itemListElement\":[{\"@type\":\"ListItem\",\"position\":1,\"name\":\"Home\",\"item\":\"https:\/\/physiotherapy.ca\/fr\/\"},{\"@type\":\"ListItem\",\"position\":2,\"name\":\"Anne Rankin\"}]},{\"@type\":\"WebSite\",\"@id\":\"https:\/\/physiotherapy.ca\/#website\",\"url\":\"https:\/\/physiotherapy.ca\/\",\"name\":\"Canadian Physiotherapy Association\",\"description\":\"The Canadian Physiotherapy Association (CPA) represents over 16,000 physiotherapy professionals and students across Canada.\",\"potentialAction\":[{\"@type\":\"SearchAction\",\"target\":{\"@type\":\"EntryPoint\",\"urlTemplate\":\"https:\/\/physiotherapy.ca\/?s={search_term_string}\"},\"query-input\":{\"@type\":\"PropertyValueSpecification\",\"valueRequired\":true,\"valueName\":\"search_term_string\"}}],\"inLanguage\":\"fr-FR\"}]}<\/script>\n<!-- \/ Yoast SEO plugin. -->","yoast_head_json":{"title":"Anne Rankin - Canadian Physiotherapy Association","robots":{"index":"index","follow":"follow","max-snippet":"max-snippet:-1","max-image-preview":"max-image-preview:large","max-video-preview":"max-video-preview:-1"},"canonical":"https:\/\/physiotherapy.ca\/fr\/anne-rankin\/","og_locale":"fr_FR","og_type":"article","og_title":"Anne Rankin - Canadian Physiotherapy Association","og_description":"Domaine de sp\u00e9cialit\u00e9 clinique&nbsp;: Oncologie Nombre d\u2019ann\u00e9es de pratique dans ce domaine&nbsp;: 16 Secteurs d\u2019int\u00e9r\u00eat&nbsp;: R\u00e9adaptation en p\u00e9diatrie apr\u00e8s une rotation-plastie ou un autre type de reconstruction d\u2019articulation; effets \u00e0 court et \u00e0 long terme de la vincristine (m\u00e9dicament employ\u00e9 [&hellip;]","og_url":"https:\/\/physiotherapy.ca\/fr\/anne-rankin\/","og_site_name":"Canadian Physiotherapy Association","article_modified_time":"2022-08-08T17:59:15+00:00","og_image":[{"url":"https:\/\/physiotherapy.ca\/app\/uploads\/2022\/08\/annerankin.jpg","type":"","width":"","height":""}],"twitter_card":"summary_large_image","twitter_misc":{"Est. reading time":"3 minutes"},"schema":{"@context":"https:\/\/schema.org","@graph":[{"@type":"WebPage","@id":"https:\/\/physiotherapy.ca\/fr\/anne-rankin\/","url":"https:\/\/physiotherapy.ca\/fr\/anne-rankin\/","name":"Anne Rankin - Canadian Physiotherapy Association","isPartOf":{"@id":"https:\/\/physiotherapy.ca\/#website"},"primaryImageOfPage":{"@id":"https:\/\/physiotherapy.ca\/fr\/anne-rankin\/#primaryimage"},"image":{"@id":"https:\/\/physiotherapy.ca\/fr\/anne-rankin\/#primaryimage"},"thumbnailUrl":"https:\/\/physiotherapy.ca\/app\/uploads\/2022\/08\/annerankin.jpg","datePublished":"2022-08-08T17:59:13+00:00","dateModified":"2022-08-08T17:59:15+00:00","breadcrumb":{"@id":"https:\/\/physiotherapy.ca\/fr\/anne-rankin\/#breadcrumb"},"inLanguage":"fr-FR","potentialAction":[{"@type":"ReadAction","target":["https:\/\/physiotherapy.ca\/fr\/anne-rankin\/"]}]},{"@type":"ImageObject","inLanguage":"fr-FR","@id":"https:\/\/physiotherapy.ca\/fr\/anne-rankin\/#primaryimage","url":"https:\/\/physiotherapy.ca\/app\/uploads\/2022\/08\/annerankin.jpg","contentUrl":"https:\/\/physiotherapy.ca\/app\/uploads\/2022\/08\/annerankin.jpg"},{"@type":"BreadcrumbList","@id":"https:\/\/physiotherapy.ca\/fr\/anne-rankin\/#breadcrumb","itemListElement":[{"@type":"ListItem","position":1,"name":"Home","item":"https:\/\/physiotherapy.ca\/fr\/"},{"@type":"ListItem","position":2,"name":"Anne Rankin"}]},{"@type":"WebSite","@id":"https:\/\/physiotherapy.ca\/#website","url":"https:\/\/physiotherapy.ca\/","name":"Canadian Physiotherapy Association","description":"The Canadian Physiotherapy Association (CPA) represents over 16,000 physiotherapy professionals and students across Canada.","potentialAction":[{"@type":"SearchAction","target":{"@type":"EntryPoint","urlTemplate":"https:\/\/physiotherapy.ca\/?s={search_term_string}"},"query-input":{"@type":"PropertyValueSpecification","valueRequired":true,"valueName":"search_term_string"}}],"inLanguage":"fr-FR"}]}},"_links":{"self":[{"href":"https:\/\/physiotherapy.ca\/fr\/wp-json\/wp\/v2\/pages\/6188","targetHints":{"allow":["GET"]}}],"collection":[{"href":"https:\/\/physiotherapy.ca\/fr\/wp-json\/wp\/v2\/pages"}],"about":[{"href":"https:\/\/physiotherapy.ca\/fr\/wp-json\/wp\/v2\/types\/page"}],"author":[{"embeddable":true,"href":"https:\/\/physiotherapy.ca\/fr\/wp-json\/wp\/v2\/users\/1"}],"replies":[{"embeddable":true,"href":"https:\/\/physiotherapy.ca\/fr\/wp-json\/wp\/v2\/comments?post=6188"}],"version-history":[{"count":2,"href":"https:\/\/physiotherapy.ca\/fr\/wp-json\/wp\/v2\/pages\/6188\/revisions"}],"predecessor-version":[{"id":6190,"href":"https:\/\/physiotherapy.ca\/fr\/wp-json\/wp\/v2\/pages\/6188\/revisions\/6190"}],"wp:attachment":[{"href":"https:\/\/physiotherapy.ca\/fr\/wp-json\/wp\/v2\/media?parent=6188"}],"wp:term":[{"taxonomy":"topic","embeddable":true,"href":"https:\/\/physiotherapy.ca\/fr\/wp-json\/wp\/v2\/topic?post=6188"}],"curies":[{"name":"wp","href":"https:\/\/api.w.org\/{rel}","templated":true}]}}