{"id":619,"date":"2022-04-27T07:37:08","date_gmt":"2022-04-27T11:37:08","guid":{"rendered":"https:\/\/physiotherapy.ca\/?page_id=619"},"modified":"2024-09-26T15:01:15","modified_gmt":"2024-09-26T19:01:15","slug":"acces-restreint","status":"publish","type":"page","link":"https:\/\/physiotherapy.ca\/fr\/acces-restreint\/","title":{"rendered":"Pour les membres seulement!"},"content":{"rendered":"\n<p>Cette section est exclusivement r\u00e9serv\u00e9e \u00e0 nos membres estim\u00e9s.<\/p>\n\n\n\n<p><strong>Vous \u00eates d\u00e9j\u00e0 membre?<\/strong> <a href=\"https:\/\/cpa-login.wicketcloud.com\/login?service=https:\/\/physiotherapy.ca\/fr\/create-account\/\/&amp;locale=fr\">Ouvrez une session ici.<\/a> <\/p>\n\n\n\n<p><strong>Vous n\u2019\u00eates pas encore membre?<\/strong> <a href=\"https:\/\/physiotherapy.ca\/fr\/create-account\/\">Joignez l\u2019ACP d\u00e8s maintenant<\/a> pour avoir un acc\u00e8s complet et profiter de tous les avantages!<\/p>\n","protected":false},"excerpt":{"rendered":"<p>Cette section est exclusivement r\u00e9serv\u00e9e \u00e0 nos membres estim\u00e9s. Vous \u00eates d\u00e9j\u00e0 membre? Ouvrez une session ici. Vous n\u2019\u00eates pas encore membre? Joignez l\u2019ACP d\u00e8s maintenant pour avoir un acc\u00e8s complet et profiter de tous les avantages!<\/p>\n","protected":false},"author":1,"featured_media":0,"parent":0,"menu_order":0,"comment_status":"closed","ping_status":"closed","template":"page-templates\/restricted-access.php","meta":{"inline_featured_image":false,"ep_exclude_from_search":false,"footnotes":""},"topic":[],"class_list":["post-619","page","type-page","status-publish","hentry"],"acf":[],"yoast_head":"<!-- This site is optimized with the Yoast SEO plugin v24.7 - https:\/\/yoast.com\/wordpress\/plugins\/seo\/ -->\n<title>Pour les membres seulement! - Canadian Physiotherapy Association<\/title>\n<meta name=\"robots\" content=\"index, follow, max-snippet:-1, max-image-preview:large, max-video-preview:-1\" \/>\n<link rel=\"canonical\" href=\"https:\/\/physiotherapy.ca\/fr\/acces-restreint\/\" \/>\n<meta property=\"og:locale\" content=\"fr_FR\" \/>\n<meta property=\"og:type\" content=\"article\" \/>\n<meta property=\"og:title\" content=\"Pour les membres seulement! - Canadian Physiotherapy Association\" \/>\n<meta property=\"og:description\" content=\"Cette section est exclusivement r\u00e9serv\u00e9e \u00e0 nos membres estim\u00e9s. Vous \u00eates d\u00e9j\u00e0 membre? Ouvrez une session ici. Vous n\u2019\u00eates pas encore membre? Joignez l\u2019ACP d\u00e8s maintenant pour avoir un acc\u00e8s complet et profiter de tous les avantages!\" \/>\n<meta property=\"og:url\" content=\"https:\/\/physiotherapy.ca\/fr\/acces-restreint\/\" \/>\n<meta property=\"og:site_name\" content=\"Canadian Physiotherapy Association\" \/>\n<meta property=\"article:modified_time\" content=\"2024-09-26T19:01:15+00:00\" \/>\n<meta name=\"twitter:card\" content=\"summary_large_image\" \/>\n<meta name=\"twitter:label1\" content=\"Est. reading time\" \/>\n\t<meta name=\"twitter:data1\" content=\"1 minute\" \/>\n<script type=\"application\/ld+json\" class=\"yoast-schema-graph\">{\"@context\":\"https:\/\/schema.org\",\"@graph\":[{\"@type\":\"WebPage\",\"@id\":\"https:\/\/physiotherapy.ca\/fr\/acces-restreint\/\",\"url\":\"https:\/\/physiotherapy.ca\/fr\/acces-restreint\/\",\"name\":\"Pour les membres seulement! - Canadian Physiotherapy Association\",\"isPartOf\":{\"@id\":\"https:\/\/physiotherapy.ca\/#website\"},\"datePublished\":\"2022-04-27T11:37:08+00:00\",\"dateModified\":\"2024-09-26T19:01:15+00:00\",\"breadcrumb\":{\"@id\":\"https:\/\/physiotherapy.ca\/fr\/acces-restreint\/#breadcrumb\"},\"inLanguage\":\"fr-FR\",\"potentialAction\":[{\"@type\":\"ReadAction\",\"target\":[\"https:\/\/physiotherapy.ca\/fr\/acces-restreint\/\"]}]},{\"@type\":\"BreadcrumbList\",\"@id\":\"https:\/\/physiotherapy.ca\/fr\/acces-restreint\/#breadcrumb\",\"itemListElement\":[{\"@type\":\"ListItem\",\"position\":1,\"name\":\"Home\",\"item\":\"https:\/\/physiotherapy.ca\/fr\/\"},{\"@type\":\"ListItem\",\"position\":2,\"name\":\"Pour les membres seulement!\"}]},{\"@type\":\"WebSite\",\"@id\":\"https:\/\/physiotherapy.ca\/#website\",\"url\":\"https:\/\/physiotherapy.ca\/\",\"name\":\"Canadian Physiotherapy Association\",\"description\":\"The Canadian Physiotherapy Association (CPA) represents over 16,000 physiotherapy professionals and students across Canada.\",\"potentialAction\":[{\"@type\":\"SearchAction\",\"target\":{\"@type\":\"EntryPoint\",\"urlTemplate\":\"https:\/\/physiotherapy.ca\/?s={search_term_string}\"},\"query-input\":{\"@type\":\"PropertyValueSpecification\",\"valueRequired\":true,\"valueName\":\"search_term_string\"}}],\"inLanguage\":\"fr-FR\"}]}<\/script>\n<!-- \/ Yoast SEO plugin. -->","yoast_head_json":{"title":"Pour les membres seulement! - Canadian Physiotherapy Association","robots":{"index":"index","follow":"follow","max-snippet":"max-snippet:-1","max-image-preview":"max-image-preview:large","max-video-preview":"max-video-preview:-1"},"canonical":"https:\/\/physiotherapy.ca\/fr\/acces-restreint\/","og_locale":"fr_FR","og_type":"article","og_title":"Pour les membres seulement! - Canadian Physiotherapy Association","og_description":"Cette section est exclusivement r\u00e9serv\u00e9e \u00e0 nos membres estim\u00e9s. Vous \u00eates d\u00e9j\u00e0 membre? Ouvrez une session ici. Vous n\u2019\u00eates pas encore membre? Joignez l\u2019ACP d\u00e8s maintenant pour avoir un acc\u00e8s complet et profiter de tous les avantages!","og_url":"https:\/\/physiotherapy.ca\/fr\/acces-restreint\/","og_site_name":"Canadian Physiotherapy Association","article_modified_time":"2024-09-26T19:01:15+00:00","twitter_card":"summary_large_image","twitter_misc":{"Est. reading time":"1 minute"},"schema":{"@context":"https:\/\/schema.org","@graph":[{"@type":"WebPage","@id":"https:\/\/physiotherapy.ca\/fr\/acces-restreint\/","url":"https:\/\/physiotherapy.ca\/fr\/acces-restreint\/","name":"Pour les membres seulement! - Canadian Physiotherapy Association","isPartOf":{"@id":"https:\/\/physiotherapy.ca\/#website"},"datePublished":"2022-04-27T11:37:08+00:00","dateModified":"2024-09-26T19:01:15+00:00","breadcrumb":{"@id":"https:\/\/physiotherapy.ca\/fr\/acces-restreint\/#breadcrumb"},"inLanguage":"fr-FR","potentialAction":[{"@type":"ReadAction","target":["https:\/\/physiotherapy.ca\/fr\/acces-restreint\/"]}]},{"@type":"BreadcrumbList","@id":"https:\/\/physiotherapy.ca\/fr\/acces-restreint\/#breadcrumb","itemListElement":[{"@type":"ListItem","position":1,"name":"Home","item":"https:\/\/physiotherapy.ca\/fr\/"},{"@type":"ListItem","position":2,"name":"Pour les membres seulement!"}]},{"@type":"WebSite","@id":"https:\/\/physiotherapy.ca\/#website","url":"https:\/\/physiotherapy.ca\/","name":"Canadian Physiotherapy Association","description":"The Canadian Physiotherapy Association (CPA) represents over 16,000 physiotherapy professionals and students across Canada.","potentialAction":[{"@type":"SearchAction","target":{"@type":"EntryPoint","urlTemplate":"https:\/\/physiotherapy.ca\/?s={search_term_string}"},"query-input":{"@type":"PropertyValueSpecification","valueRequired":true,"valueName":"search_term_string"}}],"inLanguage":"fr-FR"}]}},"_links":{"self":[{"href":"https:\/\/physiotherapy.ca\/fr\/wp-json\/wp\/v2\/pages\/619","targetHints":{"allow":["GET"]}}],"collection":[{"href":"https:\/\/physiotherapy.ca\/fr\/wp-json\/wp\/v2\/pages"}],"about":[{"href":"https:\/\/physiotherapy.ca\/fr\/wp-json\/wp\/v2\/types\/page"}],"author":[{"embeddable":true,"href":"https:\/\/physiotherapy.ca\/fr\/wp-json\/wp\/v2\/users\/1"}],"replies":[{"embeddable":true,"href":"https:\/\/physiotherapy.ca\/fr\/wp-json\/wp\/v2\/comments?post=619"}],"version-history":[{"count":2,"href":"https:\/\/physiotherapy.ca\/fr\/wp-json\/wp\/v2\/pages\/619\/revisions"}],"predecessor-version":[{"id":224855,"href":"https:\/\/physiotherapy.ca\/fr\/wp-json\/wp\/v2\/pages\/619\/revisions\/224855"}],"wp:attachment":[{"href":"https:\/\/physiotherapy.ca\/fr\/wp-json\/wp\/v2\/media?parent=619"}],"wp:term":[{"taxonomy":"topic","embeddable":true,"href":"https:\/\/physiotherapy.ca\/fr\/wp-json\/wp\/v2\/topic?post=619"}],"curies":[{"name":"wp","href":"https:\/\/api.w.org\/{rel}","templated":true}]}}