{"id":6207,"date":"2022-08-08T14:21:59","date_gmt":"2022-08-08T18:21:59","guid":{"rendered":"https:\/\/physiotherapy.ca\/?page_id=6207"},"modified":"2024-11-14T14:56:50","modified_gmt":"2024-11-14T19:56:50","slug":"marize-ibrahim","status":"publish","type":"page","link":"https:\/\/physiotherapy.ca\/fr\/marize-ibrahim\/","title":{"rendered":"Marize Ibrahim"},"content":{"rendered":"\n<div class=\"wp-block-media-text is-stacked-on-mobile is-vertically-aligned-top\" style=\"grid-template-columns:40% auto\"><figure class=\"wp-block-media-text__media\"><img loading=\"lazy\" decoding=\"async\" width=\"640\" height=\"480\" src=\"https:\/\/physiotherapy.ca\/app\/uploads\/2022\/08\/marize_ibrahim_-_edited.jpg\" alt=\"\" class=\"wp-image-5662 size-full\" srcset=\"https:\/\/physiotherapy.ca\/app\/uploads\/2022\/08\/marize_ibrahim_-_edited.jpg 640w, https:\/\/physiotherapy.ca\/app\/uploads\/2022\/08\/marize_ibrahim_-_edited-600x450.jpg 600w, https:\/\/physiotherapy.ca\/app\/uploads\/2022\/08\/marize_ibrahim_-_edited-300x225.jpg 300w, https:\/\/physiotherapy.ca\/app\/uploads\/2022\/08\/marize_ibrahim_-_edited-267x200.jpg 267w\" sizes=\"auto, (max-width: 640px) 100vw, 640px\" \/><\/figure><div class=\"wp-block-media-text__content\">\n<p><strong><br>Domaine de sp\u00e9cialit\u00e9 clinique&nbsp;:<\/strong>&nbsp;Oncologie<\/p>\n\n\n\n<p><strong>Pratique dans ce domaine de sp\u00e9cialit\u00e9 depuis&nbsp;:&nbsp;<\/strong>2011<\/p>\n\n\n\n<p><strong>Secteurs d\u2019int\u00e9r\u00eat professionnel&nbsp;:<\/strong>&nbsp;cancer du sein, syndrome des cordelettes axillaires, lymph\u0153d\u00e8me (primaire et secondaire), sant\u00e9 osseuse et risque d\u2019ost\u00e9oporose chez les patients atteints de cancer du sein ou du cancer de la prostate, \u00e9v\u00e9nements li\u00e9s au squelette, m\u00e9tastases osseuses et pr\u00e9vention des fractures, intervention visant \u00e0 sauver un membre chez les enfants et r\u00e9adaptation, et r\u00e9adaptation apr\u00e8s une tumeur li\u00e9e \u00e0 un cancer pr\u00e9cis (c.-\u00e0-d. h\u00e9matologique et sarcome).&nbsp;&nbsp;&nbsp; &nbsp;&nbsp;<\/p>\n<\/div><\/div>\n\n\n\n<div style=\"height:36px\" aria-hidden=\"true\" class=\"wp-block-spacer\"><\/div>\n\n\n\n<p><strong>Loisirs&nbsp;:&nbsp;<\/strong>natation, jogging, squash, v\u00e9lo, randonn\u00e9e, piano, lecture, cuisine et voyage.<\/p>\n\n\n\n<p><strong>Que trouvez-vous le plus satisfaisant dans le programme de sp\u00e9cialit\u00e9?<\/strong><\/p>\n\n\n\n<p>Il y a deux choses que j\u2019ai trouv\u00e9es tr\u00e8s satisfaisantes dans le programme de sp\u00e9cialit\u00e9. Premi\u00e8rement, j\u2019ai aim\u00e9 le processus d\u2019autor\u00e9flexion puisqu\u2019il nous permet d\u2019\u00e9voluer en r\u00e9visant et en \u00e9valuant nos connaissances, nos gestes et notre point de vue pour nous assurer d\u2019offrir des soins ax\u00e9s sur le patient et de grande qualit\u00e9. Deuxi\u00e8mement, le processus d\u2019\u00e9valuation utilis\u00e9 par les sp\u00e9cialistes et les experts dans le domaine permet de valider nos connaissances, notre expertise et notre pratique clinique.<\/p>\n\n\n\n<p><strong>Pourquoi avez-vous particip\u00e9 au programme?<\/strong><\/p>\n\n\n\n<p>J\u2019ai particip\u00e9 au programme pour assurer et valider le niveau de mes connaissances et de mon expertise en r\u00e9adaptation oncologique. Il est facile de se proclamer \u00ab&nbsp;sp\u00e9cialiste&nbsp;\u00bb, mais sans un processus d\u2019\u00e9valuation ad\u00e9quat et rigoureux pour appuyer ces all\u00e9gations, les mots ne sont que des paroles en l\u2019air.<\/p>\n\n\n\n<p><strong>O\u00f9 esp\u00e9rez-vous voir la profession dans 25&nbsp;ans?<\/strong>&nbsp;<\/p>\n\n\n\n<p>Mon souhait pour l\u2019avenir de la physioth\u00e9rapie, sp\u00e9cialement dans le domaine de l\u2019oncologie, est en trois volets. Premi\u00e8rement, j\u2019esp\u00e8re qu\u2019un cours sur la r\u00e9adaptation oncologique va \u00eatre ajout\u00e9 au curriculum des programmes de physioth\u00e9rapie dans les universit\u00e9s canadiennes. En effet, il y a actuellement peu de cours de r\u00e9adaptation oncologique offerts aux \u00e9tudiants en physioth\u00e9rapie et avec la pr\u00e9valence croissante des diagnostics li\u00e9s au cancer et la survie combin\u00e9e \u00e0 des s\u00e9quelles li\u00e9es \u00e0 l\u2019oncologie, il est essentiel que les physioth\u00e9rapeutes poss\u00e8dent de solides connaissances en r\u00e9adaptation et en gestion oncologiques. Deuxi\u00e8mement, j\u2019esp\u00e8re que les fournisseurs de soins de sant\u00e9 alli\u00e9s comme les m\u00e9decins et les chirurgiens vont acqu\u00e9rir une meilleure compr\u00e9hension du r\u00f4le des physioth\u00e9rapeutes et des th\u00e9rapeutes du lymph\u0153d\u00e8me en milieu oncologique, ce qui en retour, favoriserait une approche plus collaborative \u00e0 l\u2019\u00e9gard de la prestation de soins aux patients, am\u00e9liorant ainsi la sant\u00e9 des patients et les r\u00e9sultats. Cependant, tout ceci pourra se r\u00e9alisera seulement avec de l\u2019\u00e9ducation et des efforts concert\u00e9s de la part de la profession de physioth\u00e9rapeute qui est l\u2019outil le plus puissant pour favoriser le changement. Finalement, j\u2019esp\u00e8re que les gouvernements vont mettre en place plus de programmes de r\u00e9adaptation oncologique obligatoires pour s\u2019assurer que des milieux de r\u00e9adaptation offrant des soins li\u00e9s \u00e0 l\u2019oncologie ad\u00e9quats soient \u00e9tablis pour les patients vivant avec le cancer et pour mieux soutenir leur r\u00e9tablissement et leur capacit\u00e9 de retourner \u00e0 leurs activit\u00e9s de la vie quotidienne et \u00e0 la soci\u00e9t\u00e9. Soutenir les personnes qui vivent avec le cancer pour qu\u2019elles obtiennent un fonctionnement physique, social, psychologique et vocationnel maximal dans les limites impos\u00e9es par la maladie et ses traitements n\u2019est pas seulement la responsabilit\u00e9 des professionnels des soins de sant\u00e9 comme les physioth\u00e9rapeutes, c\u2019est une responsabilit\u00e9 fondamentale du minist\u00e8re de la Sant\u00e9. Les bons r\u00e9sultats pour la sant\u00e9 des patients d\u00e9pendent de la reconnaissance opportune des probl\u00e8mes fonctionnels et d\u2019une demande de consultation rapide en r\u00e9adaptation pour maximiser la qualit\u00e9 de vie de ces patients.<\/p>\n\n\n\n<p><strong>Selon vous, quel impact aura la sp\u00e9cialisation dans votre domaine?&nbsp;<\/strong><\/p>\n\n\n\n<p>Je crois que la sp\u00e9cialisation am\u00e9liorera l\u2019application des connaissances gr\u00e2ce \u00e0 la diffusion des ressources, l\u2019offre d\u2019occasions de mentorat pour l\u2019avenir, l\u2019apport de connaissances par la recherche et la collaboration avec d\u2019autres sp\u00e9cialistes dans le domaine.<\/p>\n\n\n\n<p><strong>Quelle est la valeur du programme de sp\u00e9cialit\u00e9 pour les candidats?<\/strong>&nbsp;<\/p>\n\n\n\n<p>Un programme de sp\u00e9cialit\u00e9 a beaucoup de valeur. Premi\u00e8rement, tout comme en m\u00e9decine, il y a des sp\u00e9cialistes dans divers domaines, ce qui permet d\u2019offrir des soins ax\u00e9s sur le patient plus sp\u00e9cifiques. Ceci devrait aussi s\u2019appliquer aux physioth\u00e9rapeutes puisque le niveau de connaissance varie selon la sp\u00e9cialit\u00e9 du physioth\u00e9rapeute. Deuxi\u00e8mement, ce n\u2019est pas suffisant de se proclamer \u00ab&nbsp;sp\u00e9cialiste&nbsp;\u00bb. Le fait de se soumettre au processus rigoureux d\u2019une organisation nationale accro\u00eet la cr\u00e9dibilit\u00e9 du th\u00e9rapeute. Les patients qui cherchent des sp\u00e9cialistes seront ainsi assur\u00e9s de l\u2019authenticit\u00e9 et de la cr\u00e9dibilit\u00e9 du physioth\u00e9rapeute puisqu\u2019il aura \u00e9t\u00e9 soumis \u00e0 un vaste processus d\u2019\u00e9valuation par une association nationale. Finalement, les sp\u00e9cialisations permettent les collaborations nationales et internationales pour renforcer et d\u00e9velopper le domaine de la r\u00e9adaptation oncologique.<\/p>\n\n\n\n<p><strong>Avez-vous fait appel \u00e0 votre r\u00e9seau de sp\u00e9cialistes et si oui comment?<\/strong>&nbsp;<\/p>\n\n\n\n<p>Jusqu\u2019\u00e0 pr\u00e9sent, j\u2019ai utilis\u00e9 mon r\u00e9seau de sp\u00e9cialiste pour partager des informations avec d\u2019autres sp\u00e9cialistes dans le domaine au niveau national et international et j\u2019esp\u00e8re que cela va continuer \u00e0 donner naissance \u00e0 des occasions plus collaboratives dans un avenir proche.<\/p>\n\n\n\n<p><strong>Quels facteurs importants faut-il prendre en compte lorsqu\u2019on souhaite faire une sp\u00e9cialit\u00e9 clinique?<\/strong>&nbsp;<\/p>\n\n\n\n<p>Poursuivre une sp\u00e9cialit\u00e9 clinique demande beaucoup de travail, de la s\u00e9lection et de l\u2019organisation de nos dossiers, de l\u2019autor\u00e9flexion sur notre pratique, de l\u2019examen de la litt\u00e9rature et des cadres de la r\u00e9adaptation \u00e0 la mise \u00e0 jour de nos cours et de nos certificats. Tous ces facteurs sont essentiels pour nous organiser et nous pr\u00e9parer assurant ainsi le succ\u00e8s du processus de demande. Cependant, le plus important pour les gens qui souhaitent poursuivre cette sp\u00e9cialit\u00e9 clinique, c\u2019est la patience! C\u2019est un long processus, mais avec de la volont\u00e9, c\u2019est possible de r\u00e9ussir.<\/p>\n\n\n\n<p><strong>Quelles comp\u00e9tences avez-vous acquises ou am\u00e9lior\u00e9es pendant le processus de sp\u00e9cialisation?<\/strong>&nbsp;<\/p>\n\n\n\n<p>Le processus a am\u00e9lior\u00e9 mes comp\u00e9tences en communication (verbale et \u00e9crite), en autor\u00e9flexion, en recherche et mes comp\u00e9tences cliniques.<\/p>\n\n\n\n<p><strong>Quel conseil donneriez-vous aux candidats qui s\u2019engagent dans le processus de sp\u00e9cialisation?<\/strong>&nbsp;<\/p>\n\n\n\n<p>Vous n\u2019avez rien \u00e0 perdre. Au contraire, vous avez beaucoup \u00e0 gagner et \u00e0 apprendre de l\u2019exp\u00e9rience. Si votre but est d\u2019\u00eatre reconnu comme sp\u00e9cialiste, vous devez mettre les efforts pour obtenir une telle reconnaissance.<\/p>\n\n\n\n<p><strong>Quel impact a le titre de sp\u00e9cialiste sur vous et votre carri\u00e8re?<\/strong>&nbsp;<\/p>\n\n\n\n<p>Le programme de sp\u00e9cialisation m\u2019a permis d\u2019avoir une plus grande reconnaissance au sein de mon domaine d\u2019expertise, ce qui en retour m\u2019a donn\u00e9 d\u2019innombrables occasions pour lesquelles je suis profond\u00e9ment reconnaissante et honor\u00e9e.<\/p>\n\n\n\n<p><strong>Comment en \u00eates-vous venue \u00e0 vous int\u00e9resser \u00e0 une sp\u00e9cialisation en oncologie?<\/strong><\/p>\n\n\n\n<p>J\u2019en suis venue \u00e0 m\u2019int\u00e9resser \u00e0 une sp\u00e9cialisation en oncologie lorsque j\u2019ai d\u00e9couvert combine il \u00e9tait important d\u2019\u00eatre \u00e9valu\u00e9 rigoureusement avant de se proclamer sp\u00e9cialiste. Comme dans plusieurs disciplines en m\u00e9decine et dans les soins de sant\u00e9, pour devenir sp\u00e9cialiste dans un domaine, il faut avoir une formation et des certifications pour s\u2019assurer qu\u2019on poss\u00e8de les connaissances et l\u2019expertise ad\u00e9quates. Devenir sp\u00e9cialiste dans un domaine demande du d\u00e9vouement, des comp\u00e9tences, des connaissances, de l\u2019expertise et de la pers\u00e9v\u00e9rance, ce qui nous am\u00e8ne \u00e0 nous demander&nbsp;: si un processus rigoureux n\u2019existait pas, comment les fournisseurs de soins de sant\u00e9 et les patients pourraient-ils diff\u00e9rencier les v\u00e9ritables sp\u00e9cialistes des autres professionnels?<\/p>\n\n\n\n<p><strong>Pourquoi avez-vous choisi de faire carri\u00e8re en physioth\u00e9rapie?<\/strong><\/p>\n\n\n\n<p>C\u2019est mon cher p\u00e8re qui, d\u00e8s mon plus jeune \u00e2ge, m\u2019a inculqu\u00e9 l\u2019importance de l\u2019exercice et de l\u2019activit\u00e9 physique qui a fait que j\u2019ai choisi la physioth\u00e9rapie comme carri\u00e8re. Jusqu\u2019\u00e0 ce jour, il n\u2019existe aucun m\u00e9dicament qui a l\u2019effet et le pouvoir de l\u2019exercice et l\u2019impact de la r\u00e9adaptation pour soutenir le r\u00e9tablissement d\u2019une personne. Sans tenir compte du m\u00e9canisme de blessure, les physioth\u00e9rapeutes jouent un r\u00f4le essentiel dans le soutien des patients pour se remettre sur pied (au sens litt\u00e9ral et figur\u00e9). \u00ab&nbsp;Si les m\u00e9decins sauvent des vies, les physioth\u00e9rapeutes font que la vie vaut la peine d\u2019\u00eatre v\u00e9cue&nbsp;\u00bb. C\u2019est ce qui fait que je me l\u00e8ve chaque matin, sachant que je peux avoir une influence sur plusieurs personnes en utilisant mes connaissances, mes comp\u00e9tences et le pouvoir de l\u2019exercice et de la r\u00e9adaptation.<\/p>\n\n\n\n<p><strong>Formation&nbsp;:<\/strong>&nbsp;Universit\u00e9 de Toronto et Universit\u00e9 McGill<\/p>\n\n\n\n<p><strong>Poste et r\u00f4le actuels\u00a0:<\/strong>\u00a0Travaille actuellement au Programme de lutte contre le lymph\u0153d\u00e8me du Centre universitaire de sant\u00e9 McGill (CUSM), d\u00e9sign\u00e9 R\u00e9seau d&#8217;excellence LE&amp;RN.<\/p>\n\n\n\n<p><strong>Courriel :<\/strong>&nbsp;<a href=\"mailto:marize.ibrahim@gmail.com\">marize.ibrahim@gmail.com<\/a><\/p>\n\n\n\n<p><strong>Site :<\/strong>&nbsp;<a href=\"https:\/\/www.marizeibrahim.ca\/en\/homepage\/\">https:\/\/www.marizeibrahim.ca\/en\/homepage\/<\/a><\/p>\n","protected":false},"excerpt":{"rendered":"<p>Domaine de sp\u00e9cialit\u00e9 clinique&nbsp;:&nbsp;Oncologie Pratique dans ce domaine de sp\u00e9cialit\u00e9 depuis&nbsp;:&nbsp;2011 Secteurs d\u2019int\u00e9r\u00eat professionnel&nbsp;:&nbsp;cancer du sein, syndrome des cordelettes axillaires, lymph\u0153d\u00e8me (primaire et secondaire), sant\u00e9 osseuse et risque d\u2019ost\u00e9oporose chez les patients atteints de cancer du sein ou du cancer [&hellip;]<\/p>\n","protected":false},"author":1,"featured_media":0,"parent":0,"menu_order":0,"comment_status":"closed","ping_status":"closed","template":"","meta":{"inline_featured_image":false,"ep_exclude_from_search":false,"footnotes":""},"topic":[],"class_list":["post-6207","page","type-page","status-publish","hentry"],"acf":[],"yoast_head":"<!-- This site is optimized with the Yoast SEO plugin v24.7 - https:\/\/yoast.com\/wordpress\/plugins\/seo\/ -->\n<title>Marize Ibrahim - Canadian Physiotherapy Association<\/title>\n<meta name=\"robots\" content=\"index, follow, max-snippet:-1, max-image-preview:large, max-video-preview:-1\" \/>\n<link rel=\"canonical\" href=\"https:\/\/physiotherapy.ca\/fr\/marize-ibrahim\/\" \/>\n<meta property=\"og:locale\" content=\"fr_FR\" \/>\n<meta property=\"og:type\" content=\"article\" \/>\n<meta property=\"og:title\" content=\"Marize Ibrahim - Canadian Physiotherapy Association\" \/>\n<meta property=\"og:description\" content=\"Domaine de sp\u00e9cialit\u00e9 clinique&nbsp;:&nbsp;Oncologie Pratique dans ce domaine de sp\u00e9cialit\u00e9 depuis&nbsp;:&nbsp;2011 Secteurs d\u2019int\u00e9r\u00eat professionnel&nbsp;:&nbsp;cancer du sein, syndrome des cordelettes axillaires, lymph\u0153d\u00e8me (primaire et secondaire), sant\u00e9 osseuse et risque d\u2019ost\u00e9oporose chez les patients atteints de cancer du sein ou du cancer [&hellip;]\" \/>\n<meta property=\"og:url\" content=\"https:\/\/physiotherapy.ca\/fr\/marize-ibrahim\/\" \/>\n<meta property=\"og:site_name\" content=\"Canadian Physiotherapy Association\" \/>\n<meta property=\"article:modified_time\" content=\"2024-11-14T19:56:50+00:00\" \/>\n<meta property=\"og:image\" content=\"https:\/\/physiotherapy.ca\/app\/uploads\/2022\/08\/marize_ibrahim_-_edited.jpg\" \/>\n<meta name=\"twitter:card\" content=\"summary_large_image\" \/>\n<meta name=\"twitter:label1\" content=\"Est. reading time\" \/>\n\t<meta name=\"twitter:data1\" content=\"7 minutes\" \/>\n<script type=\"application\/ld+json\" class=\"yoast-schema-graph\">{\"@context\":\"https:\/\/schema.org\",\"@graph\":[{\"@type\":\"WebPage\",\"@id\":\"https:\/\/physiotherapy.ca\/fr\/marize-ibrahim\/\",\"url\":\"https:\/\/physiotherapy.ca\/fr\/marize-ibrahim\/\",\"name\":\"Marize Ibrahim - Canadian Physiotherapy Association\",\"isPartOf\":{\"@id\":\"https:\/\/physiotherapy.ca\/#website\"},\"primaryImageOfPage\":{\"@id\":\"https:\/\/physiotherapy.ca\/fr\/marize-ibrahim\/#primaryimage\"},\"image\":{\"@id\":\"https:\/\/physiotherapy.ca\/fr\/marize-ibrahim\/#primaryimage\"},\"thumbnailUrl\":\"https:\/\/physiotherapy.ca\/app\/uploads\/2022\/08\/marize_ibrahim_-_edited.jpg\",\"datePublished\":\"2022-08-08T18:21:59+00:00\",\"dateModified\":\"2024-11-14T19:56:50+00:00\",\"breadcrumb\":{\"@id\":\"https:\/\/physiotherapy.ca\/fr\/marize-ibrahim\/#breadcrumb\"},\"inLanguage\":\"fr-FR\",\"potentialAction\":[{\"@type\":\"ReadAction\",\"target\":[\"https:\/\/physiotherapy.ca\/fr\/marize-ibrahim\/\"]}]},{\"@type\":\"ImageObject\",\"inLanguage\":\"fr-FR\",\"@id\":\"https:\/\/physiotherapy.ca\/fr\/marize-ibrahim\/#primaryimage\",\"url\":\"https:\/\/physiotherapy.ca\/app\/uploads\/2022\/08\/marize_ibrahim_-_edited.jpg\",\"contentUrl\":\"https:\/\/physiotherapy.ca\/app\/uploads\/2022\/08\/marize_ibrahim_-_edited.jpg\"},{\"@type\":\"BreadcrumbList\",\"@id\":\"https:\/\/physiotherapy.ca\/fr\/marize-ibrahim\/#breadcrumb\",\"itemListElement\":[{\"@type\":\"ListItem\",\"position\":1,\"name\":\"Home\",\"item\":\"https:\/\/physiotherapy.ca\/fr\/\"},{\"@type\":\"ListItem\",\"position\":2,\"name\":\"Marize Ibrahim\"}]},{\"@type\":\"WebSite\",\"@id\":\"https:\/\/physiotherapy.ca\/#website\",\"url\":\"https:\/\/physiotherapy.ca\/\",\"name\":\"Canadian Physiotherapy Association\",\"description\":\"The Canadian Physiotherapy Association (CPA) represents over 16,000 physiotherapy professionals and students across Canada.\",\"potentialAction\":[{\"@type\":\"SearchAction\",\"target\":{\"@type\":\"EntryPoint\",\"urlTemplate\":\"https:\/\/physiotherapy.ca\/?s={search_term_string}\"},\"query-input\":{\"@type\":\"PropertyValueSpecification\",\"valueRequired\":true,\"valueName\":\"search_term_string\"}}],\"inLanguage\":\"fr-FR\"}]}<\/script>\n<!-- \/ Yoast SEO plugin. -->","yoast_head_json":{"title":"Marize Ibrahim - Canadian Physiotherapy Association","robots":{"index":"index","follow":"follow","max-snippet":"max-snippet:-1","max-image-preview":"max-image-preview:large","max-video-preview":"max-video-preview:-1"},"canonical":"https:\/\/physiotherapy.ca\/fr\/marize-ibrahim\/","og_locale":"fr_FR","og_type":"article","og_title":"Marize Ibrahim - Canadian Physiotherapy Association","og_description":"Domaine de sp\u00e9cialit\u00e9 clinique&nbsp;:&nbsp;Oncologie Pratique dans ce domaine de sp\u00e9cialit\u00e9 depuis&nbsp;:&nbsp;2011 Secteurs d\u2019int\u00e9r\u00eat professionnel&nbsp;:&nbsp;cancer du sein, syndrome des cordelettes axillaires, lymph\u0153d\u00e8me (primaire et secondaire), sant\u00e9 osseuse et risque d\u2019ost\u00e9oporose chez les patients atteints de cancer du sein ou du cancer [&hellip;]","og_url":"https:\/\/physiotherapy.ca\/fr\/marize-ibrahim\/","og_site_name":"Canadian Physiotherapy Association","article_modified_time":"2024-11-14T19:56:50+00:00","og_image":[{"url":"https:\/\/physiotherapy.ca\/app\/uploads\/2022\/08\/marize_ibrahim_-_edited.jpg","type":"","width":"","height":""}],"twitter_card":"summary_large_image","twitter_misc":{"Est. reading time":"7 minutes"},"schema":{"@context":"https:\/\/schema.org","@graph":[{"@type":"WebPage","@id":"https:\/\/physiotherapy.ca\/fr\/marize-ibrahim\/","url":"https:\/\/physiotherapy.ca\/fr\/marize-ibrahim\/","name":"Marize Ibrahim - Canadian Physiotherapy Association","isPartOf":{"@id":"https:\/\/physiotherapy.ca\/#website"},"primaryImageOfPage":{"@id":"https:\/\/physiotherapy.ca\/fr\/marize-ibrahim\/#primaryimage"},"image":{"@id":"https:\/\/physiotherapy.ca\/fr\/marize-ibrahim\/#primaryimage"},"thumbnailUrl":"https:\/\/physiotherapy.ca\/app\/uploads\/2022\/08\/marize_ibrahim_-_edited.jpg","datePublished":"2022-08-08T18:21:59+00:00","dateModified":"2024-11-14T19:56:50+00:00","breadcrumb":{"@id":"https:\/\/physiotherapy.ca\/fr\/marize-ibrahim\/#breadcrumb"},"inLanguage":"fr-FR","potentialAction":[{"@type":"ReadAction","target":["https:\/\/physiotherapy.ca\/fr\/marize-ibrahim\/"]}]},{"@type":"ImageObject","inLanguage":"fr-FR","@id":"https:\/\/physiotherapy.ca\/fr\/marize-ibrahim\/#primaryimage","url":"https:\/\/physiotherapy.ca\/app\/uploads\/2022\/08\/marize_ibrahim_-_edited.jpg","contentUrl":"https:\/\/physiotherapy.ca\/app\/uploads\/2022\/08\/marize_ibrahim_-_edited.jpg"},{"@type":"BreadcrumbList","@id":"https:\/\/physiotherapy.ca\/fr\/marize-ibrahim\/#breadcrumb","itemListElement":[{"@type":"ListItem","position":1,"name":"Home","item":"https:\/\/physiotherapy.ca\/fr\/"},{"@type":"ListItem","position":2,"name":"Marize Ibrahim"}]},{"@type":"WebSite","@id":"https:\/\/physiotherapy.ca\/#website","url":"https:\/\/physiotherapy.ca\/","name":"Canadian Physiotherapy Association","description":"The Canadian Physiotherapy Association (CPA) represents over 16,000 physiotherapy professionals and students across Canada.","potentialAction":[{"@type":"SearchAction","target":{"@type":"EntryPoint","urlTemplate":"https:\/\/physiotherapy.ca\/?s={search_term_string}"},"query-input":{"@type":"PropertyValueSpecification","valueRequired":true,"valueName":"search_term_string"}}],"inLanguage":"fr-FR"}]}},"_links":{"self":[{"href":"https:\/\/physiotherapy.ca\/fr\/wp-json\/wp\/v2\/pages\/6207","targetHints":{"allow":["GET"]}}],"collection":[{"href":"https:\/\/physiotherapy.ca\/fr\/wp-json\/wp\/v2\/pages"}],"about":[{"href":"https:\/\/physiotherapy.ca\/fr\/wp-json\/wp\/v2\/types\/page"}],"author":[{"embeddable":true,"href":"https:\/\/physiotherapy.ca\/fr\/wp-json\/wp\/v2\/users\/1"}],"replies":[{"embeddable":true,"href":"https:\/\/physiotherapy.ca\/fr\/wp-json\/wp\/v2\/comments?post=6207"}],"version-history":[{"count":8,"href":"https:\/\/physiotherapy.ca\/fr\/wp-json\/wp\/v2\/pages\/6207\/revisions"}],"predecessor-version":[{"id":240647,"href":"https:\/\/physiotherapy.ca\/fr\/wp-json\/wp\/v2\/pages\/6207\/revisions\/240647"}],"wp:attachment":[{"href":"https:\/\/physiotherapy.ca\/fr\/wp-json\/wp\/v2\/media?parent=6207"}],"wp:term":[{"taxonomy":"topic","embeddable":true,"href":"https:\/\/physiotherapy.ca\/fr\/wp-json\/wp\/v2\/topic?post=6207"}],"curies":[{"name":"wp","href":"https:\/\/api.w.org\/{rel}","templated":true}]}}