{"id":6217,"date":"2022-08-08T14:26:12","date_gmt":"2022-08-08T18:26:12","guid":{"rendered":"https:\/\/physiotherapy.ca\/?page_id=6217"},"modified":"2022-08-08T14:27:09","modified_gmt":"2022-08-08T18:27:09","slug":"barbara-c-kelly","status":"publish","type":"page","link":"https:\/\/physiotherapy.ca\/fr\/barbara-c-kelly\/","title":{"rendered":"Barbara C. Kelly"},"content":{"rendered":"\n<div class=\"wp-block-media-text is-stacked-on-mobile is-vertically-aligned-top\" style=\"grid-template-columns:19% auto\"><figure class=\"wp-block-media-text__media\"><img loading=\"lazy\" decoding=\"async\" width=\"150\" height=\"200\" src=\"https:\/\/physiotherapy.ca\/app\/uploads\/2022\/08\/cpa_on-line_bio_barbara_kelly.jpg\" alt=\"\" class=\"wp-image-5674 size-full\"\/><\/figure><div class=\"wp-block-media-text__content\">\n<p><strong>Domaine de sp\u00e9cialit\u00e9 clinique&nbsp;:&nbsp;<\/strong>P\u00e9diatrie<\/p>\n\n\n\n<p><strong>Nombre d\u2019ann\u00e9es de pratique dans ce domaine&nbsp;:&nbsp;<\/strong>24<\/p>\n\n\n\n<p><strong>Secteurs d\u2019int\u00e9r\u00eat professionnel&nbsp;:&nbsp;<\/strong>Enfants souffrant de paralysie c\u00e9r\u00e9brale ou de troubles du neurod\u00e9veloppement; analyse et \u00e9valuation de la d\u00e9marche; recherche clinique<\/p>\n\n\n\n<p><strong>Loisirs&nbsp;:&nbsp;<\/strong>tennis, squash, lecture<\/p>\n<\/div><\/div>\n\n\n\n<div style=\"height:32px\" aria-hidden=\"true\" class=\"wp-block-spacer\"><\/div>\n\n\n\n<p><strong>Que trouvez-vous le plus satisfaisant dans le programme de sp\u00e9cialit\u00e9?<\/strong><\/p>\n\n\n\n<p>La possibilit\u00e9 de r\u00e9fl\u00e9chir \u00e0 l\u2019ensemble de ma carri\u00e8re et d\u2019examiner en d\u00e9tail mes processus de r\u00e9flexion critique et de raisonnement clinique.<\/p>\n\n\n\n<p><strong>Pourquoi avez-vous particip\u00e9 au programme?<\/strong><\/p>\n\n\n\n<p>\u00c0 mon avis, l\u2019engagement dans le perfectionnement professionnel et la formation continue est l\u2019une des principales caract\u00e9ristiques d\u2019un sp\u00e9cialiste clinique; c\u2019est entre autres pour faire reconna\u00eetre officiellement cela que j\u2019ai pos\u00e9 ma candidature.<\/p>\n\n\n\n<p><strong>O\u00f9 esp\u00e9rez-vous voir la profession dans 25&nbsp;ans?<\/strong><\/p>\n\n\n\n<p>Je suis s\u00fbre que notre champ de pratique continuera \u00e0 s\u2019\u00e9tendre, notamment quant \u00e0 notre r\u00f4le dans les soins primaires. La collaboration interprofessionnelle augmentera, aussi bien en classe que dans les milieux cliniques.<\/p>\n\n\n\n<p><strong>Selon vous, quel impact aura la sp\u00e9cialisation dans votre domaine?<\/strong><\/p>\n\n\n\n<p>L\u2019ensemble du processus m\u2019a donn\u00e9 de l\u2019\u00e9nergie, et je suis enthousiaste \u00e0 l\u2019id\u00e9e de me lancer dans de nouveaux projets pour approfondir mes connaissances et mes comp\u00e9tences.<\/p>\n\n\n\n<p><strong>Quelle est la valeur du programme de sp\u00e9cialit\u00e9 pour les candidats?<\/strong><\/p>\n\n\n\n<p>M\u00eame si le programme est intimidant et incite \u00e0 la modestie, il s\u2019agit d\u2019une exp\u00e9rience d\u2019apprentissage tr\u00e8s pr\u00e9cieuse, professionnellement et personnellement.<\/p>\n\n\n\n<p><strong>Avez-vous fait appel \u00e0 votre r\u00e9seau de sp\u00e9cialistes, et comment?<\/strong><\/p>\n\n\n\n<p>J\u2019ai pris contact avec d\u2019autres sp\u00e9cialistes en p\u00e9diatrie \u00e0 quelques occasions pour discuter de probl\u00e8mes cliniques.<\/p>\n\n\n\n<p><strong>Quels facteurs importants faut-il prendre en compte lorsqu\u2019on souhaite faire une sp\u00e9cialit\u00e9 clinique?<\/strong><\/p>\n\n\n\n<p>Je pense qu\u2019il est judicieux d\u2019acqu\u00e9rir une exp\u00e9rience diversifi\u00e9e avant de se concentrer sur une sp\u00e9cialit\u00e9.<\/p>\n\n\n\n<p><strong>Quelles comp\u00e9tences avez-vous acquises ou am\u00e9lior\u00e9es pendant le processus de sp\u00e9cialisation?<\/strong><\/p>\n\n\n\n<p>Il m\u2019a clairement permis d\u2019am\u00e9liorer ma r\u00e9flexion critique et mes comp\u00e9tences de raisonnement clinique.<\/p>\n\n\n\n<p><strong>Quel conseil donneriez-vous aux candidats qui s\u2019engagent dans le processus de sp\u00e9cialisation?<\/strong><\/p>\n\n\n\n<p>M\u00eame s\u2019il demande beaucoup de temps, le processus est tr\u00e8s satisfaisant. Une fois que vous aurez pris la d\u00e9cision de demander ce titre, je vous encourage \u00e0 \u00e9tudier toutes les comp\u00e9tences demand\u00e9es et \u00e0 tenir un journal des moments cl\u00e9s et des tournants de votre vie professionnelle.<\/p>\n\n\n\n<p><strong>Quel impact a le titre de sp\u00e9cialiste sur vous et votre carri\u00e8re?<\/strong><\/p>\n\n\n\n<p>Il a beaucoup enrichi ma pratique de la physioth\u00e9rapie et m\u2019a offert de nombreuses occasions de travail en clinique, d\u2019enseignement et de mentorat.<\/p>\n\n\n\n<h3 class=\"wp-block-heading\"><strong>Biographie<\/strong><\/h3>\n\n\n\n<p>Barbara Kelly est dipl\u00f4m\u00e9e du Coll\u00e8ge universitaire de Dublin, en Irlande (dipl\u00f4me en physioth\u00e9rapie en 1977) et de l\u2019Universit\u00e9 Dalhousie (B. Sc. en physioth\u00e9rapie en 1990 et M. Sc., recherche en r\u00e9adaptation en 2008). Elle a commenc\u00e9 sa carri\u00e8re de clinicienne aupr\u00e8s d\u2019adultes souffrant de troubles neurologiques. Arriv\u00e9e au Canada en 1979, elle a d\u2019abord travaill\u00e9 \u00e0 l\u2019H\u00f4pital g\u00e9n\u00e9ral de Kingston, en Ontario, puis au Nova Scotia Rehabilitation Centre de Halifax, en Nouvelle-\u00c9cosse. C\u2019est apr\u00e8s avoir exerc\u00e9 au Cameroun et au Botswana de 1983 \u00e0 1986 et de 1991 \u00e0 1993 que Barbara a r\u00e9alis\u00e9 qu\u2019elle aimait la physioth\u00e9rapie p\u00e9diatrique; en 1996, elle a commenc\u00e9 \u00e0 travailler au IWK Health Centre, o\u00f9 elle est toujours.<\/p>\n\n\n\n<p>Barbara est physioth\u00e9rapeute \u00e0 la clinique de paralysie c\u00e9r\u00e9brale de l\u2019IWK et suit \u00e9galement en consultation externe des patients atteints de troubles neurod\u00e9veloppementaux. Elle est aussi enseignante clinicienne \u00e0 l\u2019\u00c9cole de physioth\u00e9rapie de l\u2019Universit\u00e9 Dalhousie depuis 2008.<br>Barbara s\u2019int\u00e9resse principalement \u00e0 la paralysie c\u00e9r\u00e9brale. Elle a particip\u00e9 comme chercheuse principale \u00e0 deux&nbsp;essais cliniques dans ce domaine. Elle est chercheuse \u00e0 l\u2019IWK et \u00e9valuatrice dans un certain nombre de recherches multicentriques.<\/p>\n\n\n\n<p>Barbara copr\u00e9side la division p\u00e9diatrie de l\u2019ACP et fait partie du conseil d\u2019administration de la Nova Scotia Physiotherapy Association.<\/p>\n","protected":false},"excerpt":{"rendered":"<p>Domaine de sp\u00e9cialit\u00e9 clinique&nbsp;:&nbsp;P\u00e9diatrie Nombre d\u2019ann\u00e9es de pratique dans ce domaine&nbsp;:&nbsp;24 Secteurs d\u2019int\u00e9r\u00eat professionnel&nbsp;:&nbsp;Enfants souffrant de paralysie c\u00e9r\u00e9brale ou de troubles du neurod\u00e9veloppement; analyse et \u00e9valuation de la d\u00e9marche; recherche clinique Loisirs&nbsp;:&nbsp;tennis, squash, lecture Que trouvez-vous le plus satisfaisant dans [&hellip;]<\/p>\n","protected":false},"author":1,"featured_media":0,"parent":0,"menu_order":0,"comment_status":"closed","ping_status":"closed","template":"","meta":{"inline_featured_image":false,"ep_exclude_from_search":false,"footnotes":""},"topic":[],"class_list":["post-6217","page","type-page","status-publish","hentry"],"acf":[],"yoast_head":"<!-- This site is optimized with the Yoast SEO plugin v24.7 - https:\/\/yoast.com\/wordpress\/plugins\/seo\/ -->\n<title>Barbara C. Kelly - Canadian Physiotherapy Association<\/title>\n<meta name=\"robots\" content=\"index, follow, max-snippet:-1, max-image-preview:large, max-video-preview:-1\" \/>\n<link rel=\"canonical\" href=\"https:\/\/physiotherapy.ca\/fr\/barbara-c-kelly\/\" \/>\n<meta property=\"og:locale\" content=\"fr_FR\" \/>\n<meta property=\"og:type\" content=\"article\" \/>\n<meta property=\"og:title\" content=\"Barbara C. Kelly - Canadian Physiotherapy Association\" \/>\n<meta property=\"og:description\" content=\"Domaine de sp\u00e9cialit\u00e9 clinique&nbsp;:&nbsp;P\u00e9diatrie Nombre d\u2019ann\u00e9es de pratique dans ce domaine&nbsp;:&nbsp;24 Secteurs d\u2019int\u00e9r\u00eat professionnel&nbsp;:&nbsp;Enfants souffrant de paralysie c\u00e9r\u00e9brale ou de troubles du neurod\u00e9veloppement; analyse et \u00e9valuation de la d\u00e9marche; recherche clinique Loisirs&nbsp;:&nbsp;tennis, squash, lecture Que trouvez-vous le plus satisfaisant dans [&hellip;]\" \/>\n<meta property=\"og:url\" content=\"https:\/\/physiotherapy.ca\/fr\/barbara-c-kelly\/\" \/>\n<meta property=\"og:site_name\" content=\"Canadian Physiotherapy Association\" \/>\n<meta property=\"article:modified_time\" content=\"2022-08-08T18:27:09+00:00\" \/>\n<meta property=\"og:image\" content=\"https:\/\/physiotherapy.ca\/app\/uploads\/2022\/08\/cpa_on-line_bio_barbara_kelly.jpg\" \/>\n<meta name=\"twitter:card\" content=\"summary_large_image\" \/>\n<meta name=\"twitter:label1\" content=\"Est. reading time\" \/>\n\t<meta name=\"twitter:data1\" content=\"3 minutes\" \/>\n<script type=\"application\/ld+json\" class=\"yoast-schema-graph\">{\"@context\":\"https:\/\/schema.org\",\"@graph\":[{\"@type\":\"WebPage\",\"@id\":\"https:\/\/physiotherapy.ca\/fr\/barbara-c-kelly\/\",\"url\":\"https:\/\/physiotherapy.ca\/fr\/barbara-c-kelly\/\",\"name\":\"Barbara C. Kelly - Canadian Physiotherapy Association\",\"isPartOf\":{\"@id\":\"https:\/\/physiotherapy.ca\/#website\"},\"primaryImageOfPage\":{\"@id\":\"https:\/\/physiotherapy.ca\/fr\/barbara-c-kelly\/#primaryimage\"},\"image\":{\"@id\":\"https:\/\/physiotherapy.ca\/fr\/barbara-c-kelly\/#primaryimage\"},\"thumbnailUrl\":\"https:\/\/physiotherapy.ca\/app\/uploads\/2022\/08\/cpa_on-line_bio_barbara_kelly.jpg\",\"datePublished\":\"2022-08-08T18:26:12+00:00\",\"dateModified\":\"2022-08-08T18:27:09+00:00\",\"breadcrumb\":{\"@id\":\"https:\/\/physiotherapy.ca\/fr\/barbara-c-kelly\/#breadcrumb\"},\"inLanguage\":\"fr-FR\",\"potentialAction\":[{\"@type\":\"ReadAction\",\"target\":[\"https:\/\/physiotherapy.ca\/fr\/barbara-c-kelly\/\"]}]},{\"@type\":\"ImageObject\",\"inLanguage\":\"fr-FR\",\"@id\":\"https:\/\/physiotherapy.ca\/fr\/barbara-c-kelly\/#primaryimage\",\"url\":\"https:\/\/physiotherapy.ca\/app\/uploads\/2022\/08\/cpa_on-line_bio_barbara_kelly.jpg\",\"contentUrl\":\"https:\/\/physiotherapy.ca\/app\/uploads\/2022\/08\/cpa_on-line_bio_barbara_kelly.jpg\"},{\"@type\":\"BreadcrumbList\",\"@id\":\"https:\/\/physiotherapy.ca\/fr\/barbara-c-kelly\/#breadcrumb\",\"itemListElement\":[{\"@type\":\"ListItem\",\"position\":1,\"name\":\"Home\",\"item\":\"https:\/\/physiotherapy.ca\/fr\/\"},{\"@type\":\"ListItem\",\"position\":2,\"name\":\"Barbara C. Kelly\"}]},{\"@type\":\"WebSite\",\"@id\":\"https:\/\/physiotherapy.ca\/#website\",\"url\":\"https:\/\/physiotherapy.ca\/\",\"name\":\"Canadian Physiotherapy Association\",\"description\":\"The Canadian Physiotherapy Association (CPA) represents over 16,000 physiotherapy professionals and students across Canada.\",\"potentialAction\":[{\"@type\":\"SearchAction\",\"target\":{\"@type\":\"EntryPoint\",\"urlTemplate\":\"https:\/\/physiotherapy.ca\/?s={search_term_string}\"},\"query-input\":{\"@type\":\"PropertyValueSpecification\",\"valueRequired\":true,\"valueName\":\"search_term_string\"}}],\"inLanguage\":\"fr-FR\"}]}<\/script>\n<!-- \/ Yoast SEO plugin. -->","yoast_head_json":{"title":"Barbara C. Kelly - Canadian Physiotherapy Association","robots":{"index":"index","follow":"follow","max-snippet":"max-snippet:-1","max-image-preview":"max-image-preview:large","max-video-preview":"max-video-preview:-1"},"canonical":"https:\/\/physiotherapy.ca\/fr\/barbara-c-kelly\/","og_locale":"fr_FR","og_type":"article","og_title":"Barbara C. Kelly - Canadian Physiotherapy Association","og_description":"Domaine de sp\u00e9cialit\u00e9 clinique&nbsp;:&nbsp;P\u00e9diatrie Nombre d\u2019ann\u00e9es de pratique dans ce domaine&nbsp;:&nbsp;24 Secteurs d\u2019int\u00e9r\u00eat professionnel&nbsp;:&nbsp;Enfants souffrant de paralysie c\u00e9r\u00e9brale ou de troubles du neurod\u00e9veloppement; analyse et \u00e9valuation de la d\u00e9marche; recherche clinique Loisirs&nbsp;:&nbsp;tennis, squash, lecture Que trouvez-vous le plus satisfaisant dans [&hellip;]","og_url":"https:\/\/physiotherapy.ca\/fr\/barbara-c-kelly\/","og_site_name":"Canadian Physiotherapy Association","article_modified_time":"2022-08-08T18:27:09+00:00","og_image":[{"url":"https:\/\/physiotherapy.ca\/app\/uploads\/2022\/08\/cpa_on-line_bio_barbara_kelly.jpg","type":"","width":"","height":""}],"twitter_card":"summary_large_image","twitter_misc":{"Est. reading time":"3 minutes"},"schema":{"@context":"https:\/\/schema.org","@graph":[{"@type":"WebPage","@id":"https:\/\/physiotherapy.ca\/fr\/barbara-c-kelly\/","url":"https:\/\/physiotherapy.ca\/fr\/barbara-c-kelly\/","name":"Barbara C. Kelly - Canadian Physiotherapy Association","isPartOf":{"@id":"https:\/\/physiotherapy.ca\/#website"},"primaryImageOfPage":{"@id":"https:\/\/physiotherapy.ca\/fr\/barbara-c-kelly\/#primaryimage"},"image":{"@id":"https:\/\/physiotherapy.ca\/fr\/barbara-c-kelly\/#primaryimage"},"thumbnailUrl":"https:\/\/physiotherapy.ca\/app\/uploads\/2022\/08\/cpa_on-line_bio_barbara_kelly.jpg","datePublished":"2022-08-08T18:26:12+00:00","dateModified":"2022-08-08T18:27:09+00:00","breadcrumb":{"@id":"https:\/\/physiotherapy.ca\/fr\/barbara-c-kelly\/#breadcrumb"},"inLanguage":"fr-FR","potentialAction":[{"@type":"ReadAction","target":["https:\/\/physiotherapy.ca\/fr\/barbara-c-kelly\/"]}]},{"@type":"ImageObject","inLanguage":"fr-FR","@id":"https:\/\/physiotherapy.ca\/fr\/barbara-c-kelly\/#primaryimage","url":"https:\/\/physiotherapy.ca\/app\/uploads\/2022\/08\/cpa_on-line_bio_barbara_kelly.jpg","contentUrl":"https:\/\/physiotherapy.ca\/app\/uploads\/2022\/08\/cpa_on-line_bio_barbara_kelly.jpg"},{"@type":"BreadcrumbList","@id":"https:\/\/physiotherapy.ca\/fr\/barbara-c-kelly\/#breadcrumb","itemListElement":[{"@type":"ListItem","position":1,"name":"Home","item":"https:\/\/physiotherapy.ca\/fr\/"},{"@type":"ListItem","position":2,"name":"Barbara C. Kelly"}]},{"@type":"WebSite","@id":"https:\/\/physiotherapy.ca\/#website","url":"https:\/\/physiotherapy.ca\/","name":"Canadian Physiotherapy Association","description":"The Canadian Physiotherapy Association (CPA) represents over 16,000 physiotherapy professionals and students across Canada.","potentialAction":[{"@type":"SearchAction","target":{"@type":"EntryPoint","urlTemplate":"https:\/\/physiotherapy.ca\/?s={search_term_string}"},"query-input":{"@type":"PropertyValueSpecification","valueRequired":true,"valueName":"search_term_string"}}],"inLanguage":"fr-FR"}]}},"_links":{"self":[{"href":"https:\/\/physiotherapy.ca\/fr\/wp-json\/wp\/v2\/pages\/6217","targetHints":{"allow":["GET"]}}],"collection":[{"href":"https:\/\/physiotherapy.ca\/fr\/wp-json\/wp\/v2\/pages"}],"about":[{"href":"https:\/\/physiotherapy.ca\/fr\/wp-json\/wp\/v2\/types\/page"}],"author":[{"embeddable":true,"href":"https:\/\/physiotherapy.ca\/fr\/wp-json\/wp\/v2\/users\/1"}],"replies":[{"embeddable":true,"href":"https:\/\/physiotherapy.ca\/fr\/wp-json\/wp\/v2\/comments?post=6217"}],"version-history":[{"count":11,"href":"https:\/\/physiotherapy.ca\/fr\/wp-json\/wp\/v2\/pages\/6217\/revisions"}],"predecessor-version":[{"id":6229,"href":"https:\/\/physiotherapy.ca\/fr\/wp-json\/wp\/v2\/pages\/6217\/revisions\/6229"}],"wp:attachment":[{"href":"https:\/\/physiotherapy.ca\/fr\/wp-json\/wp\/v2\/media?parent=6217"}],"wp:term":[{"taxonomy":"topic","embeddable":true,"href":"https:\/\/physiotherapy.ca\/fr\/wp-json\/wp\/v2\/topic?post=6217"}],"curies":[{"name":"wp","href":"https:\/\/api.w.org\/{rel}","templated":true}]}}