{"id":6231,"date":"2022-08-08T14:30:08","date_gmt":"2022-08-08T18:30:08","guid":{"rendered":"https:\/\/physiotherapy.ca\/?page_id=6231"},"modified":"2022-08-08T14:30:09","modified_gmt":"2022-08-08T18:30:09","slug":"gail-kirkwood","status":"publish","type":"page","link":"https:\/\/physiotherapy.ca\/fr\/gail-kirkwood\/","title":{"rendered":"Gail Kirkwood"},"content":{"rendered":"\n<div class=\"wp-block-media-text is-stacked-on-mobile is-vertically-aligned-top\" style=\"grid-template-columns:36% auto\"><figure class=\"wp-block-media-text__media\"><img loading=\"lazy\" decoding=\"async\" width=\"1024\" height=\"930\" src=\"https:\/\/physiotherapy.ca\/app\/uploads\/2022\/08\/gail_kirkwood-1024x930.jpg\" alt=\"\" class=\"wp-image-5682 size-full\" srcset=\"https:\/\/physiotherapy.ca\/app\/uploads\/2022\/08\/gail_kirkwood-1024x930.jpg 1024w, https:\/\/physiotherapy.ca\/app\/uploads\/2022\/08\/gail_kirkwood-600x545.jpg 600w, https:\/\/physiotherapy.ca\/app\/uploads\/2022\/08\/gail_kirkwood-300x273.jpg 300w, https:\/\/physiotherapy.ca\/app\/uploads\/2022\/08\/gail_kirkwood-768x698.jpg 768w, https:\/\/physiotherapy.ca\/app\/uploads\/2022\/08\/gail_kirkwood-1536x1395.jpg 1536w, https:\/\/physiotherapy.ca\/app\/uploads\/2022\/08\/gail_kirkwood-2048x1861.jpg 2048w, https:\/\/physiotherapy.ca\/app\/uploads\/2022\/08\/gail_kirkwood-220x200.jpg 220w\" sizes=\"auto, (max-width: 1024px) 100vw, 1024px\" \/><\/figure><div class=\"wp-block-media-text__content\">\n<p><strong>Domaine de sp\u00e9cialit\u00e9 clinique&nbsp;:&nbsp;<\/strong>P\u00e9diatrie<\/p>\n\n\n\n<p><strong>Ann\u00e9e d\u2019obtention du dipl\u00f4me:&nbsp;<\/strong>1983<\/p>\n\n\n\n<p><strong>Secteurs d\u2019int\u00e9r\u00eat&nbsp;:&nbsp;<\/strong>R\u00e9adaptation post-AVC chez les jeunes, maladies inflammatoires du cerveau et cancer du cerveau, mesure des r\u00e9sultats cliniques, th\u00e9rapie par contrainte induite et formation des \u00e9tudiants.<\/p>\n\n\n\n<p><strong>Loisirs&nbsp;:&nbsp;<\/strong>De bonnes vieilles activit\u00e9s hivernales canadiennes \u2013 curling et ski de fond! Et l\u2019\u00e9t\u00e9, v\u00e9lo, randonn\u00e9e, lecture et voyages.<\/p>\n<\/div><\/div>\n\n\n\n<div style=\"height:36px\" aria-hidden=\"true\" class=\"wp-block-spacer\"><\/div>\n\n\n\n<p><strong>Que trouvez-vous le plus satisfaisant dans le programme de sp\u00e9cialit\u00e9?<\/strong><\/p>\n\n\n\n<p>Les discussions sur les \u00e9tudes de cas de m\u00eame que la r\u00e9flexion clinique ont constitu\u00e9 \u00e0 mes yeux les parties les plus int\u00e9ressantes du programme; elles m\u2019ont encourag\u00e9e \u00e0 revoir la fa\u00e7on dont j\u2019exerce mon m\u00e9tier, notamment en ce qui touche l\u2019\u00e9valuation, l\u2019analyse et l\u2019intervention lorsque les donn\u00e9es probantes sont rares.<\/p>\n\n\n\n<p>Le fait de mettre par \u00e9crit et de pr\u00e9senter les cas et les r\u00e9flexions cliniques m\u2019a donn\u00e9 le temps d\u2019analyser mes comp\u00e9tences, ma fa\u00e7on de pratiquer et les points \u00e0 am\u00e9liorer, un temps dont on ne dispose pas lorsqu\u2019on est tr\u00e8s occup\u00e9 comme clinicien. Comme les cas ont \u00e9t\u00e9 \u00e9valu\u00e9s par un sp\u00e9cialiste d\u2019un autre domaine de m\u00eame que deux&nbsp;professionnels de ma sp\u00e9cialit\u00e9, il m\u2019a fallu faire preuve de concision et me concentrer sur les principaux r\u00e9sultats, buts, interventions et r\u00e9flexions, afin de d\u00e9montrer les comp\u00e9tences cl\u00e9s.<\/p>\n\n\n\n<p>La pr\u00e9sentation devant le groupe d\u2019\u00e9valuateurs a \u00e9t\u00e9 stimulante (m\u00eame si j\u2019avais un peu peur au d\u00e9but!), et les questions qu\u2019ils m\u2019ont pos\u00e9es nous ont donn\u00e9 l\u2019occasion de discuter en profondeur de certains r\u00e9sultats et processus de r\u00e9flexion.<\/p>\n\n\n\n<p>La r\u00e9troaction \u00e9crite \u00e9tait extr\u00eamement pr\u00e9cieuse \u00e0 toutes les \u00e9tapes du programme, mais notamment en ce qui concernait les \u00e9tudes de cas et la r\u00e9flexion clinique; j\u2019ai appr\u00e9ci\u00e9 l\u2019honn\u00eatet\u00e9 et le d\u00e9vouement des autres physioth\u00e9rapeutes qui ont revu les documents aux diff\u00e9rentes \u00e9tapes du processus.<\/p>\n\n\n\n<p><strong>Quel effet le programme de sp\u00e9cialit\u00e9 clinique aura-t-il sur la profession de physioth\u00e9rapeute?<\/strong><\/p>\n\n\n\n<p>Je pense que la sp\u00e9cialisation est importante, et j\u2019aimerais qu\u2019elle joue un r\u00f4le en physioth\u00e9rapie p\u00e9diatrique. Il existe des r\u00f4les de pratique avanc\u00e9e dans certains organismes, et cela constitue peut-\u00eatre une premi\u00e8re&nbsp;\u00e9tape pour les physioth\u00e9rapeutes qui ont une sp\u00e9cialit\u00e9. Dans le secteur priv\u00e9 en p\u00e9diatrie, les familles cherchent souvent des th\u00e9rapeutes qui se sp\u00e9cialisent dans une m\u00e9thode particuli\u00e8re, et je pense qu\u2019il faudrait promouvoir le programme pour que les familles et les clients voient les avantages du titre.<\/p>\n\n\n\n<p><strong>Pourquoi avez-vous particip\u00e9 au programme?<\/strong><\/p>\n\n\n\n<p>J\u2019ai d\u2019abord \u00e9t\u00e9 intrigu\u00e9e par le processus de d\u00e9veloppement d\u2019un programme de sp\u00e9cialisation \u00e0 l\u2019ACP, et enthousiasm\u00e9e par la possibilit\u00e9 de devenir \u00e9valuatrice. Je trouvais que ce serait une occasion extraordinaire d\u2019entrer en contact avec des physioth\u00e9rapeutes d\u2019autres sp\u00e9cialit\u00e9s afin de mettre en commun notre exp\u00e9rience du processus de sp\u00e9cialisation. Le programme a combl\u00e9 mes attentes, et m\u00eame plus! Les r\u00e9flexions cliniques et les \u00e9tudes de cas ont \u00e9t\u00e9 des occasions d\u2019apprentissage extraordinaires, aussi bien dans la pr\u00e9paration de mon propre dossier que dans l\u2019examen des dossiers de mes coll\u00e8gues, et je suis tr\u00e8s reconnaissante d\u2019avoir pu participer \u00e0 cette initiative stimulante. Cela a constitu\u00e9 un d\u00e9fi personnel et une occasion unique de r\u00e9fl\u00e9chir en profondeur \u00e0 ma pratique, et cela m\u2019a donn\u00e9 la capacit\u00e9 de le d\u00e9montrer devant un groupe d\u2019\u00e9valuateurs.<\/p>\n\n\n\n<p><strong>Avez-vous fait appel \u00e0 votre r\u00e9seau de sp\u00e9cialistes, et comment?<\/strong><\/p>\n\n\n\n<p>Le fait d\u2019avoir un r\u00e9seau national de sp\u00e9cialistes cliniques en p\u00e9diatrie avec qui mettre en commun connaissances et id\u00e9es soutiendra le travail des cliniciens et favorisera la pratique et la recherche en p\u00e9diatrie. Cela multipliera les occasions de mentorat et de leadership pour tous les physioth\u00e9rapeutes. Le processus de sp\u00e9cialisation enrichira la r\u00e9flexion dans la pratique, ce qui sera \u00e0 l\u2019avantage des clients et des familles.<\/p>\n","protected":false},"excerpt":{"rendered":"<p>Domaine de sp\u00e9cialit\u00e9 clinique&nbsp;:&nbsp;P\u00e9diatrie Ann\u00e9e d\u2019obtention du dipl\u00f4me:&nbsp;1983 Secteurs d\u2019int\u00e9r\u00eat&nbsp;:&nbsp;R\u00e9adaptation post-AVC chez les jeunes, maladies inflammatoires du cerveau et cancer du cerveau, mesure des r\u00e9sultats cliniques, th\u00e9rapie par contrainte induite et formation des \u00e9tudiants. Loisirs&nbsp;:&nbsp;De bonnes vieilles activit\u00e9s hivernales canadiennes [&hellip;]<\/p>\n","protected":false},"author":1,"featured_media":0,"parent":0,"menu_order":0,"comment_status":"closed","ping_status":"closed","template":"","meta":{"inline_featured_image":false,"ep_exclude_from_search":false,"footnotes":""},"topic":[],"class_list":["post-6231","page","type-page","status-publish","hentry"],"acf":[],"yoast_head":"<!-- This site is optimized with the Yoast SEO plugin v24.7 - https:\/\/yoast.com\/wordpress\/plugins\/seo\/ -->\n<title>Gail Kirkwood - Canadian Physiotherapy Association<\/title>\n<meta name=\"robots\" content=\"index, follow, max-snippet:-1, max-image-preview:large, max-video-preview:-1\" \/>\n<link rel=\"canonical\" href=\"https:\/\/physiotherapy.ca\/fr\/gail-kirkwood\/\" \/>\n<meta property=\"og:locale\" content=\"fr_FR\" \/>\n<meta property=\"og:type\" content=\"article\" \/>\n<meta property=\"og:title\" content=\"Gail Kirkwood - Canadian Physiotherapy Association\" \/>\n<meta property=\"og:description\" content=\"Domaine de sp\u00e9cialit\u00e9 clinique&nbsp;:&nbsp;P\u00e9diatrie Ann\u00e9e d\u2019obtention du dipl\u00f4me:&nbsp;1983 Secteurs d\u2019int\u00e9r\u00eat&nbsp;:&nbsp;R\u00e9adaptation post-AVC chez les jeunes, maladies inflammatoires du cerveau et cancer du cerveau, mesure des r\u00e9sultats cliniques, th\u00e9rapie par contrainte induite et formation des \u00e9tudiants. Loisirs&nbsp;:&nbsp;De bonnes vieilles activit\u00e9s hivernales canadiennes [&hellip;]\" \/>\n<meta property=\"og:url\" content=\"https:\/\/physiotherapy.ca\/fr\/gail-kirkwood\/\" \/>\n<meta property=\"og:site_name\" content=\"Canadian Physiotherapy Association\" \/>\n<meta property=\"article:modified_time\" content=\"2022-08-08T18:30:09+00:00\" \/>\n<meta property=\"og:image\" content=\"https:\/\/physiotherapy.ca\/app\/uploads\/2022\/08\/gail_kirkwood-1024x930.jpg\" \/>\n<meta name=\"twitter:card\" content=\"summary_large_image\" \/>\n<meta name=\"twitter:label1\" content=\"Est. reading time\" \/>\n\t<meta name=\"twitter:data1\" content=\"3 minutes\" \/>\n<script type=\"application\/ld+json\" class=\"yoast-schema-graph\">{\"@context\":\"https:\/\/schema.org\",\"@graph\":[{\"@type\":\"WebPage\",\"@id\":\"https:\/\/physiotherapy.ca\/fr\/gail-kirkwood\/\",\"url\":\"https:\/\/physiotherapy.ca\/fr\/gail-kirkwood\/\",\"name\":\"Gail Kirkwood - Canadian Physiotherapy Association\",\"isPartOf\":{\"@id\":\"https:\/\/physiotherapy.ca\/#website\"},\"primaryImageOfPage\":{\"@id\":\"https:\/\/physiotherapy.ca\/fr\/gail-kirkwood\/#primaryimage\"},\"image\":{\"@id\":\"https:\/\/physiotherapy.ca\/fr\/gail-kirkwood\/#primaryimage\"},\"thumbnailUrl\":\"https:\/\/physiotherapy.ca\/app\/uploads\/2022\/08\/gail_kirkwood-1024x930.jpg\",\"datePublished\":\"2022-08-08T18:30:08+00:00\",\"dateModified\":\"2022-08-08T18:30:09+00:00\",\"breadcrumb\":{\"@id\":\"https:\/\/physiotherapy.ca\/fr\/gail-kirkwood\/#breadcrumb\"},\"inLanguage\":\"fr-FR\",\"potentialAction\":[{\"@type\":\"ReadAction\",\"target\":[\"https:\/\/physiotherapy.ca\/fr\/gail-kirkwood\/\"]}]},{\"@type\":\"ImageObject\",\"inLanguage\":\"fr-FR\",\"@id\":\"https:\/\/physiotherapy.ca\/fr\/gail-kirkwood\/#primaryimage\",\"url\":\"https:\/\/physiotherapy.ca\/app\/uploads\/2022\/08\/gail_kirkwood-1024x930.jpg\",\"contentUrl\":\"https:\/\/physiotherapy.ca\/app\/uploads\/2022\/08\/gail_kirkwood-1024x930.jpg\"},{\"@type\":\"BreadcrumbList\",\"@id\":\"https:\/\/physiotherapy.ca\/fr\/gail-kirkwood\/#breadcrumb\",\"itemListElement\":[{\"@type\":\"ListItem\",\"position\":1,\"name\":\"Home\",\"item\":\"https:\/\/physiotherapy.ca\/fr\/\"},{\"@type\":\"ListItem\",\"position\":2,\"name\":\"Gail Kirkwood\"}]},{\"@type\":\"WebSite\",\"@id\":\"https:\/\/physiotherapy.ca\/#website\",\"url\":\"https:\/\/physiotherapy.ca\/\",\"name\":\"Canadian Physiotherapy Association\",\"description\":\"The Canadian Physiotherapy Association (CPA) represents over 16,000 physiotherapy professionals and students across Canada.\",\"potentialAction\":[{\"@type\":\"SearchAction\",\"target\":{\"@type\":\"EntryPoint\",\"urlTemplate\":\"https:\/\/physiotherapy.ca\/?s={search_term_string}\"},\"query-input\":{\"@type\":\"PropertyValueSpecification\",\"valueRequired\":true,\"valueName\":\"search_term_string\"}}],\"inLanguage\":\"fr-FR\"}]}<\/script>\n<!-- \/ Yoast SEO plugin. -->","yoast_head_json":{"title":"Gail Kirkwood - Canadian Physiotherapy Association","robots":{"index":"index","follow":"follow","max-snippet":"max-snippet:-1","max-image-preview":"max-image-preview:large","max-video-preview":"max-video-preview:-1"},"canonical":"https:\/\/physiotherapy.ca\/fr\/gail-kirkwood\/","og_locale":"fr_FR","og_type":"article","og_title":"Gail Kirkwood - Canadian Physiotherapy Association","og_description":"Domaine de sp\u00e9cialit\u00e9 clinique&nbsp;:&nbsp;P\u00e9diatrie Ann\u00e9e d\u2019obtention du dipl\u00f4me:&nbsp;1983 Secteurs d\u2019int\u00e9r\u00eat&nbsp;:&nbsp;R\u00e9adaptation post-AVC chez les jeunes, maladies inflammatoires du cerveau et cancer du cerveau, mesure des r\u00e9sultats cliniques, th\u00e9rapie par contrainte induite et formation des \u00e9tudiants. Loisirs&nbsp;:&nbsp;De bonnes vieilles activit\u00e9s hivernales canadiennes [&hellip;]","og_url":"https:\/\/physiotherapy.ca\/fr\/gail-kirkwood\/","og_site_name":"Canadian Physiotherapy Association","article_modified_time":"2022-08-08T18:30:09+00:00","og_image":[{"url":"https:\/\/physiotherapy.ca\/app\/uploads\/2022\/08\/gail_kirkwood-1024x930.jpg","type":"","width":"","height":""}],"twitter_card":"summary_large_image","twitter_misc":{"Est. reading time":"3 minutes"},"schema":{"@context":"https:\/\/schema.org","@graph":[{"@type":"WebPage","@id":"https:\/\/physiotherapy.ca\/fr\/gail-kirkwood\/","url":"https:\/\/physiotherapy.ca\/fr\/gail-kirkwood\/","name":"Gail Kirkwood - Canadian Physiotherapy Association","isPartOf":{"@id":"https:\/\/physiotherapy.ca\/#website"},"primaryImageOfPage":{"@id":"https:\/\/physiotherapy.ca\/fr\/gail-kirkwood\/#primaryimage"},"image":{"@id":"https:\/\/physiotherapy.ca\/fr\/gail-kirkwood\/#primaryimage"},"thumbnailUrl":"https:\/\/physiotherapy.ca\/app\/uploads\/2022\/08\/gail_kirkwood-1024x930.jpg","datePublished":"2022-08-08T18:30:08+00:00","dateModified":"2022-08-08T18:30:09+00:00","breadcrumb":{"@id":"https:\/\/physiotherapy.ca\/fr\/gail-kirkwood\/#breadcrumb"},"inLanguage":"fr-FR","potentialAction":[{"@type":"ReadAction","target":["https:\/\/physiotherapy.ca\/fr\/gail-kirkwood\/"]}]},{"@type":"ImageObject","inLanguage":"fr-FR","@id":"https:\/\/physiotherapy.ca\/fr\/gail-kirkwood\/#primaryimage","url":"https:\/\/physiotherapy.ca\/app\/uploads\/2022\/08\/gail_kirkwood-1024x930.jpg","contentUrl":"https:\/\/physiotherapy.ca\/app\/uploads\/2022\/08\/gail_kirkwood-1024x930.jpg"},{"@type":"BreadcrumbList","@id":"https:\/\/physiotherapy.ca\/fr\/gail-kirkwood\/#breadcrumb","itemListElement":[{"@type":"ListItem","position":1,"name":"Home","item":"https:\/\/physiotherapy.ca\/fr\/"},{"@type":"ListItem","position":2,"name":"Gail Kirkwood"}]},{"@type":"WebSite","@id":"https:\/\/physiotherapy.ca\/#website","url":"https:\/\/physiotherapy.ca\/","name":"Canadian Physiotherapy Association","description":"The Canadian Physiotherapy Association (CPA) represents over 16,000 physiotherapy professionals and students across Canada.","potentialAction":[{"@type":"SearchAction","target":{"@type":"EntryPoint","urlTemplate":"https:\/\/physiotherapy.ca\/?s={search_term_string}"},"query-input":{"@type":"PropertyValueSpecification","valueRequired":true,"valueName":"search_term_string"}}],"inLanguage":"fr-FR"}]}},"_links":{"self":[{"href":"https:\/\/physiotherapy.ca\/fr\/wp-json\/wp\/v2\/pages\/6231","targetHints":{"allow":["GET"]}}],"collection":[{"href":"https:\/\/physiotherapy.ca\/fr\/wp-json\/wp\/v2\/pages"}],"about":[{"href":"https:\/\/physiotherapy.ca\/fr\/wp-json\/wp\/v2\/types\/page"}],"author":[{"embeddable":true,"href":"https:\/\/physiotherapy.ca\/fr\/wp-json\/wp\/v2\/users\/1"}],"replies":[{"embeddable":true,"href":"https:\/\/physiotherapy.ca\/fr\/wp-json\/wp\/v2\/comments?post=6231"}],"version-history":[{"count":2,"href":"https:\/\/physiotherapy.ca\/fr\/wp-json\/wp\/v2\/pages\/6231\/revisions"}],"predecessor-version":[{"id":6233,"href":"https:\/\/physiotherapy.ca\/fr\/wp-json\/wp\/v2\/pages\/6231\/revisions\/6233"}],"wp:attachment":[{"href":"https:\/\/physiotherapy.ca\/fr\/wp-json\/wp\/v2\/media?parent=6231"}],"wp:term":[{"taxonomy":"topic","embeddable":true,"href":"https:\/\/physiotherapy.ca\/fr\/wp-json\/wp\/v2\/topic?post=6231"}],"curies":[{"name":"wp","href":"https:\/\/api.w.org\/{rel}","templated":true}]}}