{"id":6235,"date":"2022-08-08T14:32:18","date_gmt":"2022-08-08T18:32:18","guid":{"rendered":"https:\/\/physiotherapy.ca\/?page_id=6235"},"modified":"2022-08-08T14:32:19","modified_gmt":"2022-08-08T18:32:19","slug":"helen-johnson","status":"publish","type":"page","link":"https:\/\/physiotherapy.ca\/fr\/helen-johnson\/","title":{"rendered":"Helen Johnson"},"content":{"rendered":"\n<div class=\"wp-block-media-text is-stacked-on-mobile is-vertically-aligned-top\" style=\"grid-template-columns:36% auto\"><figure class=\"wp-block-media-text__media\"><img loading=\"lazy\" decoding=\"async\" width=\"429\" height=\"600\" src=\"https:\/\/physiotherapy.ca\/app\/uploads\/2022\/08\/helen_johnson.jpg\" alt=\"\" class=\"wp-image-5692 size-full\" srcset=\"https:\/\/physiotherapy.ca\/app\/uploads\/2022\/08\/helen_johnson.jpg 429w, https:\/\/physiotherapy.ca\/app\/uploads\/2022\/08\/helen_johnson-215x300.jpg 215w, https:\/\/physiotherapy.ca\/app\/uploads\/2022\/08\/helen_johnson-143x200.jpg 143w\" sizes=\"auto, (max-width: 429px) 100vw, 429px\" \/><\/figure><div class=\"wp-block-media-text__content\">\n<p><strong>Domaine de sp\u00e9cialit\u00e9 clinique&nbsp;:&nbsp;<\/strong>Sant\u00e9 des a\u00een\u00e9s<\/p>\n\n\n\n<p><strong>Nombre d\u2019ann\u00e9es de pratique&nbsp;:&nbsp;<\/strong>30<\/p>\n\n\n\n<p><strong>Secteurs d\u2019int\u00e9r\u00eat professionnel&nbsp;:&nbsp;<\/strong>\u00c9valuation g\u00e9riatrique exhaustive; r\u00e9adaptation en g\u00e9riatrie; pr\u00e9vention des chutes; capacit\u00e9 physique fonctionnelle des a\u00een\u00e9s; formation en g\u00e9riatrie et en sant\u00e9 des a\u00een\u00e9s pour les physioth\u00e9rapeutes et les autres professionnels param\u00e9dicaux<\/p>\n\n\n\n<p><strong>O\u00f9 esp\u00e9rez-vous voir la profession dans 25&nbsp;ans en ce qui touche la sant\u00e9 des a\u00een\u00e9s?<\/strong><\/p>\n\n\n\n<p>En 2040, le Canada atteindra le sommet de la vague de vieillissement de la population \u2013 d\u2019ici 2050, environ un Canadien sur quatre aura 65&nbsp;ans ou plus.<\/p>\n<\/div><\/div>\n\n\n\n<div style=\"height:36px\" aria-hidden=\"true\" class=\"wp-block-spacer\"><\/div>\n\n\n\n<p>Le syst\u00e8me de sant\u00e9 devra absolument disposer d\u2019un nombre ad\u00e9quat de physioth\u00e9rapeutes ayant une expertise et des comp\u00e9tences cliniques en sant\u00e9 des a\u00een\u00e9s. J\u2019esp\u00e8re que les physioth\u00e9rapeutes seront des chefs de file dans l\u2019appui aux a\u00een\u00e9s dans le maintien de leur sant\u00e9 et de leur autonomie, la prise en charge des conditions chroniques li\u00e9es au vieillissement et le r\u00e9tablissement des fonctions apr\u00e8s une maladie ou une hospitalisation.<\/p>\n\n\n\n<p><strong>Pourquoi avoir choisi d\u2019\u00eatre sp\u00e9cialiste clinique?<\/strong><\/p>\n\n\n\n<p>J\u2019ai toujours cru qu\u2019il fallait apprendre et se perfectionner toute sa vie. En 2011, j\u2019ai eu l\u2019occasion de faire une ma\u00eetrise en sciences de la sant\u00e9 et de la r\u00e9adaptation et en sant\u00e9 du vieillissement. Pour moi, le lancement du programme de sp\u00e9cialit\u00e9 clinique et la formation d\u2019\u00e9valuatrice l\u2019ann\u00e9e suivante sont tomb\u00e9s \u00e0 point. Avant de faire ma ma\u00eetrise, m\u00eame si j\u2019avais travaill\u00e9 pendant 25&nbsp;ans (dont 15&nbsp;ans en sant\u00e9 des a\u00een\u00e9s), je n\u2019avais pas eu l\u2019occasion de consolider suffisamment mes comp\u00e9tences en recherche et en enseignement pour r\u00e9pondre aux crit\u00e8res de sp\u00e9cialisation clinique. J\u2019ai senti que le moment \u00e9tait ad\u00e9quat pour me lancer dans cette nouvelle aventure. Je crois \u00e9galement que si un nombre suffisant de membres de l\u2019ACP sont reconnus comme sp\u00e9cialistes cliniques, cela continuera \u00e0 faire conna\u00eetre notre profession et \u00e0 renforcer notre identit\u00e9 professionnelle \u00e0 l\u2019\u00e9chelle nationale.<\/p>\n\n\n\n<p><strong>Qu\u2019est-ce que la sp\u00e9cialisation clinique a chang\u00e9 dans votre pratique?<\/strong><\/p>\n\n\n\n<p>Apr\u00e8s ma ma\u00eetrise, alors que j\u2019\u00e9tais \u00e0 la recherche d\u2019un nouvel emploi, la sp\u00e9cialit\u00e9 clinique m\u2019a donn\u00e9 une cr\u00e9dibilit\u00e9 additionnelle pour occuper le poste de chef de la r\u00e9adaptation au RLISS d\u2019ESC. En dirigeant l\u2019application des pratiques exemplaires et en pr\u00e9parant des protocoles de soins et des fiches de notation sur le rendement du syst\u00e8me de r\u00e9adaptation des a\u00een\u00e9s, j\u2019ai pu utiliser mes connaissances cliniques avanc\u00e9es tout en am\u00e9liorant mes comp\u00e9tences dans la transmission des connaissances et la d\u00e9fense de la profession.<\/p>\n\n\n\n<p><strong>Quelles responsabilit\u00e9s nouvelles assumerez-vous \u00e0 titre de sp\u00e9cialiste?<\/strong><\/p>\n\n\n\n<p>J\u2019occupe actuellement un poste id\u00e9al pour l\u2019utilisation et l\u2019approfondissement des comp\u00e9tences de sp\u00e9cialiste clinique \u00e0 tous les niveaux. J\u2019esp\u00e8re que je pourrai continuer \u00e0 le faire \u00e0 court terme. J\u2019esp\u00e8re \u00e9galement y int\u00e9grer des possibilit\u00e9s de recherche.<\/p>\n\n\n\n<p><strong>Selon vous, quelles sont les caract\u00e9ristiques d\u2019un bon candidat au programme de sp\u00e9cialit\u00e9 clinique?<\/strong><\/p>\n\n\n\n<p>Il faut \u00eatre un clinicien d\u00e9vou\u00e9, un autodidacte et un leader passionn\u00e9 par l\u2019excellence des soins donn\u00e9s aux patients et continuellement \u00e0 la recherche d\u2019am\u00e9lioration.<\/p>\n\n\n\n<p><strong>Selon vous, quelle influence aura la sp\u00e9cialit\u00e9 clinique sur le domaine de la sant\u00e9 des a\u00een\u00e9s en physioth\u00e9rapie?<\/strong><\/p>\n\n\n\n<p>Une fois qu\u2019un certain nombre de nos pairs auront obtenu ce titre, la division sant\u00e9 des a\u00een\u00e9s disposera d\u2019un noyau de membres qui seront en mesure de collaborer pour contribuer \u00e0 la mission et \u00e0 la vision de la division. Tous les physioth\u00e9rapeutes auront besoin d\u2019un certain niveau de connaissances et de comp\u00e9tences en sant\u00e9 des a\u00een\u00e9s, car les adultes \u00e2g\u00e9s constitueront la majorit\u00e9 de notre client\u00e8le dans tous les secteurs de soins.<\/p>\n\n\n\n<p><strong>Quels facteurs importants faut-il prendre en compte lorsqu\u2019on souhaite faire une sp\u00e9cialit\u00e9 clinique?<\/strong><\/p>\n\n\n\n<p>Il faut pr\u00e9parer un portfolio pour documenter la formation continue de m\u00eame que les r\u00f4les de direction et les activit\u00e9s de repr\u00e9sentation de la profession. Il faut chercher des occasions de participer \u00e0 la recherche \u00e0 un niveau ou \u00e0 un autre, m\u00eame s\u2019il s\u2019agit simplement d\u2019utiliser la recherche pour \u00e9valuer la prestation des soins ou les programmes en fonction des pratiques exemplaires. Pensez \u00e0 compiler des cas difficiles que vous pourrez pr\u00e9senter dans les sections du programme de sp\u00e9cialit\u00e9 clinique qui portent sur la r\u00e9flexion ou les \u00e9tudes de cas.<\/p>\n\n\n\n<p><strong>Selon vous, qu\u2019est-ce qui est le plus pr\u00e9cieux dans le programme?<\/strong><\/p>\n\n\n\n<p>La possibilit\u00e9 de mener une r\u00e9flexion clinique m\u2019a \u00e9t\u00e9 tr\u00e8s pr\u00e9cieuse dans ma r\u00e9flexion critique sur ma pratique aupr\u00e8s des patients. Les commentaires de mes pairs m\u2019ont aussi donn\u00e9 l\u2019occasion de grandir.<\/p>\n\n\n\n<p><strong>Quel conseil donneriez-vous aux candidats qui souhaitent faire le programme de sp\u00e9cialit\u00e9 clinique?<\/strong><\/p>\n\n\n\n<p>Dressez la liste de vos mentors, ainsi que des personnes pour qui vous pourriez jouer ce r\u00f4le. Allez-y!<\/p>\n\n\n\n<p><strong>Formation<\/strong><\/p>\n\n\n\n<p>Baccalaur\u00e9at en sciences (physioth\u00e9rapie), Universit\u00e9 Western Ontario, 1984<\/p>\n\n\n\n<p>M. Sc., sciences de la sant\u00e9 et de la r\u00e9adaptation, sant\u00e9 et vieillissement, Universit\u00e9 Western Ontario, 2011<\/p>\n\n\n\n<p>J\u2019ai effectu\u00e9 plusieurs stages cliniques \u00e0 l\u2019H\u00f4pital universitaire de London pendant ma formation en physioth\u00e9rapie, et on m\u2019a offert un poste d\u00e8s que j\u2019ai obtenu mon dipl\u00f4me. J\u2019y ai eu des mentors solides d\u00e8s le d\u00e9but de ma carri\u00e8re \u2013 Gaye Sydenham, Marel Fielding et d\u2019autres membres actifs de l\u2019ACP et de l\u2019Association ontarienne de la physioth\u00e9rapie \u00e0 l\u2019\u00e9chelle du district, de la province et du pays. J\u2019ai pu y travailler dans divers domaines pendant les dix&nbsp;premi\u00e8res ann\u00e9es de ma carri\u00e8re \u2013 soins intensifs, chirurgie cardiaque, AVC et neurochirurgie, r\u00e9adaptation, cliniques SLA et scl\u00e9rose en plaques et j\u2019y ai jou\u00e9 un r\u00f4le de sp\u00e9cialiste clinique.<\/p>\n\n\n\n<p><strong>Activit\u00e9s professionnelles actuelles<\/strong><\/p>\n\n\n\n<ul class=\"wp-block-list\"><li>Active dans la division sant\u00e9 des a\u00een\u00e9s comme ex-pr\u00e9sidente, et au comit\u00e9 de formation<\/li><li>Repr\u00e9sentante canadienne de la division sant\u00e9 des a\u00een\u00e9s au sein du sous-groupe IPTOP (Association internationale des physioth\u00e9rapeutes pour les a\u00een\u00e9s) de la WCPT<\/li><li>Pr\u00e9sentation par affiche accept\u00e9e \u00e0 la WCPT&nbsp;2015, \u00e0 Singapour<\/li><\/ul>\n\n\n\n<p><strong>Courriel&nbsp;<\/strong>:&nbsp;<a href=\"mailto:hjohnson@ckha.on.ca\">hjohnson@ckha.on.ca<\/a>&nbsp;<\/p>\n","protected":false},"excerpt":{"rendered":"<p>Domaine de sp\u00e9cialit\u00e9 clinique&nbsp;:&nbsp;Sant\u00e9 des a\u00een\u00e9s Nombre d\u2019ann\u00e9es de pratique&nbsp;:&nbsp;30 Secteurs d\u2019int\u00e9r\u00eat professionnel&nbsp;:&nbsp;\u00c9valuation g\u00e9riatrique exhaustive; r\u00e9adaptation en g\u00e9riatrie; pr\u00e9vention des chutes; capacit\u00e9 physique fonctionnelle des a\u00een\u00e9s; formation en g\u00e9riatrie et en sant\u00e9 des a\u00een\u00e9s pour les physioth\u00e9rapeutes et les autres [&hellip;]<\/p>\n","protected":false},"author":1,"featured_media":0,"parent":0,"menu_order":0,"comment_status":"closed","ping_status":"closed","template":"","meta":{"inline_featured_image":false,"ep_exclude_from_search":false,"footnotes":""},"topic":[],"class_list":["post-6235","page","type-page","status-publish","hentry"],"acf":[],"yoast_head":"<!-- This site is optimized with the Yoast SEO plugin v24.7 - https:\/\/yoast.com\/wordpress\/plugins\/seo\/ -->\n<title>Helen Johnson - Canadian Physiotherapy Association<\/title>\n<meta name=\"robots\" content=\"index, follow, max-snippet:-1, max-image-preview:large, max-video-preview:-1\" \/>\n<link rel=\"canonical\" href=\"https:\/\/physiotherapy.ca\/fr\/helen-johnson\/\" \/>\n<meta property=\"og:locale\" content=\"fr_FR\" \/>\n<meta property=\"og:type\" content=\"article\" \/>\n<meta property=\"og:title\" content=\"Helen Johnson - Canadian Physiotherapy Association\" \/>\n<meta property=\"og:description\" content=\"Domaine de sp\u00e9cialit\u00e9 clinique&nbsp;:&nbsp;Sant\u00e9 des a\u00een\u00e9s Nombre d\u2019ann\u00e9es de pratique&nbsp;:&nbsp;30 Secteurs d\u2019int\u00e9r\u00eat professionnel&nbsp;:&nbsp;\u00c9valuation g\u00e9riatrique exhaustive; r\u00e9adaptation en g\u00e9riatrie; pr\u00e9vention des chutes; capacit\u00e9 physique fonctionnelle des a\u00een\u00e9s; formation en g\u00e9riatrie et en sant\u00e9 des a\u00een\u00e9s pour les physioth\u00e9rapeutes et les autres [&hellip;]\" \/>\n<meta property=\"og:url\" content=\"https:\/\/physiotherapy.ca\/fr\/helen-johnson\/\" \/>\n<meta property=\"og:site_name\" content=\"Canadian Physiotherapy Association\" \/>\n<meta property=\"article:modified_time\" content=\"2022-08-08T18:32:19+00:00\" \/>\n<meta property=\"og:image\" content=\"https:\/\/physiotherapy.ca\/app\/uploads\/2022\/08\/helen_johnson.jpg\" \/>\n<meta name=\"twitter:card\" content=\"summary_large_image\" \/>\n<meta name=\"twitter:label1\" content=\"Est. reading time\" \/>\n\t<meta name=\"twitter:data1\" content=\"5 minutes\" \/>\n<script type=\"application\/ld+json\" class=\"yoast-schema-graph\">{\"@context\":\"https:\/\/schema.org\",\"@graph\":[{\"@type\":\"WebPage\",\"@id\":\"https:\/\/physiotherapy.ca\/fr\/helen-johnson\/\",\"url\":\"https:\/\/physiotherapy.ca\/fr\/helen-johnson\/\",\"name\":\"Helen Johnson - Canadian Physiotherapy Association\",\"isPartOf\":{\"@id\":\"https:\/\/physiotherapy.ca\/#website\"},\"primaryImageOfPage\":{\"@id\":\"https:\/\/physiotherapy.ca\/fr\/helen-johnson\/#primaryimage\"},\"image\":{\"@id\":\"https:\/\/physiotherapy.ca\/fr\/helen-johnson\/#primaryimage\"},\"thumbnailUrl\":\"https:\/\/physiotherapy.ca\/app\/uploads\/2022\/08\/helen_johnson.jpg\",\"datePublished\":\"2022-08-08T18:32:18+00:00\",\"dateModified\":\"2022-08-08T18:32:19+00:00\",\"breadcrumb\":{\"@id\":\"https:\/\/physiotherapy.ca\/fr\/helen-johnson\/#breadcrumb\"},\"inLanguage\":\"fr-FR\",\"potentialAction\":[{\"@type\":\"ReadAction\",\"target\":[\"https:\/\/physiotherapy.ca\/fr\/helen-johnson\/\"]}]},{\"@type\":\"ImageObject\",\"inLanguage\":\"fr-FR\",\"@id\":\"https:\/\/physiotherapy.ca\/fr\/helen-johnson\/#primaryimage\",\"url\":\"https:\/\/physiotherapy.ca\/app\/uploads\/2022\/08\/helen_johnson.jpg\",\"contentUrl\":\"https:\/\/physiotherapy.ca\/app\/uploads\/2022\/08\/helen_johnson.jpg\"},{\"@type\":\"BreadcrumbList\",\"@id\":\"https:\/\/physiotherapy.ca\/fr\/helen-johnson\/#breadcrumb\",\"itemListElement\":[{\"@type\":\"ListItem\",\"position\":1,\"name\":\"Home\",\"item\":\"https:\/\/physiotherapy.ca\/fr\/\"},{\"@type\":\"ListItem\",\"position\":2,\"name\":\"Helen Johnson\"}]},{\"@type\":\"WebSite\",\"@id\":\"https:\/\/physiotherapy.ca\/#website\",\"url\":\"https:\/\/physiotherapy.ca\/\",\"name\":\"Canadian Physiotherapy Association\",\"description\":\"The Canadian Physiotherapy Association (CPA) represents over 16,000 physiotherapy professionals and students across Canada.\",\"potentialAction\":[{\"@type\":\"SearchAction\",\"target\":{\"@type\":\"EntryPoint\",\"urlTemplate\":\"https:\/\/physiotherapy.ca\/?s={search_term_string}\"},\"query-input\":{\"@type\":\"PropertyValueSpecification\",\"valueRequired\":true,\"valueName\":\"search_term_string\"}}],\"inLanguage\":\"fr-FR\"}]}<\/script>\n<!-- \/ Yoast SEO plugin. -->","yoast_head_json":{"title":"Helen Johnson - Canadian Physiotherapy Association","robots":{"index":"index","follow":"follow","max-snippet":"max-snippet:-1","max-image-preview":"max-image-preview:large","max-video-preview":"max-video-preview:-1"},"canonical":"https:\/\/physiotherapy.ca\/fr\/helen-johnson\/","og_locale":"fr_FR","og_type":"article","og_title":"Helen Johnson - Canadian Physiotherapy Association","og_description":"Domaine de sp\u00e9cialit\u00e9 clinique&nbsp;:&nbsp;Sant\u00e9 des a\u00een\u00e9s Nombre d\u2019ann\u00e9es de pratique&nbsp;:&nbsp;30 Secteurs d\u2019int\u00e9r\u00eat professionnel&nbsp;:&nbsp;\u00c9valuation g\u00e9riatrique exhaustive; r\u00e9adaptation en g\u00e9riatrie; pr\u00e9vention des chutes; capacit\u00e9 physique fonctionnelle des a\u00een\u00e9s; formation en g\u00e9riatrie et en sant\u00e9 des a\u00een\u00e9s pour les physioth\u00e9rapeutes et les autres [&hellip;]","og_url":"https:\/\/physiotherapy.ca\/fr\/helen-johnson\/","og_site_name":"Canadian Physiotherapy Association","article_modified_time":"2022-08-08T18:32:19+00:00","og_image":[{"url":"https:\/\/physiotherapy.ca\/app\/uploads\/2022\/08\/helen_johnson.jpg","type":"","width":"","height":""}],"twitter_card":"summary_large_image","twitter_misc":{"Est. reading time":"5 minutes"},"schema":{"@context":"https:\/\/schema.org","@graph":[{"@type":"WebPage","@id":"https:\/\/physiotherapy.ca\/fr\/helen-johnson\/","url":"https:\/\/physiotherapy.ca\/fr\/helen-johnson\/","name":"Helen Johnson - Canadian Physiotherapy Association","isPartOf":{"@id":"https:\/\/physiotherapy.ca\/#website"},"primaryImageOfPage":{"@id":"https:\/\/physiotherapy.ca\/fr\/helen-johnson\/#primaryimage"},"image":{"@id":"https:\/\/physiotherapy.ca\/fr\/helen-johnson\/#primaryimage"},"thumbnailUrl":"https:\/\/physiotherapy.ca\/app\/uploads\/2022\/08\/helen_johnson.jpg","datePublished":"2022-08-08T18:32:18+00:00","dateModified":"2022-08-08T18:32:19+00:00","breadcrumb":{"@id":"https:\/\/physiotherapy.ca\/fr\/helen-johnson\/#breadcrumb"},"inLanguage":"fr-FR","potentialAction":[{"@type":"ReadAction","target":["https:\/\/physiotherapy.ca\/fr\/helen-johnson\/"]}]},{"@type":"ImageObject","inLanguage":"fr-FR","@id":"https:\/\/physiotherapy.ca\/fr\/helen-johnson\/#primaryimage","url":"https:\/\/physiotherapy.ca\/app\/uploads\/2022\/08\/helen_johnson.jpg","contentUrl":"https:\/\/physiotherapy.ca\/app\/uploads\/2022\/08\/helen_johnson.jpg"},{"@type":"BreadcrumbList","@id":"https:\/\/physiotherapy.ca\/fr\/helen-johnson\/#breadcrumb","itemListElement":[{"@type":"ListItem","position":1,"name":"Home","item":"https:\/\/physiotherapy.ca\/fr\/"},{"@type":"ListItem","position":2,"name":"Helen Johnson"}]},{"@type":"WebSite","@id":"https:\/\/physiotherapy.ca\/#website","url":"https:\/\/physiotherapy.ca\/","name":"Canadian Physiotherapy Association","description":"The Canadian Physiotherapy Association (CPA) represents over 16,000 physiotherapy professionals and students across Canada.","potentialAction":[{"@type":"SearchAction","target":{"@type":"EntryPoint","urlTemplate":"https:\/\/physiotherapy.ca\/?s={search_term_string}"},"query-input":{"@type":"PropertyValueSpecification","valueRequired":true,"valueName":"search_term_string"}}],"inLanguage":"fr-FR"}]}},"_links":{"self":[{"href":"https:\/\/physiotherapy.ca\/fr\/wp-json\/wp\/v2\/pages\/6235","targetHints":{"allow":["GET"]}}],"collection":[{"href":"https:\/\/physiotherapy.ca\/fr\/wp-json\/wp\/v2\/pages"}],"about":[{"href":"https:\/\/physiotherapy.ca\/fr\/wp-json\/wp\/v2\/types\/page"}],"author":[{"embeddable":true,"href":"https:\/\/physiotherapy.ca\/fr\/wp-json\/wp\/v2\/users\/1"}],"replies":[{"embeddable":true,"href":"https:\/\/physiotherapy.ca\/fr\/wp-json\/wp\/v2\/comments?post=6235"}],"version-history":[{"count":2,"href":"https:\/\/physiotherapy.ca\/fr\/wp-json\/wp\/v2\/pages\/6235\/revisions"}],"predecessor-version":[{"id":6237,"href":"https:\/\/physiotherapy.ca\/fr\/wp-json\/wp\/v2\/pages\/6235\/revisions\/6237"}],"wp:attachment":[{"href":"https:\/\/physiotherapy.ca\/fr\/wp-json\/wp\/v2\/media?parent=6235"}],"wp:term":[{"taxonomy":"topic","embeddable":true,"href":"https:\/\/physiotherapy.ca\/fr\/wp-json\/wp\/v2\/topic?post=6235"}],"curies":[{"name":"wp","href":"https:\/\/api.w.org\/{rel}","templated":true}]}}