{"id":6246,"date":"2022-08-08T15:00:40","date_gmt":"2022-08-08T19:00:40","guid":{"rendered":"https:\/\/physiotherapy.ca\/?page_id=6246"},"modified":"2022-08-08T15:00:42","modified_gmt":"2022-08-08T19:00:42","slug":"todd-wolansky","status":"publish","type":"page","link":"https:\/\/physiotherapy.ca\/fr\/todd-wolansky\/","title":{"rendered":"Todd Wolansky"},"content":{"rendered":"\n<div class=\"wp-block-media-text is-stacked-on-mobile is-vertically-aligned-top\" style=\"grid-template-columns:26% auto\"><figure class=\"wp-block-media-text__media\"><img loading=\"lazy\" decoding=\"async\" width=\"600\" height=\"750\" src=\"https:\/\/physiotherapy.ca\/app\/uploads\/2022\/08\/twolansky.jpg\" alt=\"\" class=\"wp-image-5701 size-full\" srcset=\"https:\/\/physiotherapy.ca\/app\/uploads\/2022\/08\/twolansky.jpg 600w, https:\/\/physiotherapy.ca\/app\/uploads\/2022\/08\/twolansky-240x300.jpg 240w, https:\/\/physiotherapy.ca\/app\/uploads\/2022\/08\/twolansky-160x200.jpg 160w\" sizes=\"auto, (max-width: 600px) 100vw, 600px\" \/><\/figure><div class=\"wp-block-media-text__content\">\n<p><strong>Sp\u00e9cialit\u00e9 clinique:&nbsp;<\/strong>Sant\u00e9 des a\u00een\u00e9s<\/p>\n\n\n\n<p><strong>Lieu:&nbsp;<\/strong>Canmore (Alberta)<\/p>\n\n\n\n<p><strong>Ann\u00e9e d\u2019obtention du dipl\u00f4me: D<\/strong>ipl\u00f4me en physioth\u00e9rapie &#8211; 2004; Programme de sp\u00e9cialit\u00e9 clinique &#8211; 2017<\/p>\n\n\n\n<p><strong>Ann\u00e9es d\u2019exercice:&nbsp;<\/strong>13<\/p>\n\n\n\n<p><strong>Secteurs d\u2019int\u00e9r\u00eat:&nbsp;<\/strong>Prise en charge des maladies chroniques, prescription d\u2019exercices et changements de comportement, vieillissement en sant\u00e9 et refonte du syst\u00e8me de sant\u00e9<\/p>\n<\/div><\/div>\n\n\n\n<div style=\"height:36px\" aria-hidden=\"true\" class=\"wp-block-spacer\"><\/div>\n\n\n\n<p><strong>Pourquoi avez-vous d\u00e9cid\u00e9 de devenir sp\u00e9cialiste clinique?<\/strong><\/p>\n\n\n\n<p>Au d\u00e9part, c\u2019est la curiosit\u00e9 qui a \u00e9veill\u00e9 mon int\u00e9r\u00eat.<\/p>\n\n\n\n<p>Puisque mes passions professionnelles semblent atypiques pour bien des physioth\u00e9rapeutes, je cherchais un m\u00e9canisme pour orienter ma formation professionnelle continue.<\/p>\n\n\n\n<p>Le programme de sp\u00e9cialit\u00e9 clinique m\u2019a fourni un cadre pour m\u2019aider \u00e0 cerner mes forces et mes faiblesses, puis \u00e0 \u00e9tablir une strat\u00e9gie pour \u00e9voluer dans ma formation.<\/p>\n\n\n\n<p>Il me permet \u00e9galement de mesurer mes comp\u00e9tences cliniques et d\u2019acqu\u00e9rir une attestation nationalement reconnue.<\/p>\n\n\n\n<p><strong>O\u00f9 voyez-vous la profession dans 25&nbsp;ans?<\/strong><\/p>\n\n\n\n<p>Je pense que, dans notre profession, nous ne faisons qu\u2019\u00e9gratigner la surface de notre potentiel \u00e0 soutenir les personnes \u00e2g\u00e9es en sant\u00e9 tout au long de leur vie.<\/p>\n\n\n\n<p>J\u2019esp\u00e8re que, dans 25&nbsp;ans, il sera tout aussi normal de proc\u00e9der \u00e0 un bilan annuel du mouvement et de la sant\u00e9 physique avec un physioth\u00e9rapeute que de prendre un rendez-vous annuel chez le dentiste.<\/p>\n\n\n\n<p>Il faudrait un changement de paradigme pour que notre profession ne soit plus principalement per\u00e7ue comme une profession ax\u00e9e sur la r\u00e9adaptation, mais tende \u00e0 \u00eatre per\u00e7ue comme responsable de la sant\u00e9 physique et fonctionnelle des Canadiens.<\/p>\n\n\n\n<p><strong>En quoi pensez-vous que votre sp\u00e9cialisation clinique a modifi\u00e9 votre pratique?<\/strong><\/p>\n\n\n\n<p>L\u2019introspection et l\u2019apprentissage continu ont toujours fait partie de mon profil professionnel. Le programme de sp\u00e9cialisation clinique y a ajout\u00e9 un processus concret que je peux constamment utiliser pour soutenir ma croissance et mon perfectionnement professionnels.<\/p>\n\n\n\n<h3 class=\"wp-block-heading\"><strong>Biographie et d\u00e9signations<\/strong><\/h3>\n\n\n\n<p>J\u2019ai obtenu mon baccalaur\u00e9at \u00e0 l\u2019universit\u00e9 de l\u2019Alberta en 2004 et j\u2019ai pass\u00e9 toute ma carri\u00e8re dans diverses communaut\u00e9s rurales des Rocheuses. J\u2019ai exerc\u00e9 plusieurs fonctions cliniques et de direction, tant en pratique priv\u00e9e que publique.<\/p>\n\n\n\n<p>J\u2019ai ainsi pu travailler en \u00e9troite collaboration avec des \u00e9quipes soignantes locales \u00e0 trouver des solutions pour am\u00e9liorer l\u2019acc\u00e8s aux services de physioth\u00e9rapie. Ces exp\u00e9riences ont \u00e9veill\u00e9 mon int\u00e9r\u00eat pour la prise en charge des maladies chroniques, le changement de comportement en mati\u00e8re de sant\u00e9 et les autres mod\u00e8les de prestation des soins.<\/p>\n\n\n\n<p>Je travaille \u00e0 Canmore, en Alberta. J\u2019ai un double r\u00f4le, puisque je travaille \u00e0 la fois comme physioth\u00e9rapeute clinicien et chef clinique de physioth\u00e9rapie pour les Alberta Health Services.&nbsp;<\/p>\n\n\n\n<p>Mes passions cliniques portent sur la conception et la prestation de programmes d\u2019exercices pour les maladies chroniques, le vieillissement en sant\u00e9 et le soutien de changement de comportement dans le secteur de la sant\u00e9<\/p>\n\n\n\n<p>Dans mon r\u00f4le clinique, je travaille avec des cliniciens et des leaders op\u00e9rationnels \u00e0 soutenir la prestation de mod\u00e8les de services novateurs et fond\u00e9s sur des donn\u00e9es probantes<\/p>\n\n\n\n<p>J\u2019ai \u00e9t\u00e9 membre du conseil de l\u2019Alberta Physiotherapy Association et je suis membre \u00e9lu au conseil de Physiotherapy Alberta College + Association. Je suis entra\u00eeneur certifi\u00e9 aupr\u00e8s du Coaches Training Institute, et professeur adjoint de clinique \u00e0 l\u2019universit\u00e9 de l\u2019Alberta, o\u00f9 je suis invit\u00e9 \u00e0 donner le cours sur le vieillissement et la physioth\u00e9rapie depuis 2013.<\/p>\n\n\n\n<p>J\u2019aime accueillir de nombreux stagiaires et je suis extr\u00eamement flatt\u00e9 d\u2019avoir remport\u00e9 le prix d\u2019\u00e9ducateur clinicien en physioth\u00e9rapie de l\u2019Alberta pour l\u2019ann\u00e9e 2016.<\/p>\n\n\n\n<p>En 2009, j\u2019ai \u00e9galement remport\u00e9 un prix d\u2019excellence du programme SEARCH Canada pour mon travail afin de soutenir le maintien de l\u2019activit\u00e9 physique \u00e0 long terme chez les participants apr\u00e8s la fin de leur programme d\u2019exercices pour soigner une maladie chronique.<\/p>\n","protected":false},"excerpt":{"rendered":"<p>Sp\u00e9cialit\u00e9 clinique:&nbsp;Sant\u00e9 des a\u00een\u00e9s Lieu:&nbsp;Canmore (Alberta) Ann\u00e9e d\u2019obtention du dipl\u00f4me: Dipl\u00f4me en physioth\u00e9rapie &#8211; 2004; Programme de sp\u00e9cialit\u00e9 clinique &#8211; 2017 Ann\u00e9es d\u2019exercice:&nbsp;13 Secteurs d\u2019int\u00e9r\u00eat:&nbsp;Prise en charge des maladies chroniques, prescription d\u2019exercices et changements de comportement, vieillissement en sant\u00e9 et [&hellip;]<\/p>\n","protected":false},"author":1,"featured_media":0,"parent":0,"menu_order":0,"comment_status":"closed","ping_status":"closed","template":"","meta":{"inline_featured_image":false,"ep_exclude_from_search":false,"footnotes":""},"topic":[],"class_list":["post-6246","page","type-page","status-publish","hentry"],"acf":[],"yoast_head":"<!-- This site is optimized with the Yoast SEO plugin v24.7 - https:\/\/yoast.com\/wordpress\/plugins\/seo\/ -->\n<title>Todd Wolansky - Canadian Physiotherapy Association<\/title>\n<meta name=\"robots\" content=\"index, follow, max-snippet:-1, max-image-preview:large, max-video-preview:-1\" \/>\n<link rel=\"canonical\" href=\"https:\/\/physiotherapy.ca\/fr\/todd-wolansky\/\" \/>\n<meta property=\"og:locale\" content=\"fr_FR\" \/>\n<meta property=\"og:type\" content=\"article\" \/>\n<meta property=\"og:title\" content=\"Todd Wolansky - Canadian Physiotherapy Association\" \/>\n<meta property=\"og:description\" content=\"Sp\u00e9cialit\u00e9 clinique:&nbsp;Sant\u00e9 des a\u00een\u00e9s Lieu:&nbsp;Canmore (Alberta) Ann\u00e9e d\u2019obtention du dipl\u00f4me: Dipl\u00f4me en physioth\u00e9rapie &#8211; 2004; Programme de sp\u00e9cialit\u00e9 clinique &#8211; 2017 Ann\u00e9es d\u2019exercice:&nbsp;13 Secteurs d\u2019int\u00e9r\u00eat:&nbsp;Prise en charge des maladies chroniques, prescription d\u2019exercices et changements de comportement, vieillissement en sant\u00e9 et [&hellip;]\" \/>\n<meta property=\"og:url\" content=\"https:\/\/physiotherapy.ca\/fr\/todd-wolansky\/\" \/>\n<meta property=\"og:site_name\" content=\"Canadian Physiotherapy Association\" \/>\n<meta property=\"article:modified_time\" content=\"2022-08-08T19:00:42+00:00\" \/>\n<meta property=\"og:image\" content=\"https:\/\/physiotherapy.ca\/app\/uploads\/2022\/08\/twolansky.jpg\" \/>\n<meta name=\"twitter:card\" content=\"summary_large_image\" \/>\n<meta name=\"twitter:label1\" content=\"Est. reading time\" \/>\n\t<meta name=\"twitter:data1\" content=\"3 minutes\" \/>\n<script type=\"application\/ld+json\" class=\"yoast-schema-graph\">{\"@context\":\"https:\/\/schema.org\",\"@graph\":[{\"@type\":\"WebPage\",\"@id\":\"https:\/\/physiotherapy.ca\/fr\/todd-wolansky\/\",\"url\":\"https:\/\/physiotherapy.ca\/fr\/todd-wolansky\/\",\"name\":\"Todd Wolansky - Canadian Physiotherapy Association\",\"isPartOf\":{\"@id\":\"https:\/\/physiotherapy.ca\/#website\"},\"primaryImageOfPage\":{\"@id\":\"https:\/\/physiotherapy.ca\/fr\/todd-wolansky\/#primaryimage\"},\"image\":{\"@id\":\"https:\/\/physiotherapy.ca\/fr\/todd-wolansky\/#primaryimage\"},\"thumbnailUrl\":\"https:\/\/physiotherapy.ca\/app\/uploads\/2022\/08\/twolansky.jpg\",\"datePublished\":\"2022-08-08T19:00:40+00:00\",\"dateModified\":\"2022-08-08T19:00:42+00:00\",\"breadcrumb\":{\"@id\":\"https:\/\/physiotherapy.ca\/fr\/todd-wolansky\/#breadcrumb\"},\"inLanguage\":\"fr-FR\",\"potentialAction\":[{\"@type\":\"ReadAction\",\"target\":[\"https:\/\/physiotherapy.ca\/fr\/todd-wolansky\/\"]}]},{\"@type\":\"ImageObject\",\"inLanguage\":\"fr-FR\",\"@id\":\"https:\/\/physiotherapy.ca\/fr\/todd-wolansky\/#primaryimage\",\"url\":\"https:\/\/physiotherapy.ca\/app\/uploads\/2022\/08\/twolansky.jpg\",\"contentUrl\":\"https:\/\/physiotherapy.ca\/app\/uploads\/2022\/08\/twolansky.jpg\"},{\"@type\":\"BreadcrumbList\",\"@id\":\"https:\/\/physiotherapy.ca\/fr\/todd-wolansky\/#breadcrumb\",\"itemListElement\":[{\"@type\":\"ListItem\",\"position\":1,\"name\":\"Home\",\"item\":\"https:\/\/physiotherapy.ca\/fr\/\"},{\"@type\":\"ListItem\",\"position\":2,\"name\":\"Todd Wolansky\"}]},{\"@type\":\"WebSite\",\"@id\":\"https:\/\/physiotherapy.ca\/#website\",\"url\":\"https:\/\/physiotherapy.ca\/\",\"name\":\"Canadian Physiotherapy Association\",\"description\":\"The Canadian Physiotherapy Association (CPA) represents over 16,000 physiotherapy professionals and students across Canada.\",\"potentialAction\":[{\"@type\":\"SearchAction\",\"target\":{\"@type\":\"EntryPoint\",\"urlTemplate\":\"https:\/\/physiotherapy.ca\/?s={search_term_string}\"},\"query-input\":{\"@type\":\"PropertyValueSpecification\",\"valueRequired\":true,\"valueName\":\"search_term_string\"}}],\"inLanguage\":\"fr-FR\"}]}<\/script>\n<!-- \/ Yoast SEO plugin. -->","yoast_head_json":{"title":"Todd Wolansky - Canadian Physiotherapy Association","robots":{"index":"index","follow":"follow","max-snippet":"max-snippet:-1","max-image-preview":"max-image-preview:large","max-video-preview":"max-video-preview:-1"},"canonical":"https:\/\/physiotherapy.ca\/fr\/todd-wolansky\/","og_locale":"fr_FR","og_type":"article","og_title":"Todd Wolansky - Canadian Physiotherapy Association","og_description":"Sp\u00e9cialit\u00e9 clinique:&nbsp;Sant\u00e9 des a\u00een\u00e9s Lieu:&nbsp;Canmore (Alberta) Ann\u00e9e d\u2019obtention du dipl\u00f4me: Dipl\u00f4me en physioth\u00e9rapie &#8211; 2004; Programme de sp\u00e9cialit\u00e9 clinique &#8211; 2017 Ann\u00e9es d\u2019exercice:&nbsp;13 Secteurs d\u2019int\u00e9r\u00eat:&nbsp;Prise en charge des maladies chroniques, prescription d\u2019exercices et changements de comportement, vieillissement en sant\u00e9 et [&hellip;]","og_url":"https:\/\/physiotherapy.ca\/fr\/todd-wolansky\/","og_site_name":"Canadian Physiotherapy Association","article_modified_time":"2022-08-08T19:00:42+00:00","og_image":[{"url":"https:\/\/physiotherapy.ca\/app\/uploads\/2022\/08\/twolansky.jpg","type":"","width":"","height":""}],"twitter_card":"summary_large_image","twitter_misc":{"Est. reading time":"3 minutes"},"schema":{"@context":"https:\/\/schema.org","@graph":[{"@type":"WebPage","@id":"https:\/\/physiotherapy.ca\/fr\/todd-wolansky\/","url":"https:\/\/physiotherapy.ca\/fr\/todd-wolansky\/","name":"Todd Wolansky - Canadian Physiotherapy Association","isPartOf":{"@id":"https:\/\/physiotherapy.ca\/#website"},"primaryImageOfPage":{"@id":"https:\/\/physiotherapy.ca\/fr\/todd-wolansky\/#primaryimage"},"image":{"@id":"https:\/\/physiotherapy.ca\/fr\/todd-wolansky\/#primaryimage"},"thumbnailUrl":"https:\/\/physiotherapy.ca\/app\/uploads\/2022\/08\/twolansky.jpg","datePublished":"2022-08-08T19:00:40+00:00","dateModified":"2022-08-08T19:00:42+00:00","breadcrumb":{"@id":"https:\/\/physiotherapy.ca\/fr\/todd-wolansky\/#breadcrumb"},"inLanguage":"fr-FR","potentialAction":[{"@type":"ReadAction","target":["https:\/\/physiotherapy.ca\/fr\/todd-wolansky\/"]}]},{"@type":"ImageObject","inLanguage":"fr-FR","@id":"https:\/\/physiotherapy.ca\/fr\/todd-wolansky\/#primaryimage","url":"https:\/\/physiotherapy.ca\/app\/uploads\/2022\/08\/twolansky.jpg","contentUrl":"https:\/\/physiotherapy.ca\/app\/uploads\/2022\/08\/twolansky.jpg"},{"@type":"BreadcrumbList","@id":"https:\/\/physiotherapy.ca\/fr\/todd-wolansky\/#breadcrumb","itemListElement":[{"@type":"ListItem","position":1,"name":"Home","item":"https:\/\/physiotherapy.ca\/fr\/"},{"@type":"ListItem","position":2,"name":"Todd Wolansky"}]},{"@type":"WebSite","@id":"https:\/\/physiotherapy.ca\/#website","url":"https:\/\/physiotherapy.ca\/","name":"Canadian Physiotherapy Association","description":"The Canadian Physiotherapy Association (CPA) represents over 16,000 physiotherapy professionals and students across Canada.","potentialAction":[{"@type":"SearchAction","target":{"@type":"EntryPoint","urlTemplate":"https:\/\/physiotherapy.ca\/?s={search_term_string}"},"query-input":{"@type":"PropertyValueSpecification","valueRequired":true,"valueName":"search_term_string"}}],"inLanguage":"fr-FR"}]}},"_links":{"self":[{"href":"https:\/\/physiotherapy.ca\/fr\/wp-json\/wp\/v2\/pages\/6246","targetHints":{"allow":["GET"]}}],"collection":[{"href":"https:\/\/physiotherapy.ca\/fr\/wp-json\/wp\/v2\/pages"}],"about":[{"href":"https:\/\/physiotherapy.ca\/fr\/wp-json\/wp\/v2\/types\/page"}],"author":[{"embeddable":true,"href":"https:\/\/physiotherapy.ca\/fr\/wp-json\/wp\/v2\/users\/1"}],"replies":[{"embeddable":true,"href":"https:\/\/physiotherapy.ca\/fr\/wp-json\/wp\/v2\/comments?post=6246"}],"version-history":[{"count":3,"href":"https:\/\/physiotherapy.ca\/fr\/wp-json\/wp\/v2\/pages\/6246\/revisions"}],"predecessor-version":[{"id":6258,"href":"https:\/\/physiotherapy.ca\/fr\/wp-json\/wp\/v2\/pages\/6246\/revisions\/6258"}],"wp:attachment":[{"href":"https:\/\/physiotherapy.ca\/fr\/wp-json\/wp\/v2\/media?parent=6246"}],"wp:term":[{"taxonomy":"topic","embeddable":true,"href":"https:\/\/physiotherapy.ca\/fr\/wp-json\/wp\/v2\/topic?post=6246"}],"curies":[{"name":"wp","href":"https:\/\/api.w.org\/{rel}","templated":true}]}}