{"id":6262,"date":"2022-08-08T15:04:32","date_gmt":"2022-08-08T19:04:32","guid":{"rendered":"https:\/\/physiotherapy.ca\/?page_id=6262"},"modified":"2022-08-08T15:04:33","modified_gmt":"2022-08-08T19:04:33","slug":"leigh-garvie","status":"publish","type":"page","link":"https:\/\/physiotherapy.ca\/fr\/leigh-garvie\/","title":{"rendered":"Leigh Garvie"},"content":{"rendered":"\n<div class=\"wp-block-media-text is-stacked-on-mobile is-vertically-aligned-top\" style=\"grid-template-columns:30% auto\"><figure class=\"wp-block-media-text__media\"><img loading=\"lazy\" decoding=\"async\" width=\"150\" height=\"147\" src=\"https:\/\/physiotherapy.ca\/app\/uploads\/2022\/08\/leighgarvie.jpg\" alt=\"\" class=\"wp-image-5711 size-full\"\/><\/figure><div class=\"wp-block-media-text__content\">\n<p><strong>Domaine de sp\u00e9cialit\u00e9 clinique&nbsp;:&nbsp;<\/strong>Sport<\/p>\n\n\n\n<p><strong>Nombre d\u2019ann\u00e9es de pratique&nbsp;:&nbsp;<\/strong>32<\/p>\n\n\n\n<p><strong>Secteurs d\u2019int\u00e9r\u00eat&nbsp;:&nbsp;<\/strong>Cause sous-jacente des probl\u00e8mes des patients et diagnostic diff\u00e9rentiel \u2013 \u00e9valuation rigoureuse des facteurs biom\u00e9caniques qui influencent le mouvement et le dysfonctionnement, th\u00e9rapie manuelle pour am\u00e9liorer le fonctionnement des articulations et des muscles, SIM et programmes d\u2019exercice pour permettre aux patients de retrouver leur fonctionnement habituel \u2013 int\u00e9r\u00eat particulier pour les sportifs amateurs et les athl\u00e8tes d\u2019\u00e9lite (notamment les nageurs, les coureurs, les gymnastes, les joueurs de rugby, les danseurs et les plongeurs).<\/p>\n<\/div><\/div>\n\n\n\n<div style=\"height:36px\" aria-hidden=\"true\" class=\"wp-block-spacer\"><\/div>\n\n\n\n<p><strong>Pourquoi avez-vous cherch\u00e9 \u00e0 obtenir le titre?<\/strong><\/p>\n\n\n\n<p>Je m\u2019int\u00e9resse depuis plusieurs ann\u00e9es \u00e0 l\u2019\u00e9tablissement d\u2019un statut de sp\u00e9cialiste dans ma profession; j\u2019ai toujours eu le sentiment que cela constituerait une \u00e9tape importante dans notre perfectionnement professionnel. Nous sommes nombreux \u00e0 avoir une formation sup\u00e9rieure et une expertise approfondies qui doivent \u00eatre reconnues pour que notre r\u00f4le soit appr\u00e9ci\u00e9 \u00e0 sa juste valeur dans la communaut\u00e9 m\u00e9dicale. Je pense que le titre aide \u00e0 faire conna\u00eetre et appr\u00e9cier notre profession dans la communaut\u00e9 m\u00e9dicale et le public, et favorise \u00e9galement le mentorat aupr\u00e8s d\u2019autres physioth\u00e9rapeutes.<\/p>\n\n\n\n<p><strong>O\u00f9 esp\u00e9rez-vous voir la profession dans 25&nbsp;ans?<\/strong><\/p>\n\n\n\n<p>Au cours de ma carri\u00e8re, j\u2019ai observ\u00e9 d\u2019\u00e9normes avanc\u00e9es dans l\u2019autonomie et le champ de pratique. Alors que nous \u00e9tions auparavant supervis\u00e9s par les m\u00e9decins, nous sommes devenus des fournisseurs de soins primaires. Nos connaissances sont tenues en haute estime par les m\u00e9decins et les patients avec qui nous entrons en contact, et j\u2019esp\u00e8re que cette tendance se confirmera. J\u2019aimerais voir s\u2019\u00e9largir nos domaines et notre champ de pratique afin que les physioth\u00e9rapeutes deviennent les fournisseurs de soins primaires de choix pour le grand public dans de nombreuses situations. Dans de nombreux domaines, nous pouvons contribuer \u00e0 combler le \u00ab&nbsp;manque&nbsp;\u00bb de m\u00e9decins en offrant des soins primaires dans nos secteurs de sp\u00e9cialit\u00e9 dans divers lieux de soins.<\/p>\n\n\n\n<p><strong>Quel est le meilleur conseil que vous ayez jamais re\u00e7u?<\/strong><\/p>\n\n\n\n<p>Ne croyez pas ce qu\u2019on vous dit, faites-vous votre propre id\u00e9e!<\/p>\n\n\n\n<h3 class=\"wp-block-heading\"><strong>Biographie<\/strong><\/h3>\n\n\n\n<p>Leigh a d\u00e9couvert sa passion pour la physioth\u00e9rapie sportive en travaillant aux Jeux d\u2019\u00e9t\u00e9 du Canada, en 1981. Dipl\u00f4m\u00e9e de l\u2019Universit\u00e9 de Toronto, Leigh a fait le dipl\u00f4me de la division orthop\u00e9die et celui de Physioth\u00e9rapie sportive du Canada (PSC). Elle a poursuivi son perfectionnement professionnel en devenant examinatrice pour le programme de certification de PSC, a fait partie des conseils d\u2019administration de PSC, du Sport Medicine Council of Alberta, de l\u2019Alberta Physiotherapy Association et de l\u2019Ordre des physioth\u00e9rapeutes de l\u2019Alberta pendant 15&nbsp;ans. Elle a \u00e9galement \u00e9t\u00e9 choisie pour voyager avec l\u2019\u00e9quipe m\u00e9dicale canadienne lors de quatre&nbsp;Jeux olympiques, de trois&nbsp;Jeux panam\u00e9ricains et des Jeux du Commonwealth de 2010 \u00e0 Delhi, en Inde.<\/p>\n\n\n\n<p>Leigh continue \u00e0 travailler aupr\u00e8s d\u2019\u00e9quipes de rugby et entra\u00eene maintenant de jeunes joueurs. Elle a fait de la natation de comp\u00e9tition et a particip\u00e9 \u00e0 plusieurs marathons et triathlons (y compris un Ironman en 1993); elle se concentre actuellement sur la natation et la course en sentier lors d\u2019ultramarathons. Mari\u00e9e, elle a deux&nbsp;filles tr\u00e8s actives et deux&nbsp;chiens qui adorent courir avec elle!<\/p>\n\n\n\n<p><a href=\"mailto:leighgarvie@hotmail.com\">leighgarvie@hotmail.com<\/a><strong>&nbsp;<\/strong><\/p>\n\n\n\n<p><a href=\"https:\/\/physiotherapy.ca\/www.coronationphysio.ca\">www.coronationphysio.ca<\/a><\/p>\n","protected":false},"excerpt":{"rendered":"<p>Domaine de sp\u00e9cialit\u00e9 clinique&nbsp;:&nbsp;Sport Nombre d\u2019ann\u00e9es de pratique&nbsp;:&nbsp;32 Secteurs d\u2019int\u00e9r\u00eat&nbsp;:&nbsp;Cause sous-jacente des probl\u00e8mes des patients et diagnostic diff\u00e9rentiel \u2013 \u00e9valuation rigoureuse des facteurs biom\u00e9caniques qui influencent le mouvement et le dysfonctionnement, th\u00e9rapie manuelle pour am\u00e9liorer le fonctionnement des articulations et [&hellip;]<\/p>\n","protected":false},"author":1,"featured_media":0,"parent":0,"menu_order":0,"comment_status":"closed","ping_status":"closed","template":"","meta":{"inline_featured_image":false,"ep_exclude_from_search":false,"footnotes":""},"topic":[],"class_list":["post-6262","page","type-page","status-publish","hentry"],"acf":[],"yoast_head":"<!-- This site is optimized with the Yoast SEO plugin v24.7 - https:\/\/yoast.com\/wordpress\/plugins\/seo\/ -->\n<title>Leigh Garvie - Canadian Physiotherapy Association<\/title>\n<meta name=\"robots\" content=\"index, follow, max-snippet:-1, max-image-preview:large, max-video-preview:-1\" \/>\n<link rel=\"canonical\" href=\"https:\/\/physiotherapy.ca\/fr\/leigh-garvie\/\" \/>\n<meta property=\"og:locale\" content=\"fr_FR\" \/>\n<meta property=\"og:type\" content=\"article\" \/>\n<meta property=\"og:title\" content=\"Leigh Garvie - Canadian Physiotherapy Association\" \/>\n<meta property=\"og:description\" content=\"Domaine de sp\u00e9cialit\u00e9 clinique&nbsp;:&nbsp;Sport Nombre d\u2019ann\u00e9es de pratique&nbsp;:&nbsp;32 Secteurs d\u2019int\u00e9r\u00eat&nbsp;:&nbsp;Cause sous-jacente des probl\u00e8mes des patients et diagnostic diff\u00e9rentiel \u2013 \u00e9valuation rigoureuse des facteurs biom\u00e9caniques qui influencent le mouvement et le dysfonctionnement, th\u00e9rapie manuelle pour am\u00e9liorer le fonctionnement des articulations et [&hellip;]\" \/>\n<meta property=\"og:url\" content=\"https:\/\/physiotherapy.ca\/fr\/leigh-garvie\/\" \/>\n<meta property=\"og:site_name\" content=\"Canadian Physiotherapy Association\" \/>\n<meta property=\"article:modified_time\" content=\"2022-08-08T19:04:33+00:00\" \/>\n<meta property=\"og:image\" content=\"https:\/\/physiotherapy.ca\/app\/uploads\/2022\/08\/leighgarvie.jpg\" \/>\n<meta name=\"twitter:card\" content=\"summary_large_image\" \/>\n<meta name=\"twitter:label1\" content=\"Est. reading time\" \/>\n\t<meta name=\"twitter:data1\" content=\"3 minutes\" \/>\n<script type=\"application\/ld+json\" class=\"yoast-schema-graph\">{\"@context\":\"https:\/\/schema.org\",\"@graph\":[{\"@type\":\"WebPage\",\"@id\":\"https:\/\/physiotherapy.ca\/fr\/leigh-garvie\/\",\"url\":\"https:\/\/physiotherapy.ca\/fr\/leigh-garvie\/\",\"name\":\"Leigh Garvie - Canadian Physiotherapy Association\",\"isPartOf\":{\"@id\":\"https:\/\/physiotherapy.ca\/#website\"},\"primaryImageOfPage\":{\"@id\":\"https:\/\/physiotherapy.ca\/fr\/leigh-garvie\/#primaryimage\"},\"image\":{\"@id\":\"https:\/\/physiotherapy.ca\/fr\/leigh-garvie\/#primaryimage\"},\"thumbnailUrl\":\"https:\/\/physiotherapy.ca\/app\/uploads\/2022\/08\/leighgarvie.jpg\",\"datePublished\":\"2022-08-08T19:04:32+00:00\",\"dateModified\":\"2022-08-08T19:04:33+00:00\",\"breadcrumb\":{\"@id\":\"https:\/\/physiotherapy.ca\/fr\/leigh-garvie\/#breadcrumb\"},\"inLanguage\":\"fr-FR\",\"potentialAction\":[{\"@type\":\"ReadAction\",\"target\":[\"https:\/\/physiotherapy.ca\/fr\/leigh-garvie\/\"]}]},{\"@type\":\"ImageObject\",\"inLanguage\":\"fr-FR\",\"@id\":\"https:\/\/physiotherapy.ca\/fr\/leigh-garvie\/#primaryimage\",\"url\":\"https:\/\/physiotherapy.ca\/app\/uploads\/2022\/08\/leighgarvie.jpg\",\"contentUrl\":\"https:\/\/physiotherapy.ca\/app\/uploads\/2022\/08\/leighgarvie.jpg\"},{\"@type\":\"BreadcrumbList\",\"@id\":\"https:\/\/physiotherapy.ca\/fr\/leigh-garvie\/#breadcrumb\",\"itemListElement\":[{\"@type\":\"ListItem\",\"position\":1,\"name\":\"Home\",\"item\":\"https:\/\/physiotherapy.ca\/fr\/\"},{\"@type\":\"ListItem\",\"position\":2,\"name\":\"Leigh Garvie\"}]},{\"@type\":\"WebSite\",\"@id\":\"https:\/\/physiotherapy.ca\/#website\",\"url\":\"https:\/\/physiotherapy.ca\/\",\"name\":\"Canadian Physiotherapy Association\",\"description\":\"The Canadian Physiotherapy Association (CPA) represents over 16,000 physiotherapy professionals and students across Canada.\",\"potentialAction\":[{\"@type\":\"SearchAction\",\"target\":{\"@type\":\"EntryPoint\",\"urlTemplate\":\"https:\/\/physiotherapy.ca\/?s={search_term_string}\"},\"query-input\":{\"@type\":\"PropertyValueSpecification\",\"valueRequired\":true,\"valueName\":\"search_term_string\"}}],\"inLanguage\":\"fr-FR\"}]}<\/script>\n<!-- \/ Yoast SEO plugin. -->","yoast_head_json":{"title":"Leigh Garvie - Canadian Physiotherapy Association","robots":{"index":"index","follow":"follow","max-snippet":"max-snippet:-1","max-image-preview":"max-image-preview:large","max-video-preview":"max-video-preview:-1"},"canonical":"https:\/\/physiotherapy.ca\/fr\/leigh-garvie\/","og_locale":"fr_FR","og_type":"article","og_title":"Leigh Garvie - Canadian Physiotherapy Association","og_description":"Domaine de sp\u00e9cialit\u00e9 clinique&nbsp;:&nbsp;Sport Nombre d\u2019ann\u00e9es de pratique&nbsp;:&nbsp;32 Secteurs d\u2019int\u00e9r\u00eat&nbsp;:&nbsp;Cause sous-jacente des probl\u00e8mes des patients et diagnostic diff\u00e9rentiel \u2013 \u00e9valuation rigoureuse des facteurs biom\u00e9caniques qui influencent le mouvement et le dysfonctionnement, th\u00e9rapie manuelle pour am\u00e9liorer le fonctionnement des articulations et [&hellip;]","og_url":"https:\/\/physiotherapy.ca\/fr\/leigh-garvie\/","og_site_name":"Canadian Physiotherapy Association","article_modified_time":"2022-08-08T19:04:33+00:00","og_image":[{"url":"https:\/\/physiotherapy.ca\/app\/uploads\/2022\/08\/leighgarvie.jpg","type":"","width":"","height":""}],"twitter_card":"summary_large_image","twitter_misc":{"Est. reading time":"3 minutes"},"schema":{"@context":"https:\/\/schema.org","@graph":[{"@type":"WebPage","@id":"https:\/\/physiotherapy.ca\/fr\/leigh-garvie\/","url":"https:\/\/physiotherapy.ca\/fr\/leigh-garvie\/","name":"Leigh Garvie - Canadian Physiotherapy Association","isPartOf":{"@id":"https:\/\/physiotherapy.ca\/#website"},"primaryImageOfPage":{"@id":"https:\/\/physiotherapy.ca\/fr\/leigh-garvie\/#primaryimage"},"image":{"@id":"https:\/\/physiotherapy.ca\/fr\/leigh-garvie\/#primaryimage"},"thumbnailUrl":"https:\/\/physiotherapy.ca\/app\/uploads\/2022\/08\/leighgarvie.jpg","datePublished":"2022-08-08T19:04:32+00:00","dateModified":"2022-08-08T19:04:33+00:00","breadcrumb":{"@id":"https:\/\/physiotherapy.ca\/fr\/leigh-garvie\/#breadcrumb"},"inLanguage":"fr-FR","potentialAction":[{"@type":"ReadAction","target":["https:\/\/physiotherapy.ca\/fr\/leigh-garvie\/"]}]},{"@type":"ImageObject","inLanguage":"fr-FR","@id":"https:\/\/physiotherapy.ca\/fr\/leigh-garvie\/#primaryimage","url":"https:\/\/physiotherapy.ca\/app\/uploads\/2022\/08\/leighgarvie.jpg","contentUrl":"https:\/\/physiotherapy.ca\/app\/uploads\/2022\/08\/leighgarvie.jpg"},{"@type":"BreadcrumbList","@id":"https:\/\/physiotherapy.ca\/fr\/leigh-garvie\/#breadcrumb","itemListElement":[{"@type":"ListItem","position":1,"name":"Home","item":"https:\/\/physiotherapy.ca\/fr\/"},{"@type":"ListItem","position":2,"name":"Leigh Garvie"}]},{"@type":"WebSite","@id":"https:\/\/physiotherapy.ca\/#website","url":"https:\/\/physiotherapy.ca\/","name":"Canadian Physiotherapy Association","description":"The Canadian Physiotherapy Association (CPA) represents over 16,000 physiotherapy professionals and students across Canada.","potentialAction":[{"@type":"SearchAction","target":{"@type":"EntryPoint","urlTemplate":"https:\/\/physiotherapy.ca\/?s={search_term_string}"},"query-input":{"@type":"PropertyValueSpecification","valueRequired":true,"valueName":"search_term_string"}}],"inLanguage":"fr-FR"}]}},"_links":{"self":[{"href":"https:\/\/physiotherapy.ca\/fr\/wp-json\/wp\/v2\/pages\/6262","targetHints":{"allow":["GET"]}}],"collection":[{"href":"https:\/\/physiotherapy.ca\/fr\/wp-json\/wp\/v2\/pages"}],"about":[{"href":"https:\/\/physiotherapy.ca\/fr\/wp-json\/wp\/v2\/types\/page"}],"author":[{"embeddable":true,"href":"https:\/\/physiotherapy.ca\/fr\/wp-json\/wp\/v2\/users\/1"}],"replies":[{"embeddable":true,"href":"https:\/\/physiotherapy.ca\/fr\/wp-json\/wp\/v2\/comments?post=6262"}],"version-history":[{"count":2,"href":"https:\/\/physiotherapy.ca\/fr\/wp-json\/wp\/v2\/pages\/6262\/revisions"}],"predecessor-version":[{"id":6266,"href":"https:\/\/physiotherapy.ca\/fr\/wp-json\/wp\/v2\/pages\/6262\/revisions\/6266"}],"wp:attachment":[{"href":"https:\/\/physiotherapy.ca\/fr\/wp-json\/wp\/v2\/media?parent=6262"}],"wp:term":[{"taxonomy":"topic","embeddable":true,"href":"https:\/\/physiotherapy.ca\/fr\/wp-json\/wp\/v2\/topic?post=6262"}],"curies":[{"name":"wp","href":"https:\/\/api.w.org\/{rel}","templated":true}]}}