{"id":6268,"date":"2022-08-08T15:06:39","date_gmt":"2022-08-08T19:06:39","guid":{"rendered":"https:\/\/physiotherapy.ca\/?page_id=6268"},"modified":"2022-08-08T15:06:41","modified_gmt":"2022-08-08T19:06:41","slug":"randy-goodman","status":"publish","type":"page","link":"https:\/\/physiotherapy.ca\/fr\/randy-goodman\/","title":{"rendered":"Randy Goodman"},"content":{"rendered":"\n<div class=\"wp-block-media-text is-stacked-on-mobile is-vertically-aligned-top\" style=\"grid-template-columns:37% auto\"><figure class=\"wp-block-media-text__media\"><img loading=\"lazy\" decoding=\"async\" width=\"1024\" height=\"683\" src=\"https:\/\/physiotherapy.ca\/app\/uploads\/2022\/08\/randy_goodman_4-1024x683.jpg\" alt=\"\" class=\"wp-image-5718 size-full\" srcset=\"https:\/\/physiotherapy.ca\/app\/uploads\/2022\/08\/randy_goodman_4-1024x683.jpg 1024w, https:\/\/physiotherapy.ca\/app\/uploads\/2022\/08\/randy_goodman_4-600x400.jpg 600w, https:\/\/physiotherapy.ca\/app\/uploads\/2022\/08\/randy_goodman_4-300x200.jpg 300w, https:\/\/physiotherapy.ca\/app\/uploads\/2022\/08\/randy_goodman_4-768x512.jpg 768w, https:\/\/physiotherapy.ca\/app\/uploads\/2022\/08\/randy_goodman_4-1536x1024.jpg 1536w, https:\/\/physiotherapy.ca\/app\/uploads\/2022\/08\/randy_goodman_4-2048x1365.jpg 2048w\" sizes=\"auto, (max-width: 1024px) 100vw, 1024px\" \/><\/figure><div class=\"wp-block-media-text__content\">\n<p><strong>Domaine de sp\u00e9cialit\u00e9 clinique&nbsp;:&nbsp;<\/strong>Physioth\u00e9rapie sportive<\/p>\n\n\n\n<p><strong>Endroit&nbsp;:&nbsp;<\/strong>Kelowna (Colombie-Britannique)<\/p>\n\n\n\n<p><strong>Nombre d\u2019ann\u00e9es de pratique&nbsp;:&nbsp;<\/strong>20<\/p>\n\n\n\n<p><strong>Secteurs d\u2019int\u00e9r\u00eat&nbsp;:<\/strong>&nbsp;Blessures dans les sports d\u2019hiver, r\u00e9adaptation apr\u00e8s une commotion c\u00e9r\u00e9brale, blessures au hockey au niveau \u00e9lite, retour au sport apr\u00e8s une chirurgie, entra\u00eenement physique des athl\u00e8tes d\u2019\u00e9lite<\/p>\n<\/div><\/div>\n\n\n\n<div style=\"height:36px\" aria-hidden=\"true\" class=\"wp-block-spacer\"><\/div>\n\n\n\n<p><strong>Pourquoi avez-vous cherch\u00e9 \u00e0 obtenir le titre?<\/strong><\/p>\n\n\n\n<p>Je crois que le programme a permis de reconna\u00eetre tout le travail accompli au fil de ma carri\u00e8re, en plus de constituer un tr\u00e8s bon processus d\u2019auto-examen qui m\u2019a permis de voir o\u00f9 j\u2019en \u00e9tais. J\u2019aime aussi relever des d\u00e9fis!<\/p>\n\n\n\n<p><strong>\u00c0 vos yeux, qu\u2019est-ce qui est le plus pr\u00e9cieux dans le programme de sp\u00e9cialit\u00e9?<\/strong><\/p>\n\n\n\n<p>La r\u00e9troaction des pairs m\u2019a vraiment aid\u00e9, et j\u2019ai pens\u00e9 que ce serait un bon exercice de passer en revue ma carri\u00e8re et d\u2019y r\u00e9fl\u00e9chir.<\/p>\n\n\n\n<p><strong>O\u00f9 esp\u00e9rez-vous voir la profession dans 25&nbsp;ans?<\/strong><\/p>\n\n\n\n<p>Je pense que le programme aide \u00e0 publiciser les vastes connaissances de nos professionnels. Il montre \u00e9galement \u00e0 la communaut\u00e9 m\u00e9dicale le niveau d\u2019\u00e9tudes sup\u00e9rieures n\u00e9cessaire et place davantage le physioth\u00e9rapeute dans une position de consultant. J\u2019esp\u00e8re que cela deviendra un objectif pour les physioth\u00e9rapeutes de divers domaines d\u2019int\u00e9r\u00eat et j\u2019aimerais voir les physioth\u00e9rapeutes remplacer les m\u00e9decins comme chefs de file du diagnostic et du traitement des blessures musculosquelettiques.<\/p>\n\n\n\n<p><strong>Quel est le meilleur conseil que vous ayez jamais re\u00e7u?<\/strong><\/p>\n\n\n\n<p>Si vous pensez tout savoir sur votre carri\u00e8re\u2026 PARTEZ! Il faut vouloir continuer \u00e0 apprendre toute sa vie.<\/p>\n\n\n\n<h3 class=\"wp-block-heading\"><strong>Biographie<\/strong><\/h3>\n\n\n\n<p>Membre exp\u00e9riment\u00e9 de l\u2019\u00e9quipe de direction de Fortius Sport &amp; Health et directeur des op\u00e9rations cliniques, Randy a 25&nbsp;ans d\u2019exp\u00e9rience comme physioth\u00e9rapeute sportif \u00e0 l\u2019\u00e9chelle internationale. C\u2019est l\u2019un des deux&nbsp;seuls cliniciens du Canada \u00e0 avoir la sp\u00e9cialit\u00e9 clinique en physioth\u00e9rapie sportive, et il a couvert plus de 35&nbsp;\u00e9v\u00e9nements sportifs \u00e0 l\u2019\u00e9chelle nationale et internationale en tant que physioth\u00e9rapeute. Randy a \u00e9t\u00e9 superviseur des services th\u00e9rapeutiques au village des athl\u00e8tes lors des Jeux olympiques et paralympiques de 2010, \u00e0 Vancouver. Il travaille avec de nombreux athl\u00e8tes connus de la LNH, de la NFL, de la NCAA et de SIC, de m\u00eame que des athl\u00e8tes olympiques, notamment en organisant les soins pour certaines \u00e9quipes nationales du Canada. Examinateur et instructeur pour Physioth\u00e9rapie sportive du Canada et enseignant clinicien adjoint \u00e0 l\u2019Universit\u00e9 de la Colombie-Britannique, il a donn\u00e9 des conf\u00e9rences sur la physioth\u00e9rapie sportive dans toute l\u2019Am\u00e9rique du Nord.<\/p>\n\n\n\n<p><a href=\"mailto:rgsportphysio@gmail.com\">rgsportphysio@gmail.com<\/a><br><a href=\"https:\/\/physiotherapy.ca\/www.goodmansportphysio.ca\">www.goodmansportphysio.ca<\/a><\/p>\n","protected":false},"excerpt":{"rendered":"<p>Domaine de sp\u00e9cialit\u00e9 clinique&nbsp;:&nbsp;Physioth\u00e9rapie sportive Endroit&nbsp;:&nbsp;Kelowna (Colombie-Britannique) Nombre d\u2019ann\u00e9es de pratique&nbsp;:&nbsp;20 Secteurs d\u2019int\u00e9r\u00eat&nbsp;:&nbsp;Blessures dans les sports d\u2019hiver, r\u00e9adaptation apr\u00e8s une commotion c\u00e9r\u00e9brale, blessures au hockey au niveau \u00e9lite, retour au sport apr\u00e8s une chirurgie, entra\u00eenement physique des athl\u00e8tes d\u2019\u00e9lite Pourquoi [&hellip;]<\/p>\n","protected":false},"author":1,"featured_media":0,"parent":0,"menu_order":0,"comment_status":"closed","ping_status":"closed","template":"","meta":{"inline_featured_image":false,"ep_exclude_from_search":false,"footnotes":""},"topic":[],"class_list":["post-6268","page","type-page","status-publish","hentry"],"acf":[],"yoast_head":"<!-- This site is optimized with the Yoast SEO plugin v24.7 - https:\/\/yoast.com\/wordpress\/plugins\/seo\/ -->\n<title>Randy Goodman - Canadian Physiotherapy Association<\/title>\n<meta name=\"robots\" content=\"index, follow, max-snippet:-1, max-image-preview:large, max-video-preview:-1\" \/>\n<link rel=\"canonical\" href=\"https:\/\/physiotherapy.ca\/fr\/randy-goodman\/\" \/>\n<meta property=\"og:locale\" content=\"fr_FR\" \/>\n<meta property=\"og:type\" content=\"article\" \/>\n<meta property=\"og:title\" content=\"Randy Goodman - Canadian Physiotherapy Association\" \/>\n<meta property=\"og:description\" content=\"Domaine de sp\u00e9cialit\u00e9 clinique&nbsp;:&nbsp;Physioth\u00e9rapie sportive Endroit&nbsp;:&nbsp;Kelowna (Colombie-Britannique) Nombre d\u2019ann\u00e9es de pratique&nbsp;:&nbsp;20 Secteurs d\u2019int\u00e9r\u00eat&nbsp;:&nbsp;Blessures dans les sports d\u2019hiver, r\u00e9adaptation apr\u00e8s une commotion c\u00e9r\u00e9brale, blessures au hockey au niveau \u00e9lite, retour au sport apr\u00e8s une chirurgie, entra\u00eenement physique des athl\u00e8tes d\u2019\u00e9lite Pourquoi [&hellip;]\" \/>\n<meta property=\"og:url\" content=\"https:\/\/physiotherapy.ca\/fr\/randy-goodman\/\" \/>\n<meta property=\"og:site_name\" content=\"Canadian Physiotherapy Association\" \/>\n<meta property=\"article:modified_time\" content=\"2022-08-08T19:06:41+00:00\" \/>\n<meta property=\"og:image\" content=\"https:\/\/physiotherapy.ca\/app\/uploads\/2022\/08\/randy_goodman_4-1024x683.jpg\" \/>\n<meta name=\"twitter:card\" content=\"summary_large_image\" \/>\n<meta name=\"twitter:label1\" content=\"Est. reading time\" \/>\n\t<meta name=\"twitter:data1\" content=\"2 minutes\" \/>\n<script type=\"application\/ld+json\" class=\"yoast-schema-graph\">{\"@context\":\"https:\/\/schema.org\",\"@graph\":[{\"@type\":\"WebPage\",\"@id\":\"https:\/\/physiotherapy.ca\/fr\/randy-goodman\/\",\"url\":\"https:\/\/physiotherapy.ca\/fr\/randy-goodman\/\",\"name\":\"Randy Goodman - Canadian Physiotherapy Association\",\"isPartOf\":{\"@id\":\"https:\/\/physiotherapy.ca\/#website\"},\"primaryImageOfPage\":{\"@id\":\"https:\/\/physiotherapy.ca\/fr\/randy-goodman\/#primaryimage\"},\"image\":{\"@id\":\"https:\/\/physiotherapy.ca\/fr\/randy-goodman\/#primaryimage\"},\"thumbnailUrl\":\"https:\/\/physiotherapy.ca\/app\/uploads\/2022\/08\/randy_goodman_4-1024x683.jpg\",\"datePublished\":\"2022-08-08T19:06:39+00:00\",\"dateModified\":\"2022-08-08T19:06:41+00:00\",\"breadcrumb\":{\"@id\":\"https:\/\/physiotherapy.ca\/fr\/randy-goodman\/#breadcrumb\"},\"inLanguage\":\"fr-FR\",\"potentialAction\":[{\"@type\":\"ReadAction\",\"target\":[\"https:\/\/physiotherapy.ca\/fr\/randy-goodman\/\"]}]},{\"@type\":\"ImageObject\",\"inLanguage\":\"fr-FR\",\"@id\":\"https:\/\/physiotherapy.ca\/fr\/randy-goodman\/#primaryimage\",\"url\":\"https:\/\/physiotherapy.ca\/app\/uploads\/2022\/08\/randy_goodman_4-1024x683.jpg\",\"contentUrl\":\"https:\/\/physiotherapy.ca\/app\/uploads\/2022\/08\/randy_goodman_4-1024x683.jpg\"},{\"@type\":\"BreadcrumbList\",\"@id\":\"https:\/\/physiotherapy.ca\/fr\/randy-goodman\/#breadcrumb\",\"itemListElement\":[{\"@type\":\"ListItem\",\"position\":1,\"name\":\"Home\",\"item\":\"https:\/\/physiotherapy.ca\/fr\/\"},{\"@type\":\"ListItem\",\"position\":2,\"name\":\"Randy Goodman\"}]},{\"@type\":\"WebSite\",\"@id\":\"https:\/\/physiotherapy.ca\/#website\",\"url\":\"https:\/\/physiotherapy.ca\/\",\"name\":\"Canadian Physiotherapy Association\",\"description\":\"The Canadian Physiotherapy Association (CPA) represents over 16,000 physiotherapy professionals and students across Canada.\",\"potentialAction\":[{\"@type\":\"SearchAction\",\"target\":{\"@type\":\"EntryPoint\",\"urlTemplate\":\"https:\/\/physiotherapy.ca\/?s={search_term_string}\"},\"query-input\":{\"@type\":\"PropertyValueSpecification\",\"valueRequired\":true,\"valueName\":\"search_term_string\"}}],\"inLanguage\":\"fr-FR\"}]}<\/script>\n<!-- \/ Yoast SEO plugin. -->","yoast_head_json":{"title":"Randy Goodman - Canadian Physiotherapy Association","robots":{"index":"index","follow":"follow","max-snippet":"max-snippet:-1","max-image-preview":"max-image-preview:large","max-video-preview":"max-video-preview:-1"},"canonical":"https:\/\/physiotherapy.ca\/fr\/randy-goodman\/","og_locale":"fr_FR","og_type":"article","og_title":"Randy Goodman - Canadian Physiotherapy Association","og_description":"Domaine de sp\u00e9cialit\u00e9 clinique&nbsp;:&nbsp;Physioth\u00e9rapie sportive Endroit&nbsp;:&nbsp;Kelowna (Colombie-Britannique) Nombre d\u2019ann\u00e9es de pratique&nbsp;:&nbsp;20 Secteurs d\u2019int\u00e9r\u00eat&nbsp;:&nbsp;Blessures dans les sports d\u2019hiver, r\u00e9adaptation apr\u00e8s une commotion c\u00e9r\u00e9brale, blessures au hockey au niveau \u00e9lite, retour au sport apr\u00e8s une chirurgie, entra\u00eenement physique des athl\u00e8tes d\u2019\u00e9lite Pourquoi [&hellip;]","og_url":"https:\/\/physiotherapy.ca\/fr\/randy-goodman\/","og_site_name":"Canadian Physiotherapy Association","article_modified_time":"2022-08-08T19:06:41+00:00","og_image":[{"url":"https:\/\/physiotherapy.ca\/app\/uploads\/2022\/08\/randy_goodman_4-1024x683.jpg","type":"","width":"","height":""}],"twitter_card":"summary_large_image","twitter_misc":{"Est. reading time":"2 minutes"},"schema":{"@context":"https:\/\/schema.org","@graph":[{"@type":"WebPage","@id":"https:\/\/physiotherapy.ca\/fr\/randy-goodman\/","url":"https:\/\/physiotherapy.ca\/fr\/randy-goodman\/","name":"Randy Goodman - Canadian Physiotherapy Association","isPartOf":{"@id":"https:\/\/physiotherapy.ca\/#website"},"primaryImageOfPage":{"@id":"https:\/\/physiotherapy.ca\/fr\/randy-goodman\/#primaryimage"},"image":{"@id":"https:\/\/physiotherapy.ca\/fr\/randy-goodman\/#primaryimage"},"thumbnailUrl":"https:\/\/physiotherapy.ca\/app\/uploads\/2022\/08\/randy_goodman_4-1024x683.jpg","datePublished":"2022-08-08T19:06:39+00:00","dateModified":"2022-08-08T19:06:41+00:00","breadcrumb":{"@id":"https:\/\/physiotherapy.ca\/fr\/randy-goodman\/#breadcrumb"},"inLanguage":"fr-FR","potentialAction":[{"@type":"ReadAction","target":["https:\/\/physiotherapy.ca\/fr\/randy-goodman\/"]}]},{"@type":"ImageObject","inLanguage":"fr-FR","@id":"https:\/\/physiotherapy.ca\/fr\/randy-goodman\/#primaryimage","url":"https:\/\/physiotherapy.ca\/app\/uploads\/2022\/08\/randy_goodman_4-1024x683.jpg","contentUrl":"https:\/\/physiotherapy.ca\/app\/uploads\/2022\/08\/randy_goodman_4-1024x683.jpg"},{"@type":"BreadcrumbList","@id":"https:\/\/physiotherapy.ca\/fr\/randy-goodman\/#breadcrumb","itemListElement":[{"@type":"ListItem","position":1,"name":"Home","item":"https:\/\/physiotherapy.ca\/fr\/"},{"@type":"ListItem","position":2,"name":"Randy Goodman"}]},{"@type":"WebSite","@id":"https:\/\/physiotherapy.ca\/#website","url":"https:\/\/physiotherapy.ca\/","name":"Canadian Physiotherapy Association","description":"The Canadian Physiotherapy Association (CPA) represents over 16,000 physiotherapy professionals and students across Canada.","potentialAction":[{"@type":"SearchAction","target":{"@type":"EntryPoint","urlTemplate":"https:\/\/physiotherapy.ca\/?s={search_term_string}"},"query-input":{"@type":"PropertyValueSpecification","valueRequired":true,"valueName":"search_term_string"}}],"inLanguage":"fr-FR"}]}},"_links":{"self":[{"href":"https:\/\/physiotherapy.ca\/fr\/wp-json\/wp\/v2\/pages\/6268","targetHints":{"allow":["GET"]}}],"collection":[{"href":"https:\/\/physiotherapy.ca\/fr\/wp-json\/wp\/v2\/pages"}],"about":[{"href":"https:\/\/physiotherapy.ca\/fr\/wp-json\/wp\/v2\/types\/page"}],"author":[{"embeddable":true,"href":"https:\/\/physiotherapy.ca\/fr\/wp-json\/wp\/v2\/users\/1"}],"replies":[{"embeddable":true,"href":"https:\/\/physiotherapy.ca\/fr\/wp-json\/wp\/v2\/comments?post=6268"}],"version-history":[{"count":3,"href":"https:\/\/physiotherapy.ca\/fr\/wp-json\/wp\/v2\/pages\/6268\/revisions"}],"predecessor-version":[{"id":6271,"href":"https:\/\/physiotherapy.ca\/fr\/wp-json\/wp\/v2\/pages\/6268\/revisions\/6271"}],"wp:attachment":[{"href":"https:\/\/physiotherapy.ca\/fr\/wp-json\/wp\/v2\/media?parent=6268"}],"wp:term":[{"taxonomy":"topic","embeddable":true,"href":"https:\/\/physiotherapy.ca\/fr\/wp-json\/wp\/v2\/topic?post=6268"}],"curies":[{"name":"wp","href":"https:\/\/api.w.org\/{rel}","templated":true}]}}