{"id":6276,"date":"2022-08-08T15:10:01","date_gmt":"2022-08-08T19:10:01","guid":{"rendered":"https:\/\/physiotherapy.ca\/?page_id=6276"},"modified":"2022-08-08T15:10:03","modified_gmt":"2022-08-08T19:10:03","slug":"greg-redman","status":"publish","type":"page","link":"https:\/\/physiotherapy.ca\/fr\/greg-redman\/","title":{"rendered":"Greg Redman"},"content":{"rendered":"\n<div class=\"wp-block-media-text is-stacked-on-mobile is-vertically-aligned-top\" style=\"grid-template-columns:37% auto\"><figure class=\"wp-block-media-text__media\"><img loading=\"lazy\" decoding=\"async\" width=\"1024\" height=\"678\" src=\"https:\/\/physiotherapy.ca\/app\/uploads\/2022\/08\/wave1_greg-1024x678.jpg\" alt=\"\" class=\"wp-image-5729 size-full\" srcset=\"https:\/\/physiotherapy.ca\/app\/uploads\/2022\/08\/wave1_greg-1024x678.jpg 1024w, https:\/\/physiotherapy.ca\/app\/uploads\/2022\/08\/wave1_greg-600x397.jpg 600w, https:\/\/physiotherapy.ca\/app\/uploads\/2022\/08\/wave1_greg-300x199.jpg 300w, https:\/\/physiotherapy.ca\/app\/uploads\/2022\/08\/wave1_greg-768x509.jpg 768w, https:\/\/physiotherapy.ca\/app\/uploads\/2022\/08\/wave1_greg-1536x1017.jpg 1536w, https:\/\/physiotherapy.ca\/app\/uploads\/2022\/08\/wave1_greg-2048x1356.jpg 2048w, https:\/\/physiotherapy.ca\/app\/uploads\/2022\/08\/wave1_greg-302x200.jpg 302w\" sizes=\"auto, (max-width: 1024px) 100vw, 1024px\" \/><\/figure><div class=\"wp-block-media-text__content\">\n<p><strong>Domaine de sp\u00e9cialit\u00e9 clinique&nbsp;:&nbsp;<\/strong>Sport<\/p>\n\n\n\n<p><strong>Nombre d\u2019ann\u00e9es de pratique dans ce domaine&nbsp;:&nbsp;<\/strong>15<\/p>\n\n\n\n<p><strong>Loisirs&nbsp;:&nbsp;<\/strong>Kayak, course, ski de fond<\/p>\n\n\n\n<p><strong>Secteurs d\u2019int\u00e9r\u00eat professionnel<\/strong><\/p>\n\n\n\n<p>Performance sportive, r\u00e9adaptation apr\u00e8s une blessure sportive, biom\u00e9canique du golf et optimisation des performances des athl\u00e8tes d\u2019\u00e9lite<\/p>\n<\/div><\/div>\n\n\n\n<div style=\"height:36px\" aria-hidden=\"true\" class=\"wp-block-spacer\"><\/div>\n\n\n\n<p><strong>O\u00f9 esp\u00e9rez-vous voir la profession dans 25&nbsp;ans?<\/strong><\/p>\n\n\n\n<p>Je pense que la physioth\u00e9rapie sportive sera ax\u00e9e principalement sur les sch\u00e9mas de mouvements optimaux, l\u2019\u00e9valuation des dysfonctionnements et l\u2019identification des limitations physiques, ainsi que la correction de ces limitations pour am\u00e9liorer l\u2019efficacit\u00e9 du mouvement et la performance tout en r\u00e9duisant le risque de blessure. Dans 25&nbsp;ans, la biotechnologie refl\u00e9tera ce paradigme et nous aurons des outils incroyables pour \u00e9valuer et corriger les sch\u00e9mas de mouvements.<\/p>\n\n\n\n<p><strong>Pourquoi avoir choisi d\u2019\u00eatre sp\u00e9cialiste clinique?<\/strong><\/p>\n\n\n\n<p>Je pensais que ce serait un d\u00e9fi et que cela me permettrait de rep\u00e9rer les lacunes dans ma pratique clinique et dans mes connaissances afin de savoir quels apprentissages et quelles exp\u00e9riences prioriser dans la seconde&nbsp;moiti\u00e9 de ma carri\u00e8re de physioth\u00e9rapeute du sport.<\/p>\n\n\n\n<p><strong>Qu\u2019est-ce que la sp\u00e9cialisation clinique a chang\u00e9 dans votre pratique?<\/strong><\/p>\n\n\n\n<p>J\u2019ai le sentiment qu\u2019elle m\u2019a donn\u00e9 l\u2019\u00e9nergie de lire davantage d\u2019articles scientifiques et qu\u2019elle m\u2019a aid\u00e9 \u00e0 r\u00e9fl\u00e9chir de fa\u00e7on plus critique sur les raisons pour lesquelles je fais certains choix pour approfondir mes comp\u00e9tences et mes connaissances en physioth\u00e9rapie.<\/p>\n\n\n\n<h3 class=\"wp-block-heading\"><strong>Biographie<\/strong><\/h3>\n\n\n\n<p>Greg Redman est dipl\u00f4m\u00e9 de l\u2019Universit\u00e9 Queen\u2019s et de l\u2019Universit\u00e9 Simon Fraser. Il travaille en th\u00e9rapie manuelle et c\u2019est un expert de la physioth\u00e9rapie sportive; il a trait\u00e9 avec succ\u00e8s quatre&nbsp;champions olympiques et 18&nbsp;m\u00e9daill\u00e9s olympiques, de m\u00eame que des athl\u00e8tes de tous les \u00e2ges et de tous les niveaux. Il a \u00e9t\u00e9 physioth\u00e9rapeute aupr\u00e8s de l\u2019\u00e9quipe olympique canadienne \u00e0 Ath\u00e8nes, Turin, P\u00e9kin, Londres et Sotchi, et il se pr\u00e9pare pour les Olympiques de Rio en 2016. Il est \u00e9galement physioth\u00e9rapeute en chef pour Golf Canada, Cano\u00eb Kayak Canada et Ski acrobatique Canada. Il a re\u00e7u une excellente formation sup\u00e9rieure en th\u00e9rapie manuelle, manipulations, r\u00e9adaptation fonctionnelle et r\u00e9adaptation sportive, stimulation intramusculaire (SIM), acupuncture et douleurs chroniques. Greg s\u2019int\u00e9resse particuli\u00e8rement \u00e0 la cr\u00e9ation de programmes d\u2019exercice int\u00e9ressants et novateurs pour la r\u00e9adaptation des sportifs et la stabilisation du tronc. Il se sp\u00e9cialise \u00e9galement dans les \u00e9valuations fonctionnelles propres aux diff\u00e9rents sports afin d\u2019optimiser la performance et de pr\u00e9venir les blessures. Greg a \u00e9t\u00e9 membre de l\u2019\u00e9quipe nationale de cano\u00eb-kayak pendant neuf&nbsp;ans; il a particip\u00e9 \u00e0 huit&nbsp;marathons et \u00e0 Ironman Canada. Ses deux&nbsp;gar\u00e7ons sont tr\u00e8s actifs et sont en train de devenir plus rapides que leur p\u00e8re.<\/p>\n\n\n\n<p><a href=\"mailto:greg@wavephysio.ca\">greg@wavephysio.ca<\/a><br><a href=\"https:\/\/physiotherapy.ca\/www.wavephysio.ca\">www.wavephysio.ca<\/a><\/p>\n","protected":false},"excerpt":{"rendered":"<p>Domaine de sp\u00e9cialit\u00e9 clinique&nbsp;:&nbsp;Sport Nombre d\u2019ann\u00e9es de pratique dans ce domaine&nbsp;:&nbsp;15 Loisirs&nbsp;:&nbsp;Kayak, course, ski de fond Secteurs d\u2019int\u00e9r\u00eat professionnel Performance sportive, r\u00e9adaptation apr\u00e8s une blessure sportive, biom\u00e9canique du golf et optimisation des performances des athl\u00e8tes d\u2019\u00e9lite O\u00f9 esp\u00e9rez-vous voir la [&hellip;]<\/p>\n","protected":false},"author":1,"featured_media":0,"parent":0,"menu_order":0,"comment_status":"closed","ping_status":"closed","template":"","meta":{"inline_featured_image":false,"ep_exclude_from_search":false,"footnotes":""},"topic":[],"class_list":["post-6276","page","type-page","status-publish","hentry"],"acf":[],"yoast_head":"<!-- This site is optimized with the Yoast SEO plugin v24.7 - https:\/\/yoast.com\/wordpress\/plugins\/seo\/ -->\n<title>Greg Redman - Canadian Physiotherapy Association<\/title>\n<meta name=\"robots\" content=\"index, follow, max-snippet:-1, max-image-preview:large, max-video-preview:-1\" \/>\n<link rel=\"canonical\" href=\"https:\/\/physiotherapy.ca\/fr\/greg-redman\/\" \/>\n<meta property=\"og:locale\" content=\"fr_FR\" \/>\n<meta property=\"og:type\" content=\"article\" \/>\n<meta property=\"og:title\" content=\"Greg Redman - Canadian Physiotherapy Association\" \/>\n<meta property=\"og:description\" content=\"Domaine de sp\u00e9cialit\u00e9 clinique&nbsp;:&nbsp;Sport Nombre d\u2019ann\u00e9es de pratique dans ce domaine&nbsp;:&nbsp;15 Loisirs&nbsp;:&nbsp;Kayak, course, ski de fond Secteurs d\u2019int\u00e9r\u00eat professionnel Performance sportive, r\u00e9adaptation apr\u00e8s une blessure sportive, biom\u00e9canique du golf et optimisation des performances des athl\u00e8tes d\u2019\u00e9lite O\u00f9 esp\u00e9rez-vous voir la [&hellip;]\" \/>\n<meta property=\"og:url\" content=\"https:\/\/physiotherapy.ca\/fr\/greg-redman\/\" \/>\n<meta property=\"og:site_name\" content=\"Canadian Physiotherapy Association\" \/>\n<meta property=\"article:modified_time\" content=\"2022-08-08T19:10:03+00:00\" \/>\n<meta property=\"og:image\" content=\"https:\/\/physiotherapy.ca\/app\/uploads\/2022\/08\/wave1_greg-1024x678.jpg\" \/>\n<meta name=\"twitter:card\" content=\"summary_large_image\" \/>\n<meta name=\"twitter:label1\" content=\"Est. reading time\" \/>\n\t<meta name=\"twitter:data1\" content=\"3 minutes\" \/>\n<script type=\"application\/ld+json\" class=\"yoast-schema-graph\">{\"@context\":\"https:\/\/schema.org\",\"@graph\":[{\"@type\":\"WebPage\",\"@id\":\"https:\/\/physiotherapy.ca\/fr\/greg-redman\/\",\"url\":\"https:\/\/physiotherapy.ca\/fr\/greg-redman\/\",\"name\":\"Greg Redman - Canadian Physiotherapy Association\",\"isPartOf\":{\"@id\":\"https:\/\/physiotherapy.ca\/#website\"},\"primaryImageOfPage\":{\"@id\":\"https:\/\/physiotherapy.ca\/fr\/greg-redman\/#primaryimage\"},\"image\":{\"@id\":\"https:\/\/physiotherapy.ca\/fr\/greg-redman\/#primaryimage\"},\"thumbnailUrl\":\"https:\/\/physiotherapy.ca\/app\/uploads\/2022\/08\/wave1_greg-1024x678.jpg\",\"datePublished\":\"2022-08-08T19:10:01+00:00\",\"dateModified\":\"2022-08-08T19:10:03+00:00\",\"breadcrumb\":{\"@id\":\"https:\/\/physiotherapy.ca\/fr\/greg-redman\/#breadcrumb\"},\"inLanguage\":\"fr-FR\",\"potentialAction\":[{\"@type\":\"ReadAction\",\"target\":[\"https:\/\/physiotherapy.ca\/fr\/greg-redman\/\"]}]},{\"@type\":\"ImageObject\",\"inLanguage\":\"fr-FR\",\"@id\":\"https:\/\/physiotherapy.ca\/fr\/greg-redman\/#primaryimage\",\"url\":\"https:\/\/physiotherapy.ca\/app\/uploads\/2022\/08\/wave1_greg-1024x678.jpg\",\"contentUrl\":\"https:\/\/physiotherapy.ca\/app\/uploads\/2022\/08\/wave1_greg-1024x678.jpg\"},{\"@type\":\"BreadcrumbList\",\"@id\":\"https:\/\/physiotherapy.ca\/fr\/greg-redman\/#breadcrumb\",\"itemListElement\":[{\"@type\":\"ListItem\",\"position\":1,\"name\":\"Home\",\"item\":\"https:\/\/physiotherapy.ca\/fr\/\"},{\"@type\":\"ListItem\",\"position\":2,\"name\":\"Greg Redman\"}]},{\"@type\":\"WebSite\",\"@id\":\"https:\/\/physiotherapy.ca\/#website\",\"url\":\"https:\/\/physiotherapy.ca\/\",\"name\":\"Canadian Physiotherapy Association\",\"description\":\"The Canadian Physiotherapy Association (CPA) represents over 16,000 physiotherapy professionals and students across Canada.\",\"potentialAction\":[{\"@type\":\"SearchAction\",\"target\":{\"@type\":\"EntryPoint\",\"urlTemplate\":\"https:\/\/physiotherapy.ca\/?s={search_term_string}\"},\"query-input\":{\"@type\":\"PropertyValueSpecification\",\"valueRequired\":true,\"valueName\":\"search_term_string\"}}],\"inLanguage\":\"fr-FR\"}]}<\/script>\n<!-- \/ Yoast SEO plugin. -->","yoast_head_json":{"title":"Greg Redman - Canadian Physiotherapy Association","robots":{"index":"index","follow":"follow","max-snippet":"max-snippet:-1","max-image-preview":"max-image-preview:large","max-video-preview":"max-video-preview:-1"},"canonical":"https:\/\/physiotherapy.ca\/fr\/greg-redman\/","og_locale":"fr_FR","og_type":"article","og_title":"Greg Redman - Canadian Physiotherapy Association","og_description":"Domaine de sp\u00e9cialit\u00e9 clinique&nbsp;:&nbsp;Sport Nombre d\u2019ann\u00e9es de pratique dans ce domaine&nbsp;:&nbsp;15 Loisirs&nbsp;:&nbsp;Kayak, course, ski de fond Secteurs d\u2019int\u00e9r\u00eat professionnel Performance sportive, r\u00e9adaptation apr\u00e8s une blessure sportive, biom\u00e9canique du golf et optimisation des performances des athl\u00e8tes d\u2019\u00e9lite O\u00f9 esp\u00e9rez-vous voir la [&hellip;]","og_url":"https:\/\/physiotherapy.ca\/fr\/greg-redman\/","og_site_name":"Canadian Physiotherapy Association","article_modified_time":"2022-08-08T19:10:03+00:00","og_image":[{"url":"https:\/\/physiotherapy.ca\/app\/uploads\/2022\/08\/wave1_greg-1024x678.jpg","type":"","width":"","height":""}],"twitter_card":"summary_large_image","twitter_misc":{"Est. reading time":"3 minutes"},"schema":{"@context":"https:\/\/schema.org","@graph":[{"@type":"WebPage","@id":"https:\/\/physiotherapy.ca\/fr\/greg-redman\/","url":"https:\/\/physiotherapy.ca\/fr\/greg-redman\/","name":"Greg Redman - Canadian Physiotherapy Association","isPartOf":{"@id":"https:\/\/physiotherapy.ca\/#website"},"primaryImageOfPage":{"@id":"https:\/\/physiotherapy.ca\/fr\/greg-redman\/#primaryimage"},"image":{"@id":"https:\/\/physiotherapy.ca\/fr\/greg-redman\/#primaryimage"},"thumbnailUrl":"https:\/\/physiotherapy.ca\/app\/uploads\/2022\/08\/wave1_greg-1024x678.jpg","datePublished":"2022-08-08T19:10:01+00:00","dateModified":"2022-08-08T19:10:03+00:00","breadcrumb":{"@id":"https:\/\/physiotherapy.ca\/fr\/greg-redman\/#breadcrumb"},"inLanguage":"fr-FR","potentialAction":[{"@type":"ReadAction","target":["https:\/\/physiotherapy.ca\/fr\/greg-redman\/"]}]},{"@type":"ImageObject","inLanguage":"fr-FR","@id":"https:\/\/physiotherapy.ca\/fr\/greg-redman\/#primaryimage","url":"https:\/\/physiotherapy.ca\/app\/uploads\/2022\/08\/wave1_greg-1024x678.jpg","contentUrl":"https:\/\/physiotherapy.ca\/app\/uploads\/2022\/08\/wave1_greg-1024x678.jpg"},{"@type":"BreadcrumbList","@id":"https:\/\/physiotherapy.ca\/fr\/greg-redman\/#breadcrumb","itemListElement":[{"@type":"ListItem","position":1,"name":"Home","item":"https:\/\/physiotherapy.ca\/fr\/"},{"@type":"ListItem","position":2,"name":"Greg Redman"}]},{"@type":"WebSite","@id":"https:\/\/physiotherapy.ca\/#website","url":"https:\/\/physiotherapy.ca\/","name":"Canadian Physiotherapy Association","description":"The Canadian Physiotherapy Association (CPA) represents over 16,000 physiotherapy professionals and students across Canada.","potentialAction":[{"@type":"SearchAction","target":{"@type":"EntryPoint","urlTemplate":"https:\/\/physiotherapy.ca\/?s={search_term_string}"},"query-input":{"@type":"PropertyValueSpecification","valueRequired":true,"valueName":"search_term_string"}}],"inLanguage":"fr-FR"}]}},"_links":{"self":[{"href":"https:\/\/physiotherapy.ca\/fr\/wp-json\/wp\/v2\/pages\/6276","targetHints":{"allow":["GET"]}}],"collection":[{"href":"https:\/\/physiotherapy.ca\/fr\/wp-json\/wp\/v2\/pages"}],"about":[{"href":"https:\/\/physiotherapy.ca\/fr\/wp-json\/wp\/v2\/types\/page"}],"author":[{"embeddable":true,"href":"https:\/\/physiotherapy.ca\/fr\/wp-json\/wp\/v2\/users\/1"}],"replies":[{"embeddable":true,"href":"https:\/\/physiotherapy.ca\/fr\/wp-json\/wp\/v2\/comments?post=6276"}],"version-history":[{"count":3,"href":"https:\/\/physiotherapy.ca\/fr\/wp-json\/wp\/v2\/pages\/6276\/revisions"}],"predecessor-version":[{"id":6280,"href":"https:\/\/physiotherapy.ca\/fr\/wp-json\/wp\/v2\/pages\/6276\/revisions\/6280"}],"wp:attachment":[{"href":"https:\/\/physiotherapy.ca\/fr\/wp-json\/wp\/v2\/media?parent=6276"}],"wp:term":[{"taxonomy":"topic","embeddable":true,"href":"https:\/\/physiotherapy.ca\/fr\/wp-json\/wp\/v2\/topic?post=6276"}],"curies":[{"name":"wp","href":"https:\/\/api.w.org\/{rel}","templated":true}]}}