{"id":6286,"date":"2022-08-08T15:12:47","date_gmt":"2022-08-08T19:12:47","guid":{"rendered":"https:\/\/physiotherapy.ca\/?page_id=6286"},"modified":"2022-08-08T15:12:48","modified_gmt":"2022-08-08T19:12:48","slug":"christian-seguin","status":"publish","type":"page","link":"https:\/\/physiotherapy.ca\/fr\/christian-seguin\/","title":{"rendered":"Christian S\u00e9guin"},"content":{"rendered":"\n<div class=\"wp-block-media-text is-stacked-on-mobile is-vertically-aligned-top\" style=\"grid-template-columns:23% auto\"><figure class=\"wp-block-media-text__media\"><img loading=\"lazy\" decoding=\"async\" width=\"360\" height=\"504\" src=\"https:\/\/physiotherapy.ca\/app\/uploads\/2022\/08\/christian_seguin_photo.jpeg\" alt=\"\" class=\"wp-image-5734 size-full\" srcset=\"https:\/\/physiotherapy.ca\/app\/uploads\/2022\/08\/christian_seguin_photo.jpeg 360w, https:\/\/physiotherapy.ca\/app\/uploads\/2022\/08\/christian_seguin_photo-214x300.jpeg 214w, https:\/\/physiotherapy.ca\/app\/uploads\/2022\/08\/christian_seguin_photo-143x200.jpeg 143w\" sizes=\"auto, (max-width: 360px) 100vw, 360px\" \/><\/figure><div class=\"wp-block-media-text__content\">\n<p><strong>Domaine de sp\u00e9cialit\u00e9 clinique&nbsp;:&nbsp;<\/strong>Physioth\u00e9rapie sportive<\/p>\n\n\n\n<p><strong>Nombre d\u2019ann\u00e9es de pratique&nbsp;:&nbsp;<\/strong>18<\/p>\n\n\n\n<p><strong>Secteurs d\u2019int\u00e9r\u00eat<\/strong>&nbsp;: Pr\u00e9vention des blessures. Soins d\u2019urgence pour les sportifs. Biom\u00e9canique\/blessures dans le sport&nbsp;: analyse vid\u00e9o. Retour \u00e0 la pratique sportive. Stimulation intramusculaire \u2013 aiguilles. Th\u00e9rapie manuelle. R\u00e9adaptation en milieu judiciaire et expertise judiciaire. Enseignement.<\/p>\n<\/div><\/div>\n\n\n\n<div style=\"height:36px\" aria-hidden=\"true\" class=\"wp-block-spacer\"><\/div>\n\n\n\n<p><strong>O\u00f9 esp\u00e9rez-vous voir la profession dans 25&nbsp;ans?<\/strong><\/p>\n\n\n\n<p>La profession de physioth\u00e9rapeute est en excellente position pour jouer un r\u00f4le important dans le diagnostic et la prise en charge des dysfonctionnements musculosquelettiques dans les soins de sant\u00e9, aujourd\u2019hui et dans l\u2019avenir. Nos comp\u00e9tences cliniques nous permettent d\u2019\u00e9valuer un athl\u00e8te tr\u00e8s vite, sur place, et de lui donner les meilleurs soins pour un retour s\u00e9curitaire, rapide et efficace \u00e0 la pratique sportive. Dans 25&nbsp;ans, je souhaite que notre champ de pratique se soit \u00e9largi et que nous puissions demander des imageries m\u00e9dicales pour enrichir nos \u00e9valuations et r\u00e9diger des prescriptions pour compl\u00e9ter nos interventions musculosquelettiques.<\/p>\n\n\n\n<p><strong>Pourquoi avoir choisi d\u2019\u00eatre sp\u00e9cialiste clinique?<\/strong><\/p>\n\n\n\n<p>La sp\u00e9cialit\u00e9 clinique en physioth\u00e9rapie sportive constitue un jalon professionnel reconnu par mes pairs. Le processus m\u2019a permis de r\u00e9fl\u00e9chir \u00e0 mes exp\u00e9riences pass\u00e9es et \u00e0 mes objectifs futurs; de plus \u2013 et je ne m\u2019y attendais pas \u2013, il m\u2019a permis de m\u2019int\u00e9grer \u00e0 un solide r\u00e9seau de sp\u00e9cialistes \u00e0 travers le Canada en dehors de mon domaine.<\/p>\n\n\n\n<h3 class=\"wp-block-heading\"><strong>Biographie<\/strong><\/h3>\n\n\n\n<p>Christian S\u00e9guin a obtenu un baccalaur\u00e9at en sciences (physioth\u00e9rapie) de l\u2019Universit\u00e9 d\u2019Ottawa en 1997. Son exp\u00e9rience de 11&nbsp;ans comme ambulancier param\u00e9dical en soins critiques terrestres ou a\u00e9roport\u00e9s l\u2019a pouss\u00e9 \u00e0 se tourner vers la physioth\u00e9rapie sportive et les soins d\u2019urgence sur place. Apr\u00e8s un certificat en physioth\u00e9rapie sportive (1999) et un dipl\u00f4me en physioth\u00e9rapie sportive (2001), il a travaill\u00e9 r\u00e9guli\u00e8rement comme th\u00e9rapeute ou th\u00e9rapeute en chef lors de comp\u00e9titions internationales. Il agit chaque ann\u00e9e comme examinateur pour l\u2019examen national de la division physioth\u00e9rapie sportive de l\u2019ACP.<\/p>\n\n\n\n<p>Depuis 2001, son int\u00e9r\u00eat et sa formation en r\u00e9adaptation en milieu judiciaire l\u2019ont amen\u00e9 \u00e0 offrir r\u00e9guli\u00e8rement son expertise \u00e0 la Cour sup\u00e9rieure de l\u2019Ontario. Il a \u00e9galement collabor\u00e9 avec diverses entreprises \u00e0 titre de consultant en physioth\u00e9rapie pour donner son avis d\u2019expert sur l\u2019utilisation et l\u2019ajustement des produits, les strat\u00e9gies de r\u00e9adaptation et les programmes de retour au travail.<\/p>\n\n\n\n<p>Christian a obtenu un doctorat clinique en physioth\u00e9rapie en mars&nbsp;2015. Il est propri\u00e9taire de la clinique Active Sport Physiotherapy, \u00e0 Cornwall, en Ontario, o\u00f9 il exerce comme physioth\u00e9rapeute.<\/p>\n\n\n\n<p><a href=\"mailto:cseguin@mysportphysio.com\">cseguin@mysportphysio.com<\/a><\/p>\n\n\n\n<p><a href=\"mailto:cseguin@mysportphysio.com\">www.mysportphysio.com<\/a><\/p>\n","protected":false},"excerpt":{"rendered":"<p>Domaine de sp\u00e9cialit\u00e9 clinique&nbsp;:&nbsp;Physioth\u00e9rapie sportive Nombre d\u2019ann\u00e9es de pratique&nbsp;:&nbsp;18 Secteurs d\u2019int\u00e9r\u00eat&nbsp;: Pr\u00e9vention des blessures. Soins d\u2019urgence pour les sportifs. Biom\u00e9canique\/blessures dans le sport&nbsp;: analyse vid\u00e9o. Retour \u00e0 la pratique sportive. Stimulation intramusculaire \u2013 aiguilles. Th\u00e9rapie manuelle. R\u00e9adaptation en milieu judiciaire [&hellip;]<\/p>\n","protected":false},"author":1,"featured_media":0,"parent":0,"menu_order":0,"comment_status":"closed","ping_status":"closed","template":"","meta":{"inline_featured_image":false,"ep_exclude_from_search":false,"footnotes":""},"topic":[],"class_list":["post-6286","page","type-page","status-publish","hentry"],"acf":[],"yoast_head":"<!-- This site is optimized with the Yoast SEO plugin v24.7 - https:\/\/yoast.com\/wordpress\/plugins\/seo\/ -->\n<title>Christian S\u00e9guin - Canadian Physiotherapy Association<\/title>\n<meta name=\"robots\" content=\"index, follow, max-snippet:-1, max-image-preview:large, max-video-preview:-1\" \/>\n<link rel=\"canonical\" href=\"https:\/\/physiotherapy.ca\/fr\/christian-seguin\/\" \/>\n<meta property=\"og:locale\" content=\"fr_FR\" \/>\n<meta property=\"og:type\" content=\"article\" \/>\n<meta property=\"og:title\" content=\"Christian S\u00e9guin - Canadian Physiotherapy Association\" \/>\n<meta property=\"og:description\" content=\"Domaine de sp\u00e9cialit\u00e9 clinique&nbsp;:&nbsp;Physioth\u00e9rapie sportive Nombre d\u2019ann\u00e9es de pratique&nbsp;:&nbsp;18 Secteurs d\u2019int\u00e9r\u00eat&nbsp;: Pr\u00e9vention des blessures. Soins d\u2019urgence pour les sportifs. Biom\u00e9canique\/blessures dans le sport&nbsp;: analyse vid\u00e9o. Retour \u00e0 la pratique sportive. Stimulation intramusculaire \u2013 aiguilles. Th\u00e9rapie manuelle. R\u00e9adaptation en milieu judiciaire [&hellip;]\" \/>\n<meta property=\"og:url\" content=\"https:\/\/physiotherapy.ca\/fr\/christian-seguin\/\" \/>\n<meta property=\"og:site_name\" content=\"Canadian Physiotherapy Association\" \/>\n<meta property=\"article:modified_time\" content=\"2022-08-08T19:12:48+00:00\" \/>\n<meta property=\"og:image\" content=\"https:\/\/physiotherapy.ca\/app\/uploads\/2022\/08\/christian_seguin_photo.jpeg\" \/>\n<meta name=\"twitter:card\" content=\"summary_large_image\" \/>\n<meta name=\"twitter:label1\" content=\"Est. reading time\" \/>\n\t<meta name=\"twitter:data1\" content=\"2 minutes\" \/>\n<script type=\"application\/ld+json\" class=\"yoast-schema-graph\">{\"@context\":\"https:\/\/schema.org\",\"@graph\":[{\"@type\":\"WebPage\",\"@id\":\"https:\/\/physiotherapy.ca\/fr\/christian-seguin\/\",\"url\":\"https:\/\/physiotherapy.ca\/fr\/christian-seguin\/\",\"name\":\"Christian S\u00e9guin - Canadian Physiotherapy Association\",\"isPartOf\":{\"@id\":\"https:\/\/physiotherapy.ca\/#website\"},\"primaryImageOfPage\":{\"@id\":\"https:\/\/physiotherapy.ca\/fr\/christian-seguin\/#primaryimage\"},\"image\":{\"@id\":\"https:\/\/physiotherapy.ca\/fr\/christian-seguin\/#primaryimage\"},\"thumbnailUrl\":\"https:\/\/physiotherapy.ca\/app\/uploads\/2022\/08\/christian_seguin_photo.jpeg\",\"datePublished\":\"2022-08-08T19:12:47+00:00\",\"dateModified\":\"2022-08-08T19:12:48+00:00\",\"breadcrumb\":{\"@id\":\"https:\/\/physiotherapy.ca\/fr\/christian-seguin\/#breadcrumb\"},\"inLanguage\":\"fr-FR\",\"potentialAction\":[{\"@type\":\"ReadAction\",\"target\":[\"https:\/\/physiotherapy.ca\/fr\/christian-seguin\/\"]}]},{\"@type\":\"ImageObject\",\"inLanguage\":\"fr-FR\",\"@id\":\"https:\/\/physiotherapy.ca\/fr\/christian-seguin\/#primaryimage\",\"url\":\"https:\/\/physiotherapy.ca\/app\/uploads\/2022\/08\/christian_seguin_photo.jpeg\",\"contentUrl\":\"https:\/\/physiotherapy.ca\/app\/uploads\/2022\/08\/christian_seguin_photo.jpeg\"},{\"@type\":\"BreadcrumbList\",\"@id\":\"https:\/\/physiotherapy.ca\/fr\/christian-seguin\/#breadcrumb\",\"itemListElement\":[{\"@type\":\"ListItem\",\"position\":1,\"name\":\"Home\",\"item\":\"https:\/\/physiotherapy.ca\/fr\/\"},{\"@type\":\"ListItem\",\"position\":2,\"name\":\"Christian S\u00e9guin\"}]},{\"@type\":\"WebSite\",\"@id\":\"https:\/\/physiotherapy.ca\/#website\",\"url\":\"https:\/\/physiotherapy.ca\/\",\"name\":\"Canadian Physiotherapy Association\",\"description\":\"The Canadian Physiotherapy Association (CPA) represents over 16,000 physiotherapy professionals and students across Canada.\",\"potentialAction\":[{\"@type\":\"SearchAction\",\"target\":{\"@type\":\"EntryPoint\",\"urlTemplate\":\"https:\/\/physiotherapy.ca\/?s={search_term_string}\"},\"query-input\":{\"@type\":\"PropertyValueSpecification\",\"valueRequired\":true,\"valueName\":\"search_term_string\"}}],\"inLanguage\":\"fr-FR\"}]}<\/script>\n<!-- \/ Yoast SEO plugin. -->","yoast_head_json":{"title":"Christian S\u00e9guin - Canadian Physiotherapy Association","robots":{"index":"index","follow":"follow","max-snippet":"max-snippet:-1","max-image-preview":"max-image-preview:large","max-video-preview":"max-video-preview:-1"},"canonical":"https:\/\/physiotherapy.ca\/fr\/christian-seguin\/","og_locale":"fr_FR","og_type":"article","og_title":"Christian S\u00e9guin - Canadian Physiotherapy Association","og_description":"Domaine de sp\u00e9cialit\u00e9 clinique&nbsp;:&nbsp;Physioth\u00e9rapie sportive Nombre d\u2019ann\u00e9es de pratique&nbsp;:&nbsp;18 Secteurs d\u2019int\u00e9r\u00eat&nbsp;: Pr\u00e9vention des blessures. Soins d\u2019urgence pour les sportifs. Biom\u00e9canique\/blessures dans le sport&nbsp;: analyse vid\u00e9o. Retour \u00e0 la pratique sportive. Stimulation intramusculaire \u2013 aiguilles. Th\u00e9rapie manuelle. R\u00e9adaptation en milieu judiciaire [&hellip;]","og_url":"https:\/\/physiotherapy.ca\/fr\/christian-seguin\/","og_site_name":"Canadian Physiotherapy Association","article_modified_time":"2022-08-08T19:12:48+00:00","og_image":[{"url":"https:\/\/physiotherapy.ca\/app\/uploads\/2022\/08\/christian_seguin_photo.jpeg","type":"","width":"","height":""}],"twitter_card":"summary_large_image","twitter_misc":{"Est. reading time":"2 minutes"},"schema":{"@context":"https:\/\/schema.org","@graph":[{"@type":"WebPage","@id":"https:\/\/physiotherapy.ca\/fr\/christian-seguin\/","url":"https:\/\/physiotherapy.ca\/fr\/christian-seguin\/","name":"Christian S\u00e9guin - Canadian Physiotherapy Association","isPartOf":{"@id":"https:\/\/physiotherapy.ca\/#website"},"primaryImageOfPage":{"@id":"https:\/\/physiotherapy.ca\/fr\/christian-seguin\/#primaryimage"},"image":{"@id":"https:\/\/physiotherapy.ca\/fr\/christian-seguin\/#primaryimage"},"thumbnailUrl":"https:\/\/physiotherapy.ca\/app\/uploads\/2022\/08\/christian_seguin_photo.jpeg","datePublished":"2022-08-08T19:12:47+00:00","dateModified":"2022-08-08T19:12:48+00:00","breadcrumb":{"@id":"https:\/\/physiotherapy.ca\/fr\/christian-seguin\/#breadcrumb"},"inLanguage":"fr-FR","potentialAction":[{"@type":"ReadAction","target":["https:\/\/physiotherapy.ca\/fr\/christian-seguin\/"]}]},{"@type":"ImageObject","inLanguage":"fr-FR","@id":"https:\/\/physiotherapy.ca\/fr\/christian-seguin\/#primaryimage","url":"https:\/\/physiotherapy.ca\/app\/uploads\/2022\/08\/christian_seguin_photo.jpeg","contentUrl":"https:\/\/physiotherapy.ca\/app\/uploads\/2022\/08\/christian_seguin_photo.jpeg"},{"@type":"BreadcrumbList","@id":"https:\/\/physiotherapy.ca\/fr\/christian-seguin\/#breadcrumb","itemListElement":[{"@type":"ListItem","position":1,"name":"Home","item":"https:\/\/physiotherapy.ca\/fr\/"},{"@type":"ListItem","position":2,"name":"Christian S\u00e9guin"}]},{"@type":"WebSite","@id":"https:\/\/physiotherapy.ca\/#website","url":"https:\/\/physiotherapy.ca\/","name":"Canadian Physiotherapy Association","description":"The Canadian Physiotherapy Association (CPA) represents over 16,000 physiotherapy professionals and students across Canada.","potentialAction":[{"@type":"SearchAction","target":{"@type":"EntryPoint","urlTemplate":"https:\/\/physiotherapy.ca\/?s={search_term_string}"},"query-input":{"@type":"PropertyValueSpecification","valueRequired":true,"valueName":"search_term_string"}}],"inLanguage":"fr-FR"}]}},"_links":{"self":[{"href":"https:\/\/physiotherapy.ca\/fr\/wp-json\/wp\/v2\/pages\/6286","targetHints":{"allow":["GET"]}}],"collection":[{"href":"https:\/\/physiotherapy.ca\/fr\/wp-json\/wp\/v2\/pages"}],"about":[{"href":"https:\/\/physiotherapy.ca\/fr\/wp-json\/wp\/v2\/types\/page"}],"author":[{"embeddable":true,"href":"https:\/\/physiotherapy.ca\/fr\/wp-json\/wp\/v2\/users\/1"}],"replies":[{"embeddable":true,"href":"https:\/\/physiotherapy.ca\/fr\/wp-json\/wp\/v2\/comments?post=6286"}],"version-history":[{"count":2,"href":"https:\/\/physiotherapy.ca\/fr\/wp-json\/wp\/v2\/pages\/6286\/revisions"}],"predecessor-version":[{"id":6288,"href":"https:\/\/physiotherapy.ca\/fr\/wp-json\/wp\/v2\/pages\/6286\/revisions\/6288"}],"wp:attachment":[{"href":"https:\/\/physiotherapy.ca\/fr\/wp-json\/wp\/v2\/media?parent=6286"}],"wp:term":[{"taxonomy":"topic","embeddable":true,"href":"https:\/\/physiotherapy.ca\/fr\/wp-json\/wp\/v2\/topic?post=6286"}],"curies":[{"name":"wp","href":"https:\/\/api.w.org\/{rel}","templated":true}]}}