{"id":6290,"date":"2022-08-08T15:19:35","date_gmt":"2022-08-08T19:19:35","guid":{"rendered":"https:\/\/physiotherapy.ca\/?page_id=6290"},"modified":"2022-08-08T15:19:40","modified_gmt":"2022-08-08T19:19:40","slug":"jasdeep-dhir","status":"publish","type":"page","link":"https:\/\/physiotherapy.ca\/fr\/jasdeep-dhir\/","title":{"rendered":"Jasdeep Dhir"},"content":{"rendered":"\n<div class=\"wp-block-media-text is-stacked-on-mobile is-vertically-aligned-top\" style=\"grid-template-columns:31% auto\"><figure class=\"wp-block-media-text__media\"><img loading=\"lazy\" decoding=\"async\" width=\"608\" height=\"811\" src=\"https:\/\/physiotherapy.ca\/app\/uploads\/2022\/08\/jasdeep.png\" alt=\"\" class=\"wp-image-5740 size-full\" srcset=\"https:\/\/physiotherapy.ca\/app\/uploads\/2022\/08\/jasdeep.png 608w, https:\/\/physiotherapy.ca\/app\/uploads\/2022\/08\/jasdeep-600x800.png 600w, https:\/\/physiotherapy.ca\/app\/uploads\/2022\/08\/jasdeep-225x300.png 225w, https:\/\/physiotherapy.ca\/app\/uploads\/2022\/08\/jasdeep-150x200.png 150w\" sizes=\"auto, (max-width: 608px) 100vw, 608px\" \/><\/figure><div class=\"wp-block-media-text__content\">\n<p><strong>Domaine de sp\u00e9cialit\u00e9 clinique&nbsp;:&nbsp;<\/strong>Musculosquelettique<\/p>\n\n\n\n<p><strong>Lieu&nbsp;:&nbsp;<\/strong>Le Grand Toronto<\/p>\n\n\n\n<p><strong>Nombre d\u2019ann\u00e9es de pratique&nbsp;:&nbsp;<\/strong>17<\/p>\n\n\n\n<p><strong>Domaines d\u2019int\u00e9r\u00eat&nbsp;:&nbsp;<\/strong>raisonnement clinique, orthop\u00e9die, comp\u00e9tences interpersonnelles, leadership et communication<\/p>\n\n\n\n<p><strong>Pourquoi avoir choisi d\u2019\u00eatre sp\u00e9cialiste clinique?<\/strong><\/p>\n\n\n\n<p>Je crois qu\u2019il est important d\u2019avoir constamment des objectifs personnels et professionnels. C\u2019est le seul moyen de nous lancer le d\u00e9fi de nous d\u00e9velopper continuellement. Devenir sp\u00e9cialiste clinique \u00e9tait un de mes objectifs professionnels. J\u2019ai senti que j\u2019\u00e9tais rendue \u00e0 cette \u00e9tape-l\u00e0 dans mon parcours et je me sentais confiante par rapport \u00e0 mes contributions et mes distinctions pour passer \u00e0 cette \u00e9tape suivante.<\/p>\n<\/div><\/div>\n\n\n\n<div style=\"height:27px\" aria-hidden=\"true\" class=\"wp-block-spacer\"><\/div>\n\n\n\n<p><strong>O\u00f9 voyez-vous la profession dans 25&nbsp;ans?<\/strong><\/p>\n\n\n\n<p>Avec notre profession qui change, il est imp\u00e9ratif que nous nous illustrions comme chef de file pour continuer \u00e0 d\u00e9montrer notre impact sur le syst\u00e8me de sant\u00e9 et la qualit\u00e9 de vie. Nous devons nous pr\u00e9parer et pr\u00e9parer nos \u00e9tudiants avec des comp\u00e9tences qui devront \u00eatre d\u00e9velopp\u00e9es pour rester en phase avec ces r\u00f4les changeants. Nous allons devoir non seulement nous planter les pieds dans la fondation que nous avons cr\u00e9\u00e9e, nous allons aussi devoir faire preuve de cr\u00e9ativit\u00e9 et d\u2019innovation pour d\u00e9velopper de nouveaux cr\u00e9neaux et identifier de nouvelles voies pour assurer la croissance de la profession. Ainsi, on pourra s\u2019assurer de rester pertinents et \u00e0 l\u2019avant-garde dans le secteur de la sant\u00e9 et promouvoir une expansion continue.<\/p>\n\n\n\n<hr class=\"wp-block-separator is-style-wide\"\/>\n\n\n\n<blockquote class=\"wp-block-quote is-layout-flow wp-block-quote-is-layout-flow\"><p><em><em>Nous allons devoir non seulement nous planter les pieds dans la fondation que nous avons cr\u00e9\u00e9e, nous allons aussi devoir faire preuve de cr\u00e9ativit\u00e9 et d\u2019innovation pour d\u00e9velopper de nouveaux cr\u00e9neaux et identifier de nouvelles voies pour assurer la croissance de la profession.<\/em><\/em><\/p><\/blockquote>\n\n\n\n<hr class=\"wp-block-separator is-style-wide\"\/>\n\n\n\n<p><strong>En quoi pensez-vous que votre sp\u00e9cialit\u00e9 clinique a chang\u00e9 votre pratique?<\/strong><\/p>\n\n\n\n<p>Cela m\u2019a permis de d\u00e9tailler la croissance et le perfectionnement professionnel \u00e0 partir du moment o\u00f9 j\u2019ai commenc\u00e9 \u00e0 pratiquer. C\u2019\u00e9tait un parcours fortement bas\u00e9 sur l\u2019autor\u00e9flexion. En plus de confirmer mes r\u00e9alisations, le processus a aussi aid\u00e9 \u00e0 identifier des domaines qui devaient \u00eatre d\u00e9velopp\u00e9s. Cela explique la cr\u00e9ation de nouveaux objectifs professionnels qui en a r\u00e9sult\u00e9. En fin de compte, si nous ne cherchons pas \u00e0 nous am\u00e9liorer, \u00e0 nous d\u00e9velopper et \u00e0 apprendre, nous stagnons et perdons notre inspiration.<\/p>\n\n\n\n<p><strong>Biographie et d\u00e9signations<\/strong><\/p>\n\n\n\n<p>Jasdeep est la propri\u00e9taire et la directrice d\u2019une clinique externe d\u2019orthop\u00e9die et traite des patients depuis plus de 17&nbsp;ans. Durant cette p\u00e9riode, elle a compl\u00e9t\u00e9 un doctorat post-professionnel transitoire en gestion musculosquelettique de l\u2019EIM et un dipl\u00f4me de ma\u00eetrise en sciences cliniques (th\u00e9rapie manuelle) de l\u2019Universit\u00e9 Western. Elle est membre de la&nbsp;<a href=\"http:\/\/manippt.org\/\">Canadian Academy of Manipulative Physiotherapy<\/a>. Aussi, elle enseigne et est mentore dans le syst\u00e8me d\u2019\u00e9ducation de la&nbsp;<a href=\"http:\/\/www.orthodiv.org\/\">Division d\u2019orthop\u00e9die<\/a>.<\/p>\n\n\n\n<p>Elle est charg\u00e9e de cours associ\u00e9e dans le programme de ma\u00eetrise en physioth\u00e9rapie de l\u2019<a href=\"http:\/\/www.physicaltherapy.utoronto.ca\/\">Universit\u00e9 de Toronto<\/a>&nbsp;et est professeure adjointe en clinique, instructrice et facilitatrice de laboratoire dans le programme de ma\u00eetrise en physioth\u00e9rapie de la&nbsp;<a href=\"https:\/\/srs-mcmaster.ca\/pt-program-information\/\">McMaster University<\/a>. Elle d\u00e9fend les int\u00e9r\u00eats de la profession comme en t\u00e9moignent ses nombreuses implications dans des comit\u00e9s. Elle si\u00e8ge pr\u00e9sentement au sein du Conseil d\u2019administration de la&nbsp;<a href=\"https:\/\/opa.on.ca\/\">Ontario Physiotherapy Association<\/a>&nbsp;et remplit le r\u00f4le de secr\u00e9taire de la division orthop\u00e9dique nationale.<\/p>\n\n\n\n<p>Elle a pr\u00e9sent\u00e9 \u00e0 des colloques autant au niveau provincial que national. Elle est aussi impliqu\u00e9e dans l\u2019enseignement et l\u2019animation de cours de formation continue. Elle est la cofondatrice de\u00a0<a href=\"http:\/\/www.pirlresearch.com\/compass-interactive-workshop\/\">COMPASS Interactive workshops<\/a>, dans lesquels elle aide \u00e0 \u00e9laborer des programmes de cours et \u00e0 animer des cours sur la communication et le d\u00e9veloppement de comp\u00e9tences interpersonnelles. Elle a \u00e9t\u00e9 r\u00e9compens\u00e9e par l\u2019Universit\u00e9 de Toronto pour sa contribution \u00e0 l\u2019enseignement et a re\u00e7u des prix d\u2019excellence pour le mentorat par\u00a0l\u2019Association canadienne de physioth\u00e9rapie.<\/p>\n","protected":false},"excerpt":{"rendered":"<p>Domaine de sp\u00e9cialit\u00e9 clinique&nbsp;:&nbsp;Musculosquelettique Lieu&nbsp;:&nbsp;Le Grand Toronto Nombre d\u2019ann\u00e9es de pratique&nbsp;:&nbsp;17 Domaines d\u2019int\u00e9r\u00eat&nbsp;:&nbsp;raisonnement clinique, orthop\u00e9die, comp\u00e9tences interpersonnelles, leadership et communication Pourquoi avoir choisi d\u2019\u00eatre sp\u00e9cialiste clinique? Je crois qu\u2019il est important d\u2019avoir constamment des objectifs personnels et professionnels. C\u2019est le [&hellip;]<\/p>\n","protected":false},"author":1,"featured_media":0,"parent":0,"menu_order":0,"comment_status":"closed","ping_status":"closed","template":"","meta":{"inline_featured_image":false,"ep_exclude_from_search":false,"footnotes":""},"topic":[],"class_list":["post-6290","page","type-page","status-publish","hentry"],"acf":[],"yoast_head":"<!-- This site is optimized with the Yoast SEO plugin v24.7 - https:\/\/yoast.com\/wordpress\/plugins\/seo\/ -->\n<title>Jasdeep Dhir - Canadian Physiotherapy Association<\/title>\n<meta name=\"robots\" content=\"index, follow, max-snippet:-1, max-image-preview:large, max-video-preview:-1\" \/>\n<link rel=\"canonical\" href=\"https:\/\/physiotherapy.ca\/fr\/jasdeep-dhir\/\" \/>\n<meta property=\"og:locale\" content=\"fr_FR\" \/>\n<meta property=\"og:type\" content=\"article\" \/>\n<meta property=\"og:title\" content=\"Jasdeep Dhir - Canadian Physiotherapy Association\" \/>\n<meta property=\"og:description\" content=\"Domaine de sp\u00e9cialit\u00e9 clinique&nbsp;:&nbsp;Musculosquelettique Lieu&nbsp;:&nbsp;Le Grand Toronto Nombre d\u2019ann\u00e9es de pratique&nbsp;:&nbsp;17 Domaines d\u2019int\u00e9r\u00eat&nbsp;:&nbsp;raisonnement clinique, orthop\u00e9die, comp\u00e9tences interpersonnelles, leadership et communication Pourquoi avoir choisi d\u2019\u00eatre sp\u00e9cialiste clinique? Je crois qu\u2019il est important d\u2019avoir constamment des objectifs personnels et professionnels. C\u2019est le [&hellip;]\" \/>\n<meta property=\"og:url\" content=\"https:\/\/physiotherapy.ca\/fr\/jasdeep-dhir\/\" \/>\n<meta property=\"og:site_name\" content=\"Canadian Physiotherapy Association\" \/>\n<meta property=\"article:modified_time\" content=\"2022-08-08T19:19:40+00:00\" \/>\n<meta property=\"og:image\" content=\"https:\/\/physiotherapy.ca\/app\/uploads\/2022\/08\/jasdeep.png\" \/>\n<meta name=\"twitter:card\" content=\"summary_large_image\" \/>\n<meta name=\"twitter:label1\" content=\"Est. reading time\" \/>\n\t<meta name=\"twitter:data1\" content=\"3 minutes\" \/>\n<script type=\"application\/ld+json\" class=\"yoast-schema-graph\">{\"@context\":\"https:\/\/schema.org\",\"@graph\":[{\"@type\":\"WebPage\",\"@id\":\"https:\/\/physiotherapy.ca\/fr\/jasdeep-dhir\/\",\"url\":\"https:\/\/physiotherapy.ca\/fr\/jasdeep-dhir\/\",\"name\":\"Jasdeep Dhir - Canadian Physiotherapy Association\",\"isPartOf\":{\"@id\":\"https:\/\/physiotherapy.ca\/#website\"},\"primaryImageOfPage\":{\"@id\":\"https:\/\/physiotherapy.ca\/fr\/jasdeep-dhir\/#primaryimage\"},\"image\":{\"@id\":\"https:\/\/physiotherapy.ca\/fr\/jasdeep-dhir\/#primaryimage\"},\"thumbnailUrl\":\"https:\/\/physiotherapy.ca\/app\/uploads\/2022\/08\/jasdeep.png\",\"datePublished\":\"2022-08-08T19:19:35+00:00\",\"dateModified\":\"2022-08-08T19:19:40+00:00\",\"breadcrumb\":{\"@id\":\"https:\/\/physiotherapy.ca\/fr\/jasdeep-dhir\/#breadcrumb\"},\"inLanguage\":\"fr-FR\",\"potentialAction\":[{\"@type\":\"ReadAction\",\"target\":[\"https:\/\/physiotherapy.ca\/fr\/jasdeep-dhir\/\"]}]},{\"@type\":\"ImageObject\",\"inLanguage\":\"fr-FR\",\"@id\":\"https:\/\/physiotherapy.ca\/fr\/jasdeep-dhir\/#primaryimage\",\"url\":\"https:\/\/physiotherapy.ca\/app\/uploads\/2022\/08\/jasdeep.png\",\"contentUrl\":\"https:\/\/physiotherapy.ca\/app\/uploads\/2022\/08\/jasdeep.png\"},{\"@type\":\"BreadcrumbList\",\"@id\":\"https:\/\/physiotherapy.ca\/fr\/jasdeep-dhir\/#breadcrumb\",\"itemListElement\":[{\"@type\":\"ListItem\",\"position\":1,\"name\":\"Home\",\"item\":\"https:\/\/physiotherapy.ca\/fr\/\"},{\"@type\":\"ListItem\",\"position\":2,\"name\":\"Jasdeep Dhir\"}]},{\"@type\":\"WebSite\",\"@id\":\"https:\/\/physiotherapy.ca\/#website\",\"url\":\"https:\/\/physiotherapy.ca\/\",\"name\":\"Canadian Physiotherapy Association\",\"description\":\"The Canadian Physiotherapy Association (CPA) represents over 16,000 physiotherapy professionals and students across Canada.\",\"potentialAction\":[{\"@type\":\"SearchAction\",\"target\":{\"@type\":\"EntryPoint\",\"urlTemplate\":\"https:\/\/physiotherapy.ca\/?s={search_term_string}\"},\"query-input\":{\"@type\":\"PropertyValueSpecification\",\"valueRequired\":true,\"valueName\":\"search_term_string\"}}],\"inLanguage\":\"fr-FR\"}]}<\/script>\n<!-- \/ Yoast SEO plugin. -->","yoast_head_json":{"title":"Jasdeep Dhir - Canadian Physiotherapy Association","robots":{"index":"index","follow":"follow","max-snippet":"max-snippet:-1","max-image-preview":"max-image-preview:large","max-video-preview":"max-video-preview:-1"},"canonical":"https:\/\/physiotherapy.ca\/fr\/jasdeep-dhir\/","og_locale":"fr_FR","og_type":"article","og_title":"Jasdeep Dhir - Canadian Physiotherapy Association","og_description":"Domaine de sp\u00e9cialit\u00e9 clinique&nbsp;:&nbsp;Musculosquelettique Lieu&nbsp;:&nbsp;Le Grand Toronto Nombre d\u2019ann\u00e9es de pratique&nbsp;:&nbsp;17 Domaines d\u2019int\u00e9r\u00eat&nbsp;:&nbsp;raisonnement clinique, orthop\u00e9die, comp\u00e9tences interpersonnelles, leadership et communication Pourquoi avoir choisi d\u2019\u00eatre sp\u00e9cialiste clinique? Je crois qu\u2019il est important d\u2019avoir constamment des objectifs personnels et professionnels. C\u2019est le [&hellip;]","og_url":"https:\/\/physiotherapy.ca\/fr\/jasdeep-dhir\/","og_site_name":"Canadian Physiotherapy Association","article_modified_time":"2022-08-08T19:19:40+00:00","og_image":[{"url":"https:\/\/physiotherapy.ca\/app\/uploads\/2022\/08\/jasdeep.png","type":"","width":"","height":""}],"twitter_card":"summary_large_image","twitter_misc":{"Est. reading time":"3 minutes"},"schema":{"@context":"https:\/\/schema.org","@graph":[{"@type":"WebPage","@id":"https:\/\/physiotherapy.ca\/fr\/jasdeep-dhir\/","url":"https:\/\/physiotherapy.ca\/fr\/jasdeep-dhir\/","name":"Jasdeep Dhir - Canadian Physiotherapy Association","isPartOf":{"@id":"https:\/\/physiotherapy.ca\/#website"},"primaryImageOfPage":{"@id":"https:\/\/physiotherapy.ca\/fr\/jasdeep-dhir\/#primaryimage"},"image":{"@id":"https:\/\/physiotherapy.ca\/fr\/jasdeep-dhir\/#primaryimage"},"thumbnailUrl":"https:\/\/physiotherapy.ca\/app\/uploads\/2022\/08\/jasdeep.png","datePublished":"2022-08-08T19:19:35+00:00","dateModified":"2022-08-08T19:19:40+00:00","breadcrumb":{"@id":"https:\/\/physiotherapy.ca\/fr\/jasdeep-dhir\/#breadcrumb"},"inLanguage":"fr-FR","potentialAction":[{"@type":"ReadAction","target":["https:\/\/physiotherapy.ca\/fr\/jasdeep-dhir\/"]}]},{"@type":"ImageObject","inLanguage":"fr-FR","@id":"https:\/\/physiotherapy.ca\/fr\/jasdeep-dhir\/#primaryimage","url":"https:\/\/physiotherapy.ca\/app\/uploads\/2022\/08\/jasdeep.png","contentUrl":"https:\/\/physiotherapy.ca\/app\/uploads\/2022\/08\/jasdeep.png"},{"@type":"BreadcrumbList","@id":"https:\/\/physiotherapy.ca\/fr\/jasdeep-dhir\/#breadcrumb","itemListElement":[{"@type":"ListItem","position":1,"name":"Home","item":"https:\/\/physiotherapy.ca\/fr\/"},{"@type":"ListItem","position":2,"name":"Jasdeep Dhir"}]},{"@type":"WebSite","@id":"https:\/\/physiotherapy.ca\/#website","url":"https:\/\/physiotherapy.ca\/","name":"Canadian Physiotherapy Association","description":"The Canadian Physiotherapy Association (CPA) represents over 16,000 physiotherapy professionals and students across Canada.","potentialAction":[{"@type":"SearchAction","target":{"@type":"EntryPoint","urlTemplate":"https:\/\/physiotherapy.ca\/?s={search_term_string}"},"query-input":{"@type":"PropertyValueSpecification","valueRequired":true,"valueName":"search_term_string"}}],"inLanguage":"fr-FR"}]}},"_links":{"self":[{"href":"https:\/\/physiotherapy.ca\/fr\/wp-json\/wp\/v2\/pages\/6290","targetHints":{"allow":["GET"]}}],"collection":[{"href":"https:\/\/physiotherapy.ca\/fr\/wp-json\/wp\/v2\/pages"}],"about":[{"href":"https:\/\/physiotherapy.ca\/fr\/wp-json\/wp\/v2\/types\/page"}],"author":[{"embeddable":true,"href":"https:\/\/physiotherapy.ca\/fr\/wp-json\/wp\/v2\/users\/1"}],"replies":[{"embeddable":true,"href":"https:\/\/physiotherapy.ca\/fr\/wp-json\/wp\/v2\/comments?post=6290"}],"version-history":[{"count":3,"href":"https:\/\/physiotherapy.ca\/fr\/wp-json\/wp\/v2\/pages\/6290\/revisions"}],"predecessor-version":[{"id":6298,"href":"https:\/\/physiotherapy.ca\/fr\/wp-json\/wp\/v2\/pages\/6290\/revisions\/6298"}],"wp:attachment":[{"href":"https:\/\/physiotherapy.ca\/fr\/wp-json\/wp\/v2\/media?parent=6290"}],"wp:term":[{"taxonomy":"topic","embeddable":true,"href":"https:\/\/physiotherapy.ca\/fr\/wp-json\/wp\/v2\/topic?post=6290"}],"curies":[{"name":"wp","href":"https:\/\/api.w.org\/{rel}","templated":true}]}}