{"id":6300,"date":"2022-08-08T15:21:35","date_gmt":"2022-08-08T19:21:35","guid":{"rendered":"https:\/\/physiotherapy.ca\/?page_id=6300"},"modified":"2022-08-08T15:21:36","modified_gmt":"2022-08-08T19:21:36","slug":"jeffrey-begg","status":"publish","type":"page","link":"https:\/\/physiotherapy.ca\/fr\/jeffrey-begg\/","title":{"rendered":"Jeffrey Begg"},"content":{"rendered":"\n<div class=\"wp-block-media-text is-stacked-on-mobile is-vertically-aligned-top\" style=\"grid-template-columns:31% auto\"><figure class=\"wp-block-media-text__media\"><img loading=\"lazy\" decoding=\"async\" width=\"200\" height=\"200\" src=\"https:\/\/physiotherapy.ca\/app\/uploads\/2022\/08\/jeffreybegg.jpg\" alt=\"\" class=\"wp-image-5748 size-full\" srcset=\"https:\/\/physiotherapy.ca\/app\/uploads\/2022\/08\/jeffreybegg.jpg 200w, https:\/\/physiotherapy.ca\/app\/uploads\/2022\/08\/jeffreybegg-100x100.jpg 100w, https:\/\/physiotherapy.ca\/app\/uploads\/2022\/08\/jeffreybegg-150x150.jpg 150w\" sizes=\"auto, (max-width: 200px) 100vw, 200px\" \/><\/figure><div class=\"wp-block-media-text__content\">\n<p><strong>Domaine de sp\u00e9cialit\u00e9 clinique :<\/strong>&nbsp;Musculosquelettique<\/p>\n\n\n\n<p><strong>Lieu :&nbsp;<\/strong>Edmonton (Alberta)<\/p>\n\n\n\n<p><strong>Nombre d\u2019ann\u00e9es de pratique :&nbsp;<\/strong>16<\/p>\n\n\n\n<p><strong>Secteurs d\u2019int\u00e9r\u00eat professionnel :&nbsp;<\/strong>L\u00e9sions m\u00e9dullaires, \u00e9tourdissements et vertiges, affections d\u00e9licates causant de la douleur<\/p>\n<\/div><\/div>\n\n\n\n<div style=\"height:27px\" aria-hidden=\"true\" class=\"wp-block-spacer\"><\/div>\n\n\n\n<p><strong>Pourquoi avez-vous cherch\u00e9 \u00e0 obtenir le titre?<\/strong><\/p>\n\n\n\n<p>J\u2019ai consacr\u00e9 beaucoup de temps \u00e0 rester \u00e0 la fine pointe de mon domaine. J\u2019aimais constater que mes coll\u00e8gues le remarquaient. Je crois qu\u2019il existe une saine concurrence entre praticiens en milieu de carri\u00e8re qui incite \u00e0 se garder \u00e0 jour et \u00e0 en tirer une certaine reconnaissance, parce qu\u2019il y a une vague de nouveaux dipl\u00f4m\u00e9s brillants qui s\u2019en vient.<\/p>\n\n\n\n<p><strong>O\u00f9&nbsp;en sera la profession dans 25 ans?<\/strong><\/p>\n\n\n\n<p>Avec la quantit\u00e9 de recherche qui se fait, la profession est en train de gagner douloureusement sa validit\u00e9 scientifique. C\u2019est un processus n\u00e9cessaire, mais je crains que nous manquions la cible en minimisant l\u2019importance de la nuance dans notre profession. J\u2019entrevois un avenir dans lequel des preuves rigides continueront d\u2019\u00eatre recherch\u00e9es et valoris\u00e9es, tout autant que le recours au raisonnement clinique, \u00e0 la sagesse et au rapport personnel avec nos patients. Peut-\u00eatre sommes-nous pass\u00e9s de l\u2019\u00e8re du \u00ab&nbsp;gourou clinique&nbsp;\u00bb des ann\u00e9es 1970 et 1980 \u00e0 l\u2019\u00e8re moderne du \u00ab&nbsp;gourou scientifique&nbsp;\u00bb et atteindrons-nous prochainement un \u00e9quilibre?<\/p>\n\n\n\n<hr class=\"wp-block-separator is-style-wide\"\/>\n\n\n\n<blockquote class=\"wp-block-quote is-layout-flow wp-block-quote-is-layout-flow\"><p><em>Je crois qu\u2019il existe une saine concurrence entre praticiens en milieu de carri\u00e8re qui incite \u00e0 se garder \u00e0 jour et \u00e0 en tirer une certaine reconnaissance<\/em><\/p><\/blockquote>\n\n\n\n<hr class=\"wp-block-separator is-style-wide\"\/>\n\n\n\n<h3 class=\"wp-block-heading\"><strong>Biographie<\/strong><\/h3>\n\n\n\n<p>Praticien depuis 1997, je suis certifi\u00e9 en physioth\u00e9rapie manuelle. Mes domaines de pr\u00e9dilection sont la physioth\u00e9rapie orthop\u00e9dique g\u00e9n\u00e9rale, les traumatismes m\u00e9dullaires, les \u00e9tourdissements et vertiges, l\u2019arthrite et les blessures sportives. J\u2019ai travaill\u00e9 quatre ans aux \u00c9tats-Unis, puis c\u2019est avec bonheur que je suis revenu \u00e0 Edmonton en 2002. Je m\u2019int\u00e9resse particuli\u00e8rement aux affections d\u00e9licates causant de la douleur qui ne r\u00e9pondent pas aux autres th\u00e9rapies. Je cherche des indices dans la fa\u00e7on dont se pr\u00e9sente le cas unique de chaque personne. J\u2019aime la collaboration, qu\u2019il s\u2019agisse de r\u00e9unions de gestion de cas avec mes coll\u00e8gues internes ou encore de mentorat d\u2019\u00e9tudiants ou de nouveaux dipl\u00f4m\u00e9s. Je crois que nous comprenons beaucoup mieux notre domaine de pratique quand nous l\u2019enseignons \u00e0 la prochaine g\u00e9n\u00e9ration de physioth\u00e9rapeutes.<\/p>\n\n\n\n<h3 class=\"wp-block-heading\"><strong>Titres professionnels &nbsp;&nbsp;&nbsp;&nbsp;&nbsp;&nbsp;&nbsp;&nbsp;&nbsp;&nbsp;&nbsp;&nbsp;&nbsp;&nbsp;&nbsp;&nbsp;&nbsp;&nbsp;&nbsp;&nbsp;&nbsp;&nbsp;&nbsp;<\/strong><\/h3>\n\n\n\n<ul class=\"wp-block-list\"><li>Physioth\u00e9rapeute (bachelier en sciences avec distinction)<\/li><li>Fellow, Canadian Academy of Manipulative Physiotherapy<\/li><li>Sp\u00e9cialiste clinique (musculosquelettique); professeur adjoint d\u2019enseignement clinique, d\u00e9partement de physioth\u00e9rapie de l\u2019Universit\u00e9 de l\u2019Alberta<\/li><li>Consultant en gestion des blessures, Alberta Auto Injury Program<\/li><\/ul>\n\n\n\n<p>Je si\u00e8ge au conseil de la Pain Society of Alberta, dont j\u2019ai assum\u00e9 la pr\u00e9sidence pour l\u2019ann\u00e9e 2012-2013.<\/p>\n","protected":false},"excerpt":{"rendered":"<p>Domaine de sp\u00e9cialit\u00e9 clinique :&nbsp;Musculosquelettique Lieu :&nbsp;Edmonton (Alberta) Nombre d\u2019ann\u00e9es de pratique :&nbsp;16 Secteurs d\u2019int\u00e9r\u00eat professionnel :&nbsp;L\u00e9sions m\u00e9dullaires, \u00e9tourdissements et vertiges, affections d\u00e9licates causant de la douleur Pourquoi avez-vous cherch\u00e9 \u00e0 obtenir le titre? J\u2019ai consacr\u00e9 beaucoup de temps \u00e0 [&hellip;]<\/p>\n","protected":false},"author":1,"featured_media":0,"parent":0,"menu_order":0,"comment_status":"closed","ping_status":"closed","template":"","meta":{"inline_featured_image":false,"ep_exclude_from_search":false,"footnotes":""},"topic":[],"class_list":["post-6300","page","type-page","status-publish","hentry"],"acf":[],"yoast_head":"<!-- This site is optimized with the Yoast SEO plugin v24.7 - https:\/\/yoast.com\/wordpress\/plugins\/seo\/ -->\n<title>Jeffrey Begg - Canadian Physiotherapy Association<\/title>\n<meta name=\"robots\" content=\"index, follow, max-snippet:-1, max-image-preview:large, max-video-preview:-1\" \/>\n<link rel=\"canonical\" href=\"https:\/\/physiotherapy.ca\/fr\/jeffrey-begg\/\" \/>\n<meta property=\"og:locale\" content=\"fr_FR\" \/>\n<meta property=\"og:type\" content=\"article\" \/>\n<meta property=\"og:title\" content=\"Jeffrey Begg - Canadian Physiotherapy Association\" \/>\n<meta property=\"og:description\" content=\"Domaine de sp\u00e9cialit\u00e9 clinique :&nbsp;Musculosquelettique Lieu :&nbsp;Edmonton (Alberta) Nombre d\u2019ann\u00e9es de pratique :&nbsp;16 Secteurs d\u2019int\u00e9r\u00eat professionnel :&nbsp;L\u00e9sions m\u00e9dullaires, \u00e9tourdissements et vertiges, affections d\u00e9licates causant de la douleur Pourquoi avez-vous cherch\u00e9 \u00e0 obtenir le titre? J\u2019ai consacr\u00e9 beaucoup de temps \u00e0 [&hellip;]\" \/>\n<meta property=\"og:url\" content=\"https:\/\/physiotherapy.ca\/fr\/jeffrey-begg\/\" \/>\n<meta property=\"og:site_name\" content=\"Canadian Physiotherapy Association\" \/>\n<meta property=\"article:modified_time\" content=\"2022-08-08T19:21:36+00:00\" \/>\n<meta property=\"og:image\" content=\"https:\/\/physiotherapy.ca\/app\/uploads\/2022\/08\/jeffreybegg.jpg\" \/>\n<meta name=\"twitter:card\" content=\"summary_large_image\" \/>\n<meta name=\"twitter:label1\" content=\"Est. reading time\" \/>\n\t<meta name=\"twitter:data1\" content=\"2 minutes\" \/>\n<script type=\"application\/ld+json\" class=\"yoast-schema-graph\">{\"@context\":\"https:\/\/schema.org\",\"@graph\":[{\"@type\":\"WebPage\",\"@id\":\"https:\/\/physiotherapy.ca\/fr\/jeffrey-begg\/\",\"url\":\"https:\/\/physiotherapy.ca\/fr\/jeffrey-begg\/\",\"name\":\"Jeffrey Begg - Canadian Physiotherapy Association\",\"isPartOf\":{\"@id\":\"https:\/\/physiotherapy.ca\/#website\"},\"primaryImageOfPage\":{\"@id\":\"https:\/\/physiotherapy.ca\/fr\/jeffrey-begg\/#primaryimage\"},\"image\":{\"@id\":\"https:\/\/physiotherapy.ca\/fr\/jeffrey-begg\/#primaryimage\"},\"thumbnailUrl\":\"https:\/\/physiotherapy.ca\/app\/uploads\/2022\/08\/jeffreybegg.jpg\",\"datePublished\":\"2022-08-08T19:21:35+00:00\",\"dateModified\":\"2022-08-08T19:21:36+00:00\",\"breadcrumb\":{\"@id\":\"https:\/\/physiotherapy.ca\/fr\/jeffrey-begg\/#breadcrumb\"},\"inLanguage\":\"fr-FR\",\"potentialAction\":[{\"@type\":\"ReadAction\",\"target\":[\"https:\/\/physiotherapy.ca\/fr\/jeffrey-begg\/\"]}]},{\"@type\":\"ImageObject\",\"inLanguage\":\"fr-FR\",\"@id\":\"https:\/\/physiotherapy.ca\/fr\/jeffrey-begg\/#primaryimage\",\"url\":\"https:\/\/physiotherapy.ca\/app\/uploads\/2022\/08\/jeffreybegg.jpg\",\"contentUrl\":\"https:\/\/physiotherapy.ca\/app\/uploads\/2022\/08\/jeffreybegg.jpg\"},{\"@type\":\"BreadcrumbList\",\"@id\":\"https:\/\/physiotherapy.ca\/fr\/jeffrey-begg\/#breadcrumb\",\"itemListElement\":[{\"@type\":\"ListItem\",\"position\":1,\"name\":\"Home\",\"item\":\"https:\/\/physiotherapy.ca\/fr\/\"},{\"@type\":\"ListItem\",\"position\":2,\"name\":\"Jeffrey Begg\"}]},{\"@type\":\"WebSite\",\"@id\":\"https:\/\/physiotherapy.ca\/#website\",\"url\":\"https:\/\/physiotherapy.ca\/\",\"name\":\"Canadian Physiotherapy Association\",\"description\":\"The Canadian Physiotherapy Association (CPA) represents over 16,000 physiotherapy professionals and students across Canada.\",\"potentialAction\":[{\"@type\":\"SearchAction\",\"target\":{\"@type\":\"EntryPoint\",\"urlTemplate\":\"https:\/\/physiotherapy.ca\/?s={search_term_string}\"},\"query-input\":{\"@type\":\"PropertyValueSpecification\",\"valueRequired\":true,\"valueName\":\"search_term_string\"}}],\"inLanguage\":\"fr-FR\"}]}<\/script>\n<!-- \/ Yoast SEO plugin. -->","yoast_head_json":{"title":"Jeffrey Begg - Canadian Physiotherapy Association","robots":{"index":"index","follow":"follow","max-snippet":"max-snippet:-1","max-image-preview":"max-image-preview:large","max-video-preview":"max-video-preview:-1"},"canonical":"https:\/\/physiotherapy.ca\/fr\/jeffrey-begg\/","og_locale":"fr_FR","og_type":"article","og_title":"Jeffrey Begg - Canadian Physiotherapy Association","og_description":"Domaine de sp\u00e9cialit\u00e9 clinique :&nbsp;Musculosquelettique Lieu :&nbsp;Edmonton (Alberta) Nombre d\u2019ann\u00e9es de pratique :&nbsp;16 Secteurs d\u2019int\u00e9r\u00eat professionnel :&nbsp;L\u00e9sions m\u00e9dullaires, \u00e9tourdissements et vertiges, affections d\u00e9licates causant de la douleur Pourquoi avez-vous cherch\u00e9 \u00e0 obtenir le titre? J\u2019ai consacr\u00e9 beaucoup de temps \u00e0 [&hellip;]","og_url":"https:\/\/physiotherapy.ca\/fr\/jeffrey-begg\/","og_site_name":"Canadian Physiotherapy Association","article_modified_time":"2022-08-08T19:21:36+00:00","og_image":[{"url":"https:\/\/physiotherapy.ca\/app\/uploads\/2022\/08\/jeffreybegg.jpg","type":"","width":"","height":""}],"twitter_card":"summary_large_image","twitter_misc":{"Est. reading time":"2 minutes"},"schema":{"@context":"https:\/\/schema.org","@graph":[{"@type":"WebPage","@id":"https:\/\/physiotherapy.ca\/fr\/jeffrey-begg\/","url":"https:\/\/physiotherapy.ca\/fr\/jeffrey-begg\/","name":"Jeffrey Begg - Canadian Physiotherapy Association","isPartOf":{"@id":"https:\/\/physiotherapy.ca\/#website"},"primaryImageOfPage":{"@id":"https:\/\/physiotherapy.ca\/fr\/jeffrey-begg\/#primaryimage"},"image":{"@id":"https:\/\/physiotherapy.ca\/fr\/jeffrey-begg\/#primaryimage"},"thumbnailUrl":"https:\/\/physiotherapy.ca\/app\/uploads\/2022\/08\/jeffreybegg.jpg","datePublished":"2022-08-08T19:21:35+00:00","dateModified":"2022-08-08T19:21:36+00:00","breadcrumb":{"@id":"https:\/\/physiotherapy.ca\/fr\/jeffrey-begg\/#breadcrumb"},"inLanguage":"fr-FR","potentialAction":[{"@type":"ReadAction","target":["https:\/\/physiotherapy.ca\/fr\/jeffrey-begg\/"]}]},{"@type":"ImageObject","inLanguage":"fr-FR","@id":"https:\/\/physiotherapy.ca\/fr\/jeffrey-begg\/#primaryimage","url":"https:\/\/physiotherapy.ca\/app\/uploads\/2022\/08\/jeffreybegg.jpg","contentUrl":"https:\/\/physiotherapy.ca\/app\/uploads\/2022\/08\/jeffreybegg.jpg"},{"@type":"BreadcrumbList","@id":"https:\/\/physiotherapy.ca\/fr\/jeffrey-begg\/#breadcrumb","itemListElement":[{"@type":"ListItem","position":1,"name":"Home","item":"https:\/\/physiotherapy.ca\/fr\/"},{"@type":"ListItem","position":2,"name":"Jeffrey Begg"}]},{"@type":"WebSite","@id":"https:\/\/physiotherapy.ca\/#website","url":"https:\/\/physiotherapy.ca\/","name":"Canadian Physiotherapy Association","description":"The Canadian Physiotherapy Association (CPA) represents over 16,000 physiotherapy professionals and students across Canada.","potentialAction":[{"@type":"SearchAction","target":{"@type":"EntryPoint","urlTemplate":"https:\/\/physiotherapy.ca\/?s={search_term_string}"},"query-input":{"@type":"PropertyValueSpecification","valueRequired":true,"valueName":"search_term_string"}}],"inLanguage":"fr-FR"}]}},"_links":{"self":[{"href":"https:\/\/physiotherapy.ca\/fr\/wp-json\/wp\/v2\/pages\/6300","targetHints":{"allow":["GET"]}}],"collection":[{"href":"https:\/\/physiotherapy.ca\/fr\/wp-json\/wp\/v2\/pages"}],"about":[{"href":"https:\/\/physiotherapy.ca\/fr\/wp-json\/wp\/v2\/types\/page"}],"author":[{"embeddable":true,"href":"https:\/\/physiotherapy.ca\/fr\/wp-json\/wp\/v2\/users\/1"}],"replies":[{"embeddable":true,"href":"https:\/\/physiotherapy.ca\/fr\/wp-json\/wp\/v2\/comments?post=6300"}],"version-history":[{"count":2,"href":"https:\/\/physiotherapy.ca\/fr\/wp-json\/wp\/v2\/pages\/6300\/revisions"}],"predecessor-version":[{"id":6302,"href":"https:\/\/physiotherapy.ca\/fr\/wp-json\/wp\/v2\/pages\/6300\/revisions\/6302"}],"wp:attachment":[{"href":"https:\/\/physiotherapy.ca\/fr\/wp-json\/wp\/v2\/media?parent=6300"}],"wp:term":[{"taxonomy":"topic","embeddable":true,"href":"https:\/\/physiotherapy.ca\/fr\/wp-json\/wp\/v2\/topic?post=6300"}],"curies":[{"name":"wp","href":"https:\/\/api.w.org\/{rel}","templated":true}]}}