{"id":6305,"date":"2022-08-08T15:24:45","date_gmt":"2022-08-08T19:24:45","guid":{"rendered":"https:\/\/physiotherapy.ca\/?page_id=6305"},"modified":"2022-08-08T15:24:47","modified_gmt":"2022-08-08T19:24:47","slug":"maureen-dwight","status":"publish","type":"page","link":"https:\/\/physiotherapy.ca\/fr\/maureen-dwight\/","title":{"rendered":"Maureen Dwight"},"content":{"rendered":"\n<div class=\"wp-block-media-text is-stacked-on-mobile is-vertically-aligned-top\" style=\"grid-template-columns:43% auto\"><figure class=\"wp-block-media-text__media\"><img loading=\"lazy\" decoding=\"async\" width=\"1024\" height=\"576\" src=\"https:\/\/physiotherapy.ca\/app\/uploads\/2022\/08\/maureen_dwight_photo_opa-1024x576.jpg\" alt=\"\" class=\"wp-image-5873 size-full\" srcset=\"https:\/\/physiotherapy.ca\/app\/uploads\/2022\/08\/maureen_dwight_photo_opa-1024x576.jpg 1024w, https:\/\/physiotherapy.ca\/app\/uploads\/2022\/08\/maureen_dwight_photo_opa-600x338.jpg 600w, https:\/\/physiotherapy.ca\/app\/uploads\/2022\/08\/maureen_dwight_photo_opa-300x169.jpg 300w, https:\/\/physiotherapy.ca\/app\/uploads\/2022\/08\/maureen_dwight_photo_opa-768x432.jpg 768w, https:\/\/physiotherapy.ca\/app\/uploads\/2022\/08\/maureen_dwight_photo_opa-1536x864.jpg 1536w, https:\/\/physiotherapy.ca\/app\/uploads\/2022\/08\/maureen_dwight_photo_opa-356x200.jpg 356w, https:\/\/physiotherapy.ca\/app\/uploads\/2022\/08\/maureen_dwight_photo_opa.jpg 2048w\" sizes=\"auto, (max-width: 1024px) 100vw, 1024px\" \/><\/figure><div class=\"wp-block-media-text__content\">\n<p><strong>Domaine de sp\u00e9cialit\u00e9 clinique&nbsp;:&nbsp;<\/strong>Musculosquelettique<\/p>\n\n\n\n<p><strong>Nombre d\u2019ann\u00e9es de pratique dans ce domaine&nbsp;:&nbsp;<\/strong>35<\/p>\n\n\n\n<p><strong>Secteurs d\u2019int\u00e9r\u00eat professionnel<\/strong><\/p>\n\n\n\n<p>Soins \u00e0 la colonne vert\u00e9brale, notamment en ce qui touche les manifestations chroniques ou complexes de m\u00eame que les probl\u00e8mes li\u00e9s au d\u00e9veloppement, comme la scoliose; interrelations entre les douleurs au dos multifactorielles (rhumatologiques, neurologiques et orthop\u00e9diques).<\/p>\n<\/div><\/div>\n\n\n\n<div style=\"height:27px\" aria-hidden=\"true\" class=\"wp-block-spacer\"><\/div>\n\n\n\n<p><strong>Passe-temps&nbsp;:&nbsp;<\/strong>Tennis, photographie, \u00e9criture, cuisine<\/p>\n\n\n\n<p><strong>Que trouvez-vous le plus satisfaisant dans le programme de sp\u00e9cialit\u00e9?<\/strong><\/p>\n\n\n\n<p>Je trouve l\u2019Outil de r\u00e9flexion clinique particuli\u00e8rement int\u00e9ressant. En r\u00e9fl\u00e9chissant aux moments de ma carri\u00e8re o\u00f9 de nouvelles avenues se sont ouvertes et aux facteurs qui m\u2019ont pouss\u00e9e \u00e0 choisir une nouvelle direction, j\u2019ai r\u00e9alis\u00e9 que certains professionnels avaient eu plus d\u2019influence sur mon \u00e9volution que je ne le croyais. Cette r\u00e9flexion m\u2019a amen\u00e9e \u00e0 prendre contact avec ces personnes pour les remercier de leur g\u00e9n\u00e9rosit\u00e9. J\u2019ai trouv\u00e9 satisfaisant de communiquer avec elles et de reconna\u00eetre le r\u00f4le qu\u2019elles avaient jou\u00e9 dans ma carri\u00e8re. La pr\u00e9paration au processus d\u2019examen par les pairs a aussi repr\u00e9sent\u00e9 un d\u00e9fi; savoir que je serais interrog\u00e9e par des coll\u00e8gues au sommet de leur art m\u2019a pouss\u00e9e \u00e0 me pr\u00e9parer le mieux possible. J\u2019ai consacr\u00e9 du temps aux aspects qui me semblaient les plus faibles, dont le processus d\u2019\u00e9valuation de la recherche. Ce travail en profondeur m\u2019a aid\u00e9e \u00e0 continuer \u00e0 \u00e9voluer dans les ann\u00e9es qui ont suivi ma sp\u00e9cialisation.<\/p>\n\n\n\n<hr class=\"wp-block-separator is-style-wide\"\/>\n\n\n\n<blockquote class=\"wp-block-quote is-layout-flow wp-block-quote-is-layout-flow\"><p><em>Non seulement les gens veulent-ils vivre plus longtemps, mais ils veulent vivre mieux. La physioth\u00e9rapie joue un r\u00f4le essentiel \u00e0 cet \u00e9gard, et je m\u2019attends \u00e0 ce que nous contribuions \u00e0 combler ces besoins dans des domaines comme le traitement du cancer, la sant\u00e9 du vieillissement et la pr\u00e9vention.<\/em><\/p><\/blockquote>\n\n\n\n<hr class=\"wp-block-separator is-style-wide\"\/>\n\n\n\n<p><strong>Pourquoi avez-vous particip\u00e9 au programme?<\/strong><\/p>\n\n\n\n<p>J\u2019ai toujours cru que les physioth\u00e9rapeutes devaient se sp\u00e9cialiser. Je pratique depuis plus de 30&nbsp;ans, et j\u2019ai vu des physioth\u00e9rapeutes travailler fort pour acqu\u00e9rir une expertise exceptionnelle et obtenir des titres, mais le public et les professionnels d\u2019autres domaines sont tr\u00e8s peu conscients de ces efforts. Tout au long de ma carri\u00e8re, on a parl\u00e9 de d\u00e9velopper des sp\u00e9cialit\u00e9s; le moment est enfin venu, et je voulais en faire partie.<\/p>\n\n\n\n<p><strong>O\u00f9 esp\u00e9rez-vous voir la profession dans 25&nbsp;ans?<\/strong><\/p>\n\n\n\n<p>Je crois que notre profession \u00e9volue et que la sp\u00e9cialisation fait partie de cette \u00e9volution. Elle nous aide \u00e0 affirmer notre confiance en nous en tant que professionnels et \u00e0 susciter la confiance chez le public et les autres professionnels quant \u00e0 notre r\u00f4le dans le syst\u00e8me de sant\u00e9.<\/p>\n\n\n\n<p>Si nous saisissons cette occasion, je crois que l\u2019importance et la valeur de la physioth\u00e9rapie dans les soins de sant\u00e9 s\u2019accro\u00eetront au cours des prochaines d\u00e9cennies. Les attentes ont profond\u00e9ment chang\u00e9 en ce qui touche la qualit\u00e9 de vie des personnes \u00e2g\u00e9es, malades ou handicap\u00e9es. Non seulement les gens veulent-ils vivre plus longtemps, mais ils veulent vivre mieux. La physioth\u00e9rapie joue un r\u00f4le essentiel \u00e0 cet \u00e9gard, et je m\u2019attends \u00e0 ce que nous contribuions \u00e0 combler ces besoins dans des domaines comme le traitement du cancer, la sant\u00e9 du vieillissement et la pr\u00e9vention.<\/p>\n\n\n\n<p><strong>Selon vous, quel impact aura la sp\u00e9cialisation dans votre domaine?<\/strong><\/p>\n\n\n\n<p>Je pense que cela aidera le public et nos coll\u00e8gues \u00e0 prendre conscience que la physioth\u00e9rapie propose d\u2019autres solutions lorsqu\u2019un client rencontre des obstacles dans son r\u00e9tablissement. J\u2019ai particip\u00e9 \u00e0 plusieurs \u00e9quipes d\u2019\u00e9valuation, et j\u2019ai \u00e9t\u00e9 frapp\u00e9e par la fa\u00e7on dont les candidats contribuaient au r\u00e9tablissement de leurs clients. Dans leur pratique clinique, ils ont montr\u00e9 qu\u2019ils \u00e9taient capables de traiter des cas tr\u00e8s complexes aussi bien que de bonifier le processus de r\u00e9tablissement dans des cas o\u00f9 il semblait s\u2019agir au d\u00e9but d\u2019une simple blessure.<\/p>\n\n\n\n<p><strong>Quelle est la valeur du programme de sp\u00e9cialit\u00e9 pour les candidats?<\/strong><\/p>\n\n\n\n<p>Pour moi, il s\u2019agit d\u2019un moment de r\u00e9flexion et de consolidation. Selon l\u2019\u00e9tape o\u00f9 on en est dans sa carri\u00e8re, le programme peut \u00e9galement aider \u00e0 orienter la suite de l\u2019\u00e9volution.<\/p>\n\n\n\n<p>Je donne aussi mon appui \u00e0 ce titre parce que je le vois comme une chance pour les physioth\u00e9rapeutes d\u2019aider \u00e0 promouvoir la croissance de la profession. Une fois que nous aurons obtenu le droit de nous d\u00e9signer comme sp\u00e9cialistes dans toutes les provinces, ce titre montrera au public et aux autres professionnels le niveau d\u2019excellence que beaucoup d\u2019entre nous ont travaill\u00e9 si fort \u00e0 atteindre.<\/p>\n\n\n\n<p><strong>Avez-vous fait appel \u00e0 votre r\u00e9seau de sp\u00e9cialistes, et comment?<\/strong><\/p>\n\n\n\n<p>J\u2019ai communiqu\u00e9 avec les membres de mon r\u00e9seau de sp\u00e9cialistes pour m\u2019aider \u00e0 r\u00e9soudre certains de mes cas les plus complexes. Mes clients ont des pr\u00e9occupations de tous ordres, et le fait de pouvoir communiquer avec des sp\u00e9cialistes cliniques d\u2019autres secteurs, comme l\u2019oncologie ou la neurologie, me permet de profiter de leur vaste exp\u00e9rience. Cela m\u2019a \u00e9galement aid\u00e9e \u00e0 \u00e9tablir des liens avec diff\u00e9rentes pratiques orthop\u00e9diques au Canada et \u00e0 maximiser mon r\u00f4le dans les soins aux clients.<\/p>\n\n\n\n<p><strong>Quels facteurs importants faut-il prendre en compte lorsqu\u2019on souhaite faire une sp\u00e9cialit\u00e9 clinique?<\/strong><\/p>\n\n\n\n<p>Je pense qu\u2019il est vraiment important de reconna\u00eetre qu\u2019il n\u2019existe pas un seul chemin pour en arriver \u00e0 une sp\u00e9cialit\u00e9. L\u2019un des principaux \u00e9l\u00e9ments de l\u2019obtention du titre de sp\u00e9cialiste, c\u2019est de faire la d\u00e9monstration d\u2019un processus de r\u00e9flexion coh\u00e9rent qui relie tous les \u00e9l\u00e9ments cliniques. Ce ne sont pas seulement les connaissances ou les r\u00e9alisations qui comptent, mais aussi la fa\u00e7on dont on les applique.<\/p>\n\n\n\n<p>Quelles comp\u00e9tences avez-vous acquises ou am\u00e9lior\u00e9es pendant le processus de sp\u00e9cialisation?<\/p>\n\n\n\n<p>Mon cheminement vers la sp\u00e9cialisation a \u00e9t\u00e9 sinueux, mais il m\u2019a permis de comprendre dans quelle direction je voulais aller et comment je pouvais aider d\u2019autres professionnels \u00e0 trouver leur propre voie.<\/p>\n\n\n\n<p>Quel conseil donneriez-vous aux candidats qui s\u2019engagent dans le processus de sp\u00e9cialisation?<\/p>\n\n\n\n<p>Il est important de se pencher sur les aspects \u00e9valu\u00e9s et de passer en revue ses comp\u00e9tences dans chacun de ces secteurs, mais sans se laisser intimider par les exigences. \u00c9tudiez soigneusement le processus, car le titre reconna\u00eet de nombreux \u00e9l\u00e9ments diff\u00e9rents, et chaque personne est forte dans certains domaines plus que dans d\u2019autres.<\/p>\n\n\n\n<p><strong>Quel impact a le titre de sp\u00e9cialiste sur vous et votre carri\u00e8re?<\/strong><\/p>\n\n\n\n<p>Le titre de sp\u00e9cialiste est un motif de fiert\u00e9. Il t\u00e9moigne de la passion que j\u2019ai toujours eue pour le perfectionnement professionnel. Il fait aussi passer le respect et la cr\u00e9dibilit\u00e9 \u00e0 un niveau sup\u00e9rieur pour une partie de mon travail, aussi bien en clinique que dans mes domaines d\u2019expertise.<\/p>\n\n\n\n<p><strong>Formation<\/strong><\/p>\n\n\n\n<p>Baccalaur\u00e9at \u00e8s sciences (physioth\u00e9rapie) avec distinction, 1980, Universit\u00e9 de l\u2019Alberta<\/p>\n\n\n\n<p><strong>Travaux et distinctions<\/strong><\/p>\n\n\n\n<ul class=\"wp-block-list\"><li>Propri\u00e9taire et directrice clinique de la Orthopaedic Therapy Clinic depuis 28\u00a0ans. Pratique priv\u00e9e en orthop\u00e9die<\/li><li>T\u00e9moin expert reconnue par la Cour sup\u00e9rieure de justice de l\u2019Ontario et l\u2019Ordre des physioth\u00e9rapeutes de l\u2019Ontario<\/li><li>Charg\u00e9e de cours auxiliaire \u00e0 l\u2019Universit\u00e9 de Toronto, D\u00e9partement de physioth\u00e9rapie<\/li><li>Pr\u00e9sidente d\u00e9sign\u00e9e du comit\u00e9 des prix de l\u2019ACP<\/li><li>Cofondatrice du r\u00e9seau Spine Therapy Network<\/li><li>Reconnue depuis plus de 10\u00a0ans comme formatrice influente en physioth\u00e9rapie par l\u2019Institut de recherche sur le travail et la sant\u00e9\u200b<\/li><\/ul>\n","protected":false},"excerpt":{"rendered":"<p>Domaine de sp\u00e9cialit\u00e9 clinique&nbsp;:&nbsp;Musculosquelettique Nombre d\u2019ann\u00e9es de pratique dans ce domaine&nbsp;:&nbsp;35 Secteurs d\u2019int\u00e9r\u00eat professionnel Soins \u00e0 la colonne vert\u00e9brale, notamment en ce qui touche les manifestations chroniques ou complexes de m\u00eame que les probl\u00e8mes li\u00e9s au d\u00e9veloppement, comme la scoliose; [&hellip;]<\/p>\n","protected":false},"author":1,"featured_media":0,"parent":0,"menu_order":0,"comment_status":"closed","ping_status":"closed","template":"","meta":{"inline_featured_image":false,"ep_exclude_from_search":false,"footnotes":""},"topic":[],"class_list":["post-6305","page","type-page","status-publish","hentry"],"acf":[],"yoast_head":"<!-- This site is optimized with the Yoast SEO plugin v24.7 - https:\/\/yoast.com\/wordpress\/plugins\/seo\/ -->\n<title>Maureen Dwight - Canadian Physiotherapy Association<\/title>\n<meta name=\"robots\" content=\"index, follow, max-snippet:-1, max-image-preview:large, max-video-preview:-1\" \/>\n<link rel=\"canonical\" href=\"https:\/\/physiotherapy.ca\/fr\/maureen-dwight\/\" \/>\n<meta property=\"og:locale\" content=\"fr_FR\" \/>\n<meta property=\"og:type\" content=\"article\" \/>\n<meta property=\"og:title\" content=\"Maureen Dwight - Canadian Physiotherapy Association\" \/>\n<meta property=\"og:description\" content=\"Domaine de sp\u00e9cialit\u00e9 clinique&nbsp;:&nbsp;Musculosquelettique Nombre d\u2019ann\u00e9es de pratique dans ce domaine&nbsp;:&nbsp;35 Secteurs d\u2019int\u00e9r\u00eat professionnel Soins \u00e0 la colonne vert\u00e9brale, notamment en ce qui touche les manifestations chroniques ou complexes de m\u00eame que les probl\u00e8mes li\u00e9s au d\u00e9veloppement, comme la scoliose; [&hellip;]\" \/>\n<meta property=\"og:url\" content=\"https:\/\/physiotherapy.ca\/fr\/maureen-dwight\/\" \/>\n<meta property=\"og:site_name\" content=\"Canadian Physiotherapy Association\" \/>\n<meta property=\"article:modified_time\" content=\"2022-08-08T19:24:47+00:00\" \/>\n<meta property=\"og:image\" content=\"https:\/\/physiotherapy.ca\/app\/uploads\/2022\/08\/maureen_dwight_photo_opa-1024x576.jpg\" \/>\n<meta name=\"twitter:card\" content=\"summary_large_image\" \/>\n<meta name=\"twitter:label1\" content=\"Est. reading time\" \/>\n\t<meta name=\"twitter:data1\" content=\"6 minutes\" \/>\n<script type=\"application\/ld+json\" class=\"yoast-schema-graph\">{\"@context\":\"https:\/\/schema.org\",\"@graph\":[{\"@type\":\"WebPage\",\"@id\":\"https:\/\/physiotherapy.ca\/fr\/maureen-dwight\/\",\"url\":\"https:\/\/physiotherapy.ca\/fr\/maureen-dwight\/\",\"name\":\"Maureen Dwight - Canadian Physiotherapy Association\",\"isPartOf\":{\"@id\":\"https:\/\/physiotherapy.ca\/#website\"},\"primaryImageOfPage\":{\"@id\":\"https:\/\/physiotherapy.ca\/fr\/maureen-dwight\/#primaryimage\"},\"image\":{\"@id\":\"https:\/\/physiotherapy.ca\/fr\/maureen-dwight\/#primaryimage\"},\"thumbnailUrl\":\"https:\/\/physiotherapy.ca\/app\/uploads\/2022\/08\/maureen_dwight_photo_opa-1024x576.jpg\",\"datePublished\":\"2022-08-08T19:24:45+00:00\",\"dateModified\":\"2022-08-08T19:24:47+00:00\",\"breadcrumb\":{\"@id\":\"https:\/\/physiotherapy.ca\/fr\/maureen-dwight\/#breadcrumb\"},\"inLanguage\":\"fr-FR\",\"potentialAction\":[{\"@type\":\"ReadAction\",\"target\":[\"https:\/\/physiotherapy.ca\/fr\/maureen-dwight\/\"]}]},{\"@type\":\"ImageObject\",\"inLanguage\":\"fr-FR\",\"@id\":\"https:\/\/physiotherapy.ca\/fr\/maureen-dwight\/#primaryimage\",\"url\":\"https:\/\/physiotherapy.ca\/app\/uploads\/2022\/08\/maureen_dwight_photo_opa-1024x576.jpg\",\"contentUrl\":\"https:\/\/physiotherapy.ca\/app\/uploads\/2022\/08\/maureen_dwight_photo_opa-1024x576.jpg\"},{\"@type\":\"BreadcrumbList\",\"@id\":\"https:\/\/physiotherapy.ca\/fr\/maureen-dwight\/#breadcrumb\",\"itemListElement\":[{\"@type\":\"ListItem\",\"position\":1,\"name\":\"Home\",\"item\":\"https:\/\/physiotherapy.ca\/fr\/\"},{\"@type\":\"ListItem\",\"position\":2,\"name\":\"Maureen Dwight\"}]},{\"@type\":\"WebSite\",\"@id\":\"https:\/\/physiotherapy.ca\/#website\",\"url\":\"https:\/\/physiotherapy.ca\/\",\"name\":\"Canadian Physiotherapy Association\",\"description\":\"The Canadian Physiotherapy Association (CPA) represents over 16,000 physiotherapy professionals and students across Canada.\",\"potentialAction\":[{\"@type\":\"SearchAction\",\"target\":{\"@type\":\"EntryPoint\",\"urlTemplate\":\"https:\/\/physiotherapy.ca\/?s={search_term_string}\"},\"query-input\":{\"@type\":\"PropertyValueSpecification\",\"valueRequired\":true,\"valueName\":\"search_term_string\"}}],\"inLanguage\":\"fr-FR\"}]}<\/script>\n<!-- \/ Yoast SEO plugin. -->","yoast_head_json":{"title":"Maureen Dwight - Canadian Physiotherapy Association","robots":{"index":"index","follow":"follow","max-snippet":"max-snippet:-1","max-image-preview":"max-image-preview:large","max-video-preview":"max-video-preview:-1"},"canonical":"https:\/\/physiotherapy.ca\/fr\/maureen-dwight\/","og_locale":"fr_FR","og_type":"article","og_title":"Maureen Dwight - Canadian Physiotherapy Association","og_description":"Domaine de sp\u00e9cialit\u00e9 clinique&nbsp;:&nbsp;Musculosquelettique Nombre d\u2019ann\u00e9es de pratique dans ce domaine&nbsp;:&nbsp;35 Secteurs d\u2019int\u00e9r\u00eat professionnel Soins \u00e0 la colonne vert\u00e9brale, notamment en ce qui touche les manifestations chroniques ou complexes de m\u00eame que les probl\u00e8mes li\u00e9s au d\u00e9veloppement, comme la scoliose; [&hellip;]","og_url":"https:\/\/physiotherapy.ca\/fr\/maureen-dwight\/","og_site_name":"Canadian Physiotherapy Association","article_modified_time":"2022-08-08T19:24:47+00:00","og_image":[{"url":"https:\/\/physiotherapy.ca\/app\/uploads\/2022\/08\/maureen_dwight_photo_opa-1024x576.jpg","type":"","width":"","height":""}],"twitter_card":"summary_large_image","twitter_misc":{"Est. reading time":"6 minutes"},"schema":{"@context":"https:\/\/schema.org","@graph":[{"@type":"WebPage","@id":"https:\/\/physiotherapy.ca\/fr\/maureen-dwight\/","url":"https:\/\/physiotherapy.ca\/fr\/maureen-dwight\/","name":"Maureen Dwight - Canadian Physiotherapy Association","isPartOf":{"@id":"https:\/\/physiotherapy.ca\/#website"},"primaryImageOfPage":{"@id":"https:\/\/physiotherapy.ca\/fr\/maureen-dwight\/#primaryimage"},"image":{"@id":"https:\/\/physiotherapy.ca\/fr\/maureen-dwight\/#primaryimage"},"thumbnailUrl":"https:\/\/physiotherapy.ca\/app\/uploads\/2022\/08\/maureen_dwight_photo_opa-1024x576.jpg","datePublished":"2022-08-08T19:24:45+00:00","dateModified":"2022-08-08T19:24:47+00:00","breadcrumb":{"@id":"https:\/\/physiotherapy.ca\/fr\/maureen-dwight\/#breadcrumb"},"inLanguage":"fr-FR","potentialAction":[{"@type":"ReadAction","target":["https:\/\/physiotherapy.ca\/fr\/maureen-dwight\/"]}]},{"@type":"ImageObject","inLanguage":"fr-FR","@id":"https:\/\/physiotherapy.ca\/fr\/maureen-dwight\/#primaryimage","url":"https:\/\/physiotherapy.ca\/app\/uploads\/2022\/08\/maureen_dwight_photo_opa-1024x576.jpg","contentUrl":"https:\/\/physiotherapy.ca\/app\/uploads\/2022\/08\/maureen_dwight_photo_opa-1024x576.jpg"},{"@type":"BreadcrumbList","@id":"https:\/\/physiotherapy.ca\/fr\/maureen-dwight\/#breadcrumb","itemListElement":[{"@type":"ListItem","position":1,"name":"Home","item":"https:\/\/physiotherapy.ca\/fr\/"},{"@type":"ListItem","position":2,"name":"Maureen Dwight"}]},{"@type":"WebSite","@id":"https:\/\/physiotherapy.ca\/#website","url":"https:\/\/physiotherapy.ca\/","name":"Canadian Physiotherapy Association","description":"The Canadian Physiotherapy Association (CPA) represents over 16,000 physiotherapy professionals and students across Canada.","potentialAction":[{"@type":"SearchAction","target":{"@type":"EntryPoint","urlTemplate":"https:\/\/physiotherapy.ca\/?s={search_term_string}"},"query-input":{"@type":"PropertyValueSpecification","valueRequired":true,"valueName":"search_term_string"}}],"inLanguage":"fr-FR"}]}},"_links":{"self":[{"href":"https:\/\/physiotherapy.ca\/fr\/wp-json\/wp\/v2\/pages\/6305","targetHints":{"allow":["GET"]}}],"collection":[{"href":"https:\/\/physiotherapy.ca\/fr\/wp-json\/wp\/v2\/pages"}],"about":[{"href":"https:\/\/physiotherapy.ca\/fr\/wp-json\/wp\/v2\/types\/page"}],"author":[{"embeddable":true,"href":"https:\/\/physiotherapy.ca\/fr\/wp-json\/wp\/v2\/users\/1"}],"replies":[{"embeddable":true,"href":"https:\/\/physiotherapy.ca\/fr\/wp-json\/wp\/v2\/comments?post=6305"}],"version-history":[{"count":2,"href":"https:\/\/physiotherapy.ca\/fr\/wp-json\/wp\/v2\/pages\/6305\/revisions"}],"predecessor-version":[{"id":6308,"href":"https:\/\/physiotherapy.ca\/fr\/wp-json\/wp\/v2\/pages\/6305\/revisions\/6308"}],"wp:attachment":[{"href":"https:\/\/physiotherapy.ca\/fr\/wp-json\/wp\/v2\/media?parent=6305"}],"wp:term":[{"taxonomy":"topic","embeddable":true,"href":"https:\/\/physiotherapy.ca\/fr\/wp-json\/wp\/v2\/topic?post=6305"}],"curies":[{"name":"wp","href":"https:\/\/api.w.org\/{rel}","templated":true}]}}