{"id":6310,"date":"2022-08-08T15:26:53","date_gmt":"2022-08-08T19:26:53","guid":{"rendered":"https:\/\/physiotherapy.ca\/?page_id=6310"},"modified":"2022-08-08T15:26:55","modified_gmt":"2022-08-08T19:26:55","slug":"patricia-fonstad","status":"publish","type":"page","link":"https:\/\/physiotherapy.ca\/fr\/patricia-fonstad\/","title":{"rendered":"Patricia Fonstad"},"content":{"rendered":"\n<div class=\"wp-block-media-text is-stacked-on-mobile is-vertically-aligned-top\" style=\"grid-template-columns:30% auto\"><figure class=\"wp-block-media-text__media\"><img loading=\"lazy\" decoding=\"async\" width=\"895\" height=\"1024\" src=\"https:\/\/physiotherapy.ca\/app\/uploads\/2022\/08\/pf_gs_wedding-_copy-895x1024.jpg\" alt=\"\" class=\"wp-image-5880 size-full\" srcset=\"https:\/\/physiotherapy.ca\/app\/uploads\/2022\/08\/pf_gs_wedding-_copy-895x1024.jpg 895w, https:\/\/physiotherapy.ca\/app\/uploads\/2022\/08\/pf_gs_wedding-_copy-600x687.jpg 600w, https:\/\/physiotherapy.ca\/app\/uploads\/2022\/08\/pf_gs_wedding-_copy-262x300.jpg 262w, https:\/\/physiotherapy.ca\/app\/uploads\/2022\/08\/pf_gs_wedding-_copy-768x879.jpg 768w, https:\/\/physiotherapy.ca\/app\/uploads\/2022\/08\/pf_gs_wedding-_copy-175x200.jpg 175w, https:\/\/physiotherapy.ca\/app\/uploads\/2022\/08\/pf_gs_wedding-_copy.jpg 1338w\" sizes=\"auto, (max-width: 895px) 100vw, 895px\" \/><\/figure><div class=\"wp-block-media-text__content\">\n<p><strong>Domaine de sp\u00e9cialit\u00e9 clinique:&nbsp;<\/strong>Musculosquelettique<\/p>\n\n\n\n<p><strong>Ann\u00e9e d\u2019obtention du dipl\u00f4me:&nbsp;<\/strong>1973<\/p>\n\n\n\n<p><strong>Secteurs d\u2019int\u00e9r\u00eat professionnel:&nbsp;<\/strong>Douleurs chroniques complexes, particuli\u00e8rement d\u2019origine vert\u00e9brale. De nombreux clients ont des hypermobilit\u00e9s qui sont trait\u00e9es par proloth\u00e9rapie. J\u2019utilise cette technique depuis plus de 28&nbsp;ans et je l\u2019ai \u00e9tudi\u00e9e dans le cadre de mon doctorat en sciences. R\u00e9cemment, je voudrais en savoir plus sur le r\u00f4le de l&#8217;aspect psychosocial de la douleur chronique, car il est clair pour moi que dans de nombreux cas de douleurs chroniques complexes, traiter seulement l\u2019organe touch\u00e9 n\u2019est pas suffisant et qu\u2019il nous faut \u00e9tudier le r\u00f4le du cerveau et la r\u00e9organisation corticale.<\/p>\n<\/div><\/div>\n\n\n\n<div style=\"height:27px\" aria-hidden=\"true\" class=\"wp-block-spacer\"><\/div>\n\n\n\n<p><strong>Pourquoi avez-vous cherch\u00e9 \u00e0 obtenir le titre?<\/strong><\/p>\n\n\n\n<p>J\u2019ai voulu obtenir le titre parce qu\u2019il repr\u00e9sente pour moi une \u00e9tape importante dans l\u2019\u00e9volution de la profession et que je voulais me trouver \u00e0 l\u2019avant-garde de ce mouvement. Nombre de physioth\u00e9rapeutes contribuent \u00e9norm\u00e9ment \u00e0 \u00e9lever le niveau des soins et de la profession dans son ensemble. Ces experts devraient pouvoir faire reconna\u00eetre leur travail et leur contribution.<\/p>\n\n\n\n<p><strong>Quels \u00e9l\u00e9ments du programme de sp\u00e9cialit\u00e9 clinique de l\u2019ACP ont \u00e9t\u00e9 les plus pr\u00e9cieux pour vous?<\/strong><\/p>\n\n\n\n<p>Les r\u00e9flexions cliniques; j\u2019ai trouv\u00e9 int\u00e9ressant de revenir sur ma carri\u00e8re et de r\u00e9fl\u00e9chir aux \u00e9v\u00e9nements qui l\u2019ont fa\u00e7onn\u00e9e, et qui m\u2019ont fa\u00e7onn\u00e9e moi-m\u00eame.<\/p>\n\n\n\n<hr class=\"wp-block-separator is-style-wide\"\/>\n\n\n\n<blockquote class=\"wp-block-quote is-layout-flow wp-block-quote-is-layout-flow\"><p><em>Nombre de physioth\u00e9rapeutes contribuent \u00e9norm\u00e9ment \u00e0 \u00e9lever le niveau des soins et de la profession dans son ensemble. Ces experts devraient pouvoir faire reconna\u00eetre leur travail et leur contribution.<\/em><\/p><\/blockquote>\n\n\n\n<hr class=\"wp-block-separator is-style-wide\"\/>\n\n\n\n<p><strong>O\u00f9 en sera la profession dans 25&nbsp;ans?&nbsp;&nbsp;&nbsp;&nbsp;&nbsp;&nbsp;&nbsp;&nbsp;&nbsp;&nbsp;&nbsp;&nbsp;&nbsp;&nbsp;&nbsp;&nbsp;&nbsp;&nbsp;&nbsp;&nbsp;&nbsp;&nbsp;&nbsp;&nbsp;&nbsp;&nbsp;&nbsp;&nbsp;&nbsp;&nbsp;&nbsp;&nbsp;&nbsp;&nbsp;&nbsp;&nbsp;&nbsp;&nbsp;&nbsp;&nbsp;&nbsp;&nbsp;&nbsp;&nbsp;&nbsp;&nbsp;&nbsp;&nbsp;&nbsp;&nbsp;&nbsp;&nbsp;&nbsp;&nbsp;&nbsp;<\/strong><\/p>\n\n\n\n<p>Dans 25&nbsp;ans, j\u2019aurai pris ma retraite depuis longtemps, mais je pense que notre r\u00f4le comme fournisseurs de soins de premi\u00e8re ligne se sera \u00e9largi. La pratique \u00e9largie aura \u00e9volu\u00e9; si on se fie \u00e0 la croissance des 25&nbsp;derni\u00e8res ann\u00e9es, la profession ira plus loin, plus vite.<\/p>\n\n\n\n<p><strong>Quel est le meilleur conseil que vous ayez re\u00e7u?<\/strong><\/p>\n\n\n\n<p>Fais de ton mieux et n\u2019accepte jamais la m\u00e9diocrit\u00e9. Je transmets ce mantra aux \u00e9tudiants et aux nouveaux dipl\u00f4m\u00e9s en physioth\u00e9rapie.<\/p>\n\n\n\n<h3 class=\"wp-block-heading\"><strong>Biographie<\/strong><\/h3>\n\n\n\n<p>Pat Fonstad est member de l&#8221;ACP et fellow de la Canadian Academy of Manipulative Physiotherapy. Elle d\u00e9tient des certifications en acupuncture m\u00e9dicale, en stimulation instramusculaire en physioth\u00e9rapie sprotive et en capnographie.&nbsp;Elle d\u00e9tient un baccalaur\u00e9at en physioth\u00e9rapie de l\u2019Universit\u00e9 du Manitoba et un doctorat \u00e8s sciences en physioth\u00e9rapie de l\u2019Universit\u00e9 Andrews (avec distinction). Elle est sp\u00e9cialiste clinique en physioth\u00e9rapie musculosquelettique et \u00e9valuatrice pour le programme de sp\u00e9cialit\u00e9 clinique de l\u2019ACP. Elle enseigne au programme de doctorat en sciences de l\u2019Universit\u00e9 Andrews. Elle a particip\u00e9 \u00e0 l\u2019\u00e9laboration du cours d\u2019imagerie diagnostique de l\u2019Universit\u00e9 de l\u2019Alberta et a \u00e9t\u00e9 une des premi\u00e8res&nbsp;formatrices. Ce cours est requis pour que les physioth\u00e9rapeutes puissent demander des tests d\u2019imagerie diagnostique en Alberta. Elle est formatrice pour le programme post-professionnel de th\u00e9rapie manuelle orthop\u00e9dique de l\u2019Universit\u00e9 McMaster. Depuis l\u2019obtention de son dipl\u00f4me, elle a travaill\u00e9 dans de nombreux milieux publics et priv\u00e9s. Elle a aussi travaill\u00e9 pour de nombreux \u00e9v\u00e9nements sportifs internationaux, nationaux et locaux. Elle exerce pr\u00e9sentement en pratique priv\u00e9e et traite des probl\u00e8mes de douleur chronique complexes et continue de donner des cours en ligne.<\/p>\n\n\n\n<p>Dans ses temps libres, elle aime lire, voyager, faire du ski alpin, de la randonn\u00e9e et du v\u00e9lo.<\/p>\n","protected":false},"excerpt":{"rendered":"<p>Domaine de sp\u00e9cialit\u00e9 clinique:&nbsp;Musculosquelettique Ann\u00e9e d\u2019obtention du dipl\u00f4me:&nbsp;1973 Secteurs d\u2019int\u00e9r\u00eat professionnel:&nbsp;Douleurs chroniques complexes, particuli\u00e8rement d\u2019origine vert\u00e9brale. De nombreux clients ont des hypermobilit\u00e9s qui sont trait\u00e9es par proloth\u00e9rapie. J\u2019utilise cette technique depuis plus de 28&nbsp;ans et je l\u2019ai \u00e9tudi\u00e9e dans le [&hellip;]<\/p>\n","protected":false},"author":1,"featured_media":0,"parent":0,"menu_order":0,"comment_status":"closed","ping_status":"closed","template":"","meta":{"inline_featured_image":false,"ep_exclude_from_search":false,"footnotes":""},"topic":[],"class_list":["post-6310","page","type-page","status-publish","hentry"],"acf":[],"yoast_head":"<!-- This site is optimized with the Yoast SEO plugin v24.7 - https:\/\/yoast.com\/wordpress\/plugins\/seo\/ -->\n<title>Patricia Fonstad - Canadian Physiotherapy Association<\/title>\n<meta name=\"robots\" content=\"index, follow, max-snippet:-1, max-image-preview:large, max-video-preview:-1\" \/>\n<link rel=\"canonical\" href=\"https:\/\/physiotherapy.ca\/fr\/patricia-fonstad\/\" \/>\n<meta property=\"og:locale\" content=\"fr_FR\" \/>\n<meta property=\"og:type\" content=\"article\" \/>\n<meta property=\"og:title\" content=\"Patricia Fonstad - Canadian Physiotherapy Association\" \/>\n<meta property=\"og:description\" content=\"Domaine de sp\u00e9cialit\u00e9 clinique:&nbsp;Musculosquelettique Ann\u00e9e d\u2019obtention du dipl\u00f4me:&nbsp;1973 Secteurs d\u2019int\u00e9r\u00eat professionnel:&nbsp;Douleurs chroniques complexes, particuli\u00e8rement d\u2019origine vert\u00e9brale. De nombreux clients ont des hypermobilit\u00e9s qui sont trait\u00e9es par proloth\u00e9rapie. J\u2019utilise cette technique depuis plus de 28&nbsp;ans et je l\u2019ai \u00e9tudi\u00e9e dans le [&hellip;]\" \/>\n<meta property=\"og:url\" content=\"https:\/\/physiotherapy.ca\/fr\/patricia-fonstad\/\" \/>\n<meta property=\"og:site_name\" content=\"Canadian Physiotherapy Association\" \/>\n<meta property=\"article:modified_time\" content=\"2022-08-08T19:26:55+00:00\" \/>\n<meta property=\"og:image\" content=\"https:\/\/physiotherapy.ca\/app\/uploads\/2022\/08\/pf_gs_wedding-_copy-895x1024.jpg\" \/>\n<meta name=\"twitter:card\" content=\"summary_large_image\" \/>\n<meta name=\"twitter:label1\" content=\"Est. reading time\" \/>\n\t<meta name=\"twitter:data1\" content=\"3 minutes\" \/>\n<script type=\"application\/ld+json\" class=\"yoast-schema-graph\">{\"@context\":\"https:\/\/schema.org\",\"@graph\":[{\"@type\":\"WebPage\",\"@id\":\"https:\/\/physiotherapy.ca\/fr\/patricia-fonstad\/\",\"url\":\"https:\/\/physiotherapy.ca\/fr\/patricia-fonstad\/\",\"name\":\"Patricia Fonstad - Canadian Physiotherapy Association\",\"isPartOf\":{\"@id\":\"https:\/\/physiotherapy.ca\/#website\"},\"primaryImageOfPage\":{\"@id\":\"https:\/\/physiotherapy.ca\/fr\/patricia-fonstad\/#primaryimage\"},\"image\":{\"@id\":\"https:\/\/physiotherapy.ca\/fr\/patricia-fonstad\/#primaryimage\"},\"thumbnailUrl\":\"https:\/\/physiotherapy.ca\/app\/uploads\/2022\/08\/pf_gs_wedding-_copy-895x1024.jpg\",\"datePublished\":\"2022-08-08T19:26:53+00:00\",\"dateModified\":\"2022-08-08T19:26:55+00:00\",\"breadcrumb\":{\"@id\":\"https:\/\/physiotherapy.ca\/fr\/patricia-fonstad\/#breadcrumb\"},\"inLanguage\":\"fr-FR\",\"potentialAction\":[{\"@type\":\"ReadAction\",\"target\":[\"https:\/\/physiotherapy.ca\/fr\/patricia-fonstad\/\"]}]},{\"@type\":\"ImageObject\",\"inLanguage\":\"fr-FR\",\"@id\":\"https:\/\/physiotherapy.ca\/fr\/patricia-fonstad\/#primaryimage\",\"url\":\"https:\/\/physiotherapy.ca\/app\/uploads\/2022\/08\/pf_gs_wedding-_copy-895x1024.jpg\",\"contentUrl\":\"https:\/\/physiotherapy.ca\/app\/uploads\/2022\/08\/pf_gs_wedding-_copy-895x1024.jpg\"},{\"@type\":\"BreadcrumbList\",\"@id\":\"https:\/\/physiotherapy.ca\/fr\/patricia-fonstad\/#breadcrumb\",\"itemListElement\":[{\"@type\":\"ListItem\",\"position\":1,\"name\":\"Home\",\"item\":\"https:\/\/physiotherapy.ca\/fr\/\"},{\"@type\":\"ListItem\",\"position\":2,\"name\":\"Patricia Fonstad\"}]},{\"@type\":\"WebSite\",\"@id\":\"https:\/\/physiotherapy.ca\/#website\",\"url\":\"https:\/\/physiotherapy.ca\/\",\"name\":\"Canadian Physiotherapy Association\",\"description\":\"The Canadian Physiotherapy Association (CPA) represents over 16,000 physiotherapy professionals and students across Canada.\",\"potentialAction\":[{\"@type\":\"SearchAction\",\"target\":{\"@type\":\"EntryPoint\",\"urlTemplate\":\"https:\/\/physiotherapy.ca\/?s={search_term_string}\"},\"query-input\":{\"@type\":\"PropertyValueSpecification\",\"valueRequired\":true,\"valueName\":\"search_term_string\"}}],\"inLanguage\":\"fr-FR\"}]}<\/script>\n<!-- \/ Yoast SEO plugin. -->","yoast_head_json":{"title":"Patricia Fonstad - Canadian Physiotherapy Association","robots":{"index":"index","follow":"follow","max-snippet":"max-snippet:-1","max-image-preview":"max-image-preview:large","max-video-preview":"max-video-preview:-1"},"canonical":"https:\/\/physiotherapy.ca\/fr\/patricia-fonstad\/","og_locale":"fr_FR","og_type":"article","og_title":"Patricia Fonstad - Canadian Physiotherapy Association","og_description":"Domaine de sp\u00e9cialit\u00e9 clinique:&nbsp;Musculosquelettique Ann\u00e9e d\u2019obtention du dipl\u00f4me:&nbsp;1973 Secteurs d\u2019int\u00e9r\u00eat professionnel:&nbsp;Douleurs chroniques complexes, particuli\u00e8rement d\u2019origine vert\u00e9brale. De nombreux clients ont des hypermobilit\u00e9s qui sont trait\u00e9es par proloth\u00e9rapie. J\u2019utilise cette technique depuis plus de 28&nbsp;ans et je l\u2019ai \u00e9tudi\u00e9e dans le [&hellip;]","og_url":"https:\/\/physiotherapy.ca\/fr\/patricia-fonstad\/","og_site_name":"Canadian Physiotherapy Association","article_modified_time":"2022-08-08T19:26:55+00:00","og_image":[{"url":"https:\/\/physiotherapy.ca\/app\/uploads\/2022\/08\/pf_gs_wedding-_copy-895x1024.jpg","type":"","width":"","height":""}],"twitter_card":"summary_large_image","twitter_misc":{"Est. reading time":"3 minutes"},"schema":{"@context":"https:\/\/schema.org","@graph":[{"@type":"WebPage","@id":"https:\/\/physiotherapy.ca\/fr\/patricia-fonstad\/","url":"https:\/\/physiotherapy.ca\/fr\/patricia-fonstad\/","name":"Patricia Fonstad - Canadian Physiotherapy Association","isPartOf":{"@id":"https:\/\/physiotherapy.ca\/#website"},"primaryImageOfPage":{"@id":"https:\/\/physiotherapy.ca\/fr\/patricia-fonstad\/#primaryimage"},"image":{"@id":"https:\/\/physiotherapy.ca\/fr\/patricia-fonstad\/#primaryimage"},"thumbnailUrl":"https:\/\/physiotherapy.ca\/app\/uploads\/2022\/08\/pf_gs_wedding-_copy-895x1024.jpg","datePublished":"2022-08-08T19:26:53+00:00","dateModified":"2022-08-08T19:26:55+00:00","breadcrumb":{"@id":"https:\/\/physiotherapy.ca\/fr\/patricia-fonstad\/#breadcrumb"},"inLanguage":"fr-FR","potentialAction":[{"@type":"ReadAction","target":["https:\/\/physiotherapy.ca\/fr\/patricia-fonstad\/"]}]},{"@type":"ImageObject","inLanguage":"fr-FR","@id":"https:\/\/physiotherapy.ca\/fr\/patricia-fonstad\/#primaryimage","url":"https:\/\/physiotherapy.ca\/app\/uploads\/2022\/08\/pf_gs_wedding-_copy-895x1024.jpg","contentUrl":"https:\/\/physiotherapy.ca\/app\/uploads\/2022\/08\/pf_gs_wedding-_copy-895x1024.jpg"},{"@type":"BreadcrumbList","@id":"https:\/\/physiotherapy.ca\/fr\/patricia-fonstad\/#breadcrumb","itemListElement":[{"@type":"ListItem","position":1,"name":"Home","item":"https:\/\/physiotherapy.ca\/fr\/"},{"@type":"ListItem","position":2,"name":"Patricia Fonstad"}]},{"@type":"WebSite","@id":"https:\/\/physiotherapy.ca\/#website","url":"https:\/\/physiotherapy.ca\/","name":"Canadian Physiotherapy Association","description":"The Canadian Physiotherapy Association (CPA) represents over 16,000 physiotherapy professionals and students across Canada.","potentialAction":[{"@type":"SearchAction","target":{"@type":"EntryPoint","urlTemplate":"https:\/\/physiotherapy.ca\/?s={search_term_string}"},"query-input":{"@type":"PropertyValueSpecification","valueRequired":true,"valueName":"search_term_string"}}],"inLanguage":"fr-FR"}]}},"_links":{"self":[{"href":"https:\/\/physiotherapy.ca\/fr\/wp-json\/wp\/v2\/pages\/6310","targetHints":{"allow":["GET"]}}],"collection":[{"href":"https:\/\/physiotherapy.ca\/fr\/wp-json\/wp\/v2\/pages"}],"about":[{"href":"https:\/\/physiotherapy.ca\/fr\/wp-json\/wp\/v2\/types\/page"}],"author":[{"embeddable":true,"href":"https:\/\/physiotherapy.ca\/fr\/wp-json\/wp\/v2\/users\/1"}],"replies":[{"embeddable":true,"href":"https:\/\/physiotherapy.ca\/fr\/wp-json\/wp\/v2\/comments?post=6310"}],"version-history":[{"count":3,"href":"https:\/\/physiotherapy.ca\/fr\/wp-json\/wp\/v2\/pages\/6310\/revisions"}],"predecessor-version":[{"id":6316,"href":"https:\/\/physiotherapy.ca\/fr\/wp-json\/wp\/v2\/pages\/6310\/revisions\/6316"}],"wp:attachment":[{"href":"https:\/\/physiotherapy.ca\/fr\/wp-json\/wp\/v2\/media?parent=6310"}],"wp:term":[{"taxonomy":"topic","embeddable":true,"href":"https:\/\/physiotherapy.ca\/fr\/wp-json\/wp\/v2\/topic?post=6310"}],"curies":[{"name":"wp","href":"https:\/\/api.w.org\/{rel}","templated":true}]}}