{"id":6318,"date":"2022-08-08T15:28:48","date_gmt":"2022-08-08T19:28:48","guid":{"rendered":"https:\/\/physiotherapy.ca\/?page_id=6318"},"modified":"2022-08-08T15:28:50","modified_gmt":"2022-08-08T19:28:50","slug":"teresa-gravelle","status":"publish","type":"page","link":"https:\/\/physiotherapy.ca\/fr\/teresa-gravelle\/","title":{"rendered":"Teresa Gravelle"},"content":{"rendered":"\n<div class=\"wp-block-media-text is-stacked-on-mobile is-vertically-aligned-top\" style=\"grid-template-columns:30% auto\"><figure class=\"wp-block-media-text__media\"><img loading=\"lazy\" decoding=\"async\" width=\"180\" height=\"180\" src=\"https:\/\/physiotherapy.ca\/app\/uploads\/2022\/08\/csp-teresa-gravelle.jpg\" alt=\"\" class=\"wp-image-5893 size-full\" srcset=\"https:\/\/physiotherapy.ca\/app\/uploads\/2022\/08\/csp-teresa-gravelle.jpg 180w, https:\/\/physiotherapy.ca\/app\/uploads\/2022\/08\/csp-teresa-gravelle-100x100.jpg 100w, https:\/\/physiotherapy.ca\/app\/uploads\/2022\/08\/csp-teresa-gravelle-150x150.jpg 150w\" sizes=\"auto, (max-width: 180px) 100vw, 180px\" \/><\/figure><div class=\"wp-block-media-text__content\">\n<p><strong>Domaine de sp\u00e9cialit\u00e9 clinique :&nbsp;<\/strong>Musculosquelettique<\/p>\n\n\n\n<p><strong>Nombre d\u2019ann\u00e9es de pratique dans ce domaine :&nbsp;<\/strong>25<\/p>\n\n\n\n<p><strong>Secteurs d\u2019int\u00e9r\u00eat professionnel&nbsp;:&nbsp;<\/strong>raisonnement clinique; stimulation intramusculaire; troubles de la motricit\u00e9 et des mouvements entra\u00eenant des conflits sous-acromiaux de l\u2019\u00e9paule et des blessures aux extr\u00e9mit\u00e9s inf\u00e9rieures.<\/p>\n<\/div><\/div>\n\n\n\n<div style=\"height:27px\" aria-hidden=\"true\" class=\"wp-block-spacer\"><\/div>\n\n\n\n<p><strong>Que trouvez-vous le plus satisfaisant dans le programme de sp\u00e9cialit\u00e9?<\/strong><\/p>\n\n\n\n<p>Le programme de sp\u00e9cialit\u00e9 nous fait voir tous les aspects de notre pratique professionnelle. C\u2019\u00e9tait \u00e9galement valorisant d\u2019en savoir plus sur la fa\u00e7on dont les autres nous per\u00e7oivent dans la profession.<\/p>\n\n\n\n<p><strong>Pourquoi avez-vous particip\u00e9 au programme?<\/strong><\/p>\n\n\n\n<p>Je trouvais que c\u2019\u00e9tait un bon moyen de valider toutes ces heures et tous ces efforts que j\u2019avais consacr\u00e9s \u00e0 mon domaine de sp\u00e9cialisation, ainsi que de reconna\u00eetre la valeur du mentorat, de l\u2019enseignement et du raisonnement clinique entourant le secteur musculosquelettique\/orthop\u00e9dique.<\/p>\n\n\n\n<hr class=\"wp-block-separator is-style-wide\"\/>\n\n\n\n<blockquote class=\"wp-block-quote is-layout-flow wp-block-quote-is-layout-flow\"><p><em>Nous commen\u00e7ons \u00e0 voir \u00e9merger des recherches portant sur des questions importantes pos\u00e9es par des cliniciens sp\u00e9cialis\u00e9s. J\u2019esp\u00e8re que cette tendance continuera de s\u2019accentuer.<\/em><\/p><\/blockquote>\n\n\n\n<hr class=\"wp-block-separator is-style-wide\"\/>\n\n\n\n<p><strong>O\u00f9 esp\u00e9rez-vous voir la profession dans 25 ans?<\/strong><\/p>\n\n\n\n<p>J\u2019esp\u00e8re voir plus de praticiens cliniques se sp\u00e9cialiser dans les diff\u00e9rents secteurs de la physioth\u00e9rapie. Nous commen\u00e7ons \u00e0 voir \u00e9merger des recherches portant sur des questions importantes pos\u00e9es par des cliniciens sp\u00e9cialis\u00e9s. J\u2019esp\u00e8re que cette tendance continuera de s\u2019accentuer.<\/p>\n\n\n\n<p><strong>Selon vous, quel impact aura la sp\u00e9cialisation dans votre domaine?<\/strong><\/p>\n\n\n\n<p>C\u2019\u00e9tait un d\u00e9fi de diffuser ce message aupr\u00e8s des intervenants du secteur musculosquelettique\/orthop\u00e9dique, car il y a plusieurs pistes \u00e0 examiner et que l\u2019excellence clinique est d\u00e9j\u00e0 pr\u00e9sente. Un sp\u00e9cialiste doit avoir plus qu\u2019une connaissance approfondie d\u2019un domaine. Il doit poss\u00e9der des comp\u00e9tences avanc\u00e9es en raisonnement et en r\u00e9flexion cliniques et s\u2019engager dans la recherche. J\u2019esp\u00e8re qu\u2019un plus grand nombre de physioth\u00e9rapeutes musculosquelettiques reconna\u00eetront la valeur ajout\u00e9e que procure la d\u00e9signation de sp\u00e9cialiste.<\/p>\n\n\n\n<p><strong>Quelle est la valeur du programme de sp\u00e9cialit\u00e9 pour les candidats?<\/strong><\/p>\n\n\n\n<p>L\u2019aspect r\u00e9flexion permet de consolider ses exp\u00e9riences d\u2019apprentissage, de recherche, de mentorat et d\u2019enseignement, ainsi que de r\u00e9fl\u00e9chir aux points que l\u2019on doit am\u00e9liorer et \u00e0 ceux que l\u2019on apprend \u00e0 ma\u00eetriser. Tous ces \u00e9l\u00e9ments auront une incidence sur l\u2019exp\u00e9rience du patient.<\/p>\n\n\n\n<p><strong>Avez-vous fait appel \u00e0 votre r\u00e9seau de sp\u00e9cialistes, et comment?<\/strong><\/p>\n\n\n\n<p>Oui. J\u2019ai pu adresser des patients d\u2019autres provinces \u00e0 des sp\u00e9cialistes cliniques travaillant dans leur quartier. L\u2019ACP organise un forum dans le cadre duquel les sp\u00e9cialistes peuvent se poser mutuellement des questions et obtenir des conseils.<\/p>\n\n\n\n<p><strong>Quels facteurs importants faut-il prendre en compte lorsqu\u2019on souhaite faire une sp\u00e9cialit\u00e9 clinique?<\/strong><\/p>\n\n\n\n<p>Soyez conscient des neuf&nbsp;aptitudes comportementales qu\u2019il vous faudra d\u00e9montrer dans le cadre du programme&nbsp;: comp\u00e9tences cliniques avanc\u00e9es, connaissances approfondies, excellent raisonnement clinique, fort engagement en recherche et en enseignement\/mentorat, esprit d\u2019innovation, bonne communication, leadership et perfectionnement professionnel. Tous les praticiens n\u2019utilisent pas les m\u00eames outils. Le processus de sp\u00e9cialisation ne juge pas les outils qui sont utilis\u00e9s, mais plut\u00f4t la fa\u00e7on dont ils le sont.<\/p>\n\n\n\n<p><strong>Quelles comp\u00e9tences avez-vous acquises ou am\u00e9lior\u00e9es pendant le processus de sp\u00e9cialisation?<\/strong><\/p>\n\n\n\n<p>L\u2019importance de la r\u00e9flexion quotidienne sur ce que j\u2019ai appris m\u2019incite \u00e0 vouloir continuer \u00e0 apprendre et \u00e0 m\u2019am\u00e9liorer.<\/p>\n\n\n\n<p><strong>Quel conseil donneriez-vous aux candidats qui s\u2019engagent dans le processus de sp\u00e9cialisation?<\/strong><\/p>\n\n\n\n<p>Soyez pr\u00eat \u00e0 investir beaucoup d\u2019efforts dans la pr\u00e9paration de vos expos\u00e9s, car la qualit\u00e9 de vos r\u00e9flexions et de vos \u00e9tudes de cas, ainsi que leur niveau de r\u00e9daction, sont importants.<\/p>\n\n\n\n<p><strong>Quel impact a le titre de sp\u00e9cialiste sur vous et votre carri\u00e8re?<\/strong><\/p>\n\n\n\n<p>J\u2019accorde plus d\u2019importance au raisonnement et \u00e0 la r\u00e9flexion cliniques lorsque je pratique ou que j\u2019enseigne. Je suis tr\u00e8s chanceuse de faire partie des \u00e9valuateurs du programme de sp\u00e9cialisation. Cela me permet de collaborer avec d\u2019autres sp\u00e9cialistes de mon secteur ou de champs d\u2019expertise diff\u00e9rents. J\u2019ai \u00e9galement \u00e9norm\u00e9ment appris des nombreux expos\u00e9s que j\u2019ai d\u00fb \u00e9valuer et qui m\u2019ont \u00e9t\u00e9 pr\u00e9sent\u00e9s par plusieurs physioth\u00e9rapeutes talentueux ayant suivi le processus de sp\u00e9cialisation.<\/p>\n\n\n\n<h3 class=\"wp-block-heading\"><strong>Biographie<\/strong><\/h3>\n\n\n\n<p>J\u2019ai obtenu un dipl\u00f4me de l\u2019Universit\u00e9 McGill en 1983 et travaill\u00e9 pendant les huit&nbsp;premi\u00e8res ann\u00e9es de ma carri\u00e8re&nbsp;en milieu hospitalier \u00e0 Ottawa, en Nouvelle-Z\u00e9lande et en Australie. J\u2019ai exerc\u00e9 mon m\u00e9tier de physioth\u00e9rapeute dans de nombreux secteurs, notamment en neurologie, en soins des br\u00fblures, en cardiorespiratoire, en soins postchirurgicaux, en orthop\u00e9die et en soins par contact direct des mains. Je travaille \u00e0 la Clinique de m\u00e9decine sportive et de physioth\u00e9rapie de l\u2019Universit\u00e9 d\u2019Ottawa depuis 1992. J\u2019y soigne des patients actifs de tout \u00e2ge qui pr\u00e9sentent diff\u00e9rents probl\u00e8mes musculosquelettiques. De 1992 \u00e0 2000, j\u2019ai donn\u00e9 un cours facultatif en m\u00e9decine sportive dans le cadre du programme de physioth\u00e9rapie de l\u2019Universit\u00e9 d\u2019Ottawa. J\u2019ai \u00e9galement r\u00e9ussi les examens de niveau sup\u00e9rieur en th\u00e9rapie manuelle&nbsp;\u2013 la partie&nbsp;A en 1996 et la partie&nbsp;B en 1997&nbsp;\u2013 donnant droit au dipl\u00f4me de fellow de l\u2019Acad\u00e9mie canadienne de physioth\u00e9rapie manuelle, et pass\u00e9 en 1998 l\u2019examen d\u2019accr\u00e9ditation en acupuncture, obtenant le titre de CAFCI. J\u2019ai poursuivi mon apprentissage en obtenant l\u2019accr\u00e9ditation en stimulation intramusculaire Gunn&nbsp;IMS, en 2012, et en terminant les niveaux 1 et 2 de la certification SFMA, en 2013. Depuis 1984, j\u2019ai suivi plus de 100&nbsp;cours de perfectionnement professionnel dans plusieurs domaines de l\u2019orthop\u00e9die. Je continue d\u2019encadrer des \u00e9tudiants en physioth\u00e9rapie de partout au Canada et au Royaume-Uni.<\/p>\n\n\n\n<p>Je suis retourn\u00e9e sur les bancs d\u2019\u00e9cole en 2007 et en 2008, afin d\u2019obtenir une ma\u00eetrise clinique en physioth\u00e9rapie manuelle et manipulatoire de l\u2019Universit\u00e9 Western. J\u2019ai fait ma th\u00e8se sur la validation du Upper extremity Functional Index. Je suis professeure \u00e0 la division orthop\u00e9die de l\u2019ACP depuis 1997 et j\u2019enseigne des cours de th\u00e9rapie manuelle au niveau du syst\u00e8me. Je vis actuellement avec mon mari et mes deux&nbsp;gar\u00e7ons \u00e0 Ottawa. J\u2019aime voyager, faire du v\u00e9lo, nager, patiner, marcher, lire et passer du temps en famille.&nbsp;<\/p>\n","protected":false},"excerpt":{"rendered":"<p>Domaine de sp\u00e9cialit\u00e9 clinique :&nbsp;Musculosquelettique Nombre d\u2019ann\u00e9es de pratique dans ce domaine :&nbsp;25 Secteurs d\u2019int\u00e9r\u00eat professionnel&nbsp;:&nbsp;raisonnement clinique; stimulation intramusculaire; troubles de la motricit\u00e9 et des mouvements entra\u00eenant des conflits sous-acromiaux de l\u2019\u00e9paule et des blessures aux extr\u00e9mit\u00e9s inf\u00e9rieures. Que trouvez-vous [&hellip;]<\/p>\n","protected":false},"author":1,"featured_media":0,"parent":0,"menu_order":0,"comment_status":"closed","ping_status":"closed","template":"","meta":{"inline_featured_image":false,"ep_exclude_from_search":false,"footnotes":""},"topic":[],"class_list":["post-6318","page","type-page","status-publish","hentry"],"acf":[],"yoast_head":"<!-- This site is optimized with the Yoast SEO plugin v24.7 - https:\/\/yoast.com\/wordpress\/plugins\/seo\/ -->\n<title>Teresa Gravelle - Canadian Physiotherapy Association<\/title>\n<meta name=\"robots\" content=\"index, follow, max-snippet:-1, max-image-preview:large, max-video-preview:-1\" \/>\n<link rel=\"canonical\" href=\"https:\/\/physiotherapy.ca\/fr\/teresa-gravelle\/\" \/>\n<meta property=\"og:locale\" content=\"fr_FR\" \/>\n<meta property=\"og:type\" content=\"article\" \/>\n<meta property=\"og:title\" content=\"Teresa Gravelle - Canadian Physiotherapy Association\" \/>\n<meta property=\"og:description\" content=\"Domaine de sp\u00e9cialit\u00e9 clinique :&nbsp;Musculosquelettique Nombre d\u2019ann\u00e9es de pratique dans ce domaine :&nbsp;25 Secteurs d\u2019int\u00e9r\u00eat professionnel&nbsp;:&nbsp;raisonnement clinique; stimulation intramusculaire; troubles de la motricit\u00e9 et des mouvements entra\u00eenant des conflits sous-acromiaux de l\u2019\u00e9paule et des blessures aux extr\u00e9mit\u00e9s inf\u00e9rieures. Que trouvez-vous [&hellip;]\" \/>\n<meta property=\"og:url\" content=\"https:\/\/physiotherapy.ca\/fr\/teresa-gravelle\/\" \/>\n<meta property=\"og:site_name\" content=\"Canadian Physiotherapy Association\" \/>\n<meta property=\"article:modified_time\" content=\"2022-08-08T19:28:50+00:00\" \/>\n<meta property=\"og:image\" content=\"https:\/\/physiotherapy.ca\/app\/uploads\/2022\/08\/csp-teresa-gravelle.jpg\" \/>\n<meta name=\"twitter:card\" content=\"summary_large_image\" \/>\n<meta name=\"twitter:label1\" content=\"Est. reading time\" \/>\n\t<meta name=\"twitter:data1\" content=\"5 minutes\" \/>\n<script type=\"application\/ld+json\" class=\"yoast-schema-graph\">{\"@context\":\"https:\/\/schema.org\",\"@graph\":[{\"@type\":\"WebPage\",\"@id\":\"https:\/\/physiotherapy.ca\/fr\/teresa-gravelle\/\",\"url\":\"https:\/\/physiotherapy.ca\/fr\/teresa-gravelle\/\",\"name\":\"Teresa Gravelle - Canadian Physiotherapy Association\",\"isPartOf\":{\"@id\":\"https:\/\/physiotherapy.ca\/#website\"},\"primaryImageOfPage\":{\"@id\":\"https:\/\/physiotherapy.ca\/fr\/teresa-gravelle\/#primaryimage\"},\"image\":{\"@id\":\"https:\/\/physiotherapy.ca\/fr\/teresa-gravelle\/#primaryimage\"},\"thumbnailUrl\":\"https:\/\/physiotherapy.ca\/app\/uploads\/2022\/08\/csp-teresa-gravelle.jpg\",\"datePublished\":\"2022-08-08T19:28:48+00:00\",\"dateModified\":\"2022-08-08T19:28:50+00:00\",\"breadcrumb\":{\"@id\":\"https:\/\/physiotherapy.ca\/fr\/teresa-gravelle\/#breadcrumb\"},\"inLanguage\":\"fr-FR\",\"potentialAction\":[{\"@type\":\"ReadAction\",\"target\":[\"https:\/\/physiotherapy.ca\/fr\/teresa-gravelle\/\"]}]},{\"@type\":\"ImageObject\",\"inLanguage\":\"fr-FR\",\"@id\":\"https:\/\/physiotherapy.ca\/fr\/teresa-gravelle\/#primaryimage\",\"url\":\"https:\/\/physiotherapy.ca\/app\/uploads\/2022\/08\/csp-teresa-gravelle.jpg\",\"contentUrl\":\"https:\/\/physiotherapy.ca\/app\/uploads\/2022\/08\/csp-teresa-gravelle.jpg\"},{\"@type\":\"BreadcrumbList\",\"@id\":\"https:\/\/physiotherapy.ca\/fr\/teresa-gravelle\/#breadcrumb\",\"itemListElement\":[{\"@type\":\"ListItem\",\"position\":1,\"name\":\"Home\",\"item\":\"https:\/\/physiotherapy.ca\/fr\/\"},{\"@type\":\"ListItem\",\"position\":2,\"name\":\"Teresa Gravelle\"}]},{\"@type\":\"WebSite\",\"@id\":\"https:\/\/physiotherapy.ca\/#website\",\"url\":\"https:\/\/physiotherapy.ca\/\",\"name\":\"Canadian Physiotherapy Association\",\"description\":\"The Canadian Physiotherapy Association (CPA) represents over 16,000 physiotherapy professionals and students across Canada.\",\"potentialAction\":[{\"@type\":\"SearchAction\",\"target\":{\"@type\":\"EntryPoint\",\"urlTemplate\":\"https:\/\/physiotherapy.ca\/?s={search_term_string}\"},\"query-input\":{\"@type\":\"PropertyValueSpecification\",\"valueRequired\":true,\"valueName\":\"search_term_string\"}}],\"inLanguage\":\"fr-FR\"}]}<\/script>\n<!-- \/ Yoast SEO plugin. -->","yoast_head_json":{"title":"Teresa Gravelle - Canadian Physiotherapy Association","robots":{"index":"index","follow":"follow","max-snippet":"max-snippet:-1","max-image-preview":"max-image-preview:large","max-video-preview":"max-video-preview:-1"},"canonical":"https:\/\/physiotherapy.ca\/fr\/teresa-gravelle\/","og_locale":"fr_FR","og_type":"article","og_title":"Teresa Gravelle - Canadian Physiotherapy Association","og_description":"Domaine de sp\u00e9cialit\u00e9 clinique :&nbsp;Musculosquelettique Nombre d\u2019ann\u00e9es de pratique dans ce domaine :&nbsp;25 Secteurs d\u2019int\u00e9r\u00eat professionnel&nbsp;:&nbsp;raisonnement clinique; stimulation intramusculaire; troubles de la motricit\u00e9 et des mouvements entra\u00eenant des conflits sous-acromiaux de l\u2019\u00e9paule et des blessures aux extr\u00e9mit\u00e9s inf\u00e9rieures. Que trouvez-vous [&hellip;]","og_url":"https:\/\/physiotherapy.ca\/fr\/teresa-gravelle\/","og_site_name":"Canadian Physiotherapy Association","article_modified_time":"2022-08-08T19:28:50+00:00","og_image":[{"url":"https:\/\/physiotherapy.ca\/app\/uploads\/2022\/08\/csp-teresa-gravelle.jpg","type":"","width":"","height":""}],"twitter_card":"summary_large_image","twitter_misc":{"Est. reading time":"5 minutes"},"schema":{"@context":"https:\/\/schema.org","@graph":[{"@type":"WebPage","@id":"https:\/\/physiotherapy.ca\/fr\/teresa-gravelle\/","url":"https:\/\/physiotherapy.ca\/fr\/teresa-gravelle\/","name":"Teresa Gravelle - Canadian Physiotherapy Association","isPartOf":{"@id":"https:\/\/physiotherapy.ca\/#website"},"primaryImageOfPage":{"@id":"https:\/\/physiotherapy.ca\/fr\/teresa-gravelle\/#primaryimage"},"image":{"@id":"https:\/\/physiotherapy.ca\/fr\/teresa-gravelle\/#primaryimage"},"thumbnailUrl":"https:\/\/physiotherapy.ca\/app\/uploads\/2022\/08\/csp-teresa-gravelle.jpg","datePublished":"2022-08-08T19:28:48+00:00","dateModified":"2022-08-08T19:28:50+00:00","breadcrumb":{"@id":"https:\/\/physiotherapy.ca\/fr\/teresa-gravelle\/#breadcrumb"},"inLanguage":"fr-FR","potentialAction":[{"@type":"ReadAction","target":["https:\/\/physiotherapy.ca\/fr\/teresa-gravelle\/"]}]},{"@type":"ImageObject","inLanguage":"fr-FR","@id":"https:\/\/physiotherapy.ca\/fr\/teresa-gravelle\/#primaryimage","url":"https:\/\/physiotherapy.ca\/app\/uploads\/2022\/08\/csp-teresa-gravelle.jpg","contentUrl":"https:\/\/physiotherapy.ca\/app\/uploads\/2022\/08\/csp-teresa-gravelle.jpg"},{"@type":"BreadcrumbList","@id":"https:\/\/physiotherapy.ca\/fr\/teresa-gravelle\/#breadcrumb","itemListElement":[{"@type":"ListItem","position":1,"name":"Home","item":"https:\/\/physiotherapy.ca\/fr\/"},{"@type":"ListItem","position":2,"name":"Teresa Gravelle"}]},{"@type":"WebSite","@id":"https:\/\/physiotherapy.ca\/#website","url":"https:\/\/physiotherapy.ca\/","name":"Canadian Physiotherapy Association","description":"The Canadian Physiotherapy Association (CPA) represents over 16,000 physiotherapy professionals and students across Canada.","potentialAction":[{"@type":"SearchAction","target":{"@type":"EntryPoint","urlTemplate":"https:\/\/physiotherapy.ca\/?s={search_term_string}"},"query-input":{"@type":"PropertyValueSpecification","valueRequired":true,"valueName":"search_term_string"}}],"inLanguage":"fr-FR"}]}},"_links":{"self":[{"href":"https:\/\/physiotherapy.ca\/fr\/wp-json\/wp\/v2\/pages\/6318","targetHints":{"allow":["GET"]}}],"collection":[{"href":"https:\/\/physiotherapy.ca\/fr\/wp-json\/wp\/v2\/pages"}],"about":[{"href":"https:\/\/physiotherapy.ca\/fr\/wp-json\/wp\/v2\/types\/page"}],"author":[{"embeddable":true,"href":"https:\/\/physiotherapy.ca\/fr\/wp-json\/wp\/v2\/users\/1"}],"replies":[{"embeddable":true,"href":"https:\/\/physiotherapy.ca\/fr\/wp-json\/wp\/v2\/comments?post=6318"}],"version-history":[{"count":2,"href":"https:\/\/physiotherapy.ca\/fr\/wp-json\/wp\/v2\/pages\/6318\/revisions"}],"predecessor-version":[{"id":6323,"href":"https:\/\/physiotherapy.ca\/fr\/wp-json\/wp\/v2\/pages\/6318\/revisions\/6323"}],"wp:attachment":[{"href":"https:\/\/physiotherapy.ca\/fr\/wp-json\/wp\/v2\/media?parent=6318"}],"wp:term":[{"taxonomy":"topic","embeddable":true,"href":"https:\/\/physiotherapy.ca\/fr\/wp-json\/wp\/v2\/topic?post=6318"}],"curies":[{"name":"wp","href":"https:\/\/api.w.org\/{rel}","templated":true}]}}