{"id":6337,"date":"2022-08-08T15:34:32","date_gmt":"2022-08-08T19:34:32","guid":{"rendered":"https:\/\/physiotherapy.ca\/?page_id=6337"},"modified":"2022-08-08T15:34:34","modified_gmt":"2022-08-08T19:34:34","slug":"audrey-long","status":"publish","type":"page","link":"https:\/\/physiotherapy.ca\/fr\/audrey-long\/","title":{"rendered":"Audrey Long"},"content":{"rendered":"\n<div class=\"wp-block-media-text is-stacked-on-mobile is-vertically-aligned-top\" style=\"grid-template-columns:30% auto\"><figure class=\"wp-block-media-text__media\"><img loading=\"lazy\" decoding=\"async\" width=\"200\" height=\"200\" src=\"https:\/\/physiotherapy.ca\/app\/uploads\/2022\/08\/csp-audrey-long.jpg\" alt=\"\" class=\"wp-image-5905 size-full\" srcset=\"https:\/\/physiotherapy.ca\/app\/uploads\/2022\/08\/csp-audrey-long.jpg 200w, https:\/\/physiotherapy.ca\/app\/uploads\/2022\/08\/csp-audrey-long-100x100.jpg 100w, https:\/\/physiotherapy.ca\/app\/uploads\/2022\/08\/csp-audrey-long-150x150.jpg 150w\" sizes=\"auto, (max-width: 200px) 100vw, 200px\" \/><\/figure><div class=\"wp-block-media-text__content\">\n<p><strong>Domaine de sp\u00e9cialit\u00e9 clinique :&nbsp;<\/strong>Musculosquelettique<\/p>\n\n\n\n<p><strong>Nombre d\u2019ann\u00e9es de pratique dans ce domaine :\u00a0<\/strong>24<\/p>\n\n\n\n<p><strong>Secteurs d\u2019int\u00e9r\u00eat professionnel :\u00a0<\/strong>M\u00e9thode MDT pour la colonne vert\u00e9brale et les extr\u00e9mit\u00e9s, arthrose l\u00e9g\u00e8re ou mod\u00e9r\u00e9e de la hanche et du genou<\/p>\n\n\n\n<p><\/p>\n<\/div><\/div>\n\n\n\n<div style=\"height:27px\" aria-hidden=\"true\" class=\"wp-block-spacer\"><\/div>\n\n\n\n<p>Les aspects les plus difficiles du programme consistaient selon moi \u00e0 mettre de l\u2019ordre dans mon CV, \u00e0 choisir les types de cas que je souhaitais pr\u00e9senter et de d\u00e9crire ces cas d\u2019une mani\u00e8re logique pour les &nbsp; &nbsp; &nbsp;\u00e9valuateurs. Je savais que les \u00e9valuateurs n\u2019auraient probablement pas la m\u00eame formation, les m\u00eames opinions ni les m\u00eames approches que moi. Je me demandais&nbsp;:&nbsp;\u00ab&nbsp;Vais-je \u00eatre capable d\u2019exposer clairement mon &nbsp;raisonnement clinique?&nbsp;Que penseront-ils de moi si je n\u2019ai pas \u00e9valu\u00e9 ni trait\u00e9 les cas de la m\u00eame fa\u00e7on qu\u2019eux?&nbsp;\u00bb<\/p>\n\n\n\n<p>Je me suis rendu compte que ce qui int\u00e9resse les \u00e9valuateurs, c\u2019est de comprendre les raisons qui justifient les actions et non les d\u00e9tails sur les techniques utilis\u00e9es. Ils veulent voir un processus de diagnostic diff\u00e9rentiel et de raisonnement clinique bien d\u00e9crit et fond\u00e9 sur un vaste ensemble de connaissances, une compr\u00e9hension des donn\u00e9es probantes et une exp\u00e9rience clinique. Mais avant tout, j\u2019ai compris que mon travail \u00e9tait bel et bien \u00e0 la hauteur! Il peut \u00eatre angoissant de \u00ab&nbsp;s\u2019exposer&nbsp;\u00bb ainsi, mais je suis contente d\u2019avoir pers\u00e9v\u00e9r\u00e9.<\/p>\n\n\n\n<hr class=\"wp-block-separator is-style-wide\"\/>\n\n\n\n<blockquote class=\"wp-block-quote is-layout-flow wp-block-quote-is-layout-flow\"><p><em>Il ne suffit pas de consid\u00e9rer le nombre de cours que vous avez suivis ou vos titres, qui ne sont que la pointe de l\u2019iceberg.<\/em><\/p><\/blockquote>\n\n\n\n<hr class=\"wp-block-separator is-style-wide\"\/>\n\n\n\n<p><strong>O\u00f9 esp\u00e9rez-vous voir la profession dans 25 ans?<\/strong><\/p>\n\n\n\n<p>J\u2019ai bon espoir de voir au sein de la profession un syst\u00e8me de recommandation dynamique ax\u00e9 sur l\u2019atteinte des meilleurs r\u00e9sultats possible pour les patients. Un syst\u00e8me qui nous permettrait de conna\u00eetre nos forces, mais aussi de compter sur un r\u00e9seau de sp\u00e9cialistes en physioth\u00e9rapie que nous pourrions recommander r\u00e9guli\u00e8rement \u00e0 nos patients plus difficiles \u00e0 traiter.<\/p>\n\n\n\n<p>De nos jours, la recommandation des patients n\u2019est pas une pratique courante, de sorte qu\u2019ils finissent par d\u00e9laisser la physioth\u00e9rapie. Voil\u00e0 pourquoi j\u2019aimerais que les physioth\u00e9rapeutes consid\u00e8rent la recommandation comme une occasion d\u2019apprentissage&nbsp;: nous pouvons valider nos d\u00e9cisions cliniques en sollicitant un second avis ou nous inspirer de nouvelles id\u00e9es que nous utiliserons ult\u00e9rieurement pour des cas semblables.<\/p>\n\n\n\n<p><strong>Quels conseils offririez-vous aux physioth\u00e9rapeutes qui songent au programme?<\/strong><\/p>\n\n\n\n<p>Je recommanderais de r\u00e9fl\u00e9chir \u00e0 toutes les comp\u00e9tences \u00e9num\u00e9r\u00e9es. Il ne suffit pas de consid\u00e9rer le nombre de cours que vous avez suivis ou vos titres, qui ne sont que la pointe de l\u2019iceberg. Demandez\u2011vous si votre exp\u00e9rience couvre les neuf comp\u00e9tences ou si vous pouvez approfondir certains aspects.<\/p>\n\n\n\n<p>Autre conseil&nbsp;: ne pr\u00e9sentez pas forc\u00e9ment les cas pour lesquels les r\u00e9sultats sont apparus miraculeusement, mais plut\u00f4t les cas qui vous ont forc\u00e9 \u00e0 r\u00e9fl\u00e9chir et \u00e0 ressentir diff\u00e9remment et qui ont chang\u00e9 votre fa\u00e7on de travailler. Pr\u00e9parez-vous \u00e0 d\u00e9crire votre processus de r\u00e9flexion et les sentiments qui vous ont pouss\u00e9 \u00e0 agir diff\u00e9remment du physioth\u00e9rapeute moyen. Demandez-vous comment ces exp\u00e9riences ont chang\u00e9 votre pratique et comment vous en avez fait profiter vos coll\u00e8gues. &nbsp;<\/p>\n\n\n\n<p><strong>Quel est le meilleur conseil que vous ayez re\u00e7u?<\/strong><\/p>\n\n\n\n<p>Robin McKenzie (1931-2013) disait&nbsp;: \u00ab&nbsp;Rappelez-vous que nous sommes l\u00e0 pour le patient&nbsp;\u00bb. J\u2019ai entendu cette citation dans divers contextes, et je crois sinc\u00e8rement qu\u2019en fin de compte, ce sont les patients qui profitent du processus de sp\u00e9cialisation. &nbsp;&nbsp;<\/p>\n\n\n\n<p><a href=\"https:\/\/physiotherapy.ca\/www.bonavistaphysio.ca\" target=\"_blank\" rel=\"noreferrer noopener\">www.bonavistaphysio.ca\u00a0<\/a><\/p>\n","protected":false},"excerpt":{"rendered":"<p>Domaine de sp\u00e9cialit\u00e9 clinique :&nbsp;Musculosquelettique Nombre d\u2019ann\u00e9es de pratique dans ce domaine :\u00a024 Secteurs d\u2019int\u00e9r\u00eat professionnel :\u00a0M\u00e9thode MDT pour la colonne vert\u00e9brale et les extr\u00e9mit\u00e9s, arthrose l\u00e9g\u00e8re ou mod\u00e9r\u00e9e de la hanche et du genou Les aspects les plus difficiles [&hellip;]<\/p>\n","protected":false},"author":1,"featured_media":0,"parent":0,"menu_order":0,"comment_status":"closed","ping_status":"closed","template":"","meta":{"inline_featured_image":false,"ep_exclude_from_search":false,"footnotes":""},"topic":[],"class_list":["post-6337","page","type-page","status-publish","hentry"],"acf":[],"yoast_head":"<!-- This site is optimized with the Yoast SEO plugin v24.7 - https:\/\/yoast.com\/wordpress\/plugins\/seo\/ -->\n<title>Audrey Long - Canadian Physiotherapy Association<\/title>\n<meta name=\"robots\" content=\"index, follow, max-snippet:-1, max-image-preview:large, max-video-preview:-1\" \/>\n<link rel=\"canonical\" href=\"https:\/\/physiotherapy.ca\/fr\/audrey-long\/\" \/>\n<meta property=\"og:locale\" content=\"fr_FR\" \/>\n<meta property=\"og:type\" content=\"article\" \/>\n<meta property=\"og:title\" content=\"Audrey Long - Canadian Physiotherapy Association\" \/>\n<meta property=\"og:description\" content=\"Domaine de sp\u00e9cialit\u00e9 clinique :&nbsp;Musculosquelettique Nombre d\u2019ann\u00e9es de pratique dans ce domaine :\u00a024 Secteurs d\u2019int\u00e9r\u00eat professionnel :\u00a0M\u00e9thode MDT pour la colonne vert\u00e9brale et les extr\u00e9mit\u00e9s, arthrose l\u00e9g\u00e8re ou mod\u00e9r\u00e9e de la hanche et du genou Les aspects les plus difficiles [&hellip;]\" \/>\n<meta property=\"og:url\" content=\"https:\/\/physiotherapy.ca\/fr\/audrey-long\/\" \/>\n<meta property=\"og:site_name\" content=\"Canadian Physiotherapy Association\" \/>\n<meta property=\"article:modified_time\" content=\"2022-08-08T19:34:34+00:00\" \/>\n<meta property=\"og:image\" content=\"https:\/\/physiotherapy.ca\/app\/uploads\/2022\/08\/csp-audrey-long.jpg\" \/>\n<meta name=\"twitter:card\" content=\"summary_large_image\" \/>\n<meta name=\"twitter:label1\" content=\"Est. reading time\" \/>\n\t<meta name=\"twitter:data1\" content=\"3 minutes\" \/>\n<script type=\"application\/ld+json\" class=\"yoast-schema-graph\">{\"@context\":\"https:\/\/schema.org\",\"@graph\":[{\"@type\":\"WebPage\",\"@id\":\"https:\/\/physiotherapy.ca\/fr\/audrey-long\/\",\"url\":\"https:\/\/physiotherapy.ca\/fr\/audrey-long\/\",\"name\":\"Audrey Long - Canadian Physiotherapy Association\",\"isPartOf\":{\"@id\":\"https:\/\/physiotherapy.ca\/#website\"},\"primaryImageOfPage\":{\"@id\":\"https:\/\/physiotherapy.ca\/fr\/audrey-long\/#primaryimage\"},\"image\":{\"@id\":\"https:\/\/physiotherapy.ca\/fr\/audrey-long\/#primaryimage\"},\"thumbnailUrl\":\"https:\/\/physiotherapy.ca\/app\/uploads\/2022\/08\/csp-audrey-long.jpg\",\"datePublished\":\"2022-08-08T19:34:32+00:00\",\"dateModified\":\"2022-08-08T19:34:34+00:00\",\"breadcrumb\":{\"@id\":\"https:\/\/physiotherapy.ca\/fr\/audrey-long\/#breadcrumb\"},\"inLanguage\":\"fr-FR\",\"potentialAction\":[{\"@type\":\"ReadAction\",\"target\":[\"https:\/\/physiotherapy.ca\/fr\/audrey-long\/\"]}]},{\"@type\":\"ImageObject\",\"inLanguage\":\"fr-FR\",\"@id\":\"https:\/\/physiotherapy.ca\/fr\/audrey-long\/#primaryimage\",\"url\":\"https:\/\/physiotherapy.ca\/app\/uploads\/2022\/08\/csp-audrey-long.jpg\",\"contentUrl\":\"https:\/\/physiotherapy.ca\/app\/uploads\/2022\/08\/csp-audrey-long.jpg\"},{\"@type\":\"BreadcrumbList\",\"@id\":\"https:\/\/physiotherapy.ca\/fr\/audrey-long\/#breadcrumb\",\"itemListElement\":[{\"@type\":\"ListItem\",\"position\":1,\"name\":\"Home\",\"item\":\"https:\/\/physiotherapy.ca\/fr\/\"},{\"@type\":\"ListItem\",\"position\":2,\"name\":\"Audrey Long\"}]},{\"@type\":\"WebSite\",\"@id\":\"https:\/\/physiotherapy.ca\/#website\",\"url\":\"https:\/\/physiotherapy.ca\/\",\"name\":\"Canadian Physiotherapy Association\",\"description\":\"The Canadian Physiotherapy Association (CPA) represents over 16,000 physiotherapy professionals and students across Canada.\",\"potentialAction\":[{\"@type\":\"SearchAction\",\"target\":{\"@type\":\"EntryPoint\",\"urlTemplate\":\"https:\/\/physiotherapy.ca\/?s={search_term_string}\"},\"query-input\":{\"@type\":\"PropertyValueSpecification\",\"valueRequired\":true,\"valueName\":\"search_term_string\"}}],\"inLanguage\":\"fr-FR\"}]}<\/script>\n<!-- \/ Yoast SEO plugin. -->","yoast_head_json":{"title":"Audrey Long - Canadian Physiotherapy Association","robots":{"index":"index","follow":"follow","max-snippet":"max-snippet:-1","max-image-preview":"max-image-preview:large","max-video-preview":"max-video-preview:-1"},"canonical":"https:\/\/physiotherapy.ca\/fr\/audrey-long\/","og_locale":"fr_FR","og_type":"article","og_title":"Audrey Long - Canadian Physiotherapy Association","og_description":"Domaine de sp\u00e9cialit\u00e9 clinique :&nbsp;Musculosquelettique Nombre d\u2019ann\u00e9es de pratique dans ce domaine :\u00a024 Secteurs d\u2019int\u00e9r\u00eat professionnel :\u00a0M\u00e9thode MDT pour la colonne vert\u00e9brale et les extr\u00e9mit\u00e9s, arthrose l\u00e9g\u00e8re ou mod\u00e9r\u00e9e de la hanche et du genou Les aspects les plus difficiles [&hellip;]","og_url":"https:\/\/physiotherapy.ca\/fr\/audrey-long\/","og_site_name":"Canadian Physiotherapy Association","article_modified_time":"2022-08-08T19:34:34+00:00","og_image":[{"url":"https:\/\/physiotherapy.ca\/app\/uploads\/2022\/08\/csp-audrey-long.jpg","type":"","width":"","height":""}],"twitter_card":"summary_large_image","twitter_misc":{"Est. reading time":"3 minutes"},"schema":{"@context":"https:\/\/schema.org","@graph":[{"@type":"WebPage","@id":"https:\/\/physiotherapy.ca\/fr\/audrey-long\/","url":"https:\/\/physiotherapy.ca\/fr\/audrey-long\/","name":"Audrey Long - Canadian Physiotherapy Association","isPartOf":{"@id":"https:\/\/physiotherapy.ca\/#website"},"primaryImageOfPage":{"@id":"https:\/\/physiotherapy.ca\/fr\/audrey-long\/#primaryimage"},"image":{"@id":"https:\/\/physiotherapy.ca\/fr\/audrey-long\/#primaryimage"},"thumbnailUrl":"https:\/\/physiotherapy.ca\/app\/uploads\/2022\/08\/csp-audrey-long.jpg","datePublished":"2022-08-08T19:34:32+00:00","dateModified":"2022-08-08T19:34:34+00:00","breadcrumb":{"@id":"https:\/\/physiotherapy.ca\/fr\/audrey-long\/#breadcrumb"},"inLanguage":"fr-FR","potentialAction":[{"@type":"ReadAction","target":["https:\/\/physiotherapy.ca\/fr\/audrey-long\/"]}]},{"@type":"ImageObject","inLanguage":"fr-FR","@id":"https:\/\/physiotherapy.ca\/fr\/audrey-long\/#primaryimage","url":"https:\/\/physiotherapy.ca\/app\/uploads\/2022\/08\/csp-audrey-long.jpg","contentUrl":"https:\/\/physiotherapy.ca\/app\/uploads\/2022\/08\/csp-audrey-long.jpg"},{"@type":"BreadcrumbList","@id":"https:\/\/physiotherapy.ca\/fr\/audrey-long\/#breadcrumb","itemListElement":[{"@type":"ListItem","position":1,"name":"Home","item":"https:\/\/physiotherapy.ca\/fr\/"},{"@type":"ListItem","position":2,"name":"Audrey Long"}]},{"@type":"WebSite","@id":"https:\/\/physiotherapy.ca\/#website","url":"https:\/\/physiotherapy.ca\/","name":"Canadian Physiotherapy Association","description":"The Canadian Physiotherapy Association (CPA) represents over 16,000 physiotherapy professionals and students across Canada.","potentialAction":[{"@type":"SearchAction","target":{"@type":"EntryPoint","urlTemplate":"https:\/\/physiotherapy.ca\/?s={search_term_string}"},"query-input":{"@type":"PropertyValueSpecification","valueRequired":true,"valueName":"search_term_string"}}],"inLanguage":"fr-FR"}]}},"_links":{"self":[{"href":"https:\/\/physiotherapy.ca\/fr\/wp-json\/wp\/v2\/pages\/6337","targetHints":{"allow":["GET"]}}],"collection":[{"href":"https:\/\/physiotherapy.ca\/fr\/wp-json\/wp\/v2\/pages"}],"about":[{"href":"https:\/\/physiotherapy.ca\/fr\/wp-json\/wp\/v2\/types\/page"}],"author":[{"embeddable":true,"href":"https:\/\/physiotherapy.ca\/fr\/wp-json\/wp\/v2\/users\/1"}],"replies":[{"embeddable":true,"href":"https:\/\/physiotherapy.ca\/fr\/wp-json\/wp\/v2\/comments?post=6337"}],"version-history":[{"count":5,"href":"https:\/\/physiotherapy.ca\/fr\/wp-json\/wp\/v2\/pages\/6337\/revisions"}],"predecessor-version":[{"id":6347,"href":"https:\/\/physiotherapy.ca\/fr\/wp-json\/wp\/v2\/pages\/6337\/revisions\/6347"}],"wp:attachment":[{"href":"https:\/\/physiotherapy.ca\/fr\/wp-json\/wp\/v2\/media?parent=6337"}],"wp:term":[{"taxonomy":"topic","embeddable":true,"href":"https:\/\/physiotherapy.ca\/fr\/wp-json\/wp\/v2\/topic?post=6337"}],"curies":[{"name":"wp","href":"https:\/\/api.w.org\/{rel}","templated":true}]}}