{"id":6349,"date":"2022-08-08T15:36:26","date_gmt":"2022-08-08T19:36:26","guid":{"rendered":"https:\/\/physiotherapy.ca\/?page_id=6349"},"modified":"2022-08-08T15:36:27","modified_gmt":"2022-08-08T19:36:27","slug":"lorrie-maffey","status":"publish","type":"page","link":"https:\/\/physiotherapy.ca\/fr\/lorrie-maffey\/","title":{"rendered":"Lorrie Maffey"},"content":{"rendered":"\n<div class=\"wp-block-media-text is-stacked-on-mobile is-vertically-aligned-top\" style=\"grid-template-columns:30% auto\"><figure class=\"wp-block-media-text__media\"><img loading=\"lazy\" decoding=\"async\" width=\"200\" height=\"196\" src=\"https:\/\/physiotherapy.ca\/app\/uploads\/2022\/08\/csp-lorrie-maffey.jpg\" alt=\"\" class=\"wp-image-5912 size-full\"\/><\/figure><div class=\"wp-block-media-text__content\">\n<p><strong>Domaine de sp\u00e9cialit\u00e9 clinique<\/strong>&nbsp;: musculosquelettique<\/p>\n\n\n\n<p><strong>Nombre d\u2019ann\u00e9es dans le domaine de pratique sp\u00e9cialis\u00e9e<\/strong>&nbsp;: 24<\/p>\n\n\n\n<p><strong>Secteurs d\u2019int\u00e9r\u00eat<\/strong>&nbsp;: Pr\u00e9vention des blessures, Retour aux sports, Renforcement de la performance, Aiguilles \u00e0 sec, Th\u00e9rapie manuelle, \u00c9chographie en temps r\u00e9el, Yoga, \u00c9ducation continue et \u00e9tudes sup\u00e9rieures en physioth\u00e9rapie orthop\u00e9dique, et normes d\u2019\u00e9ducation, Mentorat.<\/p>\n<\/div><\/div>\n\n\n\n<div style=\"height:27px\" aria-hidden=\"true\" class=\"wp-block-spacer\"><\/div>\n\n\n\n<p><strong>Passe-temps<\/strong>&nbsp;: Outre la physioth\u00e9rapie, Lorrie aime bien passer du temps \u00e0 l\u2019ext\u00e9rieur avec son \u00e9poux et sa petite fille, en faisant de la randonn\u00e9e, de la bicyclette, du cano\u00eb, du jardinage, ou en passant du temps avec leurs animaux (deux chevaux, 1&nbsp;chien et plus de 60&nbsp;000&nbsp;abeilles!).<\/p>\n\n\n\n<p><strong>Qu\u2019est\u2011ce que vous avez trouv\u00e9 le plus enrichissant au sujet du programme?<\/strong><\/p>\n\n\n\n<p>Le Programme de sp\u00e9cialiste clinique a cr\u00e9\u00e9 une tribune permettant la r\u00e9flexion sur sa carri\u00e8re professionnelle. \u00c0 mon avis, cette r\u00e9flexion sur sa pratique constitue l\u2019une des plus importantes fa\u00e7ons d\u2019\u00e9voluer ainsi que de d\u00e9terminer la voie vers l\u2019avancement de ses connaissances et de ses comp\u00e9tences. Je crois fermement dans l\u2019avancement des comp\u00e9tences et de la pratique cliniques, ainsi que dans la reconnaissance de ce principe au sein et \u00e0 l\u2019ext\u00e9rieur de la communaut\u00e9 de la physioth\u00e9rapie, car cela permettra de faire \u00e9voluer les soins des clients qui ont besoin de la physioth\u00e9rapie pour la prise en charge et la pr\u00e9vention des blessures. La cr\u00e9ation d\u2019un syst\u00e8me de sp\u00e9cialisation qui est unique et universel et qui pr\u00e9voit une vari\u00e9t\u00e9 de moyens diff\u00e9rents de r\u00e9alisation \u00e9tait tr\u00e8s importante pour moi, et je suis ravie pour l\u2019ACP et pour tous les physioth\u00e9rapeutes que ce programme soit maintenant en plein essor.&nbsp;<\/p>\n\n\n\n<hr class=\"wp-block-separator is-style-wide\"\/>\n\n\n\n<blockquote class=\"wp-block-quote is-layout-flow wp-block-quote-is-layout-flow\"><p><em><em>Le processus de sp\u00e9cialisation est un processus long, mais enrichissant. Je suis tr\u00e8s heureuse de m\u2019\u00eatre permis d\u2019amorcer ce processus et je le recommande \u00e0 tous les physioth\u00e9rapeutes. Il s\u2019agit d\u2019un exercice utile qui aide \u00e0 r\u00e9fl\u00e9chir sur soi-m\u00eame et nous aide \u00e0 d\u00e9terminer o\u00f9 nous en sommes dans cette merveilleuse profession de la physioth\u00e9rapi<\/em><\/em>e.<\/p><\/blockquote>\n\n\n\n<hr class=\"wp-block-separator is-style-wide\"\/>\n\n\n\n<p><strong>Lorsqu\u2019on lui demande comment le programme de sp\u00e9cialit\u00e9 clinique se r\u00e9percutera sur la profession, elle r\u00e9pond ce qui suit.<\/strong><\/p>\n\n\n\n<p>La r\u00e9flexion, comme elle est exprim\u00e9e dans le programme, par le partage de r\u00e9flexions cliniques, peut \u00e9voquer des changements personnels et professionnels, et ces changements peuvent comprendre des risques en encourageant la personne \u00e0 passer du connu \u00e0 l\u2019inconnu. La r\u00e9flexion favorise la contemplation qui, \u00e0 son tour, peut se traduire par un raisonnement qui peut modifier les soins cliniques ainsi que le d\u00e9sir et la capacit\u00e9 de partager ce raisonnement avec les autres. Par exemple, de tels changements peuvent se r\u00e9percuter directement ou indirectement sur la recherche concernant le soin des patients. Tout cela m\u00e8ne \u00e0 une collaboration \u00e9volu\u00e9e au sein et \u00e0 l\u2019ext\u00e9rieur de la profession, ce qui, en fin de compte, influe sur l\u2019endroit o\u00f9 se fait le travail, ainsi que sur le style et le genre de travail que l\u2019on fait au sein de la profession.<\/p>\n\n\n\n<p><strong>Que pensez\u2011vous de la valeur du programme de sp\u00e9cialit\u00e9?<\/strong><\/p>\n\n\n\n<p>Tout ce qui vaut la peine d\u2019\u00eatre fait n\u2019est pas facile \u00e0 faire. Je me suis rappel\u00e9e souvent ces paroles au cours de la demande de sp\u00e9cialisation et du processus s\u2019y rattachant. Il est toujours \u00e0 la fois renversant et enrichissant de constater combien de temps il faut consacrer \u00e0 l\u2019examen de sa propre pratique et \u00e0 la consignation sur papier des r\u00e9sultats de cet exercice. Je suis \u00e0 la fois \u00e9tonn\u00e9e de tout ce que j\u2019ai pu accomplir \u00e0 ce stade de ma carri\u00e8re, et \u00e9mue par tout de que je souhaite encore faire de plus pour les clients et les physioth\u00e9rapeutes. Ce processus de r\u00e9flexion m\u2019a aid\u00e9e \u00e0 cerner mes objectifs futurs (\u00e0 court et \u00e0 long terme). Depuis ma d\u00e9signation comme sp\u00e9cialiste, j\u2019ai connu un important \u00e9panouissement professionnel et j\u2019ai un merveilleux sentiment d\u2019\u00e9nergie renouvel\u00e9e et d\u2019enthousiasme concernant ce vers quoi cette voie professionnelle me m\u00e8nera maintenant.<\/p>\n\n\n\n<p>\u00ab&nbsp;Le succ\u00e8s, c\u2019est vous aimer vous-m\u00eame, c\u2019est aimer ce que vous faites et aimer comment vous le faites.&nbsp;\u00bbMaya&nbsp;Angelou<\/p>\n","protected":false},"excerpt":{"rendered":"<p>Domaine de sp\u00e9cialit\u00e9 clinique&nbsp;: musculosquelettique Nombre d\u2019ann\u00e9es dans le domaine de pratique sp\u00e9cialis\u00e9e&nbsp;: 24 Secteurs d\u2019int\u00e9r\u00eat&nbsp;: Pr\u00e9vention des blessures, Retour aux sports, Renforcement de la performance, Aiguilles \u00e0 sec, Th\u00e9rapie manuelle, \u00c9chographie en temps r\u00e9el, Yoga, \u00c9ducation continue et \u00e9tudes [&hellip;]<\/p>\n","protected":false},"author":1,"featured_media":0,"parent":0,"menu_order":0,"comment_status":"closed","ping_status":"closed","template":"","meta":{"inline_featured_image":false,"ep_exclude_from_search":false,"footnotes":""},"topic":[],"class_list":["post-6349","page","type-page","status-publish","hentry"],"acf":[],"yoast_head":"<!-- This site is optimized with the Yoast SEO plugin v24.7 - https:\/\/yoast.com\/wordpress\/plugins\/seo\/ -->\n<title>Lorrie Maffey - Canadian Physiotherapy Association<\/title>\n<meta name=\"robots\" content=\"index, follow, max-snippet:-1, max-image-preview:large, max-video-preview:-1\" \/>\n<link rel=\"canonical\" href=\"https:\/\/physiotherapy.ca\/fr\/lorrie-maffey\/\" \/>\n<meta property=\"og:locale\" content=\"fr_FR\" \/>\n<meta property=\"og:type\" content=\"article\" \/>\n<meta property=\"og:title\" content=\"Lorrie Maffey - Canadian Physiotherapy Association\" \/>\n<meta property=\"og:description\" content=\"Domaine de sp\u00e9cialit\u00e9 clinique&nbsp;: musculosquelettique Nombre d\u2019ann\u00e9es dans le domaine de pratique sp\u00e9cialis\u00e9e&nbsp;: 24 Secteurs d\u2019int\u00e9r\u00eat&nbsp;: Pr\u00e9vention des blessures, Retour aux sports, Renforcement de la performance, Aiguilles \u00e0 sec, Th\u00e9rapie manuelle, \u00c9chographie en temps r\u00e9el, Yoga, \u00c9ducation continue et \u00e9tudes [&hellip;]\" \/>\n<meta property=\"og:url\" content=\"https:\/\/physiotherapy.ca\/fr\/lorrie-maffey\/\" \/>\n<meta property=\"og:site_name\" content=\"Canadian Physiotherapy Association\" \/>\n<meta property=\"article:modified_time\" content=\"2022-08-08T19:36:27+00:00\" \/>\n<meta property=\"og:image\" content=\"https:\/\/physiotherapy.ca\/app\/uploads\/2022\/08\/csp-lorrie-maffey.jpg\" \/>\n<meta name=\"twitter:card\" content=\"summary_large_image\" \/>\n<meta name=\"twitter:label1\" content=\"Est. reading time\" \/>\n\t<meta name=\"twitter:data1\" content=\"4 minutes\" \/>\n<script type=\"application\/ld+json\" class=\"yoast-schema-graph\">{\"@context\":\"https:\/\/schema.org\",\"@graph\":[{\"@type\":\"WebPage\",\"@id\":\"https:\/\/physiotherapy.ca\/fr\/lorrie-maffey\/\",\"url\":\"https:\/\/physiotherapy.ca\/fr\/lorrie-maffey\/\",\"name\":\"Lorrie Maffey - Canadian Physiotherapy Association\",\"isPartOf\":{\"@id\":\"https:\/\/physiotherapy.ca\/#website\"},\"primaryImageOfPage\":{\"@id\":\"https:\/\/physiotherapy.ca\/fr\/lorrie-maffey\/#primaryimage\"},\"image\":{\"@id\":\"https:\/\/physiotherapy.ca\/fr\/lorrie-maffey\/#primaryimage\"},\"thumbnailUrl\":\"https:\/\/physiotherapy.ca\/app\/uploads\/2022\/08\/csp-lorrie-maffey.jpg\",\"datePublished\":\"2022-08-08T19:36:26+00:00\",\"dateModified\":\"2022-08-08T19:36:27+00:00\",\"breadcrumb\":{\"@id\":\"https:\/\/physiotherapy.ca\/fr\/lorrie-maffey\/#breadcrumb\"},\"inLanguage\":\"fr-FR\",\"potentialAction\":[{\"@type\":\"ReadAction\",\"target\":[\"https:\/\/physiotherapy.ca\/fr\/lorrie-maffey\/\"]}]},{\"@type\":\"ImageObject\",\"inLanguage\":\"fr-FR\",\"@id\":\"https:\/\/physiotherapy.ca\/fr\/lorrie-maffey\/#primaryimage\",\"url\":\"https:\/\/physiotherapy.ca\/app\/uploads\/2022\/08\/csp-lorrie-maffey.jpg\",\"contentUrl\":\"https:\/\/physiotherapy.ca\/app\/uploads\/2022\/08\/csp-lorrie-maffey.jpg\"},{\"@type\":\"BreadcrumbList\",\"@id\":\"https:\/\/physiotherapy.ca\/fr\/lorrie-maffey\/#breadcrumb\",\"itemListElement\":[{\"@type\":\"ListItem\",\"position\":1,\"name\":\"Home\",\"item\":\"https:\/\/physiotherapy.ca\/fr\/\"},{\"@type\":\"ListItem\",\"position\":2,\"name\":\"Lorrie Maffey\"}]},{\"@type\":\"WebSite\",\"@id\":\"https:\/\/physiotherapy.ca\/#website\",\"url\":\"https:\/\/physiotherapy.ca\/\",\"name\":\"Canadian Physiotherapy Association\",\"description\":\"The Canadian Physiotherapy Association (CPA) represents over 16,000 physiotherapy professionals and students across Canada.\",\"potentialAction\":[{\"@type\":\"SearchAction\",\"target\":{\"@type\":\"EntryPoint\",\"urlTemplate\":\"https:\/\/physiotherapy.ca\/?s={search_term_string}\"},\"query-input\":{\"@type\":\"PropertyValueSpecification\",\"valueRequired\":true,\"valueName\":\"search_term_string\"}}],\"inLanguage\":\"fr-FR\"}]}<\/script>\n<!-- \/ Yoast SEO plugin. -->","yoast_head_json":{"title":"Lorrie Maffey - Canadian Physiotherapy Association","robots":{"index":"index","follow":"follow","max-snippet":"max-snippet:-1","max-image-preview":"max-image-preview:large","max-video-preview":"max-video-preview:-1"},"canonical":"https:\/\/physiotherapy.ca\/fr\/lorrie-maffey\/","og_locale":"fr_FR","og_type":"article","og_title":"Lorrie Maffey - Canadian Physiotherapy Association","og_description":"Domaine de sp\u00e9cialit\u00e9 clinique&nbsp;: musculosquelettique Nombre d\u2019ann\u00e9es dans le domaine de pratique sp\u00e9cialis\u00e9e&nbsp;: 24 Secteurs d\u2019int\u00e9r\u00eat&nbsp;: Pr\u00e9vention des blessures, Retour aux sports, Renforcement de la performance, Aiguilles \u00e0 sec, Th\u00e9rapie manuelle, \u00c9chographie en temps r\u00e9el, Yoga, \u00c9ducation continue et \u00e9tudes [&hellip;]","og_url":"https:\/\/physiotherapy.ca\/fr\/lorrie-maffey\/","og_site_name":"Canadian Physiotherapy Association","article_modified_time":"2022-08-08T19:36:27+00:00","og_image":[{"url":"https:\/\/physiotherapy.ca\/app\/uploads\/2022\/08\/csp-lorrie-maffey.jpg","type":"","width":"","height":""}],"twitter_card":"summary_large_image","twitter_misc":{"Est. reading time":"4 minutes"},"schema":{"@context":"https:\/\/schema.org","@graph":[{"@type":"WebPage","@id":"https:\/\/physiotherapy.ca\/fr\/lorrie-maffey\/","url":"https:\/\/physiotherapy.ca\/fr\/lorrie-maffey\/","name":"Lorrie Maffey - Canadian Physiotherapy Association","isPartOf":{"@id":"https:\/\/physiotherapy.ca\/#website"},"primaryImageOfPage":{"@id":"https:\/\/physiotherapy.ca\/fr\/lorrie-maffey\/#primaryimage"},"image":{"@id":"https:\/\/physiotherapy.ca\/fr\/lorrie-maffey\/#primaryimage"},"thumbnailUrl":"https:\/\/physiotherapy.ca\/app\/uploads\/2022\/08\/csp-lorrie-maffey.jpg","datePublished":"2022-08-08T19:36:26+00:00","dateModified":"2022-08-08T19:36:27+00:00","breadcrumb":{"@id":"https:\/\/physiotherapy.ca\/fr\/lorrie-maffey\/#breadcrumb"},"inLanguage":"fr-FR","potentialAction":[{"@type":"ReadAction","target":["https:\/\/physiotherapy.ca\/fr\/lorrie-maffey\/"]}]},{"@type":"ImageObject","inLanguage":"fr-FR","@id":"https:\/\/physiotherapy.ca\/fr\/lorrie-maffey\/#primaryimage","url":"https:\/\/physiotherapy.ca\/app\/uploads\/2022\/08\/csp-lorrie-maffey.jpg","contentUrl":"https:\/\/physiotherapy.ca\/app\/uploads\/2022\/08\/csp-lorrie-maffey.jpg"},{"@type":"BreadcrumbList","@id":"https:\/\/physiotherapy.ca\/fr\/lorrie-maffey\/#breadcrumb","itemListElement":[{"@type":"ListItem","position":1,"name":"Home","item":"https:\/\/physiotherapy.ca\/fr\/"},{"@type":"ListItem","position":2,"name":"Lorrie Maffey"}]},{"@type":"WebSite","@id":"https:\/\/physiotherapy.ca\/#website","url":"https:\/\/physiotherapy.ca\/","name":"Canadian Physiotherapy Association","description":"The Canadian Physiotherapy Association (CPA) represents over 16,000 physiotherapy professionals and students across Canada.","potentialAction":[{"@type":"SearchAction","target":{"@type":"EntryPoint","urlTemplate":"https:\/\/physiotherapy.ca\/?s={search_term_string}"},"query-input":{"@type":"PropertyValueSpecification","valueRequired":true,"valueName":"search_term_string"}}],"inLanguage":"fr-FR"}]}},"_links":{"self":[{"href":"https:\/\/physiotherapy.ca\/fr\/wp-json\/wp\/v2\/pages\/6349","targetHints":{"allow":["GET"]}}],"collection":[{"href":"https:\/\/physiotherapy.ca\/fr\/wp-json\/wp\/v2\/pages"}],"about":[{"href":"https:\/\/physiotherapy.ca\/fr\/wp-json\/wp\/v2\/types\/page"}],"author":[{"embeddable":true,"href":"https:\/\/physiotherapy.ca\/fr\/wp-json\/wp\/v2\/users\/1"}],"replies":[{"embeddable":true,"href":"https:\/\/physiotherapy.ca\/fr\/wp-json\/wp\/v2\/comments?post=6349"}],"version-history":[{"count":2,"href":"https:\/\/physiotherapy.ca\/fr\/wp-json\/wp\/v2\/pages\/6349\/revisions"}],"predecessor-version":[{"id":6352,"href":"https:\/\/physiotherapy.ca\/fr\/wp-json\/wp\/v2\/pages\/6349\/revisions\/6352"}],"wp:attachment":[{"href":"https:\/\/physiotherapy.ca\/fr\/wp-json\/wp\/v2\/media?parent=6349"}],"wp:term":[{"taxonomy":"topic","embeddable":true,"href":"https:\/\/physiotherapy.ca\/fr\/wp-json\/wp\/v2\/topic?post=6349"}],"curies":[{"name":"wp","href":"https:\/\/api.w.org\/{rel}","templated":true}]}}