{"id":6355,"date":"2022-08-08T15:38:44","date_gmt":"2022-08-08T19:38:44","guid":{"rendered":"https:\/\/physiotherapy.ca\/?page_id=6355"},"modified":"2022-08-08T15:38:46","modified_gmt":"2022-08-08T19:38:46","slug":"susan-massitti","status":"publish","type":"page","link":"https:\/\/physiotherapy.ca\/fr\/susan-massitti\/","title":{"rendered":"Susan Massitti"},"content":{"rendered":"\n<div class=\"wp-block-media-text is-stacked-on-mobile is-vertically-aligned-top\" style=\"grid-template-columns:30% auto\"><figure class=\"wp-block-media-text__media\"><img loading=\"lazy\" decoding=\"async\" width=\"150\" height=\"224\" src=\"https:\/\/physiotherapy.ca\/app\/uploads\/2022\/08\/susan-massitti-photo150.jpg\" alt=\"\" class=\"wp-image-5918 size-full\" srcset=\"https:\/\/physiotherapy.ca\/app\/uploads\/2022\/08\/susan-massitti-photo150.jpg 150w, https:\/\/physiotherapy.ca\/app\/uploads\/2022\/08\/susan-massitti-photo150-134x200.jpg 134w\" sizes=\"auto, (max-width: 150px) 100vw, 150px\" \/><\/figure><div class=\"wp-block-media-text__content\">\n<p><strong>Domaine de sp\u00e9cialit\u00e9 clinique&nbsp;:&nbsp;<\/strong>Musculosquelettique<\/p>\n\n\n\n<p><strong>Ann\u00e9es de\u00a0pratique\u00a0:\u00a0<\/strong>Deux ann\u00e9es consacr\u00e9es \u00e0 se pr\u00e9parer et \u00e0 comp\u00e9titionner aux Jeux olympiques de Nagano de 1998. Susan a comp\u00e9titionn\u00e9 comme athl\u00e8te aux Jeux olympiques d\u2019hiver \u00e0 Nagano en 1998 en patinage de vitesse sur longue piste.<\/p>\n\n\n\n<p><strong>Secteurs d\u2019int\u00e9r\u00eat\u00a0:<\/strong>\u00a0La physioth\u00e9rapie sportive et orthop\u00e9dique, le mouvement comme m\u00e9decine. Susan Massitti est physioth\u00e9rapeute du sport et orthop\u00e9dique, et son expertise lui a permis d\u2019aider des athl\u00e8tes olympiques et amateurs.<\/p>\n<\/div><\/div>\n\n\n\n<div style=\"height:27px\" aria-hidden=\"true\" class=\"wp-block-spacer\"><\/div>\n\n\n\n<p>Susan est vou\u00e9e \u00e0 travailler avec ses clients pour leur permettre d\u2019atteindre une sant\u00e9 optimale et leur plein potentiel. Passionn\u00e9e par la philosophie du \u00ab mouvement comme m\u00e9decine \u00bb, Susan int\u00e8gre son exp\u00e9rience comme instructrice de Pilates, m\u00e8re de deux gar\u00e7ons actifs et athl\u00e8te olympique pour inspirer le mouvement. Susan a travaill\u00e9 comme physioth\u00e9rapeute dans le cadre de trois Jeux olympiques d\u2019\u00e9t\u00e9, de deux Jeux olympiques d\u2019hiver, des Jeux du Commonwealth pour la jeunesse de 2011 et de nombreux \u00e9v\u00e9nements sportifs internationaux, notamment \u00e0 titre de physioth\u00e9rapeute en chef lors des championnats du monde de patinage artistique de 2006.<\/p>\n\n\n\n<p><strong>Loisirs&nbsp;:&nbsp;<\/strong>Exp\u00e9rimenter la vie par le mouvement, musique et art, randonn\u00e9e, yoga, course, v\u00e9lo (route, montagne, monocycle), ski (de fond, alpin, nautique), Pilates, d\u00e9couvrir d\u2019autres cultures et apprendre de nouvelles langues.<\/p>\n\n\n\n<hr class=\"wp-block-separator is-style-wide\"\/>\n\n\n\n<blockquote class=\"wp-block-quote is-layout-flow wp-block-quote-is-layout-flow\"><p><em>\u00a0Je souhaitais recueillir les commentaires de mes pairs et j\u2019\u00e9tais curieuse de d\u00e9couvrir le processus de \u00absp\u00e9cialisation\u00bb.<\/em><\/p><\/blockquote>\n\n\n\n<hr class=\"wp-block-separator is-style-wide\"\/>\n\n\n\n<p><strong>O\u00f9 esp\u00e9rez-vous voir la profession dans 25 ans?<\/strong><\/p>\n\n\n\n<p>J\u2019esp\u00e8re voir les physioth\u00e9rapeutes mettre \u00e0 profit leurs comp\u00e9tences et leur expertise dans le cadre de strat\u00e9gies novatrices des fournisseurs de soins de sant\u00e9 primaires afin qu\u2019ils contribuent au bien-\u00eatre de notre soci\u00e9t\u00e9.<\/p>\n\n\n\n<p><strong>Pourquoi avoir choisi d\u2019\u00eatre sp\u00e9cialiste clinique?<\/strong><\/p>\n\n\n\n<p>Je souhaitais recueillir les commentaires de mes pairs et j\u2019\u00e9tais curieuse de d\u00e9couvrir le processus de \u00ab sp\u00e9cialisation \u00bb.<\/p>\n\n\n\n<p><strong>Qu\u2019est-ce la sp\u00e9cialisation clinique a chang\u00e9 dans votre pratique?<\/strong><\/p>\n\n\n\n<p>La sp\u00e9cialisation clinique n\u2019a pas chang\u00e9 ma pratique de mani\u00e8re consid\u00e9rable. Elle m\u2019a permis de confirmer que, \u00e0 titre de physioth\u00e9rapeutes, nous devons \u00eatre pr\u00e9sents \u00e0 l\u2019ext\u00e9rieur de notre profession pour continuer d\u2019informer les membres des autres \u00e9quipes m\u00e9dicales, les assureurs et le public en g\u00e9n\u00e9ral afin que le \u00ab r\u00f4le \u00bb de sp\u00e9cialiste clinique gagne en importance et soit reconnu par tous.<\/p>\n\n\n\n<h3 class=\"wp-block-heading\"><strong>Biographie<\/strong><\/h3>\n\n\n\n<p>J\u2019ai commenc\u00e9 mes \u00e9tudes universitaires en administration dans le but de d\u00e9crocher ensuite un dipl\u00f4me en droit. J\u2019\u00e9tais tr\u00e8s incertaine quant au \u00ab bon \u00bb choix de carri\u00e8re pour moi. J\u2019avais beaucoup aim\u00e9 un cours d\u2019anatomie, mais je n\u2019aimais pas le sang, alors j\u2019ai d\u00e9cid\u00e9 d\u2019essayer la physioth\u00e9rapie. Apr\u00e8s avoir termin\u00e9 une ma\u00eetrise clinique \u00e0 l\u2019Universit\u00e9 du Queensland, j\u2019ai commenc\u00e9 \u00e0 r\u00e9ellement comprendre comment un physioth\u00e9rapeute pouvait vraiment aider les personnes \u00e0 \u00eatre en sant\u00e9 et \u00e0 atteindre leur plein potentiel et leur donner les outils pour y parvenir. La possibilit\u00e9 et le d\u00e9fi d\u2019apprendre continuellement tout en faisant une diff\u00e9rence sont tr\u00e8s gratifiants.<\/p>\n\n\n\n<h3 class=\"wp-block-heading\"><strong>Dipl\u00f4mes<\/strong><\/h3>\n\n\n\n<p>Stimulation intramusculaire Gunn&nbsp;<br>Dipl\u00f4me en physioth\u00e9rapie manuelle et manipulatoire orthop\u00e9dique de niveau avanc\u00e9<br>Dipl\u00f4me de Physioth\u00e9rapie sportive du Canada (PSC)<br>Certificat en acupuncture m\u00e9dicale<br>Dipl\u00f4me de formation de professeurs de Pilates classique&nbsp;<\/p>\n\n\n\n<p>Je suis instructrice de stimulation intramusculaire Gunn \u00e0 l\u2019Universit\u00e9 de la Colombie-Britannique (<a href=\"http:\/\/www.ubcgunnims.ca\/\">www.ubcgunnims.ca<\/a>), examinatrice pour Physioth\u00e9rapie sportive du Canada depuis 2000 (<a href=\"http:\/\/www.sportphysio.ca\/\">www.sportphysio.ca<\/a>), instructrice \u00e0 l\u2019Institut national de formation des entra\u00eeneurs (<a href=\"http:\/\/www.csicalgary.ca\/\">www.csicalgary.ca<\/a>) et instructrice de Pilates classique.<\/p>\n","protected":false},"excerpt":{"rendered":"<p>Domaine de sp\u00e9cialit\u00e9 clinique&nbsp;:&nbsp;Musculosquelettique Ann\u00e9es de\u00a0pratique\u00a0:\u00a0Deux ann\u00e9es consacr\u00e9es \u00e0 se pr\u00e9parer et \u00e0 comp\u00e9titionner aux Jeux olympiques de Nagano de 1998. Susan a comp\u00e9titionn\u00e9 comme athl\u00e8te aux Jeux olympiques d\u2019hiver \u00e0 Nagano en 1998 en patinage de vitesse sur longue [&hellip;]<\/p>\n","protected":false},"author":1,"featured_media":0,"parent":0,"menu_order":0,"comment_status":"closed","ping_status":"closed","template":"","meta":{"inline_featured_image":false,"ep_exclude_from_search":false,"footnotes":""},"topic":[],"class_list":["post-6355","page","type-page","status-publish","hentry"],"acf":[],"yoast_head":"<!-- This site is optimized with the Yoast SEO plugin v24.7 - https:\/\/yoast.com\/wordpress\/plugins\/seo\/ -->\n<title>Susan Massitti - Canadian Physiotherapy Association<\/title>\n<meta name=\"robots\" content=\"index, follow, max-snippet:-1, max-image-preview:large, max-video-preview:-1\" \/>\n<link rel=\"canonical\" href=\"https:\/\/physiotherapy.ca\/fr\/susan-massitti\/\" \/>\n<meta property=\"og:locale\" content=\"fr_FR\" \/>\n<meta property=\"og:type\" content=\"article\" \/>\n<meta property=\"og:title\" content=\"Susan Massitti - Canadian Physiotherapy Association\" \/>\n<meta property=\"og:description\" content=\"Domaine de sp\u00e9cialit\u00e9 clinique&nbsp;:&nbsp;Musculosquelettique Ann\u00e9es de\u00a0pratique\u00a0:\u00a0Deux ann\u00e9es consacr\u00e9es \u00e0 se pr\u00e9parer et \u00e0 comp\u00e9titionner aux Jeux olympiques de Nagano de 1998. Susan a comp\u00e9titionn\u00e9 comme athl\u00e8te aux Jeux olympiques d\u2019hiver \u00e0 Nagano en 1998 en patinage de vitesse sur longue [&hellip;]\" \/>\n<meta property=\"og:url\" content=\"https:\/\/physiotherapy.ca\/fr\/susan-massitti\/\" \/>\n<meta property=\"og:site_name\" content=\"Canadian Physiotherapy Association\" \/>\n<meta property=\"article:modified_time\" content=\"2022-08-08T19:38:46+00:00\" \/>\n<meta property=\"og:image\" content=\"https:\/\/physiotherapy.ca\/app\/uploads\/2022\/08\/susan-massitti-photo150.jpg\" \/>\n<meta name=\"twitter:card\" content=\"summary_large_image\" \/>\n<meta name=\"twitter:label1\" content=\"Est. reading time\" \/>\n\t<meta name=\"twitter:data1\" content=\"3 minutes\" \/>\n<script type=\"application\/ld+json\" class=\"yoast-schema-graph\">{\"@context\":\"https:\/\/schema.org\",\"@graph\":[{\"@type\":\"WebPage\",\"@id\":\"https:\/\/physiotherapy.ca\/fr\/susan-massitti\/\",\"url\":\"https:\/\/physiotherapy.ca\/fr\/susan-massitti\/\",\"name\":\"Susan Massitti - Canadian Physiotherapy Association\",\"isPartOf\":{\"@id\":\"https:\/\/physiotherapy.ca\/#website\"},\"primaryImageOfPage\":{\"@id\":\"https:\/\/physiotherapy.ca\/fr\/susan-massitti\/#primaryimage\"},\"image\":{\"@id\":\"https:\/\/physiotherapy.ca\/fr\/susan-massitti\/#primaryimage\"},\"thumbnailUrl\":\"https:\/\/physiotherapy.ca\/app\/uploads\/2022\/08\/susan-massitti-photo150.jpg\",\"datePublished\":\"2022-08-08T19:38:44+00:00\",\"dateModified\":\"2022-08-08T19:38:46+00:00\",\"breadcrumb\":{\"@id\":\"https:\/\/physiotherapy.ca\/fr\/susan-massitti\/#breadcrumb\"},\"inLanguage\":\"fr-FR\",\"potentialAction\":[{\"@type\":\"ReadAction\",\"target\":[\"https:\/\/physiotherapy.ca\/fr\/susan-massitti\/\"]}]},{\"@type\":\"ImageObject\",\"inLanguage\":\"fr-FR\",\"@id\":\"https:\/\/physiotherapy.ca\/fr\/susan-massitti\/#primaryimage\",\"url\":\"https:\/\/physiotherapy.ca\/app\/uploads\/2022\/08\/susan-massitti-photo150.jpg\",\"contentUrl\":\"https:\/\/physiotherapy.ca\/app\/uploads\/2022\/08\/susan-massitti-photo150.jpg\"},{\"@type\":\"BreadcrumbList\",\"@id\":\"https:\/\/physiotherapy.ca\/fr\/susan-massitti\/#breadcrumb\",\"itemListElement\":[{\"@type\":\"ListItem\",\"position\":1,\"name\":\"Home\",\"item\":\"https:\/\/physiotherapy.ca\/fr\/\"},{\"@type\":\"ListItem\",\"position\":2,\"name\":\"Susan Massitti\"}]},{\"@type\":\"WebSite\",\"@id\":\"https:\/\/physiotherapy.ca\/#website\",\"url\":\"https:\/\/physiotherapy.ca\/\",\"name\":\"Canadian Physiotherapy Association\",\"description\":\"The Canadian Physiotherapy Association (CPA) represents over 16,000 physiotherapy professionals and students across Canada.\",\"potentialAction\":[{\"@type\":\"SearchAction\",\"target\":{\"@type\":\"EntryPoint\",\"urlTemplate\":\"https:\/\/physiotherapy.ca\/?s={search_term_string}\"},\"query-input\":{\"@type\":\"PropertyValueSpecification\",\"valueRequired\":true,\"valueName\":\"search_term_string\"}}],\"inLanguage\":\"fr-FR\"}]}<\/script>\n<!-- \/ Yoast SEO plugin. -->","yoast_head_json":{"title":"Susan Massitti - Canadian Physiotherapy Association","robots":{"index":"index","follow":"follow","max-snippet":"max-snippet:-1","max-image-preview":"max-image-preview:large","max-video-preview":"max-video-preview:-1"},"canonical":"https:\/\/physiotherapy.ca\/fr\/susan-massitti\/","og_locale":"fr_FR","og_type":"article","og_title":"Susan Massitti - Canadian Physiotherapy Association","og_description":"Domaine de sp\u00e9cialit\u00e9 clinique&nbsp;:&nbsp;Musculosquelettique Ann\u00e9es de\u00a0pratique\u00a0:\u00a0Deux ann\u00e9es consacr\u00e9es \u00e0 se pr\u00e9parer et \u00e0 comp\u00e9titionner aux Jeux olympiques de Nagano de 1998. Susan a comp\u00e9titionn\u00e9 comme athl\u00e8te aux Jeux olympiques d\u2019hiver \u00e0 Nagano en 1998 en patinage de vitesse sur longue [&hellip;]","og_url":"https:\/\/physiotherapy.ca\/fr\/susan-massitti\/","og_site_name":"Canadian Physiotherapy Association","article_modified_time":"2022-08-08T19:38:46+00:00","og_image":[{"url":"https:\/\/physiotherapy.ca\/app\/uploads\/2022\/08\/susan-massitti-photo150.jpg","type":"","width":"","height":""}],"twitter_card":"summary_large_image","twitter_misc":{"Est. reading time":"3 minutes"},"schema":{"@context":"https:\/\/schema.org","@graph":[{"@type":"WebPage","@id":"https:\/\/physiotherapy.ca\/fr\/susan-massitti\/","url":"https:\/\/physiotherapy.ca\/fr\/susan-massitti\/","name":"Susan Massitti - Canadian Physiotherapy Association","isPartOf":{"@id":"https:\/\/physiotherapy.ca\/#website"},"primaryImageOfPage":{"@id":"https:\/\/physiotherapy.ca\/fr\/susan-massitti\/#primaryimage"},"image":{"@id":"https:\/\/physiotherapy.ca\/fr\/susan-massitti\/#primaryimage"},"thumbnailUrl":"https:\/\/physiotherapy.ca\/app\/uploads\/2022\/08\/susan-massitti-photo150.jpg","datePublished":"2022-08-08T19:38:44+00:00","dateModified":"2022-08-08T19:38:46+00:00","breadcrumb":{"@id":"https:\/\/physiotherapy.ca\/fr\/susan-massitti\/#breadcrumb"},"inLanguage":"fr-FR","potentialAction":[{"@type":"ReadAction","target":["https:\/\/physiotherapy.ca\/fr\/susan-massitti\/"]}]},{"@type":"ImageObject","inLanguage":"fr-FR","@id":"https:\/\/physiotherapy.ca\/fr\/susan-massitti\/#primaryimage","url":"https:\/\/physiotherapy.ca\/app\/uploads\/2022\/08\/susan-massitti-photo150.jpg","contentUrl":"https:\/\/physiotherapy.ca\/app\/uploads\/2022\/08\/susan-massitti-photo150.jpg"},{"@type":"BreadcrumbList","@id":"https:\/\/physiotherapy.ca\/fr\/susan-massitti\/#breadcrumb","itemListElement":[{"@type":"ListItem","position":1,"name":"Home","item":"https:\/\/physiotherapy.ca\/fr\/"},{"@type":"ListItem","position":2,"name":"Susan Massitti"}]},{"@type":"WebSite","@id":"https:\/\/physiotherapy.ca\/#website","url":"https:\/\/physiotherapy.ca\/","name":"Canadian Physiotherapy Association","description":"The Canadian Physiotherapy Association (CPA) represents over 16,000 physiotherapy professionals and students across Canada.","potentialAction":[{"@type":"SearchAction","target":{"@type":"EntryPoint","urlTemplate":"https:\/\/physiotherapy.ca\/?s={search_term_string}"},"query-input":{"@type":"PropertyValueSpecification","valueRequired":true,"valueName":"search_term_string"}}],"inLanguage":"fr-FR"}]}},"_links":{"self":[{"href":"https:\/\/physiotherapy.ca\/fr\/wp-json\/wp\/v2\/pages\/6355","targetHints":{"allow":["GET"]}}],"collection":[{"href":"https:\/\/physiotherapy.ca\/fr\/wp-json\/wp\/v2\/pages"}],"about":[{"href":"https:\/\/physiotherapy.ca\/fr\/wp-json\/wp\/v2\/types\/page"}],"author":[{"embeddable":true,"href":"https:\/\/physiotherapy.ca\/fr\/wp-json\/wp\/v2\/users\/1"}],"replies":[{"embeddable":true,"href":"https:\/\/physiotherapy.ca\/fr\/wp-json\/wp\/v2\/comments?post=6355"}],"version-history":[{"count":2,"href":"https:\/\/physiotherapy.ca\/fr\/wp-json\/wp\/v2\/pages\/6355\/revisions"}],"predecessor-version":[{"id":6363,"href":"https:\/\/physiotherapy.ca\/fr\/wp-json\/wp\/v2\/pages\/6355\/revisions\/6363"}],"wp:attachment":[{"href":"https:\/\/physiotherapy.ca\/fr\/wp-json\/wp\/v2\/media?parent=6355"}],"wp:term":[{"taxonomy":"topic","embeddable":true,"href":"https:\/\/physiotherapy.ca\/fr\/wp-json\/wp\/v2\/topic?post=6355"}],"curies":[{"name":"wp","href":"https:\/\/api.w.org\/{rel}","templated":true}]}}