{"id":6366,"date":"2022-08-08T15:41:50","date_gmt":"2022-08-08T19:41:50","guid":{"rendered":"https:\/\/physiotherapy.ca\/?page_id=6366"},"modified":"2022-08-08T15:41:51","modified_gmt":"2022-08-08T19:41:51","slug":"jill-robertson","status":"publish","type":"page","link":"https:\/\/physiotherapy.ca\/fr\/jill-robertson\/","title":{"rendered":"Jill Robertson"},"content":{"rendered":"\n<div class=\"wp-block-media-text is-stacked-on-mobile is-vertically-aligned-top\" style=\"grid-template-columns:34% auto\"><figure class=\"wp-block-media-text__media\"><img loading=\"lazy\" decoding=\"async\" width=\"1003\" height=\"1024\" src=\"https:\/\/physiotherapy.ca\/app\/uploads\/2022\/08\/jill_robertson_new-1003x1024.jpg\" alt=\"\" class=\"wp-image-5924 size-full\" srcset=\"https:\/\/physiotherapy.ca\/app\/uploads\/2022\/08\/jill_robertson_new-1003x1024.jpg 1003w, https:\/\/physiotherapy.ca\/app\/uploads\/2022\/08\/jill_robertson_new-600x612.jpg 600w, https:\/\/physiotherapy.ca\/app\/uploads\/2022\/08\/jill_robertson_new-294x300.jpg 294w, https:\/\/physiotherapy.ca\/app\/uploads\/2022\/08\/jill_robertson_new-768x784.jpg 768w, https:\/\/physiotherapy.ca\/app\/uploads\/2022\/08\/jill_robertson_new-196x200.jpg 196w, https:\/\/physiotherapy.ca\/app\/uploads\/2022\/08\/jill_robertson_new.jpg 1504w\" sizes=\"auto, (max-width: 1003px) 100vw, 1003px\" \/><\/figure><div class=\"wp-block-media-text__content\">\n<p><strong>Domaine de sp\u00e9cialit\u00e9 clinique&nbsp;:&nbsp;<\/strong>Musculosquelettique<\/p>\n\n\n\n<p><strong>Nombre d\u2019ann\u00e9es de pratique dans ce domaine :&nbsp;<\/strong>25<\/p>\n\n\n\n<p><strong>Secteurs d\u2019int\u00e9r\u00eat professionnel :&nbsp;<\/strong>Th\u00e9rapie manuelle; diagnostics; hanches<\/p>\n\n\n\n<p><strong>Que trouvez-vous le plus satisfaisant dans le programme de sp\u00e9cialit\u00e9?<\/strong><\/p>\n\n\n\n<p>Ce processus d&#8217;autor\u00e9flexion m&#8217;a permis d&#8217;\u00eatre satisfaite de moi-m\u00eame et du travail que j&#8217;ai&nbsp; accompli au fil des ans, et m&#8217;a aussi ouvert l&#8217;esprit. &nbsp;<\/p>\n<\/div><\/div>\n\n\n\n<div style=\"height:27px\" aria-hidden=\"true\" class=\"wp-block-spacer\"><\/div>\n\n\n\n<p><strong>Pourquoi avez-vous particip\u00e9 au programme?<\/strong><\/p>\n\n\n\n<p>On m&#8217;a demand\u00e9 d&#8217;\u00eatre \u00e9valuatrice et je devais d&#8217;abord suivre le programme. Je ne suis pas certaine que je l&#8217;aurais suivi sinon, mais maintenant que je l&#8217;ai fait, j&#8217;en suis tr\u00e8s contente. &nbsp;<\/p>\n\n\n\n<p><strong>O\u00f9 esp\u00e9rez-vous voir la profession dans 25 ans?<\/strong><\/p>\n\n\n\n<p>Je souhaiterais que le premier r\u00e9flexe des gens ayant des troubles musculosquelettiques soit d&#8217;aller consulter un physioth\u00e9rapeute.<br><strong>&nbsp;<\/strong><\/p>\n\n\n\n<p><strong>Selon vous, quel impact aura la sp\u00e9cialisation dans votre domaine?<\/strong><\/p>\n\n\n\n<p>La sp\u00e9cialisation peut amener les physioth\u00e9rapeutes qui se croient sp\u00e9cialistes \u00e0 faire davantage de recherches pour obtenir ce titre.&nbsp;<\/p>\n\n\n\n<p><strong>Quelle est la valeur du programme de sp\u00e9cialit\u00e9 pour les candidats?<\/strong><\/p>\n\n\n\n<p>Elle prouve aux yeux des coll\u00e8gues et du public qu&#8217;ils ont travaill\u00e9 plus fort au fil des ans que les autres physioth\u00e9rapeutes pour parvenir \u00e0 ce titre.&nbsp;<\/p>\n\n\n\n<p><strong>Quels facteurs importants faut-il prendre en compte lorsqu\u2019on souhaite faire une sp\u00e9cialit\u00e9 clinique?<\/strong><\/p>\n\n\n\n<p>Apprenez en vous amusant, partagez ce que vous avez appris et vous obtiendrez naturellement ce dont vous avez besoin pour devenir sp\u00e9cialiste.&nbsp;<br><strong>Quelles comp\u00e9tences avez-vous acquises ou am\u00e9lior\u00e9es pendant le processus de sp\u00e9cialisation?<\/strong><\/p>\n\n\n\n<p>L&#8217;autor\u00e9flexion et l&#8217;organisation.<\/p>\n\n\n\n<p><strong>Quel conseil donneriez-vous aux candidats qui s\u2019engagent dans le processus de sp\u00e9cialisation?<\/strong><br>Ayez confiance. V\u00e9rifiez les exigences avant de faire une demande au cas o\u00f9 vous devriez am\u00e9liorer certains aspects avant le d\u00e9but du processus.<br>&nbsp;<\/p>\n\n\n\n<p><strong>Quel impact a le titre de sp\u00e9cialiste sur vous et votre carri\u00e8re?<\/strong><\/p>\n\n\n\n<p>Mon titre de sp\u00e9cialiste m&#8217;a donn\u00e9 plus de cr\u00e9dibilit\u00e9 aupr\u00e8s des avocats. &nbsp;<\/p>\n\n\n\n<h3 class=\"wp-block-heading\"><strong>Biographie&nbsp;<\/strong><\/h3>\n\n\n\n<p>J&#8217;ai obtenu un B. Sc. en physioth\u00e9rapie de l&#8217;Universit\u00e9 Dalhousie en 1987. &nbsp;Mon premier emploi \u00e9tait dans un h\u00f4pital de Revelstoke, en Colombie-Britannique. J&#8217;avais comme objectif de faire du ski et de suivre les cours de th\u00e9rapie manuelle offerts par les meilleurs mentors au pays. Deux ans plus tard, je suis revenue \u00e0 Halifax (N.-\u00c9.) et j&#8217;ai commenc\u00e9 ma carri\u00e8re dans le secteur priv\u00e9 avec Michael Ritchie. J&#8217;ai pass\u00e9 l&#8217;examen interm\u00e9diaire de th\u00e9rapie manuelle en 1991, puis j&#8217;ai \u00e9pous\u00e9 Steve. J&#8217;ai ouvert ma premi\u00e8re clinique, Beaverbank Orthopaedic and Sport Physiotherapy, en 1993. J&#8217;ai donn\u00e9 naissance \u00e0 ma fille, Ali, en 1994 et \u00e0 mon fils, Sam, en 1996 \u2013 deux mois avant le passage de mon examen avanc\u00e9 de th\u00e9rapie manuelle. J&#8217;ai fait mes \u00e9tudes de ma\u00eetrise entre 1998 et 2001. &nbsp;Ma th\u00e8se porte sur les techniques d&#8217;\u00e9tirement pour l&#8217;extension de la hanche. En 2002, j&#8217;ai ouvert ma seconde clinique, Young Kempt Physiotherapy, o\u00f9 je travaille actuellement. Je travaille \u00e9galement \u00e0 l&#8217;Universit\u00e9 Dalhousie, o\u00f9 j&#8217;ai commenc\u00e9 \u00e0 enseigner en 1990. Je suis devenue instructrice de la division orthop\u00e9die de l&#8217;ACP en 1997 et j&#8217;ai \u00e9t\u00e9 promue examinatrice en 2002 et examinatrice en chef en 2014. J&#8217;ai re\u00e7u mon titre de sp\u00e9cialiste clinique en 2012. Je crois fermement au travail b\u00e9n\u00e9vole dans notre profession. J&#8217;ai d&#8217;ailleurs fait partie de nombreux comit\u00e9s, dont le comit\u00e9 directeur de la division nationale d\u2019orthop\u00e9die \u00e0 deux reprises et le Canadian Academy of Manipulative Physiotherapy pendant huit ans. Lorsque je ne suis pas au travail, j&#8217;aime jouer au tennis, faire du ski nautique et du ski sur neige, promener mes chiens, mais par dessus tout passer du temps avec ma famille, surtout quand nous jouons \u00e0 des jeux.<\/p>\n","protected":false},"excerpt":{"rendered":"<p>Domaine de sp\u00e9cialit\u00e9 clinique&nbsp;:&nbsp;Musculosquelettique Nombre d\u2019ann\u00e9es de pratique dans ce domaine :&nbsp;25 Secteurs d\u2019int\u00e9r\u00eat professionnel :&nbsp;Th\u00e9rapie manuelle; diagnostics; hanches Que trouvez-vous le plus satisfaisant dans le programme de sp\u00e9cialit\u00e9? Ce processus d&#8217;autor\u00e9flexion m&#8217;a permis d&#8217;\u00eatre satisfaite de moi-m\u00eame et du [&hellip;]<\/p>\n","protected":false},"author":1,"featured_media":0,"parent":0,"menu_order":0,"comment_status":"closed","ping_status":"closed","template":"","meta":{"inline_featured_image":false,"ep_exclude_from_search":false,"footnotes":""},"topic":[],"class_list":["post-6366","page","type-page","status-publish","hentry"],"acf":[],"yoast_head":"<!-- This site is optimized with the Yoast SEO plugin v24.7 - https:\/\/yoast.com\/wordpress\/plugins\/seo\/ -->\n<title>Jill Robertson - Canadian Physiotherapy Association<\/title>\n<meta name=\"robots\" content=\"index, follow, max-snippet:-1, max-image-preview:large, max-video-preview:-1\" \/>\n<link rel=\"canonical\" href=\"https:\/\/physiotherapy.ca\/fr\/jill-robertson\/\" \/>\n<meta property=\"og:locale\" content=\"fr_FR\" \/>\n<meta property=\"og:type\" content=\"article\" \/>\n<meta property=\"og:title\" content=\"Jill Robertson - Canadian Physiotherapy Association\" \/>\n<meta property=\"og:description\" content=\"Domaine de sp\u00e9cialit\u00e9 clinique&nbsp;:&nbsp;Musculosquelettique Nombre d\u2019ann\u00e9es de pratique dans ce domaine :&nbsp;25 Secteurs d\u2019int\u00e9r\u00eat professionnel :&nbsp;Th\u00e9rapie manuelle; diagnostics; hanches Que trouvez-vous le plus satisfaisant dans le programme de sp\u00e9cialit\u00e9? Ce processus d&#8217;autor\u00e9flexion m&#8217;a permis d&#8217;\u00eatre satisfaite de moi-m\u00eame et du [&hellip;]\" \/>\n<meta property=\"og:url\" content=\"https:\/\/physiotherapy.ca\/fr\/jill-robertson\/\" \/>\n<meta property=\"og:site_name\" content=\"Canadian Physiotherapy Association\" \/>\n<meta property=\"article:modified_time\" content=\"2022-08-08T19:41:51+00:00\" \/>\n<meta property=\"og:image\" content=\"https:\/\/physiotherapy.ca\/app\/uploads\/2022\/08\/jill_robertson_new-1003x1024.jpg\" \/>\n<meta name=\"twitter:card\" content=\"summary_large_image\" \/>\n<meta name=\"twitter:label1\" content=\"Est. reading time\" \/>\n\t<meta name=\"twitter:data1\" content=\"3 minutes\" \/>\n<script type=\"application\/ld+json\" class=\"yoast-schema-graph\">{\"@context\":\"https:\/\/schema.org\",\"@graph\":[{\"@type\":\"WebPage\",\"@id\":\"https:\/\/physiotherapy.ca\/fr\/jill-robertson\/\",\"url\":\"https:\/\/physiotherapy.ca\/fr\/jill-robertson\/\",\"name\":\"Jill Robertson - Canadian Physiotherapy Association\",\"isPartOf\":{\"@id\":\"https:\/\/physiotherapy.ca\/#website\"},\"primaryImageOfPage\":{\"@id\":\"https:\/\/physiotherapy.ca\/fr\/jill-robertson\/#primaryimage\"},\"image\":{\"@id\":\"https:\/\/physiotherapy.ca\/fr\/jill-robertson\/#primaryimage\"},\"thumbnailUrl\":\"https:\/\/physiotherapy.ca\/app\/uploads\/2022\/08\/jill_robertson_new-1003x1024.jpg\",\"datePublished\":\"2022-08-08T19:41:50+00:00\",\"dateModified\":\"2022-08-08T19:41:51+00:00\",\"breadcrumb\":{\"@id\":\"https:\/\/physiotherapy.ca\/fr\/jill-robertson\/#breadcrumb\"},\"inLanguage\":\"fr-FR\",\"potentialAction\":[{\"@type\":\"ReadAction\",\"target\":[\"https:\/\/physiotherapy.ca\/fr\/jill-robertson\/\"]}]},{\"@type\":\"ImageObject\",\"inLanguage\":\"fr-FR\",\"@id\":\"https:\/\/physiotherapy.ca\/fr\/jill-robertson\/#primaryimage\",\"url\":\"https:\/\/physiotherapy.ca\/app\/uploads\/2022\/08\/jill_robertson_new-1003x1024.jpg\",\"contentUrl\":\"https:\/\/physiotherapy.ca\/app\/uploads\/2022\/08\/jill_robertson_new-1003x1024.jpg\"},{\"@type\":\"BreadcrumbList\",\"@id\":\"https:\/\/physiotherapy.ca\/fr\/jill-robertson\/#breadcrumb\",\"itemListElement\":[{\"@type\":\"ListItem\",\"position\":1,\"name\":\"Home\",\"item\":\"https:\/\/physiotherapy.ca\/fr\/\"},{\"@type\":\"ListItem\",\"position\":2,\"name\":\"Jill Robertson\"}]},{\"@type\":\"WebSite\",\"@id\":\"https:\/\/physiotherapy.ca\/#website\",\"url\":\"https:\/\/physiotherapy.ca\/\",\"name\":\"Canadian Physiotherapy Association\",\"description\":\"The Canadian Physiotherapy Association (CPA) represents over 16,000 physiotherapy professionals and students across Canada.\",\"potentialAction\":[{\"@type\":\"SearchAction\",\"target\":{\"@type\":\"EntryPoint\",\"urlTemplate\":\"https:\/\/physiotherapy.ca\/?s={search_term_string}\"},\"query-input\":{\"@type\":\"PropertyValueSpecification\",\"valueRequired\":true,\"valueName\":\"search_term_string\"}}],\"inLanguage\":\"fr-FR\"}]}<\/script>\n<!-- \/ Yoast SEO plugin. -->","yoast_head_json":{"title":"Jill Robertson - Canadian Physiotherapy Association","robots":{"index":"index","follow":"follow","max-snippet":"max-snippet:-1","max-image-preview":"max-image-preview:large","max-video-preview":"max-video-preview:-1"},"canonical":"https:\/\/physiotherapy.ca\/fr\/jill-robertson\/","og_locale":"fr_FR","og_type":"article","og_title":"Jill Robertson - Canadian Physiotherapy Association","og_description":"Domaine de sp\u00e9cialit\u00e9 clinique&nbsp;:&nbsp;Musculosquelettique Nombre d\u2019ann\u00e9es de pratique dans ce domaine :&nbsp;25 Secteurs d\u2019int\u00e9r\u00eat professionnel :&nbsp;Th\u00e9rapie manuelle; diagnostics; hanches Que trouvez-vous le plus satisfaisant dans le programme de sp\u00e9cialit\u00e9? Ce processus d&#8217;autor\u00e9flexion m&#8217;a permis d&#8217;\u00eatre satisfaite de moi-m\u00eame et du [&hellip;]","og_url":"https:\/\/physiotherapy.ca\/fr\/jill-robertson\/","og_site_name":"Canadian Physiotherapy Association","article_modified_time":"2022-08-08T19:41:51+00:00","og_image":[{"url":"https:\/\/physiotherapy.ca\/app\/uploads\/2022\/08\/jill_robertson_new-1003x1024.jpg","type":"","width":"","height":""}],"twitter_card":"summary_large_image","twitter_misc":{"Est. reading time":"3 minutes"},"schema":{"@context":"https:\/\/schema.org","@graph":[{"@type":"WebPage","@id":"https:\/\/physiotherapy.ca\/fr\/jill-robertson\/","url":"https:\/\/physiotherapy.ca\/fr\/jill-robertson\/","name":"Jill Robertson - Canadian Physiotherapy Association","isPartOf":{"@id":"https:\/\/physiotherapy.ca\/#website"},"primaryImageOfPage":{"@id":"https:\/\/physiotherapy.ca\/fr\/jill-robertson\/#primaryimage"},"image":{"@id":"https:\/\/physiotherapy.ca\/fr\/jill-robertson\/#primaryimage"},"thumbnailUrl":"https:\/\/physiotherapy.ca\/app\/uploads\/2022\/08\/jill_robertson_new-1003x1024.jpg","datePublished":"2022-08-08T19:41:50+00:00","dateModified":"2022-08-08T19:41:51+00:00","breadcrumb":{"@id":"https:\/\/physiotherapy.ca\/fr\/jill-robertson\/#breadcrumb"},"inLanguage":"fr-FR","potentialAction":[{"@type":"ReadAction","target":["https:\/\/physiotherapy.ca\/fr\/jill-robertson\/"]}]},{"@type":"ImageObject","inLanguage":"fr-FR","@id":"https:\/\/physiotherapy.ca\/fr\/jill-robertson\/#primaryimage","url":"https:\/\/physiotherapy.ca\/app\/uploads\/2022\/08\/jill_robertson_new-1003x1024.jpg","contentUrl":"https:\/\/physiotherapy.ca\/app\/uploads\/2022\/08\/jill_robertson_new-1003x1024.jpg"},{"@type":"BreadcrumbList","@id":"https:\/\/physiotherapy.ca\/fr\/jill-robertson\/#breadcrumb","itemListElement":[{"@type":"ListItem","position":1,"name":"Home","item":"https:\/\/physiotherapy.ca\/fr\/"},{"@type":"ListItem","position":2,"name":"Jill Robertson"}]},{"@type":"WebSite","@id":"https:\/\/physiotherapy.ca\/#website","url":"https:\/\/physiotherapy.ca\/","name":"Canadian Physiotherapy Association","description":"The Canadian Physiotherapy Association (CPA) represents over 16,000 physiotherapy professionals and students across Canada.","potentialAction":[{"@type":"SearchAction","target":{"@type":"EntryPoint","urlTemplate":"https:\/\/physiotherapy.ca\/?s={search_term_string}"},"query-input":{"@type":"PropertyValueSpecification","valueRequired":true,"valueName":"search_term_string"}}],"inLanguage":"fr-FR"}]}},"_links":{"self":[{"href":"https:\/\/physiotherapy.ca\/fr\/wp-json\/wp\/v2\/pages\/6366","targetHints":{"allow":["GET"]}}],"collection":[{"href":"https:\/\/physiotherapy.ca\/fr\/wp-json\/wp\/v2\/pages"}],"about":[{"href":"https:\/\/physiotherapy.ca\/fr\/wp-json\/wp\/v2\/types\/page"}],"author":[{"embeddable":true,"href":"https:\/\/physiotherapy.ca\/fr\/wp-json\/wp\/v2\/users\/1"}],"replies":[{"embeddable":true,"href":"https:\/\/physiotherapy.ca\/fr\/wp-json\/wp\/v2\/comments?post=6366"}],"version-history":[{"count":5,"href":"https:\/\/physiotherapy.ca\/fr\/wp-json\/wp\/v2\/pages\/6366\/revisions"}],"predecessor-version":[{"id":6371,"href":"https:\/\/physiotherapy.ca\/fr\/wp-json\/wp\/v2\/pages\/6366\/revisions\/6371"}],"wp:attachment":[{"href":"https:\/\/physiotherapy.ca\/fr\/wp-json\/wp\/v2\/media?parent=6366"}],"wp:term":[{"taxonomy":"topic","embeddable":true,"href":"https:\/\/physiotherapy.ca\/fr\/wp-json\/wp\/v2\/topic?post=6366"}],"curies":[{"name":"wp","href":"https:\/\/api.w.org\/{rel}","templated":true}]}}