{"id":6393,"date":"2022-08-08T15:57:53","date_gmt":"2022-08-08T19:57:53","guid":{"rendered":"https:\/\/physiotherapy.ca\/?page_id=6393"},"modified":"2025-04-01T12:03:09","modified_gmt":"2025-04-01T16:03:09","slug":"geoff-schneider","status":"publish","type":"page","link":"https:\/\/physiotherapy.ca\/fr\/geoff-schneider\/","title":{"rendered":"Geoff Schneider"},"content":{"rendered":"\n<div class=\"wp-block-media-text is-stacked-on-mobile is-vertically-aligned-top\" style=\"grid-template-columns:30% auto\"><figure class=\"wp-block-media-text__media\"><img loading=\"lazy\" decoding=\"async\" width=\"812\" height=\"1024\" src=\"https:\/\/physiotherapy.ca\/app\/uploads\/2022\/08\/gs_pic-1-812x1024.jpg\" alt=\"\" class=\"wp-image-5935 size-full\" srcset=\"https:\/\/physiotherapy.ca\/app\/uploads\/2022\/08\/gs_pic-1-812x1024.jpg 812w, https:\/\/physiotherapy.ca\/app\/uploads\/2022\/08\/gs_pic-1-600x757.jpg 600w, https:\/\/physiotherapy.ca\/app\/uploads\/2022\/08\/gs_pic-1-238x300.jpg 238w, https:\/\/physiotherapy.ca\/app\/uploads\/2022\/08\/gs_pic-1-768x969.jpg 768w, https:\/\/physiotherapy.ca\/app\/uploads\/2022\/08\/gs_pic-1-1218x1536.jpg 1218w, https:\/\/physiotherapy.ca\/app\/uploads\/2022\/08\/gs_pic-1-1623x2048.jpg 1623w, https:\/\/physiotherapy.ca\/app\/uploads\/2022\/08\/gs_pic-1-159x200.jpg 159w, https:\/\/physiotherapy.ca\/app\/uploads\/2022\/08\/gs_pic-1-scaled.jpg 2029w\" sizes=\"auto, (max-width: 812px) 100vw, 812px\" \/><\/figure><div class=\"wp-block-media-text__content\">\n<p><strong>Domaine de sp\u00e9cialit\u00e9 clinique<\/strong>&nbsp;: Musculosquelettique<br><br><strong>Nombre d\u2019ann\u00e9es de pratique dans ce domaine<\/strong>&nbsp;: 26<br><br><strong>Secteurs d\u2019int\u00e9r\u00eat professionne<\/strong>l&nbsp;<strong>:<\/strong><br>Douleurs li\u00e9es \u00e0 la colonne vert\u00e9brale, exactitude diagnostique, pratique avanc\u00e9e de la physioth\u00e9rapie, prise en charge de la douleur spinale<\/p>\n\n\n\n<p><strong>Que trouvez-vous le plus satisfaisant dans le programme de sp\u00e9cialit\u00e9?<\/strong><br><br>Le programme de sp\u00e9cialit\u00e9 m\u2019a donn\u00e9 du temps pour r\u00e9fl\u00e9chir \u00e0 ma pratique clinique et \u00e0 mon raisonnement clinique. J\u2019ai ainsi pu continuer \u00e0 \u00e9voluer et \u00e0 me perfectionner en tant que clinicien.<\/p>\n<\/div><\/div>\n\n\n\n<div style=\"height:27px\" aria-hidden=\"true\" class=\"wp-block-spacer\"><\/div>\n\n\n\n<p><strong>Pourquoi avez-vous particip\u00e9 au programme?<\/strong><\/p>\n\n\n\n<p>J\u2019ai particip\u00e9 au programme parce qu\u2019il m\u2019offrait un outil officiel pour \u00e9valuer ma pratique professionnelle. C\u2019est un honneur et une grande source de fiert\u00e9 que d\u2019\u00eatre consid\u00e9r\u00e9 comme un sp\u00e9cialiste dans son domaine.<\/p>\n\n\n\n<p><strong>O\u00f9 esp\u00e9rez-vous voir la profession dans 25&nbsp;ans?<\/strong><\/p>\n\n\n\n<p>J\u2019esp\u00e8re que les physioth\u00e9rapeutes participeront pleinement \u00e0 tous les aspects de la prise en charge des douleurs musculosquelettiques, aussi bien en favorisant la pr\u00e9vention qu\u2019en jouant un r\u00f4le cl\u00e9 dans les \u00e9quipes interdisciplinaires.<\/p>\n\n\n\n<p><strong>Selon vous, quel impact aura la sp\u00e9cialisation dans votre domaine?<\/strong><\/p>\n\n\n\n<p>\u00c0 mon avis, la sp\u00e9cialisation favorisera la reconnaissance des physioth\u00e9rapeutes et de la physioth\u00e9rapie dans l\u2019ensemble du syst\u00e8me de sant\u00e9. Les sp\u00e9cialistes d\u2019autres disciplines de la sant\u00e9 prendront ainsi conscience que les physioth\u00e9rapeutes ont un large champ de pratique et qu\u2019ils peuvent fournir des soins essentiels dans toute une gamme de situations.<\/p>\n\n\n\n<p><strong>Quelle est la valeur du programme de sp\u00e9cialit\u00e9 pour les candidats?<\/strong><\/p>\n\n\n\n<p>Le programme de sp\u00e9cialit\u00e9 constitue une plateforme exigeante, structur\u00e9e et bien con\u00e7ue qui permet aux candidats d\u2019\u00e9valuer leurs connaissances, leurs habilet\u00e9s et leur processus de r\u00e9flexion en tant que cliniciens dans leur secteur d\u2019expertise.<\/p>\n\n\n\n<p><strong>Avez-vous fait appel \u00e0 votre r\u00e9seau de sp\u00e9cialistes, et comment?<\/strong><\/p>\n\n\n\n<p>J\u2019ai fait appel \u00e0 mon r\u00e9seau de sp\u00e9cialistes pour discuter de cas complexes. Cela s\u2019est av\u00e9r\u00e9 extr\u00eamement utile, car cela m\u2019a permis d\u2019offrir en permanence les meilleurs soins \u00e0 mes patients.<\/p>\n\n\n\n<p><strong>Quels facteurs importants faut-il prendre en compte lorsqu\u2019on souhaite faire une sp\u00e9cialit\u00e9 clinique?<\/strong><\/p>\n\n\n\n<p>Les personnes qui souhaitent acqu\u00e9rir une sp\u00e9cialit\u00e9 clinique doivent \u00e9valuer leur pratique actuelle sous des aspects tr\u00e8s divers \u2013 de leur savoir et de leur fa\u00e7on d\u2019appliquer les recherches dans leur secteur d\u2019expertise \u00e0 la prise en charge et \u00e0 la mesure des r\u00e9sultats cliniques.<\/p>\n\n\n\n<p><strong>Quelles comp\u00e9tences avez-vous acquises ou am\u00e9lior\u00e9es pendant le processus de sp\u00e9cialisation?<\/strong><\/p>\n\n\n\n<p>L\u2019une des principales le\u00e7ons que je tire du processus de sp\u00e9cialisation, c\u2019est que le raisonnement clinique et la prise en charge des cas se ressemblent beaucoup d\u2019une discipline \u00e0 l\u2019autre. Les composantes de ce processus complexe sont les m\u00eames, que l\u2019on soit sp\u00e9cialiste en neurologie ou en troubles musculosquelettiques.<\/p>\n\n\n\n<p><strong>Quel conseil donneriez-vous aux candidats qui s\u2019engagent dans le processus de sp\u00e9cialisation?<\/strong><\/p>\n\n\n\n<p>Faites vos devoirs! On n\u2019est jamais trop organis\u00e9 ou trop bien renseign\u00e9. Le processus comprend de multiples composantes pour lesquelles vous devrez documenter de nombreux aspects et exp\u00e9riences de votre carri\u00e8re. Consignez toutes vos exp\u00e9riences et mettez-les \u00e0 jour r\u00e9guli\u00e8rement pendant l\u2019ann\u00e9e afin de ne pas oublier toutes les merveilleuses r\u00e9alisations que vous avez \u00e0 votre actif!<\/p>\n\n\n\n<p><strong>Quel impact a le titre de sp\u00e9cialiste sur vous et votre carri\u00e8re?<\/strong><\/p>\n\n\n\n<p>La sp\u00e9cialit\u00e9 m\u2019a encourag\u00e9 \u00e0 prendre en permanence la responsabilit\u00e9 de ma carri\u00e8re, de ma profession, et plus important encore, de mes patients. Elle a confirm\u00e9 ce que je pensais&nbsp;: la formation continue et le perfectionnement professionnel sont des processus, et rien ne se fait du jour au lendemain.<\/p>\n\n\n\n<h3 class=\"wp-block-heading\"><strong>Biographie<\/strong><\/h3>\n\n\n\n<p>Le Dr\u00a0Schneider est <a href=\"https:\/\/physiotherapy.ca\/fr\/geoff-schneider\/\">sp\u00e9cialiste clinicien en physioth\u00e9rapie musculosquelettique<\/a>. Il est un partenaire chez Evidence Sport and Spine \u00e0 Calgary, en Alberta. Geoff est professeur auxiliaire agr\u00e9g\u00e9 au d\u00e9partement de radiologie de la Cumming School of Medicine de l\u2019Universit\u00e9 de Calgary. Il est \u00e9galement professeur adjoint aux d\u00e9partements de physioth\u00e9rapie de l\u2019Universit\u00e9 Andrews et de l\u2019Universit\u00e9 McMaster. Apr\u00e8s avoir obtenu un baccalaur\u00e9at en sciences de la sant\u00e9 (physioth\u00e9rapie) \u00e0 l\u2019Universit\u00e9 McMaster, Geoff a obtenu une bourse de recherche en th\u00e9rapie manuelle (il est fellow de la CAMPT) en 2002. La m\u00eame ann\u00e9e, il a \u00e9galement obtenu une certification en stimulation intramusculaire de Gunn. Geoff a un doctorat en sciences (D. Sc.) de l\u2019Universit\u00e9 Andrews. <\/p>\n\n\n\n<p>Ses recherches portaient sur la douleur induite par les facettes articulaires cervicales et ses effets sur l\u2019hypersensibilit\u00e9 sensorielle chez les patients souffrant de douleurs chroniques caus\u00e9es par un coup de fouet cervical. Il a pr\u00e9sent\u00e9 de nombreuses conf\u00e9rences et pr\u00e9sentations cliniques et a donn\u00e9 des cours aux cycles sup\u00e9rieurs dans le monde entier. Geoff s\u2019int\u00e9resse beaucoup \u00e0 l\u2019exactitude diagnostique des tests cliniques, particuli\u00e8rement dans les cas de troubles de la colonne cervicale. <\/p>\n\n\n\n<p>C\u2019est pour cette raison qu\u2019il a poursuivi des \u00e9tudes doctorales, un doctorat sp\u00e9cialis\u00e9 en \u00e9pid\u00e9miologie clinique \u00e0 la Cumming School of Medicine de l\u2019Universit\u00e9 de Calgary. Il a obtenu son doctorat en mai\u00a02013 et ses recherches portaient sur l\u2019\u00e9laboration d\u2019une r\u00e8gle de pr\u00e9diction clinique pour le diagnostic de la douleur induite par les facettes articulaires cervicales. Geoff a re\u00e7u une bourse d\u2019\u00e9tudes sup\u00e9rieures des IRSC pour ses recherches de doctorat. Il a publi\u00e9 de nombreux articles r\u00e9vis\u00e9s par des pairs sur les douleurs musculosquelettiques. Il est titulaire d\u2019une bourse de recherche postdoctorale \u00e0 l\u2019Universit\u00e9 de l\u2019Alberta. <\/p>\n\n\n\n<p>Ses recherches postdoctorales portent sur la pratique avanc\u00e9e en physioth\u00e9rapie et la prise en charge des soins \u00e0 la colonne vert\u00e9brale. Le Dr\u00a0Schneider a travaill\u00e9 et continue de collaborer avec de nombreux comit\u00e9s provinciaux pour optimiser la prise en charge des troubles musculosquelettiques pour les Albertaines et les Albertains qui souffrent de douleurs musculosquelettiques. Gr\u00e2ce \u00e0 sa passion pour l\u2019\u00e9ducation permanente et son engagement, le Dr\u00a0Schneider est le pr\u00e9sident du conseil de l\u2019Alberta Association of Physiotherapy. Il souhaite voir les physioth\u00e9rapeutes continuer \u00e0 accro\u00eetre leur participation et leur expertise dans des environnements multidisciplinaires afin d\u2019am\u00e9liorer les r\u00e9sultats cliniques dans le monde entier. <\/p>\n\n\n\n<p>De plus, le Dr\u00a0Schneider s\u2019implique dans la communaut\u00e9 sportive. En effet, il a si\u00e9g\u00e9 au sein du conseil de Hockey Calgary pendant 10\u00a0ans. De l\u2019\u00e9poque o\u00f9 il jouait au hockey dans la OHL et USport \u00e0 celle o\u00f9 il a \u00e9t\u00e9 entra\u00eeneur au hockey pendant des d\u00e9cennies, sa passion pour l\u2019implication \u00e0 vie dans le sport et l\u2019activit\u00e9 physique trouve un \u00e9cho dans le fait que lui et sa femme, Kathryn, aiment voir leurs enfants pratiquer leurs activit\u00e9s sportives dans la NCAA et la OHL.<\/p>\n\n\n\n<p><a href=\"mailto:geoff.schneider@ucalgary.ca\" target=\"_blank\" rel=\"noreferrer noopener\">geoff.schneider@ucalgary.ca<\/a><br><br><a href=\"https:\/\/momentumhealth.ca\/evidence-sport-and-spinal\/\" target=\"_blank\" rel=\"noreferrer noopener\">https:\/\/momentumhealth.ca\/evidence-sport-and-spinal\/<\/a> <\/p>\n","protected":false},"excerpt":{"rendered":"<p>Domaine de sp\u00e9cialit\u00e9 clinique&nbsp;: Musculosquelettique Nombre d\u2019ann\u00e9es de pratique dans ce domaine&nbsp;: 26 Secteurs d\u2019int\u00e9r\u00eat professionnel&nbsp;:Douleurs li\u00e9es \u00e0 la colonne vert\u00e9brale, exactitude diagnostique, pratique avanc\u00e9e de la physioth\u00e9rapie, prise en charge de la douleur spinale Que trouvez-vous le plus satisfaisant [&hellip;]<\/p>\n","protected":false},"author":1,"featured_media":0,"parent":0,"menu_order":0,"comment_status":"closed","ping_status":"closed","template":"","meta":{"inline_featured_image":false,"ep_exclude_from_search":false,"footnotes":""},"topic":[],"class_list":["post-6393","page","type-page","status-publish","hentry"],"acf":[],"yoast_head":"<!-- This site is optimized with the Yoast SEO plugin v24.7 - https:\/\/yoast.com\/wordpress\/plugins\/seo\/ -->\n<title>Geoff Schneider - Canadian Physiotherapy Association<\/title>\n<meta name=\"robots\" content=\"index, follow, max-snippet:-1, max-image-preview:large, max-video-preview:-1\" \/>\n<link rel=\"canonical\" href=\"https:\/\/physiotherapy.ca\/fr\/geoff-schneider\/\" \/>\n<meta property=\"og:locale\" content=\"fr_FR\" \/>\n<meta property=\"og:type\" content=\"article\" \/>\n<meta property=\"og:title\" content=\"Geoff Schneider - Canadian Physiotherapy Association\" \/>\n<meta property=\"og:description\" content=\"Domaine de sp\u00e9cialit\u00e9 clinique&nbsp;: Musculosquelettique Nombre d\u2019ann\u00e9es de pratique dans ce domaine&nbsp;: 26 Secteurs d\u2019int\u00e9r\u00eat professionnel&nbsp;:Douleurs li\u00e9es \u00e0 la colonne vert\u00e9brale, exactitude diagnostique, pratique avanc\u00e9e de la physioth\u00e9rapie, prise en charge de la douleur spinale Que trouvez-vous le plus satisfaisant [&hellip;]\" \/>\n<meta property=\"og:url\" content=\"https:\/\/physiotherapy.ca\/fr\/geoff-schneider\/\" \/>\n<meta property=\"og:site_name\" content=\"Canadian Physiotherapy Association\" \/>\n<meta property=\"article:modified_time\" content=\"2025-04-01T16:03:09+00:00\" \/>\n<meta property=\"og:image\" content=\"https:\/\/physiotherapy.ca\/app\/uploads\/2022\/08\/gs_pic-1-scaled.jpg\" \/>\n\t<meta property=\"og:image:width\" content=\"2029\" \/>\n\t<meta property=\"og:image:height\" content=\"2560\" \/>\n\t<meta property=\"og:image:type\" content=\"image\/jpeg\" \/>\n<meta name=\"twitter:card\" content=\"summary_large_image\" \/>\n<meta name=\"twitter:label1\" content=\"Est. reading time\" \/>\n\t<meta name=\"twitter:data1\" content=\"5 minutes\" \/>\n<script type=\"application\/ld+json\" class=\"yoast-schema-graph\">{\"@context\":\"https:\/\/schema.org\",\"@graph\":[{\"@type\":\"WebPage\",\"@id\":\"https:\/\/physiotherapy.ca\/fr\/geoff-schneider\/\",\"url\":\"https:\/\/physiotherapy.ca\/fr\/geoff-schneider\/\",\"name\":\"Geoff Schneider - Canadian Physiotherapy Association\",\"isPartOf\":{\"@id\":\"https:\/\/physiotherapy.ca\/#website\"},\"primaryImageOfPage\":{\"@id\":\"https:\/\/physiotherapy.ca\/fr\/geoff-schneider\/#primaryimage\"},\"image\":{\"@id\":\"https:\/\/physiotherapy.ca\/fr\/geoff-schneider\/#primaryimage\"},\"thumbnailUrl\":\"https:\/\/physiotherapy.ca\/app\/uploads\/2022\/08\/gs_pic-1-812x1024.jpg\",\"datePublished\":\"2022-08-08T19:57:53+00:00\",\"dateModified\":\"2025-04-01T16:03:09+00:00\",\"breadcrumb\":{\"@id\":\"https:\/\/physiotherapy.ca\/fr\/geoff-schneider\/#breadcrumb\"},\"inLanguage\":\"fr-FR\",\"potentialAction\":[{\"@type\":\"ReadAction\",\"target\":[\"https:\/\/physiotherapy.ca\/fr\/geoff-schneider\/\"]}]},{\"@type\":\"ImageObject\",\"inLanguage\":\"fr-FR\",\"@id\":\"https:\/\/physiotherapy.ca\/fr\/geoff-schneider\/#primaryimage\",\"url\":\"https:\/\/physiotherapy.ca\/app\/uploads\/2022\/08\/gs_pic-1-812x1024.jpg\",\"contentUrl\":\"https:\/\/physiotherapy.ca\/app\/uploads\/2022\/08\/gs_pic-1-812x1024.jpg\"},{\"@type\":\"BreadcrumbList\",\"@id\":\"https:\/\/physiotherapy.ca\/fr\/geoff-schneider\/#breadcrumb\",\"itemListElement\":[{\"@type\":\"ListItem\",\"position\":1,\"name\":\"Home\",\"item\":\"https:\/\/physiotherapy.ca\/fr\/\"},{\"@type\":\"ListItem\",\"position\":2,\"name\":\"Geoff Schneider\"}]},{\"@type\":\"WebSite\",\"@id\":\"https:\/\/physiotherapy.ca\/#website\",\"url\":\"https:\/\/physiotherapy.ca\/\",\"name\":\"Canadian Physiotherapy Association\",\"description\":\"The Canadian Physiotherapy Association (CPA) represents over 16,000 physiotherapy professionals and students across Canada.\",\"potentialAction\":[{\"@type\":\"SearchAction\",\"target\":{\"@type\":\"EntryPoint\",\"urlTemplate\":\"https:\/\/physiotherapy.ca\/?s={search_term_string}\"},\"query-input\":{\"@type\":\"PropertyValueSpecification\",\"valueRequired\":true,\"valueName\":\"search_term_string\"}}],\"inLanguage\":\"fr-FR\"}]}<\/script>\n<!-- \/ Yoast SEO plugin. -->","yoast_head_json":{"title":"Geoff Schneider - Canadian Physiotherapy Association","robots":{"index":"index","follow":"follow","max-snippet":"max-snippet:-1","max-image-preview":"max-image-preview:large","max-video-preview":"max-video-preview:-1"},"canonical":"https:\/\/physiotherapy.ca\/fr\/geoff-schneider\/","og_locale":"fr_FR","og_type":"article","og_title":"Geoff Schneider - Canadian Physiotherapy Association","og_description":"Domaine de sp\u00e9cialit\u00e9 clinique&nbsp;: Musculosquelettique Nombre d\u2019ann\u00e9es de pratique dans ce domaine&nbsp;: 26 Secteurs d\u2019int\u00e9r\u00eat professionnel&nbsp;:Douleurs li\u00e9es \u00e0 la colonne vert\u00e9brale, exactitude diagnostique, pratique avanc\u00e9e de la physioth\u00e9rapie, prise en charge de la douleur spinale Que trouvez-vous le plus satisfaisant [&hellip;]","og_url":"https:\/\/physiotherapy.ca\/fr\/geoff-schneider\/","og_site_name":"Canadian Physiotherapy Association","article_modified_time":"2025-04-01T16:03:09+00:00","og_image":[{"width":2029,"height":2560,"url":"https:\/\/physiotherapy.ca\/app\/uploads\/2022\/08\/gs_pic-1-scaled.jpg","type":"image\/jpeg"}],"twitter_card":"summary_large_image","twitter_misc":{"Est. reading time":"5 minutes"},"schema":{"@context":"https:\/\/schema.org","@graph":[{"@type":"WebPage","@id":"https:\/\/physiotherapy.ca\/fr\/geoff-schneider\/","url":"https:\/\/physiotherapy.ca\/fr\/geoff-schneider\/","name":"Geoff Schneider - Canadian Physiotherapy Association","isPartOf":{"@id":"https:\/\/physiotherapy.ca\/#website"},"primaryImageOfPage":{"@id":"https:\/\/physiotherapy.ca\/fr\/geoff-schneider\/#primaryimage"},"image":{"@id":"https:\/\/physiotherapy.ca\/fr\/geoff-schneider\/#primaryimage"},"thumbnailUrl":"https:\/\/physiotherapy.ca\/app\/uploads\/2022\/08\/gs_pic-1-812x1024.jpg","datePublished":"2022-08-08T19:57:53+00:00","dateModified":"2025-04-01T16:03:09+00:00","breadcrumb":{"@id":"https:\/\/physiotherapy.ca\/fr\/geoff-schneider\/#breadcrumb"},"inLanguage":"fr-FR","potentialAction":[{"@type":"ReadAction","target":["https:\/\/physiotherapy.ca\/fr\/geoff-schneider\/"]}]},{"@type":"ImageObject","inLanguage":"fr-FR","@id":"https:\/\/physiotherapy.ca\/fr\/geoff-schneider\/#primaryimage","url":"https:\/\/physiotherapy.ca\/app\/uploads\/2022\/08\/gs_pic-1-812x1024.jpg","contentUrl":"https:\/\/physiotherapy.ca\/app\/uploads\/2022\/08\/gs_pic-1-812x1024.jpg"},{"@type":"BreadcrumbList","@id":"https:\/\/physiotherapy.ca\/fr\/geoff-schneider\/#breadcrumb","itemListElement":[{"@type":"ListItem","position":1,"name":"Home","item":"https:\/\/physiotherapy.ca\/fr\/"},{"@type":"ListItem","position":2,"name":"Geoff Schneider"}]},{"@type":"WebSite","@id":"https:\/\/physiotherapy.ca\/#website","url":"https:\/\/physiotherapy.ca\/","name":"Canadian Physiotherapy Association","description":"The Canadian Physiotherapy Association (CPA) represents over 16,000 physiotherapy professionals and students across Canada.","potentialAction":[{"@type":"SearchAction","target":{"@type":"EntryPoint","urlTemplate":"https:\/\/physiotherapy.ca\/?s={search_term_string}"},"query-input":{"@type":"PropertyValueSpecification","valueRequired":true,"valueName":"search_term_string"}}],"inLanguage":"fr-FR"}]}},"_links":{"self":[{"href":"https:\/\/physiotherapy.ca\/fr\/wp-json\/wp\/v2\/pages\/6393","targetHints":{"allow":["GET"]}}],"collection":[{"href":"https:\/\/physiotherapy.ca\/fr\/wp-json\/wp\/v2\/pages"}],"about":[{"href":"https:\/\/physiotherapy.ca\/fr\/wp-json\/wp\/v2\/types\/page"}],"author":[{"embeddable":true,"href":"https:\/\/physiotherapy.ca\/fr\/wp-json\/wp\/v2\/users\/1"}],"replies":[{"embeddable":true,"href":"https:\/\/physiotherapy.ca\/fr\/wp-json\/wp\/v2\/comments?post=6393"}],"version-history":[{"count":4,"href":"https:\/\/physiotherapy.ca\/fr\/wp-json\/wp\/v2\/pages\/6393\/revisions"}],"predecessor-version":[{"id":262080,"href":"https:\/\/physiotherapy.ca\/fr\/wp-json\/wp\/v2\/pages\/6393\/revisions\/262080"}],"wp:attachment":[{"href":"https:\/\/physiotherapy.ca\/fr\/wp-json\/wp\/v2\/media?parent=6393"}],"wp:term":[{"taxonomy":"topic","embeddable":true,"href":"https:\/\/physiotherapy.ca\/fr\/wp-json\/wp\/v2\/topic?post=6393"}],"curies":[{"name":"wp","href":"https:\/\/api.w.org\/{rel}","templated":true}]}}