{"id":6399,"date":"2022-08-08T16:00:40","date_gmt":"2022-08-08T20:00:40","guid":{"rendered":"https:\/\/physiotherapy.ca\/?page_id=6399"},"modified":"2022-08-08T16:00:41","modified_gmt":"2022-08-08T20:00:41","slug":"kathryn-schneider","status":"publish","type":"page","link":"https:\/\/physiotherapy.ca\/fr\/kathryn-schneider\/","title":{"rendered":"Kathryn Schneider"},"content":{"rendered":"\n<div class=\"wp-block-media-text is-stacked-on-mobile is-vertically-aligned-top\" style=\"grid-template-columns:40% auto\"><figure class=\"wp-block-media-text__media\"><img loading=\"lazy\" decoding=\"async\" width=\"1024\" height=\"768\" src=\"https:\/\/physiotherapy.ca\/app\/uploads\/2022\/08\/img_1535-1024x768.jpg\" alt=\"\" class=\"wp-image-5943 size-full\" srcset=\"https:\/\/physiotherapy.ca\/app\/uploads\/2022\/08\/img_1535-1024x768.jpg 1024w, https:\/\/physiotherapy.ca\/app\/uploads\/2022\/08\/img_1535-600x450.jpg 600w, https:\/\/physiotherapy.ca\/app\/uploads\/2022\/08\/img_1535-300x225.jpg 300w, https:\/\/physiotherapy.ca\/app\/uploads\/2022\/08\/img_1535-768x576.jpg 768w, https:\/\/physiotherapy.ca\/app\/uploads\/2022\/08\/img_1535-1536x1152.jpg 1536w, https:\/\/physiotherapy.ca\/app\/uploads\/2022\/08\/img_1535-2048x1536.jpg 2048w, https:\/\/physiotherapy.ca\/app\/uploads\/2022\/08\/img_1535-267x200.jpg 267w\" sizes=\"auto, (max-width: 1024px) 100vw, 1024px\" \/><\/figure><div class=\"wp-block-media-text__content\">\n<p><strong>Domaine de sp\u00e9cialit\u00e9 clinique&nbsp;:&nbsp;<\/strong>Musculosquelettique<\/p>\n\n\n\n<p><strong>Nombre d\u2019ann\u00e9es de pratique dans ce domaine&nbsp;:&nbsp;<\/strong>17<\/p>\n\n\n\n<p><strong>Loisirs&nbsp;:&nbsp;<\/strong>J\u2019ai trois&nbsp;merveilleux enfants avec qui j\u2019aime passer du temps et que j\u2019aime regarder faire du sport. Je joue \u00e9galement dans une \u00e9quipe f\u00e9minine de soccer et de touch-football, et j\u2019aime courir.<\/p>\n\n\n\n<p><strong>Secteurs d\u2019int\u00e9r\u00eat professionnel&nbsp;:&nbsp;<\/strong>Commotions c\u00e9r\u00e9brales; colonne cervicale; r\u00e9\u00e9ducation vestibulaire<\/p>\n<\/div><\/div>\n\n\n\n<div style=\"height:27px\" aria-hidden=\"true\" class=\"wp-block-spacer\"><\/div>\n\n\n\n<p><strong>Que trouvez-vous le plus satisfaisant dans le programme de sp\u00e9cialit\u00e9?<\/strong><\/p>\n\n\n\n<p>Le programme de sp\u00e9cialit\u00e9 donne la chance de r\u00e9fl\u00e9chir de fa\u00e7on critique \u00e0 plusieurs domaines. Cette r\u00e9flexion est une fa\u00e7on merveilleuse de r\u00e9sumer des ann\u00e9es de pratique et de r\u00e9flexion cliniques, ce qui m\u2019a permis de m\u2019am\u00e9liorer encore comme physioth\u00e9rapeute.<\/p>\n\n\n\n<p><strong>Pourquoi avez-vous particip\u00e9 au programme?<\/strong><\/p>\n\n\n\n<p>J\u2019ai \u00e9t\u00e9 l\u2019une des premi\u00e8res physioth\u00e9rapeutes invit\u00e9es \u00e0 participer au programme de sp\u00e9cialit\u00e9 clinique; je trouvais que c\u2019\u00e9tait un bon moyen de continuer \u00e0 approfondir mes comp\u00e9tences.<\/p>\n\n\n\n<p><strong>O\u00f9 esp\u00e9rez-vous voir la profession dans 25&nbsp;ans?<\/strong><\/p>\n\n\n\n<p>J\u2019aimerais que la profession de physioth\u00e9rapeute continue \u00e0 faire \u00e9voluer l\u2019aspect des soins bas\u00e9 sur le raisonnement clinique de fa\u00e7on unique, en se fondant sur les donn\u00e9es probantes tout en sortant des sentiers battus. Cela permettra \u00e0 davantage de physioth\u00e9rapeutes d\u2019\u00eatre des chefs de file dans l\u2019optimisation des soins cliniques, dans l\u2019offre de meilleurs soins et dans l\u2019am\u00e9lioration des r\u00e9sultats cliniques.<\/p>\n\n\n\n<p><strong>Selon vous, quel impact aura la sp\u00e9cialisation dans votre domaine?<\/strong><\/p>\n\n\n\n<p>Je pense que la sp\u00e9cialisation permettra aux physioth\u00e9rapeutes de continuer \u00e0 peaufiner leur capacit\u00e9 d\u2019introspection et \u00e0 approfondir leurs connaissances de fa\u00e7on constructive. Les multiples composantes \u00e9valu\u00e9es par le processus de sp\u00e9cialisation permettront peut-\u00eatre aux cliniciens d\u2019acqu\u00e9rir des comp\u00e9tences auxquelles ils n\u2019avaient pas pens\u00e9 (recherche, mentorat, etc.).<\/p>\n\n\n\n<p><strong>Quelle est la valeur du programme de sp\u00e9cialit\u00e9 pour les candidats?<\/strong><\/p>\n\n\n\n<p>Gr\u00e2ce au processus d\u2019introspection, le programme de sp\u00e9cialit\u00e9 oblige \u00e0 d\u00e9finir ses propres forces, de m\u00eame que les aspects \u00e0 perfectionner.<\/p>\n\n\n\n<p><strong>Avez-vous fait appel \u00e0 votre r\u00e9seau de sp\u00e9cialistes, et comment?<\/strong><\/p>\n\n\n\n<p>Je n\u2019ai pas utilis\u00e9 ce r\u00e9seau en particulier, mais je suis r\u00e9guli\u00e8rement en contact avec de nombreux physioth\u00e9rapeutes qui sont all\u00e9s jusqu\u2019au bout du processus de sp\u00e9cialisation clinique.<\/p>\n\n\n\n<p><strong>Quels facteurs importants faut-il prendre en compte lorsqu\u2019on souhaite faire une sp\u00e9cialit\u00e9 clinique?<\/strong><\/p>\n\n\n\n<p>Le processus de sp\u00e9cialisation clinique demande beaucoup de temps, mais il en vaut la peine. C\u2019est important d\u2019examiner tous les secteurs \u00e9valu\u00e9s et de prendre le temps de r\u00e9fl\u00e9chir \u00e0 sa pratique tout au long du processus.<\/p>\n\n\n\n<p><strong>Quel conseil donneriez-vous aux candidats qui s\u2019engagent dans le processus de sp\u00e9cialisation?<\/strong><\/p>\n\n\n\n<p>Prenez le temps de r\u00e9fl\u00e9chir aux moments qui ont \u00e9t\u00e9 les plus importants ou qui ont constitu\u00e9 un tournant dans votre carri\u00e8re.<\/p>\n\n\n\n<h3 class=\"wp-block-heading\"><strong>Biographie<\/strong><\/h3>\n\n\n\n<p>La Dre&nbsp;Kathryn Schneider est professeure adjointe et clinicienne-chercheuse \u00e0 la Facult\u00e9 de kin\u00e9siologie de l\u2019Universit\u00e9 de Calgary; elle travaille \u00e9galement comme physioth\u00e9rapeute \u00e0 la clinique Evidence Sport and Spinal Therapy. Ses recherches portent principalement sur la pr\u00e9vention et le traitement des commotions c\u00e9r\u00e9brales, et particuli\u00e8rement sur le r\u00f4le de la colonne cervicale et du syst\u00e8me vestibulaire. Elle est l\u2019auteure principale d\u2019un essai clinique randomis\u00e9 \u00e9valuant les effets de la physioth\u00e9rapie multimodale et de la r\u00e9adaptation vestibulaire chez les athl\u00e8tes ayant eu une commotion c\u00e9r\u00e9brale li\u00e9e au sport. Cette \u00e9tude a permis de reconna\u00eetre l\u2019effet important du traitement chez les personnes qui en ont b\u00e9n\u00e9fici\u00e9.<\/p>\n\n\n\n<p>Kathryn a \u00e9t\u00e9 conf\u00e9renci\u00e8re \u00e0 la 4e&nbsp;Conf\u00e9rence internationale sur les commotions c\u00e9r\u00e9brales dans le sport tenue \u00e0 Zurich, en Suisse, en novembre&nbsp;2012; elle a \u00e9galement particip\u00e9 \u00e0 la r\u00e9daction de la d\u00e9claration de consensus qui en a d\u00e9coul\u00e9. En novembre&nbsp;2012, elle a fait partie des \u00ab&nbsp;Top 40&nbsp;Under&nbsp;40&nbsp;\u00bb du magazine Avenue. Elle a \u00e9galement donn\u00e9 une conf\u00e9rence (par vid\u00e9oconf\u00e9rence) aux rencontres m\u00e9dicales des Jeux olympiques d\u2019hiver de Sotchi, en f\u00e9vrier&nbsp;2014.<\/p>\n\n\n\n<p>La Dre&nbsp;Schneider est sp\u00e9cialiste clinique en physioth\u00e9rapie musculosquelettique. Elle a obtenu un dipl\u00f4me avanc\u00e9 en th\u00e9rapie manuelle (2004) et une certification en r\u00e9adaptation vestibulaire (Universit\u00e9 Emory, 2003), une certification avanc\u00e9e en r\u00e9adaptation vestibulaire (Universit\u00e9 Duke, 2009), et un doctorat en sciences (D.&nbsp;Sc.) (Universit\u00e9 Andrew\u2019s, 2008). Elle a pr\u00e9par\u00e9 et donn\u00e9 de nombreux cours sur la r\u00e9adaptation vestibulaire, les commotions c\u00e9r\u00e9brales dans le sport et les troubles associ\u00e9s au coup de fouet cervical.<\/p>\n","protected":false},"excerpt":{"rendered":"<p>Domaine de sp\u00e9cialit\u00e9 clinique&nbsp;:&nbsp;Musculosquelettique Nombre d\u2019ann\u00e9es de pratique dans ce domaine&nbsp;:&nbsp;17 Loisirs&nbsp;:&nbsp;J\u2019ai trois&nbsp;merveilleux enfants avec qui j\u2019aime passer du temps et que j\u2019aime regarder faire du sport. Je joue \u00e9galement dans une \u00e9quipe f\u00e9minine de soccer et de touch-football, et [&hellip;]<\/p>\n","protected":false},"author":1,"featured_media":0,"parent":0,"menu_order":0,"comment_status":"closed","ping_status":"closed","template":"","meta":{"inline_featured_image":false,"ep_exclude_from_search":false,"footnotes":""},"topic":[],"class_list":["post-6399","page","type-page","status-publish","hentry"],"acf":[],"yoast_head":"<!-- This site is optimized with the Yoast SEO plugin v24.7 - https:\/\/yoast.com\/wordpress\/plugins\/seo\/ -->\n<title>Kathryn Schneider - Canadian Physiotherapy Association<\/title>\n<meta name=\"robots\" content=\"index, follow, max-snippet:-1, max-image-preview:large, max-video-preview:-1\" \/>\n<link rel=\"canonical\" href=\"https:\/\/physiotherapy.ca\/fr\/kathryn-schneider\/\" \/>\n<meta property=\"og:locale\" content=\"fr_FR\" \/>\n<meta property=\"og:type\" content=\"article\" \/>\n<meta property=\"og:title\" content=\"Kathryn Schneider - Canadian Physiotherapy Association\" \/>\n<meta property=\"og:description\" content=\"Domaine de sp\u00e9cialit\u00e9 clinique&nbsp;:&nbsp;Musculosquelettique Nombre d\u2019ann\u00e9es de pratique dans ce domaine&nbsp;:&nbsp;17 Loisirs&nbsp;:&nbsp;J\u2019ai trois&nbsp;merveilleux enfants avec qui j\u2019aime passer du temps et que j\u2019aime regarder faire du sport. Je joue \u00e9galement dans une \u00e9quipe f\u00e9minine de soccer et de touch-football, et [&hellip;]\" \/>\n<meta property=\"og:url\" content=\"https:\/\/physiotherapy.ca\/fr\/kathryn-schneider\/\" \/>\n<meta property=\"og:site_name\" content=\"Canadian Physiotherapy Association\" \/>\n<meta property=\"article:modified_time\" content=\"2022-08-08T20:00:41+00:00\" \/>\n<meta property=\"og:image\" content=\"https:\/\/physiotherapy.ca\/app\/uploads\/2022\/08\/img_1535-1024x768.jpg\" \/>\n<meta name=\"twitter:card\" content=\"summary_large_image\" \/>\n<meta name=\"twitter:label1\" content=\"Est. reading time\" \/>\n\t<meta name=\"twitter:data1\" content=\"4 minutes\" \/>\n<script type=\"application\/ld+json\" class=\"yoast-schema-graph\">{\"@context\":\"https:\/\/schema.org\",\"@graph\":[{\"@type\":\"WebPage\",\"@id\":\"https:\/\/physiotherapy.ca\/fr\/kathryn-schneider\/\",\"url\":\"https:\/\/physiotherapy.ca\/fr\/kathryn-schneider\/\",\"name\":\"Kathryn Schneider - Canadian Physiotherapy Association\",\"isPartOf\":{\"@id\":\"https:\/\/physiotherapy.ca\/#website\"},\"primaryImageOfPage\":{\"@id\":\"https:\/\/physiotherapy.ca\/fr\/kathryn-schneider\/#primaryimage\"},\"image\":{\"@id\":\"https:\/\/physiotherapy.ca\/fr\/kathryn-schneider\/#primaryimage\"},\"thumbnailUrl\":\"https:\/\/physiotherapy.ca\/app\/uploads\/2022\/08\/img_1535-1024x768.jpg\",\"datePublished\":\"2022-08-08T20:00:40+00:00\",\"dateModified\":\"2022-08-08T20:00:41+00:00\",\"breadcrumb\":{\"@id\":\"https:\/\/physiotherapy.ca\/fr\/kathryn-schneider\/#breadcrumb\"},\"inLanguage\":\"fr-FR\",\"potentialAction\":[{\"@type\":\"ReadAction\",\"target\":[\"https:\/\/physiotherapy.ca\/fr\/kathryn-schneider\/\"]}]},{\"@type\":\"ImageObject\",\"inLanguage\":\"fr-FR\",\"@id\":\"https:\/\/physiotherapy.ca\/fr\/kathryn-schneider\/#primaryimage\",\"url\":\"https:\/\/physiotherapy.ca\/app\/uploads\/2022\/08\/img_1535-1024x768.jpg\",\"contentUrl\":\"https:\/\/physiotherapy.ca\/app\/uploads\/2022\/08\/img_1535-1024x768.jpg\"},{\"@type\":\"BreadcrumbList\",\"@id\":\"https:\/\/physiotherapy.ca\/fr\/kathryn-schneider\/#breadcrumb\",\"itemListElement\":[{\"@type\":\"ListItem\",\"position\":1,\"name\":\"Home\",\"item\":\"https:\/\/physiotherapy.ca\/fr\/\"},{\"@type\":\"ListItem\",\"position\":2,\"name\":\"Kathryn Schneider\"}]},{\"@type\":\"WebSite\",\"@id\":\"https:\/\/physiotherapy.ca\/#website\",\"url\":\"https:\/\/physiotherapy.ca\/\",\"name\":\"Canadian Physiotherapy Association\",\"description\":\"The Canadian Physiotherapy Association (CPA) represents over 16,000 physiotherapy professionals and students across Canada.\",\"potentialAction\":[{\"@type\":\"SearchAction\",\"target\":{\"@type\":\"EntryPoint\",\"urlTemplate\":\"https:\/\/physiotherapy.ca\/?s={search_term_string}\"},\"query-input\":{\"@type\":\"PropertyValueSpecification\",\"valueRequired\":true,\"valueName\":\"search_term_string\"}}],\"inLanguage\":\"fr-FR\"}]}<\/script>\n<!-- \/ Yoast SEO plugin. -->","yoast_head_json":{"title":"Kathryn Schneider - Canadian Physiotherapy Association","robots":{"index":"index","follow":"follow","max-snippet":"max-snippet:-1","max-image-preview":"max-image-preview:large","max-video-preview":"max-video-preview:-1"},"canonical":"https:\/\/physiotherapy.ca\/fr\/kathryn-schneider\/","og_locale":"fr_FR","og_type":"article","og_title":"Kathryn Schneider - Canadian Physiotherapy Association","og_description":"Domaine de sp\u00e9cialit\u00e9 clinique&nbsp;:&nbsp;Musculosquelettique Nombre d\u2019ann\u00e9es de pratique dans ce domaine&nbsp;:&nbsp;17 Loisirs&nbsp;:&nbsp;J\u2019ai trois&nbsp;merveilleux enfants avec qui j\u2019aime passer du temps et que j\u2019aime regarder faire du sport. Je joue \u00e9galement dans une \u00e9quipe f\u00e9minine de soccer et de touch-football, et [&hellip;]","og_url":"https:\/\/physiotherapy.ca\/fr\/kathryn-schneider\/","og_site_name":"Canadian Physiotherapy Association","article_modified_time":"2022-08-08T20:00:41+00:00","og_image":[{"url":"https:\/\/physiotherapy.ca\/app\/uploads\/2022\/08\/img_1535-1024x768.jpg","type":"","width":"","height":""}],"twitter_card":"summary_large_image","twitter_misc":{"Est. reading time":"4 minutes"},"schema":{"@context":"https:\/\/schema.org","@graph":[{"@type":"WebPage","@id":"https:\/\/physiotherapy.ca\/fr\/kathryn-schneider\/","url":"https:\/\/physiotherapy.ca\/fr\/kathryn-schneider\/","name":"Kathryn Schneider - Canadian Physiotherapy Association","isPartOf":{"@id":"https:\/\/physiotherapy.ca\/#website"},"primaryImageOfPage":{"@id":"https:\/\/physiotherapy.ca\/fr\/kathryn-schneider\/#primaryimage"},"image":{"@id":"https:\/\/physiotherapy.ca\/fr\/kathryn-schneider\/#primaryimage"},"thumbnailUrl":"https:\/\/physiotherapy.ca\/app\/uploads\/2022\/08\/img_1535-1024x768.jpg","datePublished":"2022-08-08T20:00:40+00:00","dateModified":"2022-08-08T20:00:41+00:00","breadcrumb":{"@id":"https:\/\/physiotherapy.ca\/fr\/kathryn-schneider\/#breadcrumb"},"inLanguage":"fr-FR","potentialAction":[{"@type":"ReadAction","target":["https:\/\/physiotherapy.ca\/fr\/kathryn-schneider\/"]}]},{"@type":"ImageObject","inLanguage":"fr-FR","@id":"https:\/\/physiotherapy.ca\/fr\/kathryn-schneider\/#primaryimage","url":"https:\/\/physiotherapy.ca\/app\/uploads\/2022\/08\/img_1535-1024x768.jpg","contentUrl":"https:\/\/physiotherapy.ca\/app\/uploads\/2022\/08\/img_1535-1024x768.jpg"},{"@type":"BreadcrumbList","@id":"https:\/\/physiotherapy.ca\/fr\/kathryn-schneider\/#breadcrumb","itemListElement":[{"@type":"ListItem","position":1,"name":"Home","item":"https:\/\/physiotherapy.ca\/fr\/"},{"@type":"ListItem","position":2,"name":"Kathryn Schneider"}]},{"@type":"WebSite","@id":"https:\/\/physiotherapy.ca\/#website","url":"https:\/\/physiotherapy.ca\/","name":"Canadian Physiotherapy Association","description":"The Canadian Physiotherapy Association (CPA) represents over 16,000 physiotherapy professionals and students across Canada.","potentialAction":[{"@type":"SearchAction","target":{"@type":"EntryPoint","urlTemplate":"https:\/\/physiotherapy.ca\/?s={search_term_string}"},"query-input":{"@type":"PropertyValueSpecification","valueRequired":true,"valueName":"search_term_string"}}],"inLanguage":"fr-FR"}]}},"_links":{"self":[{"href":"https:\/\/physiotherapy.ca\/fr\/wp-json\/wp\/v2\/pages\/6399","targetHints":{"allow":["GET"]}}],"collection":[{"href":"https:\/\/physiotherapy.ca\/fr\/wp-json\/wp\/v2\/pages"}],"about":[{"href":"https:\/\/physiotherapy.ca\/fr\/wp-json\/wp\/v2\/types\/page"}],"author":[{"embeddable":true,"href":"https:\/\/physiotherapy.ca\/fr\/wp-json\/wp\/v2\/users\/1"}],"replies":[{"embeddable":true,"href":"https:\/\/physiotherapy.ca\/fr\/wp-json\/wp\/v2\/comments?post=6399"}],"version-history":[{"count":2,"href":"https:\/\/physiotherapy.ca\/fr\/wp-json\/wp\/v2\/pages\/6399\/revisions"}],"predecessor-version":[{"id":6402,"href":"https:\/\/physiotherapy.ca\/fr\/wp-json\/wp\/v2\/pages\/6399\/revisions\/6402"}],"wp:attachment":[{"href":"https:\/\/physiotherapy.ca\/fr\/wp-json\/wp\/v2\/media?parent=6399"}],"wp:term":[{"taxonomy":"topic","embeddable":true,"href":"https:\/\/physiotherapy.ca\/fr\/wp-json\/wp\/v2\/topic?post=6399"}],"curies":[{"name":"wp","href":"https:\/\/api.w.org\/{rel}","templated":true}]}}