{"id":6405,"date":"2022-08-08T16:02:29","date_gmt":"2022-08-08T20:02:29","guid":{"rendered":"https:\/\/physiotherapy.ca\/?page_id=6405"},"modified":"2022-08-08T16:02:31","modified_gmt":"2022-08-08T20:02:31","slug":"jacqueline-sadi","status":"publish","type":"page","link":"https:\/\/physiotherapy.ca\/fr\/jacqueline-sadi\/","title":{"rendered":"Jacqueline Sadi"},"content":{"rendered":"\n<div class=\"wp-block-media-text is-stacked-on-mobile is-vertically-aligned-top\" style=\"grid-template-columns:30% auto\"><figure class=\"wp-block-media-text__media\"><img loading=\"lazy\" decoding=\"async\" width=\"400\" height=\"500\" src=\"https:\/\/physiotherapy.ca\/app\/uploads\/2022\/08\/jackie_sadi.jpg\" alt=\"\" class=\"wp-image-5948 size-full\" srcset=\"https:\/\/physiotherapy.ca\/app\/uploads\/2022\/08\/jackie_sadi.jpg 400w, https:\/\/physiotherapy.ca\/app\/uploads\/2022\/08\/jackie_sadi-240x300.jpg 240w, https:\/\/physiotherapy.ca\/app\/uploads\/2022\/08\/jackie_sadi-160x200.jpg 160w\" sizes=\"auto, (max-width: 400px) 100vw, 400px\" \/><\/figure><div class=\"wp-block-media-text__content\">\n<p><strong>Domaine de sp\u00e9cialit\u00e9 clinique<\/strong>&nbsp;: Musculosquelettique<\/p>\n\n\n\n<p><strong>Nombre d\u2019ann\u00e9es de pratique dans ce domaine<\/strong>&nbsp;: 29<\/p>\n\n\n\n<p><strong>Secteurs d\u2019int\u00e9r\u00eat professionnel<\/strong>&nbsp;: Th\u00e9rapie manuelle, ergoth\u00e9rapie, raisonnement clinique<\/p>\n\n\n\n<p><strong>Que trouvez-vous le plus satisfaisant dans le programme de sp\u00e9cialit\u00e9?<\/strong><\/p>\n\n\n\n<p>Le processus de r\u00e9flexion et de raisonnement clinique.<\/p>\n<\/div><\/div>\n\n\n\n<div style=\"height:27px\" aria-hidden=\"true\" class=\"wp-block-spacer\"><\/div>\n\n\n\n<p><strong>Pourquoi avez-vous particip\u00e9 au programme?<\/strong><\/p>\n\n\n\n<p>Pour valider les ann\u00e9es de dur labeur consacr\u00e9es \u00e0 atteindre un niveau d\u2019excellence dans ma profession et dans mon domaine de sp\u00e9cialit\u00e9 clinique.<\/p>\n\n\n\n<p><strong>O\u00f9 esp\u00e9rez-vous voir la profession dans 25&nbsp;ans?<\/strong><\/p>\n\n\n\n<p>J\u2019esp\u00e8re que le champ de pratique sera clair, bien d\u00e9fini et bien communiqu\u00e9 par ses membres et le public.<\/p>\n\n\n\n<p><strong>Selon vous, quel impact aura la sp\u00e9cialisation dans votre domaine?<\/strong><\/p>\n\n\n\n<p>Cela constituera une ressource aussi bien pour les autres physioth\u00e9rapeutes que pour le grand public.<\/p>\n\n\n\n<p><strong>Quelle est la valeur du programme de sp\u00e9cialit\u00e9 pour les candidats?<\/strong><\/p>\n\n\n\n<p>Le programme aide \u00e0 donner une l\u00e9gitimit\u00e9 aux professionnels qui ont atteint un niveau sup\u00e9rieur dans les soins et la formation.<\/p>\n\n\n\n<p><strong>Quels facteurs importants faut-il prendre en compte lorsqu\u2019on souhaite faire une sp\u00e9cialit\u00e9 clinique?<\/strong><\/p>\n\n\n\n<p>R\u00e9fl\u00e9chir \u00e0 ce qui fait de vous un sp\u00e9cialiste, plut\u00f4t que simplement un professionnel comp\u00e9tent.<\/p>\n\n\n\n<p><strong>Quelles comp\u00e9tences avez-vous acquises ou am\u00e9lior\u00e9es pendant le processus de sp\u00e9cialisation?<\/strong><\/p>\n\n\n\n<p>J\u2019ai am\u00e9lior\u00e9 mes comp\u00e9tences en communication \u00e9crite et verbale.<\/p>\n\n\n\n<p><strong>Quel conseil donneriez-vous aux candidats qui s\u2019engagent dans le processus de sp\u00e9cialisation?<\/strong><\/p>\n\n\n\n<p>Lire la documentation et prendre contact avec les personnes qui sont pass\u00e9es \u00e0 travers le processus pour bien le comprendre.<\/p>\n\n\n\n<p><strong>Quel impact a le titre de sp\u00e9cialiste sur vous et votre carri\u00e8re?<\/strong><\/p>\n\n\n\n<p>Ce titre m\u2019a permis d\u2019entrer en contact avec d\u2019autres professionnels, des chercheurs, des avocats, et m\u00eame de nouveaux clients qui avaient besoin d\u2019une \u00e9valuation ponctuelle.<\/p>\n\n\n\n<p><a href=\"mailto:jsadi2@uwo.ca\">jsadi2@uwo.ca<\/a><\/p>\n","protected":false},"excerpt":{"rendered":"<p>Domaine de sp\u00e9cialit\u00e9 clinique&nbsp;: Musculosquelettique Nombre d\u2019ann\u00e9es de pratique dans ce domaine&nbsp;: 29 Secteurs d\u2019int\u00e9r\u00eat professionnel&nbsp;: Th\u00e9rapie manuelle, ergoth\u00e9rapie, raisonnement clinique Que trouvez-vous le plus satisfaisant dans le programme de sp\u00e9cialit\u00e9? Le processus de r\u00e9flexion et de raisonnement clinique. Pourquoi [&hellip;]<\/p>\n","protected":false},"author":1,"featured_media":0,"parent":0,"menu_order":0,"comment_status":"closed","ping_status":"closed","template":"","meta":{"inline_featured_image":false,"ep_exclude_from_search":false,"footnotes":""},"topic":[],"class_list":["post-6405","page","type-page","status-publish","hentry"],"acf":[],"yoast_head":"<!-- This site is optimized with the Yoast SEO plugin v24.7 - https:\/\/yoast.com\/wordpress\/plugins\/seo\/ -->\n<title>Jacqueline Sadi - Canadian Physiotherapy Association<\/title>\n<meta name=\"robots\" content=\"index, follow, max-snippet:-1, max-image-preview:large, max-video-preview:-1\" \/>\n<link rel=\"canonical\" href=\"https:\/\/physiotherapy.ca\/fr\/jacqueline-sadi\/\" \/>\n<meta property=\"og:locale\" content=\"fr_FR\" \/>\n<meta property=\"og:type\" content=\"article\" \/>\n<meta property=\"og:title\" content=\"Jacqueline Sadi - Canadian Physiotherapy Association\" \/>\n<meta property=\"og:description\" content=\"Domaine de sp\u00e9cialit\u00e9 clinique&nbsp;: Musculosquelettique Nombre d\u2019ann\u00e9es de pratique dans ce domaine&nbsp;: 29 Secteurs d\u2019int\u00e9r\u00eat professionnel&nbsp;: Th\u00e9rapie manuelle, ergoth\u00e9rapie, raisonnement clinique Que trouvez-vous le plus satisfaisant dans le programme de sp\u00e9cialit\u00e9? Le processus de r\u00e9flexion et de raisonnement clinique. Pourquoi [&hellip;]\" \/>\n<meta property=\"og:url\" content=\"https:\/\/physiotherapy.ca\/fr\/jacqueline-sadi\/\" \/>\n<meta property=\"og:site_name\" content=\"Canadian Physiotherapy Association\" \/>\n<meta property=\"article:modified_time\" content=\"2022-08-08T20:02:31+00:00\" \/>\n<meta property=\"og:image\" content=\"https:\/\/physiotherapy.ca\/app\/uploads\/2022\/08\/jackie_sadi.jpg\" \/>\n<meta name=\"twitter:card\" content=\"summary_large_image\" \/>\n<meta name=\"twitter:label1\" content=\"Est. reading time\" \/>\n\t<meta name=\"twitter:data1\" content=\"2 minutes\" \/>\n<script type=\"application\/ld+json\" class=\"yoast-schema-graph\">{\"@context\":\"https:\/\/schema.org\",\"@graph\":[{\"@type\":\"WebPage\",\"@id\":\"https:\/\/physiotherapy.ca\/fr\/jacqueline-sadi\/\",\"url\":\"https:\/\/physiotherapy.ca\/fr\/jacqueline-sadi\/\",\"name\":\"Jacqueline Sadi - Canadian Physiotherapy Association\",\"isPartOf\":{\"@id\":\"https:\/\/physiotherapy.ca\/#website\"},\"primaryImageOfPage\":{\"@id\":\"https:\/\/physiotherapy.ca\/fr\/jacqueline-sadi\/#primaryimage\"},\"image\":{\"@id\":\"https:\/\/physiotherapy.ca\/fr\/jacqueline-sadi\/#primaryimage\"},\"thumbnailUrl\":\"https:\/\/physiotherapy.ca\/app\/uploads\/2022\/08\/jackie_sadi.jpg\",\"datePublished\":\"2022-08-08T20:02:29+00:00\",\"dateModified\":\"2022-08-08T20:02:31+00:00\",\"breadcrumb\":{\"@id\":\"https:\/\/physiotherapy.ca\/fr\/jacqueline-sadi\/#breadcrumb\"},\"inLanguage\":\"fr-FR\",\"potentialAction\":[{\"@type\":\"ReadAction\",\"target\":[\"https:\/\/physiotherapy.ca\/fr\/jacqueline-sadi\/\"]}]},{\"@type\":\"ImageObject\",\"inLanguage\":\"fr-FR\",\"@id\":\"https:\/\/physiotherapy.ca\/fr\/jacqueline-sadi\/#primaryimage\",\"url\":\"https:\/\/physiotherapy.ca\/app\/uploads\/2022\/08\/jackie_sadi.jpg\",\"contentUrl\":\"https:\/\/physiotherapy.ca\/app\/uploads\/2022\/08\/jackie_sadi.jpg\"},{\"@type\":\"BreadcrumbList\",\"@id\":\"https:\/\/physiotherapy.ca\/fr\/jacqueline-sadi\/#breadcrumb\",\"itemListElement\":[{\"@type\":\"ListItem\",\"position\":1,\"name\":\"Home\",\"item\":\"https:\/\/physiotherapy.ca\/fr\/\"},{\"@type\":\"ListItem\",\"position\":2,\"name\":\"Jacqueline Sadi\"}]},{\"@type\":\"WebSite\",\"@id\":\"https:\/\/physiotherapy.ca\/#website\",\"url\":\"https:\/\/physiotherapy.ca\/\",\"name\":\"Canadian Physiotherapy Association\",\"description\":\"The Canadian Physiotherapy Association (CPA) represents over 16,000 physiotherapy professionals and students across Canada.\",\"potentialAction\":[{\"@type\":\"SearchAction\",\"target\":{\"@type\":\"EntryPoint\",\"urlTemplate\":\"https:\/\/physiotherapy.ca\/?s={search_term_string}\"},\"query-input\":{\"@type\":\"PropertyValueSpecification\",\"valueRequired\":true,\"valueName\":\"search_term_string\"}}],\"inLanguage\":\"fr-FR\"}]}<\/script>\n<!-- \/ Yoast SEO plugin. -->","yoast_head_json":{"title":"Jacqueline Sadi - Canadian Physiotherapy Association","robots":{"index":"index","follow":"follow","max-snippet":"max-snippet:-1","max-image-preview":"max-image-preview:large","max-video-preview":"max-video-preview:-1"},"canonical":"https:\/\/physiotherapy.ca\/fr\/jacqueline-sadi\/","og_locale":"fr_FR","og_type":"article","og_title":"Jacqueline Sadi - Canadian Physiotherapy Association","og_description":"Domaine de sp\u00e9cialit\u00e9 clinique&nbsp;: Musculosquelettique Nombre d\u2019ann\u00e9es de pratique dans ce domaine&nbsp;: 29 Secteurs d\u2019int\u00e9r\u00eat professionnel&nbsp;: Th\u00e9rapie manuelle, ergoth\u00e9rapie, raisonnement clinique Que trouvez-vous le plus satisfaisant dans le programme de sp\u00e9cialit\u00e9? Le processus de r\u00e9flexion et de raisonnement clinique. Pourquoi [&hellip;]","og_url":"https:\/\/physiotherapy.ca\/fr\/jacqueline-sadi\/","og_site_name":"Canadian Physiotherapy Association","article_modified_time":"2022-08-08T20:02:31+00:00","og_image":[{"url":"https:\/\/physiotherapy.ca\/app\/uploads\/2022\/08\/jackie_sadi.jpg","type":"","width":"","height":""}],"twitter_card":"summary_large_image","twitter_misc":{"Est. reading time":"2 minutes"},"schema":{"@context":"https:\/\/schema.org","@graph":[{"@type":"WebPage","@id":"https:\/\/physiotherapy.ca\/fr\/jacqueline-sadi\/","url":"https:\/\/physiotherapy.ca\/fr\/jacqueline-sadi\/","name":"Jacqueline Sadi - Canadian Physiotherapy Association","isPartOf":{"@id":"https:\/\/physiotherapy.ca\/#website"},"primaryImageOfPage":{"@id":"https:\/\/physiotherapy.ca\/fr\/jacqueline-sadi\/#primaryimage"},"image":{"@id":"https:\/\/physiotherapy.ca\/fr\/jacqueline-sadi\/#primaryimage"},"thumbnailUrl":"https:\/\/physiotherapy.ca\/app\/uploads\/2022\/08\/jackie_sadi.jpg","datePublished":"2022-08-08T20:02:29+00:00","dateModified":"2022-08-08T20:02:31+00:00","breadcrumb":{"@id":"https:\/\/physiotherapy.ca\/fr\/jacqueline-sadi\/#breadcrumb"},"inLanguage":"fr-FR","potentialAction":[{"@type":"ReadAction","target":["https:\/\/physiotherapy.ca\/fr\/jacqueline-sadi\/"]}]},{"@type":"ImageObject","inLanguage":"fr-FR","@id":"https:\/\/physiotherapy.ca\/fr\/jacqueline-sadi\/#primaryimage","url":"https:\/\/physiotherapy.ca\/app\/uploads\/2022\/08\/jackie_sadi.jpg","contentUrl":"https:\/\/physiotherapy.ca\/app\/uploads\/2022\/08\/jackie_sadi.jpg"},{"@type":"BreadcrumbList","@id":"https:\/\/physiotherapy.ca\/fr\/jacqueline-sadi\/#breadcrumb","itemListElement":[{"@type":"ListItem","position":1,"name":"Home","item":"https:\/\/physiotherapy.ca\/fr\/"},{"@type":"ListItem","position":2,"name":"Jacqueline Sadi"}]},{"@type":"WebSite","@id":"https:\/\/physiotherapy.ca\/#website","url":"https:\/\/physiotherapy.ca\/","name":"Canadian Physiotherapy Association","description":"The Canadian Physiotherapy Association (CPA) represents over 16,000 physiotherapy professionals and students across Canada.","potentialAction":[{"@type":"SearchAction","target":{"@type":"EntryPoint","urlTemplate":"https:\/\/physiotherapy.ca\/?s={search_term_string}"},"query-input":{"@type":"PropertyValueSpecification","valueRequired":true,"valueName":"search_term_string"}}],"inLanguage":"fr-FR"}]}},"_links":{"self":[{"href":"https:\/\/physiotherapy.ca\/fr\/wp-json\/wp\/v2\/pages\/6405","targetHints":{"allow":["GET"]}}],"collection":[{"href":"https:\/\/physiotherapy.ca\/fr\/wp-json\/wp\/v2\/pages"}],"about":[{"href":"https:\/\/physiotherapy.ca\/fr\/wp-json\/wp\/v2\/types\/page"}],"author":[{"embeddable":true,"href":"https:\/\/physiotherapy.ca\/fr\/wp-json\/wp\/v2\/users\/1"}],"replies":[{"embeddable":true,"href":"https:\/\/physiotherapy.ca\/fr\/wp-json\/wp\/v2\/comments?post=6405"}],"version-history":[{"count":2,"href":"https:\/\/physiotherapy.ca\/fr\/wp-json\/wp\/v2\/pages\/6405\/revisions"}],"predecessor-version":[{"id":6407,"href":"https:\/\/physiotherapy.ca\/fr\/wp-json\/wp\/v2\/pages\/6405\/revisions\/6407"}],"wp:attachment":[{"href":"https:\/\/physiotherapy.ca\/fr\/wp-json\/wp\/v2\/media?parent=6405"}],"wp:term":[{"taxonomy":"topic","embeddable":true,"href":"https:\/\/physiotherapy.ca\/fr\/wp-json\/wp\/v2\/topic?post=6405"}],"curies":[{"name":"wp","href":"https:\/\/api.w.org\/{rel}","templated":true}]}}