{"id":6409,"date":"2022-08-08T16:04:50","date_gmt":"2022-08-08T20:04:50","guid":{"rendered":"https:\/\/physiotherapy.ca\/?page_id=6409"},"modified":"2022-08-08T16:04:52","modified_gmt":"2022-08-08T20:04:52","slug":"ashley-smith","status":"publish","type":"page","link":"https:\/\/physiotherapy.ca\/fr\/ashley-smith\/","title":{"rendered":"Ashley Smith"},"content":{"rendered":"\n<div class=\"wp-block-media-text is-stacked-on-mobile is-vertically-aligned-top\" style=\"grid-template-columns:30% auto\"><figure class=\"wp-block-media-text__media\"><img loading=\"lazy\" decoding=\"async\" width=\"133\" height=\"165\" src=\"https:\/\/physiotherapy.ca\/app\/uploads\/2022\/08\/ashelysmith.jpg\" alt=\"\" class=\"wp-image-5953 size-full\"\/><\/figure><div class=\"wp-block-media-text__content\">\n<p><strong>Domaine de sp\u00e9cialit\u00e9 clinique&nbsp;:&nbsp;<\/strong>Musculosquelettique<\/p>\n\n\n\n<p><strong>Ann\u00e9e d\u2019obtention du dipl\u00f4me:&nbsp;<\/strong>1991<\/p>\n\n\n\n<p><strong>Anne\u00e9s dans ce domain de sp\u00e9cialit\u00e9:&nbsp;<\/strong>12<\/p>\n\n\n\n<p><strong>Doctorat:&nbsp;<\/strong>2015<\/p>\n<\/div><\/div>\n\n\n\n<div style=\"height:27px\" aria-hidden=\"true\" class=\"wp-block-spacer\"><\/div>\n\n\n\n<h3 class=\"wp-block-heading\"><strong>Biographie\u00a0<\/strong><\/h3>\n\n\n\n<p>Ashley a le titre de sp\u00e9cialiste clinique en physioth\u00e9rapie musculosquelettique depuis 2011. Il a obtenu son baccalaur\u00e9at en sciences appliqu\u00e9es (physioth\u00e9rapie) en 1990, et a quitt\u00e9 l\u2019Australie pour le Canada (en passant par le Royaume-Uni) en 1996. Il a par la suite obtenu un fellowship en physioth\u00e9rapie manuelle (CAMPT) en 2001. La m\u00eame ann\u00e9e, il a aussi obtenu une certification en stimulation intramusculaire (aiguilles s\u00e8ches).<\/p>\n\n\n\n<p>Ashley est directeur de Evidence Sport &amp; Spinal Therapy, une clinique multidisciplinaire du Advanced Spinal Care Centre de Calgary, au Canada, o\u00f9 il poursuit son travail clinique en tant que consultant en physioth\u00e9rapie. Ce qui le passionne, c\u2019est d\u2019obtenir un diagnostic exact pour chaque patient de la clinique et d\u2019offrir des traitements fond\u00e9s sur des donn\u00e9es probantes afin de permettre aux personnes souffrant de probl\u00e8mes complexes d\u2019am\u00e9liorer leur qualit\u00e9 de vie assez rapidement \u2013 particuli\u00e8rement dans le cas de l\u00e9sions dues \u00e0 un coup de fouet cervical, de sympt\u00f4mes neurologiques (p.&nbsp;ex.&nbsp;sciatique) ou de douleurs complexes et g\u00e9n\u00e9ralis\u00e9es. Ashley travaille en \u00e9troite collaboration avec d\u2019autres professionnels de la sant\u00e9 (\u00e0 l\u2019\u00e9chelle locale, nationale et internationale) pour am\u00e9liorer tous les aspects du fonctionnement et de la qualit\u00e9 de vie du patient. Cela peut se faire par des interventions comme la proloth\u00e9rapie, des injections dans les facettes articulaires ou des blocs nerveux, ou alors par des rencontres avec un sp\u00e9cialiste en psychologie, le cas \u00e9ch\u00e9ant. Chaque situation clinique est unique, et chaque traitement doit \u00eatre personnalis\u00e9.<\/p>\n\n\n\n<p>Ashley a fait son doctorat \u00e0 l\u2019Universit\u00e9 de Queensland en Australie. Il a \u00e9tudi\u00e9 \u00e0 distance et a men\u00e9 ses recherches \u00e0 Calgary, en Alberta, au Canada sous la direction experte des professeures Michele Sterling et Gwen Jull. Son doctorat porte sur les effets des r\u00e9cepteurs nociceptifs p\u00e9riph\u00e9riques sur la condition physique et psychologique des personnes pr\u00e9sentant des sympt\u00f4mes persistants de trouble associ\u00e9 au coup de fouet cervical (TACF). Il a ensuite compl\u00e9t\u00e9 un stage postdoctoral en Australie, poursuivant ses recherches sur les m\u00e9canismes qui influencent la douleur persistante dans le trouble chronique associ\u00e9 au coup de fouet cervical. Les \u00e9tudes actuelles d\u2019Ashley portent sur la modulation endog\u00e8ne de la douleur, sur le r\u00f4le de l\u2019exercice dans la douleur chronique et sur le recours \u00e0 la m\u00e9decine r\u00e9g\u00e9n\u00e9ratrice pour traiter le trouble chronique associ\u00e9 au coup de fouet cervical. &nbsp;<\/p>\n\n\n\n<p>Ashley donne \u00e9galement des consultations m\u00e9dicol\u00e9gales, participe \u00e0 des examens m\u00e9dicaux ind\u00e9pendants et travaille en \u00e9troite collaboration avec d\u2019autres professionnels, comme des ergoth\u00e9rapeutes, pour aider \u00e0 donner des avis juridiques en ce qui concerne les l\u00e9sions corporelles. Ashley a cr\u00e9\u00e9 le Calgary Whiplash Assessment &amp; Diagnostic Laboratory (WADLab) afin de trouver des marqueurs pr\u00e9cis et objectifs utiles au pronostic et au choix du traitement pour les personnes qui souffrent de douleur \u00e0 long terme apr\u00e8s un traumatisme. En 2006, il a obtenu une certification (qu\u2019il a renouvel\u00e9e en 2011) du Spine Research Institute de San Diego (analyse m\u00e9dicol\u00e9gale des risques \u00e0 la suite d\u2019accidents de la route et traumatismes cr\u00e2niens dus au coup de fouet cervical). Il a \u00e9galement obtenu une certification pour r\u00e9aliser des \u00e9valuations m\u00e9dicol\u00e9gales aupr\u00e8s du American Board of Independent Medical Examiners (ABIME), et il est membre de la Soci\u00e9t\u00e9 canadienne des \u00e9valuateurs m\u00e9dicaux.<\/p>\n\n\n\n<p>Parall\u00e8lement \u00e0 sa passion pour le travail clinique, Ashley aime beaucoup former d\u2019autres professionnels et ainsi contribuer au transfert de connaissances. En collaboration avec M.&nbsp;Geoff Schneider, Ashley a cr\u00e9\u00e9 en 2003 un cours sur la prise en charge des patients souffrant du trouble associ\u00e9 au coup de fouet cervical; ils ont continu\u00e9 \u00e0 perfectionner leur cours pour en faire un programme modulaire fond\u00e9 sur des donn\u00e9es probantes de la physioth\u00e9rapie et de diff\u00e9rents domaines de la m\u00e9decine.<\/p>\n","protected":false},"excerpt":{"rendered":"<p>Domaine de sp\u00e9cialit\u00e9 clinique&nbsp;:&nbsp;Musculosquelettique Ann\u00e9e d\u2019obtention du dipl\u00f4me:&nbsp;1991 Anne\u00e9s dans ce domain de sp\u00e9cialit\u00e9:&nbsp;12 Doctorat:&nbsp;2015 Biographie\u00a0 Ashley a le titre de sp\u00e9cialiste clinique en physioth\u00e9rapie musculosquelettique depuis 2011. Il a obtenu son baccalaur\u00e9at en sciences appliqu\u00e9es (physioth\u00e9rapie) en 1990, et [&hellip;]<\/p>\n","protected":false},"author":1,"featured_media":0,"parent":0,"menu_order":0,"comment_status":"closed","ping_status":"closed","template":"","meta":{"inline_featured_image":false,"ep_exclude_from_search":false,"footnotes":""},"topic":[],"class_list":["post-6409","page","type-page","status-publish","hentry"],"acf":[],"yoast_head":"<!-- This site is optimized with the Yoast SEO plugin v24.7 - https:\/\/yoast.com\/wordpress\/plugins\/seo\/ -->\n<title>Ashley Smith - Canadian Physiotherapy Association<\/title>\n<meta name=\"robots\" content=\"index, follow, max-snippet:-1, max-image-preview:large, max-video-preview:-1\" \/>\n<link rel=\"canonical\" href=\"https:\/\/physiotherapy.ca\/fr\/ashley-smith\/\" \/>\n<meta property=\"og:locale\" content=\"fr_FR\" \/>\n<meta property=\"og:type\" content=\"article\" \/>\n<meta property=\"og:title\" content=\"Ashley Smith - Canadian Physiotherapy Association\" \/>\n<meta property=\"og:description\" content=\"Domaine de sp\u00e9cialit\u00e9 clinique&nbsp;:&nbsp;Musculosquelettique Ann\u00e9e d\u2019obtention du dipl\u00f4me:&nbsp;1991 Anne\u00e9s dans ce domain de sp\u00e9cialit\u00e9:&nbsp;12 Doctorat:&nbsp;2015 Biographie\u00a0 Ashley a le titre de sp\u00e9cialiste clinique en physioth\u00e9rapie musculosquelettique depuis 2011. Il a obtenu son baccalaur\u00e9at en sciences appliqu\u00e9es (physioth\u00e9rapie) en 1990, et [&hellip;]\" \/>\n<meta property=\"og:url\" content=\"https:\/\/physiotherapy.ca\/fr\/ashley-smith\/\" \/>\n<meta property=\"og:site_name\" content=\"Canadian Physiotherapy Association\" \/>\n<meta property=\"article:modified_time\" content=\"2022-08-08T20:04:52+00:00\" \/>\n<meta property=\"og:image\" content=\"https:\/\/physiotherapy.ca\/app\/uploads\/2022\/08\/ashelysmith.jpg\" \/>\n<meta name=\"twitter:card\" content=\"summary_large_image\" \/>\n<meta name=\"twitter:label1\" content=\"Est. reading time\" \/>\n\t<meta name=\"twitter:data1\" content=\"3 minutes\" \/>\n<script type=\"application\/ld+json\" class=\"yoast-schema-graph\">{\"@context\":\"https:\/\/schema.org\",\"@graph\":[{\"@type\":\"WebPage\",\"@id\":\"https:\/\/physiotherapy.ca\/fr\/ashley-smith\/\",\"url\":\"https:\/\/physiotherapy.ca\/fr\/ashley-smith\/\",\"name\":\"Ashley Smith - Canadian Physiotherapy Association\",\"isPartOf\":{\"@id\":\"https:\/\/physiotherapy.ca\/#website\"},\"primaryImageOfPage\":{\"@id\":\"https:\/\/physiotherapy.ca\/fr\/ashley-smith\/#primaryimage\"},\"image\":{\"@id\":\"https:\/\/physiotherapy.ca\/fr\/ashley-smith\/#primaryimage\"},\"thumbnailUrl\":\"https:\/\/physiotherapy.ca\/app\/uploads\/2022\/08\/ashelysmith.jpg\",\"datePublished\":\"2022-08-08T20:04:50+00:00\",\"dateModified\":\"2022-08-08T20:04:52+00:00\",\"breadcrumb\":{\"@id\":\"https:\/\/physiotherapy.ca\/fr\/ashley-smith\/#breadcrumb\"},\"inLanguage\":\"fr-FR\",\"potentialAction\":[{\"@type\":\"ReadAction\",\"target\":[\"https:\/\/physiotherapy.ca\/fr\/ashley-smith\/\"]}]},{\"@type\":\"ImageObject\",\"inLanguage\":\"fr-FR\",\"@id\":\"https:\/\/physiotherapy.ca\/fr\/ashley-smith\/#primaryimage\",\"url\":\"https:\/\/physiotherapy.ca\/app\/uploads\/2022\/08\/ashelysmith.jpg\",\"contentUrl\":\"https:\/\/physiotherapy.ca\/app\/uploads\/2022\/08\/ashelysmith.jpg\"},{\"@type\":\"BreadcrumbList\",\"@id\":\"https:\/\/physiotherapy.ca\/fr\/ashley-smith\/#breadcrumb\",\"itemListElement\":[{\"@type\":\"ListItem\",\"position\":1,\"name\":\"Home\",\"item\":\"https:\/\/physiotherapy.ca\/fr\/\"},{\"@type\":\"ListItem\",\"position\":2,\"name\":\"Ashley Smith\"}]},{\"@type\":\"WebSite\",\"@id\":\"https:\/\/physiotherapy.ca\/#website\",\"url\":\"https:\/\/physiotherapy.ca\/\",\"name\":\"Canadian Physiotherapy Association\",\"description\":\"The Canadian Physiotherapy Association (CPA) represents over 16,000 physiotherapy professionals and students across Canada.\",\"potentialAction\":[{\"@type\":\"SearchAction\",\"target\":{\"@type\":\"EntryPoint\",\"urlTemplate\":\"https:\/\/physiotherapy.ca\/?s={search_term_string}\"},\"query-input\":{\"@type\":\"PropertyValueSpecification\",\"valueRequired\":true,\"valueName\":\"search_term_string\"}}],\"inLanguage\":\"fr-FR\"}]}<\/script>\n<!-- \/ Yoast SEO plugin. -->","yoast_head_json":{"title":"Ashley Smith - Canadian Physiotherapy Association","robots":{"index":"index","follow":"follow","max-snippet":"max-snippet:-1","max-image-preview":"max-image-preview:large","max-video-preview":"max-video-preview:-1"},"canonical":"https:\/\/physiotherapy.ca\/fr\/ashley-smith\/","og_locale":"fr_FR","og_type":"article","og_title":"Ashley Smith - Canadian Physiotherapy Association","og_description":"Domaine de sp\u00e9cialit\u00e9 clinique&nbsp;:&nbsp;Musculosquelettique Ann\u00e9e d\u2019obtention du dipl\u00f4me:&nbsp;1991 Anne\u00e9s dans ce domain de sp\u00e9cialit\u00e9:&nbsp;12 Doctorat:&nbsp;2015 Biographie\u00a0 Ashley a le titre de sp\u00e9cialiste clinique en physioth\u00e9rapie musculosquelettique depuis 2011. Il a obtenu son baccalaur\u00e9at en sciences appliqu\u00e9es (physioth\u00e9rapie) en 1990, et [&hellip;]","og_url":"https:\/\/physiotherapy.ca\/fr\/ashley-smith\/","og_site_name":"Canadian Physiotherapy Association","article_modified_time":"2022-08-08T20:04:52+00:00","og_image":[{"url":"https:\/\/physiotherapy.ca\/app\/uploads\/2022\/08\/ashelysmith.jpg","type":"","width":"","height":""}],"twitter_card":"summary_large_image","twitter_misc":{"Est. reading time":"3 minutes"},"schema":{"@context":"https:\/\/schema.org","@graph":[{"@type":"WebPage","@id":"https:\/\/physiotherapy.ca\/fr\/ashley-smith\/","url":"https:\/\/physiotherapy.ca\/fr\/ashley-smith\/","name":"Ashley Smith - Canadian Physiotherapy Association","isPartOf":{"@id":"https:\/\/physiotherapy.ca\/#website"},"primaryImageOfPage":{"@id":"https:\/\/physiotherapy.ca\/fr\/ashley-smith\/#primaryimage"},"image":{"@id":"https:\/\/physiotherapy.ca\/fr\/ashley-smith\/#primaryimage"},"thumbnailUrl":"https:\/\/physiotherapy.ca\/app\/uploads\/2022\/08\/ashelysmith.jpg","datePublished":"2022-08-08T20:04:50+00:00","dateModified":"2022-08-08T20:04:52+00:00","breadcrumb":{"@id":"https:\/\/physiotherapy.ca\/fr\/ashley-smith\/#breadcrumb"},"inLanguage":"fr-FR","potentialAction":[{"@type":"ReadAction","target":["https:\/\/physiotherapy.ca\/fr\/ashley-smith\/"]}]},{"@type":"ImageObject","inLanguage":"fr-FR","@id":"https:\/\/physiotherapy.ca\/fr\/ashley-smith\/#primaryimage","url":"https:\/\/physiotherapy.ca\/app\/uploads\/2022\/08\/ashelysmith.jpg","contentUrl":"https:\/\/physiotherapy.ca\/app\/uploads\/2022\/08\/ashelysmith.jpg"},{"@type":"BreadcrumbList","@id":"https:\/\/physiotherapy.ca\/fr\/ashley-smith\/#breadcrumb","itemListElement":[{"@type":"ListItem","position":1,"name":"Home","item":"https:\/\/physiotherapy.ca\/fr\/"},{"@type":"ListItem","position":2,"name":"Ashley Smith"}]},{"@type":"WebSite","@id":"https:\/\/physiotherapy.ca\/#website","url":"https:\/\/physiotherapy.ca\/","name":"Canadian Physiotherapy Association","description":"The Canadian Physiotherapy Association (CPA) represents over 16,000 physiotherapy professionals and students across Canada.","potentialAction":[{"@type":"SearchAction","target":{"@type":"EntryPoint","urlTemplate":"https:\/\/physiotherapy.ca\/?s={search_term_string}"},"query-input":{"@type":"PropertyValueSpecification","valueRequired":true,"valueName":"search_term_string"}}],"inLanguage":"fr-FR"}]}},"_links":{"self":[{"href":"https:\/\/physiotherapy.ca\/fr\/wp-json\/wp\/v2\/pages\/6409","targetHints":{"allow":["GET"]}}],"collection":[{"href":"https:\/\/physiotherapy.ca\/fr\/wp-json\/wp\/v2\/pages"}],"about":[{"href":"https:\/\/physiotherapy.ca\/fr\/wp-json\/wp\/v2\/types\/page"}],"author":[{"embeddable":true,"href":"https:\/\/physiotherapy.ca\/fr\/wp-json\/wp\/v2\/users\/1"}],"replies":[{"embeddable":true,"href":"https:\/\/physiotherapy.ca\/fr\/wp-json\/wp\/v2\/comments?post=6409"}],"version-history":[{"count":3,"href":"https:\/\/physiotherapy.ca\/fr\/wp-json\/wp\/v2\/pages\/6409\/revisions"}],"predecessor-version":[{"id":6412,"href":"https:\/\/physiotherapy.ca\/fr\/wp-json\/wp\/v2\/pages\/6409\/revisions\/6412"}],"wp:attachment":[{"href":"https:\/\/physiotherapy.ca\/fr\/wp-json\/wp\/v2\/media?parent=6409"}],"wp:term":[{"taxonomy":"topic","embeddable":true,"href":"https:\/\/physiotherapy.ca\/fr\/wp-json\/wp\/v2\/topic?post=6409"}],"curies":[{"name":"wp","href":"https:\/\/api.w.org\/{rel}","templated":true}]}}