{"id":6414,"date":"2022-08-08T16:07:33","date_gmt":"2022-08-08T20:07:33","guid":{"rendered":"https:\/\/physiotherapy.ca\/?page_id=6414"},"modified":"2022-08-08T16:07:34","modified_gmt":"2022-08-08T20:07:34","slug":"greg-spadoni","status":"publish","type":"page","link":"https:\/\/physiotherapy.ca\/fr\/greg-spadoni\/","title":{"rendered":"Greg Spadoni"},"content":{"rendered":"\n<div class=\"wp-block-media-text is-stacked-on-mobile is-vertically-aligned-top\" style=\"grid-template-columns:38% auto\"><figure class=\"wp-block-media-text__media\"><img loading=\"lazy\" decoding=\"async\" width=\"453\" height=\"347\" src=\"https:\/\/physiotherapy.ca\/app\/uploads\/2022\/08\/image1.jpg\" alt=\"\" class=\"wp-image-5958 size-full\" srcset=\"https:\/\/physiotherapy.ca\/app\/uploads\/2022\/08\/image1.jpg 453w, https:\/\/physiotherapy.ca\/app\/uploads\/2022\/08\/image1-300x230.jpg 300w, https:\/\/physiotherapy.ca\/app\/uploads\/2022\/08\/image1-261x200.jpg 261w\" sizes=\"auto, (max-width: 453px) 100vw, 453px\" \/><\/figure><div class=\"wp-block-media-text__content\">\n<p><strong>Domaine de sp\u00e9cialit\u00e9 clinique&nbsp;:&nbsp;<\/strong>Soins musculosquelettiques<\/p>\n\n\n\n<p><strong>Lieu&nbsp;:&nbsp;<\/strong>Hamilton (Ontario)<\/p>\n\n\n\n<p><strong>Ann\u00e9es en exercice&nbsp;:&nbsp;<\/strong>20<\/p>\n\n\n\n<p><strong>Domaines d\u2019int\u00e9r\u00eat&nbsp;:&nbsp;<\/strong>colonne vert\u00e9brale, \u00e9paule<\/p>\n<\/div><\/div>\n\n\n\n<div style=\"height:27px\" aria-hidden=\"true\" class=\"wp-block-spacer\"><\/div>\n\n\n\n<p><strong>Pourquoi avez-vous d\u00e9cid\u00e9 de devenir sp\u00e9cialiste clinique?<\/strong><\/p>\n\n\n\n<p>La d\u00e9signation de sp\u00e9cialiste clinique \u00e9tait l\u2019\u00e9tape logique dans mon parcours professionnel et m\u2019a permis de souligner mes exp\u00e9riences professionnelles et cliniques jusqu\u2019\u00e0 pr\u00e9sent.<\/p>\n\n\n\n<p><strong>O\u00f9 voyez-vous la profession dans 25\u00a0ans?<\/strong><\/p>\n\n\n\n<p>Les physioth\u00e9rapeutes auront de plus grands r\u00f4les en pratique avanc\u00e9e et notre champ de pratique prendra de l\u2019expansion.<\/p>\n\n\n\n<p><strong>En quoi pensez-vous que votre sp\u00e9cialisation clinique a modifi\u00e9 votre pratique?<\/strong><\/p>\n\n\n\n<p>Le processus de r\u00e9flexion sur la pratique professionnelle et clinique am\u00e9liore la r\u00e9flexion g\u00e9n\u00e9rale et les habilet\u00e9s de pratique.<\/p>\n\n\n\n<h3 class=\"wp-block-heading\"><strong>Biographie et d\u00e9signations<\/strong><\/h3>\n\n\n\n<p><em>Greg Spadoni<\/em><\/p>\n\n\n\n<p><em>pht., M. Sc., B. Sc. Sant\u00e9, BA, Dip. Manip. Ther., FCAMPT, CAFCI<\/em><\/p>\n\n\n\n<p><em>Sp\u00e9cialiste clinique en soins musculosquelettiques<\/em><\/p>\n\n\n\n<p>Greg est dipl\u00f4m\u00e9 de l\u2019universit\u00e9 McMaster \u00e0 Hamilton, en Ontario, o\u00f9 il a obtenu des dipl\u00f4mes de premier cycle et d\u2019\u00e9tudes sup\u00e9rieures en physioth\u00e9rapie et en sciences de la r\u00e9adaptation. Associ\u00e9 de la Canadian Academy of Manipulative Physiotherapy, il a d\u00e9croch\u00e9 un dipl\u00f4me avanc\u00e9 en physioth\u00e9rapie manuelle et orthop\u00e9dique de l\u2019Association canadienne de physioth\u00e9rapie en 2000. Greg a re\u00e7u sa d\u00e9signation de sp\u00e9cialiste clinique en soins musculosquelettiques en 2017.<\/p>\n\n\n\n<p>Greg est directeur de Peak Performance Physiotherapy, une clinique orthop\u00e9dique ax\u00e9e sur le traitement de la dysfonction vert\u00e9brale et p\u00e9riph\u00e9rique, des blessures sportives et de la douleur chronique situ\u00e9e \u00e0 Hamilton. Outre son travail clinique, Greg est professeur adjoint de clinique \u00e0 l\u2019universit\u00e9 McMaster et enseigne au programme d\u2019\u00e9tudes sup\u00e9rieures en physioth\u00e9rapie. Il donne aussi des cours d\u2019\u00e9ducation continue pour l\u2019Association canadienne de physioth\u00e9rapie. Les int\u00e9r\u00eats de recherche de Greg portent actuellement sur l\u2019\u00e9valuation et la mesure des r\u00e9sultats cliniques. Il a cr\u00e9\u00e9 le P4, une mesure d\u2019auto\u00e9valuation de l\u2019intensit\u00e9 de la douleur. Greg est laur\u00e9at de trois prix de la plume d\u2019argent (1999, 2006 et 2010) en recherche clinique de l\u2019Association canadienne de physioth\u00e9rapie.&nbsp;<\/p>\n","protected":false},"excerpt":{"rendered":"<p>Domaine de sp\u00e9cialit\u00e9 clinique&nbsp;:&nbsp;Soins musculosquelettiques Lieu&nbsp;:&nbsp;Hamilton (Ontario) Ann\u00e9es en exercice&nbsp;:&nbsp;20 Domaines d\u2019int\u00e9r\u00eat&nbsp;:&nbsp;colonne vert\u00e9brale, \u00e9paule Pourquoi avez-vous d\u00e9cid\u00e9 de devenir sp\u00e9cialiste clinique? La d\u00e9signation de sp\u00e9cialiste clinique \u00e9tait l\u2019\u00e9tape logique dans mon parcours professionnel et m\u2019a permis de souligner mes exp\u00e9riences [&hellip;]<\/p>\n","protected":false},"author":1,"featured_media":0,"parent":0,"menu_order":0,"comment_status":"closed","ping_status":"closed","template":"","meta":{"inline_featured_image":false,"ep_exclude_from_search":false,"footnotes":""},"topic":[],"class_list":["post-6414","page","type-page","status-publish","hentry"],"acf":[],"yoast_head":"<!-- This site is optimized with the Yoast SEO plugin v24.7 - https:\/\/yoast.com\/wordpress\/plugins\/seo\/ -->\n<title>Greg Spadoni - Canadian Physiotherapy Association<\/title>\n<meta name=\"robots\" content=\"index, follow, max-snippet:-1, max-image-preview:large, max-video-preview:-1\" \/>\n<link rel=\"canonical\" href=\"https:\/\/physiotherapy.ca\/fr\/greg-spadoni\/\" \/>\n<meta property=\"og:locale\" content=\"fr_FR\" \/>\n<meta property=\"og:type\" content=\"article\" \/>\n<meta property=\"og:title\" content=\"Greg Spadoni - Canadian Physiotherapy Association\" \/>\n<meta property=\"og:description\" content=\"Domaine de sp\u00e9cialit\u00e9 clinique&nbsp;:&nbsp;Soins musculosquelettiques Lieu&nbsp;:&nbsp;Hamilton (Ontario) Ann\u00e9es en exercice&nbsp;:&nbsp;20 Domaines d\u2019int\u00e9r\u00eat&nbsp;:&nbsp;colonne vert\u00e9brale, \u00e9paule Pourquoi avez-vous d\u00e9cid\u00e9 de devenir sp\u00e9cialiste clinique? La d\u00e9signation de sp\u00e9cialiste clinique \u00e9tait l\u2019\u00e9tape logique dans mon parcours professionnel et m\u2019a permis de souligner mes exp\u00e9riences [&hellip;]\" \/>\n<meta property=\"og:url\" content=\"https:\/\/physiotherapy.ca\/fr\/greg-spadoni\/\" \/>\n<meta property=\"og:site_name\" content=\"Canadian Physiotherapy Association\" \/>\n<meta property=\"article:modified_time\" content=\"2022-08-08T20:07:34+00:00\" \/>\n<meta property=\"og:image\" content=\"https:\/\/physiotherapy.ca\/app\/uploads\/2022\/08\/image1.jpg\" \/>\n<meta name=\"twitter:card\" content=\"summary_large_image\" \/>\n<meta name=\"twitter:label1\" content=\"Est. reading time\" \/>\n\t<meta name=\"twitter:data1\" content=\"2 minutes\" \/>\n<script type=\"application\/ld+json\" class=\"yoast-schema-graph\">{\"@context\":\"https:\/\/schema.org\",\"@graph\":[{\"@type\":\"WebPage\",\"@id\":\"https:\/\/physiotherapy.ca\/fr\/greg-spadoni\/\",\"url\":\"https:\/\/physiotherapy.ca\/fr\/greg-spadoni\/\",\"name\":\"Greg Spadoni - Canadian Physiotherapy Association\",\"isPartOf\":{\"@id\":\"https:\/\/physiotherapy.ca\/#website\"},\"primaryImageOfPage\":{\"@id\":\"https:\/\/physiotherapy.ca\/fr\/greg-spadoni\/#primaryimage\"},\"image\":{\"@id\":\"https:\/\/physiotherapy.ca\/fr\/greg-spadoni\/#primaryimage\"},\"thumbnailUrl\":\"https:\/\/physiotherapy.ca\/app\/uploads\/2022\/08\/image1.jpg\",\"datePublished\":\"2022-08-08T20:07:33+00:00\",\"dateModified\":\"2022-08-08T20:07:34+00:00\",\"breadcrumb\":{\"@id\":\"https:\/\/physiotherapy.ca\/fr\/greg-spadoni\/#breadcrumb\"},\"inLanguage\":\"fr-FR\",\"potentialAction\":[{\"@type\":\"ReadAction\",\"target\":[\"https:\/\/physiotherapy.ca\/fr\/greg-spadoni\/\"]}]},{\"@type\":\"ImageObject\",\"inLanguage\":\"fr-FR\",\"@id\":\"https:\/\/physiotherapy.ca\/fr\/greg-spadoni\/#primaryimage\",\"url\":\"https:\/\/physiotherapy.ca\/app\/uploads\/2022\/08\/image1.jpg\",\"contentUrl\":\"https:\/\/physiotherapy.ca\/app\/uploads\/2022\/08\/image1.jpg\"},{\"@type\":\"BreadcrumbList\",\"@id\":\"https:\/\/physiotherapy.ca\/fr\/greg-spadoni\/#breadcrumb\",\"itemListElement\":[{\"@type\":\"ListItem\",\"position\":1,\"name\":\"Home\",\"item\":\"https:\/\/physiotherapy.ca\/fr\/\"},{\"@type\":\"ListItem\",\"position\":2,\"name\":\"Greg Spadoni\"}]},{\"@type\":\"WebSite\",\"@id\":\"https:\/\/physiotherapy.ca\/#website\",\"url\":\"https:\/\/physiotherapy.ca\/\",\"name\":\"Canadian Physiotherapy Association\",\"description\":\"The Canadian Physiotherapy Association (CPA) represents over 16,000 physiotherapy professionals and students across Canada.\",\"potentialAction\":[{\"@type\":\"SearchAction\",\"target\":{\"@type\":\"EntryPoint\",\"urlTemplate\":\"https:\/\/physiotherapy.ca\/?s={search_term_string}\"},\"query-input\":{\"@type\":\"PropertyValueSpecification\",\"valueRequired\":true,\"valueName\":\"search_term_string\"}}],\"inLanguage\":\"fr-FR\"}]}<\/script>\n<!-- \/ Yoast SEO plugin. -->","yoast_head_json":{"title":"Greg Spadoni - Canadian Physiotherapy Association","robots":{"index":"index","follow":"follow","max-snippet":"max-snippet:-1","max-image-preview":"max-image-preview:large","max-video-preview":"max-video-preview:-1"},"canonical":"https:\/\/physiotherapy.ca\/fr\/greg-spadoni\/","og_locale":"fr_FR","og_type":"article","og_title":"Greg Spadoni - Canadian Physiotherapy Association","og_description":"Domaine de sp\u00e9cialit\u00e9 clinique&nbsp;:&nbsp;Soins musculosquelettiques Lieu&nbsp;:&nbsp;Hamilton (Ontario) Ann\u00e9es en exercice&nbsp;:&nbsp;20 Domaines d\u2019int\u00e9r\u00eat&nbsp;:&nbsp;colonne vert\u00e9brale, \u00e9paule Pourquoi avez-vous d\u00e9cid\u00e9 de devenir sp\u00e9cialiste clinique? La d\u00e9signation de sp\u00e9cialiste clinique \u00e9tait l\u2019\u00e9tape logique dans mon parcours professionnel et m\u2019a permis de souligner mes exp\u00e9riences [&hellip;]","og_url":"https:\/\/physiotherapy.ca\/fr\/greg-spadoni\/","og_site_name":"Canadian Physiotherapy Association","article_modified_time":"2022-08-08T20:07:34+00:00","og_image":[{"url":"https:\/\/physiotherapy.ca\/app\/uploads\/2022\/08\/image1.jpg","type":"","width":"","height":""}],"twitter_card":"summary_large_image","twitter_misc":{"Est. reading time":"2 minutes"},"schema":{"@context":"https:\/\/schema.org","@graph":[{"@type":"WebPage","@id":"https:\/\/physiotherapy.ca\/fr\/greg-spadoni\/","url":"https:\/\/physiotherapy.ca\/fr\/greg-spadoni\/","name":"Greg Spadoni - Canadian Physiotherapy Association","isPartOf":{"@id":"https:\/\/physiotherapy.ca\/#website"},"primaryImageOfPage":{"@id":"https:\/\/physiotherapy.ca\/fr\/greg-spadoni\/#primaryimage"},"image":{"@id":"https:\/\/physiotherapy.ca\/fr\/greg-spadoni\/#primaryimage"},"thumbnailUrl":"https:\/\/physiotherapy.ca\/app\/uploads\/2022\/08\/image1.jpg","datePublished":"2022-08-08T20:07:33+00:00","dateModified":"2022-08-08T20:07:34+00:00","breadcrumb":{"@id":"https:\/\/physiotherapy.ca\/fr\/greg-spadoni\/#breadcrumb"},"inLanguage":"fr-FR","potentialAction":[{"@type":"ReadAction","target":["https:\/\/physiotherapy.ca\/fr\/greg-spadoni\/"]}]},{"@type":"ImageObject","inLanguage":"fr-FR","@id":"https:\/\/physiotherapy.ca\/fr\/greg-spadoni\/#primaryimage","url":"https:\/\/physiotherapy.ca\/app\/uploads\/2022\/08\/image1.jpg","contentUrl":"https:\/\/physiotherapy.ca\/app\/uploads\/2022\/08\/image1.jpg"},{"@type":"BreadcrumbList","@id":"https:\/\/physiotherapy.ca\/fr\/greg-spadoni\/#breadcrumb","itemListElement":[{"@type":"ListItem","position":1,"name":"Home","item":"https:\/\/physiotherapy.ca\/fr\/"},{"@type":"ListItem","position":2,"name":"Greg Spadoni"}]},{"@type":"WebSite","@id":"https:\/\/physiotherapy.ca\/#website","url":"https:\/\/physiotherapy.ca\/","name":"Canadian Physiotherapy Association","description":"The Canadian Physiotherapy Association (CPA) represents over 16,000 physiotherapy professionals and students across Canada.","potentialAction":[{"@type":"SearchAction","target":{"@type":"EntryPoint","urlTemplate":"https:\/\/physiotherapy.ca\/?s={search_term_string}"},"query-input":{"@type":"PropertyValueSpecification","valueRequired":true,"valueName":"search_term_string"}}],"inLanguage":"fr-FR"}]}},"_links":{"self":[{"href":"https:\/\/physiotherapy.ca\/fr\/wp-json\/wp\/v2\/pages\/6414","targetHints":{"allow":["GET"]}}],"collection":[{"href":"https:\/\/physiotherapy.ca\/fr\/wp-json\/wp\/v2\/pages"}],"about":[{"href":"https:\/\/physiotherapy.ca\/fr\/wp-json\/wp\/v2\/types\/page"}],"author":[{"embeddable":true,"href":"https:\/\/physiotherapy.ca\/fr\/wp-json\/wp\/v2\/users\/1"}],"replies":[{"embeddable":true,"href":"https:\/\/physiotherapy.ca\/fr\/wp-json\/wp\/v2\/comments?post=6414"}],"version-history":[{"count":5,"href":"https:\/\/physiotherapy.ca\/fr\/wp-json\/wp\/v2\/pages\/6414\/revisions"}],"predecessor-version":[{"id":6420,"href":"https:\/\/physiotherapy.ca\/fr\/wp-json\/wp\/v2\/pages\/6414\/revisions\/6420"}],"wp:attachment":[{"href":"https:\/\/physiotherapy.ca\/fr\/wp-json\/wp\/v2\/media?parent=6414"}],"wp:term":[{"taxonomy":"topic","embeddable":true,"href":"https:\/\/physiotherapy.ca\/fr\/wp-json\/wp\/v2\/topic?post=6414"}],"curies":[{"name":"wp","href":"https:\/\/api.w.org\/{rel}","templated":true}]}}