{"id":6422,"date":"2022-08-08T16:09:41","date_gmt":"2022-08-08T20:09:41","guid":{"rendered":"https:\/\/physiotherapy.ca\/?page_id=6422"},"modified":"2022-08-08T16:09:43","modified_gmt":"2022-08-08T20:09:43","slug":"michael-westaway","status":"publish","type":"page","link":"https:\/\/physiotherapy.ca\/fr\/michael-westaway\/","title":{"rendered":"Michael Westaway"},"content":{"rendered":"\n<div class=\"wp-block-media-text is-stacked-on-mobile is-vertically-aligned-top\" style=\"grid-template-columns:29% auto\"><figure class=\"wp-block-media-text__media\"><img loading=\"lazy\" decoding=\"async\" width=\"775\" height=\"1024\" src=\"https:\/\/physiotherapy.ca\/app\/uploads\/2022\/08\/img_6975-775x1024.jpg\" alt=\"\" class=\"wp-image-5964 size-full\" srcset=\"https:\/\/physiotherapy.ca\/app\/uploads\/2022\/08\/img_6975-775x1024.jpg 775w, https:\/\/physiotherapy.ca\/app\/uploads\/2022\/08\/img_6975-600x793.jpg 600w, https:\/\/physiotherapy.ca\/app\/uploads\/2022\/08\/img_6975-227x300.jpg 227w, https:\/\/physiotherapy.ca\/app\/uploads\/2022\/08\/img_6975-768x1015.jpg 768w, https:\/\/physiotherapy.ca\/app\/uploads\/2022\/08\/img_6975-1162x1536.jpg 1162w, https:\/\/physiotherapy.ca\/app\/uploads\/2022\/08\/img_6975-1549x2048.jpg 1549w, https:\/\/physiotherapy.ca\/app\/uploads\/2022\/08\/img_6975-151x200.jpg 151w, https:\/\/physiotherapy.ca\/app\/uploads\/2022\/08\/img_6975.jpg 1557w\" sizes=\"auto, (max-width: 775px) 100vw, 775px\" \/><\/figure><div class=\"wp-block-media-text__content\">\n<p><strong>Domaine de sp\u00e9cialit\u00e9 clinique:&nbsp;<\/strong>Musculosquelettique<\/p>\n\n\n\n<p><strong>Ann\u00e9e d&#8217;obtention du&nbsp;<\/strong><strong>dipl\u00f4me:&nbsp;<\/strong>1987<\/p>\n\n\n\n<p><strong>Secteurs d\u2019int\u00e9r\u00eat professionnel&nbsp;:&nbsp;<\/strong>Colonne cervicale<\/p>\n\n\n\n<p><strong>Que trouvez-vous le plus satisfaisant dans le programme de sp\u00e9cialit\u00e9?<\/strong><\/p>\n\n\n\n<p>Le processus de sp\u00e9cialisation est int\u00e9ressant. Il m\u2019a permis d\u2019appr\u00e9cier notre extraordinaire profession.<\/p>\n<\/div><\/div>\n\n\n\n<div style=\"height:27px\" aria-hidden=\"true\" class=\"wp-block-spacer\"><\/div>\n\n\n\n<p><strong>Pourquoi avez-vous particip\u00e9 au programme?<\/strong><\/p>\n\n\n\n<p>Pour obtenir le titre, afin d\u2019ajouter de la cr\u00e9dibilit\u00e9 \u00e0 la profession dans son ensemble et de l\u2019utiliser pour entra\u00eener des changements positifs dans la profession quant \u00e0 son influence, aux relations interprofessionnelles et aux aspects m\u00e9dicol\u00e9gaux.<\/p>\n\n\n\n<p><strong>O\u00f9 esp\u00e9rez-vous voir la profession dans 25&nbsp;ans?<\/strong><\/p>\n\n\n\n<p>Je souhaite que notre pratique soit beaucoup plus autonome (injections, demande d\u2019imagerie diagnostique), obtienne un plus grand respect du public et soit plus int\u00e9gr\u00e9e dans une pratique fond\u00e9e sur les donn\u00e9es probantes gr\u00e2ce \u00e0 un solide effectif de chercheurs, compos\u00e9 principalement de physioth\u00e9rapeutes.<\/p>\n\n\n\n<p><strong>Selon vous, quel impact aura la sp\u00e9cialisation dans votre domaine?<\/strong><\/p>\n\n\n\n<p>L\u2019am\u00e9lioration du mentorat et de meilleures ressources pour les jeunes dipl\u00f4m\u00e9s. Davantage de clients envoy\u00e9s vers les physioth\u00e9rapeutes, et davantage de travail m\u00e9dicol\u00e9gal.<\/p>\n\n\n\n<p><strong>Quelle est la valeur de la sp\u00e9cialit\u00e9 pour les candidats?<\/strong><\/p>\n\n\n\n<p>C\u2019est un processus d\u2019introspection sur la pratique professionnelle, ce qui est toujours une bonne chose.<\/p>\n\n\n\n<p><strong>Avez-vous fait appel \u00e0 votre r\u00e9seau de sp\u00e9cialistes, et comment?<\/strong><\/p>\n\n\n\n<p>Je travaille quotidiennement avec quelques sp\u00e9cialistes en orthop\u00e9die.<\/p>\n\n\n\n<p><strong>Quels facteurs importants faut-il prendre en compte lorsqu\u2019on souhaite faire une sp\u00e9cialit\u00e9 clinique?<\/strong><\/p>\n\n\n\n<p>Il ne faut pas sous-estimer ses connaissances, son exp\u00e9rience et ses comp\u00e9tences cliniques.<\/p>\n\n\n\n<p><strong>Quelles comp\u00e9tences avez-vous acquises ou am\u00e9lior\u00e9es pendant le processus de sp\u00e9cialisation?<\/strong><\/p>\n\n\n\n<p>La capacit\u00e9 de structurer un traitement dans un cas difficile, en me fondant sur de solides donn\u00e9es probantes et sur la recherche.<\/p>\n\n\n\n<p><strong>Quel conseil donneriez-vous aux candidats qui s\u2019engagent dans le processus de sp\u00e9cialisation?<\/strong><\/p>\n\n\n\n<p>C\u2019est un processus satisfaisant, mais intensif.<\/p>\n\n\n\n<h3 class=\"wp-block-heading\"><strong>Biographie<\/strong><\/h3>\n\n\n\n<p>Michael Westaway est physioth\u00e9rapeute en orthop\u00e9die; il exerce en cabinet priv\u00e9 depuis 27&nbsp;ans. Il a un baccalaur\u00e9at de l\u2019Universit\u00e9 de Toronto (B.&nbsp;Sc., 1984) et un baccalaur\u00e9at en physioth\u00e9rapie de l\u2019Universit\u00e9 McMaster (1987), une ma\u00eetrise de l\u2019Universit\u00e9 de Calgary (1993) et un doctorat en sciences (D.&nbsp;Sc., Universit\u00e9 Andrew\u2019s, 2005). Il d\u00e9tient un permis d\u2019exercer l\u2019acupuncture et une certification en technique de rel\u00e2chement actif. Il est fellow de la Canadian Academy of Manipulative Therapy (CAMT) et il a \u00e9t\u00e9 pr\u00e9sident de la Canadian Orthopractic Manual Therapy Association et de la division orthop\u00e9die de l\u2019ACP. Il enseigne \u00e0 l\u2019Universit\u00e9 McMaster et a \u00e9t\u00e9 enseignant clinicien \u00e0 l\u2019Universit\u00e9 de l\u2019Alberta. Il d\u00e9tient une directive m\u00e9dicale qui lui permet de r\u00e9aliser des injections aux points de d\u00e9clenchement myofasciaux et des traitements de proloth\u00e9rapie. Le Dr&nbsp;Westaway participe toujours activement \u00e0 la recherche clinique et a publi\u00e9 divers articles revus par des pairs portant sur la mesure des r\u00e9sultats et l\u2019efficacit\u00e9 du traitement de la colonne cervicale, ainsi que sur la biom\u00e9canique cervicale. Il exerce actuellement au Caleo Health Center (seulement pour l\u2019\u00e9valuation des patients souffrant de douleur vert\u00e9brale), \u00e0 la clinique Village Square Sport Physiotherapy et \u00e0 la clinique de Springborough. Il a le titre de sp\u00e9cialiste en orthop\u00e9die de l\u2019Association canadienne de physioth\u00e9rapie. Il est reconnu comme t\u00e9moin expert par la Cour du Banc de la Reine en Alberta.<\/p>\n","protected":false},"excerpt":{"rendered":"<p>Domaine de sp\u00e9cialit\u00e9 clinique:&nbsp;Musculosquelettique Ann\u00e9e d&#8217;obtention du&nbsp;dipl\u00f4me:&nbsp;1987 Secteurs d\u2019int\u00e9r\u00eat professionnel&nbsp;:&nbsp;Colonne cervicale Que trouvez-vous le plus satisfaisant dans le programme de sp\u00e9cialit\u00e9? Le processus de sp\u00e9cialisation est int\u00e9ressant. Il m\u2019a permis d\u2019appr\u00e9cier notre extraordinaire profession. Pourquoi avez-vous particip\u00e9 au programme? Pour [&hellip;]<\/p>\n","protected":false},"author":1,"featured_media":0,"parent":0,"menu_order":0,"comment_status":"closed","ping_status":"closed","template":"","meta":{"inline_featured_image":false,"ep_exclude_from_search":false,"footnotes":""},"topic":[],"class_list":["post-6422","page","type-page","status-publish","hentry"],"acf":[],"yoast_head":"<!-- This site is optimized with the Yoast SEO plugin v24.7 - https:\/\/yoast.com\/wordpress\/plugins\/seo\/ -->\n<title>Michael Westaway - Canadian Physiotherapy Association<\/title>\n<meta name=\"robots\" content=\"index, follow, max-snippet:-1, max-image-preview:large, max-video-preview:-1\" \/>\n<link rel=\"canonical\" href=\"https:\/\/physiotherapy.ca\/fr\/michael-westaway\/\" \/>\n<meta property=\"og:locale\" content=\"fr_FR\" \/>\n<meta property=\"og:type\" content=\"article\" \/>\n<meta property=\"og:title\" content=\"Michael Westaway - Canadian Physiotherapy Association\" \/>\n<meta property=\"og:description\" content=\"Domaine de sp\u00e9cialit\u00e9 clinique:&nbsp;Musculosquelettique Ann\u00e9e d&#8217;obtention du&nbsp;dipl\u00f4me:&nbsp;1987 Secteurs d\u2019int\u00e9r\u00eat professionnel&nbsp;:&nbsp;Colonne cervicale Que trouvez-vous le plus satisfaisant dans le programme de sp\u00e9cialit\u00e9? Le processus de sp\u00e9cialisation est int\u00e9ressant. Il m\u2019a permis d\u2019appr\u00e9cier notre extraordinaire profession. Pourquoi avez-vous particip\u00e9 au programme? Pour [&hellip;]\" \/>\n<meta property=\"og:url\" content=\"https:\/\/physiotherapy.ca\/fr\/michael-westaway\/\" \/>\n<meta property=\"og:site_name\" content=\"Canadian Physiotherapy Association\" \/>\n<meta property=\"article:modified_time\" content=\"2022-08-08T20:09:43+00:00\" \/>\n<meta property=\"og:image\" content=\"https:\/\/physiotherapy.ca\/app\/uploads\/2022\/08\/img_6975-775x1024.jpg\" \/>\n<meta name=\"twitter:card\" content=\"summary_large_image\" \/>\n<meta name=\"twitter:label1\" content=\"Est. reading time\" \/>\n\t<meta name=\"twitter:data1\" content=\"3 minutes\" \/>\n<script type=\"application\/ld+json\" class=\"yoast-schema-graph\">{\"@context\":\"https:\/\/schema.org\",\"@graph\":[{\"@type\":\"WebPage\",\"@id\":\"https:\/\/physiotherapy.ca\/fr\/michael-westaway\/\",\"url\":\"https:\/\/physiotherapy.ca\/fr\/michael-westaway\/\",\"name\":\"Michael Westaway - Canadian Physiotherapy Association\",\"isPartOf\":{\"@id\":\"https:\/\/physiotherapy.ca\/#website\"},\"primaryImageOfPage\":{\"@id\":\"https:\/\/physiotherapy.ca\/fr\/michael-westaway\/#primaryimage\"},\"image\":{\"@id\":\"https:\/\/physiotherapy.ca\/fr\/michael-westaway\/#primaryimage\"},\"thumbnailUrl\":\"https:\/\/physiotherapy.ca\/app\/uploads\/2022\/08\/img_6975-775x1024.jpg\",\"datePublished\":\"2022-08-08T20:09:41+00:00\",\"dateModified\":\"2022-08-08T20:09:43+00:00\",\"breadcrumb\":{\"@id\":\"https:\/\/physiotherapy.ca\/fr\/michael-westaway\/#breadcrumb\"},\"inLanguage\":\"fr-FR\",\"potentialAction\":[{\"@type\":\"ReadAction\",\"target\":[\"https:\/\/physiotherapy.ca\/fr\/michael-westaway\/\"]}]},{\"@type\":\"ImageObject\",\"inLanguage\":\"fr-FR\",\"@id\":\"https:\/\/physiotherapy.ca\/fr\/michael-westaway\/#primaryimage\",\"url\":\"https:\/\/physiotherapy.ca\/app\/uploads\/2022\/08\/img_6975-775x1024.jpg\",\"contentUrl\":\"https:\/\/physiotherapy.ca\/app\/uploads\/2022\/08\/img_6975-775x1024.jpg\"},{\"@type\":\"BreadcrumbList\",\"@id\":\"https:\/\/physiotherapy.ca\/fr\/michael-westaway\/#breadcrumb\",\"itemListElement\":[{\"@type\":\"ListItem\",\"position\":1,\"name\":\"Home\",\"item\":\"https:\/\/physiotherapy.ca\/fr\/\"},{\"@type\":\"ListItem\",\"position\":2,\"name\":\"Michael Westaway\"}]},{\"@type\":\"WebSite\",\"@id\":\"https:\/\/physiotherapy.ca\/#website\",\"url\":\"https:\/\/physiotherapy.ca\/\",\"name\":\"Canadian Physiotherapy Association\",\"description\":\"The Canadian Physiotherapy Association (CPA) represents over 16,000 physiotherapy professionals and students across Canada.\",\"potentialAction\":[{\"@type\":\"SearchAction\",\"target\":{\"@type\":\"EntryPoint\",\"urlTemplate\":\"https:\/\/physiotherapy.ca\/?s={search_term_string}\"},\"query-input\":{\"@type\":\"PropertyValueSpecification\",\"valueRequired\":true,\"valueName\":\"search_term_string\"}}],\"inLanguage\":\"fr-FR\"}]}<\/script>\n<!-- \/ Yoast SEO plugin. -->","yoast_head_json":{"title":"Michael Westaway - Canadian Physiotherapy Association","robots":{"index":"index","follow":"follow","max-snippet":"max-snippet:-1","max-image-preview":"max-image-preview:large","max-video-preview":"max-video-preview:-1"},"canonical":"https:\/\/physiotherapy.ca\/fr\/michael-westaway\/","og_locale":"fr_FR","og_type":"article","og_title":"Michael Westaway - Canadian Physiotherapy Association","og_description":"Domaine de sp\u00e9cialit\u00e9 clinique:&nbsp;Musculosquelettique Ann\u00e9e d&#8217;obtention du&nbsp;dipl\u00f4me:&nbsp;1987 Secteurs d\u2019int\u00e9r\u00eat professionnel&nbsp;:&nbsp;Colonne cervicale Que trouvez-vous le plus satisfaisant dans le programme de sp\u00e9cialit\u00e9? Le processus de sp\u00e9cialisation est int\u00e9ressant. Il m\u2019a permis d\u2019appr\u00e9cier notre extraordinaire profession. Pourquoi avez-vous particip\u00e9 au programme? Pour [&hellip;]","og_url":"https:\/\/physiotherapy.ca\/fr\/michael-westaway\/","og_site_name":"Canadian Physiotherapy Association","article_modified_time":"2022-08-08T20:09:43+00:00","og_image":[{"url":"https:\/\/physiotherapy.ca\/app\/uploads\/2022\/08\/img_6975-775x1024.jpg","type":"","width":"","height":""}],"twitter_card":"summary_large_image","twitter_misc":{"Est. reading time":"3 minutes"},"schema":{"@context":"https:\/\/schema.org","@graph":[{"@type":"WebPage","@id":"https:\/\/physiotherapy.ca\/fr\/michael-westaway\/","url":"https:\/\/physiotherapy.ca\/fr\/michael-westaway\/","name":"Michael Westaway - Canadian Physiotherapy Association","isPartOf":{"@id":"https:\/\/physiotherapy.ca\/#website"},"primaryImageOfPage":{"@id":"https:\/\/physiotherapy.ca\/fr\/michael-westaway\/#primaryimage"},"image":{"@id":"https:\/\/physiotherapy.ca\/fr\/michael-westaway\/#primaryimage"},"thumbnailUrl":"https:\/\/physiotherapy.ca\/app\/uploads\/2022\/08\/img_6975-775x1024.jpg","datePublished":"2022-08-08T20:09:41+00:00","dateModified":"2022-08-08T20:09:43+00:00","breadcrumb":{"@id":"https:\/\/physiotherapy.ca\/fr\/michael-westaway\/#breadcrumb"},"inLanguage":"fr-FR","potentialAction":[{"@type":"ReadAction","target":["https:\/\/physiotherapy.ca\/fr\/michael-westaway\/"]}]},{"@type":"ImageObject","inLanguage":"fr-FR","@id":"https:\/\/physiotherapy.ca\/fr\/michael-westaway\/#primaryimage","url":"https:\/\/physiotherapy.ca\/app\/uploads\/2022\/08\/img_6975-775x1024.jpg","contentUrl":"https:\/\/physiotherapy.ca\/app\/uploads\/2022\/08\/img_6975-775x1024.jpg"},{"@type":"BreadcrumbList","@id":"https:\/\/physiotherapy.ca\/fr\/michael-westaway\/#breadcrumb","itemListElement":[{"@type":"ListItem","position":1,"name":"Home","item":"https:\/\/physiotherapy.ca\/fr\/"},{"@type":"ListItem","position":2,"name":"Michael Westaway"}]},{"@type":"WebSite","@id":"https:\/\/physiotherapy.ca\/#website","url":"https:\/\/physiotherapy.ca\/","name":"Canadian Physiotherapy Association","description":"The Canadian Physiotherapy Association (CPA) represents over 16,000 physiotherapy professionals and students across Canada.","potentialAction":[{"@type":"SearchAction","target":{"@type":"EntryPoint","urlTemplate":"https:\/\/physiotherapy.ca\/?s={search_term_string}"},"query-input":{"@type":"PropertyValueSpecification","valueRequired":true,"valueName":"search_term_string"}}],"inLanguage":"fr-FR"}]}},"_links":{"self":[{"href":"https:\/\/physiotherapy.ca\/fr\/wp-json\/wp\/v2\/pages\/6422","targetHints":{"allow":["GET"]}}],"collection":[{"href":"https:\/\/physiotherapy.ca\/fr\/wp-json\/wp\/v2\/pages"}],"about":[{"href":"https:\/\/physiotherapy.ca\/fr\/wp-json\/wp\/v2\/types\/page"}],"author":[{"embeddable":true,"href":"https:\/\/physiotherapy.ca\/fr\/wp-json\/wp\/v2\/users\/1"}],"replies":[{"embeddable":true,"href":"https:\/\/physiotherapy.ca\/fr\/wp-json\/wp\/v2\/comments?post=6422"}],"version-history":[{"count":2,"href":"https:\/\/physiotherapy.ca\/fr\/wp-json\/wp\/v2\/pages\/6422\/revisions"}],"predecessor-version":[{"id":6424,"href":"https:\/\/physiotherapy.ca\/fr\/wp-json\/wp\/v2\/pages\/6422\/revisions\/6424"}],"wp:attachment":[{"href":"https:\/\/physiotherapy.ca\/fr\/wp-json\/wp\/v2\/media?parent=6422"}],"wp:term":[{"taxonomy":"topic","embeddable":true,"href":"https:\/\/physiotherapy.ca\/fr\/wp-json\/wp\/v2\/topic?post=6422"}],"curies":[{"name":"wp","href":"https:\/\/api.w.org\/{rel}","templated":true}]}}