{"id":6426,"date":"2022-08-08T16:11:39","date_gmt":"2022-08-08T20:11:39","guid":{"rendered":"https:\/\/physiotherapy.ca\/?page_id=6426"},"modified":"2022-08-08T16:11:40","modified_gmt":"2022-08-08T20:11:40","slug":"jackie-whittaker","status":"publish","type":"page","link":"https:\/\/physiotherapy.ca\/fr\/jackie-whittaker\/","title":{"rendered":"Jackie Whittaker"},"content":{"rendered":"\n<div class=\"wp-block-media-text is-stacked-on-mobile is-vertically-aligned-top\" style=\"grid-template-columns:44% auto\"><figure class=\"wp-block-media-text__media\"><img loading=\"lazy\" decoding=\"async\" width=\"1024\" height=\"683\" src=\"https:\/\/physiotherapy.ca\/app\/uploads\/2022\/08\/hpl_stairway_up_close_best-1024x683.jpg\" alt=\"\" class=\"wp-image-5971 size-full\" srcset=\"https:\/\/physiotherapy.ca\/app\/uploads\/2022\/08\/hpl_stairway_up_close_best-1024x683.jpg 1024w, https:\/\/physiotherapy.ca\/app\/uploads\/2022\/08\/hpl_stairway_up_close_best-600x400.jpg 600w, https:\/\/physiotherapy.ca\/app\/uploads\/2022\/08\/hpl_stairway_up_close_best-300x200.jpg 300w, https:\/\/physiotherapy.ca\/app\/uploads\/2022\/08\/hpl_stairway_up_close_best-768x512.jpg 768w, https:\/\/physiotherapy.ca\/app\/uploads\/2022\/08\/hpl_stairway_up_close_best-1536x1024.jpg 1536w, https:\/\/physiotherapy.ca\/app\/uploads\/2022\/08\/hpl_stairway_up_close_best-2048x1365.jpg 2048w\" sizes=\"auto, (max-width: 1024px) 100vw, 1024px\" \/><\/figure><div class=\"wp-block-media-text__content\">\n<p><strong>Domaine de sp\u00e9cialit\u00e9 clinique:&nbsp;<\/strong>Musculosquelettique<\/p>\n\n\n\n<p><strong>Ann\u00e9e d\u2019obtention du dipl\u00f4me:&nbsp;<\/strong>1993<\/p>\n\n\n\n<p><strong>Domaines&nbsp;d\u2019int\u00e9r\u00eat professionnel:&nbsp;<\/strong>Pr\u00e9vention et traitement des blessures musculosquelettiques li\u00e9es au sport et ost\u00e9o-arthrite post-traumatique, imagerie diagnostique&nbsp;<\/p>\n<\/div><\/div>\n\n\n\n<div style=\"height:27px\" aria-hidden=\"true\" class=\"wp-block-spacer\"><\/div>\n\n\n\n<p><strong>Que trouvez-vous le plus satisfaisant dans le programme de sp\u00e9cialit\u00e9?<\/strong><\/p>\n\n\n\n<p>La rigueur du processus. Il existe de nombreux programmes de sp\u00e9cialit\u00e9 dans le monde, mais aucun n\u2019est aussi rigoureux et exhaustif que le programme de l\u2019Association canadienne de physioth\u00e9rapie. Parlez-moi d\u2019un beau d\u00e9fi!<\/p>\n\n\n\n<p><strong>Pourquoi avez-vous particip\u00e9 au programme?<\/strong><\/p>\n\n\n\n<p>Je trouvais qu\u2019il relevait de ma responsabilit\u00e9 professionnelle d\u2019aider \u00e0 faire progresser la physioth\u00e9rapie au Canada. Il faut que le public ainsi que les autres professionnels et les d\u00e9cideurs du secteur de la sant\u00e9 comprennent que la physioth\u00e9rapie est une profession polyvalente et que ses praticiens ont une expertise dans divers secteurs, tout comme les m\u00e9decins et les infirmi\u00e8res.<\/p>\n\n\n\n<p><strong>O\u00f9 esp\u00e9rez-vous voir la profession dans 25&nbsp;ans?<\/strong><\/p>\n\n\n\n<p>J\u2019esp\u00e8re que ce sera le point d\u2019entr\u00e9e du syst\u00e8me de sant\u00e9 pour tous les probl\u00e8mes musculosquelettiques au Canada.<\/p>\n\n\n\n<p><strong>Selon vous, quel impact aura la sp\u00e9cialisation dans votre domaine?<\/strong><\/p>\n\n\n\n<p>Il existe de nombreux programmes qui \u00e9valuent la comp\u00e9tence clinique avanc\u00e9e en physioth\u00e9rapie musculosquelettique, mais ce qui manque \u00e0 beaucoup d\u2019entre eux, c\u2019est l\u2019\u00e9valuation des comp\u00e9tences li\u00e9es au leadership professionnel, \u00e0 la participation \u00e0 des activit\u00e9s de perfectionnement professionnel et de recherche de m\u00eame qu\u2019\u00e0 la capacit\u00e9 des th\u00e9rapeutes de communiquer et de collaborer. Je pense que le programme de sp\u00e9cialit\u00e9 clinique fera passer la physioth\u00e9rapie musculosquelettique \u00e0 un niveau sup\u00e9rieur.<\/p>\n\n\n\n<p><strong>Quelle est la valeur du programme de sp\u00e9cialit\u00e9 pour les candidats?<\/strong><\/p>\n\n\n\n<p>Le plus gros avantage du programme de sp\u00e9cialit\u00e9, c\u2019est de vous faire r\u00e9aliser pourquoi vous avez choisi la profession de physioth\u00e9rapeute et de vous aider \u00e0 mieux vous conna\u00eetre.<\/p>\n\n\n\n<p><strong>Avez-vous fait appel \u00e0 votre r\u00e9seau de sp\u00e9cialistes, et comment?<\/strong><\/p>\n\n\n\n<p>Comme je suis pass\u00e9e par l\u2019ensemble du processus de sp\u00e9cialit\u00e9 clinique avec des th\u00e9rapeutes de diff\u00e9rents secteurs de sp\u00e9cialit\u00e9, il est maintenant facile pour moi de trouver un sp\u00e9cialiste dans un autre domaine que le mien.<\/p>\n\n\n\n<p><strong>Quels facteurs importants faut-il prendre en compte lorsqu\u2019on souhaite faire une sp\u00e9cialit\u00e9 clinique?<\/strong><\/p>\n\n\n\n<p>Pour r\u00e9ussir le programme de sp\u00e9cialit\u00e9 clinique, le th\u00e9rapeute doit avoir accumul\u00e9 une masse critique d\u2019exp\u00e9riences en clinique, en perfectionnement professionnel, en mentorat, en recherche et en collaboration. Cela n\u2019est cependant pas suffisant; le professionnel doit \u00e9galement r\u00e9fl\u00e9chir \u00e0 ces exp\u00e9riences, reconna\u00eetre les le\u00e7ons qu\u2019il en a tir\u00e9es et la fa\u00e7on dont elles l\u2019ont guid\u00e9 dans son \u00e9volution vers le statut de sp\u00e9cialiste clinique. Enfin, il doit \u00eatre capable de communiquer le r\u00e9sultat de ses r\u00e9flexions \u00e0 l\u2019\u00e9quipe d\u2019\u00e9valuateurs.<\/p>\n\n\n\n<p><strong>Quelles comp\u00e9tences avez-vous acquises ou am\u00e9lior\u00e9es pendant le processus de sp\u00e9cialisation?<\/strong><\/p>\n\n\n\n<p>Comme le processus de sp\u00e9cialisation n\u00e9cessite beaucoup de r\u00e9flexion et une bonne capacit\u00e9 de communiquer oralement et par \u00e9crit, j\u2019ai le sentiment d\u2019avoir am\u00e9lior\u00e9 ces comp\u00e9tences en obtenant ma sp\u00e9cialit\u00e9 clinique.<\/p>\n\n\n\n<p><strong>Quel conseil donneriez-vous aux candidats qui s\u2019engagent dans le processus de sp\u00e9cialisation?<\/strong><\/p>\n\n\n\n<p>Donnez-vous suffisamment de temps pour mettre par \u00e9crit votre cheminement comme physioth\u00e9rapeute, et pour r\u00e9fl\u00e9chir aux exp\u00e9riences qui ont \u00e9t\u00e9 les plus formatrices. Il est imp\u00e9ratif que vous racontiez vos origines, votre cheminement, votre situation actuelle et les comp\u00e9tences que vous avez acquises au fil du temps et qui font de vous un sp\u00e9cialiste.<\/p>\n\n\n\n<p><strong>Quel impact a le titre de sp\u00e9cialiste sur vous et votre carri\u00e8re?<\/strong><\/p>\n\n\n\n<p>Le titre de sp\u00e9cialiste me donne de la l\u00e9gitimit\u00e9 aux yeux des autres professionnels de la sant\u00e9, de mes coll\u00e8gues des universit\u00e9s et des organismes de financement.<\/p>\n\n\n\n<h3 class=\"wp-block-heading\"><strong>Biographie<\/strong><\/h3>\n\n\n\n<p>a Dre&nbsp;Whittaker est professeure adjointe au D\u00e9partement de physioth\u00e9rapie de la Facult\u00e9 de m\u00e9decine de r\u00e9adaptation de l\u2019Universit\u00e9 de l\u2019Alberta, professeure adjointe au Comit\u00e9 international olympique, a fond\u00e9 le Sport Injury Prevention Research Centre de l\u2019Universit\u00e9 de Calgary, au Canada et est membre associ\u00e9 du Arthritis Research UK Centre for Sport, Exercise and Osteoarthritis. Elle est reconnue comme sp\u00e9cialiste clinique en physioth\u00e9rapie musculosquelettique par l\u2019Association canadienne de physioth\u00e9rapie, en plus d\u2019\u00eatre fellow de la Canadian Academy of Manipulative Physiotherapy.&nbsp;Jackie poss\u00e8de des connaissances acquises pendant plus de 20&nbsp;ans de pratique clinique (pratique priv\u00e9e en orthop\u00e9die et en m\u00e9decine sportive) et une formation en recherche, ce qui lui permet de circuler librement dans le continuum du transfert des connaissances entre g\u00e9n\u00e9rations. En 2012, elle a fait un doctorat \u00e0 l\u2019Universit\u00e9 de Southampton (au Royaume-Uni), ce qui lui a permis de mieux comprendre les relations entre les douleurs de la r\u00e9gion lombaire et les facteurs de risque contr\u00f4lables. Apr\u00e8s son doctorat, Jackie a obtenu une bourse de recherche de l\u2019organisme Alberta Innovates \u2013 Health Solutions pour faire un postdoctorat au Centre de recherche pour la pr\u00e9vention des blessures dans le sport de la Facult\u00e9 de kin\u00e9siologie de l\u2019Universit\u00e9 de Calgary; son travail portait sur les cons\u00e9quences des l\u00e9sions intra-articulaires du genou chez les jeunes sportifs&nbsp;sur l\u2019ost\u00e9o-arthrite et d\u2019autres probl\u00e8mes de sant\u00e9 (2012-2015).<\/p>\n\n\n\n<p>La priorit\u00e9 actuelle de ses recherches est de comprendre l\u2019origine de maladies musculosquelettiques chroniques, comme l\u2019arthrose, qui touchent habituellement les adultes chez les jeunes et de changer l\u2019approche adopt\u00e9e pour g\u00e9rer l\u2019arthrose pour la pr\u00e9venir ou en retarder l\u2019apparition. Cela comprend d\u00e9terminer les origines de la sant\u00e9 et des maladies gr\u00e2ce \u00e0 une meilleure compr\u00e9hension de la p\u00e9riode entre les blessures musculosquelettiques chez les jeunes et l\u2019apparition de l\u2019arthrose et l\u2019\u00e9laboration et la mise en \u0153uvre d\u2019interventions de pr\u00e9vention secondaire cibl\u00e9es visant \u00e0 r\u00e9duire le fardeau que repr\u00e9sente l\u2019arthrose.<\/p>\n\n\n\n<p><a href=\"mailto:jwhittak@ualberta.ca\">jwhittak@ualberta.ca<\/a><\/p>\n\n\n\n<p><a href=\"http:\/\/rehabilitation.ualberta.ca\/\">http:\/\/rehabilitation.ualberta.ca<\/a><\/p>\n","protected":false},"excerpt":{"rendered":"<p>Domaine de sp\u00e9cialit\u00e9 clinique:&nbsp;Musculosquelettique Ann\u00e9e d\u2019obtention du dipl\u00f4me:&nbsp;1993 Domaines&nbsp;d\u2019int\u00e9r\u00eat professionnel:&nbsp;Pr\u00e9vention et traitement des blessures musculosquelettiques li\u00e9es au sport et ost\u00e9o-arthrite post-traumatique, imagerie diagnostique&nbsp; Que trouvez-vous le plus satisfaisant dans le programme de sp\u00e9cialit\u00e9? La rigueur du processus. Il existe de [&hellip;]<\/p>\n","protected":false},"author":1,"featured_media":0,"parent":0,"menu_order":0,"comment_status":"closed","ping_status":"closed","template":"","meta":{"inline_featured_image":false,"ep_exclude_from_search":false,"footnotes":""},"topic":[],"class_list":["post-6426","page","type-page","status-publish","hentry"],"acf":[],"yoast_head":"<!-- This site is optimized with the Yoast SEO plugin v24.7 - https:\/\/yoast.com\/wordpress\/plugins\/seo\/ -->\n<title>Jackie Whittaker - Canadian Physiotherapy Association<\/title>\n<meta name=\"robots\" content=\"index, follow, max-snippet:-1, max-image-preview:large, max-video-preview:-1\" \/>\n<link rel=\"canonical\" href=\"https:\/\/physiotherapy.ca\/fr\/jackie-whittaker\/\" \/>\n<meta property=\"og:locale\" content=\"fr_FR\" \/>\n<meta property=\"og:type\" content=\"article\" \/>\n<meta property=\"og:title\" content=\"Jackie Whittaker - Canadian Physiotherapy Association\" \/>\n<meta property=\"og:description\" content=\"Domaine de sp\u00e9cialit\u00e9 clinique:&nbsp;Musculosquelettique Ann\u00e9e d\u2019obtention du dipl\u00f4me:&nbsp;1993 Domaines&nbsp;d\u2019int\u00e9r\u00eat professionnel:&nbsp;Pr\u00e9vention et traitement des blessures musculosquelettiques li\u00e9es au sport et ost\u00e9o-arthrite post-traumatique, imagerie diagnostique&nbsp; Que trouvez-vous le plus satisfaisant dans le programme de sp\u00e9cialit\u00e9? La rigueur du processus. Il existe de [&hellip;]\" \/>\n<meta property=\"og:url\" content=\"https:\/\/physiotherapy.ca\/fr\/jackie-whittaker\/\" \/>\n<meta property=\"og:site_name\" content=\"Canadian Physiotherapy Association\" \/>\n<meta property=\"article:modified_time\" content=\"2022-08-08T20:11:40+00:00\" \/>\n<meta property=\"og:image\" content=\"https:\/\/physiotherapy.ca\/app\/uploads\/2022\/08\/hpl_stairway_up_close_best-1024x683.jpg\" \/>\n<meta name=\"twitter:card\" content=\"summary_large_image\" \/>\n<meta name=\"twitter:label1\" content=\"Est. reading time\" \/>\n\t<meta name=\"twitter:data1\" content=\"5 minutes\" \/>\n<script type=\"application\/ld+json\" class=\"yoast-schema-graph\">{\"@context\":\"https:\/\/schema.org\",\"@graph\":[{\"@type\":\"WebPage\",\"@id\":\"https:\/\/physiotherapy.ca\/fr\/jackie-whittaker\/\",\"url\":\"https:\/\/physiotherapy.ca\/fr\/jackie-whittaker\/\",\"name\":\"Jackie Whittaker - Canadian Physiotherapy Association\",\"isPartOf\":{\"@id\":\"https:\/\/physiotherapy.ca\/#website\"},\"primaryImageOfPage\":{\"@id\":\"https:\/\/physiotherapy.ca\/fr\/jackie-whittaker\/#primaryimage\"},\"image\":{\"@id\":\"https:\/\/physiotherapy.ca\/fr\/jackie-whittaker\/#primaryimage\"},\"thumbnailUrl\":\"https:\/\/physiotherapy.ca\/app\/uploads\/2022\/08\/hpl_stairway_up_close_best-1024x683.jpg\",\"datePublished\":\"2022-08-08T20:11:39+00:00\",\"dateModified\":\"2022-08-08T20:11:40+00:00\",\"breadcrumb\":{\"@id\":\"https:\/\/physiotherapy.ca\/fr\/jackie-whittaker\/#breadcrumb\"},\"inLanguage\":\"fr-FR\",\"potentialAction\":[{\"@type\":\"ReadAction\",\"target\":[\"https:\/\/physiotherapy.ca\/fr\/jackie-whittaker\/\"]}]},{\"@type\":\"ImageObject\",\"inLanguage\":\"fr-FR\",\"@id\":\"https:\/\/physiotherapy.ca\/fr\/jackie-whittaker\/#primaryimage\",\"url\":\"https:\/\/physiotherapy.ca\/app\/uploads\/2022\/08\/hpl_stairway_up_close_best-1024x683.jpg\",\"contentUrl\":\"https:\/\/physiotherapy.ca\/app\/uploads\/2022\/08\/hpl_stairway_up_close_best-1024x683.jpg\"},{\"@type\":\"BreadcrumbList\",\"@id\":\"https:\/\/physiotherapy.ca\/fr\/jackie-whittaker\/#breadcrumb\",\"itemListElement\":[{\"@type\":\"ListItem\",\"position\":1,\"name\":\"Home\",\"item\":\"https:\/\/physiotherapy.ca\/fr\/\"},{\"@type\":\"ListItem\",\"position\":2,\"name\":\"Jackie Whittaker\"}]},{\"@type\":\"WebSite\",\"@id\":\"https:\/\/physiotherapy.ca\/#website\",\"url\":\"https:\/\/physiotherapy.ca\/\",\"name\":\"Canadian Physiotherapy Association\",\"description\":\"The Canadian Physiotherapy Association (CPA) represents over 16,000 physiotherapy professionals and students across Canada.\",\"potentialAction\":[{\"@type\":\"SearchAction\",\"target\":{\"@type\":\"EntryPoint\",\"urlTemplate\":\"https:\/\/physiotherapy.ca\/?s={search_term_string}\"},\"query-input\":{\"@type\":\"PropertyValueSpecification\",\"valueRequired\":true,\"valueName\":\"search_term_string\"}}],\"inLanguage\":\"fr-FR\"}]}<\/script>\n<!-- \/ Yoast SEO plugin. -->","yoast_head_json":{"title":"Jackie Whittaker - Canadian Physiotherapy Association","robots":{"index":"index","follow":"follow","max-snippet":"max-snippet:-1","max-image-preview":"max-image-preview:large","max-video-preview":"max-video-preview:-1"},"canonical":"https:\/\/physiotherapy.ca\/fr\/jackie-whittaker\/","og_locale":"fr_FR","og_type":"article","og_title":"Jackie Whittaker - Canadian Physiotherapy Association","og_description":"Domaine de sp\u00e9cialit\u00e9 clinique:&nbsp;Musculosquelettique Ann\u00e9e d\u2019obtention du dipl\u00f4me:&nbsp;1993 Domaines&nbsp;d\u2019int\u00e9r\u00eat professionnel:&nbsp;Pr\u00e9vention et traitement des blessures musculosquelettiques li\u00e9es au sport et ost\u00e9o-arthrite post-traumatique, imagerie diagnostique&nbsp; Que trouvez-vous le plus satisfaisant dans le programme de sp\u00e9cialit\u00e9? La rigueur du processus. Il existe de [&hellip;]","og_url":"https:\/\/physiotherapy.ca\/fr\/jackie-whittaker\/","og_site_name":"Canadian Physiotherapy Association","article_modified_time":"2022-08-08T20:11:40+00:00","og_image":[{"url":"https:\/\/physiotherapy.ca\/app\/uploads\/2022\/08\/hpl_stairway_up_close_best-1024x683.jpg","type":"","width":"","height":""}],"twitter_card":"summary_large_image","twitter_misc":{"Est. reading time":"5 minutes"},"schema":{"@context":"https:\/\/schema.org","@graph":[{"@type":"WebPage","@id":"https:\/\/physiotherapy.ca\/fr\/jackie-whittaker\/","url":"https:\/\/physiotherapy.ca\/fr\/jackie-whittaker\/","name":"Jackie Whittaker - Canadian Physiotherapy Association","isPartOf":{"@id":"https:\/\/physiotherapy.ca\/#website"},"primaryImageOfPage":{"@id":"https:\/\/physiotherapy.ca\/fr\/jackie-whittaker\/#primaryimage"},"image":{"@id":"https:\/\/physiotherapy.ca\/fr\/jackie-whittaker\/#primaryimage"},"thumbnailUrl":"https:\/\/physiotherapy.ca\/app\/uploads\/2022\/08\/hpl_stairway_up_close_best-1024x683.jpg","datePublished":"2022-08-08T20:11:39+00:00","dateModified":"2022-08-08T20:11:40+00:00","breadcrumb":{"@id":"https:\/\/physiotherapy.ca\/fr\/jackie-whittaker\/#breadcrumb"},"inLanguage":"fr-FR","potentialAction":[{"@type":"ReadAction","target":["https:\/\/physiotherapy.ca\/fr\/jackie-whittaker\/"]}]},{"@type":"ImageObject","inLanguage":"fr-FR","@id":"https:\/\/physiotherapy.ca\/fr\/jackie-whittaker\/#primaryimage","url":"https:\/\/physiotherapy.ca\/app\/uploads\/2022\/08\/hpl_stairway_up_close_best-1024x683.jpg","contentUrl":"https:\/\/physiotherapy.ca\/app\/uploads\/2022\/08\/hpl_stairway_up_close_best-1024x683.jpg"},{"@type":"BreadcrumbList","@id":"https:\/\/physiotherapy.ca\/fr\/jackie-whittaker\/#breadcrumb","itemListElement":[{"@type":"ListItem","position":1,"name":"Home","item":"https:\/\/physiotherapy.ca\/fr\/"},{"@type":"ListItem","position":2,"name":"Jackie Whittaker"}]},{"@type":"WebSite","@id":"https:\/\/physiotherapy.ca\/#website","url":"https:\/\/physiotherapy.ca\/","name":"Canadian Physiotherapy Association","description":"The Canadian Physiotherapy Association (CPA) represents over 16,000 physiotherapy professionals and students across Canada.","potentialAction":[{"@type":"SearchAction","target":{"@type":"EntryPoint","urlTemplate":"https:\/\/physiotherapy.ca\/?s={search_term_string}"},"query-input":{"@type":"PropertyValueSpecification","valueRequired":true,"valueName":"search_term_string"}}],"inLanguage":"fr-FR"}]}},"_links":{"self":[{"href":"https:\/\/physiotherapy.ca\/fr\/wp-json\/wp\/v2\/pages\/6426","targetHints":{"allow":["GET"]}}],"collection":[{"href":"https:\/\/physiotherapy.ca\/fr\/wp-json\/wp\/v2\/pages"}],"about":[{"href":"https:\/\/physiotherapy.ca\/fr\/wp-json\/wp\/v2\/types\/page"}],"author":[{"embeddable":true,"href":"https:\/\/physiotherapy.ca\/fr\/wp-json\/wp\/v2\/users\/1"}],"replies":[{"embeddable":true,"href":"https:\/\/physiotherapy.ca\/fr\/wp-json\/wp\/v2\/comments?post=6426"}],"version-history":[{"count":2,"href":"https:\/\/physiotherapy.ca\/fr\/wp-json\/wp\/v2\/pages\/6426\/revisions"}],"predecessor-version":[{"id":6428,"href":"https:\/\/physiotherapy.ca\/fr\/wp-json\/wp\/v2\/pages\/6426\/revisions\/6428"}],"wp:attachment":[{"href":"https:\/\/physiotherapy.ca\/fr\/wp-json\/wp\/v2\/media?parent=6426"}],"wp:term":[{"taxonomy":"topic","embeddable":true,"href":"https:\/\/physiotherapy.ca\/fr\/wp-json\/wp\/v2\/topic?post=6426"}],"curies":[{"name":"wp","href":"https:\/\/api.w.org\/{rel}","templated":true}]}}