{"id":6430,"date":"2022-08-08T16:13:55","date_gmt":"2022-08-08T20:13:55","guid":{"rendered":"https:\/\/physiotherapy.ca\/?page_id=6430"},"modified":"2022-08-08T16:13:56","modified_gmt":"2022-08-08T20:13:56","slug":"rebecca-gruber","status":"publish","type":"page","link":"https:\/\/physiotherapy.ca\/fr\/rebecca-gruber\/","title":{"rendered":"Rebecca Gruber"},"content":{"rendered":"\n<div class=\"wp-block-media-text is-stacked-on-mobile is-vertically-aligned-top\" style=\"grid-template-columns:44% auto\"><figure class=\"wp-block-media-text__media\"><img loading=\"lazy\" decoding=\"async\" width=\"1024\" height=\"683\" src=\"https:\/\/physiotherapy.ca\/app\/uploads\/2022\/08\/becky2-1024x683.jpg\" alt=\"\" class=\"wp-image-5980 size-full\" srcset=\"https:\/\/physiotherapy.ca\/app\/uploads\/2022\/08\/becky2-1024x683.jpg 1024w, https:\/\/physiotherapy.ca\/app\/uploads\/2022\/08\/becky2-600x400.jpg 600w, https:\/\/physiotherapy.ca\/app\/uploads\/2022\/08\/becky2-300x200.jpg 300w, https:\/\/physiotherapy.ca\/app\/uploads\/2022\/08\/becky2-768x512.jpg 768w, https:\/\/physiotherapy.ca\/app\/uploads\/2022\/08\/becky2-1536x1024.jpg 1536w, https:\/\/physiotherapy.ca\/app\/uploads\/2022\/08\/becky2-2048x1365.jpg 2048w\" sizes=\"auto, (max-width: 1024px) 100vw, 1024px\" \/><\/figure><div class=\"wp-block-media-text__content\">\n<p><strong>Domaine de sp\u00e9cialit\u00e9 clinique:&nbsp;<\/strong>Neurosciences<\/p>\n\n\n\n<p><strong>Ann\u00e9e d\u2019obtention du dipl\u00f4me:&nbsp;<\/strong>1986<\/p>\n\n\n\n<p><strong>Secteurs d\u2019int\u00e9r\u00eat professionnel:&nbsp;<\/strong>M\u00e9thodes de traitement et \u00e9valuation ax\u00e9es sur la neuroplasticit\u00e9; maladie de Parkinson; prise en charge des maladies chroniques; pr\u00e9vention des chutes<\/p>\n\n\n\n<p><\/p>\n<\/div><\/div>\n\n\n\n<div style=\"height:27px\" aria-hidden=\"true\" class=\"wp-block-spacer\"><\/div>\n\n\n\n<p><strong>Loisirs:&nbsp;<\/strong>Danse, lecture, voyage, apprentissage de l\u2019italien<\/p>\n\n\n\n<p><strong>Que trouvez-vous le plus satisfaisant dans le programme de sp\u00e9cialit\u00e9?<\/strong><\/p>\n\n\n\n<p>Rencontrer des coll\u00e8gues extraordinaires et interagir avec eux.<\/p>\n\n\n\n<p><strong>Pourquoi avez-vous particip\u00e9 au programme?<\/strong><\/p>\n\n\n\n<p>Au d\u00e9part, je voulais contribuer au projet pilote parce que je m\u2019int\u00e9ressais beaucoup \u00e0 l\u2019\u00e9valuation. Apr\u00e8s cette \u00e9tape, comme j\u2019avais pr\u00e9par\u00e9 tous les documents n\u00e9cessaires, j\u2019ai d\u00e9cid\u00e9 de m\u2019en servir pour obtenir la sp\u00e9cialit\u00e9. Je crois \u00e9galement depuis longtemps que notre profession a besoin d\u2019une fa\u00e7on de reconna\u00eetre l\u2019expertise clinique, et je voulais participer \u00e0 ce processus.<\/p>\n\n\n\n<p><strong>O\u00f9 esp\u00e9rez-vous voir la profession dans 25&nbsp;ans?<\/strong><\/p>\n\n\n\n<p>J\u2019esp\u00e8re qu\u2019elle continuera \u00e0 cro\u00eetre et \u00e0 \u00e9voluer en fonction des donn\u00e9es probantes et de l\u2019\u00e9volution de la population.<\/p>\n\n\n\n<p><strong>Selon vous, quel impact aura la sp\u00e9cialisation dans votre domaine?<\/strong><\/p>\n\n\n\n<p>Je crois qu\u2019elle a d\u00e9j\u00e0 commenc\u00e9 \u00e0 d\u00e9montrer, aux yeux des personnes qui travaillent en neurosciences, que l\u2019expertise professionnelle n\u2019est pas bas\u00e9e sur la connaissance d\u2019une m\u00e9thode de traitement clinique en particulier, mais bien sur la capacit\u00e9 du clinicien d\u2019utiliser les donn\u00e9es probantes et le raisonnement clinique pour traiter son client.<br>&nbsp;<\/p>\n\n\n\n<p><strong>Quelle est la valeur du programme de sp\u00e9cialit\u00e9 pour les candidats?<\/strong><\/p>\n\n\n\n<p>La reconnaissance de l\u2019expertise, et la possibilit\u00e9 de r\u00e9fl\u00e9chir sur leur pratique de fa\u00e7on significative.<\/p>\n\n\n\n<p><strong>Avez-vous fait appel \u00e0 votre r\u00e9seau de sp\u00e9cialistes, et comment?<\/strong><\/p>\n\n\n\n<p>Oui! J\u2019ai un r\u00e9seau de professionnels dont l\u2019expertise est tr\u00e8s diversifi\u00e9e et avec qui je peux collaborer et r\u00e9soudre des probl\u00e8mes lorsque c\u2019est n\u00e9cessaire. C\u2019est extraordinaire!<\/p>\n\n\n\n<p><strong>Quels facteurs importants faut-il prendre en compte lorsqu\u2019on souhaite faire une sp\u00e9cialit\u00e9 clinique?<\/strong><\/p>\n\n\n\n<p>Le processus n\u00e9cessite des heures et des heures de pr\u00e9paration, surtout sous forme \u00e9crite. L\u2019analyse critique et le raisonnement doivent \u00eatre \u00e9vidents dans chaque partie de la demande. Il faut absolument \u00eatre capable de bien r\u00e9diger.<br>&nbsp;<\/p>\n\n\n\n<p><strong>Quelles comp\u00e9tences avez-vous acquises ou am\u00e9lior\u00e9es pendant le processus de sp\u00e9cialisation?<\/strong><\/p>\n\n\n\n<p>J\u2019ai am\u00e9lior\u00e9 mes comp\u00e9tences en \u00e9criture et en raisonnement critique.<br>&nbsp;<\/p>\n\n\n\n<p><strong>Quel conseil donneriez-vous aux candidats qui s\u2019engagent dans le processus de sp\u00e9cialisation?<\/strong><\/p>\n\n\n\n<p>Lisez soigneusement les lignes directrices pour vous assurer de comprendre les exigences relatives \u00e0 la d\u00e9monstration des comp\u00e9tences de sp\u00e9cialiste.<\/p>\n\n\n\n<p><strong>Quel impact a le titre de sp\u00e9cialiste sur vous et votre carri\u00e8re?<\/strong><\/p>\n\n\n\n<p>Il a am\u00e9lior\u00e9 la reconnaissance que j\u2019obtiens aupr\u00e8s de mes pairs, de mes clients et des autres professionnels.<\/p>\n\n\n\n<h3 class=\"wp-block-heading\"><strong>Biographie<\/strong><\/h3>\n\n\n\n<p>Rebecca Gruber exerce la physioth\u00e9rapie en neurologie et en g\u00e9riatrie depuis plus de 25&nbsp;ans. En plus de son baccalaur\u00e9at en physioth\u00e9rapie de l\u2019Universit\u00e9 de Tel-Aviv, elle a une ma\u00eetrise en sciences de la r\u00e9adaptation de l\u2019Universit\u00e9 de Toronto.<\/p>\n\n\n\n<p>Elle a travaill\u00e9 pendant 16&nbsp;ans comme physioth\u00e9rapeute principale \u00e0 Baycrest, \u00e0 Toronto (Ontario), pour le service de sant\u00e9 publique de Toronto en tant que coordonnatrice de l\u2019\u00e9quipe communautaire d\u2019intervention en cas de chute, et pour le Center for Movement Disorders de Markham gr\u00e2ce \u00e0 une bourse de la National Parkinson Foundation.<\/p>\n\n\n\n<p>En 2012, elle a re\u00e7u le titre de sp\u00e9cialiste clinique en neurosciences de l\u2019Association canadienne de physioth\u00e9rapie de m\u00eame que le prix de l\u2019Ordre des physioth\u00e9rapeutes de l\u2019Ontario pour une recherche clinique faisant avancer les soins. Elle est actuellement copropri\u00e9taire de la clinique One Step Ahead Mobility Physiotherapy de Toronto, o\u00f9 elle offre des soins et des consultations; elle r\u00e9alise et publie des recherches \u00e9valuatives, pr\u00e9sente des conf\u00e9rences \u00e0 l\u2019\u00e9chelle nationale et internationale et enseigne aux \u00e9tudes sup\u00e9rieures en physioth\u00e9rapie \u00e0 l\u2019Universit\u00e9 de Toronto.<\/p>\n\n\n\n<p><a href=\"mailto:rebecca@onestepaheadmobility.com\">rebecca@onestepaheadmobility.com<\/a><br><a href=\"https:\/\/physiotherapy.ca\/www.onestepaheadmobilty.com\">www.onestepaheadmobilty.com<\/a><\/p>\n","protected":false},"excerpt":{"rendered":"<p>Domaine de sp\u00e9cialit\u00e9 clinique:&nbsp;Neurosciences Ann\u00e9e d\u2019obtention du dipl\u00f4me:&nbsp;1986 Secteurs d\u2019int\u00e9r\u00eat professionnel:&nbsp;M\u00e9thodes de traitement et \u00e9valuation ax\u00e9es sur la neuroplasticit\u00e9; maladie de Parkinson; prise en charge des maladies chroniques; pr\u00e9vention des chutes Loisirs:&nbsp;Danse, lecture, voyage, apprentissage de l\u2019italien Que trouvez-vous le [&hellip;]<\/p>\n","protected":false},"author":1,"featured_media":0,"parent":0,"menu_order":0,"comment_status":"closed","ping_status":"closed","template":"","meta":{"inline_featured_image":false,"ep_exclude_from_search":false,"footnotes":""},"topic":[],"class_list":["post-6430","page","type-page","status-publish","hentry"],"acf":[],"yoast_head":"<!-- This site is optimized with the Yoast SEO plugin v24.7 - https:\/\/yoast.com\/wordpress\/plugins\/seo\/ -->\n<title>Rebecca Gruber - Canadian Physiotherapy Association<\/title>\n<meta name=\"robots\" content=\"index, follow, max-snippet:-1, max-image-preview:large, max-video-preview:-1\" \/>\n<link rel=\"canonical\" href=\"https:\/\/physiotherapy.ca\/fr\/rebecca-gruber\/\" \/>\n<meta property=\"og:locale\" content=\"fr_FR\" \/>\n<meta property=\"og:type\" content=\"article\" \/>\n<meta property=\"og:title\" content=\"Rebecca Gruber - Canadian Physiotherapy Association\" \/>\n<meta property=\"og:description\" content=\"Domaine de sp\u00e9cialit\u00e9 clinique:&nbsp;Neurosciences Ann\u00e9e d\u2019obtention du dipl\u00f4me:&nbsp;1986 Secteurs d\u2019int\u00e9r\u00eat professionnel:&nbsp;M\u00e9thodes de traitement et \u00e9valuation ax\u00e9es sur la neuroplasticit\u00e9; maladie de Parkinson; prise en charge des maladies chroniques; pr\u00e9vention des chutes Loisirs:&nbsp;Danse, lecture, voyage, apprentissage de l\u2019italien Que trouvez-vous le [&hellip;]\" \/>\n<meta property=\"og:url\" content=\"https:\/\/physiotherapy.ca\/fr\/rebecca-gruber\/\" \/>\n<meta property=\"og:site_name\" content=\"Canadian Physiotherapy Association\" \/>\n<meta property=\"article:modified_time\" content=\"2022-08-08T20:13:56+00:00\" \/>\n<meta property=\"og:image\" content=\"https:\/\/physiotherapy.ca\/app\/uploads\/2022\/08\/becky2-1024x683.jpg\" \/>\n<meta name=\"twitter:card\" content=\"summary_large_image\" \/>\n<meta name=\"twitter:label1\" content=\"Est. reading time\" \/>\n\t<meta name=\"twitter:data1\" content=\"3 minutes\" \/>\n<script type=\"application\/ld+json\" class=\"yoast-schema-graph\">{\"@context\":\"https:\/\/schema.org\",\"@graph\":[{\"@type\":\"WebPage\",\"@id\":\"https:\/\/physiotherapy.ca\/fr\/rebecca-gruber\/\",\"url\":\"https:\/\/physiotherapy.ca\/fr\/rebecca-gruber\/\",\"name\":\"Rebecca Gruber - Canadian Physiotherapy Association\",\"isPartOf\":{\"@id\":\"https:\/\/physiotherapy.ca\/#website\"},\"primaryImageOfPage\":{\"@id\":\"https:\/\/physiotherapy.ca\/fr\/rebecca-gruber\/#primaryimage\"},\"image\":{\"@id\":\"https:\/\/physiotherapy.ca\/fr\/rebecca-gruber\/#primaryimage\"},\"thumbnailUrl\":\"https:\/\/physiotherapy.ca\/app\/uploads\/2022\/08\/becky2-1024x683.jpg\",\"datePublished\":\"2022-08-08T20:13:55+00:00\",\"dateModified\":\"2022-08-08T20:13:56+00:00\",\"breadcrumb\":{\"@id\":\"https:\/\/physiotherapy.ca\/fr\/rebecca-gruber\/#breadcrumb\"},\"inLanguage\":\"fr-FR\",\"potentialAction\":[{\"@type\":\"ReadAction\",\"target\":[\"https:\/\/physiotherapy.ca\/fr\/rebecca-gruber\/\"]}]},{\"@type\":\"ImageObject\",\"inLanguage\":\"fr-FR\",\"@id\":\"https:\/\/physiotherapy.ca\/fr\/rebecca-gruber\/#primaryimage\",\"url\":\"https:\/\/physiotherapy.ca\/app\/uploads\/2022\/08\/becky2-1024x683.jpg\",\"contentUrl\":\"https:\/\/physiotherapy.ca\/app\/uploads\/2022\/08\/becky2-1024x683.jpg\"},{\"@type\":\"BreadcrumbList\",\"@id\":\"https:\/\/physiotherapy.ca\/fr\/rebecca-gruber\/#breadcrumb\",\"itemListElement\":[{\"@type\":\"ListItem\",\"position\":1,\"name\":\"Home\",\"item\":\"https:\/\/physiotherapy.ca\/fr\/\"},{\"@type\":\"ListItem\",\"position\":2,\"name\":\"Rebecca Gruber\"}]},{\"@type\":\"WebSite\",\"@id\":\"https:\/\/physiotherapy.ca\/#website\",\"url\":\"https:\/\/physiotherapy.ca\/\",\"name\":\"Canadian Physiotherapy Association\",\"description\":\"The Canadian Physiotherapy Association (CPA) represents over 16,000 physiotherapy professionals and students across Canada.\",\"potentialAction\":[{\"@type\":\"SearchAction\",\"target\":{\"@type\":\"EntryPoint\",\"urlTemplate\":\"https:\/\/physiotherapy.ca\/?s={search_term_string}\"},\"query-input\":{\"@type\":\"PropertyValueSpecification\",\"valueRequired\":true,\"valueName\":\"search_term_string\"}}],\"inLanguage\":\"fr-FR\"}]}<\/script>\n<!-- \/ Yoast SEO plugin. -->","yoast_head_json":{"title":"Rebecca Gruber - Canadian Physiotherapy Association","robots":{"index":"index","follow":"follow","max-snippet":"max-snippet:-1","max-image-preview":"max-image-preview:large","max-video-preview":"max-video-preview:-1"},"canonical":"https:\/\/physiotherapy.ca\/fr\/rebecca-gruber\/","og_locale":"fr_FR","og_type":"article","og_title":"Rebecca Gruber - Canadian Physiotherapy Association","og_description":"Domaine de sp\u00e9cialit\u00e9 clinique:&nbsp;Neurosciences Ann\u00e9e d\u2019obtention du dipl\u00f4me:&nbsp;1986 Secteurs d\u2019int\u00e9r\u00eat professionnel:&nbsp;M\u00e9thodes de traitement et \u00e9valuation ax\u00e9es sur la neuroplasticit\u00e9; maladie de Parkinson; prise en charge des maladies chroniques; pr\u00e9vention des chutes Loisirs:&nbsp;Danse, lecture, voyage, apprentissage de l\u2019italien Que trouvez-vous le [&hellip;]","og_url":"https:\/\/physiotherapy.ca\/fr\/rebecca-gruber\/","og_site_name":"Canadian Physiotherapy Association","article_modified_time":"2022-08-08T20:13:56+00:00","og_image":[{"url":"https:\/\/physiotherapy.ca\/app\/uploads\/2022\/08\/becky2-1024x683.jpg","type":"","width":"","height":""}],"twitter_card":"summary_large_image","twitter_misc":{"Est. reading time":"3 minutes"},"schema":{"@context":"https:\/\/schema.org","@graph":[{"@type":"WebPage","@id":"https:\/\/physiotherapy.ca\/fr\/rebecca-gruber\/","url":"https:\/\/physiotherapy.ca\/fr\/rebecca-gruber\/","name":"Rebecca Gruber - Canadian Physiotherapy Association","isPartOf":{"@id":"https:\/\/physiotherapy.ca\/#website"},"primaryImageOfPage":{"@id":"https:\/\/physiotherapy.ca\/fr\/rebecca-gruber\/#primaryimage"},"image":{"@id":"https:\/\/physiotherapy.ca\/fr\/rebecca-gruber\/#primaryimage"},"thumbnailUrl":"https:\/\/physiotherapy.ca\/app\/uploads\/2022\/08\/becky2-1024x683.jpg","datePublished":"2022-08-08T20:13:55+00:00","dateModified":"2022-08-08T20:13:56+00:00","breadcrumb":{"@id":"https:\/\/physiotherapy.ca\/fr\/rebecca-gruber\/#breadcrumb"},"inLanguage":"fr-FR","potentialAction":[{"@type":"ReadAction","target":["https:\/\/physiotherapy.ca\/fr\/rebecca-gruber\/"]}]},{"@type":"ImageObject","inLanguage":"fr-FR","@id":"https:\/\/physiotherapy.ca\/fr\/rebecca-gruber\/#primaryimage","url":"https:\/\/physiotherapy.ca\/app\/uploads\/2022\/08\/becky2-1024x683.jpg","contentUrl":"https:\/\/physiotherapy.ca\/app\/uploads\/2022\/08\/becky2-1024x683.jpg"},{"@type":"BreadcrumbList","@id":"https:\/\/physiotherapy.ca\/fr\/rebecca-gruber\/#breadcrumb","itemListElement":[{"@type":"ListItem","position":1,"name":"Home","item":"https:\/\/physiotherapy.ca\/fr\/"},{"@type":"ListItem","position":2,"name":"Rebecca Gruber"}]},{"@type":"WebSite","@id":"https:\/\/physiotherapy.ca\/#website","url":"https:\/\/physiotherapy.ca\/","name":"Canadian Physiotherapy Association","description":"The Canadian Physiotherapy Association (CPA) represents over 16,000 physiotherapy professionals and students across Canada.","potentialAction":[{"@type":"SearchAction","target":{"@type":"EntryPoint","urlTemplate":"https:\/\/physiotherapy.ca\/?s={search_term_string}"},"query-input":{"@type":"PropertyValueSpecification","valueRequired":true,"valueName":"search_term_string"}}],"inLanguage":"fr-FR"}]}},"_links":{"self":[{"href":"https:\/\/physiotherapy.ca\/fr\/wp-json\/wp\/v2\/pages\/6430","targetHints":{"allow":["GET"]}}],"collection":[{"href":"https:\/\/physiotherapy.ca\/fr\/wp-json\/wp\/v2\/pages"}],"about":[{"href":"https:\/\/physiotherapy.ca\/fr\/wp-json\/wp\/v2\/types\/page"}],"author":[{"embeddable":true,"href":"https:\/\/physiotherapy.ca\/fr\/wp-json\/wp\/v2\/users\/1"}],"replies":[{"embeddable":true,"href":"https:\/\/physiotherapy.ca\/fr\/wp-json\/wp\/v2\/comments?post=6430"}],"version-history":[{"count":5,"href":"https:\/\/physiotherapy.ca\/fr\/wp-json\/wp\/v2\/pages\/6430\/revisions"}],"predecessor-version":[{"id":6436,"href":"https:\/\/physiotherapy.ca\/fr\/wp-json\/wp\/v2\/pages\/6430\/revisions\/6436"}],"wp:attachment":[{"href":"https:\/\/physiotherapy.ca\/fr\/wp-json\/wp\/v2\/media?parent=6430"}],"wp:term":[{"taxonomy":"topic","embeddable":true,"href":"https:\/\/physiotherapy.ca\/fr\/wp-json\/wp\/v2\/topic?post=6430"}],"curies":[{"name":"wp","href":"https:\/\/api.w.org\/{rel}","templated":true}]}}