{"id":6439,"date":"2022-08-08T16:18:35","date_gmt":"2022-08-08T20:18:35","guid":{"rendered":"https:\/\/physiotherapy.ca\/?page_id=6439"},"modified":"2022-08-08T16:18:36","modified_gmt":"2022-08-08T20:18:36","slug":"joan-heard","status":"publish","type":"page","link":"https:\/\/physiotherapy.ca\/fr\/joan-heard\/","title":{"rendered":"Joan Heard"},"content":{"rendered":"\n<p><strong>Domaine de sp\u00e9cialit\u00e9 clinique<\/strong>&nbsp;: Neurosciences<\/p>\n\n\n\n<p><strong>Nombre d\u2019ann\u00e9es de pratique dans ce domain<\/strong>e&nbsp;: 24<\/p>\n\n\n\n<p><strong>Secteurs d\u2019int\u00e9r\u00eat professionnel<\/strong>&nbsp;: L\u00e9sions c\u00e9r\u00e9brales acquises; \u00e9valuation de l\u2019\u00e9quilibre et traitement<\/p>\n\n\n\n<p><strong>Loisirs&nbsp;<\/strong>: Je fais partie d\u2019un trio musical \u00ab&nbsp;folk&nbsp;\u00bb et nous nous produisons localement lors de \u00ab&nbsp;soir\u00e9es libres&nbsp;\u00bb. Je fais aussi du jardinage et de la courtepointe. Je fais partie d\u2019une \u00e9quipe de v\u00e9lo en tandem qui s\u2019entra\u00eene tous les \u00e9t\u00e9s pour le v\u00e9lotour SP de la Soci\u00e9t\u00e9 canadienne de la scl\u00e9rose en plaques (section Ottawa). Depuis 2009, nous avons recueilli 9000&nbsp;$.<\/p>\n\n\n\n<p><strong>Que trouvez-vous le plus satisfaisant dans le programme de sp\u00e9cialit\u00e9?<\/strong><\/p>\n\n\n\n<p>En participant \u00e0 ce programme, j\u2019ai pu rencontrer d\u2019extraordinaires physioth\u00e9rapeutes de tout le Canada. J\u2019ai trouv\u00e9 le processus lui-m\u00eame tr\u00e8s exigeant, et le fait de l\u2019avoir r\u00e9ussi me donne un grand sentiment de fiert\u00e9.<br><br><strong>Pourquoi avez-vous particip\u00e9 au programme?<\/strong><br><br>Plusieurs coll\u00e8gues m\u2019y ont encourag\u00e9e. Comme je souhaitais devenir \u00e9valuatrice pour le programme, je devais passer par l\u2019ensemble du processus.<br><br><strong>Quelle est la valeur du programme de sp\u00e9cialit\u00e9 pour les candidats?<\/strong><br><br>Le programme donne aux candidats l\u2019occasion de r\u00e9fl\u00e9chir \u00e0 la fa\u00e7on dont leur carri\u00e8re a \u00e9volu\u00e9 et dont leurs comp\u00e9tences cliniques se sont am\u00e9lior\u00e9es. Il ne s\u2019agit pas simplement des cours qu\u2019on a suivis ou des projets qu\u2019on a r\u00e9alis\u00e9s, mais aussi des le\u00e7ons que nous donnent nos patients. Prendre le temps de vraiment r\u00e9fl\u00e9chir \u00e0 toute la gamme des influences et des exp\u00e9riences qui ont fait de nous les cliniciens que nous sommes aujourd\u2019hui est un exercice pr\u00e9cieux.<br><br><strong>Avez-vous fait appel \u00e0 votre r\u00e9seau de sp\u00e9cialistes, et comment?<\/strong><br><br>Oui. J\u2019ai consult\u00e9 deux\u00a0autres sp\u00e9cialistes cliniques en neurosciences. Nous nous sommes rencontr\u00e9s pendant les s\u00e9ances de formation destin\u00e9es aux \u00e9valuateurs du programme. J\u2019ai envoy\u00e9 un patient au programme offert par une de ces sp\u00e9cialistes, qui exerce en cabinet priv\u00e9 \u00e0 Toronto. Elle m\u2019a \u00e9galement inform\u00e9e d\u2019un programme de traitement pour la r\u00e9adaptation sensorielle chez les victimes d\u2019AVC, que j\u2019ai commenc\u00e9 \u00e0 utiliser dans mon milieu de travail. Je rencontre aussi r\u00e9guli\u00e8rement un autre sp\u00e9cialiste clinique en neurosciences qui exercice en cabinet priv\u00e9 \u00e0 Ottawa pour discuter de divers sujets, surtout li\u00e9s \u00e0 l\u2019acc\u00e8s aux services de r\u00e9adaptation dans notre communaut\u00e9.<br><br><strong>Quelles comp\u00e9tences avez-vous acquises ou am\u00e9lior\u00e9es pendant le processus de sp\u00e9cialisation?<\/strong><br><br>Lorsque j\u2019ai fait mes \u00e9tudes, au d\u00e9but des ann\u00e9es\u00a01980, on n\u2019enseignait pas la r\u00e9flexion clinique. J\u2019ai d\u00fb trouver des ressources externes pour m\u2019aider \u00e0 atteindre cette exigence pour l\u2019\u00e9tape\u00a01 du processus.<br><br><strong>Quel conseil donneriez-vous aux candidats qui s\u2019engagent dans le processus de sp\u00e9cialisation?<\/strong><br><br>Prenez votre temps. Utilisez votre manuel et consultez fr\u00e9quemment les d\u00e9finitions des comp\u00e9tences.<br>Assurez-vous de faire la d\u00e9monstration, \u00e0 chaque \u00e9tape de votre demande, que vous avez chacune des neuf\u00a0comp\u00e9tences. Soyez tr\u00e8s explicites; ne vous attendez pas \u00e0 ce qu\u2019on lise entre les lignes et mettez en valeur vos r\u00e9alisations. Ne laissez aucune place \u00e0 l\u2019interpr\u00e9tation. R\u00e9fl\u00e9chissez \u00e0 vos exp\u00e9riences les plus importantes et \u00e0 leur influence sur votre \u00e9volution en tant que sp\u00e9cialistes cliniques.<br><br><strong>Quel impact a le titre de sp\u00e9cialiste sur vous et votre carri\u00e8re?<\/strong><br><br>Comme je travaille dans le secteur public, je ne suis pas s\u00fbre de l\u2019impact de ce titre sur ma carri\u00e8re, \u00e0 part son ajout sur ma carte professionnelle et dans ma signature de courriel. C\u2019est le temps qui le dira.<\/p>\n\n\n\n<h3 class=\"wp-block-heading\"><strong>Biographie<\/strong><\/h3>\n\n\n\n<p>Apr\u00e8s avoir obtenu mon dipl\u00f4me de l\u2019Universit\u00e9 de Toronto en 1983, j\u2019ai travaill\u00e9 pendant deux\u00a0ans au South Saskatchewan Health Centre de Regina. Lorsque j\u2019ai suivi mon mari \u00e0 Ottawa, j\u2019ai fait un remplacement de quatre\u00a0mois au Centre r\u00e9gional de r\u00e9adaptation Royal Ottawa, comme on l\u2019appelait \u00e0 l\u2019\u00e9poque. J\u2019\u00e9tais loin de me douter alors que les possibilit\u00e9s d\u2019apprentissage, la diversit\u00e9 des exp\u00e9riences cliniques et la qualit\u00e9 du milieu de travail me retiendraient au Centre pendant plus de 30\u00a0ans. Au cours des 24\u00a0derni\u00e8res ann\u00e9es, j\u2019ai travaill\u00e9 en neurosciences aupr\u00e8s de clients souffrant de scl\u00e9rose en plaques, d\u2019AVC, du syndrome de Guillain-Barr\u00e9 et de l\u00e9sions c\u00e9r\u00e9brales acquises. J\u2019ai eu l\u2019occasion de participer \u00e0 des recherches cliniques et de faire partie d\u2019\u00e9quipes d\u2019am\u00e9lioration de la qualit\u00e9 et de diff\u00e9rentes \u00e9quipes cliniques au sein de ce qui est aujourd\u2019hui le Centre de r\u00e9adaptation de l\u2019H\u00f4pital d\u2019Ottawa. Ce dont je suis le plus fi\u00e8re, c\u2019est la cr\u00e9ation et la mise en \u0153uvre de deux\u00a0programmes d\u2019exercices en collaboration avec des partenaires de plusieurs centres communautaires d\u2019Ottawa. Actuellement, je travaille comme physioth\u00e9rapeute dans le cadre du Programme des l\u00e9sions c\u00e9r\u00e9brales acquises.<\/p>\n","protected":false},"excerpt":{"rendered":"<p>Domaine de sp\u00e9cialit\u00e9 clinique&nbsp;: Neurosciences Nombre d\u2019ann\u00e9es de pratique dans ce domaine&nbsp;: 24 Secteurs d\u2019int\u00e9r\u00eat professionnel&nbsp;: L\u00e9sions c\u00e9r\u00e9brales acquises; \u00e9valuation de l\u2019\u00e9quilibre et traitement Loisirs&nbsp;: Je fais partie d\u2019un trio musical \u00ab&nbsp;folk&nbsp;\u00bb et nous nous produisons localement lors de \u00ab&nbsp;soir\u00e9es [&hellip;]<\/p>\n","protected":false},"author":1,"featured_media":0,"parent":0,"menu_order":0,"comment_status":"closed","ping_status":"closed","template":"","meta":{"inline_featured_image":false,"ep_exclude_from_search":false,"footnotes":""},"topic":[],"class_list":["post-6439","page","type-page","status-publish","hentry"],"acf":[],"yoast_head":"<!-- This site is optimized with the Yoast SEO plugin v24.7 - https:\/\/yoast.com\/wordpress\/plugins\/seo\/ -->\n<title>Joan Heard - Canadian Physiotherapy Association<\/title>\n<meta name=\"robots\" content=\"index, follow, max-snippet:-1, max-image-preview:large, max-video-preview:-1\" \/>\n<link rel=\"canonical\" href=\"https:\/\/physiotherapy.ca\/fr\/joan-heard\/\" \/>\n<meta property=\"og:locale\" content=\"fr_FR\" \/>\n<meta property=\"og:type\" content=\"article\" \/>\n<meta property=\"og:title\" content=\"Joan Heard - Canadian Physiotherapy Association\" \/>\n<meta property=\"og:description\" content=\"Domaine de sp\u00e9cialit\u00e9 clinique&nbsp;: Neurosciences Nombre d\u2019ann\u00e9es de pratique dans ce domaine&nbsp;: 24 Secteurs d\u2019int\u00e9r\u00eat professionnel&nbsp;: L\u00e9sions c\u00e9r\u00e9brales acquises; \u00e9valuation de l\u2019\u00e9quilibre et traitement Loisirs&nbsp;: Je fais partie d\u2019un trio musical \u00ab&nbsp;folk&nbsp;\u00bb et nous nous produisons localement lors de \u00ab&nbsp;soir\u00e9es [&hellip;]\" \/>\n<meta property=\"og:url\" content=\"https:\/\/physiotherapy.ca\/fr\/joan-heard\/\" \/>\n<meta property=\"og:site_name\" content=\"Canadian Physiotherapy Association\" \/>\n<meta property=\"article:modified_time\" content=\"2022-08-08T20:18:36+00:00\" \/>\n<meta name=\"twitter:card\" content=\"summary_large_image\" \/>\n<meta name=\"twitter:label1\" content=\"Est. reading time\" \/>\n\t<meta name=\"twitter:data1\" content=\"4 minutes\" \/>\n<script type=\"application\/ld+json\" class=\"yoast-schema-graph\">{\"@context\":\"https:\/\/schema.org\",\"@graph\":[{\"@type\":\"WebPage\",\"@id\":\"https:\/\/physiotherapy.ca\/fr\/joan-heard\/\",\"url\":\"https:\/\/physiotherapy.ca\/fr\/joan-heard\/\",\"name\":\"Joan Heard - Canadian Physiotherapy Association\",\"isPartOf\":{\"@id\":\"https:\/\/physiotherapy.ca\/#website\"},\"datePublished\":\"2022-08-08T20:18:35+00:00\",\"dateModified\":\"2022-08-08T20:18:36+00:00\",\"breadcrumb\":{\"@id\":\"https:\/\/physiotherapy.ca\/fr\/joan-heard\/#breadcrumb\"},\"inLanguage\":\"fr-FR\",\"potentialAction\":[{\"@type\":\"ReadAction\",\"target\":[\"https:\/\/physiotherapy.ca\/fr\/joan-heard\/\"]}]},{\"@type\":\"BreadcrumbList\",\"@id\":\"https:\/\/physiotherapy.ca\/fr\/joan-heard\/#breadcrumb\",\"itemListElement\":[{\"@type\":\"ListItem\",\"position\":1,\"name\":\"Home\",\"item\":\"https:\/\/physiotherapy.ca\/fr\/\"},{\"@type\":\"ListItem\",\"position\":2,\"name\":\"Joan Heard\"}]},{\"@type\":\"WebSite\",\"@id\":\"https:\/\/physiotherapy.ca\/#website\",\"url\":\"https:\/\/physiotherapy.ca\/\",\"name\":\"Canadian Physiotherapy Association\",\"description\":\"The Canadian Physiotherapy Association (CPA) represents over 16,000 physiotherapy professionals and students across Canada.\",\"potentialAction\":[{\"@type\":\"SearchAction\",\"target\":{\"@type\":\"EntryPoint\",\"urlTemplate\":\"https:\/\/physiotherapy.ca\/?s={search_term_string}\"},\"query-input\":{\"@type\":\"PropertyValueSpecification\",\"valueRequired\":true,\"valueName\":\"search_term_string\"}}],\"inLanguage\":\"fr-FR\"}]}<\/script>\n<!-- \/ Yoast SEO plugin. -->","yoast_head_json":{"title":"Joan Heard - Canadian Physiotherapy Association","robots":{"index":"index","follow":"follow","max-snippet":"max-snippet:-1","max-image-preview":"max-image-preview:large","max-video-preview":"max-video-preview:-1"},"canonical":"https:\/\/physiotherapy.ca\/fr\/joan-heard\/","og_locale":"fr_FR","og_type":"article","og_title":"Joan Heard - Canadian Physiotherapy Association","og_description":"Domaine de sp\u00e9cialit\u00e9 clinique&nbsp;: Neurosciences Nombre d\u2019ann\u00e9es de pratique dans ce domaine&nbsp;: 24 Secteurs d\u2019int\u00e9r\u00eat professionnel&nbsp;: L\u00e9sions c\u00e9r\u00e9brales acquises; \u00e9valuation de l\u2019\u00e9quilibre et traitement Loisirs&nbsp;: Je fais partie d\u2019un trio musical \u00ab&nbsp;folk&nbsp;\u00bb et nous nous produisons localement lors de \u00ab&nbsp;soir\u00e9es [&hellip;]","og_url":"https:\/\/physiotherapy.ca\/fr\/joan-heard\/","og_site_name":"Canadian Physiotherapy Association","article_modified_time":"2022-08-08T20:18:36+00:00","twitter_card":"summary_large_image","twitter_misc":{"Est. reading time":"4 minutes"},"schema":{"@context":"https:\/\/schema.org","@graph":[{"@type":"WebPage","@id":"https:\/\/physiotherapy.ca\/fr\/joan-heard\/","url":"https:\/\/physiotherapy.ca\/fr\/joan-heard\/","name":"Joan Heard - Canadian Physiotherapy Association","isPartOf":{"@id":"https:\/\/physiotherapy.ca\/#website"},"datePublished":"2022-08-08T20:18:35+00:00","dateModified":"2022-08-08T20:18:36+00:00","breadcrumb":{"@id":"https:\/\/physiotherapy.ca\/fr\/joan-heard\/#breadcrumb"},"inLanguage":"fr-FR","potentialAction":[{"@type":"ReadAction","target":["https:\/\/physiotherapy.ca\/fr\/joan-heard\/"]}]},{"@type":"BreadcrumbList","@id":"https:\/\/physiotherapy.ca\/fr\/joan-heard\/#breadcrumb","itemListElement":[{"@type":"ListItem","position":1,"name":"Home","item":"https:\/\/physiotherapy.ca\/fr\/"},{"@type":"ListItem","position":2,"name":"Joan Heard"}]},{"@type":"WebSite","@id":"https:\/\/physiotherapy.ca\/#website","url":"https:\/\/physiotherapy.ca\/","name":"Canadian Physiotherapy Association","description":"The Canadian Physiotherapy Association (CPA) represents over 16,000 physiotherapy professionals and students across Canada.","potentialAction":[{"@type":"SearchAction","target":{"@type":"EntryPoint","urlTemplate":"https:\/\/physiotherapy.ca\/?s={search_term_string}"},"query-input":{"@type":"PropertyValueSpecification","valueRequired":true,"valueName":"search_term_string"}}],"inLanguage":"fr-FR"}]}},"_links":{"self":[{"href":"https:\/\/physiotherapy.ca\/fr\/wp-json\/wp\/v2\/pages\/6439","targetHints":{"allow":["GET"]}}],"collection":[{"href":"https:\/\/physiotherapy.ca\/fr\/wp-json\/wp\/v2\/pages"}],"about":[{"href":"https:\/\/physiotherapy.ca\/fr\/wp-json\/wp\/v2\/types\/page"}],"author":[{"embeddable":true,"href":"https:\/\/physiotherapy.ca\/fr\/wp-json\/wp\/v2\/users\/1"}],"replies":[{"embeddable":true,"href":"https:\/\/physiotherapy.ca\/fr\/wp-json\/wp\/v2\/comments?post=6439"}],"version-history":[{"count":2,"href":"https:\/\/physiotherapy.ca\/fr\/wp-json\/wp\/v2\/pages\/6439\/revisions"}],"predecessor-version":[{"id":6443,"href":"https:\/\/physiotherapy.ca\/fr\/wp-json\/wp\/v2\/pages\/6439\/revisions\/6443"}],"wp:attachment":[{"href":"https:\/\/physiotherapy.ca\/fr\/wp-json\/wp\/v2\/media?parent=6439"}],"wp:term":[{"taxonomy":"topic","embeddable":true,"href":"https:\/\/physiotherapy.ca\/fr\/wp-json\/wp\/v2\/topic?post=6439"}],"curies":[{"name":"wp","href":"https:\/\/api.w.org\/{rel}","templated":true}]}}