{"id":6445,"date":"2022-08-08T16:20:29","date_gmt":"2022-08-08T20:20:29","guid":{"rendered":"https:\/\/physiotherapy.ca\/?page_id=6445"},"modified":"2022-08-08T16:20:31","modified_gmt":"2022-08-08T20:20:31","slug":"jacqueline-levy","status":"publish","type":"page","link":"https:\/\/physiotherapy.ca\/fr\/jacqueline-levy\/","title":{"rendered":"Jacqueline Levy"},"content":{"rendered":"\n<div class=\"wp-block-media-text is-stacked-on-mobile is-vertically-aligned-top\" style=\"grid-template-columns:27% auto\"><figure class=\"wp-block-media-text__media\"><img loading=\"lazy\" decoding=\"async\" width=\"760\" height=\"1024\" src=\"https:\/\/physiotherapy.ca\/app\/uploads\/2022\/08\/jacquie-760x1024.jpg\" alt=\"\" class=\"wp-image-6019 size-full\" srcset=\"https:\/\/physiotherapy.ca\/app\/uploads\/2022\/08\/jacquie-760x1024.jpg 760w, https:\/\/physiotherapy.ca\/app\/uploads\/2022\/08\/jacquie-600x808.jpg 600w, https:\/\/physiotherapy.ca\/app\/uploads\/2022\/08\/jacquie-223x300.jpg 223w, https:\/\/physiotherapy.ca\/app\/uploads\/2022\/08\/jacquie-768x1035.jpg 768w, https:\/\/physiotherapy.ca\/app\/uploads\/2022\/08\/jacquie-148x200.jpg 148w, https:\/\/physiotherapy.ca\/app\/uploads\/2022\/08\/jacquie.jpg 801w\" sizes=\"auto, (max-width: 760px) 100vw, 760px\" \/><\/figure><div class=\"wp-block-media-text__content\">\n<p><strong>Domaine de sp\u00e9cialit\u00e9 clinique<\/strong>&nbsp;: Neurosciences<\/p>\n\n\n\n<p><strong>Nombre d\u2019ann\u00e9es de pratique dans ce domaine<\/strong>&nbsp;: 20<\/p>\n\n\n\n<p><strong>Secteurs d\u2019int\u00e9r\u00eat professionnel<\/strong>&nbsp;: AVC; l\u00e9sions \u00e0 la moelle \u00e9pini\u00e8re; traumatismes cr\u00e2niens; scl\u00e9rose en plaques; maladie de Parkinson<\/p>\n\n\n\n<p><strong>Que trouvez-vous le plus satisfaisant dans le programme de sp\u00e9cialit\u00e9?<\/strong><\/p>\n\n\n\n<p>Ce que j\u2019ai trouv\u00e9 de loin le plus satisfaisant, c\u2019est la rencontre avec d\u2019autres candidats. J\u2019\u00e9tais entour\u00e9e de coll\u00e8gues brillants et passionn\u00e9s qui partageaient g\u00e9n\u00e9reusement leurs connaissances et leur exp\u00e9rience.<\/p>\n<\/div><\/div>\n\n\n\n<div style=\"height:26px\" aria-hidden=\"true\" class=\"wp-block-spacer\"><\/div>\n\n\n\n<p><strong>Pourquoi avez-vous particip\u00e9 au programme?<\/strong><\/p>\n\n\n\n<p>Je voulais \u00eatre s\u00fbre que j\u2019exer\u00e7ais mon m\u00e9tier de la fa\u00e7on la plus efficace et la mieux inform\u00e9e possible, et je voulais continuer \u00e0 apprendre et \u00e0 progresser professionnellement.<\/p>\n\n\n\n<p><strong>O\u00f9 esp\u00e9rez-vous voir la profession dans 25&nbsp;ans?<\/strong><\/p>\n\n\n\n<p>Dans 25&nbsp;ans, j\u2019esp\u00e8re que notre champ de pratique se sera \u00e9largi suffisamment pour nous permettre de participer \u00e0 l\u2019offre de soins de sant\u00e9 d\u2019une fa\u00e7on qui correspond \u00e0 l\u2019exhaustivit\u00e9 de notre formation et de nos capacit\u00e9s, et qu\u2019il y aura davantage de sp\u00e9cialistes cliniques en physioth\u00e9rapie.<\/p>\n\n\n\n<p><strong>Selon vous, quel impact aura la sp\u00e9cialisation dans votre domaine?<\/strong><\/p>\n\n\n\n<p>Je crois que la sp\u00e9cialisation ne peut qu\u2019aider les physioth\u00e9rapeutes en neurosciences (et dans les autres sp\u00e9cialit\u00e9s) \u00e0 se perfectionner et \u00e0 acqu\u00e9rir de la cr\u00e9dibilit\u00e9.<\/p>\n\n\n\n<p><strong>Quelle est la valeur du programme de sp\u00e9cialit\u00e9 pour les candidats?<\/strong><\/p>\n\n\n\n<p>C\u2019est un outil qui nous permet de mettre nos connaissances \u00e0 l\u2019\u00e9preuve et de r\u00e9fl\u00e9chir sur notre pratique dans le cadre d\u2019un processus revu par les pairs, et de prendre confiance en nous tout en approfondissant nos connaissances dans un domaine donn\u00e9.<\/p>\n\n\n\n<p><strong>Avez-vous fait appel \u00e0 votre r\u00e9seau de sp\u00e9cialistes, et comment?<\/strong><\/p>\n\n\n\n<p>Oui, lorsque j\u2019ai eu besoin de conseils ou d\u2019accompagnement dans un cas complexe, ou pour trouver des services d\u2019experts pour un client dans une autre r\u00e9gion du pays ou dans une autre sp\u00e9cialit\u00e9.<\/p>\n\n\n\n<p><strong>Quels facteurs importants faut-il prendre en compte lorsqu\u2019on souhaite faire une sp\u00e9cialit\u00e9 clinique?<\/strong><\/p>\n\n\n\n<p>Il faut consacrer beaucoup de temps au processus, qui est parfois intimidant; mais les apprentissages en valent vraiment la peine.<\/p>\n\n\n\n<p><strong>Quelles comp\u00e9tences avez-vous acquises ou am\u00e9lior\u00e9es pendant le processus de sp\u00e9cialisation?<\/strong><\/p>\n\n\n\n<p>J\u2019ai appris des m\u00e9thodes fond\u00e9es sur les donn\u00e9es probantes pour traiter les patients atteints de la maladie de Parkinson; j\u2019ai appris \u00e0 justifier une intervention en physioth\u00e9rapie \u00e0 partir de faits ou, en l\u2019absence de faits, \u00e0 proposer un mod\u00e8le biologiquement plausible. J\u2019ai aussi appris une nouvelle mani\u00e8re de r\u00e9fl\u00e9chir \u00e0 la douleur chronique pr\u00e9sente dans de nombreux probl\u00e8mes neurologiques, de la traiter et de la prendre en charge.<\/p>\n\n\n\n<p><strong>Quel conseil donneriez-vous aux candidats qui s\u2019engagent dans le processus de sp\u00e9cialisation?<\/strong><\/p>\n\n\n\n<p>N\u2019abandonnez pas! Trouvez-vous un mentor et n\u2019ayez pas peur de poser des questions.<\/p>\n\n\n\n<p><strong>Quel impact a le titre de sp\u00e9cialiste sur vous et votre carri\u00e8re?<\/strong><\/p>\n\n\n\n<p>Je suis plus confiante dans mon r\u00f4le d\u2019enseignante clinicienne, de chef d\u2019\u00e9quipe, de consultante et de gestionnaire. Le titre m\u2019a donn\u00e9 de la cr\u00e9dibilit\u00e9 et je suis en mesure d\u2019\u00e9tudier l\u2019histoire du patient sous diff\u00e9rents angles et de choisir mes interventions parmi tout un \u00e9ventail de possibilit\u00e9s.<\/p>\n\n\n\n<h3 class=\"wp-block-heading\"><strong>Biographie<\/strong><\/h3>\n\n\n\n<p>Jacqueline Levy travaille depuis plus de 20&nbsp;ans en neurologie aupr\u00e8s de clients ayant des besoins complexes en r\u00e9adaptation. Elle est copropri\u00e9taire de Action Potential Rehabilitation, une clinique communautaire de physioth\u00e9rapie \u00e0 Ottawa, en Ontario. Elle a obtenu une certification de sp\u00e9cialiste clinique en neurosciences du Conseil canadien de certification des sp\u00e9cialit\u00e9s en physioth\u00e9rapie en mai&nbsp;2012, et elle est \u00e9valuatrice pour le programme de sp\u00e9cialit\u00e9. Jacqueline travaille \u00e0 l\u2019obtention d\u2019une certification pour l\u2019approche NDT\/Bobath, et elle a obtenu une certification pour le traitement LSVT&nbsp;BIG de la maladie de Parkinson. Elle a suivi des cours sur diverses m\u00e9thodes de traitement, notamment la th\u00e9rapie par contrainte induite, le r\u00e9apprentissage moteur et l\u2019imagerie motrice progressive. Jacqueline est enseignante clinicienne et professeure agr\u00e9g\u00e9e au programme de physioth\u00e9rapie de l\u2019Universit\u00e9 d\u2019Ottawa.<\/p>\n\n\n\n<p>Jacqueline s\u2019int\u00e9resse particuli\u00e8rement \u00e0 la transition et \u00e0 la r\u00e9int\u00e9gration des patients dans la communaut\u00e9 ayant des besoins multiples, ainsi qu\u2019aux programmes de conditionnement physique pour les personnes handicap\u00e9es. Jacqueline enseigne et offre des consultations en physioth\u00e9rapie dans le cadre de nombreux programmes communautaires d\u2019activit\u00e9 physique pour ce type de client\u00e8le \u00e0 Ottawa, y compris la direction des besoins sp\u00e9ciaux et le programme de l\u00e9sions c\u00e9r\u00e9brales acquises (Ville d\u2019Ottawa), et au Aphasia Centre of Ottawa. Avec un coll\u00e8gue, elle a donn\u00e9 de nombreux ateliers dans tout l\u2019Ontario.<\/p>\n\n\n\n<p>Jacqueline est membre du comit\u00e9 provincial sur les lignes directrices de l\u2019Ontario, qui contribue \u00e0 l\u2019\u00e9tablissement de lignes directrices pour les programmes d\u2019exercice destin\u00e9s aux victimes d\u2019AVC. Elle repr\u00e9sente les physioth\u00e9rapeutes au sein du Comit\u00e9 consultatif de professionnels de la sant\u00e9 du RLISS de Champlain. Elle copr\u00e9side actuellement le groupe de leadership en physioth\u00e9rapie d\u2019Ottawa.<\/p>\n","protected":false},"excerpt":{"rendered":"<p>Domaine de sp\u00e9cialit\u00e9 clinique&nbsp;: Neurosciences Nombre d\u2019ann\u00e9es de pratique dans ce domaine&nbsp;: 20 Secteurs d\u2019int\u00e9r\u00eat professionnel&nbsp;: AVC; l\u00e9sions \u00e0 la moelle \u00e9pini\u00e8re; traumatismes cr\u00e2niens; scl\u00e9rose en plaques; maladie de Parkinson Que trouvez-vous le plus satisfaisant dans le programme de sp\u00e9cialit\u00e9? [&hellip;]<\/p>\n","protected":false},"author":1,"featured_media":0,"parent":0,"menu_order":0,"comment_status":"closed","ping_status":"closed","template":"","meta":{"inline_featured_image":false,"ep_exclude_from_search":false,"footnotes":""},"topic":[],"class_list":["post-6445","page","type-page","status-publish","hentry"],"acf":[],"yoast_head":"<!-- This site is optimized with the Yoast SEO plugin v24.7 - https:\/\/yoast.com\/wordpress\/plugins\/seo\/ -->\n<title>Jacqueline Levy - Canadian Physiotherapy Association<\/title>\n<meta name=\"robots\" content=\"index, follow, max-snippet:-1, max-image-preview:large, max-video-preview:-1\" \/>\n<link rel=\"canonical\" href=\"https:\/\/physiotherapy.ca\/fr\/jacqueline-levy\/\" \/>\n<meta property=\"og:locale\" content=\"fr_FR\" \/>\n<meta property=\"og:type\" content=\"article\" \/>\n<meta property=\"og:title\" content=\"Jacqueline Levy - Canadian Physiotherapy Association\" \/>\n<meta property=\"og:description\" content=\"Domaine de sp\u00e9cialit\u00e9 clinique&nbsp;: Neurosciences Nombre d\u2019ann\u00e9es de pratique dans ce domaine&nbsp;: 20 Secteurs d\u2019int\u00e9r\u00eat professionnel&nbsp;: AVC; l\u00e9sions \u00e0 la moelle \u00e9pini\u00e8re; traumatismes cr\u00e2niens; scl\u00e9rose en plaques; maladie de Parkinson Que trouvez-vous le plus satisfaisant dans le programme de sp\u00e9cialit\u00e9? [&hellip;]\" \/>\n<meta property=\"og:url\" content=\"https:\/\/physiotherapy.ca\/fr\/jacqueline-levy\/\" \/>\n<meta property=\"og:site_name\" content=\"Canadian Physiotherapy Association\" \/>\n<meta property=\"article:modified_time\" content=\"2022-08-08T20:20:31+00:00\" \/>\n<meta property=\"og:image\" content=\"https:\/\/physiotherapy.ca\/app\/uploads\/2022\/08\/jacquie-760x1024.jpg\" \/>\n<meta name=\"twitter:card\" content=\"summary_large_image\" \/>\n<meta name=\"twitter:label1\" content=\"Est. reading time\" \/>\n\t<meta name=\"twitter:data1\" content=\"4 minutes\" \/>\n<script type=\"application\/ld+json\" class=\"yoast-schema-graph\">{\"@context\":\"https:\/\/schema.org\",\"@graph\":[{\"@type\":\"WebPage\",\"@id\":\"https:\/\/physiotherapy.ca\/fr\/jacqueline-levy\/\",\"url\":\"https:\/\/physiotherapy.ca\/fr\/jacqueline-levy\/\",\"name\":\"Jacqueline Levy - Canadian Physiotherapy Association\",\"isPartOf\":{\"@id\":\"https:\/\/physiotherapy.ca\/#website\"},\"primaryImageOfPage\":{\"@id\":\"https:\/\/physiotherapy.ca\/fr\/jacqueline-levy\/#primaryimage\"},\"image\":{\"@id\":\"https:\/\/physiotherapy.ca\/fr\/jacqueline-levy\/#primaryimage\"},\"thumbnailUrl\":\"https:\/\/physiotherapy.ca\/app\/uploads\/2022\/08\/jacquie-760x1024.jpg\",\"datePublished\":\"2022-08-08T20:20:29+00:00\",\"dateModified\":\"2022-08-08T20:20:31+00:00\",\"breadcrumb\":{\"@id\":\"https:\/\/physiotherapy.ca\/fr\/jacqueline-levy\/#breadcrumb\"},\"inLanguage\":\"fr-FR\",\"potentialAction\":[{\"@type\":\"ReadAction\",\"target\":[\"https:\/\/physiotherapy.ca\/fr\/jacqueline-levy\/\"]}]},{\"@type\":\"ImageObject\",\"inLanguage\":\"fr-FR\",\"@id\":\"https:\/\/physiotherapy.ca\/fr\/jacqueline-levy\/#primaryimage\",\"url\":\"https:\/\/physiotherapy.ca\/app\/uploads\/2022\/08\/jacquie-760x1024.jpg\",\"contentUrl\":\"https:\/\/physiotherapy.ca\/app\/uploads\/2022\/08\/jacquie-760x1024.jpg\"},{\"@type\":\"BreadcrumbList\",\"@id\":\"https:\/\/physiotherapy.ca\/fr\/jacqueline-levy\/#breadcrumb\",\"itemListElement\":[{\"@type\":\"ListItem\",\"position\":1,\"name\":\"Home\",\"item\":\"https:\/\/physiotherapy.ca\/fr\/\"},{\"@type\":\"ListItem\",\"position\":2,\"name\":\"Jacqueline Levy\"}]},{\"@type\":\"WebSite\",\"@id\":\"https:\/\/physiotherapy.ca\/#website\",\"url\":\"https:\/\/physiotherapy.ca\/\",\"name\":\"Canadian Physiotherapy Association\",\"description\":\"The Canadian Physiotherapy Association (CPA) represents over 16,000 physiotherapy professionals and students across Canada.\",\"potentialAction\":[{\"@type\":\"SearchAction\",\"target\":{\"@type\":\"EntryPoint\",\"urlTemplate\":\"https:\/\/physiotherapy.ca\/?s={search_term_string}\"},\"query-input\":{\"@type\":\"PropertyValueSpecification\",\"valueRequired\":true,\"valueName\":\"search_term_string\"}}],\"inLanguage\":\"fr-FR\"}]}<\/script>\n<!-- \/ Yoast SEO plugin. -->","yoast_head_json":{"title":"Jacqueline Levy - Canadian Physiotherapy Association","robots":{"index":"index","follow":"follow","max-snippet":"max-snippet:-1","max-image-preview":"max-image-preview:large","max-video-preview":"max-video-preview:-1"},"canonical":"https:\/\/physiotherapy.ca\/fr\/jacqueline-levy\/","og_locale":"fr_FR","og_type":"article","og_title":"Jacqueline Levy - Canadian Physiotherapy Association","og_description":"Domaine de sp\u00e9cialit\u00e9 clinique&nbsp;: Neurosciences Nombre d\u2019ann\u00e9es de pratique dans ce domaine&nbsp;: 20 Secteurs d\u2019int\u00e9r\u00eat professionnel&nbsp;: AVC; l\u00e9sions \u00e0 la moelle \u00e9pini\u00e8re; traumatismes cr\u00e2niens; scl\u00e9rose en plaques; maladie de Parkinson Que trouvez-vous le plus satisfaisant dans le programme de sp\u00e9cialit\u00e9? [&hellip;]","og_url":"https:\/\/physiotherapy.ca\/fr\/jacqueline-levy\/","og_site_name":"Canadian Physiotherapy Association","article_modified_time":"2022-08-08T20:20:31+00:00","og_image":[{"url":"https:\/\/physiotherapy.ca\/app\/uploads\/2022\/08\/jacquie-760x1024.jpg","type":"","width":"","height":""}],"twitter_card":"summary_large_image","twitter_misc":{"Est. reading time":"4 minutes"},"schema":{"@context":"https:\/\/schema.org","@graph":[{"@type":"WebPage","@id":"https:\/\/physiotherapy.ca\/fr\/jacqueline-levy\/","url":"https:\/\/physiotherapy.ca\/fr\/jacqueline-levy\/","name":"Jacqueline Levy - Canadian Physiotherapy Association","isPartOf":{"@id":"https:\/\/physiotherapy.ca\/#website"},"primaryImageOfPage":{"@id":"https:\/\/physiotherapy.ca\/fr\/jacqueline-levy\/#primaryimage"},"image":{"@id":"https:\/\/physiotherapy.ca\/fr\/jacqueline-levy\/#primaryimage"},"thumbnailUrl":"https:\/\/physiotherapy.ca\/app\/uploads\/2022\/08\/jacquie-760x1024.jpg","datePublished":"2022-08-08T20:20:29+00:00","dateModified":"2022-08-08T20:20:31+00:00","breadcrumb":{"@id":"https:\/\/physiotherapy.ca\/fr\/jacqueline-levy\/#breadcrumb"},"inLanguage":"fr-FR","potentialAction":[{"@type":"ReadAction","target":["https:\/\/physiotherapy.ca\/fr\/jacqueline-levy\/"]}]},{"@type":"ImageObject","inLanguage":"fr-FR","@id":"https:\/\/physiotherapy.ca\/fr\/jacqueline-levy\/#primaryimage","url":"https:\/\/physiotherapy.ca\/app\/uploads\/2022\/08\/jacquie-760x1024.jpg","contentUrl":"https:\/\/physiotherapy.ca\/app\/uploads\/2022\/08\/jacquie-760x1024.jpg"},{"@type":"BreadcrumbList","@id":"https:\/\/physiotherapy.ca\/fr\/jacqueline-levy\/#breadcrumb","itemListElement":[{"@type":"ListItem","position":1,"name":"Home","item":"https:\/\/physiotherapy.ca\/fr\/"},{"@type":"ListItem","position":2,"name":"Jacqueline Levy"}]},{"@type":"WebSite","@id":"https:\/\/physiotherapy.ca\/#website","url":"https:\/\/physiotherapy.ca\/","name":"Canadian Physiotherapy Association","description":"The Canadian Physiotherapy Association (CPA) represents over 16,000 physiotherapy professionals and students across Canada.","potentialAction":[{"@type":"SearchAction","target":{"@type":"EntryPoint","urlTemplate":"https:\/\/physiotherapy.ca\/?s={search_term_string}"},"query-input":{"@type":"PropertyValueSpecification","valueRequired":true,"valueName":"search_term_string"}}],"inLanguage":"fr-FR"}]}},"_links":{"self":[{"href":"https:\/\/physiotherapy.ca\/fr\/wp-json\/wp\/v2\/pages\/6445","targetHints":{"allow":["GET"]}}],"collection":[{"href":"https:\/\/physiotherapy.ca\/fr\/wp-json\/wp\/v2\/pages"}],"about":[{"href":"https:\/\/physiotherapy.ca\/fr\/wp-json\/wp\/v2\/types\/page"}],"author":[{"embeddable":true,"href":"https:\/\/physiotherapy.ca\/fr\/wp-json\/wp\/v2\/users\/1"}],"replies":[{"embeddable":true,"href":"https:\/\/physiotherapy.ca\/fr\/wp-json\/wp\/v2\/comments?post=6445"}],"version-history":[{"count":2,"href":"https:\/\/physiotherapy.ca\/fr\/wp-json\/wp\/v2\/pages\/6445\/revisions"}],"predecessor-version":[{"id":6447,"href":"https:\/\/physiotherapy.ca\/fr\/wp-json\/wp\/v2\/pages\/6445\/revisions\/6447"}],"wp:attachment":[{"href":"https:\/\/physiotherapy.ca\/fr\/wp-json\/wp\/v2\/media?parent=6445"}],"wp:term":[{"taxonomy":"topic","embeddable":true,"href":"https:\/\/physiotherapy.ca\/fr\/wp-json\/wp\/v2\/topic?post=6445"}],"curies":[{"name":"wp","href":"https:\/\/api.w.org\/{rel}","templated":true}]}}