{"id":6449,"date":"2022-08-08T16:23:12","date_gmt":"2022-08-08T20:23:12","guid":{"rendered":"https:\/\/physiotherapy.ca\/?page_id=6449"},"modified":"2022-08-08T16:23:14","modified_gmt":"2022-08-08T20:23:14","slug":"alison-mcdonald","status":"publish","type":"page","link":"https:\/\/physiotherapy.ca\/fr\/alison-mcdonald\/","title":{"rendered":"Alison McDonald"},"content":{"rendered":"\n<div class=\"wp-block-media-text is-stacked-on-mobile is-vertically-aligned-top\" style=\"grid-template-columns:27% auto\"><figure class=\"wp-block-media-text__media\"><img loading=\"lazy\" decoding=\"async\" width=\"768\" height=\"1024\" src=\"https:\/\/physiotherapy.ca\/app\/uploads\/2022\/08\/alisonmcdonald-768x1024.jpg\" alt=\"\" class=\"wp-image-6025 size-full\" srcset=\"https:\/\/physiotherapy.ca\/app\/uploads\/2022\/08\/alisonmcdonald-768x1024.jpg 768w, https:\/\/physiotherapy.ca\/app\/uploads\/2022\/08\/alisonmcdonald-600x800.jpg 600w, https:\/\/physiotherapy.ca\/app\/uploads\/2022\/08\/alisonmcdonald-225x300.jpg 225w, https:\/\/physiotherapy.ca\/app\/uploads\/2022\/08\/alisonmcdonald-1152x1536.jpg 1152w, https:\/\/physiotherapy.ca\/app\/uploads\/2022\/08\/alisonmcdonald-1536x2048.jpg 1536w, https:\/\/physiotherapy.ca\/app\/uploads\/2022\/08\/alisonmcdonald-150x200.jpg 150w, https:\/\/physiotherapy.ca\/app\/uploads\/2022\/08\/alisonmcdonald.jpg 1704w\" sizes=\"auto, (max-width: 768px) 100vw, 768px\" \/><\/figure><div class=\"wp-block-media-text__content\">\n<p><strong>Domaine de sp\u00e9cialit\u00e9 clinique<\/strong>&nbsp;: Neurosciences<\/p>\n\n\n\n<p><strong>Nombre d\u2019ann\u00e9es de pratique dans ce domaine<\/strong>&nbsp;: 26<\/p>\n\n\n\n<p><strong>Secteurs d\u2019int\u00e9r\u00eat professionne<\/strong>l\u00a0: R\u00e9adaptation post-AVC; entra\u00eenement a\u00e9robique; r\u00e9adaptation des membres sup\u00e9rieurs; neuroprosth\u00e9tique <\/p>\n\n\n\n<p><strong>Que trouvez-vous le plus satisfaisant dans le programme de sp\u00e9cialit\u00e9?<\/strong><\/p>\n\n\n\n<p>J\u2019aime l\u2019id\u00e9e de me remettre en question et de me donner des objectifs de carri\u00e8re. Le programme de sp\u00e9cialit\u00e9 clinique est un bon indicateur de mon succ\u00e8s dans la poursuite de ces buts et aspirations.<\/p>\n<\/div><\/div>\n\n\n\n<div style=\"height:26px\" aria-hidden=\"true\" class=\"wp-block-spacer\"><\/div>\n\n\n\n<p>Il m\u2019a permis de r\u00e9fl\u00e9chir \u00e0 ma carri\u00e8re, \u00e0 mon perfectionnement professionnel et \u00e0 mon engagement dans diff\u00e9rentes organisations. J\u2019ai aim\u00e9 r\u00e9fl\u00e9chir \u00e0 la fa\u00e7on dont chacune de ces exp\u00e9riences (cours, recherche, b\u00e9n\u00e9volat, etc.) a contribu\u00e9 \u00e0 faire de moi la physioth\u00e9rapeute que je suis.<\/p>\n\n\n\n<p><strong>Pourquoi avez-vous particip\u00e9 au programme?<\/strong><\/p>\n\n\n\n<p>Il y a plusieurs fa\u00e7ons de faire \u00e9voluer la profession, et j\u2019ai le sentiment que la sp\u00e9cialit\u00e9 en est une. Elle permet de reconna\u00eetre la fa\u00e7on dont nous perfectionnons nos comp\u00e9tences, notre r\u00e9flexion critique, notre raisonnement clinique et notre application concr\u00e8te de la recherche. En parall\u00e8le avec le mentorat aupr\u00e8s des \u00e9tudiants et des coll\u00e8gues, cela est important pour l\u2019\u00e9volution de notre champ de pratique.<\/p>\n\n\n\n<p>J\u2019aime beaucoup travailler en clinique, et je crois que mes travaux en recherche clinique, mes cours aux cycles sup\u00e9rieurs et mon leadership professionnel m\u2019ont aid\u00e9e \u00e0 peaufiner mes habilet\u00e9s et mes connaissances cliniques. Je me suis dit que le programme de sp\u00e9cialit\u00e9 clinique de l\u2019ACP serait une excellente fa\u00e7on d\u2019\u00e9valuer mes comp\u00e9tences et mes connaissances. Lorsque je faisais partie du comit\u00e9 directeur de la division neurosciences (1993-1996), je me rappelle avoir entendu parler des travaux pr\u00e9curseurs de Marilyn MacKay-Lyons, de Laura Klassen et d\u2019autres sur la sp\u00e9cialit\u00e9 clinique. J\u2019avais h\u00e2te de participer au projet pilote, puis \u00e0 ce rigoureux programme, lorsqu\u2019il a finalement \u00e9t\u00e9 pr\u00eat.<\/p>\n\n\n\n<p><strong>Quel conseil donneriez-vous aux candidats qui s\u2019engagent dans le processus de sp\u00e9cialisation?<\/strong><\/p>\n\n\n\n<p>Prenez le temps de r\u00e9fl\u00e9chir \u00e0 votre \u00e9volution en tant que physioth\u00e9rapeute, \u00e0 ce que vous avez appris et \u00e0 vos objectifs pour l\u2019avenir. Le programme de sp\u00e9cialit\u00e9 clinique demande beaucoup de travail, mais c\u2019est un excellent processus. Les \u00e9tudes de cas peuvent sembler stressantes au d\u00e9but, mais saisissez cette occasion de discuter avec des coll\u00e8gues qui s\u2019int\u00e9ressent \u00e0 vos id\u00e9es; c\u2019est aussi une exp\u00e9rience d\u2019apprentissage.<\/p>\n\n\n\n<h3 class=\"wp-block-heading\"><strong>Biographie<\/strong><\/h3>\n\n\n\n<p>J\u2019ai r\u00e9alis\u00e9 un vieux r\u00eave en obtenant mon dipl\u00f4me de l\u2019\u00c9cole de physioth\u00e9rapie de l\u2019Universit\u00e9 Dalhousie. J\u2019ai ensuite travaill\u00e9 au Centre des sciences de la sant\u00e9 de Winnipeg, puis en Angleterre pendant quatre&nbsp;ans.<\/p>\n\n\n\n<p>J\u2019ai eu la chance d\u2019avoir des mentors tout au long de ma carri\u00e8re; ils m\u2019ont aid\u00e9e \u00e0 approfondir mes comp\u00e9tences et mes connaissances et m\u2019ont donn\u00e9 l\u2019occasion de participer \u00e0 des projets de recherche.<\/p>\n\n\n\n<p>J\u2019ai particip\u00e9 \u00e0 trois&nbsp;projets nationaux sur les pratiques exemplaires concernant l\u2019AVC (copr\u00e9sidence du Groupe de travail sur les pratiques optimales et les normes de la Strat\u00e9gie canadienne de l\u2019AVC, 2005-2005), ainsi qu\u2019\u00e0 des groupes d\u2019experts (mesure des r\u00e9sultats de la r\u00e9adaptation post-AVC). J\u2019ai suivi des cours en r\u00e9adaptation \u00e0 la marche avec des neuroproth\u00e8ses (WalkAide et Bioness&nbsp;L300, par exemple).<\/p>\n\n\n\n<p>J\u2019ai eu l\u2019occasion d\u2019occuper des postes de direction au sein des associations professionnelles dont je suis membre. Je suis membre depuis longtemps de l\u2019ACP et de sa division neurosciences; j\u2019assure actuellement la pr\u00e9sidence de la Nova Scotia Physiotherapy Association et je suis membre du comit\u00e9 d\u2019\u00e9laboration de l\u2019examen de comp\u00e9tences en physioth\u00e9rapie (division de la Nouvelle-\u00c9cosse). J\u2019ai \u00e9galement fait du b\u00e9n\u00e9volat pour le comit\u00e9 provincial sur l\u2019AVC de la Fondation des maladies du c\u0153ur et de l\u2019AVC; cela m\u2019a permis de contribuer \u00e0 l\u2019\u00e9laboration de la strat\u00e9gie int\u00e9gr\u00e9e sur l\u2019AVC de la Nouvelle-\u00c9cosse, qui sous-tend l\u2019am\u00e9lioration des soins de l\u2019AVC en Nouvelle-\u00c9cosse.<\/p>\n\n\n\n<p>J\u2019aime enseigner, et je suis charg\u00e9e de cours \u00e0 l\u2019\u00c9cole de physioth\u00e9rapie de l\u2019Universit\u00e9 Dalhousie; j\u2019encadre aussi des \u00e9tudiants dans leur stage clinique. Mon r\u00f4le, en tant qu\u2019associ\u00e9e clinique auxiliaire \u00e0 l\u2019\u00c9cole de physioth\u00e9rapie de l\u2019Universit\u00e9 Dalhousie, est de favoriser une contribution constante de la communaut\u00e9 des physioth\u00e9rapeutes cliniciens \u00e0 la formation des \u00e9tudiants en physioth\u00e9rapie en vue de leur arriv\u00e9e dans la profession.<\/p>\n","protected":false},"excerpt":{"rendered":"<p>Domaine de sp\u00e9cialit\u00e9 clinique&nbsp;: Neurosciences Nombre d\u2019ann\u00e9es de pratique dans ce domaine&nbsp;: 26 Secteurs d\u2019int\u00e9r\u00eat professionnel\u00a0: R\u00e9adaptation post-AVC; entra\u00eenement a\u00e9robique; r\u00e9adaptation des membres sup\u00e9rieurs; neuroprosth\u00e9tique Que trouvez-vous le plus satisfaisant dans le programme de sp\u00e9cialit\u00e9? J\u2019aime l\u2019id\u00e9e de me remettre [&hellip;]<\/p>\n","protected":false},"author":1,"featured_media":0,"parent":0,"menu_order":0,"comment_status":"closed","ping_status":"closed","template":"","meta":{"inline_featured_image":false,"ep_exclude_from_search":false,"footnotes":""},"topic":[],"class_list":["post-6449","page","type-page","status-publish","hentry"],"acf":[],"yoast_head":"<!-- This site is optimized with the Yoast SEO plugin v24.7 - https:\/\/yoast.com\/wordpress\/plugins\/seo\/ -->\n<title>Alison McDonald - Canadian Physiotherapy Association<\/title>\n<meta name=\"robots\" content=\"index, follow, max-snippet:-1, max-image-preview:large, max-video-preview:-1\" \/>\n<link rel=\"canonical\" href=\"https:\/\/physiotherapy.ca\/fr\/alison-mcdonald\/\" \/>\n<meta property=\"og:locale\" content=\"fr_FR\" \/>\n<meta property=\"og:type\" content=\"article\" \/>\n<meta property=\"og:title\" content=\"Alison McDonald - Canadian Physiotherapy Association\" \/>\n<meta property=\"og:description\" content=\"Domaine de sp\u00e9cialit\u00e9 clinique&nbsp;: Neurosciences Nombre d\u2019ann\u00e9es de pratique dans ce domaine&nbsp;: 26 Secteurs d\u2019int\u00e9r\u00eat professionnel\u00a0: R\u00e9adaptation post-AVC; entra\u00eenement a\u00e9robique; r\u00e9adaptation des membres sup\u00e9rieurs; neuroprosth\u00e9tique Que trouvez-vous le plus satisfaisant dans le programme de sp\u00e9cialit\u00e9? J\u2019aime l\u2019id\u00e9e de me remettre [&hellip;]\" \/>\n<meta property=\"og:url\" content=\"https:\/\/physiotherapy.ca\/fr\/alison-mcdonald\/\" \/>\n<meta property=\"og:site_name\" content=\"Canadian Physiotherapy Association\" \/>\n<meta property=\"article:modified_time\" content=\"2022-08-08T20:23:14+00:00\" \/>\n<meta property=\"og:image\" content=\"https:\/\/physiotherapy.ca\/app\/uploads\/2022\/08\/alisonmcdonald-768x1024.jpg\" \/>\n<meta name=\"twitter:card\" content=\"summary_large_image\" \/>\n<meta name=\"twitter:label1\" content=\"Est. reading time\" \/>\n\t<meta name=\"twitter:data1\" content=\"4 minutes\" \/>\n<script type=\"application\/ld+json\" class=\"yoast-schema-graph\">{\"@context\":\"https:\/\/schema.org\",\"@graph\":[{\"@type\":\"WebPage\",\"@id\":\"https:\/\/physiotherapy.ca\/fr\/alison-mcdonald\/\",\"url\":\"https:\/\/physiotherapy.ca\/fr\/alison-mcdonald\/\",\"name\":\"Alison McDonald - Canadian Physiotherapy Association\",\"isPartOf\":{\"@id\":\"https:\/\/physiotherapy.ca\/#website\"},\"primaryImageOfPage\":{\"@id\":\"https:\/\/physiotherapy.ca\/fr\/alison-mcdonald\/#primaryimage\"},\"image\":{\"@id\":\"https:\/\/physiotherapy.ca\/fr\/alison-mcdonald\/#primaryimage\"},\"thumbnailUrl\":\"https:\/\/physiotherapy.ca\/app\/uploads\/2022\/08\/alisonmcdonald-768x1024.jpg\",\"datePublished\":\"2022-08-08T20:23:12+00:00\",\"dateModified\":\"2022-08-08T20:23:14+00:00\",\"breadcrumb\":{\"@id\":\"https:\/\/physiotherapy.ca\/fr\/alison-mcdonald\/#breadcrumb\"},\"inLanguage\":\"fr-FR\",\"potentialAction\":[{\"@type\":\"ReadAction\",\"target\":[\"https:\/\/physiotherapy.ca\/fr\/alison-mcdonald\/\"]}]},{\"@type\":\"ImageObject\",\"inLanguage\":\"fr-FR\",\"@id\":\"https:\/\/physiotherapy.ca\/fr\/alison-mcdonald\/#primaryimage\",\"url\":\"https:\/\/physiotherapy.ca\/app\/uploads\/2022\/08\/alisonmcdonald-768x1024.jpg\",\"contentUrl\":\"https:\/\/physiotherapy.ca\/app\/uploads\/2022\/08\/alisonmcdonald-768x1024.jpg\"},{\"@type\":\"BreadcrumbList\",\"@id\":\"https:\/\/physiotherapy.ca\/fr\/alison-mcdonald\/#breadcrumb\",\"itemListElement\":[{\"@type\":\"ListItem\",\"position\":1,\"name\":\"Home\",\"item\":\"https:\/\/physiotherapy.ca\/fr\/\"},{\"@type\":\"ListItem\",\"position\":2,\"name\":\"Alison McDonald\"}]},{\"@type\":\"WebSite\",\"@id\":\"https:\/\/physiotherapy.ca\/#website\",\"url\":\"https:\/\/physiotherapy.ca\/\",\"name\":\"Canadian Physiotherapy Association\",\"description\":\"The Canadian Physiotherapy Association (CPA) represents over 16,000 physiotherapy professionals and students across Canada.\",\"potentialAction\":[{\"@type\":\"SearchAction\",\"target\":{\"@type\":\"EntryPoint\",\"urlTemplate\":\"https:\/\/physiotherapy.ca\/?s={search_term_string}\"},\"query-input\":{\"@type\":\"PropertyValueSpecification\",\"valueRequired\":true,\"valueName\":\"search_term_string\"}}],\"inLanguage\":\"fr-FR\"}]}<\/script>\n<!-- \/ Yoast SEO plugin. -->","yoast_head_json":{"title":"Alison McDonald - Canadian Physiotherapy Association","robots":{"index":"index","follow":"follow","max-snippet":"max-snippet:-1","max-image-preview":"max-image-preview:large","max-video-preview":"max-video-preview:-1"},"canonical":"https:\/\/physiotherapy.ca\/fr\/alison-mcdonald\/","og_locale":"fr_FR","og_type":"article","og_title":"Alison McDonald - Canadian Physiotherapy Association","og_description":"Domaine de sp\u00e9cialit\u00e9 clinique&nbsp;: Neurosciences Nombre d\u2019ann\u00e9es de pratique dans ce domaine&nbsp;: 26 Secteurs d\u2019int\u00e9r\u00eat professionnel\u00a0: R\u00e9adaptation post-AVC; entra\u00eenement a\u00e9robique; r\u00e9adaptation des membres sup\u00e9rieurs; neuroprosth\u00e9tique Que trouvez-vous le plus satisfaisant dans le programme de sp\u00e9cialit\u00e9? J\u2019aime l\u2019id\u00e9e de me remettre [&hellip;]","og_url":"https:\/\/physiotherapy.ca\/fr\/alison-mcdonald\/","og_site_name":"Canadian Physiotherapy Association","article_modified_time":"2022-08-08T20:23:14+00:00","og_image":[{"url":"https:\/\/physiotherapy.ca\/app\/uploads\/2022\/08\/alisonmcdonald-768x1024.jpg","type":"","width":"","height":""}],"twitter_card":"summary_large_image","twitter_misc":{"Est. reading time":"4 minutes"},"schema":{"@context":"https:\/\/schema.org","@graph":[{"@type":"WebPage","@id":"https:\/\/physiotherapy.ca\/fr\/alison-mcdonald\/","url":"https:\/\/physiotherapy.ca\/fr\/alison-mcdonald\/","name":"Alison McDonald - Canadian Physiotherapy Association","isPartOf":{"@id":"https:\/\/physiotherapy.ca\/#website"},"primaryImageOfPage":{"@id":"https:\/\/physiotherapy.ca\/fr\/alison-mcdonald\/#primaryimage"},"image":{"@id":"https:\/\/physiotherapy.ca\/fr\/alison-mcdonald\/#primaryimage"},"thumbnailUrl":"https:\/\/physiotherapy.ca\/app\/uploads\/2022\/08\/alisonmcdonald-768x1024.jpg","datePublished":"2022-08-08T20:23:12+00:00","dateModified":"2022-08-08T20:23:14+00:00","breadcrumb":{"@id":"https:\/\/physiotherapy.ca\/fr\/alison-mcdonald\/#breadcrumb"},"inLanguage":"fr-FR","potentialAction":[{"@type":"ReadAction","target":["https:\/\/physiotherapy.ca\/fr\/alison-mcdonald\/"]}]},{"@type":"ImageObject","inLanguage":"fr-FR","@id":"https:\/\/physiotherapy.ca\/fr\/alison-mcdonald\/#primaryimage","url":"https:\/\/physiotherapy.ca\/app\/uploads\/2022\/08\/alisonmcdonald-768x1024.jpg","contentUrl":"https:\/\/physiotherapy.ca\/app\/uploads\/2022\/08\/alisonmcdonald-768x1024.jpg"},{"@type":"BreadcrumbList","@id":"https:\/\/physiotherapy.ca\/fr\/alison-mcdonald\/#breadcrumb","itemListElement":[{"@type":"ListItem","position":1,"name":"Home","item":"https:\/\/physiotherapy.ca\/fr\/"},{"@type":"ListItem","position":2,"name":"Alison McDonald"}]},{"@type":"WebSite","@id":"https:\/\/physiotherapy.ca\/#website","url":"https:\/\/physiotherapy.ca\/","name":"Canadian Physiotherapy Association","description":"The Canadian Physiotherapy Association (CPA) represents over 16,000 physiotherapy professionals and students across Canada.","potentialAction":[{"@type":"SearchAction","target":{"@type":"EntryPoint","urlTemplate":"https:\/\/physiotherapy.ca\/?s={search_term_string}"},"query-input":{"@type":"PropertyValueSpecification","valueRequired":true,"valueName":"search_term_string"}}],"inLanguage":"fr-FR"}]}},"_links":{"self":[{"href":"https:\/\/physiotherapy.ca\/fr\/wp-json\/wp\/v2\/pages\/6449","targetHints":{"allow":["GET"]}}],"collection":[{"href":"https:\/\/physiotherapy.ca\/fr\/wp-json\/wp\/v2\/pages"}],"about":[{"href":"https:\/\/physiotherapy.ca\/fr\/wp-json\/wp\/v2\/types\/page"}],"author":[{"embeddable":true,"href":"https:\/\/physiotherapy.ca\/fr\/wp-json\/wp\/v2\/users\/1"}],"replies":[{"embeddable":true,"href":"https:\/\/physiotherapy.ca\/fr\/wp-json\/wp\/v2\/comments?post=6449"}],"version-history":[{"count":5,"href":"https:\/\/physiotherapy.ca\/fr\/wp-json\/wp\/v2\/pages\/6449\/revisions"}],"predecessor-version":[{"id":6456,"href":"https:\/\/physiotherapy.ca\/fr\/wp-json\/wp\/v2\/pages\/6449\/revisions\/6456"}],"wp:attachment":[{"href":"https:\/\/physiotherapy.ca\/fr\/wp-json\/wp\/v2\/media?parent=6449"}],"wp:term":[{"taxonomy":"topic","embeddable":true,"href":"https:\/\/physiotherapy.ca\/fr\/wp-json\/wp\/v2\/topic?post=6449"}],"curies":[{"name":"wp","href":"https:\/\/api.w.org\/{rel}","templated":true}]}}