{"id":6466,"date":"2022-08-08T16:24:50","date_gmt":"2022-08-08T20:24:50","guid":{"rendered":"https:\/\/physiotherapy.ca\/?page_id=6466"},"modified":"2022-08-08T16:24:51","modified_gmt":"2022-08-08T20:24:51","slug":"cory-choma","status":"publish","type":"page","link":"https:\/\/physiotherapy.ca\/fr\/cory-choma\/","title":{"rendered":"Cory Choma"},"content":{"rendered":"\n<div class=\"wp-block-media-text is-stacked-on-mobile is-vertically-aligned-top\" style=\"grid-template-columns:27% auto\"><figure class=\"wp-block-media-text__media\"><img loading=\"lazy\" decoding=\"async\" width=\"110\" height=\"110\" src=\"https:\/\/physiotherapy.ca\/app\/uploads\/2022\/08\/corychoma.jpg\" alt=\"\" class=\"wp-image-6035 size-full\" srcset=\"https:\/\/physiotherapy.ca\/app\/uploads\/2022\/08\/corychoma.jpg 110w, https:\/\/physiotherapy.ca\/app\/uploads\/2022\/08\/corychoma-100x100.jpg 100w\" sizes=\"auto, (max-width: 110px) 100vw, 110px\" \/><\/figure><div class=\"wp-block-media-text__content\">\n<p><strong>Nombre d\u2019ann\u00e9es de pratique dans ce domaine<\/strong>&nbsp;: 16<\/p>\n\n\n\n<p><strong>Secteurs d\u2019int\u00e9r\u00eat professionnel<\/strong>&nbsp;: Douleur neuropathique de longue date<\/p>\n\n\n\n<p><strong>Loisirs&nbsp;<\/strong>: Entra\u00eeneur de saut \u00e0 la perche \u00e0 l\u2019Universit\u00e9 de l\u2019Alberta<\/p>\n\n\n\n<p><strong>Que trouvez-vous le plus satisfaisant dans le programme de sp\u00e9cialit\u00e9?<\/strong><\/p>\n<\/div><\/div>\n\n\n\n<div style=\"height:26px\" aria-hidden=\"true\" class=\"wp-block-spacer\"><\/div>\n\n\n\n<p>J\u2019\u00e9tais tr\u00e8s content qu\u2019on exige de moi des r\u00e9ponses raisonnables quant \u00e0 ma prise de d\u00e9cisions cliniques. J\u2019\u00e9tais \u00e9galement heureux de parler avec des praticiens ayant les m\u00eames valeurs que moi, qui m\u2019ont demand\u00e9 d\u2019approfondir mes recherches sur la litt\u00e9rature scientifique, l\u2019utilisation des mesures cliniques, le choix des traitements et la planification des programmes.<\/p>\n\n\n\n<p><strong>Pourquoi avez-vous particip\u00e9 au programme?<\/strong><br>Je l\u2019ai d\u2019abord fait purement pour des raisons de perfectionnement professionnel. Il n\u2019y a tout simplement aucune autre fa\u00e7on d\u2019\u00eatre \u00e9valu\u00e9 par ses pairs d\u2019une mani\u00e8re qui favorise autant l\u2019introspection. Cela m\u2019a donn\u00e9 exactement ce que je voulais, et beaucoup plus.<\/p>\n\n\n\n<p><strong>O\u00f9 esp\u00e9rez-vous voir la profession dans 25&nbsp;ans?<\/strong><br>Les physioth\u00e9rapeutes continueront d\u2019\u00eatre vus comme les principaux fournisseurs de soins de sant\u00e9 non&nbsp;chirurgicaux et non&nbsp;pharmaceutiques. Nous aurons la possibilit\u00e9 de briller en r\u00e9alisant des interventions visant le fonctionnement optimal d\u2019un corps sain, contrairement au mod\u00e8le actuel qui tente de modifier la structure et la fonction du corps par des m\u00e9dicaments et des interventions chirurgicales.<\/p>\n\n\n\n<p><strong>Selon vous, quel impact aura la sp\u00e9cialisation dans votre domaine?<\/strong><br>La sp\u00e9cialisation \u00e9l\u00e8vera les attentes et am\u00e9liorera le professionnalisme dans l\u2019\u00e9tude et l\u2019offre d\u2019interventions dans les cas de douleur. Je pense aussi que la sp\u00e9cialisation soutiendra les physioth\u00e9rapeutes qui souhaitent se concentrer dans le domaine de la douleur.<\/p>\n\n\n\n<p><strong>Quelle est la valeur du programme de sp\u00e9cialit\u00e9 pour les candidats?<\/strong><br>Je pense que le principal avantage du programme, c\u2019est de pousser le candidat \u00e0 examiner rigoureusement son cheminement. Le programme oblige \u00e0 aller loin dans l\u2019introspection, l\u2019apprentissage, la planification et la compr\u00e9hension du domaine de sp\u00e9cialit\u00e9. Il force \u00e0 analyser tous les \u00e9l\u00e9ments, des cours suivis aux articles lus, en passant par les r\u00e9sultats vis\u00e9s et le mod\u00e8le de th\u00e9rapie offert. Rien ne reste dans l\u2019ombre lors de cette introspection, et le processus fait de vous un meilleur th\u00e9rapeute.<\/p>\n\n\n\n<p><strong>Avez-vous fait appel \u00e0 votre r\u00e9seau de sp\u00e9cialistes, et comment?<\/strong><\/p>\n\n\n\n<p>J\u2019ai allong\u00e9 la liste des professionnels en qui j\u2019ai confiance et que j\u2019appelle r\u00e9guli\u00e8rement lorsque je planifie mes interventions. J\u2019ai rencontr\u00e9 de nouveaux professionnels de tout le Canada et de ma propre ville. Nous discutons de mesures des r\u00e9sultats, d\u2019interventions bas\u00e9es sur l\u2019entra\u00eenement cognitif et comportemental, d\u2019interpr\u00e9tation de la documentation scientifique et de nombreux autres sujets.<\/p>\n\n\n\n<p><strong>Quels facteurs importants faut-il prendre en compte lorsqu\u2019on souhaite faire une sp\u00e9cialit\u00e9 clinique?<\/strong><\/p>\n\n\n\n<p>Le processus est rigoureux. Il ne s\u2019agit pas simplement d\u2019envoyer son CV accompagn\u00e9 de quelques courts textes. Si vous aimez les d\u00e9fis, c\u2019en est un \u00e0 votre mesure. D\u2019un autre c\u00f4t\u00e9, je dirais simplement qu\u2019il n\u2019y a pas de fa\u00e7on plus efficace de faire progresser ses comp\u00e9tences cliniques et sa fa\u00e7on de prendre des d\u00e9cisions, \u00e0 moins de faire un doctorat.<\/p>\n\n\n\n<p><strong>Quelles comp\u00e9tences avez-vous acquises ou am\u00e9lior\u00e9es pendant le processus de sp\u00e9cialisation?<\/strong><br>Un de mes coll\u00e8gues m\u2019a dit que je r\u00e9fl\u00e9chissais autrement depuis le programme. Pas de fa\u00e7on compl\u00e8tement transform\u00e9e, mais plus analytique. Il a soulign\u00e9 que je critiquais maintenant les articles publi\u00e9s en me basant sur leurs caract\u00e9ristiques (comme les crit\u00e8res d\u2019exclusion) au lieu de simplement en parcourir rapidement le r\u00e9sum\u00e9. Il m\u2019a \u00e9galement dit que le processus avait d\u00e9clench\u00e9 chez moi une explosion d\u2019\u00e9nergie bien dirig\u00e9e. Je me sens comme lorsque j\u2019ai obtenu mon dipl\u00f4me&nbsp;: assoiff\u00e9 de connaissances et de r\u00e9ponses, rempli d\u2019autres questions et plus \u00e9quilibr\u00e9 en tant que praticien. Bref, pour r\u00e9pondre simplement, je me concentre maintenant beaucoup plus sur les mod\u00e8les de soins que sur les techniques.<\/p>\n\n\n\n<p><strong>Quel conseil donneriez-vous aux candidats qui s\u2019engagent dans le processus de sp\u00e9cialisation?<\/strong><\/p>\n\n\n\n<p>Ne r\u00e9fl\u00e9chissez pas trop, allez-y, plongez. Il n\u2019y a pas de meilleur moment. Comme le dit Morgan Freeman dans \u00c0 l\u2019ombre de Shawshank&nbsp;: \u00ab&nbsp;D\u00e9p\u00eache-toi de vivre\u2026 ou d\u00e9p\u00eache-toi de mourir&nbsp;\u00bb. Si on ne se remet pas en question pour \u00e9voluer, on stagne. Pour moi, c\u2019est comme mourir professionnellement.<\/p>\n\n\n\n<p><strong>Quel impact a le titre de sp\u00e9cialiste sur vous et votre carri\u00e8re?<\/strong><\/p>\n\n\n\n<p>J\u2019y ai trouv\u00e9 un plus grand besoin d\u2019acuit\u00e9. Je pr\u00e9sume moins et je fouille davantage. Je pr\u00e9sume que j\u2019ai tort avant m\u00eame de me permettre d\u2019avancer que j\u2019ai raison. Je r\u00e9fl\u00e9chis de fa\u00e7on plus critique, mais en m\u00eame temps j\u2019offre \u00e0 mes clients davantage de possibilit\u00e9s de th\u00e9rapies et de r\u00e9f\u00e9rences \u00e0 d\u2019autres sp\u00e9cialistes qui les aideront \u00e0 mieux comprendre leur corps. Je suis \u00e9galement plus soucieux de m\u2019engager dans des activit\u00e9s de perfectionnement professionnel et de transmission des connaissances. Aujourd\u2019hui, au lieu de dire que j\u2019aimerais que ceci ou cela soit disponible en physioth\u00e9rapie, j\u2019agis et je suscite des occasions de croissance et de partage de l\u2019information pour moi et pour mes coll\u00e8gues.<\/p>\n\n\n\n<p><strong>Comment vous \u00eates-vous int\u00e9ress\u00e9 \u00e0 la science de la douleur?<\/strong><\/p>\n\n\n\n<p>J\u2019ai pris un cours en SIM de Gunn dans les ann\u00e9es&nbsp;1990, et je me suis int\u00e9ress\u00e9 \u00e0 ce qui rendait cette technique si efficace dans les cas de douleur de longue date. \u00c0 l\u2019\u00e9poque, je travaillais \u00e0 l\u2019H\u00f4pital Misericordia o\u00f9 j\u2019offrais des services de physioth\u00e9rapie g\u00e9n\u00e9rale. Apr\u00e8s avoir suivi le cours, je suis all\u00e9 travailler dans une clinique m\u00e9dicale sp\u00e9cialis\u00e9e dans la douleur chronique. En \u00e9troite collaboration avec le m\u00e9decin et le psychologue, j\u2019y ai apport\u00e9 le point de vue d\u2019un physioth\u00e9rapeute sur le mouvement et la r\u00e9\u00e9ducation. Je travaillais aussi \u00e0 l\u2019\u00e9poque \u00e0 temps partiel dans une clinique de psychologie qui utilisait entre autres la r\u00e9troaction \u00e9lectromyographique. Apr\u00e8s quelques ann\u00e9es, j\u2019ai voulu avoir la libert\u00e9 de cr\u00e9er un programme et je me suis associ\u00e9 \u00e0 un physioth\u00e9rapeute d\u2019exp\u00e9rience, Ian Sim. Nous avons fond\u00e9 ensemble CSA Physiotherapy afin de nous concentrer sur les douleurs neuropathiques.<\/p>\n\n\n\n<p><strong>Pourquoi avez-vous choisi la physioth\u00e9rapie comme carri\u00e8re?<\/strong><\/p>\n\n\n\n<p>C\u2019est facile&nbsp;: j\u2019ai eu un accident de la route quelques semaines apr\u00e8s avoir r\u00e9ussi les qualifications pour les Jeux olympiques en saut \u00e0 la perche. J\u2019ai pass\u00e9 deux&nbsp;ans en b\u00e9quilles, et j\u2019ai \u00e9t\u00e9 horrifi\u00e9 par l\u2019absence de strat\u00e9gie pour le mouvement et la r\u00e9adaptation. Mon exp\u00e9rience, aussi bien \u00e0 l\u2019h\u00f4pital qu\u2019\u00e0 la clinique, m\u2019a fait r\u00e9aliser que les services offerts aux personnes dans ma situation \u00e9taient tout simplement insuffisants. Je fonctionnais trop bien pour un programme hospitalier, mais pas assez pour me d\u00e9brouiller tout seul, et mon m\u00e9decin m\u2019a dit qu\u2019il ne croyait pas \u00e0 la physioth\u00e9rapie. \u00c7a a suffi pour que je m\u2019y int\u00e9resse.<\/p>\n\n\n\n<p><strong>Formation<\/strong><\/p>\n\n\n\n<p>Baccalaur\u00e9at en sciences \u00e0 l\u2019Universit\u00e9 Concordia (1987-1991)<\/p>\n\n\n\n<p>Baccalaur\u00e9at en sciences (physioth\u00e9rapie) \u00e0 l\u2019Universit\u00e9 de l\u2019Alberta (1991-1996)<\/p>\n\n\n\n<p><strong>R\u00f4le et poste actuels<\/strong><\/p>\n\n\n\n<p>Je travaille \u00e0 temps plein \u00e0 CSA Physiotherapy, sur la 51e&nbsp;Avenue. Je suis clinicien principal et je participe au mentorat dans la clinique. Je me concentre uniquement sur les douleurs chroniques ou complexes, et mes interventions comprennent des strat\u00e9gies ax\u00e9es sur la th\u00e9rapie cognitivo\u2011comportementale et la stimulation intramusculaire de Gunn.<\/p>\n\n\n\n<p>Courriel&nbsp;:&nbsp;<a href=\"mailto:corychoma@me.com\">corychoma@me.com<\/a><\/p>\n\n\n\n<p>Site Web&nbsp;:&nbsp;<a href=\"https:\/\/physiotherapy.ca\/www.csaphysio.ca\">www.csaphysio.ca<\/a><\/p>\n","protected":false},"excerpt":{"rendered":"<p>Nombre d\u2019ann\u00e9es de pratique dans ce domaine&nbsp;: 16 Secteurs d\u2019int\u00e9r\u00eat professionnel&nbsp;: Douleur neuropathique de longue date Loisirs&nbsp;: Entra\u00eeneur de saut \u00e0 la perche \u00e0 l\u2019Universit\u00e9 de l\u2019Alberta Que trouvez-vous le plus satisfaisant dans le programme de sp\u00e9cialit\u00e9? J\u2019\u00e9tais tr\u00e8s content [&hellip;]<\/p>\n","protected":false},"author":1,"featured_media":0,"parent":0,"menu_order":0,"comment_status":"closed","ping_status":"closed","template":"","meta":{"inline_featured_image":false,"ep_exclude_from_search":false,"footnotes":""},"topic":[],"class_list":["post-6466","page","type-page","status-publish","hentry"],"acf":[],"yoast_head":"<!-- This site is optimized with the Yoast SEO plugin v24.7 - https:\/\/yoast.com\/wordpress\/plugins\/seo\/ -->\n<title>Cory Choma - Canadian Physiotherapy Association<\/title>\n<meta name=\"robots\" content=\"index, follow, max-snippet:-1, max-image-preview:large, max-video-preview:-1\" \/>\n<link rel=\"canonical\" href=\"https:\/\/physiotherapy.ca\/fr\/cory-choma\/\" \/>\n<meta property=\"og:locale\" content=\"fr_FR\" \/>\n<meta property=\"og:type\" content=\"article\" \/>\n<meta property=\"og:title\" content=\"Cory Choma - Canadian Physiotherapy Association\" \/>\n<meta property=\"og:description\" content=\"Nombre d\u2019ann\u00e9es de pratique dans ce domaine&nbsp;: 16 Secteurs d\u2019int\u00e9r\u00eat professionnel&nbsp;: Douleur neuropathique de longue date Loisirs&nbsp;: Entra\u00eeneur de saut \u00e0 la perche \u00e0 l\u2019Universit\u00e9 de l\u2019Alberta Que trouvez-vous le plus satisfaisant dans le programme de sp\u00e9cialit\u00e9? J\u2019\u00e9tais tr\u00e8s content [&hellip;]\" \/>\n<meta property=\"og:url\" content=\"https:\/\/physiotherapy.ca\/fr\/cory-choma\/\" \/>\n<meta property=\"og:site_name\" content=\"Canadian Physiotherapy Association\" \/>\n<meta property=\"article:modified_time\" content=\"2022-08-08T20:24:51+00:00\" \/>\n<meta property=\"og:image\" content=\"https:\/\/physiotherapy.ca\/app\/uploads\/2022\/08\/corychoma.jpg\" \/>\n<meta name=\"twitter:card\" content=\"summary_large_image\" \/>\n<meta name=\"twitter:label1\" content=\"Est. reading time\" \/>\n\t<meta name=\"twitter:data1\" content=\"6 minutes\" \/>\n<script type=\"application\/ld+json\" class=\"yoast-schema-graph\">{\"@context\":\"https:\/\/schema.org\",\"@graph\":[{\"@type\":\"WebPage\",\"@id\":\"https:\/\/physiotherapy.ca\/fr\/cory-choma\/\",\"url\":\"https:\/\/physiotherapy.ca\/fr\/cory-choma\/\",\"name\":\"Cory Choma - Canadian Physiotherapy Association\",\"isPartOf\":{\"@id\":\"https:\/\/physiotherapy.ca\/#website\"},\"primaryImageOfPage\":{\"@id\":\"https:\/\/physiotherapy.ca\/fr\/cory-choma\/#primaryimage\"},\"image\":{\"@id\":\"https:\/\/physiotherapy.ca\/fr\/cory-choma\/#primaryimage\"},\"thumbnailUrl\":\"https:\/\/physiotherapy.ca\/app\/uploads\/2022\/08\/corychoma.jpg\",\"datePublished\":\"2022-08-08T20:24:50+00:00\",\"dateModified\":\"2022-08-08T20:24:51+00:00\",\"breadcrumb\":{\"@id\":\"https:\/\/physiotherapy.ca\/fr\/cory-choma\/#breadcrumb\"},\"inLanguage\":\"fr-FR\",\"potentialAction\":[{\"@type\":\"ReadAction\",\"target\":[\"https:\/\/physiotherapy.ca\/fr\/cory-choma\/\"]}]},{\"@type\":\"ImageObject\",\"inLanguage\":\"fr-FR\",\"@id\":\"https:\/\/physiotherapy.ca\/fr\/cory-choma\/#primaryimage\",\"url\":\"https:\/\/physiotherapy.ca\/app\/uploads\/2022\/08\/corychoma.jpg\",\"contentUrl\":\"https:\/\/physiotherapy.ca\/app\/uploads\/2022\/08\/corychoma.jpg\"},{\"@type\":\"BreadcrumbList\",\"@id\":\"https:\/\/physiotherapy.ca\/fr\/cory-choma\/#breadcrumb\",\"itemListElement\":[{\"@type\":\"ListItem\",\"position\":1,\"name\":\"Home\",\"item\":\"https:\/\/physiotherapy.ca\/fr\/\"},{\"@type\":\"ListItem\",\"position\":2,\"name\":\"Cory Choma\"}]},{\"@type\":\"WebSite\",\"@id\":\"https:\/\/physiotherapy.ca\/#website\",\"url\":\"https:\/\/physiotherapy.ca\/\",\"name\":\"Canadian Physiotherapy Association\",\"description\":\"The Canadian Physiotherapy Association (CPA) represents over 16,000 physiotherapy professionals and students across Canada.\",\"potentialAction\":[{\"@type\":\"SearchAction\",\"target\":{\"@type\":\"EntryPoint\",\"urlTemplate\":\"https:\/\/physiotherapy.ca\/?s={search_term_string}\"},\"query-input\":{\"@type\":\"PropertyValueSpecification\",\"valueRequired\":true,\"valueName\":\"search_term_string\"}}],\"inLanguage\":\"fr-FR\"}]}<\/script>\n<!-- \/ Yoast SEO plugin. -->","yoast_head_json":{"title":"Cory Choma - Canadian Physiotherapy Association","robots":{"index":"index","follow":"follow","max-snippet":"max-snippet:-1","max-image-preview":"max-image-preview:large","max-video-preview":"max-video-preview:-1"},"canonical":"https:\/\/physiotherapy.ca\/fr\/cory-choma\/","og_locale":"fr_FR","og_type":"article","og_title":"Cory Choma - Canadian Physiotherapy Association","og_description":"Nombre d\u2019ann\u00e9es de pratique dans ce domaine&nbsp;: 16 Secteurs d\u2019int\u00e9r\u00eat professionnel&nbsp;: Douleur neuropathique de longue date Loisirs&nbsp;: Entra\u00eeneur de saut \u00e0 la perche \u00e0 l\u2019Universit\u00e9 de l\u2019Alberta Que trouvez-vous le plus satisfaisant dans le programme de sp\u00e9cialit\u00e9? J\u2019\u00e9tais tr\u00e8s content [&hellip;]","og_url":"https:\/\/physiotherapy.ca\/fr\/cory-choma\/","og_site_name":"Canadian Physiotherapy Association","article_modified_time":"2022-08-08T20:24:51+00:00","og_image":[{"url":"https:\/\/physiotherapy.ca\/app\/uploads\/2022\/08\/corychoma.jpg","type":"","width":"","height":""}],"twitter_card":"summary_large_image","twitter_misc":{"Est. reading time":"6 minutes"},"schema":{"@context":"https:\/\/schema.org","@graph":[{"@type":"WebPage","@id":"https:\/\/physiotherapy.ca\/fr\/cory-choma\/","url":"https:\/\/physiotherapy.ca\/fr\/cory-choma\/","name":"Cory Choma - Canadian Physiotherapy Association","isPartOf":{"@id":"https:\/\/physiotherapy.ca\/#website"},"primaryImageOfPage":{"@id":"https:\/\/physiotherapy.ca\/fr\/cory-choma\/#primaryimage"},"image":{"@id":"https:\/\/physiotherapy.ca\/fr\/cory-choma\/#primaryimage"},"thumbnailUrl":"https:\/\/physiotherapy.ca\/app\/uploads\/2022\/08\/corychoma.jpg","datePublished":"2022-08-08T20:24:50+00:00","dateModified":"2022-08-08T20:24:51+00:00","breadcrumb":{"@id":"https:\/\/physiotherapy.ca\/fr\/cory-choma\/#breadcrumb"},"inLanguage":"fr-FR","potentialAction":[{"@type":"ReadAction","target":["https:\/\/physiotherapy.ca\/fr\/cory-choma\/"]}]},{"@type":"ImageObject","inLanguage":"fr-FR","@id":"https:\/\/physiotherapy.ca\/fr\/cory-choma\/#primaryimage","url":"https:\/\/physiotherapy.ca\/app\/uploads\/2022\/08\/corychoma.jpg","contentUrl":"https:\/\/physiotherapy.ca\/app\/uploads\/2022\/08\/corychoma.jpg"},{"@type":"BreadcrumbList","@id":"https:\/\/physiotherapy.ca\/fr\/cory-choma\/#breadcrumb","itemListElement":[{"@type":"ListItem","position":1,"name":"Home","item":"https:\/\/physiotherapy.ca\/fr\/"},{"@type":"ListItem","position":2,"name":"Cory Choma"}]},{"@type":"WebSite","@id":"https:\/\/physiotherapy.ca\/#website","url":"https:\/\/physiotherapy.ca\/","name":"Canadian Physiotherapy Association","description":"The Canadian Physiotherapy Association (CPA) represents over 16,000 physiotherapy professionals and students across Canada.","potentialAction":[{"@type":"SearchAction","target":{"@type":"EntryPoint","urlTemplate":"https:\/\/physiotherapy.ca\/?s={search_term_string}"},"query-input":{"@type":"PropertyValueSpecification","valueRequired":true,"valueName":"search_term_string"}}],"inLanguage":"fr-FR"}]}},"_links":{"self":[{"href":"https:\/\/physiotherapy.ca\/fr\/wp-json\/wp\/v2\/pages\/6466","targetHints":{"allow":["GET"]}}],"collection":[{"href":"https:\/\/physiotherapy.ca\/fr\/wp-json\/wp\/v2\/pages"}],"about":[{"href":"https:\/\/physiotherapy.ca\/fr\/wp-json\/wp\/v2\/types\/page"}],"author":[{"embeddable":true,"href":"https:\/\/physiotherapy.ca\/fr\/wp-json\/wp\/v2\/users\/1"}],"replies":[{"embeddable":true,"href":"https:\/\/physiotherapy.ca\/fr\/wp-json\/wp\/v2\/comments?post=6466"}],"version-history":[{"count":2,"href":"https:\/\/physiotherapy.ca\/fr\/wp-json\/wp\/v2\/pages\/6466\/revisions"}],"predecessor-version":[{"id":6468,"href":"https:\/\/physiotherapy.ca\/fr\/wp-json\/wp\/v2\/pages\/6466\/revisions\/6468"}],"wp:attachment":[{"href":"https:\/\/physiotherapy.ca\/fr\/wp-json\/wp\/v2\/media?parent=6466"}],"wp:term":[{"taxonomy":"topic","embeddable":true,"href":"https:\/\/physiotherapy.ca\/fr\/wp-json\/wp\/v2\/topic?post=6466"}],"curies":[{"name":"wp","href":"https:\/\/api.w.org\/{rel}","templated":true}]}}