{"id":6470,"date":"2022-08-08T16:27:17","date_gmt":"2022-08-08T20:27:17","guid":{"rendered":"https:\/\/physiotherapy.ca\/?page_id=6470"},"modified":"2022-08-08T16:27:18","modified_gmt":"2022-08-08T20:27:18","slug":"dominique-gilbert","status":"publish","type":"page","link":"https:\/\/physiotherapy.ca\/fr\/dominique-gilbert\/","title":{"rendered":"Dominique Gilbert"},"content":{"rendered":"\n<div class=\"wp-block-media-text is-stacked-on-mobile is-vertically-aligned-top\" style=\"grid-template-columns:36% auto\"><figure class=\"wp-block-media-text__media\"><img loading=\"lazy\" decoding=\"async\" width=\"392\" height=\"363\" src=\"https:\/\/physiotherapy.ca\/app\/uploads\/2022\/08\/dg.jpg\" alt=\"\" class=\"wp-image-6042 size-full\" srcset=\"https:\/\/physiotherapy.ca\/app\/uploads\/2022\/08\/dg.jpg 392w, https:\/\/physiotherapy.ca\/app\/uploads\/2022\/08\/dg-300x278.jpg 300w, https:\/\/physiotherapy.ca\/app\/uploads\/2022\/08\/dg-216x200.jpg 216w\" sizes=\"auto, (max-width: 392px) 100vw, 392px\" \/><\/figure><div class=\"wp-block-media-text__content\">\n<p><strong>Domaine de sp\u00e9cialit\u00e9 clinique:<\/strong>&nbsp;Science de la douleur<\/p>\n\n\n\n<p><strong>Ann\u00e9e d\u2019obtention du dipl\u00f4me:&nbsp;<\/strong>1984 (B.Sc. Physioth\u00e9rapie) 2015 (M.Sc.)<\/p>\n\n\n\n<p><strong>Domaines d\u2019int\u00e9r\u00eat professionnel:&nbsp;<\/strong>R\u00e9adaptation fonctionnelle; gestion de la douleur chronique; manifestations psychosomatiques et gestion; \u00e9valuations m\u00e9dico-l\u00e9gales<\/p>\n\n\n\n<p><strong>Passe-temps<\/strong>&nbsp;: Mes passe-temps sont le sport (ski, volleyball, natation, conditionnement physique) et les voyages (principalement en Europe, en Australie et en Am\u00e9rique du Nord).<\/p>\n<\/div><\/div>\n\n\n\n<div style=\"height:27px\" aria-hidden=\"true\" class=\"wp-block-spacer\"><\/div>\n\n\n\n<p><strong>Qu\u2019est-ce que vous avez trouv\u00e9 le plus enrichissant au sujet du programme de sp\u00e9cialit\u00e9?<\/strong><\/p>\n\n\n\n<p>Le programme de sp\u00e9cialisation de l\u2019ACP a \u00e9t\u00e9 offert \u00e0 un moment o\u00f9 je souhaitais revoir ma pratique. Je me consid\u00e9rais comme une sp\u00e9cialiste de la douleur, comme tous les autres cliniciens. En r\u00e9digeant les r\u00e9flexions cliniques et les discussions ax\u00e9es sur des cas, j\u2019ai pu clarifier pour moi-m\u00eame l\u2019importance de la physioth\u00e9rapie dans la gestion de la douleur persistante et invalidante. Il m\u2019est apparu clair que la litt\u00e9rature scientifique appuyait la strat\u00e9gie de traitement que je privil\u00e9giais, et que le traitement diff\u00e9rait de celui utilis\u00e9 dans d\u2019autres sp\u00e9cialit\u00e9s. J\u2019ai finalement pu comprendre dans quelle mesure ma pratique diff\u00e9rait de la m\u00e9decine sportive ou de l\u2019orthop\u00e9die, parce que je devais prendre le temps de r\u00e9diger mes pens\u00e9es et de d\u00e9fendre mes points de vue devant l\u2019\u00e9quipe d\u2019\u00e9valuation, documents \u00e0 l\u2019appui.<\/p>\n\n\n\n<p><strong>Pourquoi vous \u00eates-vous inscrite au programme?<\/strong><\/p>\n\n\n\n<p>Je savais que de nombreux autres physioth\u00e9rapeutes traitaient tous leurs patients au moyen de techniques et de programmes d\u2019exercices ax\u00e9s sur les phases aigu\u00ebs et subaigu\u00ebs de la gu\u00e9rison. Par contre, ils refusaient de consid\u00e9rer les patients atteints de douleurs chroniques comme un type de client\u00e8le diff\u00e9rent, n\u00e9cessitant une strat\u00e9gie de traitement distincte; c&#8217;est pourquoi les tiers payeurs et les m\u00e9decins d\u00e9ploraient souvent l&#8217;inefficacit\u00e9 des traitements de physioth\u00e9rapie dans la gestion des patients atteints de douleurs chroniques. Cette situation me frustrait, mais j\u2019avais de la difficult\u00e9 \u00e0 exprimer mes id\u00e9es et mes opinions sur la gestion de la douleur. Le processus de sp\u00e9cialisation m\u2019offrait une occasion d\u2019exprimer ces id\u00e9es et ces opinions de mani\u00e8re plus efficace.<\/p>\n\n\n\n<p><strong>Vers quoi esp\u00e9rez-vous que la profession aura \u00e9volu\u00e9 d\u2019ici 25&nbsp;ans?<\/strong><\/p>\n\n\n\n<p>J\u2019esp\u00e8re que les physioth\u00e9rapeutes pourront \u00e9valuer et traiter les patients de mani\u00e8re globale, c\u2019est-\u00e0-dire en tenant compte des gains primaires et secondaires ainsi que de la compr\u00e9hension et des croyances du patient, et en int\u00e9grant la pathophysiologie et les manifestations psychosomatiques \u00e0 leur \u00e9valuation clinique.<\/p>\n\n\n\n<p><strong>Selon vous, quelles r\u00e9percussions la sp\u00e9cialisation aura-t-elle sur votre domaine de sp\u00e9cialit\u00e9?<\/strong><\/p>\n\n\n\n<p>Notre pratique est tr\u00e8s diff\u00e9rente de celle de l\u2019orthop\u00e9die, de la neurologie ou de la m\u00e9decine sportive, par exemple. Nous adoptons une approche diff\u00e9rente relative au patient et au plan de traitement, et nous nous r\u00e9jouissons que cela soit reconnu par notre organisation nationale. Cette reconnaissance pourrait aussi contribuer \u00e0 am\u00e9liorer notre cr\u00e9dibilit\u00e9 professionnelle aupr\u00e8s des organismes juridiques et gouvernementaux, afin de les inciter \u00e0 nous consulter.<\/p>\n\n\n\n<p><strong>Quelle est la valeur du programme de sp\u00e9cialit\u00e9 pour les candidats?<\/strong><\/p>\n\n\n\n<p>Le programme de sp\u00e9cialisation est un cheminement de d\u00e9couverte de soi pour le physioth\u00e9rapeute suffisamment d\u00e9termin\u00e9 pour participer \u00e0 l\u2019\u00e9valuation. Il s\u2019agit d\u2019une occasion de r\u00e9fl\u00e9chir \u00e0 notre pratique, ce que nous ne prenons normalement pas le temps de faire, car la vie suit son cours et nous avons d\u2019autres priorit\u00e9s. Un autre aspect utile est qu\u2019en s\u2019expliquant aux autres, \u00e0 un niveau clinique avanc\u00e9, le clinicien doit int\u00e9grer l\u2019information de sources multiples, parvenir \u00e0 la r\u00e9cup\u00e9rer et l\u2019organiser d\u2019une mani\u00e8re qui n\u00e9cessite une compr\u00e9hension approfondie de cette information. Cet exercice ne peut qu\u2019am\u00e9liorer la pratique clinique du candidat. Il favorise \u00e9galement un sentiment d\u2019accomplissement et de confiance qui devient \u00e9vident pour les autres, qu\u2019il s\u2019agisse des patients ou des pairs.<\/p>\n\n\n\n<p><strong>Avez-vous eu recours \u00e0 votre r\u00e9seau de sp\u00e9cialistes et, le cas \u00e9ch\u00e9ant, comment?<\/strong><\/p>\n\n\n\n<p>Je suis toujours heureuse de rencontrer Janet&nbsp;Holly et Michael&nbsp;Sangster ou de discuter avec eux. Ils me poussent \u00e0 r\u00e9fl\u00e9chir hors du cadre de ma zone de confort. Cependant, nous avons eu trop peu de ces discussions en raison de la distance et de nos horaires.&nbsp;<\/p>\n\n\n\n<p><strong>Quels \u00e9l\u00e9ments importants les personnes souhaitant participer au programme de sp\u00e9cialit\u00e9 devraient-elles consid\u00e9rer?<\/strong><\/p>\n\n\n\n<p>Le processus d\u2019\u00e9valuation est long et exigeant. Lorsqu\u2019on y r\u00e9fl\u00e9chit, il est facile de trouver des excuses pour ne pas y participer, mais une fois que nous sommes lanc\u00e9s, la n\u00e9cessit\u00e9 de s\u2019expliquer aux autres et de clarifier ou de justifier nos choix de traitement stimule les r\u00e9flexions qui font progresser notre pratique \u00e0 un autre niveau. C\u2019est ce qui nous donne l\u2019\u00e9nergie n\u00e9cessaire pour traverser toutes les \u00e9tapes du processus avec succ\u00e8s. La pr\u00e9paration de la demande et le processus d\u2019\u00e9valuation prendront au moins trois mois.<\/p>\n\n\n\n<p><strong>Quelles nouvelles comp\u00e9tences avez-vous acquises, ou quelles comp\u00e9tences avez-vous am\u00e9lior\u00e9es, gr\u00e2ce \u00e0 ce processus de sp\u00e9cialisation?<\/strong><\/p>\n\n\n\n<p>Le processus d\u2019\u00e9valuation m\u2019a permis de confirmer que ma strat\u00e9gie de traitement des pathologies musculosquelettiques chroniques est la plus efficace.<\/p>\n\n\n\n<p><strong>Quels conseils donneriez-vous aux candidats qui participent au processus de sp\u00e9cialisation?<\/strong><\/p>\n\n\n\n<p><strong>Soyez humble<\/strong>&nbsp;: il n\u2019est jamais tr\u00e8s plaisant de se soumettre \u00e0 une \u00e9valuation de son rendement. C\u2019est en gardant l\u2019esprit ouvert que parviendrez \u00e0 vous am\u00e9liorer.<\/p>\n\n\n\n<p><strong>Soyez patient<\/strong>&nbsp;: le processus d\u2019\u00e9valuation est long et exigeant.&nbsp;<\/p>\n\n\n\n<p><strong>Soyez rigoureux<\/strong>&nbsp;: ne vous attendez pas \u00e0 r\u00e9ussir gr\u00e2ce \u00e0 votre r\u00e9putation ou \u00e0 vos publications. Vous devrez pr\u00e9senter des documents appuyant vos conclusions ou vos d\u00e9clarations et clarifier vos choix de traitement en les fondant sur des documents scientifiques.<\/p>\n\n\n\n<p><strong>Quelles r\u00e9percussions la d\u00e9signation de sp\u00e9cialisation a-t-elle eues sur vous et sur votre carri\u00e8re?<\/strong><\/p>\n\n\n\n<p>Elle m\u2019a donn\u00e9 la confiance n\u00e9cessaire pour pr\u00e9senter ma candidature \u00e0 la Soci\u00e9t\u00e9 des experts en \u00e9valuation m\u00e9dico-l\u00e9gale du Qu\u00e9bec (SEEMLQ), un groupe principalement form\u00e9 de m\u00e9decins sp\u00e9cialistes (MD et PhD) dans le domaine m\u00e9dico-l\u00e9gal. Ma candidature a \u00e9t\u00e9 accept\u00e9e et je suis la premi\u00e8re physioth\u00e9rapeute membre de la SEEMLQ.<\/p>\n\n\n\n<p><strong>Courriel&nbsp;<\/strong>:&nbsp;<a href=\"mailto:dominique.gilbert@nociclinique.ca\">dominique.gilbert@nociclinique.ca<\/a><\/p>\n\n\n\n<p><strong>En ligne<\/strong>&nbsp;:&nbsp;<a href=\"http:\/\/www.nociclinique.ca\/\">www.nociclinique.ca<\/a><\/p>\n","protected":false},"excerpt":{"rendered":"<p>Domaine de sp\u00e9cialit\u00e9 clinique:&nbsp;Science de la douleur Ann\u00e9e d\u2019obtention du dipl\u00f4me:&nbsp;1984 (B.Sc. Physioth\u00e9rapie) 2015 (M.Sc.) Domaines d\u2019int\u00e9r\u00eat professionnel:&nbsp;R\u00e9adaptation fonctionnelle; gestion de la douleur chronique; manifestations psychosomatiques et gestion; \u00e9valuations m\u00e9dico-l\u00e9gales Passe-temps&nbsp;: Mes passe-temps sont le sport (ski, volleyball, natation, conditionnement [&hellip;]<\/p>\n","protected":false},"author":1,"featured_media":0,"parent":0,"menu_order":0,"comment_status":"closed","ping_status":"closed","template":"","meta":{"inline_featured_image":false,"ep_exclude_from_search":false,"footnotes":""},"topic":[],"class_list":["post-6470","page","type-page","status-publish","hentry"],"acf":[],"yoast_head":"<!-- This site is optimized with the Yoast SEO plugin v24.7 - https:\/\/yoast.com\/wordpress\/plugins\/seo\/ -->\n<title>Dominique Gilbert - Canadian Physiotherapy Association<\/title>\n<meta name=\"robots\" content=\"index, follow, max-snippet:-1, max-image-preview:large, max-video-preview:-1\" \/>\n<link rel=\"canonical\" href=\"https:\/\/physiotherapy.ca\/fr\/dominique-gilbert\/\" \/>\n<meta property=\"og:locale\" content=\"fr_FR\" \/>\n<meta property=\"og:type\" content=\"article\" \/>\n<meta property=\"og:title\" content=\"Dominique Gilbert - Canadian Physiotherapy Association\" \/>\n<meta property=\"og:description\" content=\"Domaine de sp\u00e9cialit\u00e9 clinique:&nbsp;Science de la douleur Ann\u00e9e d\u2019obtention du dipl\u00f4me:&nbsp;1984 (B.Sc. Physioth\u00e9rapie) 2015 (M.Sc.) Domaines d\u2019int\u00e9r\u00eat professionnel:&nbsp;R\u00e9adaptation fonctionnelle; gestion de la douleur chronique; manifestations psychosomatiques et gestion; \u00e9valuations m\u00e9dico-l\u00e9gales Passe-temps&nbsp;: Mes passe-temps sont le sport (ski, volleyball, natation, conditionnement [&hellip;]\" \/>\n<meta property=\"og:url\" content=\"https:\/\/physiotherapy.ca\/fr\/dominique-gilbert\/\" \/>\n<meta property=\"og:site_name\" content=\"Canadian Physiotherapy Association\" \/>\n<meta property=\"article:modified_time\" content=\"2022-08-08T20:27:18+00:00\" \/>\n<meta property=\"og:image\" content=\"https:\/\/physiotherapy.ca\/app\/uploads\/2022\/08\/dg.jpg\" \/>\n<meta name=\"twitter:card\" content=\"summary_large_image\" \/>\n<meta name=\"twitter:label1\" content=\"Est. reading time\" \/>\n\t<meta name=\"twitter:data1\" content=\"5 minutes\" \/>\n<script type=\"application\/ld+json\" class=\"yoast-schema-graph\">{\"@context\":\"https:\/\/schema.org\",\"@graph\":[{\"@type\":\"WebPage\",\"@id\":\"https:\/\/physiotherapy.ca\/fr\/dominique-gilbert\/\",\"url\":\"https:\/\/physiotherapy.ca\/fr\/dominique-gilbert\/\",\"name\":\"Dominique Gilbert - Canadian Physiotherapy Association\",\"isPartOf\":{\"@id\":\"https:\/\/physiotherapy.ca\/#website\"},\"primaryImageOfPage\":{\"@id\":\"https:\/\/physiotherapy.ca\/fr\/dominique-gilbert\/#primaryimage\"},\"image\":{\"@id\":\"https:\/\/physiotherapy.ca\/fr\/dominique-gilbert\/#primaryimage\"},\"thumbnailUrl\":\"https:\/\/physiotherapy.ca\/app\/uploads\/2022\/08\/dg.jpg\",\"datePublished\":\"2022-08-08T20:27:17+00:00\",\"dateModified\":\"2022-08-08T20:27:18+00:00\",\"breadcrumb\":{\"@id\":\"https:\/\/physiotherapy.ca\/fr\/dominique-gilbert\/#breadcrumb\"},\"inLanguage\":\"fr-FR\",\"potentialAction\":[{\"@type\":\"ReadAction\",\"target\":[\"https:\/\/physiotherapy.ca\/fr\/dominique-gilbert\/\"]}]},{\"@type\":\"ImageObject\",\"inLanguage\":\"fr-FR\",\"@id\":\"https:\/\/physiotherapy.ca\/fr\/dominique-gilbert\/#primaryimage\",\"url\":\"https:\/\/physiotherapy.ca\/app\/uploads\/2022\/08\/dg.jpg\",\"contentUrl\":\"https:\/\/physiotherapy.ca\/app\/uploads\/2022\/08\/dg.jpg\"},{\"@type\":\"BreadcrumbList\",\"@id\":\"https:\/\/physiotherapy.ca\/fr\/dominique-gilbert\/#breadcrumb\",\"itemListElement\":[{\"@type\":\"ListItem\",\"position\":1,\"name\":\"Home\",\"item\":\"https:\/\/physiotherapy.ca\/fr\/\"},{\"@type\":\"ListItem\",\"position\":2,\"name\":\"Dominique Gilbert\"}]},{\"@type\":\"WebSite\",\"@id\":\"https:\/\/physiotherapy.ca\/#website\",\"url\":\"https:\/\/physiotherapy.ca\/\",\"name\":\"Canadian Physiotherapy Association\",\"description\":\"The Canadian Physiotherapy Association (CPA) represents over 16,000 physiotherapy professionals and students across Canada.\",\"potentialAction\":[{\"@type\":\"SearchAction\",\"target\":{\"@type\":\"EntryPoint\",\"urlTemplate\":\"https:\/\/physiotherapy.ca\/?s={search_term_string}\"},\"query-input\":{\"@type\":\"PropertyValueSpecification\",\"valueRequired\":true,\"valueName\":\"search_term_string\"}}],\"inLanguage\":\"fr-FR\"}]}<\/script>\n<!-- \/ Yoast SEO plugin. -->","yoast_head_json":{"title":"Dominique Gilbert - Canadian Physiotherapy Association","robots":{"index":"index","follow":"follow","max-snippet":"max-snippet:-1","max-image-preview":"max-image-preview:large","max-video-preview":"max-video-preview:-1"},"canonical":"https:\/\/physiotherapy.ca\/fr\/dominique-gilbert\/","og_locale":"fr_FR","og_type":"article","og_title":"Dominique Gilbert - Canadian Physiotherapy Association","og_description":"Domaine de sp\u00e9cialit\u00e9 clinique:&nbsp;Science de la douleur Ann\u00e9e d\u2019obtention du dipl\u00f4me:&nbsp;1984 (B.Sc. Physioth\u00e9rapie) 2015 (M.Sc.) Domaines d\u2019int\u00e9r\u00eat professionnel:&nbsp;R\u00e9adaptation fonctionnelle; gestion de la douleur chronique; manifestations psychosomatiques et gestion; \u00e9valuations m\u00e9dico-l\u00e9gales Passe-temps&nbsp;: Mes passe-temps sont le sport (ski, volleyball, natation, conditionnement [&hellip;]","og_url":"https:\/\/physiotherapy.ca\/fr\/dominique-gilbert\/","og_site_name":"Canadian Physiotherapy Association","article_modified_time":"2022-08-08T20:27:18+00:00","og_image":[{"url":"https:\/\/physiotherapy.ca\/app\/uploads\/2022\/08\/dg.jpg","type":"","width":"","height":""}],"twitter_card":"summary_large_image","twitter_misc":{"Est. reading time":"5 minutes"},"schema":{"@context":"https:\/\/schema.org","@graph":[{"@type":"WebPage","@id":"https:\/\/physiotherapy.ca\/fr\/dominique-gilbert\/","url":"https:\/\/physiotherapy.ca\/fr\/dominique-gilbert\/","name":"Dominique Gilbert - Canadian Physiotherapy Association","isPartOf":{"@id":"https:\/\/physiotherapy.ca\/#website"},"primaryImageOfPage":{"@id":"https:\/\/physiotherapy.ca\/fr\/dominique-gilbert\/#primaryimage"},"image":{"@id":"https:\/\/physiotherapy.ca\/fr\/dominique-gilbert\/#primaryimage"},"thumbnailUrl":"https:\/\/physiotherapy.ca\/app\/uploads\/2022\/08\/dg.jpg","datePublished":"2022-08-08T20:27:17+00:00","dateModified":"2022-08-08T20:27:18+00:00","breadcrumb":{"@id":"https:\/\/physiotherapy.ca\/fr\/dominique-gilbert\/#breadcrumb"},"inLanguage":"fr-FR","potentialAction":[{"@type":"ReadAction","target":["https:\/\/physiotherapy.ca\/fr\/dominique-gilbert\/"]}]},{"@type":"ImageObject","inLanguage":"fr-FR","@id":"https:\/\/physiotherapy.ca\/fr\/dominique-gilbert\/#primaryimage","url":"https:\/\/physiotherapy.ca\/app\/uploads\/2022\/08\/dg.jpg","contentUrl":"https:\/\/physiotherapy.ca\/app\/uploads\/2022\/08\/dg.jpg"},{"@type":"BreadcrumbList","@id":"https:\/\/physiotherapy.ca\/fr\/dominique-gilbert\/#breadcrumb","itemListElement":[{"@type":"ListItem","position":1,"name":"Home","item":"https:\/\/physiotherapy.ca\/fr\/"},{"@type":"ListItem","position":2,"name":"Dominique Gilbert"}]},{"@type":"WebSite","@id":"https:\/\/physiotherapy.ca\/#website","url":"https:\/\/physiotherapy.ca\/","name":"Canadian Physiotherapy Association","description":"The Canadian Physiotherapy Association (CPA) represents over 16,000 physiotherapy professionals and students across Canada.","potentialAction":[{"@type":"SearchAction","target":{"@type":"EntryPoint","urlTemplate":"https:\/\/physiotherapy.ca\/?s={search_term_string}"},"query-input":{"@type":"PropertyValueSpecification","valueRequired":true,"valueName":"search_term_string"}}],"inLanguage":"fr-FR"}]}},"_links":{"self":[{"href":"https:\/\/physiotherapy.ca\/fr\/wp-json\/wp\/v2\/pages\/6470","targetHints":{"allow":["GET"]}}],"collection":[{"href":"https:\/\/physiotherapy.ca\/fr\/wp-json\/wp\/v2\/pages"}],"about":[{"href":"https:\/\/physiotherapy.ca\/fr\/wp-json\/wp\/v2\/types\/page"}],"author":[{"embeddable":true,"href":"https:\/\/physiotherapy.ca\/fr\/wp-json\/wp\/v2\/users\/1"}],"replies":[{"embeddable":true,"href":"https:\/\/physiotherapy.ca\/fr\/wp-json\/wp\/v2\/comments?post=6470"}],"version-history":[{"count":2,"href":"https:\/\/physiotherapy.ca\/fr\/wp-json\/wp\/v2\/pages\/6470\/revisions"}],"predecessor-version":[{"id":6472,"href":"https:\/\/physiotherapy.ca\/fr\/wp-json\/wp\/v2\/pages\/6470\/revisions\/6472"}],"wp:attachment":[{"href":"https:\/\/physiotherapy.ca\/fr\/wp-json\/wp\/v2\/media?parent=6470"}],"wp:term":[{"taxonomy":"topic","embeddable":true,"href":"https:\/\/physiotherapy.ca\/fr\/wp-json\/wp\/v2\/topic?post=6470"}],"curies":[{"name":"wp","href":"https:\/\/api.w.org\/{rel}","templated":true}]}}