{"id":6474,"date":"2022-08-08T16:29:20","date_gmt":"2022-08-08T20:29:20","guid":{"rendered":"https:\/\/physiotherapy.ca\/?page_id=6474"},"modified":"2022-08-08T16:29:21","modified_gmt":"2022-08-08T20:29:21","slug":"janet-holly","status":"publish","type":"page","link":"https:\/\/physiotherapy.ca\/fr\/janet-holly\/","title":{"rendered":"Janet Holly"},"content":{"rendered":"\n<div class=\"wp-block-media-text is-stacked-on-mobile is-vertically-aligned-top\" style=\"grid-template-columns:40% auto\"><figure class=\"wp-block-media-text__media\"><img loading=\"lazy\" decoding=\"async\" width=\"1024\" height=\"768\" src=\"https:\/\/physiotherapy.ca\/app\/uploads\/2022\/08\/janet_holly_updated-1024x768.png\" alt=\"\" class=\"wp-image-6047 size-full\" srcset=\"https:\/\/physiotherapy.ca\/app\/uploads\/2022\/08\/janet_holly_updated-1024x768.png 1024w, https:\/\/physiotherapy.ca\/app\/uploads\/2022\/08\/janet_holly_updated-600x450.png 600w, https:\/\/physiotherapy.ca\/app\/uploads\/2022\/08\/janet_holly_updated-300x225.png 300w, https:\/\/physiotherapy.ca\/app\/uploads\/2022\/08\/janet_holly_updated-768x576.png 768w, https:\/\/physiotherapy.ca\/app\/uploads\/2022\/08\/janet_holly_updated-1536x1152.png 1536w, https:\/\/physiotherapy.ca\/app\/uploads\/2022\/08\/janet_holly_updated-267x200.png 267w, https:\/\/physiotherapy.ca\/app\/uploads\/2022\/08\/janet_holly_updated.png 2048w\" sizes=\"auto, (max-width: 1024px) 100vw, 1024px\" \/><\/figure><div class=\"wp-block-media-text__content\">\n<p><strong>Domaine de sp\u00e9cialit\u00e9 clinique:&nbsp;<\/strong>Science de la douleur<\/p>\n\n\n\n<p><strong>Ann\u00e9e d\u2019obtention du dipl\u00f4me:&nbsp;<\/strong>Dipl\u00f4me universitaire en B.Sc. Sant\u00e9 Physioth\u00e9rapie &#8211;&nbsp;1991; Sp\u00e9cialisation de l\u2019ACP &#8211;&nbsp;2012&nbsp;<\/p>\n\n\n\n<p><strong>Nombre d\u2019ann\u00e9es de pratique dans ce domaine:&nbsp;<\/strong>27<\/p>\n\n\n\n<p><strong>Secteurs d\u2019int\u00e9r\u00eat\u00a0:\u00a0<\/strong>M\u00eame si ma pratique englobe tous les domaines de la douleur persistante et complexe, j\u2019ai une passion particuli\u00e8re pour le syndrome douloureux r\u00e9gional complexe (SDRC). <\/p>\n<\/div><\/div>\n\n\n\n<div style=\"height:26px\" aria-hidden=\"true\" class=\"wp-block-spacer\"><\/div>\n\n\n\n<p>Sur le plan clinique, j\u2019utilise la r\u00e9alit\u00e9 virtuelle avec le SDRC, la douleur et la commotion de comorbidit\u00e9 et la douleur persistante avec le SSPT. Mes coll\u00e8gues et moi \u00e9tudions l\u2019efficacit\u00e9 de la r\u00e9alit\u00e9 virtuelle avec le SDRC. Nous utilisons aussi des donn\u00e9es \u00e0 grande \u00e9chelle et des recherches sur l\u2019apprentissage automatique pour adapter et maximiser les r\u00e9sultats avec l\u2019utilisation de la r\u00e9alit\u00e9 virtuelle pour les troubles neuro-v\u00e9g\u00e9tatifs.<\/p>\n\n\n\n<p><strong>Pourquoi avez-vous cherch\u00e9 \u00e0 obtenir le titre?<\/strong><\/p>\n\n\n\n<p>Le processus de sp\u00e9cialisation pousse \u00e0 la r\u00e9flexion, et j\u2019avais le sentiment que cela me permettrait de continuer \u00e0 apprendre et \u00e0 r\u00e9fl\u00e9chir sur les aspects de mon cheminement professionnel qui avaient \u00e9t\u00e9 les plus utiles ainsi que sur ceux que je devrais approfondir. C\u2019\u00e9tait \u00e9galement un d\u00e9fi, et j\u2019aime beaucoup les d\u00e9fis.<\/p>\n\n\n\n<p><strong>O\u00f9 esp\u00e9rez-vous voir la profession dans 25&nbsp;ans?<\/strong><\/p>\n\n\n\n<p>J\u2019esp\u00e8re que les physioth\u00e9rapeutes seront publiquement reconnus comme des praticiens importants, non seulement dans l\u2019am\u00e9lioration de la sant\u00e9, mais aussi dans les strat\u00e9gies de pr\u00e9vention en sant\u00e9. La profession a tant \u00e0 offrir pour l\u2019am\u00e9lioration de la sant\u00e9 des Canadiens! J\u2019esp\u00e8re \u00e9galement que la physioth\u00e9rapie sera financi\u00e8rement accessible \u00e0 tous les Canadiens. Les physioth\u00e9rapeutes deviendront des membres \u00e9minents de chaque \u00e9quipe de soins de sant\u00e9 et seront aussi connus du public que les m\u00e9decins de famille.<\/p>\n\n\n\n<p><strong>Quel est le meilleur conseil que vous ayez re\u00e7u?<\/strong><\/p>\n\n\n\n<p>\u00c9coutez TR\u00c8S attentivement ce que vos patients vous disent, aussi bien avec leurs mots qu\u2019avec leur langage non&nbsp;verbal. C\u2019est parfois dans leur r\u00e9cit que vous trouverez la solution qui vous permettra de les guider vers la gu\u00e9rison<strong>.<\/strong><\/p>\n\n\n\n<p><strong>Qu\u2019avez-vous appris gr\u00e2ce au programme?<\/strong><\/p>\n\n\n\n<p>Le processus de sp\u00e9cialisation est une fa\u00e7on extraordinaire de r\u00e9fl\u00e9chir \u00e0 sa propre pratique. Les r\u00e9flexions cliniques et les \u00e9tudes de cas permettent de r\u00e9fl\u00e9chir et de continuer \u00e0 grandir dans son domaine d\u2019int\u00e9r\u00eat. Nous prenons tr\u00e8s peu souvent le temps de vraiment r\u00e9fl\u00e9chir \u00e0 notre pratique \u2013 c\u2019est une occasion extraordinaire de le faire!<\/p>\n\n\n\n<p><strong>Biographie<\/strong><\/p>\n\n\n\n<p>Je suis physioth\u00e9rapeute principale au Centre de r\u00e9adaptation de l\u2019H\u00f4pital d\u2019Ottawa. J\u2019ai 22&nbsp;ans d\u2019exp\u00e9rience clinique et je suis \u00e9valuatrice clinique au programme d\u2019\u00e9pid\u00e9miologie clinique de l\u2019Institut de recherche de l\u2019H\u00f4pital d\u2019Ottawa. J\u2019ai obtenu un baccalaur\u00e9at en sciences de la sant\u00e9 (physioth\u00e9rapie) de l\u2019Universit\u00e9 McMaster en 1991, puis une ma\u00eetrise en r\u00e9adaptation en 2012 \u00e0 la m\u00eame universit\u00e9. J\u2019ai travaill\u00e9 dans le secteur public et le secteur priv\u00e9, et j\u2019ai eu pendant une courte p\u00e9riode mon propre cabinet de physioth\u00e9rapie. J\u2019adore enseigner et je l\u2019ai fait aupr\u00e8s de mes coll\u00e8gues et des \u00e9tudiants en physioth\u00e9rapie \u00e0 l\u2019universit\u00e9. Je m\u2019adonne actuellement \u00e0 des activit\u00e9s de recherche plus officielles et \u00e0 des activit\u00e9s de formation des pairs.&nbsp;Je suis une membre active de la division science de la douleur et je suis membre de son Conseil d\u2019administration.&nbsp;<\/p>\n\n\n\n<p><a href=\"mailto:jholly@toh.on.ca\">Jholly@toh.on.ca<\/a><\/p>\n","protected":false},"excerpt":{"rendered":"<p>Domaine de sp\u00e9cialit\u00e9 clinique:&nbsp;Science de la douleur Ann\u00e9e d\u2019obtention du dipl\u00f4me:&nbsp;Dipl\u00f4me universitaire en B.Sc. Sant\u00e9 Physioth\u00e9rapie &#8211;&nbsp;1991; Sp\u00e9cialisation de l\u2019ACP &#8211;&nbsp;2012&nbsp; Nombre d\u2019ann\u00e9es de pratique dans ce domaine:&nbsp;27 Secteurs d\u2019int\u00e9r\u00eat\u00a0:\u00a0M\u00eame si ma pratique englobe tous les domaines de la douleur [&hellip;]<\/p>\n","protected":false},"author":1,"featured_media":0,"parent":0,"menu_order":0,"comment_status":"closed","ping_status":"closed","template":"","meta":{"inline_featured_image":false,"ep_exclude_from_search":false,"footnotes":""},"topic":[],"class_list":["post-6474","page","type-page","status-publish","hentry"],"acf":[],"yoast_head":"<!-- This site is optimized with the Yoast SEO plugin v24.7 - https:\/\/yoast.com\/wordpress\/plugins\/seo\/ -->\n<title>Janet Holly - Canadian Physiotherapy Association<\/title>\n<meta name=\"robots\" content=\"index, follow, max-snippet:-1, max-image-preview:large, max-video-preview:-1\" \/>\n<link rel=\"canonical\" href=\"https:\/\/physiotherapy.ca\/fr\/janet-holly\/\" \/>\n<meta property=\"og:locale\" content=\"fr_FR\" \/>\n<meta property=\"og:type\" content=\"article\" \/>\n<meta property=\"og:title\" content=\"Janet Holly - Canadian Physiotherapy Association\" \/>\n<meta property=\"og:description\" content=\"Domaine de sp\u00e9cialit\u00e9 clinique:&nbsp;Science de la douleur Ann\u00e9e d\u2019obtention du dipl\u00f4me:&nbsp;Dipl\u00f4me universitaire en B.Sc. Sant\u00e9 Physioth\u00e9rapie &#8211;&nbsp;1991; Sp\u00e9cialisation de l\u2019ACP &#8211;&nbsp;2012&nbsp; Nombre d\u2019ann\u00e9es de pratique dans ce domaine:&nbsp;27 Secteurs d\u2019int\u00e9r\u00eat\u00a0:\u00a0M\u00eame si ma pratique englobe tous les domaines de la douleur [&hellip;]\" \/>\n<meta property=\"og:url\" content=\"https:\/\/physiotherapy.ca\/fr\/janet-holly\/\" \/>\n<meta property=\"og:site_name\" content=\"Canadian Physiotherapy Association\" \/>\n<meta property=\"article:modified_time\" content=\"2022-08-08T20:29:21+00:00\" \/>\n<meta property=\"og:image\" content=\"https:\/\/physiotherapy.ca\/app\/uploads\/2022\/08\/janet_holly_updated-1024x768.png\" \/>\n<meta name=\"twitter:card\" content=\"summary_large_image\" \/>\n<meta name=\"twitter:label1\" content=\"Est. reading time\" \/>\n\t<meta name=\"twitter:data1\" content=\"3 minutes\" \/>\n<script type=\"application\/ld+json\" class=\"yoast-schema-graph\">{\"@context\":\"https:\/\/schema.org\",\"@graph\":[{\"@type\":\"WebPage\",\"@id\":\"https:\/\/physiotherapy.ca\/fr\/janet-holly\/\",\"url\":\"https:\/\/physiotherapy.ca\/fr\/janet-holly\/\",\"name\":\"Janet Holly - Canadian Physiotherapy Association\",\"isPartOf\":{\"@id\":\"https:\/\/physiotherapy.ca\/#website\"},\"primaryImageOfPage\":{\"@id\":\"https:\/\/physiotherapy.ca\/fr\/janet-holly\/#primaryimage\"},\"image\":{\"@id\":\"https:\/\/physiotherapy.ca\/fr\/janet-holly\/#primaryimage\"},\"thumbnailUrl\":\"https:\/\/physiotherapy.ca\/app\/uploads\/2022\/08\/janet_holly_updated-1024x768.png\",\"datePublished\":\"2022-08-08T20:29:20+00:00\",\"dateModified\":\"2022-08-08T20:29:21+00:00\",\"breadcrumb\":{\"@id\":\"https:\/\/physiotherapy.ca\/fr\/janet-holly\/#breadcrumb\"},\"inLanguage\":\"fr-FR\",\"potentialAction\":[{\"@type\":\"ReadAction\",\"target\":[\"https:\/\/physiotherapy.ca\/fr\/janet-holly\/\"]}]},{\"@type\":\"ImageObject\",\"inLanguage\":\"fr-FR\",\"@id\":\"https:\/\/physiotherapy.ca\/fr\/janet-holly\/#primaryimage\",\"url\":\"https:\/\/physiotherapy.ca\/app\/uploads\/2022\/08\/janet_holly_updated-1024x768.png\",\"contentUrl\":\"https:\/\/physiotherapy.ca\/app\/uploads\/2022\/08\/janet_holly_updated-1024x768.png\"},{\"@type\":\"BreadcrumbList\",\"@id\":\"https:\/\/physiotherapy.ca\/fr\/janet-holly\/#breadcrumb\",\"itemListElement\":[{\"@type\":\"ListItem\",\"position\":1,\"name\":\"Home\",\"item\":\"https:\/\/physiotherapy.ca\/fr\/\"},{\"@type\":\"ListItem\",\"position\":2,\"name\":\"Janet Holly\"}]},{\"@type\":\"WebSite\",\"@id\":\"https:\/\/physiotherapy.ca\/#website\",\"url\":\"https:\/\/physiotherapy.ca\/\",\"name\":\"Canadian Physiotherapy Association\",\"description\":\"The Canadian Physiotherapy Association (CPA) represents over 16,000 physiotherapy professionals and students across Canada.\",\"potentialAction\":[{\"@type\":\"SearchAction\",\"target\":{\"@type\":\"EntryPoint\",\"urlTemplate\":\"https:\/\/physiotherapy.ca\/?s={search_term_string}\"},\"query-input\":{\"@type\":\"PropertyValueSpecification\",\"valueRequired\":true,\"valueName\":\"search_term_string\"}}],\"inLanguage\":\"fr-FR\"}]}<\/script>\n<!-- \/ Yoast SEO plugin. -->","yoast_head_json":{"title":"Janet Holly - Canadian Physiotherapy Association","robots":{"index":"index","follow":"follow","max-snippet":"max-snippet:-1","max-image-preview":"max-image-preview:large","max-video-preview":"max-video-preview:-1"},"canonical":"https:\/\/physiotherapy.ca\/fr\/janet-holly\/","og_locale":"fr_FR","og_type":"article","og_title":"Janet Holly - Canadian Physiotherapy Association","og_description":"Domaine de sp\u00e9cialit\u00e9 clinique:&nbsp;Science de la douleur Ann\u00e9e d\u2019obtention du dipl\u00f4me:&nbsp;Dipl\u00f4me universitaire en B.Sc. Sant\u00e9 Physioth\u00e9rapie &#8211;&nbsp;1991; Sp\u00e9cialisation de l\u2019ACP &#8211;&nbsp;2012&nbsp; Nombre d\u2019ann\u00e9es de pratique dans ce domaine:&nbsp;27 Secteurs d\u2019int\u00e9r\u00eat\u00a0:\u00a0M\u00eame si ma pratique englobe tous les domaines de la douleur [&hellip;]","og_url":"https:\/\/physiotherapy.ca\/fr\/janet-holly\/","og_site_name":"Canadian Physiotherapy Association","article_modified_time":"2022-08-08T20:29:21+00:00","og_image":[{"url":"https:\/\/physiotherapy.ca\/app\/uploads\/2022\/08\/janet_holly_updated-1024x768.png","type":"","width":"","height":""}],"twitter_card":"summary_large_image","twitter_misc":{"Est. reading time":"3 minutes"},"schema":{"@context":"https:\/\/schema.org","@graph":[{"@type":"WebPage","@id":"https:\/\/physiotherapy.ca\/fr\/janet-holly\/","url":"https:\/\/physiotherapy.ca\/fr\/janet-holly\/","name":"Janet Holly - Canadian Physiotherapy Association","isPartOf":{"@id":"https:\/\/physiotherapy.ca\/#website"},"primaryImageOfPage":{"@id":"https:\/\/physiotherapy.ca\/fr\/janet-holly\/#primaryimage"},"image":{"@id":"https:\/\/physiotherapy.ca\/fr\/janet-holly\/#primaryimage"},"thumbnailUrl":"https:\/\/physiotherapy.ca\/app\/uploads\/2022\/08\/janet_holly_updated-1024x768.png","datePublished":"2022-08-08T20:29:20+00:00","dateModified":"2022-08-08T20:29:21+00:00","breadcrumb":{"@id":"https:\/\/physiotherapy.ca\/fr\/janet-holly\/#breadcrumb"},"inLanguage":"fr-FR","potentialAction":[{"@type":"ReadAction","target":["https:\/\/physiotherapy.ca\/fr\/janet-holly\/"]}]},{"@type":"ImageObject","inLanguage":"fr-FR","@id":"https:\/\/physiotherapy.ca\/fr\/janet-holly\/#primaryimage","url":"https:\/\/physiotherapy.ca\/app\/uploads\/2022\/08\/janet_holly_updated-1024x768.png","contentUrl":"https:\/\/physiotherapy.ca\/app\/uploads\/2022\/08\/janet_holly_updated-1024x768.png"},{"@type":"BreadcrumbList","@id":"https:\/\/physiotherapy.ca\/fr\/janet-holly\/#breadcrumb","itemListElement":[{"@type":"ListItem","position":1,"name":"Home","item":"https:\/\/physiotherapy.ca\/fr\/"},{"@type":"ListItem","position":2,"name":"Janet Holly"}]},{"@type":"WebSite","@id":"https:\/\/physiotherapy.ca\/#website","url":"https:\/\/physiotherapy.ca\/","name":"Canadian Physiotherapy Association","description":"The Canadian Physiotherapy Association (CPA) represents over 16,000 physiotherapy professionals and students across Canada.","potentialAction":[{"@type":"SearchAction","target":{"@type":"EntryPoint","urlTemplate":"https:\/\/physiotherapy.ca\/?s={search_term_string}"},"query-input":{"@type":"PropertyValueSpecification","valueRequired":true,"valueName":"search_term_string"}}],"inLanguage":"fr-FR"}]}},"_links":{"self":[{"href":"https:\/\/physiotherapy.ca\/fr\/wp-json\/wp\/v2\/pages\/6474","targetHints":{"allow":["GET"]}}],"collection":[{"href":"https:\/\/physiotherapy.ca\/fr\/wp-json\/wp\/v2\/pages"}],"about":[{"href":"https:\/\/physiotherapy.ca\/fr\/wp-json\/wp\/v2\/types\/page"}],"author":[{"embeddable":true,"href":"https:\/\/physiotherapy.ca\/fr\/wp-json\/wp\/v2\/users\/1"}],"replies":[{"embeddable":true,"href":"https:\/\/physiotherapy.ca\/fr\/wp-json\/wp\/v2\/comments?post=6474"}],"version-history":[{"count":3,"href":"https:\/\/physiotherapy.ca\/fr\/wp-json\/wp\/v2\/pages\/6474\/revisions"}],"predecessor-version":[{"id":6491,"href":"https:\/\/physiotherapy.ca\/fr\/wp-json\/wp\/v2\/pages\/6474\/revisions\/6491"}],"wp:attachment":[{"href":"https:\/\/physiotherapy.ca\/fr\/wp-json\/wp\/v2\/media?parent=6474"}],"wp:term":[{"taxonomy":"topic","embeddable":true,"href":"https:\/\/physiotherapy.ca\/fr\/wp-json\/wp\/v2\/topic?post=6474"}],"curies":[{"name":"wp","href":"https:\/\/api.w.org\/{rel}","templated":true}]}}