{"id":6493,"date":"2022-08-08T16:31:41","date_gmt":"2022-08-08T20:31:41","guid":{"rendered":"https:\/\/physiotherapy.ca\/?page_id=6493"},"modified":"2022-08-08T16:31:43","modified_gmt":"2022-08-08T20:31:43","slug":"michael-sangster","status":"publish","type":"page","link":"https:\/\/physiotherapy.ca\/fr\/michael-sangster\/","title":{"rendered":"Michael Sangster"},"content":{"rendered":"\n<div class=\"wp-block-media-text is-stacked-on-mobile is-vertically-aligned-top\" style=\"grid-template-columns:27% auto\"><figure class=\"wp-block-media-text__media\"><img loading=\"lazy\" decoding=\"async\" width=\"204\" height=\"375\" src=\"https:\/\/physiotherapy.ca\/app\/uploads\/2022\/08\/mike-original.jpg\" alt=\"\" class=\"wp-image-6053 size-full\" srcset=\"https:\/\/physiotherapy.ca\/app\/uploads\/2022\/08\/mike-original.jpg 204w, https:\/\/physiotherapy.ca\/app\/uploads\/2022\/08\/mike-original-163x300.jpg 163w, https:\/\/physiotherapy.ca\/app\/uploads\/2022\/08\/mike-original-109x200.jpg 109w\" sizes=\"auto, (max-width: 204px) 100vw, 204px\" \/><\/figure><div class=\"wp-block-media-text__content\">\n<p><strong>Domaine de sp\u00e9cialit\u00e9 clinique&nbsp;:&nbsp;<\/strong>Science de la douleur<\/p>\n\n\n\n<p><strong>Nombre d\u2019ann\u00e9es de pratique dans ce domaine&nbsp;:&nbsp;<\/strong>12<\/p>\n\n\n\n<p><strong>Secteurs d\u2019int\u00e9r\u00eat professionnel&nbsp;:&nbsp;<\/strong>Douleur chez l\u2019enfant; syndrome douloureux r\u00e9gional complexe (SDRC); douleur et sant\u00e9 globale<\/p>\n\n\n\n<p><strong>Que trouvez-vous le plus satisfaisant dans le programme de sp\u00e9cialit\u00e9?<\/strong><\/p>\n\n\n\n<p>Le programme de sp\u00e9cialit\u00e9 clinique m\u2019a donn\u00e9 l\u2019occasion d\u2019\u00eatre \u00e9valu\u00e9 rigoureusement par mes pairs quant aux neuf&nbsp;comp\u00e9tences d\u2019un sp\u00e9cialiste clinique, ce qui m\u2019a pouss\u00e9 \u00e0 une introspection clinique approfondie. Si je regarde vers l\u2019avenir, le processus m\u2019a donn\u00e9 une structure qui me permet de r\u00e9fl\u00e9chir \u00e0 l\u2019\u00e9volution de ma carri\u00e8re et de cerner d\u2019autres secteurs \u00e0 am\u00e9liorer, ce qui est tr\u00e8s pr\u00e9cieux dans mon \u00e9volution comme clinicien.<\/p>\n<\/div><\/div>\n\n\n\n<div style=\"height:27px\" aria-hidden=\"true\" class=\"wp-block-spacer\"><\/div>\n\n\n\n<p><strong>Pourquoi avez-vous particip\u00e9 au programme?<\/strong><\/p>\n\n\n\n<p>J\u2019\u00e9tais \u00e0 un point de ma carri\u00e8re o\u00f9 je sentais que j\u2019avais besoin d\u2019un perfectionnement professionnel approfondi, au-del\u00e0 de la formation continue typique. De plus, le programme de sp\u00e9cialit\u00e9 clinique m\u2019a donn\u00e9 l\u2019occasion de faire reconna\u00eetre officiellement ma comp\u00e9tence dans mon domaine, ce qui \u00e9tait impossible auparavant.<\/p>\n\n\n\n<p><strong>O\u00f9 esp\u00e9rez-vous voir la profession dans 25&nbsp;ans?<\/strong><\/p>\n\n\n\n<p>Dans ma sp\u00e9cialit\u00e9, j\u2019esp\u00e8re que les physioth\u00e9rapeutes seront les fournisseurs de choix pour les interventions non&nbsp;chirurgicales et non&nbsp;pharmacologiques li\u00e9es \u00e0 la prise en charge de la douleur. Plus globalement, j\u2019esp\u00e8re que notre profession profitera du programme de sp\u00e9cialit\u00e9 clinique pour positionner la physioth\u00e9rapie comme chef de file afin de contribuer activement au d\u00e9veloppement continu de soins de sant\u00e9 durables au Canada.<\/p>\n\n\n\n<p><strong>Selon vous, quel impact aura la sp\u00e9cialisation dans votre domaine?<\/strong><\/p>\n\n\n\n<p>Le programme de sp\u00e9cialit\u00e9 clinique est une occasion de reconna\u00eetre officiellement la science de la douleur et les comp\u00e9tences cliniques avanc\u00e9es des physioth\u00e9rapeutes qui travaillent aupr\u00e8s de patients qui ressentent de la douleur. La sp\u00e9cialisation entra\u00eenera une pratique novatrice et fond\u00e9e sur les donn\u00e9es probantes dans la prise en charge de la douleur, ce qui permettra d\u2019offrir des soins de haute qualit\u00e9 \u00e0 nos clients.<\/p>\n\n\n\n<p><strong>Quelle est la valeur du programme de sp\u00e9cialit\u00e9 pour les candidats?<\/strong><\/p>\n\n\n\n<p>Le programme de sp\u00e9cialit\u00e9 constitue une \u00e9valuation officielle et rigoureuse par les pairs qui comprend une introspection approfondie. Le programme exige des candidats qu\u2019ils d\u00e9fendent leur raisonnement clinique et leurs d\u00e9cisions cliniques et qu\u2019ils remettent en question les points de vue commun\u00e9ment accept\u00e9s, ce qui ouvre des possibilit\u00e9s uniques de croissance professionnelle.<\/p>\n\n\n\n<p><strong>Avez-vous fait appel \u00e0 votre r\u00e9seau de sp\u00e9cialistes, et comment?<\/strong><\/p>\n\n\n\n<p>Le programme de sp\u00e9cialit\u00e9 clinique m\u2019a permis de constituer un r\u00e9seau d\u2019experts dans plusieurs domaines; je communique r\u00e9guli\u00e8rement avec eux pour discuter des avantages et des inconv\u00e9nients de diverses m\u00e9thodes.<\/p>\n\n\n\n<p><strong>Quels facteurs importants faut-il prendre en compte lorsqu\u2019on souhaite faire une sp\u00e9cialit\u00e9 clinique?<\/strong><\/p>\n\n\n\n<p>Le programme de sp\u00e9cialit\u00e9 clinique est rigoureux; il n\u00e9cessite une bonne dose d\u2019humilit\u00e9 et une grande capacit\u00e9 d\u2019introspection. Les candidats int\u00e9ress\u00e9s doivent se pr\u00e9parer \u00e0 se remettre en question et \u00e0 remettre en question les principes, la r\u00e9flexion clinique et l\u2019approche th\u00e9rapeutique habituels. C\u2019est cependant par ce processus qu\u2019on peut grandir comme clinicien d\u2019une fa\u00e7on que ne permettent tout simplement pas les avenues de formation traditionnelles.<\/p>\n\n\n\n<p><strong>Quelles comp\u00e9tences avez-vous acquises ou am\u00e9lior\u00e9es pendant le processus de sp\u00e9cialisation?<\/strong><\/p>\n\n\n\n<p>Le programme de sp\u00e9cialit\u00e9 clinique m\u2019a donn\u00e9 les comp\u00e9tences n\u00e9cessaires pour enrichir mon approche clinique d\u2019une capacit\u00e9 d\u2019introspection accrue. L\u2019\u00e9volution de ma r\u00e9flexion en tant que praticien, combin\u00e9e au d\u00e9sir d\u2019offrir les meilleurs soins fond\u00e9s sur les donn\u00e9es probantes, me permet de prendre de meilleures d\u00e9cisions cliniques et d\u2019obtenir de meilleurs r\u00e9sultats pour les patients et les familles.<\/p>\n\n\n\n<p><strong>Quel conseil donneriez-vous aux candidats qui s\u2019engagent dans le processus de sp\u00e9cialisation?<\/strong><\/p>\n\n\n\n<p>Apprivoisez l\u2019incertitude en m\u00e9decine et en r\u00e9adaptation. Personne n\u2019a toutes les r\u00e9ponses. Le programme de sp\u00e9cialit\u00e9 clinique n\u2019est pas facile et il exigera de vous que vous remettiez en question l\u2019orthodoxie clinique \u00e9tablie dans votre domaine. C\u2019est seulement en le faisant que vous pourrez vraiment grandir comme clinicien. Notre profession doit \u00eatre remise en question, et le programme de sp\u00e9cialit\u00e9 clinique est une excellente fa\u00e7on de le faire.<\/p>\n\n\n\n<p><strong>Quel impact a le titre de sp\u00e9cialiste sur vous et votre carri\u00e8re?<\/strong><\/p>\n\n\n\n<p>Le titre de sp\u00e9cialiste clinique m\u2019a donn\u00e9 un cadre de comp\u00e9tences qui me permet d\u2019\u00e9valuer ma pratique et d\u2019orienter mon perfectionnement professionnel. Depuis que j\u2019ai obtenu ce titre, j\u2019ai vu beaucoup plus d\u2019occasions d\u2019enseigner \u00e0 des publics de professionnels de la sant\u00e9 de divers domaines, de voyager \u00e0 l\u2019\u00e9tranger pour travailler \u00e0 des initiatives de sant\u00e9 mondiale relatives \u00e0 la douleur, de mener des recherches et de jouer un r\u00f4le de leadership dans notre syst\u00e8me de sant\u00e9 en pleine \u00e9volution.<\/p>\n\n\n\n<h3 class=\"wp-block-heading\"><strong>Biographie<\/strong><\/h3>\n\n\n\n<p>Michael Sangster poss\u00e8de un baccalaur\u00e9at de l\u2019\u00c9cole de physioth\u00e9rapie de l\u2019Universit\u00e9 Dalhousie et une ma\u00eetrise en administration des affaires de l\u2019Universit\u00e9 Saint Mary\u2019s de Halifax, en Nouvelle-\u00c9cosse. Il s\u2019int\u00e9resse principalement \u00e0 la prise en charge de la douleur et \u00e0 la sant\u00e9 mondiale. Il a une vaste exp\u00e9rience clinique; il est physioth\u00e9rapeute au sein de l\u2019\u00e9quipe des douleurs complexes et chef de la physioth\u00e9rapie au Centre de sant\u00e9 IWK. Il est aussi propri\u00e9taire de Think Healthcare. M. Sangster participe au perfectionnement clinique en faisant du mentorat, en offrant des consultations sur la pratique professionnelle et en donnant des s\u00e9minaires et des cours rigoureusement fond\u00e9s sur des donn\u00e9es probantes. Il a donn\u00e9 des formations post-professionnelles \u00e0 des m\u00e9decins, des infirmi\u00e8res, des psychologues, des physioth\u00e9rapeutes et d\u2019autres professionnels de la sant\u00e9 de toute l\u2019Am\u00e9rique du Nord, d\u2019Europe, d\u2019Asie et d\u2019Am\u00e9rique du Sud. Il est actuellement associ\u00e9 clinique auxiliaire \u00e0 l\u2019\u00c9cole de physioth\u00e9rapie de l\u2019Universit\u00e9 Dalhousie, et charg\u00e9 de cours au certificat d\u2019\u00e9tudes sup\u00e9rieures en prise en charge de la douleur chronique \u00e0 l\u2019Universit\u00e9 McGill. En plus d\u2019enseigner, Michael a contribu\u00e9 \u00e0 la r\u00e9daction du Oxford Textbook of Pediatric Pain et \u00e0 l\u2019\u00e9laboration du programme international pour la douleur de l\u2019Association internationale pour l\u2019\u00e9tude de la douleur. Michael a pr\u00e9sid\u00e9 le conseil d\u2019administration de l\u2019Ordre des physioth\u00e9rapeutes de la Nouvelle-\u00c9cosse, et est membre fondateur de la division science de la douleur de l\u2019Association canadienne de physioth\u00e9rapie.<\/p>\n\n\n\n<p>Pour maintenir l\u2019\u00e9quilibre entre son travail et sa vie personnelle, Michael consacre plusieurs heures \u00e0 son emploi principal, celui de \u00ab&nbsp;papa soccer&nbsp;\u00bb et \u00ab&nbsp;papa taxi&nbsp;\u00bb, fait du sport tous les jours et passe du temps \u00e0 la ferme familiale, \u00e0 travailler le sol.<\/p>\n\n\n\n<p><a href=\"mailto:Michael.Sangster@iwk.nshealth.ca\">Michael.Sangster@iwk.nshealth.ca<\/a><\/p>\n","protected":false},"excerpt":{"rendered":"<p>Domaine de sp\u00e9cialit\u00e9 clinique&nbsp;:&nbsp;Science de la douleur Nombre d\u2019ann\u00e9es de pratique dans ce domaine&nbsp;:&nbsp;12 Secteurs d\u2019int\u00e9r\u00eat professionnel&nbsp;:&nbsp;Douleur chez l\u2019enfant; syndrome douloureux r\u00e9gional complexe (SDRC); douleur et sant\u00e9 globale Que trouvez-vous le plus satisfaisant dans le programme de sp\u00e9cialit\u00e9? Le programme [&hellip;]<\/p>\n","protected":false},"author":1,"featured_media":0,"parent":0,"menu_order":0,"comment_status":"closed","ping_status":"closed","template":"","meta":{"inline_featured_image":false,"ep_exclude_from_search":false,"footnotes":""},"topic":[],"class_list":["post-6493","page","type-page","status-publish","hentry"],"acf":[],"yoast_head":"<!-- This site is optimized with the Yoast SEO plugin v24.7 - https:\/\/yoast.com\/wordpress\/plugins\/seo\/ -->\n<title>Michael Sangster - Canadian Physiotherapy Association<\/title>\n<meta name=\"robots\" content=\"index, follow, max-snippet:-1, max-image-preview:large, max-video-preview:-1\" \/>\n<link rel=\"canonical\" href=\"https:\/\/physiotherapy.ca\/fr\/michael-sangster\/\" \/>\n<meta property=\"og:locale\" content=\"fr_FR\" \/>\n<meta property=\"og:type\" content=\"article\" \/>\n<meta property=\"og:title\" content=\"Michael Sangster - Canadian Physiotherapy Association\" \/>\n<meta property=\"og:description\" content=\"Domaine de sp\u00e9cialit\u00e9 clinique&nbsp;:&nbsp;Science de la douleur Nombre d\u2019ann\u00e9es de pratique dans ce domaine&nbsp;:&nbsp;12 Secteurs d\u2019int\u00e9r\u00eat professionnel&nbsp;:&nbsp;Douleur chez l\u2019enfant; syndrome douloureux r\u00e9gional complexe (SDRC); douleur et sant\u00e9 globale Que trouvez-vous le plus satisfaisant dans le programme de sp\u00e9cialit\u00e9? Le programme [&hellip;]\" \/>\n<meta property=\"og:url\" content=\"https:\/\/physiotherapy.ca\/fr\/michael-sangster\/\" \/>\n<meta property=\"og:site_name\" content=\"Canadian Physiotherapy Association\" \/>\n<meta property=\"article:modified_time\" content=\"2022-08-08T20:31:43+00:00\" \/>\n<meta property=\"og:image\" content=\"https:\/\/physiotherapy.ca\/app\/uploads\/2022\/08\/mike-original.jpg\" \/>\n<meta name=\"twitter:card\" content=\"summary_large_image\" \/>\n<meta name=\"twitter:label1\" content=\"Est. reading time\" \/>\n\t<meta name=\"twitter:data1\" content=\"5 minutes\" \/>\n<script type=\"application\/ld+json\" class=\"yoast-schema-graph\">{\"@context\":\"https:\/\/schema.org\",\"@graph\":[{\"@type\":\"WebPage\",\"@id\":\"https:\/\/physiotherapy.ca\/fr\/michael-sangster\/\",\"url\":\"https:\/\/physiotherapy.ca\/fr\/michael-sangster\/\",\"name\":\"Michael Sangster - Canadian Physiotherapy Association\",\"isPartOf\":{\"@id\":\"https:\/\/physiotherapy.ca\/#website\"},\"primaryImageOfPage\":{\"@id\":\"https:\/\/physiotherapy.ca\/fr\/michael-sangster\/#primaryimage\"},\"image\":{\"@id\":\"https:\/\/physiotherapy.ca\/fr\/michael-sangster\/#primaryimage\"},\"thumbnailUrl\":\"https:\/\/physiotherapy.ca\/app\/uploads\/2022\/08\/mike-original.jpg\",\"datePublished\":\"2022-08-08T20:31:41+00:00\",\"dateModified\":\"2022-08-08T20:31:43+00:00\",\"breadcrumb\":{\"@id\":\"https:\/\/physiotherapy.ca\/fr\/michael-sangster\/#breadcrumb\"},\"inLanguage\":\"fr-FR\",\"potentialAction\":[{\"@type\":\"ReadAction\",\"target\":[\"https:\/\/physiotherapy.ca\/fr\/michael-sangster\/\"]}]},{\"@type\":\"ImageObject\",\"inLanguage\":\"fr-FR\",\"@id\":\"https:\/\/physiotherapy.ca\/fr\/michael-sangster\/#primaryimage\",\"url\":\"https:\/\/physiotherapy.ca\/app\/uploads\/2022\/08\/mike-original.jpg\",\"contentUrl\":\"https:\/\/physiotherapy.ca\/app\/uploads\/2022\/08\/mike-original.jpg\"},{\"@type\":\"BreadcrumbList\",\"@id\":\"https:\/\/physiotherapy.ca\/fr\/michael-sangster\/#breadcrumb\",\"itemListElement\":[{\"@type\":\"ListItem\",\"position\":1,\"name\":\"Home\",\"item\":\"https:\/\/physiotherapy.ca\/fr\/\"},{\"@type\":\"ListItem\",\"position\":2,\"name\":\"Michael Sangster\"}]},{\"@type\":\"WebSite\",\"@id\":\"https:\/\/physiotherapy.ca\/#website\",\"url\":\"https:\/\/physiotherapy.ca\/\",\"name\":\"Canadian Physiotherapy Association\",\"description\":\"The Canadian Physiotherapy Association (CPA) represents over 16,000 physiotherapy professionals and students across Canada.\",\"potentialAction\":[{\"@type\":\"SearchAction\",\"target\":{\"@type\":\"EntryPoint\",\"urlTemplate\":\"https:\/\/physiotherapy.ca\/?s={search_term_string}\"},\"query-input\":{\"@type\":\"PropertyValueSpecification\",\"valueRequired\":true,\"valueName\":\"search_term_string\"}}],\"inLanguage\":\"fr-FR\"}]}<\/script>\n<!-- \/ Yoast SEO plugin. -->","yoast_head_json":{"title":"Michael Sangster - Canadian Physiotherapy Association","robots":{"index":"index","follow":"follow","max-snippet":"max-snippet:-1","max-image-preview":"max-image-preview:large","max-video-preview":"max-video-preview:-1"},"canonical":"https:\/\/physiotherapy.ca\/fr\/michael-sangster\/","og_locale":"fr_FR","og_type":"article","og_title":"Michael Sangster - Canadian Physiotherapy Association","og_description":"Domaine de sp\u00e9cialit\u00e9 clinique&nbsp;:&nbsp;Science de la douleur Nombre d\u2019ann\u00e9es de pratique dans ce domaine&nbsp;:&nbsp;12 Secteurs d\u2019int\u00e9r\u00eat professionnel&nbsp;:&nbsp;Douleur chez l\u2019enfant; syndrome douloureux r\u00e9gional complexe (SDRC); douleur et sant\u00e9 globale Que trouvez-vous le plus satisfaisant dans le programme de sp\u00e9cialit\u00e9? Le programme [&hellip;]","og_url":"https:\/\/physiotherapy.ca\/fr\/michael-sangster\/","og_site_name":"Canadian Physiotherapy Association","article_modified_time":"2022-08-08T20:31:43+00:00","og_image":[{"url":"https:\/\/physiotherapy.ca\/app\/uploads\/2022\/08\/mike-original.jpg","type":"","width":"","height":""}],"twitter_card":"summary_large_image","twitter_misc":{"Est. reading time":"5 minutes"},"schema":{"@context":"https:\/\/schema.org","@graph":[{"@type":"WebPage","@id":"https:\/\/physiotherapy.ca\/fr\/michael-sangster\/","url":"https:\/\/physiotherapy.ca\/fr\/michael-sangster\/","name":"Michael Sangster - Canadian Physiotherapy Association","isPartOf":{"@id":"https:\/\/physiotherapy.ca\/#website"},"primaryImageOfPage":{"@id":"https:\/\/physiotherapy.ca\/fr\/michael-sangster\/#primaryimage"},"image":{"@id":"https:\/\/physiotherapy.ca\/fr\/michael-sangster\/#primaryimage"},"thumbnailUrl":"https:\/\/physiotherapy.ca\/app\/uploads\/2022\/08\/mike-original.jpg","datePublished":"2022-08-08T20:31:41+00:00","dateModified":"2022-08-08T20:31:43+00:00","breadcrumb":{"@id":"https:\/\/physiotherapy.ca\/fr\/michael-sangster\/#breadcrumb"},"inLanguage":"fr-FR","potentialAction":[{"@type":"ReadAction","target":["https:\/\/physiotherapy.ca\/fr\/michael-sangster\/"]}]},{"@type":"ImageObject","inLanguage":"fr-FR","@id":"https:\/\/physiotherapy.ca\/fr\/michael-sangster\/#primaryimage","url":"https:\/\/physiotherapy.ca\/app\/uploads\/2022\/08\/mike-original.jpg","contentUrl":"https:\/\/physiotherapy.ca\/app\/uploads\/2022\/08\/mike-original.jpg"},{"@type":"BreadcrumbList","@id":"https:\/\/physiotherapy.ca\/fr\/michael-sangster\/#breadcrumb","itemListElement":[{"@type":"ListItem","position":1,"name":"Home","item":"https:\/\/physiotherapy.ca\/fr\/"},{"@type":"ListItem","position":2,"name":"Michael Sangster"}]},{"@type":"WebSite","@id":"https:\/\/physiotherapy.ca\/#website","url":"https:\/\/physiotherapy.ca\/","name":"Canadian Physiotherapy Association","description":"The Canadian Physiotherapy Association (CPA) represents over 16,000 physiotherapy professionals and students across Canada.","potentialAction":[{"@type":"SearchAction","target":{"@type":"EntryPoint","urlTemplate":"https:\/\/physiotherapy.ca\/?s={search_term_string}"},"query-input":{"@type":"PropertyValueSpecification","valueRequired":true,"valueName":"search_term_string"}}],"inLanguage":"fr-FR"}]}},"_links":{"self":[{"href":"https:\/\/physiotherapy.ca\/fr\/wp-json\/wp\/v2\/pages\/6493","targetHints":{"allow":["GET"]}}],"collection":[{"href":"https:\/\/physiotherapy.ca\/fr\/wp-json\/wp\/v2\/pages"}],"about":[{"href":"https:\/\/physiotherapy.ca\/fr\/wp-json\/wp\/v2\/types\/page"}],"author":[{"embeddable":true,"href":"https:\/\/physiotherapy.ca\/fr\/wp-json\/wp\/v2\/users\/1"}],"replies":[{"embeddable":true,"href":"https:\/\/physiotherapy.ca\/fr\/wp-json\/wp\/v2\/comments?post=6493"}],"version-history":[{"count":2,"href":"https:\/\/physiotherapy.ca\/fr\/wp-json\/wp\/v2\/pages\/6493\/revisions"}],"predecessor-version":[{"id":6495,"href":"https:\/\/physiotherapy.ca\/fr\/wp-json\/wp\/v2\/pages\/6493\/revisions\/6495"}],"wp:attachment":[{"href":"https:\/\/physiotherapy.ca\/fr\/wp-json\/wp\/v2\/media?parent=6493"}],"wp:term":[{"taxonomy":"topic","embeddable":true,"href":"https:\/\/physiotherapy.ca\/fr\/wp-json\/wp\/v2\/topic?post=6493"}],"curies":[{"name":"wp","href":"https:\/\/api.w.org\/{rel}","templated":true}]}}