{"id":6497,"date":"2022-08-08T16:33:11","date_gmt":"2022-08-08T20:33:11","guid":{"rendered":"https:\/\/physiotherapy.ca\/?page_id=6497"},"modified":"2022-08-08T16:33:12","modified_gmt":"2022-08-08T20:33:12","slug":"kelli-berzuk","status":"publish","type":"page","link":"https:\/\/physiotherapy.ca\/fr\/kelli-berzuk\/","title":{"rendered":"Kelli Berzuk"},"content":{"rendered":"\n<div class=\"wp-block-media-text is-stacked-on-mobile is-vertically-aligned-top\" style=\"grid-template-columns:30% auto\"><figure class=\"wp-block-media-text__media\"><img loading=\"lazy\" decoding=\"async\" width=\"150\" height=\"150\" src=\"https:\/\/physiotherapy.ca\/app\/uploads\/2022\/08\/kellibruzak.jpg\" alt=\"\" class=\"wp-image-6058 size-full\" srcset=\"https:\/\/physiotherapy.ca\/app\/uploads\/2022\/08\/kellibruzak.jpg 150w, https:\/\/physiotherapy.ca\/app\/uploads\/2022\/08\/kellibruzak-100x100.jpg 100w\" sizes=\"auto, (max-width: 150px) 100vw, 150px\" \/><\/figure><div class=\"wp-block-media-text__content\">\n<p><strong>Domaine de sp\u00e9cialit\u00e9:<\/strong>&nbsp;Sant\u00e9 des femmes<\/p>\n\n\n\n<p><strong>Ann\u00e9e d\u2019obtention du dipl\u00f4me:&nbsp;<\/strong>2012<\/p>\n\n\n\n<p><strong>Nombre d\u2019ann\u00e9es de pratique:<\/strong>&nbsp;25<\/p>\n\n\n\n<p><strong>Secteur d\u2019int\u00e9r\u00eat professionnel:<\/strong>&nbsp;Sant\u00e9 pelvienne<\/p>\n<\/div><\/div>\n\n\n\n<div style=\"height:26px\" aria-hidden=\"true\" class=\"wp-block-spacer\"><\/div>\n\n\n\n<p><strong>Qu\u2019est-ce qui vous a pouss\u00e9e \u00e0 entreprendre la sp\u00e9cialisation?<\/strong><\/p>\n\n\n\n<p>J\u2019ai travaill\u00e9 comme clinicienne en sant\u00e9 pelvienne pendant 20&nbsp;ans, et j\u2019ai vu d\u2019autres pays se donner une certification de sp\u00e9cialiste dans mon domaine. J\u2019ai donc \u00e9t\u00e9 enthousiasm\u00e9e de voir que le Canada allait faire de m\u00eame, et je trouvais important de montrer mon appui.<\/p>\n\n\n\n<p><strong>Quelle \u00e9tait la partie la plus exigeante du programme?<\/strong><\/p>\n\n\n\n<p>C\u2019est la section portant sur la r\u00e9flexion clinique qui me faisait le plus peur. Je savais que c\u2019\u00e9tait un exercice couramment utilis\u00e9 avec les \u00e9tudiants en physioth\u00e9rapie, mais ce n\u2019\u00e9tait pas le cas \u00e0 l\u2019\u00e9poque o\u00f9 j\u2019ai fait mes \u00e9tudes. Je ne savais pas par o\u00f9 commencer pour mettre deux&nbsp;r\u00e9flexions \u00e0 la suite l\u2019une de l\u2019autre! Il m\u2019a fallu quelques essais, mais finalement j\u2019ai appr\u00e9ci\u00e9 cette partie du processus. C\u2019est \u00e0 ce moment que le programme a cess\u00e9 d\u2019\u00eatre simplement une fa\u00e7on d\u2019acqu\u00e9rir un titre pour devenir une occasion d\u2019\u00e9volution personnelle. Nous r\u00e9fl\u00e9chissons tous en permanence \u00e0 la fa\u00e7on d\u2019am\u00e9liorer notre pratique ou d\u2019\u00e9lever le niveau des soins aux patients; cependant, beaucoup d\u2019entre nous n\u2019ont jamais pris le temps de mettre ces r\u00e9flexions par \u00e9crit. J\u2019ai trouv\u00e9 que la r\u00e9flexion clinique \u00e9tait un outil extr\u00eamement utile qui m\u2019a permis de grandir comme clinicienne pendant le processus de certification; je compte continuer \u00e0 l\u2019utiliser pour m\u2019am\u00e9liorer.<\/p>\n\n\n\n<p><strong>Quels sont vos espoirs pour le programme? Pourquoi est-il important pour la profession?<\/strong><\/p>\n\n\n\n<p>\u00c9tant donn\u00e9 les r\u00e9actions des m\u00e9decins et des sp\u00e9cialistes m\u00e9dicaux avec qui je travaille, je sais que cela m\u00e8nera \u00e0 une participation accrue \u00e0 de nouveaux secteurs et de nouvelles activit\u00e9s. Je pense que le programme de sp\u00e9cialit\u00e9 clinique \u00e9tablit des crit\u00e8res \u00e9lev\u00e9s de r\u00e9flexion et d\u2019am\u00e9lioration personnelle constantes qui m\u00e8neront \u00e0 l\u2019am\u00e9lioration de la qualit\u00e9 des soins aux patients.<\/p>\n\n\n\n<h3 class=\"wp-block-heading\"><strong>Biographie<\/strong><\/h3>\n\n\n\n<p>La Dre&nbsp;Kelli Berzuk est physioth\u00e9rapeute et directrice de la clinique IPPC-Incontinence et douleur pelvienne (division de Nova Physiotherapy &amp; Sports Fitness Clinic) \u00e0 Winnipeg. Elle est membre de nombreuses soci\u00e9t\u00e9s nationales et internationales, dont la division sant\u00e9 des femmes de l\u2019Association canadienne de physioth\u00e9rapie (ACP), la American Urogynecologic Society, la International Urogynecological Association, la European Urology-Accredited Continuing Medical Education, la Soci\u00e9t\u00e9 internationale de la continence, la Soci\u00e9t\u00e9 internationale pour l\u2019\u00e9tude de la sant\u00e9 sexuelle des femmes, la International Pelvic Pain Society et l\u2019Institut de la Fondation d\u2019acupuncture du Canada.<\/p>\n\n\n\n<p>Elle a occup\u00e9 \u2013 et occupe encore \u2013 de nombreux postes au sein de comit\u00e9s comme le comit\u00e9 des prix de l\u2019ACP, le sous-comit\u00e9 de la sp\u00e9cialisation de l\u2019ACP et le comit\u00e9 des plaintes et le comit\u00e9 des lignes directrices sur la dysfonction du plancher pelvien de l\u2019Ordre des physioth\u00e9rapeutes du Manitoba. Elle est \u00e9galement membre du conseil d\u2019administration de la Women\u2019s Health Research Foundation of Canada.<\/p>\n\n\n\n<p>Kelli a obtenu un dipl\u00f4me en physioth\u00e9rapie de l\u2019\u00c9cole de r\u00e9adaptation m\u00e9dicale de l\u2019Universit\u00e9 du Manitoba. Elle a suivi des formations aux \u00e9tudes sup\u00e9rieures en sant\u00e9 des femmes et sant\u00e9 du plancher pelvien partout au Canada et aux \u00c9tats-Unis, et elle a obtenu un certificat d\u2019\u00e9tudes sup\u00e9rieures en r\u00e9adaptation des muscles du plancher pelvien et continence de l\u2019Universit\u00e9 de Melbourne, en Australie. Son m\u00e9moire de ma\u00eetrise portait sur la validation d\u2019un outil de recherche utilis\u00e9 pour mesurer le fonctionnement du plancher pelvien; elle a \u00e9t\u00e9 invit\u00e9e \u00e0 collaborer avec des sp\u00e9cialistes de la sant\u00e9 pelvienne des Pays-Bas et des \u00c9tats-Unis. Elle a fait un doctorat en urogyn\u00e9cologie et m\u00e9decine colorectale; ses recherches portaient sur la pr\u00e9valence \u00e9lev\u00e9e de dysfonctionnement du plancher pelvien et la n\u00e9cessit\u00e9 de faire de la sensibilisation aupr\u00e8s des femmes en g\u00e9n\u00e9ral quant \u00e0 la sant\u00e9 du plancher pelvien et aux exercices appropri\u00e9s. En outre, elle a obtenu un certificat en enseignement aux \u00e9tudes sup\u00e9rieures \u00e0 l\u2019Universit\u00e9 du Manitoba, de m\u00eame qu\u2019un certificat en ligne pour les fournisseurs de soins primaires en sant\u00e9 f\u00e9minine \u00e0 l\u2019\u00c9cole de m\u00e9decine de l\u2019Universit\u00e9 Duke.<\/p>\n\n\n\n<p>Elle a aim\u00e9 participer \u00e0 des recherches, et cela l\u2019a men\u00e9e \u00e0 publier des r\u00e9sum\u00e9s et des articles dans des revues m\u00e9dicales comme le Journal of Neurourology &amp; Urodynamics et le Journal of Female Pelvic Medicine &amp; Reconstructive Surgery. Elle a \u00e9galement fait partie du comit\u00e9 de lecture du Journal of Neurourology &amp; Urodynamics et du Journal of Reproductive Medicine.<\/p>\n\n\n\n<p>Kelli a re\u00e7u de nombreux prix et compte de nombreuses r\u00e9alisations, dont sa reconnaissance comme sp\u00e9cialiste clinique en sant\u00e9 des femmes par l\u2019ACP, la bourse de la Women\u2019s Health Research Foundation of Canada, le prix de reconnaissance pour service exceptionnel de l\u2019ACP, le Robert A.&nbsp;Macbeth Traveling Fellowship, le prix du mentorat Leonore Saunders de l\u2019ACP et le prix recherche\u2011d\u00e9veloppement de l\u2019Universit\u00e9 du Manitoba.<\/p>\n\n\n\n<p>Voici des liens qui permettent d\u2019en savoir davantage sur la sant\u00e9 des femmes.<\/p>\n\n\n\n<p><a href=\"mailto:kelliberzuk@shaw.ca\">kelliberzuk@shaw.ca<\/a><\/p>\n\n\n\n<p><a href=\"https:\/\/physiotherapy.ca\/www.nova-physio.com\">www.nova-physio.com&nbsp;<\/a><\/p>\n\n\n\n<p><a href=\"https:\/\/physiotherapy.ca\/www.ilaughedsohard.com\">www.ilaughedsohard.com<\/a><\/p>\n","protected":false},"excerpt":{"rendered":"<p>Domaine de sp\u00e9cialit\u00e9:&nbsp;Sant\u00e9 des femmes Ann\u00e9e d\u2019obtention du dipl\u00f4me:&nbsp;2012 Nombre d\u2019ann\u00e9es de pratique:&nbsp;25 Secteur d\u2019int\u00e9r\u00eat professionnel:&nbsp;Sant\u00e9 pelvienne Qu\u2019est-ce qui vous a pouss\u00e9e \u00e0 entreprendre la sp\u00e9cialisation? J\u2019ai travaill\u00e9 comme clinicienne en sant\u00e9 pelvienne pendant 20&nbsp;ans, et j\u2019ai vu d\u2019autres pays [&hellip;]<\/p>\n","protected":false},"author":1,"featured_media":0,"parent":0,"menu_order":0,"comment_status":"closed","ping_status":"closed","template":"","meta":{"inline_featured_image":false,"ep_exclude_from_search":false,"footnotes":""},"topic":[],"class_list":["post-6497","page","type-page","status-publish","hentry"],"acf":[],"yoast_head":"<!-- This site is optimized with the Yoast SEO plugin v24.7 - https:\/\/yoast.com\/wordpress\/plugins\/seo\/ -->\n<title>Kelli Berzuk - Canadian Physiotherapy Association<\/title>\n<meta name=\"robots\" content=\"index, follow, max-snippet:-1, max-image-preview:large, max-video-preview:-1\" \/>\n<link rel=\"canonical\" href=\"https:\/\/physiotherapy.ca\/fr\/kelli-berzuk\/\" \/>\n<meta property=\"og:locale\" content=\"fr_FR\" \/>\n<meta property=\"og:type\" content=\"article\" \/>\n<meta property=\"og:title\" content=\"Kelli Berzuk - Canadian Physiotherapy Association\" \/>\n<meta property=\"og:description\" content=\"Domaine de sp\u00e9cialit\u00e9:&nbsp;Sant\u00e9 des femmes Ann\u00e9e d\u2019obtention du dipl\u00f4me:&nbsp;2012 Nombre d\u2019ann\u00e9es de pratique:&nbsp;25 Secteur d\u2019int\u00e9r\u00eat professionnel:&nbsp;Sant\u00e9 pelvienne Qu\u2019est-ce qui vous a pouss\u00e9e \u00e0 entreprendre la sp\u00e9cialisation? J\u2019ai travaill\u00e9 comme clinicienne en sant\u00e9 pelvienne pendant 20&nbsp;ans, et j\u2019ai vu d\u2019autres pays [&hellip;]\" \/>\n<meta property=\"og:url\" content=\"https:\/\/physiotherapy.ca\/fr\/kelli-berzuk\/\" \/>\n<meta property=\"og:site_name\" content=\"Canadian Physiotherapy Association\" \/>\n<meta property=\"article:modified_time\" content=\"2022-08-08T20:33:12+00:00\" \/>\n<meta property=\"og:image\" content=\"https:\/\/physiotherapy.ca\/app\/uploads\/2022\/08\/kellibruzak.jpg\" \/>\n<meta name=\"twitter:card\" content=\"summary_large_image\" \/>\n<meta name=\"twitter:label1\" content=\"Est. reading time\" \/>\n\t<meta name=\"twitter:data1\" content=\"4 minutes\" \/>\n<script type=\"application\/ld+json\" class=\"yoast-schema-graph\">{\"@context\":\"https:\/\/schema.org\",\"@graph\":[{\"@type\":\"WebPage\",\"@id\":\"https:\/\/physiotherapy.ca\/fr\/kelli-berzuk\/\",\"url\":\"https:\/\/physiotherapy.ca\/fr\/kelli-berzuk\/\",\"name\":\"Kelli Berzuk - Canadian Physiotherapy Association\",\"isPartOf\":{\"@id\":\"https:\/\/physiotherapy.ca\/#website\"},\"primaryImageOfPage\":{\"@id\":\"https:\/\/physiotherapy.ca\/fr\/kelli-berzuk\/#primaryimage\"},\"image\":{\"@id\":\"https:\/\/physiotherapy.ca\/fr\/kelli-berzuk\/#primaryimage\"},\"thumbnailUrl\":\"https:\/\/physiotherapy.ca\/app\/uploads\/2022\/08\/kellibruzak.jpg\",\"datePublished\":\"2022-08-08T20:33:11+00:00\",\"dateModified\":\"2022-08-08T20:33:12+00:00\",\"breadcrumb\":{\"@id\":\"https:\/\/physiotherapy.ca\/fr\/kelli-berzuk\/#breadcrumb\"},\"inLanguage\":\"fr-FR\",\"potentialAction\":[{\"@type\":\"ReadAction\",\"target\":[\"https:\/\/physiotherapy.ca\/fr\/kelli-berzuk\/\"]}]},{\"@type\":\"ImageObject\",\"inLanguage\":\"fr-FR\",\"@id\":\"https:\/\/physiotherapy.ca\/fr\/kelli-berzuk\/#primaryimage\",\"url\":\"https:\/\/physiotherapy.ca\/app\/uploads\/2022\/08\/kellibruzak.jpg\",\"contentUrl\":\"https:\/\/physiotherapy.ca\/app\/uploads\/2022\/08\/kellibruzak.jpg\"},{\"@type\":\"BreadcrumbList\",\"@id\":\"https:\/\/physiotherapy.ca\/fr\/kelli-berzuk\/#breadcrumb\",\"itemListElement\":[{\"@type\":\"ListItem\",\"position\":1,\"name\":\"Home\",\"item\":\"https:\/\/physiotherapy.ca\/fr\/\"},{\"@type\":\"ListItem\",\"position\":2,\"name\":\"Kelli Berzuk\"}]},{\"@type\":\"WebSite\",\"@id\":\"https:\/\/physiotherapy.ca\/#website\",\"url\":\"https:\/\/physiotherapy.ca\/\",\"name\":\"Canadian Physiotherapy Association\",\"description\":\"The Canadian Physiotherapy Association (CPA) represents over 16,000 physiotherapy professionals and students across Canada.\",\"potentialAction\":[{\"@type\":\"SearchAction\",\"target\":{\"@type\":\"EntryPoint\",\"urlTemplate\":\"https:\/\/physiotherapy.ca\/?s={search_term_string}\"},\"query-input\":{\"@type\":\"PropertyValueSpecification\",\"valueRequired\":true,\"valueName\":\"search_term_string\"}}],\"inLanguage\":\"fr-FR\"}]}<\/script>\n<!-- \/ Yoast SEO plugin. -->","yoast_head_json":{"title":"Kelli Berzuk - Canadian Physiotherapy Association","robots":{"index":"index","follow":"follow","max-snippet":"max-snippet:-1","max-image-preview":"max-image-preview:large","max-video-preview":"max-video-preview:-1"},"canonical":"https:\/\/physiotherapy.ca\/fr\/kelli-berzuk\/","og_locale":"fr_FR","og_type":"article","og_title":"Kelli Berzuk - Canadian Physiotherapy Association","og_description":"Domaine de sp\u00e9cialit\u00e9:&nbsp;Sant\u00e9 des femmes Ann\u00e9e d\u2019obtention du dipl\u00f4me:&nbsp;2012 Nombre d\u2019ann\u00e9es de pratique:&nbsp;25 Secteur d\u2019int\u00e9r\u00eat professionnel:&nbsp;Sant\u00e9 pelvienne Qu\u2019est-ce qui vous a pouss\u00e9e \u00e0 entreprendre la sp\u00e9cialisation? J\u2019ai travaill\u00e9 comme clinicienne en sant\u00e9 pelvienne pendant 20&nbsp;ans, et j\u2019ai vu d\u2019autres pays [&hellip;]","og_url":"https:\/\/physiotherapy.ca\/fr\/kelli-berzuk\/","og_site_name":"Canadian Physiotherapy Association","article_modified_time":"2022-08-08T20:33:12+00:00","og_image":[{"url":"https:\/\/physiotherapy.ca\/app\/uploads\/2022\/08\/kellibruzak.jpg","type":"","width":"","height":""}],"twitter_card":"summary_large_image","twitter_misc":{"Est. reading time":"4 minutes"},"schema":{"@context":"https:\/\/schema.org","@graph":[{"@type":"WebPage","@id":"https:\/\/physiotherapy.ca\/fr\/kelli-berzuk\/","url":"https:\/\/physiotherapy.ca\/fr\/kelli-berzuk\/","name":"Kelli Berzuk - Canadian Physiotherapy Association","isPartOf":{"@id":"https:\/\/physiotherapy.ca\/#website"},"primaryImageOfPage":{"@id":"https:\/\/physiotherapy.ca\/fr\/kelli-berzuk\/#primaryimage"},"image":{"@id":"https:\/\/physiotherapy.ca\/fr\/kelli-berzuk\/#primaryimage"},"thumbnailUrl":"https:\/\/physiotherapy.ca\/app\/uploads\/2022\/08\/kellibruzak.jpg","datePublished":"2022-08-08T20:33:11+00:00","dateModified":"2022-08-08T20:33:12+00:00","breadcrumb":{"@id":"https:\/\/physiotherapy.ca\/fr\/kelli-berzuk\/#breadcrumb"},"inLanguage":"fr-FR","potentialAction":[{"@type":"ReadAction","target":["https:\/\/physiotherapy.ca\/fr\/kelli-berzuk\/"]}]},{"@type":"ImageObject","inLanguage":"fr-FR","@id":"https:\/\/physiotherapy.ca\/fr\/kelli-berzuk\/#primaryimage","url":"https:\/\/physiotherapy.ca\/app\/uploads\/2022\/08\/kellibruzak.jpg","contentUrl":"https:\/\/physiotherapy.ca\/app\/uploads\/2022\/08\/kellibruzak.jpg"},{"@type":"BreadcrumbList","@id":"https:\/\/physiotherapy.ca\/fr\/kelli-berzuk\/#breadcrumb","itemListElement":[{"@type":"ListItem","position":1,"name":"Home","item":"https:\/\/physiotherapy.ca\/fr\/"},{"@type":"ListItem","position":2,"name":"Kelli Berzuk"}]},{"@type":"WebSite","@id":"https:\/\/physiotherapy.ca\/#website","url":"https:\/\/physiotherapy.ca\/","name":"Canadian Physiotherapy Association","description":"The Canadian Physiotherapy Association (CPA) represents over 16,000 physiotherapy professionals and students across Canada.","potentialAction":[{"@type":"SearchAction","target":{"@type":"EntryPoint","urlTemplate":"https:\/\/physiotherapy.ca\/?s={search_term_string}"},"query-input":{"@type":"PropertyValueSpecification","valueRequired":true,"valueName":"search_term_string"}}],"inLanguage":"fr-FR"}]}},"_links":{"self":[{"href":"https:\/\/physiotherapy.ca\/fr\/wp-json\/wp\/v2\/pages\/6497","targetHints":{"allow":["GET"]}}],"collection":[{"href":"https:\/\/physiotherapy.ca\/fr\/wp-json\/wp\/v2\/pages"}],"about":[{"href":"https:\/\/physiotherapy.ca\/fr\/wp-json\/wp\/v2\/types\/page"}],"author":[{"embeddable":true,"href":"https:\/\/physiotherapy.ca\/fr\/wp-json\/wp\/v2\/users\/1"}],"replies":[{"embeddable":true,"href":"https:\/\/physiotherapy.ca\/fr\/wp-json\/wp\/v2\/comments?post=6497"}],"version-history":[{"count":3,"href":"https:\/\/physiotherapy.ca\/fr\/wp-json\/wp\/v2\/pages\/6497\/revisions"}],"predecessor-version":[{"id":6501,"href":"https:\/\/physiotherapy.ca\/fr\/wp-json\/wp\/v2\/pages\/6497\/revisions\/6501"}],"wp:attachment":[{"href":"https:\/\/physiotherapy.ca\/fr\/wp-json\/wp\/v2\/media?parent=6497"}],"wp:term":[{"taxonomy":"topic","embeddable":true,"href":"https:\/\/physiotherapy.ca\/fr\/wp-json\/wp\/v2\/topic?post=6497"}],"curies":[{"name":"wp","href":"https:\/\/api.w.org\/{rel}","templated":true}]}}