{"id":6503,"date":"2022-08-08T16:35:15","date_gmt":"2022-08-08T20:35:15","guid":{"rendered":"https:\/\/physiotherapy.ca\/?page_id=6503"},"modified":"2022-08-08T16:35:17","modified_gmt":"2022-08-08T20:35:17","slug":"christine-epp","status":"publish","type":"page","link":"https:\/\/physiotherapy.ca\/fr\/christine-epp\/","title":{"rendered":"Christine Epp"},"content":{"rendered":"\n<div class=\"wp-block-media-text is-stacked-on-mobile is-vertically-aligned-top\" style=\"grid-template-columns:30% auto\"><figure class=\"wp-block-media-text__media\"><img loading=\"lazy\" decoding=\"async\" width=\"768\" height=\"1024\" src=\"https:\/\/physiotherapy.ca\/app\/uploads\/2022\/08\/photo-768x1024.jpg\" alt=\"\" class=\"wp-image-6063 size-full\" srcset=\"https:\/\/physiotherapy.ca\/app\/uploads\/2022\/08\/photo-768x1024.jpg 768w, https:\/\/physiotherapy.ca\/app\/uploads\/2022\/08\/photo-600x800.jpg 600w, https:\/\/physiotherapy.ca\/app\/uploads\/2022\/08\/photo-225x300.jpg 225w, https:\/\/physiotherapy.ca\/app\/uploads\/2022\/08\/photo-150x200.jpg 150w, https:\/\/physiotherapy.ca\/app\/uploads\/2022\/08\/photo.jpg 906w\" sizes=\"auto, (max-width: 768px) 100vw, 768px\" \/><\/figure><div class=\"wp-block-media-text__content\">\n<p><strong>Domaine de sp\u00e9cialit\u00e9 clinique<\/strong>&nbsp;: Sant\u00e9 des femmes<\/p>\n\n\n\n<p><strong>Nombre d\u2019ann\u00e9es de pratique dans ce domaine<\/strong>&nbsp;: 13<\/p>\n\n\n\n<p><strong>Secteurs d\u2019int\u00e9r\u00eat professionnel<\/strong>&nbsp;: Sant\u00e9 pelvienne<\/p>\n\n\n\n<p><strong>Loisirs&nbsp;<\/strong>: Activit\u00e9s familiales, entra\u00eeneure de volleyball<\/p>\n<\/div><\/div>\n\n\n\n<div style=\"height:26px\" aria-hidden=\"true\" class=\"wp-block-spacer\"><\/div>\n\n\n\n<p><strong>Que trouvez-vous le plus satisfaisant dans le programme de sp\u00e9cialit\u00e9?<\/strong><\/p>\n\n\n\n<p>Le programme de sp\u00e9cialit\u00e9 nous oblige \u00e0 analyser nos connaissances, nos comp\u00e9tences, nos forces, nos faiblesses et les aspects sur lesquels nous devrions travailler, puis \u00e0 pr\u00e9senter clairement cette analyse. C\u2019est un processus d\u2019auto\u00e9valuation et de r\u00e9flexion en profondeur qui est arriv\u00e9 \u00e0 point dans ma carri\u00e8re et m\u2019a permis de voir clairement o\u00f9 j\u2019en \u00e9tais, comment j\u2019en \u00e9tais arriv\u00e9e l\u00e0 et quels aspects de ma profession pourraient b\u00e9n\u00e9ficier d\u2019un perfectionnement continu. C\u2019\u00e9tait aussi un honneur de faire partie du premier groupe de sp\u00e9cialistes cliniques reconnus au congr\u00e8s de Saskatoon en 2012.<\/p>\n\n\n\n<p><strong>Pourquoi avez-vous particip\u00e9 au programme?<\/strong><\/p>\n\n\n\n<p>J\u2019ai envoy\u00e9 mon nom en r\u00e9ponse \u00e0 un appel de candidatures pour ce nouveau processus. Il s\u2019agissait de devenir \u00e9valuatrice pour le programme, et c\u2019est tomb\u00e9 \u00e0 un moment o\u00f9 je voulais contribuer \u00e0 la profession et o\u00f9 j\u2019avais le temps de le faire. J\u2019\u00e9tais enthousiaste \u00e0 l\u2019id\u00e9e de contribuer \u00e0 cette importante \u00e9tape de l\u2019\u00e9volution de la profession.<\/p>\n\n\n\n<p><strong>O\u00f9 esp\u00e9rez-vous voir la profession dans 25&nbsp;ans?<\/strong><\/p>\n\n\n\n<p>Vingt-cinq&nbsp;ans, c\u2019est long! Je crois que le potentiel de d\u00e9veloppement de comp\u00e9tences non traditionnelles est incroyable. Depuis que je suis physioth\u00e9rapeute, j\u2019ai \u00e9t\u00e9 t\u00e9moin d\u2019une innovation et d\u2019une \u00e9volution formidables dans nos interactions avec le syst\u00e8me de sant\u00e9 et le public. J\u2019esp\u00e8re que nous continuerons \u00e0 grandir pour pouvoir mettre pleinement notre expertise unique au service d\u2019un plus grand nombre de personnes. Je pense que, comme professionnels, nous d\u00e9tenons la cl\u00e9 qui permettra de mettre de la pr\u00e9vention au c\u0153ur des soins de sant\u00e9. On aura toujours besoin de nous en r\u00e9adaptation, mais nous pouvons aussi apporter une contribution importante en mettant l\u2019accent sur la pr\u00e9vention.<\/p>\n\n\n\n<p><strong>Selon vous, quel impact aura la sp\u00e9cialisation dans votre domaine?<\/strong><\/p>\n\n\n\n<p>Au cours des dix&nbsp;derni\u00e8res ann\u00e9es, on a assist\u00e9 \u00e0 une \u00e9volution incroyable dans le domaine de la sant\u00e9 des femmes, et notamment de la sant\u00e9 pelvienne. La sp\u00e9cialisation contribuera \u00e0 mieux faire comprendre \u00e0 un large public les avantages d\u2019une meilleure sant\u00e9 pelvienne. Les sp\u00e9cialistes cliniques continueront \u00e0 appuyer et \u00e0 encadrer leurs coll\u00e8gues afin d\u2019\u00e9largir le groupe de th\u00e9rapeutes ayant les comp\u00e9tences et les connaissances n\u00e9cessaires en sant\u00e9 pelvienne. Pour r\u00e9pondre vraiment aux besoins de la population, il faut que plus de th\u00e9rapeutes se passionnent pour ce domaine.<\/p>\n\n\n\n<p><strong>Quelle est la valeur du programme de sp\u00e9cialit\u00e9 pour les candidats?<\/strong><\/p>\n\n\n\n<p>La croissance personnelle et professionnelle exige r\u00e9flexion et analyse, et le programme de sp\u00e9cialit\u00e9, ax\u00e9 sur le raisonnement clinique, offre divers outils \u00e0 cet \u00e9gard. Les candidats qui r\u00e9ussiront le programme verront leurs comp\u00e9tences et leurs habilet\u00e9s cliniques reconnues dans le cadre d\u2019un processus nouveau et stimulant.<\/p>\n\n\n\n<p><strong>Avez-vous fait appel \u00e0 votre r\u00e9seau de sp\u00e9cialistes, et comment?<\/strong><\/p>\n\n\n\n<p>C\u2019est tr\u00e8s utile de conna\u00eetre ses coll\u00e8gues d\u2019autres secteurs pour pouvoir leur envoyer les clients qui ont des besoins particuliers dans diff\u00e9rentes r\u00e9gions du pays.<\/p>\n\n\n\n<p><strong>Quels facteurs importants faut-il prendre en compte lorsqu\u2019on souhaite faire une sp\u00e9cialit\u00e9 clinique?<\/strong><br>&nbsp;<\/p>\n\n\n\n<p>Il faut accorder une grande importance \u00e0 la clart\u00e9 des pr\u00e9sentations, car la premi\u00e8re \u00e9tape du processus d\u2019\u00e9valuation repose largement sur la documentation \u00e9crite, et les \u00e9valuateurs ne peuvent examiner que ce qui est pr\u00e9sent\u00e9.<\/p>\n\n\n\n<p><strong>Quelles comp\u00e9tences avez-vous acquises ou am\u00e9lior\u00e9es pendant le processus de sp\u00e9cialisation?<\/strong><\/p>\n\n\n\n<p>J\u2019ai am\u00e9lior\u00e9 ma capacit\u00e9 \u00e0 me pr\u00e9senter et \u00e0 faire \u00e9tat de mes connaissances et de mes comp\u00e9tences avec confiance et clart\u00e9.<\/p>\n\n\n\n<p><strong>Quel conseil donneriez-vous aux candidats qui s\u2019engagent dans le processus de sp\u00e9cialisation?<\/strong><\/p>\n\n\n\n<p>Soyez confiants et clairs dans vos pr\u00e9sentations pour que votre demande re\u00e7oive la meilleure \u00e9valuation possible.<\/p>\n\n\n\n<p><strong>Quel impact a le titre de sp\u00e9cialiste sur vous et votre carri\u00e8re?<\/strong><\/p>\n\n\n\n<p>Cela m\u2019a permis d\u2019\u00eatre reconnue; j\u2019ai davantage d\u2019occasions de donner des conf\u00e9rences et d\u2019enseigner, ce qui me permet d\u2019offrir des renseignements et des services pertinents et ad\u00e9quats au public, \u00e0 mes coll\u00e8gues ainsi qu\u2019aux professionnels d\u2019autres disciplines.<\/p>\n\n\n\n<h3 class=\"wp-block-heading\"><strong>Biographie<\/strong><\/h3>\n\n\n\n<p>Christine Epp est physioth\u00e9rapeute au centre de r\u00e9adaptation Bourassa and Associates de Saskatoon. Auparavant, elle avait acquis une exp\u00e9rience g\u00e9n\u00e9rale dans divers secteurs \u00e0 l\u2019H\u00f4pital municipal de Saskatoon. Au centre Bourassa, elle couvre toute la gamme de th\u00e9rapies manuelles et de traitements orthop\u00e9diques et participe au programme de r\u00e9adaptation fonctionnelle. Depuis 2002, elle se concentre sur la sant\u00e9 pelvienne, et notamment sur l\u2019\u00e9valuation et le traitement des femmes avant et apr\u00e8s la grossesse, du prolapsus des organes pelviens, de l\u2019incontinence urinaire ou f\u00e9cale, des dysfonctionnements de la vessie ou de l\u2019intestin et des douleurs pelviennes. Aujourd\u2019hui, elle passe la plupart de son temps en clinique aupr\u00e8s de cette cat\u00e9gorie de patients qu\u2019elle trouve diversifi\u00e9e et int\u00e9ressante. Elle joue \u00e9galement un r\u00f4le de direction \u00e0 la clinique en assumant la responsabilit\u00e9 du mentorat, du perfectionnement du personnel, des communications et de l\u2019assurance qualit\u00e9.<\/p>\n\n\n\n<p>Depuis qu\u2019elle a obtenu son dipl\u00f4me de l\u2019Universit\u00e9 de la Saskatchewan en 1992, Christine a saisi diverses occasions pour approfondir et enrichir ses connaissances. Elle a particip\u00e9 au lancement du programme de sp\u00e9cialit\u00e9 clinique et a obtenu le titre de sp\u00e9cialiste clinique en sant\u00e9 des femmes en 2012. Christine est la seule sp\u00e9cialiste clinique attitr\u00e9e en Saskatchewan, et elle est fi\u00e8re d\u2019\u00eatre l\u2019une des sp\u00e9cialistes cliniques en sant\u00e9 des femmes au Canada. Elle est \u00e9galement \u00e9valuatrice pour le programme de sp\u00e9cialit\u00e9 clinique.<\/p>\n","protected":false},"excerpt":{"rendered":"<p>Domaine de sp\u00e9cialit\u00e9 clinique&nbsp;: Sant\u00e9 des femmes Nombre d\u2019ann\u00e9es de pratique dans ce domaine&nbsp;: 13 Secteurs d\u2019int\u00e9r\u00eat professionnel&nbsp;: Sant\u00e9 pelvienne Loisirs&nbsp;: Activit\u00e9s familiales, entra\u00eeneure de volleyball Que trouvez-vous le plus satisfaisant dans le programme de sp\u00e9cialit\u00e9? Le programme de sp\u00e9cialit\u00e9 [&hellip;]<\/p>\n","protected":false},"author":1,"featured_media":0,"parent":0,"menu_order":0,"comment_status":"closed","ping_status":"closed","template":"","meta":{"inline_featured_image":false,"ep_exclude_from_search":false,"footnotes":""},"topic":[],"class_list":["post-6503","page","type-page","status-publish","hentry"],"acf":[],"yoast_head":"<!-- This site is optimized with the Yoast SEO plugin v24.7 - https:\/\/yoast.com\/wordpress\/plugins\/seo\/ -->\n<title>Christine Epp - Canadian Physiotherapy Association<\/title>\n<meta name=\"robots\" content=\"index, follow, max-snippet:-1, max-image-preview:large, max-video-preview:-1\" \/>\n<link rel=\"canonical\" href=\"https:\/\/physiotherapy.ca\/fr\/christine-epp\/\" \/>\n<meta property=\"og:locale\" content=\"fr_FR\" \/>\n<meta property=\"og:type\" content=\"article\" \/>\n<meta property=\"og:title\" content=\"Christine Epp - Canadian Physiotherapy Association\" \/>\n<meta property=\"og:description\" content=\"Domaine de sp\u00e9cialit\u00e9 clinique&nbsp;: Sant\u00e9 des femmes Nombre d\u2019ann\u00e9es de pratique dans ce domaine&nbsp;: 13 Secteurs d\u2019int\u00e9r\u00eat professionnel&nbsp;: Sant\u00e9 pelvienne Loisirs&nbsp;: Activit\u00e9s familiales, entra\u00eeneure de volleyball Que trouvez-vous le plus satisfaisant dans le programme de sp\u00e9cialit\u00e9? Le programme de sp\u00e9cialit\u00e9 [&hellip;]\" \/>\n<meta property=\"og:url\" content=\"https:\/\/physiotherapy.ca\/fr\/christine-epp\/\" \/>\n<meta property=\"og:site_name\" content=\"Canadian Physiotherapy Association\" \/>\n<meta property=\"article:modified_time\" content=\"2022-08-08T20:35:17+00:00\" \/>\n<meta property=\"og:image\" content=\"https:\/\/physiotherapy.ca\/app\/uploads\/2022\/08\/photo-768x1024.jpg\" \/>\n<meta name=\"twitter:card\" content=\"summary_large_image\" \/>\n<meta name=\"twitter:label1\" content=\"Est. reading time\" \/>\n\t<meta name=\"twitter:data1\" content=\"5 minutes\" \/>\n<script type=\"application\/ld+json\" class=\"yoast-schema-graph\">{\"@context\":\"https:\/\/schema.org\",\"@graph\":[{\"@type\":\"WebPage\",\"@id\":\"https:\/\/physiotherapy.ca\/fr\/christine-epp\/\",\"url\":\"https:\/\/physiotherapy.ca\/fr\/christine-epp\/\",\"name\":\"Christine Epp - Canadian Physiotherapy Association\",\"isPartOf\":{\"@id\":\"https:\/\/physiotherapy.ca\/#website\"},\"primaryImageOfPage\":{\"@id\":\"https:\/\/physiotherapy.ca\/fr\/christine-epp\/#primaryimage\"},\"image\":{\"@id\":\"https:\/\/physiotherapy.ca\/fr\/christine-epp\/#primaryimage\"},\"thumbnailUrl\":\"https:\/\/physiotherapy.ca\/app\/uploads\/2022\/08\/photo-768x1024.jpg\",\"datePublished\":\"2022-08-08T20:35:15+00:00\",\"dateModified\":\"2022-08-08T20:35:17+00:00\",\"breadcrumb\":{\"@id\":\"https:\/\/physiotherapy.ca\/fr\/christine-epp\/#breadcrumb\"},\"inLanguage\":\"fr-FR\",\"potentialAction\":[{\"@type\":\"ReadAction\",\"target\":[\"https:\/\/physiotherapy.ca\/fr\/christine-epp\/\"]}]},{\"@type\":\"ImageObject\",\"inLanguage\":\"fr-FR\",\"@id\":\"https:\/\/physiotherapy.ca\/fr\/christine-epp\/#primaryimage\",\"url\":\"https:\/\/physiotherapy.ca\/app\/uploads\/2022\/08\/photo-768x1024.jpg\",\"contentUrl\":\"https:\/\/physiotherapy.ca\/app\/uploads\/2022\/08\/photo-768x1024.jpg\"},{\"@type\":\"BreadcrumbList\",\"@id\":\"https:\/\/physiotherapy.ca\/fr\/christine-epp\/#breadcrumb\",\"itemListElement\":[{\"@type\":\"ListItem\",\"position\":1,\"name\":\"Home\",\"item\":\"https:\/\/physiotherapy.ca\/fr\/\"},{\"@type\":\"ListItem\",\"position\":2,\"name\":\"Christine Epp\"}]},{\"@type\":\"WebSite\",\"@id\":\"https:\/\/physiotherapy.ca\/#website\",\"url\":\"https:\/\/physiotherapy.ca\/\",\"name\":\"Canadian Physiotherapy Association\",\"description\":\"The Canadian Physiotherapy Association (CPA) represents over 16,000 physiotherapy professionals and students across Canada.\",\"potentialAction\":[{\"@type\":\"SearchAction\",\"target\":{\"@type\":\"EntryPoint\",\"urlTemplate\":\"https:\/\/physiotherapy.ca\/?s={search_term_string}\"},\"query-input\":{\"@type\":\"PropertyValueSpecification\",\"valueRequired\":true,\"valueName\":\"search_term_string\"}}],\"inLanguage\":\"fr-FR\"}]}<\/script>\n<!-- \/ Yoast SEO plugin. -->","yoast_head_json":{"title":"Christine Epp - Canadian Physiotherapy Association","robots":{"index":"index","follow":"follow","max-snippet":"max-snippet:-1","max-image-preview":"max-image-preview:large","max-video-preview":"max-video-preview:-1"},"canonical":"https:\/\/physiotherapy.ca\/fr\/christine-epp\/","og_locale":"fr_FR","og_type":"article","og_title":"Christine Epp - Canadian Physiotherapy Association","og_description":"Domaine de sp\u00e9cialit\u00e9 clinique&nbsp;: Sant\u00e9 des femmes Nombre d\u2019ann\u00e9es de pratique dans ce domaine&nbsp;: 13 Secteurs d\u2019int\u00e9r\u00eat professionnel&nbsp;: Sant\u00e9 pelvienne Loisirs&nbsp;: Activit\u00e9s familiales, entra\u00eeneure de volleyball Que trouvez-vous le plus satisfaisant dans le programme de sp\u00e9cialit\u00e9? Le programme de sp\u00e9cialit\u00e9 [&hellip;]","og_url":"https:\/\/physiotherapy.ca\/fr\/christine-epp\/","og_site_name":"Canadian Physiotherapy Association","article_modified_time":"2022-08-08T20:35:17+00:00","og_image":[{"url":"https:\/\/physiotherapy.ca\/app\/uploads\/2022\/08\/photo-768x1024.jpg","type":"","width":"","height":""}],"twitter_card":"summary_large_image","twitter_misc":{"Est. reading time":"5 minutes"},"schema":{"@context":"https:\/\/schema.org","@graph":[{"@type":"WebPage","@id":"https:\/\/physiotherapy.ca\/fr\/christine-epp\/","url":"https:\/\/physiotherapy.ca\/fr\/christine-epp\/","name":"Christine Epp - Canadian Physiotherapy Association","isPartOf":{"@id":"https:\/\/physiotherapy.ca\/#website"},"primaryImageOfPage":{"@id":"https:\/\/physiotherapy.ca\/fr\/christine-epp\/#primaryimage"},"image":{"@id":"https:\/\/physiotherapy.ca\/fr\/christine-epp\/#primaryimage"},"thumbnailUrl":"https:\/\/physiotherapy.ca\/app\/uploads\/2022\/08\/photo-768x1024.jpg","datePublished":"2022-08-08T20:35:15+00:00","dateModified":"2022-08-08T20:35:17+00:00","breadcrumb":{"@id":"https:\/\/physiotherapy.ca\/fr\/christine-epp\/#breadcrumb"},"inLanguage":"fr-FR","potentialAction":[{"@type":"ReadAction","target":["https:\/\/physiotherapy.ca\/fr\/christine-epp\/"]}]},{"@type":"ImageObject","inLanguage":"fr-FR","@id":"https:\/\/physiotherapy.ca\/fr\/christine-epp\/#primaryimage","url":"https:\/\/physiotherapy.ca\/app\/uploads\/2022\/08\/photo-768x1024.jpg","contentUrl":"https:\/\/physiotherapy.ca\/app\/uploads\/2022\/08\/photo-768x1024.jpg"},{"@type":"BreadcrumbList","@id":"https:\/\/physiotherapy.ca\/fr\/christine-epp\/#breadcrumb","itemListElement":[{"@type":"ListItem","position":1,"name":"Home","item":"https:\/\/physiotherapy.ca\/fr\/"},{"@type":"ListItem","position":2,"name":"Christine Epp"}]},{"@type":"WebSite","@id":"https:\/\/physiotherapy.ca\/#website","url":"https:\/\/physiotherapy.ca\/","name":"Canadian Physiotherapy Association","description":"The Canadian Physiotherapy Association (CPA) represents over 16,000 physiotherapy professionals and students across Canada.","potentialAction":[{"@type":"SearchAction","target":{"@type":"EntryPoint","urlTemplate":"https:\/\/physiotherapy.ca\/?s={search_term_string}"},"query-input":{"@type":"PropertyValueSpecification","valueRequired":true,"valueName":"search_term_string"}}],"inLanguage":"fr-FR"}]}},"_links":{"self":[{"href":"https:\/\/physiotherapy.ca\/fr\/wp-json\/wp\/v2\/pages\/6503","targetHints":{"allow":["GET"]}}],"collection":[{"href":"https:\/\/physiotherapy.ca\/fr\/wp-json\/wp\/v2\/pages"}],"about":[{"href":"https:\/\/physiotherapy.ca\/fr\/wp-json\/wp\/v2\/types\/page"}],"author":[{"embeddable":true,"href":"https:\/\/physiotherapy.ca\/fr\/wp-json\/wp\/v2\/users\/1"}],"replies":[{"embeddable":true,"href":"https:\/\/physiotherapy.ca\/fr\/wp-json\/wp\/v2\/comments?post=6503"}],"version-history":[{"count":3,"href":"https:\/\/physiotherapy.ca\/fr\/wp-json\/wp\/v2\/pages\/6503\/revisions"}],"predecessor-version":[{"id":6507,"href":"https:\/\/physiotherapy.ca\/fr\/wp-json\/wp\/v2\/pages\/6503\/revisions\/6507"}],"wp:attachment":[{"href":"https:\/\/physiotherapy.ca\/fr\/wp-json\/wp\/v2\/media?parent=6503"}],"wp:term":[{"taxonomy":"topic","embeddable":true,"href":"https:\/\/physiotherapy.ca\/fr\/wp-json\/wp\/v2\/topic?post=6503"}],"curies":[{"name":"wp","href":"https:\/\/api.w.org\/{rel}","templated":true}]}}