{"id":6509,"date":"2022-08-08T16:37:02","date_gmt":"2022-08-08T20:37:02","guid":{"rendered":"https:\/\/physiotherapy.ca\/?page_id=6509"},"modified":"2022-08-08T16:37:04","modified_gmt":"2022-08-08T20:37:04","slug":"diane-lee","status":"publish","type":"page","link":"https:\/\/physiotherapy.ca\/fr\/diane-lee\/","title":{"rendered":"Diane Lee"},"content":{"rendered":"\n<div class=\"wp-block-media-text is-stacked-on-mobile is-vertically-aligned-top\" style=\"grid-template-columns:30% auto\"><figure class=\"wp-block-media-text__media\"><img loading=\"lazy\" decoding=\"async\" width=\"683\" height=\"1024\" src=\"https:\/\/physiotherapy.ca\/app\/uploads\/2022\/08\/2017_nov_diane_lee-5557-683x1024.jpg\" alt=\"\" class=\"wp-image-6068 size-full\" srcset=\"https:\/\/physiotherapy.ca\/app\/uploads\/2022\/08\/2017_nov_diane_lee-5557-683x1024.jpg 683w, https:\/\/physiotherapy.ca\/app\/uploads\/2022\/08\/2017_nov_diane_lee-5557-600x900.jpg 600w, https:\/\/physiotherapy.ca\/app\/uploads\/2022\/08\/2017_nov_diane_lee-5557-200x300.jpg 200w, https:\/\/physiotherapy.ca\/app\/uploads\/2022\/08\/2017_nov_diane_lee-5557-768x1152.jpg 768w, https:\/\/physiotherapy.ca\/app\/uploads\/2022\/08\/2017_nov_diane_lee-5557-133x200.jpg 133w, https:\/\/physiotherapy.ca\/app\/uploads\/2022\/08\/2017_nov_diane_lee-5557.jpg 800w\" sizes=\"auto, (max-width: 683px) 100vw, 683px\" \/><\/figure><div class=\"wp-block-media-text__content\">\n<p><strong>Domaine de sp\u00e9cialit\u00e9 clinique&nbsp;:&nbsp;<\/strong>Sant\u00e9 des femmes<\/p>\n\n\n\n<p><strong>Ann\u00e9e d\u2019obtention du dipl\u00f4me:&nbsp;<\/strong>1976<\/p>\n\n\n\n<p><strong>Loisirs:&nbsp;<\/strong>Pilates et randonn\u00e9e<\/p>\n\n\n\n<p><strong>Secteurs d\u2019int\u00e9r\u00eat professionnel<\/strong><\/p>\n\n\n\n<p><strong>Clinique:\u00a0<\/strong>Aider les femmes \u00e0 retrouver des strat\u00e9gies optimales de fonctionnement apr\u00e8s une grossesse ou une blessure.<\/p>\n\n\n\n<p><strong>Formation\u00a0:\u00a0<\/strong>Aider les physioth\u00e9rapeutes \u00e0 acqu\u00e9rir rapidement une expertise clinique et \u00e0 obtenir des r\u00e9sultats plus vite. Aider les physioth\u00e9rapeutes sp\u00e9cialis\u00e9s en sant\u00e9 des femmes \u00e0 aller au-del\u00e0 du plancher pelvien pour en r\u00e9tablir le fonctionnement.<\/p>\n<\/div><\/div>\n\n\n\n<div style=\"height:26px\" aria-hidden=\"true\" class=\"wp-block-spacer\"><\/div>\n\n\n\n<p><strong>O\u00f9 esp\u00e9rez-vous voir la profession dans 25\u00a0ans?<\/strong><\/p>\n\n\n\n<p>La profession est tr\u00e8s diversifi\u00e9e, mais dans l\u2019ensemble, j\u2019esp\u00e8re que dans 25&nbsp;ans les physioth\u00e9rapeutes joueront un r\u00f4le cl\u00e9 dans des \u00e9quipes multidisciplinaires qui cherchent \u00e0 am\u00e9liorer le fonctionnement et l\u2019efficacit\u00e9 des personnes souffrant d\u2019une douleur ou d\u2019un handicap. Notre champ de pratique est large, et il est essentiel de se sp\u00e9cialiser pour avoir les connaissances et l\u2019expertise clinique n\u00e9cessaires; cependant, j\u2019esp\u00e8re que les physioth\u00e9rapeutes seront vus comme les premiers&nbsp;professionnels (individuellement, en \u00e9quipe, en entreprise, etc.) \u00e0 consulter lorsqu\u2019on a besoin d\u2019aide.<\/p>\n\n\n\n<p><strong>Pourquoi avoir choisi d\u2019\u00eatre sp\u00e9cialiste clinique?<\/strong><\/p>\n\n\n\n<p>J\u2019ai choisi de devenir sp\u00e9cialiste en sant\u00e9 des femmes plut\u00f4t que sp\u00e9cialiste en physioth\u00e9rapie musculosquelettique parce que, au cours de mes 31&nbsp;ans de formation et de travail clinique pour r\u00e9tablir le fonctionnement optimal du thorax, de la paroi abdominale et du plancher pelvien, j\u2019ai chang\u00e9 la vie de nombreuses femmes ayant des probl\u00e8mes de \u00ab&nbsp;sant\u00e9 f\u00e9minine&nbsp;\u00bb. La sant\u00e9 des femmes ne se limite pas aux probl\u00e8mes de plancher pelvien; il faut \u00e9galement comprendre la relation entre celui-ci et le reste du corps et savoir quand le traiter directement et quand regarder ailleurs. Je pense qu\u2019il est important d\u2019\u00e9largir la perception de ce que cela signifie d\u2019\u00eatre une \u00ab&nbsp;femme en sant\u00e9&nbsp;\u00bb, et qu\u2019il est essentiel de disposer de meilleures strat\u00e9gies de fonctionnement du thorax, du plancher pelvien et de la paroi abdominale. J\u2019aimerais contribuer \u00e0 ce changement de perception, aussi bien au sein de la profession qu\u2019en dehors.<\/p>\n\n\n\n<p><strong>Qu\u2019est-ce que la sp\u00e9cialisation clinique a chang\u00e9 dans votre pratique?<\/strong><\/p>\n\n\n\n<p>Honn\u00eatement, je ne pense pas que le r\u00f4le de sp\u00e9cialiste clinique change ma pratique. Je pense que \u00e7a change la perception que les autres physioth\u00e9rapeutes en sant\u00e9 des femmes ont de moi comme formatrice, parce que j\u2019ai relev\u00e9 ce rigoureux d\u00e9fi devant mes pairs pour \u00eatre consid\u00e9r\u00e9e comme une sp\u00e9cialiste en sant\u00e9 des femmes. Ce titre reconna\u00eet mes connaissances et mon expertise clinique, leur donne de la cr\u00e9dibilit\u00e9 et en confirme la pertinence pour les probl\u00e8mes de sant\u00e9 des femmes.<\/p>\n\n\n\n<h3 class=\"wp-block-heading\"><strong>Biographie<\/strong><\/h3>\n\n\n\n<p><em>Diane Lee, BSR, FCAMPT, CGIMS, RYT200<\/em><\/p>\n\n\n\n<p>Diane a obtenu avec distinction un baccalaur\u00e9at en sciences (r\u00e9adaptation) de l\u2019Universit\u00e9 de la Colombie\u2011Britannique en 1976. Elle est fellow de la Canadian Academy of Manipulative Therapy (CAMT) depuis 1981, elle a obtenu sa certification en stimulation intramusculaire (SIM) en 2001 et elle est reconnue comme instructrice de yoga depuis 2013; la m\u00eame ann\u00e9e, elle a obtenu une certification pour l\u2019examen du plancher pelvien. Elle est instructrice et examinatrice en chef pour la CAMT depuis plus de 20&nbsp;ans. Diane est \u00e9galement propri\u00e9taire et directrice de Diane Lee &amp; Associates (<a href=\"http:\/\/www.dianelee.ca\/\">www.dianelee.ca<\/a>), une clinique multidisciplinaire priv\u00e9e de physioth\u00e9rapie de South Surrey, en Colombie-Britannique, au Canada. De plus, c\u2019est la principale instructrice de Learn with Diane Lee (<a href=\"http:\/\/www.learn.dianelee.ca\/\">www.learn.dianelee.ca<\/a>).<\/p>\n\n\n\n<p>Diane donne des cours en ligne et en classe \u00e0 South Surrey, en Colombie-Britannique, de m\u00eame que dans tout le Canada et \u00e0 l\u2019\u00e9chelle internationale. Son principal cours porte sur les mod\u00e8les de syst\u00e8mes int\u00e9gr\u00e9s et fournit le mentorat clinique pr\u00e9alable \u00e0 la certification. Ce programme vise \u00e0 aider les cliniciens, peu importe leur exp\u00e9rience, \u00e0 devenir efficients et efficaces en acqu\u00e9rant des comp\u00e9tences solides en palpation et en raisonnement clinique.<\/p>\n\n\n\n<p>Diane a donn\u00e9 des conf\u00e9rences lors de nombreux rassemblements, notamment au World Congress on Low Back and Pelvic Pain; elle a \u00e9crit des chapitres dans plusieurs livres et a publi\u00e9 \u00e0 compte d\u2019auteur The Thorax \u2013 An Integrated Approach. Son livre, The Pelvic Girdle, a \u00e9t\u00e9 publi\u00e9 pour la premi\u00e8re fois aux \u00e9ditions Churchill Livingstone en 1989; il en est aujourd\u2019hui \u00e0 sa quatri\u00e8me&nbsp;\u00e9dition (2011) et a \u00e9t\u00e9 traduit en de nombreuses langues. Elle d\u00e9tient un brevet nord-am\u00e9ricain pour deux&nbsp;ceintures sacro\u2011iliaques, Com-Pressor et Baby Belly Beltmd. Dans le domaine de la recherche, elle continue \u00e0 \u00e9tudier le comportement de la paroi abdominale chez les femmes ayant un diastasis des grands droits et a re\u00e7u une bourse du Clinical Center of Research Excellence de l\u2019Universit\u00e9 du Queensland pour approfondir ces recherches.<\/p>\n\n\n\n<p>@DianeLeePT<\/p>\n","protected":false},"excerpt":{"rendered":"<p>Domaine de sp\u00e9cialit\u00e9 clinique&nbsp;:&nbsp;Sant\u00e9 des femmes Ann\u00e9e d\u2019obtention du dipl\u00f4me:&nbsp;1976 Loisirs:&nbsp;Pilates et randonn\u00e9e Secteurs d\u2019int\u00e9r\u00eat professionnel Clinique:\u00a0Aider les femmes \u00e0 retrouver des strat\u00e9gies optimales de fonctionnement apr\u00e8s une grossesse ou une blessure. Formation\u00a0:\u00a0Aider les physioth\u00e9rapeutes \u00e0 acqu\u00e9rir rapidement une expertise [&hellip;]<\/p>\n","protected":false},"author":1,"featured_media":0,"parent":0,"menu_order":0,"comment_status":"closed","ping_status":"closed","template":"","meta":{"inline_featured_image":false,"ep_exclude_from_search":false,"footnotes":""},"topic":[],"class_list":["post-6509","page","type-page","status-publish","hentry"],"acf":[],"yoast_head":"<!-- This site is optimized with the Yoast SEO plugin v24.7 - https:\/\/yoast.com\/wordpress\/plugins\/seo\/ -->\n<title>Diane Lee - Canadian Physiotherapy Association<\/title>\n<meta name=\"robots\" content=\"index, follow, max-snippet:-1, max-image-preview:large, max-video-preview:-1\" \/>\n<link rel=\"canonical\" href=\"https:\/\/physiotherapy.ca\/fr\/diane-lee\/\" \/>\n<meta property=\"og:locale\" content=\"fr_FR\" \/>\n<meta property=\"og:type\" content=\"article\" \/>\n<meta property=\"og:title\" content=\"Diane Lee - Canadian Physiotherapy Association\" \/>\n<meta property=\"og:description\" content=\"Domaine de sp\u00e9cialit\u00e9 clinique&nbsp;:&nbsp;Sant\u00e9 des femmes Ann\u00e9e d\u2019obtention du dipl\u00f4me:&nbsp;1976 Loisirs:&nbsp;Pilates et randonn\u00e9e Secteurs d\u2019int\u00e9r\u00eat professionnel Clinique:\u00a0Aider les femmes \u00e0 retrouver des strat\u00e9gies optimales de fonctionnement apr\u00e8s une grossesse ou une blessure. Formation\u00a0:\u00a0Aider les physioth\u00e9rapeutes \u00e0 acqu\u00e9rir rapidement une expertise [&hellip;]\" \/>\n<meta property=\"og:url\" content=\"https:\/\/physiotherapy.ca\/fr\/diane-lee\/\" \/>\n<meta property=\"og:site_name\" content=\"Canadian Physiotherapy Association\" \/>\n<meta property=\"article:modified_time\" content=\"2022-08-08T20:37:04+00:00\" \/>\n<meta property=\"og:image\" content=\"https:\/\/physiotherapy.ca\/app\/uploads\/2022\/08\/2017_nov_diane_lee-5557-683x1024.jpg\" \/>\n<meta name=\"twitter:card\" content=\"summary_large_image\" \/>\n<meta name=\"twitter:label1\" content=\"Est. reading time\" \/>\n\t<meta name=\"twitter:data1\" content=\"4 minutes\" \/>\n<script type=\"application\/ld+json\" class=\"yoast-schema-graph\">{\"@context\":\"https:\/\/schema.org\",\"@graph\":[{\"@type\":\"WebPage\",\"@id\":\"https:\/\/physiotherapy.ca\/fr\/diane-lee\/\",\"url\":\"https:\/\/physiotherapy.ca\/fr\/diane-lee\/\",\"name\":\"Diane Lee - Canadian Physiotherapy Association\",\"isPartOf\":{\"@id\":\"https:\/\/physiotherapy.ca\/#website\"},\"primaryImageOfPage\":{\"@id\":\"https:\/\/physiotherapy.ca\/fr\/diane-lee\/#primaryimage\"},\"image\":{\"@id\":\"https:\/\/physiotherapy.ca\/fr\/diane-lee\/#primaryimage\"},\"thumbnailUrl\":\"https:\/\/physiotherapy.ca\/app\/uploads\/2022\/08\/2017_nov_diane_lee-5557-683x1024.jpg\",\"datePublished\":\"2022-08-08T20:37:02+00:00\",\"dateModified\":\"2022-08-08T20:37:04+00:00\",\"breadcrumb\":{\"@id\":\"https:\/\/physiotherapy.ca\/fr\/diane-lee\/#breadcrumb\"},\"inLanguage\":\"fr-FR\",\"potentialAction\":[{\"@type\":\"ReadAction\",\"target\":[\"https:\/\/physiotherapy.ca\/fr\/diane-lee\/\"]}]},{\"@type\":\"ImageObject\",\"inLanguage\":\"fr-FR\",\"@id\":\"https:\/\/physiotherapy.ca\/fr\/diane-lee\/#primaryimage\",\"url\":\"https:\/\/physiotherapy.ca\/app\/uploads\/2022\/08\/2017_nov_diane_lee-5557-683x1024.jpg\",\"contentUrl\":\"https:\/\/physiotherapy.ca\/app\/uploads\/2022\/08\/2017_nov_diane_lee-5557-683x1024.jpg\"},{\"@type\":\"BreadcrumbList\",\"@id\":\"https:\/\/physiotherapy.ca\/fr\/diane-lee\/#breadcrumb\",\"itemListElement\":[{\"@type\":\"ListItem\",\"position\":1,\"name\":\"Home\",\"item\":\"https:\/\/physiotherapy.ca\/fr\/\"},{\"@type\":\"ListItem\",\"position\":2,\"name\":\"Diane Lee\"}]},{\"@type\":\"WebSite\",\"@id\":\"https:\/\/physiotherapy.ca\/#website\",\"url\":\"https:\/\/physiotherapy.ca\/\",\"name\":\"Canadian Physiotherapy Association\",\"description\":\"The Canadian Physiotherapy Association (CPA) represents over 16,000 physiotherapy professionals and students across Canada.\",\"potentialAction\":[{\"@type\":\"SearchAction\",\"target\":{\"@type\":\"EntryPoint\",\"urlTemplate\":\"https:\/\/physiotherapy.ca\/?s={search_term_string}\"},\"query-input\":{\"@type\":\"PropertyValueSpecification\",\"valueRequired\":true,\"valueName\":\"search_term_string\"}}],\"inLanguage\":\"fr-FR\"}]}<\/script>\n<!-- \/ Yoast SEO plugin. -->","yoast_head_json":{"title":"Diane Lee - Canadian Physiotherapy Association","robots":{"index":"index","follow":"follow","max-snippet":"max-snippet:-1","max-image-preview":"max-image-preview:large","max-video-preview":"max-video-preview:-1"},"canonical":"https:\/\/physiotherapy.ca\/fr\/diane-lee\/","og_locale":"fr_FR","og_type":"article","og_title":"Diane Lee - Canadian Physiotherapy Association","og_description":"Domaine de sp\u00e9cialit\u00e9 clinique&nbsp;:&nbsp;Sant\u00e9 des femmes Ann\u00e9e d\u2019obtention du dipl\u00f4me:&nbsp;1976 Loisirs:&nbsp;Pilates et randonn\u00e9e Secteurs d\u2019int\u00e9r\u00eat professionnel Clinique:\u00a0Aider les femmes \u00e0 retrouver des strat\u00e9gies optimales de fonctionnement apr\u00e8s une grossesse ou une blessure. Formation\u00a0:\u00a0Aider les physioth\u00e9rapeutes \u00e0 acqu\u00e9rir rapidement une expertise [&hellip;]","og_url":"https:\/\/physiotherapy.ca\/fr\/diane-lee\/","og_site_name":"Canadian Physiotherapy Association","article_modified_time":"2022-08-08T20:37:04+00:00","og_image":[{"url":"https:\/\/physiotherapy.ca\/app\/uploads\/2022\/08\/2017_nov_diane_lee-5557-683x1024.jpg","type":"","width":"","height":""}],"twitter_card":"summary_large_image","twitter_misc":{"Est. reading time":"4 minutes"},"schema":{"@context":"https:\/\/schema.org","@graph":[{"@type":"WebPage","@id":"https:\/\/physiotherapy.ca\/fr\/diane-lee\/","url":"https:\/\/physiotherapy.ca\/fr\/diane-lee\/","name":"Diane Lee - Canadian Physiotherapy Association","isPartOf":{"@id":"https:\/\/physiotherapy.ca\/#website"},"primaryImageOfPage":{"@id":"https:\/\/physiotherapy.ca\/fr\/diane-lee\/#primaryimage"},"image":{"@id":"https:\/\/physiotherapy.ca\/fr\/diane-lee\/#primaryimage"},"thumbnailUrl":"https:\/\/physiotherapy.ca\/app\/uploads\/2022\/08\/2017_nov_diane_lee-5557-683x1024.jpg","datePublished":"2022-08-08T20:37:02+00:00","dateModified":"2022-08-08T20:37:04+00:00","breadcrumb":{"@id":"https:\/\/physiotherapy.ca\/fr\/diane-lee\/#breadcrumb"},"inLanguage":"fr-FR","potentialAction":[{"@type":"ReadAction","target":["https:\/\/physiotherapy.ca\/fr\/diane-lee\/"]}]},{"@type":"ImageObject","inLanguage":"fr-FR","@id":"https:\/\/physiotherapy.ca\/fr\/diane-lee\/#primaryimage","url":"https:\/\/physiotherapy.ca\/app\/uploads\/2022\/08\/2017_nov_diane_lee-5557-683x1024.jpg","contentUrl":"https:\/\/physiotherapy.ca\/app\/uploads\/2022\/08\/2017_nov_diane_lee-5557-683x1024.jpg"},{"@type":"BreadcrumbList","@id":"https:\/\/physiotherapy.ca\/fr\/diane-lee\/#breadcrumb","itemListElement":[{"@type":"ListItem","position":1,"name":"Home","item":"https:\/\/physiotherapy.ca\/fr\/"},{"@type":"ListItem","position":2,"name":"Diane Lee"}]},{"@type":"WebSite","@id":"https:\/\/physiotherapy.ca\/#website","url":"https:\/\/physiotherapy.ca\/","name":"Canadian Physiotherapy Association","description":"The Canadian Physiotherapy Association (CPA) represents over 16,000 physiotherapy professionals and students across Canada.","potentialAction":[{"@type":"SearchAction","target":{"@type":"EntryPoint","urlTemplate":"https:\/\/physiotherapy.ca\/?s={search_term_string}"},"query-input":{"@type":"PropertyValueSpecification","valueRequired":true,"valueName":"search_term_string"}}],"inLanguage":"fr-FR"}]}},"_links":{"self":[{"href":"https:\/\/physiotherapy.ca\/fr\/wp-json\/wp\/v2\/pages\/6509","targetHints":{"allow":["GET"]}}],"collection":[{"href":"https:\/\/physiotherapy.ca\/fr\/wp-json\/wp\/v2\/pages"}],"about":[{"href":"https:\/\/physiotherapy.ca\/fr\/wp-json\/wp\/v2\/types\/page"}],"author":[{"embeddable":true,"href":"https:\/\/physiotherapy.ca\/fr\/wp-json\/wp\/v2\/users\/1"}],"replies":[{"embeddable":true,"href":"https:\/\/physiotherapy.ca\/fr\/wp-json\/wp\/v2\/comments?post=6509"}],"version-history":[{"count":5,"href":"https:\/\/physiotherapy.ca\/fr\/wp-json\/wp\/v2\/pages\/6509\/revisions"}],"predecessor-version":[{"id":6514,"href":"https:\/\/physiotherapy.ca\/fr\/wp-json\/wp\/v2\/pages\/6509\/revisions\/6514"}],"wp:attachment":[{"href":"https:\/\/physiotherapy.ca\/fr\/wp-json\/wp\/v2\/media?parent=6509"}],"wp:term":[{"taxonomy":"topic","embeddable":true,"href":"https:\/\/physiotherapy.ca\/fr\/wp-json\/wp\/v2\/topic?post=6509"}],"curies":[{"name":"wp","href":"https:\/\/api.w.org\/{rel}","templated":true}]}}