{"id":664,"date":"2022-04-28T08:12:25","date_gmt":"2022-04-28T12:12:25","guid":{"rendered":"https:\/\/physiotherapy.ca\/?page_id=664"},"modified":"2022-04-28T08:19:23","modified_gmt":"2022-04-28T12:19:23","slug":"verify-account","status":"publish","type":"page","link":"https:\/\/physiotherapy.ca\/fr\/verify-account\/","title":{"rendered":"V\u00e9rifier votre compte"},"content":{"rendered":"\n<p>Veuillez v\u00e9rifier vos courriels et cliquez sur Activer le compte dans le message que nous vous avons envoy\u00e9.<\/p>\n\n\n\n<p>Si vous ne recevez pas le courriel, v\u00e9rifiez votre dossier de courrier ind\u00e9sirable.<\/p>\n","protected":false},"excerpt":{"rendered":"<p>Veuillez v\u00e9rifier vos courriels et cliquez sur Activer le compte dans le message que nous vous avons envoy\u00e9. Si vous ne recevez pas le courriel, v\u00e9rifiez votre dossier de courrier ind\u00e9sirable.<\/p>\n","protected":false},"author":1,"featured_media":0,"parent":0,"menu_order":0,"comment_status":"closed","ping_status":"closed","template":"","meta":{"inline_featured_image":false,"ep_exclude_from_search":false,"footnotes":""},"topic":[],"class_list":["post-664","page","type-page","status-publish","hentry"],"acf":[],"yoast_head":"<!-- This site is optimized with the Yoast SEO plugin v24.7 - https:\/\/yoast.com\/wordpress\/plugins\/seo\/ -->\n<title>V\u00e9rifier votre compte - Canadian Physiotherapy Association<\/title>\n<meta name=\"robots\" content=\"index, follow, max-snippet:-1, max-image-preview:large, max-video-preview:-1\" \/>\n<link rel=\"canonical\" href=\"https:\/\/physiotherapy.ca\/fr\/verify-account\/\" \/>\n<meta property=\"og:locale\" content=\"fr_FR\" \/>\n<meta property=\"og:type\" content=\"article\" \/>\n<meta property=\"og:title\" content=\"V\u00e9rifier votre compte - Canadian Physiotherapy Association\" \/>\n<meta property=\"og:description\" content=\"Veuillez v\u00e9rifier vos courriels et cliquez sur Activer le compte dans le message que nous vous avons envoy\u00e9. Si vous ne recevez pas le courriel, v\u00e9rifiez votre dossier de courrier ind\u00e9sirable.\" \/>\n<meta property=\"og:url\" content=\"https:\/\/physiotherapy.ca\/fr\/verify-account\/\" \/>\n<meta property=\"og:site_name\" content=\"Canadian Physiotherapy Association\" \/>\n<meta property=\"article:modified_time\" content=\"2022-04-28T12:19:23+00:00\" \/>\n<meta name=\"twitter:card\" content=\"summary_large_image\" \/>\n<script type=\"application\/ld+json\" class=\"yoast-schema-graph\">{\"@context\":\"https:\/\/schema.org\",\"@graph\":[{\"@type\":\"WebPage\",\"@id\":\"https:\/\/physiotherapy.ca\/fr\/verify-account\/\",\"url\":\"https:\/\/physiotherapy.ca\/fr\/verify-account\/\",\"name\":\"V\u00e9rifier votre compte - Canadian Physiotherapy Association\",\"isPartOf\":{\"@id\":\"https:\/\/physiotherapy.ca\/#website\"},\"datePublished\":\"2022-04-28T12:12:25+00:00\",\"dateModified\":\"2022-04-28T12:19:23+00:00\",\"breadcrumb\":{\"@id\":\"https:\/\/physiotherapy.ca\/fr\/verify-account\/#breadcrumb\"},\"inLanguage\":\"fr-FR\",\"potentialAction\":[{\"@type\":\"ReadAction\",\"target\":[\"https:\/\/physiotherapy.ca\/fr\/verify-account\/\"]}]},{\"@type\":\"BreadcrumbList\",\"@id\":\"https:\/\/physiotherapy.ca\/fr\/verify-account\/#breadcrumb\",\"itemListElement\":[{\"@type\":\"ListItem\",\"position\":1,\"name\":\"Home\",\"item\":\"https:\/\/physiotherapy.ca\/fr\/\"},{\"@type\":\"ListItem\",\"position\":2,\"name\":\"V\u00e9rifier votre compte\"}]},{\"@type\":\"WebSite\",\"@id\":\"https:\/\/physiotherapy.ca\/#website\",\"url\":\"https:\/\/physiotherapy.ca\/\",\"name\":\"Canadian Physiotherapy Association\",\"description\":\"The Canadian Physiotherapy Association (CPA) represents over 16,000 physiotherapy professionals and students across Canada.\",\"potentialAction\":[{\"@type\":\"SearchAction\",\"target\":{\"@type\":\"EntryPoint\",\"urlTemplate\":\"https:\/\/physiotherapy.ca\/?s={search_term_string}\"},\"query-input\":{\"@type\":\"PropertyValueSpecification\",\"valueRequired\":true,\"valueName\":\"search_term_string\"}}],\"inLanguage\":\"fr-FR\"}]}<\/script>\n<!-- \/ Yoast SEO plugin. -->","yoast_head_json":{"title":"V\u00e9rifier votre compte - Canadian Physiotherapy Association","robots":{"index":"index","follow":"follow","max-snippet":"max-snippet:-1","max-image-preview":"max-image-preview:large","max-video-preview":"max-video-preview:-1"},"canonical":"https:\/\/physiotherapy.ca\/fr\/verify-account\/","og_locale":"fr_FR","og_type":"article","og_title":"V\u00e9rifier votre compte - Canadian Physiotherapy Association","og_description":"Veuillez v\u00e9rifier vos courriels et cliquez sur Activer le compte dans le message que nous vous avons envoy\u00e9. Si vous ne recevez pas le courriel, v\u00e9rifiez votre dossier de courrier ind\u00e9sirable.","og_url":"https:\/\/physiotherapy.ca\/fr\/verify-account\/","og_site_name":"Canadian Physiotherapy Association","article_modified_time":"2022-04-28T12:19:23+00:00","twitter_card":"summary_large_image","schema":{"@context":"https:\/\/schema.org","@graph":[{"@type":"WebPage","@id":"https:\/\/physiotherapy.ca\/fr\/verify-account\/","url":"https:\/\/physiotherapy.ca\/fr\/verify-account\/","name":"V\u00e9rifier votre compte - Canadian Physiotherapy Association","isPartOf":{"@id":"https:\/\/physiotherapy.ca\/#website"},"datePublished":"2022-04-28T12:12:25+00:00","dateModified":"2022-04-28T12:19:23+00:00","breadcrumb":{"@id":"https:\/\/physiotherapy.ca\/fr\/verify-account\/#breadcrumb"},"inLanguage":"fr-FR","potentialAction":[{"@type":"ReadAction","target":["https:\/\/physiotherapy.ca\/fr\/verify-account\/"]}]},{"@type":"BreadcrumbList","@id":"https:\/\/physiotherapy.ca\/fr\/verify-account\/#breadcrumb","itemListElement":[{"@type":"ListItem","position":1,"name":"Home","item":"https:\/\/physiotherapy.ca\/fr\/"},{"@type":"ListItem","position":2,"name":"V\u00e9rifier votre compte"}]},{"@type":"WebSite","@id":"https:\/\/physiotherapy.ca\/#website","url":"https:\/\/physiotherapy.ca\/","name":"Canadian Physiotherapy Association","description":"The Canadian Physiotherapy Association (CPA) represents over 16,000 physiotherapy professionals and students across Canada.","potentialAction":[{"@type":"SearchAction","target":{"@type":"EntryPoint","urlTemplate":"https:\/\/physiotherapy.ca\/?s={search_term_string}"},"query-input":{"@type":"PropertyValueSpecification","valueRequired":true,"valueName":"search_term_string"}}],"inLanguage":"fr-FR"}]}},"_links":{"self":[{"href":"https:\/\/physiotherapy.ca\/fr\/wp-json\/wp\/v2\/pages\/664","targetHints":{"allow":["GET"]}}],"collection":[{"href":"https:\/\/physiotherapy.ca\/fr\/wp-json\/wp\/v2\/pages"}],"about":[{"href":"https:\/\/physiotherapy.ca\/fr\/wp-json\/wp\/v2\/types\/page"}],"author":[{"embeddable":true,"href":"https:\/\/physiotherapy.ca\/fr\/wp-json\/wp\/v2\/users\/1"}],"replies":[{"embeddable":true,"href":"https:\/\/physiotherapy.ca\/fr\/wp-json\/wp\/v2\/comments?post=664"}],"version-history":[{"count":2,"href":"https:\/\/physiotherapy.ca\/fr\/wp-json\/wp\/v2\/pages\/664\/revisions"}],"predecessor-version":[{"id":666,"href":"https:\/\/physiotherapy.ca\/fr\/wp-json\/wp\/v2\/pages\/664\/revisions\/666"}],"wp:attachment":[{"href":"https:\/\/physiotherapy.ca\/fr\/wp-json\/wp\/v2\/media?parent=664"}],"wp:term":[{"taxonomy":"topic","embeddable":true,"href":"https:\/\/physiotherapy.ca\/fr\/wp-json\/wp\/v2\/topic?post=664"}],"curies":[{"name":"wp","href":"https:\/\/api.w.org\/{rel}","templated":true}]}}