{"id":6737,"date":"2022-08-08T18:43:57","date_gmt":"2022-08-08T22:43:57","guid":{"rendered":"https:\/\/physiotherapy.ca\/?page_id=6737"},"modified":"2022-08-08T18:43:58","modified_gmt":"2022-08-08T22:43:58","slug":"assurance-quels-sont-mes-besoins","status":"publish","type":"page","link":"https:\/\/physiotherapy.ca\/fr\/assurance-quels-sont-mes-besoins\/","title":{"rendered":"Assurance : Quels sont mes besoins?"},"content":{"rendered":"\n<p><strong>Bonne nouvelle!&nbsp;<\/strong>Les membres de l\u2019ACP ont maintenant droit \u00e0 une assurance responsabilit\u00e9 compl\u00e8te li\u00e9e aux pratiques d\u2019emploi, qui prot\u00e8ge les propri\u00e9taires d\u2019entreprise des all\u00e9gations de violation des pratiques d\u2019emploi. Cette police couvre les co\u00fbts associ\u00e9s aux dommages-int\u00e9r\u00eats, aux jugements, aux r\u00e8glements et \u00e0 la d\u00e9fense que vous seriez tenu de payer \u00e0 la suite d\u2019une r\u00e9clamation.<\/p>\n\n\n\n<p>Pour en savoir plus et souscrire une assurance responsabilit\u00e9 li\u00e9e aux pratiques d\u2019emploi, visitez&nbsp;<a href=\"http:\/\/www.cpa.bmsgroup.com\/\">www.cpa.bmsgroup.com<\/a>.<\/p>\n\n\n\n<h3 class=\"wp-block-heading\">Qui dit donn\u00e9es dit risques<\/h3>\n\n\n\n<p>La cybers\u00e9curit\u00e9 est l\u2019un des secteurs de risque qui \u00e9voluent le plus rapidement selon Beazley plc, l\u2019un des principaux fournisseurs d\u2019assurance contre les atteintes \u00e0 la protection des donn\u00e9es. Toute personne qui conserve ou transmet \u00e9lectroniquement des renseignements sur un patient (sur un ordinateur de bureau ou portable, un appareil mobile ou un autre support \u00e9lectronique) s\u2019expose aux cyberrisques.<\/p>\n\n\n\n<p><strong>Bonne nouvelle!&nbsp;<\/strong>Les membres de l\u2019ACP ont acc\u00e8s \u00e0 une couverture compl\u00e8te en mati\u00e8re de responsabilit\u00e9 informatique et de confidentialit\u00e9, qui couvre&nbsp;notamment&nbsp;:<\/p>\n\n\n\n<ul class=\"wp-block-list\"><li>le versement de dommages-int\u00e9r\u00eats \u00e0 un tiers, ainsi que vos frais de d\u00e9fense;<\/li><li>les co\u00fbts associ\u00e9s \u00e0 l\u2019enqu\u00eate sur la cause de l\u2019atteinte \u00e0 la protection des donn\u00e9es;<\/li><li>les co\u00fbts associ\u00e9s \u00e0 la notification des personnes touch\u00e9es par l\u2019atteinte; &nbsp;<\/li><li>les frais de d\u00e9fense et les sanctions d\u00e9coulant d\u2019une violation \u00e0 une loi sur la protection des renseignements personnels;<\/li><li>la fraude par logiciel de ran\u00e7on.<\/li><\/ul>\n\n\n\n<p>Pour en savoir plus et souscrire une couverture en mati\u00e8re de responsabilit\u00e9 informatique et de confidentialit\u00e9, visitez&nbsp;<a href=\"http:\/\/www.cpa.bmsgroup.com\/\">www.cpa.bmsgroup.com<\/a>.<\/p>\n\n\n\n<p><strong>Pour en apprendre plus sur l\u2019assurance responsabilit\u00e9 li\u00e9e aux pratiques d\u2019emploi, la couverture en mati\u00e8re de responsabilit\u00e9 informatique et de confidentialit\u00e9 et d\u2019autres protections adapt\u00e9es \u00e0 la physioth\u00e9rapie, consultez\u00a0:\u00a0<a href=\"https:\/\/physiotherapy.ca\/app\/uploads\/2022\/08\/what_coverage_do_i_need_2020_fr.pdf\">Quels sont mes besoins d\u2019assurance?<\/a><\/strong><\/p>\n","protected":false},"excerpt":{"rendered":"<p>Bonne nouvelle!&nbsp;Les membres de l\u2019ACP ont maintenant droit \u00e0 une assurance responsabilit\u00e9 compl\u00e8te li\u00e9e aux pratiques d\u2019emploi, qui prot\u00e8ge les propri\u00e9taires d\u2019entreprise des all\u00e9gations de violation des pratiques d\u2019emploi. Cette police couvre les co\u00fbts associ\u00e9s aux dommages-int\u00e9r\u00eats, aux jugements, aux [&hellip;]<\/p>\n","protected":false},"author":1,"featured_media":0,"parent":0,"menu_order":0,"comment_status":"closed","ping_status":"closed","template":"","meta":{"inline_featured_image":false,"ep_exclude_from_search":false,"footnotes":""},"topic":[],"class_list":["post-6737","page","type-page","status-publish","hentry"],"acf":[],"yoast_head":"<!-- This site is optimized with the Yoast SEO plugin v24.7 - https:\/\/yoast.com\/wordpress\/plugins\/seo\/ -->\n<title>Assurance : Quels sont mes besoins? - Canadian Physiotherapy Association<\/title>\n<meta name=\"robots\" content=\"index, follow, max-snippet:-1, max-image-preview:large, max-video-preview:-1\" \/>\n<link rel=\"canonical\" href=\"https:\/\/physiotherapy.ca\/fr\/assurance-quels-sont-mes-besoins\/\" \/>\n<meta property=\"og:locale\" content=\"fr_FR\" \/>\n<meta property=\"og:type\" content=\"article\" \/>\n<meta property=\"og:title\" content=\"Assurance : Quels sont mes besoins? - Canadian Physiotherapy Association\" \/>\n<meta property=\"og:description\" content=\"Bonne nouvelle!&nbsp;Les membres de l\u2019ACP ont maintenant droit \u00e0 une assurance responsabilit\u00e9 compl\u00e8te li\u00e9e aux pratiques d\u2019emploi, qui prot\u00e8ge les propri\u00e9taires d\u2019entreprise des all\u00e9gations de violation des pratiques d\u2019emploi. Cette police couvre les co\u00fbts associ\u00e9s aux dommages-int\u00e9r\u00eats, aux jugements, aux [&hellip;]\" \/>\n<meta property=\"og:url\" content=\"https:\/\/physiotherapy.ca\/fr\/assurance-quels-sont-mes-besoins\/\" \/>\n<meta property=\"og:site_name\" content=\"Canadian Physiotherapy Association\" \/>\n<meta property=\"article:modified_time\" content=\"2022-08-08T22:43:58+00:00\" \/>\n<meta name=\"twitter:card\" content=\"summary_large_image\" \/>\n<meta name=\"twitter:label1\" content=\"Est. reading time\" \/>\n\t<meta name=\"twitter:data1\" content=\"2 minutes\" \/>\n<script type=\"application\/ld+json\" class=\"yoast-schema-graph\">{\"@context\":\"https:\/\/schema.org\",\"@graph\":[{\"@type\":\"WebPage\",\"@id\":\"https:\/\/physiotherapy.ca\/fr\/assurance-quels-sont-mes-besoins\/\",\"url\":\"https:\/\/physiotherapy.ca\/fr\/assurance-quels-sont-mes-besoins\/\",\"name\":\"Assurance : Quels sont mes besoins? - Canadian Physiotherapy Association\",\"isPartOf\":{\"@id\":\"https:\/\/physiotherapy.ca\/#website\"},\"datePublished\":\"2022-08-08T22:43:57+00:00\",\"dateModified\":\"2022-08-08T22:43:58+00:00\",\"breadcrumb\":{\"@id\":\"https:\/\/physiotherapy.ca\/fr\/assurance-quels-sont-mes-besoins\/#breadcrumb\"},\"inLanguage\":\"fr-FR\",\"potentialAction\":[{\"@type\":\"ReadAction\",\"target\":[\"https:\/\/physiotherapy.ca\/fr\/assurance-quels-sont-mes-besoins\/\"]}]},{\"@type\":\"BreadcrumbList\",\"@id\":\"https:\/\/physiotherapy.ca\/fr\/assurance-quels-sont-mes-besoins\/#breadcrumb\",\"itemListElement\":[{\"@type\":\"ListItem\",\"position\":1,\"name\":\"Home\",\"item\":\"https:\/\/physiotherapy.ca\/fr\/\"},{\"@type\":\"ListItem\",\"position\":2,\"name\":\"Assurance : Quels sont mes besoins?\"}]},{\"@type\":\"WebSite\",\"@id\":\"https:\/\/physiotherapy.ca\/#website\",\"url\":\"https:\/\/physiotherapy.ca\/\",\"name\":\"Canadian Physiotherapy Association\",\"description\":\"The Canadian Physiotherapy Association (CPA) represents over 16,000 physiotherapy professionals and students across Canada.\",\"potentialAction\":[{\"@type\":\"SearchAction\",\"target\":{\"@type\":\"EntryPoint\",\"urlTemplate\":\"https:\/\/physiotherapy.ca\/?s={search_term_string}\"},\"query-input\":{\"@type\":\"PropertyValueSpecification\",\"valueRequired\":true,\"valueName\":\"search_term_string\"}}],\"inLanguage\":\"fr-FR\"}]}<\/script>\n<!-- \/ Yoast SEO plugin. -->","yoast_head_json":{"title":"Assurance : Quels sont mes besoins? - Canadian Physiotherapy Association","robots":{"index":"index","follow":"follow","max-snippet":"max-snippet:-1","max-image-preview":"max-image-preview:large","max-video-preview":"max-video-preview:-1"},"canonical":"https:\/\/physiotherapy.ca\/fr\/assurance-quels-sont-mes-besoins\/","og_locale":"fr_FR","og_type":"article","og_title":"Assurance : Quels sont mes besoins? - Canadian Physiotherapy Association","og_description":"Bonne nouvelle!&nbsp;Les membres de l\u2019ACP ont maintenant droit \u00e0 une assurance responsabilit\u00e9 compl\u00e8te li\u00e9e aux pratiques d\u2019emploi, qui prot\u00e8ge les propri\u00e9taires d\u2019entreprise des all\u00e9gations de violation des pratiques d\u2019emploi. Cette police couvre les co\u00fbts associ\u00e9s aux dommages-int\u00e9r\u00eats, aux jugements, aux [&hellip;]","og_url":"https:\/\/physiotherapy.ca\/fr\/assurance-quels-sont-mes-besoins\/","og_site_name":"Canadian Physiotherapy Association","article_modified_time":"2022-08-08T22:43:58+00:00","twitter_card":"summary_large_image","twitter_misc":{"Est. reading time":"2 minutes"},"schema":{"@context":"https:\/\/schema.org","@graph":[{"@type":"WebPage","@id":"https:\/\/physiotherapy.ca\/fr\/assurance-quels-sont-mes-besoins\/","url":"https:\/\/physiotherapy.ca\/fr\/assurance-quels-sont-mes-besoins\/","name":"Assurance : Quels sont mes besoins? - Canadian Physiotherapy Association","isPartOf":{"@id":"https:\/\/physiotherapy.ca\/#website"},"datePublished":"2022-08-08T22:43:57+00:00","dateModified":"2022-08-08T22:43:58+00:00","breadcrumb":{"@id":"https:\/\/physiotherapy.ca\/fr\/assurance-quels-sont-mes-besoins\/#breadcrumb"},"inLanguage":"fr-FR","potentialAction":[{"@type":"ReadAction","target":["https:\/\/physiotherapy.ca\/fr\/assurance-quels-sont-mes-besoins\/"]}]},{"@type":"BreadcrumbList","@id":"https:\/\/physiotherapy.ca\/fr\/assurance-quels-sont-mes-besoins\/#breadcrumb","itemListElement":[{"@type":"ListItem","position":1,"name":"Home","item":"https:\/\/physiotherapy.ca\/fr\/"},{"@type":"ListItem","position":2,"name":"Assurance : Quels sont mes besoins?"}]},{"@type":"WebSite","@id":"https:\/\/physiotherapy.ca\/#website","url":"https:\/\/physiotherapy.ca\/","name":"Canadian Physiotherapy Association","description":"The Canadian Physiotherapy Association (CPA) represents over 16,000 physiotherapy professionals and students across Canada.","potentialAction":[{"@type":"SearchAction","target":{"@type":"EntryPoint","urlTemplate":"https:\/\/physiotherapy.ca\/?s={search_term_string}"},"query-input":{"@type":"PropertyValueSpecification","valueRequired":true,"valueName":"search_term_string"}}],"inLanguage":"fr-FR"}]}},"_links":{"self":[{"href":"https:\/\/physiotherapy.ca\/fr\/wp-json\/wp\/v2\/pages\/6737","targetHints":{"allow":["GET"]}}],"collection":[{"href":"https:\/\/physiotherapy.ca\/fr\/wp-json\/wp\/v2\/pages"}],"about":[{"href":"https:\/\/physiotherapy.ca\/fr\/wp-json\/wp\/v2\/types\/page"}],"author":[{"embeddable":true,"href":"https:\/\/physiotherapy.ca\/fr\/wp-json\/wp\/v2\/users\/1"}],"replies":[{"embeddable":true,"href":"https:\/\/physiotherapy.ca\/fr\/wp-json\/wp\/v2\/comments?post=6737"}],"version-history":[{"count":3,"href":"https:\/\/physiotherapy.ca\/fr\/wp-json\/wp\/v2\/pages\/6737\/revisions"}],"predecessor-version":[{"id":6742,"href":"https:\/\/physiotherapy.ca\/fr\/wp-json\/wp\/v2\/pages\/6737\/revisions\/6742"}],"wp:attachment":[{"href":"https:\/\/physiotherapy.ca\/fr\/wp-json\/wp\/v2\/media?parent=6737"}],"wp:term":[{"taxonomy":"topic","embeddable":true,"href":"https:\/\/physiotherapy.ca\/fr\/wp-json\/wp\/v2\/topic?post=6737"}],"curies":[{"name":"wp","href":"https:\/\/api.w.org\/{rel}","templated":true}]}}