{"id":6744,"date":"2022-08-08T18:47:05","date_gmt":"2022-08-08T22:47:05","guid":{"rendered":"https:\/\/physiotherapy.ca\/?page_id=6744"},"modified":"2022-08-08T18:47:07","modified_gmt":"2022-08-08T22:47:07","slug":"avis-de-plainte","status":"publish","type":"page","link":"https:\/\/physiotherapy.ca\/fr\/avis-de-plainte\/","title":{"rendered":"Avis de plainte"},"content":{"rendered":"\n<h4 class=\"wp-block-heading\"><strong>Que faire?<\/strong><\/h4>\n\n\n\n<p><strong>Essayer de r\u00e9soudre la situation tout seul, avec l\u2019aide de votre employeur?<\/strong><\/p>\n\n\n\n<p>ou<\/p>\n\n\n\n<p><strong>Rapporter la plainte \u00e0 votre assureur?<\/strong><\/p>\n\n\n\n<h4 class=\"wp-block-heading\">R\u00e9ponse<\/h4>\n\n\n\n<p>Il n\u2019y a aucun doute&nbsp;: il faut signaler la plainte \u00e0 votre assureur. C\u2019est toujours dans votre int\u00e9r\u00eat de le faire, m\u00eame si le probl\u00e8me semble sans importance. En fait, votre police d\u2019assurance responsabilit\u00e9 professionnelle de l\u2019ACP exige que vous rapportiez toute r\u00e9clamation r\u00e9elle ou potentielle d\u00e8s que possible.<\/p>\n\n\n\n<p>Si vous essayez de r\u00e9soudre le probl\u00e8me seul, vous pouvez mettre en p\u00e9ril votre couverture d\u2019assurance et les services de conseils juridiques pr\u00e9vus par la police de l\u2019ACP. L\u2019ACP a \u00e9t\u00e9 mise au fait de situations o\u00f9 les physioth\u00e9rapeutes ont demand\u00e9 des avis juridiques ind\u00e9pendants, mais, pour diverses raisons, ont d\u00e9cid\u00e9 par la suite d\u2019utiliser leur police d\u2019assurance \u00e0 une date ult\u00e9rieure. Si la p\u00e9riode de signaler&nbsp;est d\u00e9pass\u00e9e, vous risquez de voir votre r\u00e9clamation rejet\u00e9e et de devoir assumer vos frais d\u2019avocat et autres frais associ\u00e9s.<\/p>\n\n\n\n<p>Lorsque vous rapportez une r\u00e9clamation, vous parlez en toute confiance avec un sp\u00e9cialiste qui \u00e9tudie votre police d\u2019assurance et votre couverture et vous aide \u00e0 franchir les diff\u00e9rentes \u00e9tapes, et notamment \u00e0 coordonner les services juridiques, le cas \u00e9ch\u00e9ant. Le fait de signaler une r\u00e9clamation ne limite pas la possibilit\u00e9 d\u2019\u00eatre couvert dans l\u2019avenir. Il ne s\u2019agit pas d\u2019une assurance automobile \u2013 vos primes ne vont pas augmenter \u00e0 cause d\u2019une r\u00e9clamation.<\/p>\n\n\n\n<p>Ne mettez pas en p\u00e9ril votre couverture et vos services juridiques. En communiquant avec votre repr\u00e9sentant aux r\u00e9clamations, vous aurez l\u2019esprit tranquille, car vous saurez que des experts en assurance responsabilit\u00e9 professionnelle travaillent avec vous pour atteindre le meilleur r\u00e9sultat possible pour toutes les parties.<\/p>\n\n\n\n<p><strong>Pour signaler une r\u00e9clamation en assurance responsabilit\u00e9 professionnelle, appelez\u00a0votre repr\u00e9sentant aux r\u00e9clamations chez\u00a0Crawford :\u00a01-800-699-0914 ou\u00a0<a href=\"mailto:BMSclaims@crawco.ca\">BMSclaims@crawco.ca<\/a>.<\/strong><\/p>\n","protected":false},"excerpt":{"rendered":"<p>Que faire? Essayer de r\u00e9soudre la situation tout seul, avec l\u2019aide de votre employeur? ou Rapporter la plainte \u00e0 votre assureur? R\u00e9ponse Il n\u2019y a aucun doute&nbsp;: il faut signaler la plainte \u00e0 votre assureur. C\u2019est toujours dans votre int\u00e9r\u00eat [&hellip;]<\/p>\n","protected":false},"author":1,"featured_media":0,"parent":0,"menu_order":0,"comment_status":"closed","ping_status":"closed","template":"","meta":{"inline_featured_image":false,"ep_exclude_from_search":false,"footnotes":""},"topic":[],"class_list":["post-6744","page","type-page","status-publish","hentry"],"acf":[],"yoast_head":"<!-- This site is optimized with the Yoast SEO plugin v24.7 - https:\/\/yoast.com\/wordpress\/plugins\/seo\/ -->\n<title>Avis de plainte - Canadian Physiotherapy Association<\/title>\n<meta name=\"robots\" content=\"index, follow, max-snippet:-1, max-image-preview:large, max-video-preview:-1\" \/>\n<link rel=\"canonical\" href=\"https:\/\/physiotherapy.ca\/fr\/avis-de-plainte\/\" \/>\n<meta property=\"og:locale\" content=\"fr_FR\" \/>\n<meta property=\"og:type\" content=\"article\" \/>\n<meta property=\"og:title\" content=\"Avis de plainte - Canadian Physiotherapy Association\" \/>\n<meta property=\"og:description\" content=\"Que faire? Essayer de r\u00e9soudre la situation tout seul, avec l\u2019aide de votre employeur? ou Rapporter la plainte \u00e0 votre assureur? R\u00e9ponse Il n\u2019y a aucun doute&nbsp;: il faut signaler la plainte \u00e0 votre assureur. C\u2019est toujours dans votre int\u00e9r\u00eat [&hellip;]\" \/>\n<meta property=\"og:url\" content=\"https:\/\/physiotherapy.ca\/fr\/avis-de-plainte\/\" \/>\n<meta property=\"og:site_name\" content=\"Canadian Physiotherapy Association\" \/>\n<meta property=\"article:modified_time\" content=\"2022-08-08T22:47:07+00:00\" \/>\n<meta name=\"twitter:card\" content=\"summary_large_image\" \/>\n<meta name=\"twitter:label1\" content=\"Est. reading time\" \/>\n\t<meta name=\"twitter:data1\" content=\"2 minutes\" \/>\n<script type=\"application\/ld+json\" class=\"yoast-schema-graph\">{\"@context\":\"https:\/\/schema.org\",\"@graph\":[{\"@type\":\"WebPage\",\"@id\":\"https:\/\/physiotherapy.ca\/fr\/avis-de-plainte\/\",\"url\":\"https:\/\/physiotherapy.ca\/fr\/avis-de-plainte\/\",\"name\":\"Avis de plainte - Canadian Physiotherapy Association\",\"isPartOf\":{\"@id\":\"https:\/\/physiotherapy.ca\/#website\"},\"datePublished\":\"2022-08-08T22:47:05+00:00\",\"dateModified\":\"2022-08-08T22:47:07+00:00\",\"breadcrumb\":{\"@id\":\"https:\/\/physiotherapy.ca\/fr\/avis-de-plainte\/#breadcrumb\"},\"inLanguage\":\"fr-FR\",\"potentialAction\":[{\"@type\":\"ReadAction\",\"target\":[\"https:\/\/physiotherapy.ca\/fr\/avis-de-plainte\/\"]}]},{\"@type\":\"BreadcrumbList\",\"@id\":\"https:\/\/physiotherapy.ca\/fr\/avis-de-plainte\/#breadcrumb\",\"itemListElement\":[{\"@type\":\"ListItem\",\"position\":1,\"name\":\"Home\",\"item\":\"https:\/\/physiotherapy.ca\/fr\/\"},{\"@type\":\"ListItem\",\"position\":2,\"name\":\"Avis de plainte\"}]},{\"@type\":\"WebSite\",\"@id\":\"https:\/\/physiotherapy.ca\/#website\",\"url\":\"https:\/\/physiotherapy.ca\/\",\"name\":\"Canadian Physiotherapy Association\",\"description\":\"The Canadian Physiotherapy Association (CPA) represents over 16,000 physiotherapy professionals and students across Canada.\",\"potentialAction\":[{\"@type\":\"SearchAction\",\"target\":{\"@type\":\"EntryPoint\",\"urlTemplate\":\"https:\/\/physiotherapy.ca\/?s={search_term_string}\"},\"query-input\":{\"@type\":\"PropertyValueSpecification\",\"valueRequired\":true,\"valueName\":\"search_term_string\"}}],\"inLanguage\":\"fr-FR\"}]}<\/script>\n<!-- \/ Yoast SEO plugin. -->","yoast_head_json":{"title":"Avis de plainte - Canadian Physiotherapy Association","robots":{"index":"index","follow":"follow","max-snippet":"max-snippet:-1","max-image-preview":"max-image-preview:large","max-video-preview":"max-video-preview:-1"},"canonical":"https:\/\/physiotherapy.ca\/fr\/avis-de-plainte\/","og_locale":"fr_FR","og_type":"article","og_title":"Avis de plainte - Canadian Physiotherapy Association","og_description":"Que faire? Essayer de r\u00e9soudre la situation tout seul, avec l\u2019aide de votre employeur? ou Rapporter la plainte \u00e0 votre assureur? R\u00e9ponse Il n\u2019y a aucun doute&nbsp;: il faut signaler la plainte \u00e0 votre assureur. C\u2019est toujours dans votre int\u00e9r\u00eat [&hellip;]","og_url":"https:\/\/physiotherapy.ca\/fr\/avis-de-plainte\/","og_site_name":"Canadian Physiotherapy Association","article_modified_time":"2022-08-08T22:47:07+00:00","twitter_card":"summary_large_image","twitter_misc":{"Est. reading time":"2 minutes"},"schema":{"@context":"https:\/\/schema.org","@graph":[{"@type":"WebPage","@id":"https:\/\/physiotherapy.ca\/fr\/avis-de-plainte\/","url":"https:\/\/physiotherapy.ca\/fr\/avis-de-plainte\/","name":"Avis de plainte - Canadian Physiotherapy Association","isPartOf":{"@id":"https:\/\/physiotherapy.ca\/#website"},"datePublished":"2022-08-08T22:47:05+00:00","dateModified":"2022-08-08T22:47:07+00:00","breadcrumb":{"@id":"https:\/\/physiotherapy.ca\/fr\/avis-de-plainte\/#breadcrumb"},"inLanguage":"fr-FR","potentialAction":[{"@type":"ReadAction","target":["https:\/\/physiotherapy.ca\/fr\/avis-de-plainte\/"]}]},{"@type":"BreadcrumbList","@id":"https:\/\/physiotherapy.ca\/fr\/avis-de-plainte\/#breadcrumb","itemListElement":[{"@type":"ListItem","position":1,"name":"Home","item":"https:\/\/physiotherapy.ca\/fr\/"},{"@type":"ListItem","position":2,"name":"Avis de plainte"}]},{"@type":"WebSite","@id":"https:\/\/physiotherapy.ca\/#website","url":"https:\/\/physiotherapy.ca\/","name":"Canadian Physiotherapy Association","description":"The Canadian Physiotherapy Association (CPA) represents over 16,000 physiotherapy professionals and students across Canada.","potentialAction":[{"@type":"SearchAction","target":{"@type":"EntryPoint","urlTemplate":"https:\/\/physiotherapy.ca\/?s={search_term_string}"},"query-input":{"@type":"PropertyValueSpecification","valueRequired":true,"valueName":"search_term_string"}}],"inLanguage":"fr-FR"}]}},"_links":{"self":[{"href":"https:\/\/physiotherapy.ca\/fr\/wp-json\/wp\/v2\/pages\/6744","targetHints":{"allow":["GET"]}}],"collection":[{"href":"https:\/\/physiotherapy.ca\/fr\/wp-json\/wp\/v2\/pages"}],"about":[{"href":"https:\/\/physiotherapy.ca\/fr\/wp-json\/wp\/v2\/types\/page"}],"author":[{"embeddable":true,"href":"https:\/\/physiotherapy.ca\/fr\/wp-json\/wp\/v2\/users\/1"}],"replies":[{"embeddable":true,"href":"https:\/\/physiotherapy.ca\/fr\/wp-json\/wp\/v2\/comments?post=6744"}],"version-history":[{"count":5,"href":"https:\/\/physiotherapy.ca\/fr\/wp-json\/wp\/v2\/pages\/6744\/revisions"}],"predecessor-version":[{"id":6749,"href":"https:\/\/physiotherapy.ca\/fr\/wp-json\/wp\/v2\/pages\/6744\/revisions\/6749"}],"wp:attachment":[{"href":"https:\/\/physiotherapy.ca\/fr\/wp-json\/wp\/v2\/media?parent=6744"}],"wp:term":[{"taxonomy":"topic","embeddable":true,"href":"https:\/\/physiotherapy.ca\/fr\/wp-json\/wp\/v2\/topic?post=6744"}],"curies":[{"name":"wp","href":"https:\/\/api.w.org\/{rel}","templated":true}]}}